{"id":808317,"date":"2022-08-23T14:32:56","date_gmt":"2022-08-23T12:32:56","guid":{"rendered":"https:\/\/hubsch-interior.com\/product\/product\/"},"modified":"2026-04-05T04:38:07","modified_gmt":"2026-04-05T02:38:07","slug":"flora-aqua-globe-rosa-grun","status":"publish","type":"product","link":"https:\/\/hubsch-interior.com\/de\/produkt\/flora-aqua-globe-rosa-grun\/","title":{"rendered":"Flora Aqua Globe Rosa\/Gr\u00fcn"},"content":{"rendered":"<p>Wenn Sie gr\u00fcne Zimmerpflanzen genauso lieben wie wir, werden Sie auch diese fantastische mundgeblasene Bew\u00e4sserungskugel lieben! Wir sind \u00fcberzeugt, dass man alles und jedes mit Accessoires versehen kann: Ihre Pflanzen sind da keine Ausnahme. Die wundersch\u00f6ne automatische Bew\u00e4sserungskugel aus rosafarbenem und gr\u00fcnem Glas dient nicht nur als dekorativer Blickfang zwischen Ihren Blumen, sondern hegt und pflegt auch Ihre Pflanzen, wenn Sie nicht da sind \u2013 und rettet einigen Pflanzen so vielleicht das Leben. <\/p>\n","protected":false},"excerpt":{"rendered":"<p>Wenn Sie gr\u00fcne Zimmerpflanzen genauso lieben wie wir, werden Sie auch diese fantastische mundgeblasene Bew\u00e4sserungskugel lieben! Wir sind \u00fcberzeugt, dass man alles und jedes mit Accessoires versehen kann: Ihre Pflanzen sind da keine Ausnahme. Die wundersch\u00f6ne automatische Bew\u00e4sserungskugel aus rosafarbenem und gr\u00fcnem Glas dient nicht nur als dekorativer Blickfang zwischen Ihren Blumen, sondern hegt und [&hellip;]<\/p>\n","protected":false},"featured_media":1099112,"template":"","meta":{"_acf_changed":false,"inline_featured_image":false},"product_brand":[],"product_cat":[6380,6944,5027,5017,4916],"product_tag":[],"class_list":{"0":"post-808317","1":"product","2":"type-product","3":"status-publish","4":"has-post-thumbnail","6":"product_cat-always-a-twist-de","7":"product_cat-bestseller-2025-de","8":"product_cat-bestsellers-de","9":"product_cat-giesskannen-de","10":"product_cat-toepfe-giesskannen-de","11":"product_shipping_class-pk","13":"pa_color-grn-2","14":"pa_color-rosa-de","15":"pa_material-glas-de","17":"first","18":"outofstock","19":"featured","20":"taxable","21":"shipping-taxable","22":"purchasable","23":"product-type-simple"},"exclude_global_add_ons":[],"addons":[],"acf":[],"yoast_head":"<!-- This site is optimized with the Yoast SEO plugin v26.4 - https:\/\/yoast.com\/wordpress\/plugins\/seo\/ -->\n<title>Flora Aqua Globe Rosa\/Gr\u00fcn - H\u00fcbsch<\/title>\n<meta name=\"description\" content=\"Wenn Sie gr\u00fcne Zimmerpflanzen genauso lieben wie wir, werden Sie auch diese fantastische mundgeblasene Bew\u00e4sserungskugel lieben! Wir sind \u00fcberzeugt, dass\" \/>\n<meta name=\"robots\" content=\"index, follow, max-snippet:-1, max-image-preview:large, max-video-preview:-1\" \/>\n<link rel=\"canonical\" href=\"https:\/\/hubsch-interior.com\/de\/wp-json\/wp\/v2\/product\/808317\" \/>\n<meta property=\"og:locale\" content=\"de_DE\" \/>\n<meta property=\"og:type\" content=\"article\" \/>\n<meta property=\"og:title\" content=\"Flora Aqua Globe Rosa\/Gr\u00fcn - H\u00fcbsch\" \/>\n<meta property=\"og:description\" content=\"Wenn Sie gr\u00fcne Zimmerpflanzen genauso lieben wie wir, werden Sie auch diese fantastische mundgeblasene Bew\u00e4sserungskugel lieben! Wir sind \u00fcberzeugt, dass\" \/>\n<meta property=\"og:url\" content=\"https:\/\/hubsch-interior.com\/de\/produkt\/flora-aqua-globe-rosa-grun\/\" \/>\n<meta property=\"og:site_name\" content=\"H\u00fcbsch\" \/>\n<meta property=\"article:modified_time\" content=\"2026-04-05T02:38:07+00:00\" \/>\n<meta property=\"og:image\" content=\"https:\/\/hubsch-interior.com\/wp-content\/uploads\/2025\/05\/flora-aqua-globe-pinkgreen-54046ee39a8b4e9dbc4c0399af677266.jpg\" \/>\n\t<meta property=\"og:image:width\" content=\"1200\" \/>\n\t<meta property=\"og:image:height\" content=\"1200\" \/>\n\t<meta property=\"og:image:type\" content=\"image\/jpeg\" \/>\n<meta name=\"twitter:card\" content=\"summary_large_image\" \/>\n<script type=\"application\/ld+json\" class=\"yoast-schema-graph\">{\"@context\":\"https:\/\/schema.org\",\"@graph\":[{\"@type\":\"WebPage\",\"@id\":\"https:\/\/hubsch-interior.com\/de\/produkt\/flora-aqua-globe-rosa-grun\/\",\"url\":\"https:\/\/hubsch-interior.com\/de\/produkt\/flora-aqua-globe-rosa-grun\/\",\"name\":\"Flora Aqua Globe Rosa\/Gr\u00fcn - H\u00fcbsch\",\"isPartOf\":{\"@id\":\"https:\/\/hubsch-interior.com\/de\/#website\"},\"primaryImageOfPage\":{\"@id\":\"https:\/\/hubsch-interior.com\/de\/produkt\/flora-aqua-globe-rosa-grun\/#primaryimage\"},\"image\":{\"@id\":\"https:\/\/hubsch-interior.com\/de\/produkt\/flora-aqua-globe-rosa-grun\/#primaryimage\"},\"thumbnailUrl\":\"https:\/\/hubsch-interior.com\/wp-content\/uploads\/2026\/02\/flora-aqua-globe-pinkgreen-ad01871085ef4b7d7997300299f62bda.jpg\",\"datePublished\":\"2022-08-23T12:32:56+00:00\",\"dateModified\":\"2026-04-05T02:38:07+00:00\",\"description\":\"Wenn Sie gr\u00fcne Zimmerpflanzen genauso lieben wie wir, werden Sie auch diese fantastische mundgeblasene Bew\u00e4sserungskugel lieben! Wir sind \u00fcberzeugt, dass\",\"breadcrumb\":{\"@id\":\"https:\/\/hubsch-interior.com\/de\/produkt\/flora-aqua-globe-rosa-grun\/#breadcrumb\"},\"inLanguage\":\"de\",\"potentialAction\":[{\"@type\":\"ReadAction\",\"target\":[\"https:\/\/hubsch-interior.com\/de\/produkt\/flora-aqua-globe-rosa-grun\/\"]}]},{\"@type\":\"ImageObject\",\"inLanguage\":\"de\",\"@id\":\"https:\/\/hubsch-interior.com\/de\/produkt\/flora-aqua-globe-rosa-grun\/#primaryimage\",\"url\":\"https:\/\/hubsch-interior.com\/wp-content\/uploads\/2026\/02\/flora-aqua-globe-pinkgreen-ad01871085ef4b7d7997300299f62bda.jpg\",\"contentUrl\":\"https:\/\/hubsch-interior.com\/wp-content\/uploads\/2026\/02\/flora-aqua-globe-pinkgreen-ad01871085ef4b7d7997300299f62bda.jpg\",\"width\":1024,\"height\":1024},{\"@type\":\"BreadcrumbList\",\"@id\":\"https:\/\/hubsch-interior.com\/de\/produkt\/flora-aqua-globe-rosa-grun\/#breadcrumb\",\"itemListElement\":[{\"@type\":\"ListItem\",\"position\":1,\"name\":\"Startseite\",\"item\":\"https:\/\/hubsch-interior.com\/de\/\"},{\"@type\":\"ListItem\",\"position\":2,\"name\":\"Produkte\",\"item\":\"https:\/\/hubsch-interior.com\/de\/shop-2\/\"},{\"@type\":\"ListItem\",\"position\":3,\"name\":\"Wohnaccessoires\",\"item\":\"https:\/\/hubsch-interior.com\/de\/produkt-kategorie\/wohnaccessoires\/\"},{\"@type\":\"ListItem\",\"position\":4,\"name\":\"T&ouml;pfe &amp; Gie&szlig;kannen\",\"item\":\"https:\/\/hubsch-interior.com\/de\/produkt-kategorie\/wohnaccessoires\/toepfe-giesskannen-de\/\"},{\"@type\":\"ListItem\",\"position\":5,\"name\":\"Gie&szlig;kannen\",\"item\":\"https:\/\/hubsch-interior.com\/de\/produkt-kategorie\/wohnaccessoires\/toepfe-giesskannen-de\/giesskannen-de\/\"},{\"@type\":\"ListItem\",\"position\":6,\"name\":\"Flora Aqua Globe Rosa\/Gr\u00fcn\"}]},{\"@type\":\"WebSite\",\"@id\":\"https:\/\/hubsch-interior.com\/de\/#website\",\"url\":\"https:\/\/hubsch-interior.com\/de\/\",\"name\":\"H\u00fcbsch\",\"description\":\"Danish Home Interior and Design\",\"publisher\":{\"@id\":\"https:\/\/hubsch-interior.com\/de\/#organization\"},\"potentialAction\":[{\"@type\":\"SearchAction\",\"target\":{\"@type\":\"EntryPoint\",\"urlTemplate\":\"https:\/\/hubsch-interior.com\/de\/?s={search_term_string}\"},\"query-input\":{\"@type\":\"PropertyValueSpecification\",\"valueRequired\":true,\"valueName\":\"search_term_string\"}}],\"inLanguage\":\"de\"},{\"@type\":\"Organization\",\"@id\":\"https:\/\/hubsch-interior.com\/de\/#organization\",\"name\":\"H\u00fcbsch\",\"url\":\"https:\/\/hubsch-interior.com\/de\/\",\"logo\":{\"@type\":\"ImageObject\",\"inLanguage\":\"de\",\"@id\":\"https:\/\/hubsch-interior.com\/de\/#\/schema\/logo\/image\/\",\"url\":\"https:\/\/hubsch-interior.com\/wp-content\/uploads\/2022\/12\/Hubsch_logo_black_one_line.svg\",\"contentUrl\":\"https:\/\/hubsch-interior.com\/wp-content\/uploads\/2022\/12\/Hubsch_logo_black_one_line.svg\",\"caption\":\"H\u00fcbsch\"},\"image\":{\"@id\":\"https:\/\/hubsch-interior.com\/de\/#\/schema\/logo\/image\/\"}}]}<\/script>\n<!-- \/ Yoast SEO plugin. -->","yoast_head_json":{"title":"Flora Aqua Globe Rosa\/Gr\u00fcn - H\u00fcbsch","description":"Wenn Sie gr\u00fcne Zimmerpflanzen genauso lieben wie wir, werden Sie auch diese fantastische mundgeblasene Bew\u00e4sserungskugel lieben! Wir sind \u00fcberzeugt, dass","robots":{"index":"index","follow":"follow","max-snippet":"max-snippet:-1","max-image-preview":"max-image-preview:large","max-video-preview":"max-video-preview:-1"},"canonical":"https:\/\/hubsch-interior.com\/de\/wp-json\/wp\/v2\/product\/808317","og_locale":"de_DE","og_type":"article","og_title":"Flora Aqua Globe Rosa\/Gr\u00fcn - H\u00fcbsch","og_description":"Wenn Sie gr\u00fcne Zimmerpflanzen genauso lieben wie wir, werden Sie auch diese fantastische mundgeblasene Bew\u00e4sserungskugel lieben! Wir sind \u00fcberzeugt, dass","og_url":"https:\/\/hubsch-interior.com\/de\/produkt\/flora-aqua-globe-rosa-grun\/","og_site_name":"H\u00fcbsch","article_modified_time":"2026-04-05T02:38:07+00:00","og_image":[{"width":1200,"height":1200,"url":"https:\/\/hubsch-interior.com\/wp-content\/uploads\/2025\/05\/flora-aqua-globe-pinkgreen-54046ee39a8b4e9dbc4c0399af677266.jpg","type":"image\/jpeg"}],"twitter_card":"summary_large_image","schema":{"@context":"https:\/\/schema.org","@graph":[{"@type":"WebPage","@id":"https:\/\/hubsch-interior.com\/de\/produkt\/flora-aqua-globe-rosa-grun\/","url":"https:\/\/hubsch-interior.com\/de\/produkt\/flora-aqua-globe-rosa-grun\/","name":"Flora Aqua Globe Rosa\/Gr\u00fcn - H\u00fcbsch","isPartOf":{"@id":"https:\/\/hubsch-interior.com\/de\/#website"},"primaryImageOfPage":{"@id":"https:\/\/hubsch-interior.com\/de\/produkt\/flora-aqua-globe-rosa-grun\/#primaryimage"},"image":{"@id":"https:\/\/hubsch-interior.com\/de\/produkt\/flora-aqua-globe-rosa-grun\/#primaryimage"},"thumbnailUrl":"https:\/\/hubsch-interior.com\/wp-content\/uploads\/2026\/02\/flora-aqua-globe-pinkgreen-ad01871085ef4b7d7997300299f62bda.jpg","datePublished":"2022-08-23T12:32:56+00:00","dateModified":"2026-04-05T02:38:07+00:00","description":"Wenn Sie gr\u00fcne Zimmerpflanzen genauso lieben wie wir, werden Sie auch diese fantastische mundgeblasene Bew\u00e4sserungskugel lieben! Wir sind \u00fcberzeugt, dass","breadcrumb":{"@id":"https:\/\/hubsch-interior.com\/de\/produkt\/flora-aqua-globe-rosa-grun\/#breadcrumb"},"inLanguage":"de","potentialAction":[{"@type":"ReadAction","target":["https:\/\/hubsch-interior.com\/de\/produkt\/flora-aqua-globe-rosa-grun\/"]}]},{"@type":"ImageObject","inLanguage":"de","@id":"https:\/\/hubsch-interior.com\/de\/produkt\/flora-aqua-globe-rosa-grun\/#primaryimage","url":"https:\/\/hubsch-interior.com\/wp-content\/uploads\/2026\/02\/flora-aqua-globe-pinkgreen-ad01871085ef4b7d7997300299f62bda.jpg","contentUrl":"https:\/\/hubsch-interior.com\/wp-content\/uploads\/2026\/02\/flora-aqua-globe-pinkgreen-ad01871085ef4b7d7997300299f62bda.jpg","width":1024,"height":1024},{"@type":"BreadcrumbList","@id":"https:\/\/hubsch-interior.com\/de\/produkt\/flora-aqua-globe-rosa-grun\/#breadcrumb","itemListElement":[{"@type":"ListItem","position":1,"name":"Startseite","item":"https:\/\/hubsch-interior.com\/de\/"},{"@type":"ListItem","position":2,"name":"Produkte","item":"https:\/\/hubsch-interior.com\/de\/shop-2\/"},{"@type":"ListItem","position":3,"name":"Wohnaccessoires","item":"https:\/\/hubsch-interior.com\/de\/produkt-kategorie\/wohnaccessoires\/"},{"@type":"ListItem","position":4,"name":"T&ouml;pfe &amp; Gie&szlig;kannen","item":"https:\/\/hubsch-interior.com\/de\/produkt-kategorie\/wohnaccessoires\/toepfe-giesskannen-de\/"},{"@type":"ListItem","position":5,"name":"Gie&szlig;kannen","item":"https:\/\/hubsch-interior.com\/de\/produkt-kategorie\/wohnaccessoires\/toepfe-giesskannen-de\/giesskannen-de\/"},{"@type":"ListItem","position":6,"name":"Flora Aqua Globe Rosa\/Gr\u00fcn"}]},{"@type":"WebSite","@id":"https:\/\/hubsch-interior.com\/de\/#website","url":"https:\/\/hubsch-interior.com\/de\/","name":"H\u00fcbsch","description":"Danish Home Interior and Design","publisher":{"@id":"https:\/\/hubsch-interior.com\/de\/#organization"},"potentialAction":[{"@type":"SearchAction","target":{"@type":"EntryPoint","urlTemplate":"https:\/\/hubsch-interior.com\/de\/?s={search_term_string}"},"query-input":{"@type":"PropertyValueSpecification","valueRequired":true,"valueName":"search_term_string"}}],"inLanguage":"de"},{"@type":"Organization","@id":"https:\/\/hubsch-interior.com\/de\/#organization","name":"H\u00fcbsch","url":"https:\/\/hubsch-interior.com\/de\/","logo":{"@type":"ImageObject","inLanguage":"de","@id":"https:\/\/hubsch-interior.com\/de\/#\/schema\/logo\/image\/","url":"https:\/\/hubsch-interior.com\/wp-content\/uploads\/2022\/12\/Hubsch_logo_black_one_line.svg","contentUrl":"https:\/\/hubsch-interior.com\/wp-content\/uploads\/2022\/12\/Hubsch_logo_black_one_line.svg","caption":"H\u00fcbsch"},"image":{"@id":"https:\/\/hubsch-interior.com\/de\/#\/schema\/logo\/image\/"}}]}},"_links":{"self":[{"href":"https:\/\/hubsch-interior.com\/de\/wp-json\/wp\/v2\/product\/808317","targetHints":{"allow":["GET"]}}],"collection":[{"href":"https:\/\/hubsch-interior.com\/de\/wp-json\/wp\/v2\/product"}],"about":[{"href":"https:\/\/hubsch-interior.com\/de\/wp-json\/wp\/v2\/types\/product"}],"wp:featuredmedia":[{"embeddable":true,"href":"https:\/\/hubsch-interior.com\/de\/wp-json\/wp\/v2\/media\/1099112"}],"wp:attachment":[{"href":"https:\/\/hubsch-interior.com\/de\/wp-json\/wp\/v2\/media?parent=808317"}],"wp:term":[{"taxonomy":"product_brand","embeddable":true,"href":"https:\/\/hubsch-interior.com\/de\/wp-json\/wp\/v2\/product_brand?post=808317"},{"taxonomy":"product_cat","embeddable":true,"href":"https:\/\/hubsch-interior.com\/de\/wp-json\/wp\/v2\/product_cat?post=808317"},{"taxonomy":"product_tag","embeddable":true,"href":"https:\/\/hubsch-interior.com\/de\/wp-json\/wp\/v2\/product_tag?post=808317"}],"curies":[{"name":"wp","href":"https:\/\/api.w.org\/{rel}","templated":true}]}}