{"id":808521,"date":"2022-08-23T14:36:30","date_gmt":"2022-08-23T12:36:30","guid":{"rendered":"https:\/\/hubsch-interior.com\/product\/product\/"},"modified":"2026-04-14T04:51:12","modified_gmt":"2026-04-14T02:51:12","slug":"collect-regal-naturfarben","status":"publish","type":"product","link":"https:\/\/hubsch-interior.com\/de\/produkt\/collect-regal-naturfarben\/","title":{"rendered":"Collect Regal Naturfarben"},"content":{"rendered":"<p>Brauchen Sie ein Regal, um Ihre Kaffeetassen zu pr\u00e4sentieren und Ihr Barista-Zubeh\u00f6r stilvoll aufzubewahren? Dann ist das Collect Shelf aus Holz genau das Richtige f\u00fcr Sie. Dieses Regal aus FSC\u00ae-zertifiziertem Holz bringt nicht nur W\u00e4rme in Ihre K\u00fcche, sondern auch Funktion und Stil. Wenn Sie gerne Tee trinken, k\u00f6nnen Sie auch all Ihre besonderen Teemischungen wunderbar auf dem Regal in Szene setzen. Na los \u2013 setzen Sie den Kessel auf.<\/p>\n","protected":false},"excerpt":{"rendered":"<p>Brauchen Sie ein Regal, um Ihre Kaffeetassen zu pr\u00e4sentieren und Ihr Barista-Zubeh\u00f6r stilvoll aufzubewahren? Dann ist das Collect Shelf aus Holz genau das Richtige f\u00fcr Sie. Dieses Regal aus FSC\u00ae-zertifiziertem Holz bringt nicht nur W\u00e4rme in Ihre K\u00fcche, sondern auch Funktion und Stil. Wenn Sie gerne Tee trinken, k\u00f6nnen Sie auch all Ihre besonderen Teemischungen [&hellip;]<\/p>\n","protected":false},"featured_media":1103117,"template":"","meta":{"_acf_changed":false,"inline_featured_image":false},"product_brand":[],"product_cat":[6944,7073,7074,6380,6323,4003,4024,5027],"product_tag":[],"class_list":{"0":"post-808521","1":"product","2":"type-product","3":"status-publish","4":"has-post-thumbnail","6":"product_cat-bestseller-2025-de","7":"product_cat-haken-regale-de","8":"product_cat-kuchen-regale-de","9":"product_cat-always-a-twist-de","10":"product_cat-fsc-de","11":"product_cat-regale-aufbewahrung-de","12":"product_cat-ablagen-de","13":"product_cat-bestsellers-de","14":"product_shipping_class-pk","16":"pa_color-naturfarben-2","17":"pa_material-mdf-de","18":"pa_material-eichenfurnier","20":"first","21":"instock","22":"featured","23":"taxable","24":"shipping-taxable","25":"purchasable","26":"product-type-simple"},"exclude_global_add_ons":[],"addons":[],"acf":[],"yoast_head":"<!-- This site is optimized with the Yoast SEO plugin v26.4 - https:\/\/yoast.com\/wordpress\/plugins\/seo\/ -->\n<title>Collect Regal Naturfarben - H\u00fcbsch<\/title>\n<meta name=\"description\" content=\"Brauchen Sie ein Regal, um Ihre Kaffeetassen zu pr\u00e4sentieren und Ihr Barista-Zubeh\u00f6r stilvoll aufzubewahren? Dann ist das Collect Shelf aus Holz genau das\" \/>\n<meta name=\"robots\" content=\"index, follow, max-snippet:-1, max-image-preview:large, max-video-preview:-1\" \/>\n<link rel=\"canonical\" href=\"https:\/\/hubsch-interior.com\/de\/wp-json\/wp\/v2\/product\/808521\" \/>\n<meta property=\"og:locale\" content=\"de_DE\" \/>\n<meta property=\"og:type\" content=\"article\" \/>\n<meta property=\"og:title\" content=\"Collect Regal Naturfarben - H\u00fcbsch\" \/>\n<meta property=\"og:description\" content=\"Brauchen Sie ein Regal, um Ihre Kaffeetassen zu pr\u00e4sentieren und Ihr Barista-Zubeh\u00f6r stilvoll aufzubewahren? Dann ist das Collect Shelf aus Holz genau das\" \/>\n<meta property=\"og:url\" content=\"https:\/\/hubsch-interior.com\/de\/produkt\/collect-regal-naturfarben\/\" \/>\n<meta property=\"og:site_name\" content=\"H\u00fcbsch\" \/>\n<meta property=\"article:modified_time\" content=\"2026-04-14T02:51:12+00:00\" \/>\n<meta property=\"og:image\" content=\"https:\/\/hubsch-interior.com\/wp-content\/uploads\/2023\/08\/collect-shelf-natural-c534c5b8053725cf32519752b35f1a44.jpg\" \/>\n\t<meta property=\"og:image:width\" content=\"1200\" \/>\n\t<meta property=\"og:image:height\" content=\"1200\" \/>\n\t<meta property=\"og:image:type\" content=\"image\/jpeg\" \/>\n<meta name=\"twitter:card\" content=\"summary_large_image\" \/>\n<script type=\"application\/ld+json\" class=\"yoast-schema-graph\">{\"@context\":\"https:\/\/schema.org\",\"@graph\":[{\"@type\":\"WebPage\",\"@id\":\"https:\/\/hubsch-interior.com\/de\/produkt\/collect-regal-naturfarben\/\",\"url\":\"https:\/\/hubsch-interior.com\/de\/produkt\/collect-regal-naturfarben\/\",\"name\":\"Collect Regal Naturfarben - H\u00fcbsch\",\"isPartOf\":{\"@id\":\"https:\/\/hubsch-interior.com\/de\/#website\"},\"primaryImageOfPage\":{\"@id\":\"https:\/\/hubsch-interior.com\/de\/produkt\/collect-regal-naturfarben\/#primaryimage\"},\"image\":{\"@id\":\"https:\/\/hubsch-interior.com\/de\/produkt\/collect-regal-naturfarben\/#primaryimage\"},\"thumbnailUrl\":\"https:\/\/hubsch-interior.com\/wp-content\/uploads\/2026\/02\/collect-shelf-natural-e70cf3158ccfabd83b56160e38e2dece.jpg\",\"datePublished\":\"2022-08-23T12:36:30+00:00\",\"dateModified\":\"2026-04-14T02:51:12+00:00\",\"description\":\"Brauchen Sie ein Regal, um Ihre Kaffeetassen zu pr\u00e4sentieren und Ihr Barista-Zubeh\u00f6r stilvoll aufzubewahren? Dann ist das Collect Shelf aus Holz genau das\",\"breadcrumb\":{\"@id\":\"https:\/\/hubsch-interior.com\/de\/produkt\/collect-regal-naturfarben\/#breadcrumb\"},\"inLanguage\":\"de\",\"potentialAction\":[{\"@type\":\"ReadAction\",\"target\":[\"https:\/\/hubsch-interior.com\/de\/produkt\/collect-regal-naturfarben\/\"]}]},{\"@type\":\"ImageObject\",\"inLanguage\":\"de\",\"@id\":\"https:\/\/hubsch-interior.com\/de\/produkt\/collect-regal-naturfarben\/#primaryimage\",\"url\":\"https:\/\/hubsch-interior.com\/wp-content\/uploads\/2026\/02\/collect-shelf-natural-e70cf3158ccfabd83b56160e38e2dece.jpg\",\"contentUrl\":\"https:\/\/hubsch-interior.com\/wp-content\/uploads\/2026\/02\/collect-shelf-natural-e70cf3158ccfabd83b56160e38e2dece.jpg\",\"width\":1024,\"height\":1024},{\"@type\":\"BreadcrumbList\",\"@id\":\"https:\/\/hubsch-interior.com\/de\/produkt\/collect-regal-naturfarben\/#breadcrumb\",\"itemListElement\":[{\"@type\":\"ListItem\",\"position\":1,\"name\":\"Startseite\",\"item\":\"https:\/\/hubsch-interior.com\/de\/\"},{\"@type\":\"ListItem\",\"position\":2,\"name\":\"Produkte\",\"item\":\"https:\/\/hubsch-interior.com\/de\/shop-2\/\"},{\"@type\":\"ListItem\",\"position\":3,\"name\":\"M\u00f6bel\",\"item\":\"https:\/\/hubsch-interior.com\/de\/produkt-kategorie\/moebel\/\"},{\"@type\":\"ListItem\",\"position\":4,\"name\":\"Regale &amp; Aufbewahrung\",\"item\":\"https:\/\/hubsch-interior.com\/de\/produkt-kategorie\/moebel\/regale-aufbewahrung-de\/\"},{\"@type\":\"ListItem\",\"position\":5,\"name\":\"Ablagen\",\"item\":\"https:\/\/hubsch-interior.com\/de\/produkt-kategorie\/moebel\/regale-aufbewahrung-de\/ablagen-de\/\"},{\"@type\":\"ListItem\",\"position\":6,\"name\":\"Collect Regal Naturfarben\"}]},{\"@type\":\"WebSite\",\"@id\":\"https:\/\/hubsch-interior.com\/de\/#website\",\"url\":\"https:\/\/hubsch-interior.com\/de\/\",\"name\":\"H\u00fcbsch\",\"description\":\"Danish Home Interior and Design\",\"publisher\":{\"@id\":\"https:\/\/hubsch-interior.com\/de\/#organization\"},\"potentialAction\":[{\"@type\":\"SearchAction\",\"target\":{\"@type\":\"EntryPoint\",\"urlTemplate\":\"https:\/\/hubsch-interior.com\/de\/?s={search_term_string}\"},\"query-input\":{\"@type\":\"PropertyValueSpecification\",\"valueRequired\":true,\"valueName\":\"search_term_string\"}}],\"inLanguage\":\"de\"},{\"@type\":\"Organization\",\"@id\":\"https:\/\/hubsch-interior.com\/de\/#organization\",\"name\":\"H\u00fcbsch\",\"url\":\"https:\/\/hubsch-interior.com\/de\/\",\"logo\":{\"@type\":\"ImageObject\",\"inLanguage\":\"de\",\"@id\":\"https:\/\/hubsch-interior.com\/de\/#\/schema\/logo\/image\/\",\"url\":\"https:\/\/hubsch-interior.com\/wp-content\/uploads\/2022\/12\/Hubsch_logo_black_one_line.svg\",\"contentUrl\":\"https:\/\/hubsch-interior.com\/wp-content\/uploads\/2022\/12\/Hubsch_logo_black_one_line.svg\",\"caption\":\"H\u00fcbsch\"},\"image\":{\"@id\":\"https:\/\/hubsch-interior.com\/de\/#\/schema\/logo\/image\/\"}}]}<\/script>\n<!-- \/ Yoast SEO plugin. -->","yoast_head_json":{"title":"Collect Regal Naturfarben - H\u00fcbsch","description":"Brauchen Sie ein Regal, um Ihre Kaffeetassen zu pr\u00e4sentieren und Ihr Barista-Zubeh\u00f6r stilvoll aufzubewahren? Dann ist das Collect Shelf aus Holz genau das","robots":{"index":"index","follow":"follow","max-snippet":"max-snippet:-1","max-image-preview":"max-image-preview:large","max-video-preview":"max-video-preview:-1"},"canonical":"https:\/\/hubsch-interior.com\/de\/wp-json\/wp\/v2\/product\/808521","og_locale":"de_DE","og_type":"article","og_title":"Collect Regal Naturfarben - H\u00fcbsch","og_description":"Brauchen Sie ein Regal, um Ihre Kaffeetassen zu pr\u00e4sentieren und Ihr Barista-Zubeh\u00f6r stilvoll aufzubewahren? Dann ist das Collect Shelf aus Holz genau das","og_url":"https:\/\/hubsch-interior.com\/de\/produkt\/collect-regal-naturfarben\/","og_site_name":"H\u00fcbsch","article_modified_time":"2026-04-14T02:51:12+00:00","og_image":[{"width":1200,"height":1200,"url":"https:\/\/hubsch-interior.com\/wp-content\/uploads\/2023\/08\/collect-shelf-natural-c534c5b8053725cf32519752b35f1a44.jpg","type":"image\/jpeg"}],"twitter_card":"summary_large_image","schema":{"@context":"https:\/\/schema.org","@graph":[{"@type":"WebPage","@id":"https:\/\/hubsch-interior.com\/de\/produkt\/collect-regal-naturfarben\/","url":"https:\/\/hubsch-interior.com\/de\/produkt\/collect-regal-naturfarben\/","name":"Collect Regal Naturfarben - H\u00fcbsch","isPartOf":{"@id":"https:\/\/hubsch-interior.com\/de\/#website"},"primaryImageOfPage":{"@id":"https:\/\/hubsch-interior.com\/de\/produkt\/collect-regal-naturfarben\/#primaryimage"},"image":{"@id":"https:\/\/hubsch-interior.com\/de\/produkt\/collect-regal-naturfarben\/#primaryimage"},"thumbnailUrl":"https:\/\/hubsch-interior.com\/wp-content\/uploads\/2026\/02\/collect-shelf-natural-e70cf3158ccfabd83b56160e38e2dece.jpg","datePublished":"2022-08-23T12:36:30+00:00","dateModified":"2026-04-14T02:51:12+00:00","description":"Brauchen Sie ein Regal, um Ihre Kaffeetassen zu pr\u00e4sentieren und Ihr Barista-Zubeh\u00f6r stilvoll aufzubewahren? Dann ist das Collect Shelf aus Holz genau das","breadcrumb":{"@id":"https:\/\/hubsch-interior.com\/de\/produkt\/collect-regal-naturfarben\/#breadcrumb"},"inLanguage":"de","potentialAction":[{"@type":"ReadAction","target":["https:\/\/hubsch-interior.com\/de\/produkt\/collect-regal-naturfarben\/"]}]},{"@type":"ImageObject","inLanguage":"de","@id":"https:\/\/hubsch-interior.com\/de\/produkt\/collect-regal-naturfarben\/#primaryimage","url":"https:\/\/hubsch-interior.com\/wp-content\/uploads\/2026\/02\/collect-shelf-natural-e70cf3158ccfabd83b56160e38e2dece.jpg","contentUrl":"https:\/\/hubsch-interior.com\/wp-content\/uploads\/2026\/02\/collect-shelf-natural-e70cf3158ccfabd83b56160e38e2dece.jpg","width":1024,"height":1024},{"@type":"BreadcrumbList","@id":"https:\/\/hubsch-interior.com\/de\/produkt\/collect-regal-naturfarben\/#breadcrumb","itemListElement":[{"@type":"ListItem","position":1,"name":"Startseite","item":"https:\/\/hubsch-interior.com\/de\/"},{"@type":"ListItem","position":2,"name":"Produkte","item":"https:\/\/hubsch-interior.com\/de\/shop-2\/"},{"@type":"ListItem","position":3,"name":"M\u00f6bel","item":"https:\/\/hubsch-interior.com\/de\/produkt-kategorie\/moebel\/"},{"@type":"ListItem","position":4,"name":"Regale &amp; Aufbewahrung","item":"https:\/\/hubsch-interior.com\/de\/produkt-kategorie\/moebel\/regale-aufbewahrung-de\/"},{"@type":"ListItem","position":5,"name":"Ablagen","item":"https:\/\/hubsch-interior.com\/de\/produkt-kategorie\/moebel\/regale-aufbewahrung-de\/ablagen-de\/"},{"@type":"ListItem","position":6,"name":"Collect Regal Naturfarben"}]},{"@type":"WebSite","@id":"https:\/\/hubsch-interior.com\/de\/#website","url":"https:\/\/hubsch-interior.com\/de\/","name":"H\u00fcbsch","description":"Danish Home Interior and Design","publisher":{"@id":"https:\/\/hubsch-interior.com\/de\/#organization"},"potentialAction":[{"@type":"SearchAction","target":{"@type":"EntryPoint","urlTemplate":"https:\/\/hubsch-interior.com\/de\/?s={search_term_string}"},"query-input":{"@type":"PropertyValueSpecification","valueRequired":true,"valueName":"search_term_string"}}],"inLanguage":"de"},{"@type":"Organization","@id":"https:\/\/hubsch-interior.com\/de\/#organization","name":"H\u00fcbsch","url":"https:\/\/hubsch-interior.com\/de\/","logo":{"@type":"ImageObject","inLanguage":"de","@id":"https:\/\/hubsch-interior.com\/de\/#\/schema\/logo\/image\/","url":"https:\/\/hubsch-interior.com\/wp-content\/uploads\/2022\/12\/Hubsch_logo_black_one_line.svg","contentUrl":"https:\/\/hubsch-interior.com\/wp-content\/uploads\/2022\/12\/Hubsch_logo_black_one_line.svg","caption":"H\u00fcbsch"},"image":{"@id":"https:\/\/hubsch-interior.com\/de\/#\/schema\/logo\/image\/"}}]}},"_links":{"self":[{"href":"https:\/\/hubsch-interior.com\/de\/wp-json\/wp\/v2\/product\/808521","targetHints":{"allow":["GET"]}}],"collection":[{"href":"https:\/\/hubsch-interior.com\/de\/wp-json\/wp\/v2\/product"}],"about":[{"href":"https:\/\/hubsch-interior.com\/de\/wp-json\/wp\/v2\/types\/product"}],"wp:featuredmedia":[{"embeddable":true,"href":"https:\/\/hubsch-interior.com\/de\/wp-json\/wp\/v2\/media\/1103117"}],"wp:attachment":[{"href":"https:\/\/hubsch-interior.com\/de\/wp-json\/wp\/v2\/media?parent=808521"}],"wp:term":[{"taxonomy":"product_brand","embeddable":true,"href":"https:\/\/hubsch-interior.com\/de\/wp-json\/wp\/v2\/product_brand?post=808521"},{"taxonomy":"product_cat","embeddable":true,"href":"https:\/\/hubsch-interior.com\/de\/wp-json\/wp\/v2\/product_cat?post=808521"},{"taxonomy":"product_tag","embeddable":true,"href":"https:\/\/hubsch-interior.com\/de\/wp-json\/wp\/v2\/product_tag?post=808521"}],"curies":[{"name":"wp","href":"https:\/\/api.w.org\/{rel}","templated":true}]}}