{"id":808665,"date":"2022-08-23T14:38:53","date_gmt":"2022-08-23T12:38:53","guid":{"rendered":"https:\/\/hubsch-interior.com\/product\/product\/"},"modified":"2026-04-05T04:53:46","modified_gmt":"2026-04-05T02:53:46","slug":"afour-tablett-naturfarben","status":"publish","type":"product","link":"https:\/\/hubsch-interior.com\/de\/produkt\/afour-tablett-naturfarben\/","title":{"rendered":"Afour Tablett Naturfarben"},"content":{"rendered":"<p>Auch der stilvollste Schreibtisch braucht Accessoires. Bringen Sie mit diesem Schreibtisch-Ablage aus Holz Ordnung in Ihr Chaos. Er ist der perfekte Helfer, um arbeitsbezogene Aufgaben im Home Office \u00fcber Nacht zu verstecken oder um wichtige Papiere aufzubewahren. Mit dem Afour Paper Tray aus FSC\u00ae-zertifiziertem Holz k\u00f6nnen Sie auch Ihren Kindern helfen, den \u00dcberblick \u00fcber Schulaufgaben oder die liebsten Erinnerungsst\u00fccke zu behalten. In jedem Fall ist eine Ablage f\u00fcr den Schreibtisch immer eine gute Idee. Gern geschehen.<\/p>\n","protected":false},"excerpt":{"rendered":"<p>Auch der stilvollste Schreibtisch braucht Accessoires. Bringen Sie mit diesem Schreibtisch-Ablage aus Holz Ordnung in Ihr Chaos. Er ist der perfekte Helfer, um arbeitsbezogene Aufgaben im Home Office \u00fcber Nacht zu verstecken oder um wichtige Papiere aufzubewahren. Mit dem Afour Paper Tray aus FSC\u00ae-zertifiziertem Holz k\u00f6nnen Sie auch Ihren Kindern helfen, den \u00dcberblick \u00fcber Schulaufgaben [&hellip;]<\/p>\n","protected":false},"featured_media":1103273,"template":"","meta":{"_acf_changed":false,"inline_featured_image":false},"product_brand":[],"product_cat":[6380,4155,4961,4156,5027],"product_tag":[],"class_list":{"0":"post-808665","1":"product","2":"type-product","3":"status-publish","4":"has-post-thumbnail","6":"product_cat-always-a-twist-de","7":"product_cat-buero-de","8":"product_cat-aufbewahrungsbox-de","9":"product_cat-bueroartikel-de","10":"product_cat-bestsellers-de","11":"product_shipping_class-pk","13":"pa_color-naturfarben-2","14":"pa_material-mdf-de","15":"pa_material-eichenfurnier","16":"pa_material-eichenholz","18":"first","19":"outofstock","20":"featured","21":"taxable","22":"shipping-taxable","23":"purchasable","24":"product-type-simple"},"exclude_global_add_ons":[],"addons":[],"acf":[],"yoast_head":"<!-- This site is optimized with the Yoast SEO plugin v26.4 - https:\/\/yoast.com\/wordpress\/plugins\/seo\/ -->\n<title>Afour Tablett Naturfarben - H\u00fcbsch<\/title>\n<meta name=\"description\" content=\"Auch der stilvollste Schreibtisch braucht Accessoires. Bringen Sie mit diesem Schreibtisch-Ablage aus Holz Ordnung in Ihr Chaos. Er ist der perfekte\" \/>\n<meta name=\"robots\" content=\"index, follow, max-snippet:-1, max-image-preview:large, max-video-preview:-1\" \/>\n<link rel=\"canonical\" href=\"https:\/\/hubsch-interior.com\/de\/wp-json\/wp\/v2\/product\/808665\" \/>\n<meta property=\"og:locale\" content=\"de_DE\" \/>\n<meta property=\"og:type\" content=\"article\" \/>\n<meta property=\"og:title\" content=\"Afour Tablett Naturfarben - H\u00fcbsch\" \/>\n<meta property=\"og:description\" content=\"Auch der stilvollste Schreibtisch braucht Accessoires. Bringen Sie mit diesem Schreibtisch-Ablage aus Holz Ordnung in Ihr Chaos. Er ist der perfekte\" \/>\n<meta property=\"og:url\" content=\"https:\/\/hubsch-interior.com\/de\/produkt\/afour-tablett-naturfarben\/\" \/>\n<meta property=\"og:site_name\" content=\"H\u00fcbsch\" \/>\n<meta property=\"article:modified_time\" content=\"2026-04-05T02:53:46+00:00\" \/>\n<meta property=\"og:image\" content=\"https:\/\/hubsch-interior.com\/wp-content\/uploads\/2023\/08\/afour-tray-natural-f1a44fa857d14381a66cd7f0af8a8376.jpg\" \/>\n\t<meta property=\"og:image:width\" content=\"1200\" \/>\n\t<meta property=\"og:image:height\" content=\"1200\" \/>\n\t<meta property=\"og:image:type\" content=\"image\/jpeg\" \/>\n<meta name=\"twitter:card\" content=\"summary_large_image\" \/>\n<script type=\"application\/ld+json\" class=\"yoast-schema-graph\">{\"@context\":\"https:\/\/schema.org\",\"@graph\":[{\"@type\":\"WebPage\",\"@id\":\"https:\/\/hubsch-interior.com\/de\/produkt\/afour-tablett-naturfarben\/\",\"url\":\"https:\/\/hubsch-interior.com\/de\/produkt\/afour-tablett-naturfarben\/\",\"name\":\"Afour Tablett Naturfarben - H\u00fcbsch\",\"isPartOf\":{\"@id\":\"https:\/\/hubsch-interior.com\/de\/#website\"},\"primaryImageOfPage\":{\"@id\":\"https:\/\/hubsch-interior.com\/de\/produkt\/afour-tablett-naturfarben\/#primaryimage\"},\"image\":{\"@id\":\"https:\/\/hubsch-interior.com\/de\/produkt\/afour-tablett-naturfarben\/#primaryimage\"},\"thumbnailUrl\":\"https:\/\/hubsch-interior.com\/wp-content\/uploads\/2026\/02\/afour-tray-natural-88eb0c5a8535105ab4470bf6307b7f68.jpg\",\"datePublished\":\"2022-08-23T12:38:53+00:00\",\"dateModified\":\"2026-04-05T02:53:46+00:00\",\"description\":\"Auch der stilvollste Schreibtisch braucht Accessoires. Bringen Sie mit diesem Schreibtisch-Ablage aus Holz Ordnung in Ihr Chaos. Er ist der perfekte\",\"breadcrumb\":{\"@id\":\"https:\/\/hubsch-interior.com\/de\/produkt\/afour-tablett-naturfarben\/#breadcrumb\"},\"inLanguage\":\"de\",\"potentialAction\":[{\"@type\":\"ReadAction\",\"target\":[\"https:\/\/hubsch-interior.com\/de\/produkt\/afour-tablett-naturfarben\/\"]}]},{\"@type\":\"ImageObject\",\"inLanguage\":\"de\",\"@id\":\"https:\/\/hubsch-interior.com\/de\/produkt\/afour-tablett-naturfarben\/#primaryimage\",\"url\":\"https:\/\/hubsch-interior.com\/wp-content\/uploads\/2026\/02\/afour-tray-natural-88eb0c5a8535105ab4470bf6307b7f68.jpg\",\"contentUrl\":\"https:\/\/hubsch-interior.com\/wp-content\/uploads\/2026\/02\/afour-tray-natural-88eb0c5a8535105ab4470bf6307b7f68.jpg\",\"width\":1024,\"height\":1024},{\"@type\":\"BreadcrumbList\",\"@id\":\"https:\/\/hubsch-interior.com\/de\/produkt\/afour-tablett-naturfarben\/#breadcrumb\",\"itemListElement\":[{\"@type\":\"ListItem\",\"position\":1,\"name\":\"Startseite\",\"item\":\"https:\/\/hubsch-interior.com\/de\/\"},{\"@type\":\"ListItem\",\"position\":2,\"name\":\"Produkte\",\"item\":\"https:\/\/hubsch-interior.com\/de\/shop-2\/\"},{\"@type\":\"ListItem\",\"position\":3,\"name\":\"Wohnaccessoires\",\"item\":\"https:\/\/hubsch-interior.com\/de\/produkt-kategorie\/wohnaccessoires\/\"},{\"@type\":\"ListItem\",\"position\":4,\"name\":\"B&uuml;ro\",\"item\":\"https:\/\/hubsch-interior.com\/de\/produkt-kategorie\/wohnaccessoires\/buero-de\/\"},{\"@type\":\"ListItem\",\"position\":5,\"name\":\"Aufbewahrungsbox\",\"item\":\"https:\/\/hubsch-interior.com\/de\/produkt-kategorie\/wohnaccessoires\/buero-de\/aufbewahrungsbox-de\/\"},{\"@type\":\"ListItem\",\"position\":6,\"name\":\"Afour Tablett Naturfarben\"}]},{\"@type\":\"WebSite\",\"@id\":\"https:\/\/hubsch-interior.com\/de\/#website\",\"url\":\"https:\/\/hubsch-interior.com\/de\/\",\"name\":\"H\u00fcbsch\",\"description\":\"Danish Home Interior and Design\",\"publisher\":{\"@id\":\"https:\/\/hubsch-interior.com\/de\/#organization\"},\"potentialAction\":[{\"@type\":\"SearchAction\",\"target\":{\"@type\":\"EntryPoint\",\"urlTemplate\":\"https:\/\/hubsch-interior.com\/de\/?s={search_term_string}\"},\"query-input\":{\"@type\":\"PropertyValueSpecification\",\"valueRequired\":true,\"valueName\":\"search_term_string\"}}],\"inLanguage\":\"de\"},{\"@type\":\"Organization\",\"@id\":\"https:\/\/hubsch-interior.com\/de\/#organization\",\"name\":\"H\u00fcbsch\",\"url\":\"https:\/\/hubsch-interior.com\/de\/\",\"logo\":{\"@type\":\"ImageObject\",\"inLanguage\":\"de\",\"@id\":\"https:\/\/hubsch-interior.com\/de\/#\/schema\/logo\/image\/\",\"url\":\"https:\/\/hubsch-interior.com\/wp-content\/uploads\/2022\/12\/Hubsch_logo_black_one_line.svg\",\"contentUrl\":\"https:\/\/hubsch-interior.com\/wp-content\/uploads\/2022\/12\/Hubsch_logo_black_one_line.svg\",\"caption\":\"H\u00fcbsch\"},\"image\":{\"@id\":\"https:\/\/hubsch-interior.com\/de\/#\/schema\/logo\/image\/\"}}]}<\/script>\n<!-- \/ Yoast SEO plugin. -->","yoast_head_json":{"title":"Afour Tablett Naturfarben - H\u00fcbsch","description":"Auch der stilvollste Schreibtisch braucht Accessoires. Bringen Sie mit diesem Schreibtisch-Ablage aus Holz Ordnung in Ihr Chaos. Er ist der perfekte","robots":{"index":"index","follow":"follow","max-snippet":"max-snippet:-1","max-image-preview":"max-image-preview:large","max-video-preview":"max-video-preview:-1"},"canonical":"https:\/\/hubsch-interior.com\/de\/wp-json\/wp\/v2\/product\/808665","og_locale":"de_DE","og_type":"article","og_title":"Afour Tablett Naturfarben - H\u00fcbsch","og_description":"Auch der stilvollste Schreibtisch braucht Accessoires. Bringen Sie mit diesem Schreibtisch-Ablage aus Holz Ordnung in Ihr Chaos. Er ist der perfekte","og_url":"https:\/\/hubsch-interior.com\/de\/produkt\/afour-tablett-naturfarben\/","og_site_name":"H\u00fcbsch","article_modified_time":"2026-04-05T02:53:46+00:00","og_image":[{"width":1200,"height":1200,"url":"https:\/\/hubsch-interior.com\/wp-content\/uploads\/2023\/08\/afour-tray-natural-f1a44fa857d14381a66cd7f0af8a8376.jpg","type":"image\/jpeg"}],"twitter_card":"summary_large_image","schema":{"@context":"https:\/\/schema.org","@graph":[{"@type":"WebPage","@id":"https:\/\/hubsch-interior.com\/de\/produkt\/afour-tablett-naturfarben\/","url":"https:\/\/hubsch-interior.com\/de\/produkt\/afour-tablett-naturfarben\/","name":"Afour Tablett Naturfarben - H\u00fcbsch","isPartOf":{"@id":"https:\/\/hubsch-interior.com\/de\/#website"},"primaryImageOfPage":{"@id":"https:\/\/hubsch-interior.com\/de\/produkt\/afour-tablett-naturfarben\/#primaryimage"},"image":{"@id":"https:\/\/hubsch-interior.com\/de\/produkt\/afour-tablett-naturfarben\/#primaryimage"},"thumbnailUrl":"https:\/\/hubsch-interior.com\/wp-content\/uploads\/2026\/02\/afour-tray-natural-88eb0c5a8535105ab4470bf6307b7f68.jpg","datePublished":"2022-08-23T12:38:53+00:00","dateModified":"2026-04-05T02:53:46+00:00","description":"Auch der stilvollste Schreibtisch braucht Accessoires. Bringen Sie mit diesem Schreibtisch-Ablage aus Holz Ordnung in Ihr Chaos. Er ist der perfekte","breadcrumb":{"@id":"https:\/\/hubsch-interior.com\/de\/produkt\/afour-tablett-naturfarben\/#breadcrumb"},"inLanguage":"de","potentialAction":[{"@type":"ReadAction","target":["https:\/\/hubsch-interior.com\/de\/produkt\/afour-tablett-naturfarben\/"]}]},{"@type":"ImageObject","inLanguage":"de","@id":"https:\/\/hubsch-interior.com\/de\/produkt\/afour-tablett-naturfarben\/#primaryimage","url":"https:\/\/hubsch-interior.com\/wp-content\/uploads\/2026\/02\/afour-tray-natural-88eb0c5a8535105ab4470bf6307b7f68.jpg","contentUrl":"https:\/\/hubsch-interior.com\/wp-content\/uploads\/2026\/02\/afour-tray-natural-88eb0c5a8535105ab4470bf6307b7f68.jpg","width":1024,"height":1024},{"@type":"BreadcrumbList","@id":"https:\/\/hubsch-interior.com\/de\/produkt\/afour-tablett-naturfarben\/#breadcrumb","itemListElement":[{"@type":"ListItem","position":1,"name":"Startseite","item":"https:\/\/hubsch-interior.com\/de\/"},{"@type":"ListItem","position":2,"name":"Produkte","item":"https:\/\/hubsch-interior.com\/de\/shop-2\/"},{"@type":"ListItem","position":3,"name":"Wohnaccessoires","item":"https:\/\/hubsch-interior.com\/de\/produkt-kategorie\/wohnaccessoires\/"},{"@type":"ListItem","position":4,"name":"B&uuml;ro","item":"https:\/\/hubsch-interior.com\/de\/produkt-kategorie\/wohnaccessoires\/buero-de\/"},{"@type":"ListItem","position":5,"name":"Aufbewahrungsbox","item":"https:\/\/hubsch-interior.com\/de\/produkt-kategorie\/wohnaccessoires\/buero-de\/aufbewahrungsbox-de\/"},{"@type":"ListItem","position":6,"name":"Afour Tablett Naturfarben"}]},{"@type":"WebSite","@id":"https:\/\/hubsch-interior.com\/de\/#website","url":"https:\/\/hubsch-interior.com\/de\/","name":"H\u00fcbsch","description":"Danish Home Interior and Design","publisher":{"@id":"https:\/\/hubsch-interior.com\/de\/#organization"},"potentialAction":[{"@type":"SearchAction","target":{"@type":"EntryPoint","urlTemplate":"https:\/\/hubsch-interior.com\/de\/?s={search_term_string}"},"query-input":{"@type":"PropertyValueSpecification","valueRequired":true,"valueName":"search_term_string"}}],"inLanguage":"de"},{"@type":"Organization","@id":"https:\/\/hubsch-interior.com\/de\/#organization","name":"H\u00fcbsch","url":"https:\/\/hubsch-interior.com\/de\/","logo":{"@type":"ImageObject","inLanguage":"de","@id":"https:\/\/hubsch-interior.com\/de\/#\/schema\/logo\/image\/","url":"https:\/\/hubsch-interior.com\/wp-content\/uploads\/2022\/12\/Hubsch_logo_black_one_line.svg","contentUrl":"https:\/\/hubsch-interior.com\/wp-content\/uploads\/2022\/12\/Hubsch_logo_black_one_line.svg","caption":"H\u00fcbsch"},"image":{"@id":"https:\/\/hubsch-interior.com\/de\/#\/schema\/logo\/image\/"}}]}},"_links":{"self":[{"href":"https:\/\/hubsch-interior.com\/de\/wp-json\/wp\/v2\/product\/808665","targetHints":{"allow":["GET"]}}],"collection":[{"href":"https:\/\/hubsch-interior.com\/de\/wp-json\/wp\/v2\/product"}],"about":[{"href":"https:\/\/hubsch-interior.com\/de\/wp-json\/wp\/v2\/types\/product"}],"wp:featuredmedia":[{"embeddable":true,"href":"https:\/\/hubsch-interior.com\/de\/wp-json\/wp\/v2\/media\/1103273"}],"wp:attachment":[{"href":"https:\/\/hubsch-interior.com\/de\/wp-json\/wp\/v2\/media?parent=808665"}],"wp:term":[{"taxonomy":"product_brand","embeddable":true,"href":"https:\/\/hubsch-interior.com\/de\/wp-json\/wp\/v2\/product_brand?post=808665"},{"taxonomy":"product_cat","embeddable":true,"href":"https:\/\/hubsch-interior.com\/de\/wp-json\/wp\/v2\/product_cat?post=808665"},{"taxonomy":"product_tag","embeddable":true,"href":"https:\/\/hubsch-interior.com\/de\/wp-json\/wp\/v2\/product_tag?post=808665"}],"curies":[{"name":"wp","href":"https:\/\/api.w.org\/{rel}","templated":true}]}}