{"id":808685,"date":"2022-08-23T14:38:58","date_gmt":"2022-08-23T12:38:58","guid":{"rendered":"https:\/\/hubsch-interior.com\/product\/product\/"},"modified":"2026-04-09T04:51:11","modified_gmt":"2026-04-09T02:51:11","slug":"nomad-pflanzenstander-large-naturfarben","status":"publish","type":"product","link":"https:\/\/hubsch-interior.com\/de\/produkt\/nomad-pflanzenstander-large-naturfarben\/","title":{"rendered":"Nomad Pflanzenst\u00e4nder Large Naturfarben"},"content":{"rendered":"<p>Es liegt voll im Trend, \u00fcppiges Gr\u00fcn in Ihrem Zuhause in unterschiedlicher H\u00f6he dekorativ anzuordnen. Ein hervorragender Kontrast zu Ihren Gr\u00fcnpflanzen ist dieser kleine Pflanzenhocker aus warmem FSC\u00ae-zertifiziertem Holz. Wir sind uns sicher, dass dieser kleine Pflanzenst\u00e4nder alle Ihre gr\u00fcnen Zimmerpflanzen perfekt in Szene setzt. <\/p>\n","protected":false},"excerpt":{"rendered":"<p>Es liegt voll im Trend, \u00fcppiges Gr\u00fcn in Ihrem Zuhause in unterschiedlicher H\u00f6he dekorativ anzuordnen. Ein hervorragender Kontrast zu Ihren Gr\u00fcnpflanzen ist dieser kleine Pflanzenhocker aus warmem FSC\u00ae-zertifiziertem Holz. Wir sind uns sicher, dass dieser kleine Pflanzenst\u00e4nder alle Ihre gr\u00fcnen Zimmerpflanzen perfekt in Szene setzt.<\/p>\n","protected":false},"featured_media":1103309,"template":"","meta":{"_acf_changed":false,"inline_featured_image":false},"product_brand":[],"product_cat":[6380,6323,4916,4917,5027],"product_tag":[],"class_list":{"0":"post-808685","1":"product","2":"type-product","3":"status-publish","4":"has-post-thumbnail","6":"product_cat-always-a-twist-de","7":"product_cat-fsc-de","8":"product_cat-toepfe-giesskannen-de","9":"product_cat-pflanzkasten-de","10":"product_cat-bestsellers-de","11":"product_shipping_class-pk","13":"pa_color-naturfarben-2","14":"pa_material-mdf-de","15":"pa_material-eichenfurnier","17":"first","18":"instock","19":"featured","20":"taxable","21":"shipping-taxable","22":"purchasable","23":"product-type-simple"},"exclude_global_add_ons":[],"addons":[],"acf":[],"yoast_head":"<!-- This site is optimized with the Yoast SEO plugin v26.4 - https:\/\/yoast.com\/wordpress\/plugins\/seo\/ -->\n<title>Nomad Pflanzenst\u00e4nder Large Naturfarben - H\u00fcbsch<\/title>\n<meta name=\"description\" content=\"Es liegt voll im Trend, \u00fcppiges Gr\u00fcn in Ihrem Zuhause in unterschiedlicher H\u00f6he dekorativ anzuordnen. Ein hervorragender Kontrast zu Ihren Gr\u00fcnpflanzen\" \/>\n<meta name=\"robots\" content=\"index, follow, max-snippet:-1, max-image-preview:large, max-video-preview:-1\" \/>\n<link rel=\"canonical\" href=\"https:\/\/hubsch-interior.com\/de\/wp-json\/wp\/v2\/product\/808685\" \/>\n<meta property=\"og:locale\" content=\"de_DE\" \/>\n<meta property=\"og:type\" content=\"article\" \/>\n<meta property=\"og:title\" content=\"Nomad Pflanzenst\u00e4nder Large Naturfarben - H\u00fcbsch\" \/>\n<meta property=\"og:description\" content=\"Es liegt voll im Trend, \u00fcppiges Gr\u00fcn in Ihrem Zuhause in unterschiedlicher H\u00f6he dekorativ anzuordnen. Ein hervorragender Kontrast zu Ihren Gr\u00fcnpflanzen\" \/>\n<meta property=\"og:url\" content=\"https:\/\/hubsch-interior.com\/de\/produkt\/nomad-pflanzenstander-large-naturfarben\/\" \/>\n<meta property=\"og:site_name\" content=\"H\u00fcbsch\" \/>\n<meta property=\"article:modified_time\" content=\"2026-04-09T02:51:11+00:00\" \/>\n<meta property=\"og:image\" content=\"https:\/\/hubsch-interior.com\/wp-content\/uploads\/2025\/05\/nomad-plant-stand-large-natural-7082763af22e74d12a5f5d6292538fe4.jpg\" \/>\n\t<meta property=\"og:image:width\" content=\"1200\" \/>\n\t<meta property=\"og:image:height\" content=\"1200\" \/>\n\t<meta property=\"og:image:type\" content=\"image\/jpeg\" \/>\n<meta name=\"twitter:card\" content=\"summary_large_image\" \/>\n<script type=\"application\/ld+json\" class=\"yoast-schema-graph\">{\"@context\":\"https:\/\/schema.org\",\"@graph\":[{\"@type\":\"WebPage\",\"@id\":\"https:\/\/hubsch-interior.com\/de\/produkt\/nomad-pflanzenstander-large-naturfarben\/\",\"url\":\"https:\/\/hubsch-interior.com\/de\/produkt\/nomad-pflanzenstander-large-naturfarben\/\",\"name\":\"Nomad Pflanzenst\u00e4nder Large Naturfarben - H\u00fcbsch\",\"isPartOf\":{\"@id\":\"https:\/\/hubsch-interior.com\/de\/#website\"},\"primaryImageOfPage\":{\"@id\":\"https:\/\/hubsch-interior.com\/de\/produkt\/nomad-pflanzenstander-large-naturfarben\/#primaryimage\"},\"image\":{\"@id\":\"https:\/\/hubsch-interior.com\/de\/produkt\/nomad-pflanzenstander-large-naturfarben\/#primaryimage\"},\"thumbnailUrl\":\"https:\/\/hubsch-interior.com\/wp-content\/uploads\/2026\/02\/nomad-plant-stand-large-natural-a1a5defbcf5fef7c0d11fdda806bc4d4.jpg\",\"datePublished\":\"2022-08-23T12:38:58+00:00\",\"dateModified\":\"2026-04-09T02:51:11+00:00\",\"description\":\"Es liegt voll im Trend, \u00fcppiges Gr\u00fcn in Ihrem Zuhause in unterschiedlicher H\u00f6he dekorativ anzuordnen. Ein hervorragender Kontrast zu Ihren Gr\u00fcnpflanzen\",\"breadcrumb\":{\"@id\":\"https:\/\/hubsch-interior.com\/de\/produkt\/nomad-pflanzenstander-large-naturfarben\/#breadcrumb\"},\"inLanguage\":\"de\",\"potentialAction\":[{\"@type\":\"ReadAction\",\"target\":[\"https:\/\/hubsch-interior.com\/de\/produkt\/nomad-pflanzenstander-large-naturfarben\/\"]}]},{\"@type\":\"ImageObject\",\"inLanguage\":\"de\",\"@id\":\"https:\/\/hubsch-interior.com\/de\/produkt\/nomad-pflanzenstander-large-naturfarben\/#primaryimage\",\"url\":\"https:\/\/hubsch-interior.com\/wp-content\/uploads\/2026\/02\/nomad-plant-stand-large-natural-a1a5defbcf5fef7c0d11fdda806bc4d4.jpg\",\"contentUrl\":\"https:\/\/hubsch-interior.com\/wp-content\/uploads\/2026\/02\/nomad-plant-stand-large-natural-a1a5defbcf5fef7c0d11fdda806bc4d4.jpg\",\"width\":1024,\"height\":1024},{\"@type\":\"BreadcrumbList\",\"@id\":\"https:\/\/hubsch-interior.com\/de\/produkt\/nomad-pflanzenstander-large-naturfarben\/#breadcrumb\",\"itemListElement\":[{\"@type\":\"ListItem\",\"position\":1,\"name\":\"Startseite\",\"item\":\"https:\/\/hubsch-interior.com\/de\/\"},{\"@type\":\"ListItem\",\"position\":2,\"name\":\"Produkte\",\"item\":\"https:\/\/hubsch-interior.com\/de\/shop-2\/\"},{\"@type\":\"ListItem\",\"position\":3,\"name\":\"Wohnaccessoires\",\"item\":\"https:\/\/hubsch-interior.com\/de\/produkt-kategorie\/wohnaccessoires\/\"},{\"@type\":\"ListItem\",\"position\":4,\"name\":\"T&ouml;pfe &amp; Gie&szlig;kannen\",\"item\":\"https:\/\/hubsch-interior.com\/de\/produkt-kategorie\/wohnaccessoires\/toepfe-giesskannen-de\/\"},{\"@type\":\"ListItem\",\"position\":5,\"name\":\"Pflanzkasten\",\"item\":\"https:\/\/hubsch-interior.com\/de\/produkt-kategorie\/wohnaccessoires\/toepfe-giesskannen-de\/pflanzkasten-de\/\"},{\"@type\":\"ListItem\",\"position\":6,\"name\":\"Nomad Pflanzenst\u00e4nder Large Naturfarben\"}]},{\"@type\":\"WebSite\",\"@id\":\"https:\/\/hubsch-interior.com\/de\/#website\",\"url\":\"https:\/\/hubsch-interior.com\/de\/\",\"name\":\"H\u00fcbsch\",\"description\":\"Danish Home Interior and Design\",\"publisher\":{\"@id\":\"https:\/\/hubsch-interior.com\/de\/#organization\"},\"potentialAction\":[{\"@type\":\"SearchAction\",\"target\":{\"@type\":\"EntryPoint\",\"urlTemplate\":\"https:\/\/hubsch-interior.com\/de\/?s={search_term_string}\"},\"query-input\":{\"@type\":\"PropertyValueSpecification\",\"valueRequired\":true,\"valueName\":\"search_term_string\"}}],\"inLanguage\":\"de\"},{\"@type\":\"Organization\",\"@id\":\"https:\/\/hubsch-interior.com\/de\/#organization\",\"name\":\"H\u00fcbsch\",\"url\":\"https:\/\/hubsch-interior.com\/de\/\",\"logo\":{\"@type\":\"ImageObject\",\"inLanguage\":\"de\",\"@id\":\"https:\/\/hubsch-interior.com\/de\/#\/schema\/logo\/image\/\",\"url\":\"https:\/\/hubsch-interior.com\/wp-content\/uploads\/2022\/12\/Hubsch_logo_black_one_line.svg\",\"contentUrl\":\"https:\/\/hubsch-interior.com\/wp-content\/uploads\/2022\/12\/Hubsch_logo_black_one_line.svg\",\"caption\":\"H\u00fcbsch\"},\"image\":{\"@id\":\"https:\/\/hubsch-interior.com\/de\/#\/schema\/logo\/image\/\"}}]}<\/script>\n<!-- \/ Yoast SEO plugin. -->","yoast_head_json":{"title":"Nomad Pflanzenst\u00e4nder Large Naturfarben - H\u00fcbsch","description":"Es liegt voll im Trend, \u00fcppiges Gr\u00fcn in Ihrem Zuhause in unterschiedlicher H\u00f6he dekorativ anzuordnen. Ein hervorragender Kontrast zu Ihren Gr\u00fcnpflanzen","robots":{"index":"index","follow":"follow","max-snippet":"max-snippet:-1","max-image-preview":"max-image-preview:large","max-video-preview":"max-video-preview:-1"},"canonical":"https:\/\/hubsch-interior.com\/de\/wp-json\/wp\/v2\/product\/808685","og_locale":"de_DE","og_type":"article","og_title":"Nomad Pflanzenst\u00e4nder Large Naturfarben - H\u00fcbsch","og_description":"Es liegt voll im Trend, \u00fcppiges Gr\u00fcn in Ihrem Zuhause in unterschiedlicher H\u00f6he dekorativ anzuordnen. Ein hervorragender Kontrast zu Ihren Gr\u00fcnpflanzen","og_url":"https:\/\/hubsch-interior.com\/de\/produkt\/nomad-pflanzenstander-large-naturfarben\/","og_site_name":"H\u00fcbsch","article_modified_time":"2026-04-09T02:51:11+00:00","og_image":[{"width":1200,"height":1200,"url":"https:\/\/hubsch-interior.com\/wp-content\/uploads\/2025\/05\/nomad-plant-stand-large-natural-7082763af22e74d12a5f5d6292538fe4.jpg","type":"image\/jpeg"}],"twitter_card":"summary_large_image","schema":{"@context":"https:\/\/schema.org","@graph":[{"@type":"WebPage","@id":"https:\/\/hubsch-interior.com\/de\/produkt\/nomad-pflanzenstander-large-naturfarben\/","url":"https:\/\/hubsch-interior.com\/de\/produkt\/nomad-pflanzenstander-large-naturfarben\/","name":"Nomad Pflanzenst\u00e4nder Large Naturfarben - H\u00fcbsch","isPartOf":{"@id":"https:\/\/hubsch-interior.com\/de\/#website"},"primaryImageOfPage":{"@id":"https:\/\/hubsch-interior.com\/de\/produkt\/nomad-pflanzenstander-large-naturfarben\/#primaryimage"},"image":{"@id":"https:\/\/hubsch-interior.com\/de\/produkt\/nomad-pflanzenstander-large-naturfarben\/#primaryimage"},"thumbnailUrl":"https:\/\/hubsch-interior.com\/wp-content\/uploads\/2026\/02\/nomad-plant-stand-large-natural-a1a5defbcf5fef7c0d11fdda806bc4d4.jpg","datePublished":"2022-08-23T12:38:58+00:00","dateModified":"2026-04-09T02:51:11+00:00","description":"Es liegt voll im Trend, \u00fcppiges Gr\u00fcn in Ihrem Zuhause in unterschiedlicher H\u00f6he dekorativ anzuordnen. Ein hervorragender Kontrast zu Ihren Gr\u00fcnpflanzen","breadcrumb":{"@id":"https:\/\/hubsch-interior.com\/de\/produkt\/nomad-pflanzenstander-large-naturfarben\/#breadcrumb"},"inLanguage":"de","potentialAction":[{"@type":"ReadAction","target":["https:\/\/hubsch-interior.com\/de\/produkt\/nomad-pflanzenstander-large-naturfarben\/"]}]},{"@type":"ImageObject","inLanguage":"de","@id":"https:\/\/hubsch-interior.com\/de\/produkt\/nomad-pflanzenstander-large-naturfarben\/#primaryimage","url":"https:\/\/hubsch-interior.com\/wp-content\/uploads\/2026\/02\/nomad-plant-stand-large-natural-a1a5defbcf5fef7c0d11fdda806bc4d4.jpg","contentUrl":"https:\/\/hubsch-interior.com\/wp-content\/uploads\/2026\/02\/nomad-plant-stand-large-natural-a1a5defbcf5fef7c0d11fdda806bc4d4.jpg","width":1024,"height":1024},{"@type":"BreadcrumbList","@id":"https:\/\/hubsch-interior.com\/de\/produkt\/nomad-pflanzenstander-large-naturfarben\/#breadcrumb","itemListElement":[{"@type":"ListItem","position":1,"name":"Startseite","item":"https:\/\/hubsch-interior.com\/de\/"},{"@type":"ListItem","position":2,"name":"Produkte","item":"https:\/\/hubsch-interior.com\/de\/shop-2\/"},{"@type":"ListItem","position":3,"name":"Wohnaccessoires","item":"https:\/\/hubsch-interior.com\/de\/produkt-kategorie\/wohnaccessoires\/"},{"@type":"ListItem","position":4,"name":"T&ouml;pfe &amp; Gie&szlig;kannen","item":"https:\/\/hubsch-interior.com\/de\/produkt-kategorie\/wohnaccessoires\/toepfe-giesskannen-de\/"},{"@type":"ListItem","position":5,"name":"Pflanzkasten","item":"https:\/\/hubsch-interior.com\/de\/produkt-kategorie\/wohnaccessoires\/toepfe-giesskannen-de\/pflanzkasten-de\/"},{"@type":"ListItem","position":6,"name":"Nomad Pflanzenst\u00e4nder Large Naturfarben"}]},{"@type":"WebSite","@id":"https:\/\/hubsch-interior.com\/de\/#website","url":"https:\/\/hubsch-interior.com\/de\/","name":"H\u00fcbsch","description":"Danish Home Interior and Design","publisher":{"@id":"https:\/\/hubsch-interior.com\/de\/#organization"},"potentialAction":[{"@type":"SearchAction","target":{"@type":"EntryPoint","urlTemplate":"https:\/\/hubsch-interior.com\/de\/?s={search_term_string}"},"query-input":{"@type":"PropertyValueSpecification","valueRequired":true,"valueName":"search_term_string"}}],"inLanguage":"de"},{"@type":"Organization","@id":"https:\/\/hubsch-interior.com\/de\/#organization","name":"H\u00fcbsch","url":"https:\/\/hubsch-interior.com\/de\/","logo":{"@type":"ImageObject","inLanguage":"de","@id":"https:\/\/hubsch-interior.com\/de\/#\/schema\/logo\/image\/","url":"https:\/\/hubsch-interior.com\/wp-content\/uploads\/2022\/12\/Hubsch_logo_black_one_line.svg","contentUrl":"https:\/\/hubsch-interior.com\/wp-content\/uploads\/2022\/12\/Hubsch_logo_black_one_line.svg","caption":"H\u00fcbsch"},"image":{"@id":"https:\/\/hubsch-interior.com\/de\/#\/schema\/logo\/image\/"}}]}},"_links":{"self":[{"href":"https:\/\/hubsch-interior.com\/de\/wp-json\/wp\/v2\/product\/808685","targetHints":{"allow":["GET"]}}],"collection":[{"href":"https:\/\/hubsch-interior.com\/de\/wp-json\/wp\/v2\/product"}],"about":[{"href":"https:\/\/hubsch-interior.com\/de\/wp-json\/wp\/v2\/types\/product"}],"wp:featuredmedia":[{"embeddable":true,"href":"https:\/\/hubsch-interior.com\/de\/wp-json\/wp\/v2\/media\/1103309"}],"wp:attachment":[{"href":"https:\/\/hubsch-interior.com\/de\/wp-json\/wp\/v2\/media?parent=808685"}],"wp:term":[{"taxonomy":"product_brand","embeddable":true,"href":"https:\/\/hubsch-interior.com\/de\/wp-json\/wp\/v2\/product_brand?post=808685"},{"taxonomy":"product_cat","embeddable":true,"href":"https:\/\/hubsch-interior.com\/de\/wp-json\/wp\/v2\/product_cat?post=808685"},{"taxonomy":"product_tag","embeddable":true,"href":"https:\/\/hubsch-interior.com\/de\/wp-json\/wp\/v2\/product_tag?post=808685"}],"curies":[{"name":"wp","href":"https:\/\/api.w.org\/{rel}","templated":true}]}}