{"id":808865,"date":"2022-08-23T14:41:30","date_gmt":"2022-08-23T12:41:30","guid":{"rendered":"https:\/\/hubsch-interior.com\/product\/product\/"},"modified":"2026-04-29T05:05:10","modified_gmt":"2026-04-29T03:05:10","slug":"stage-hangelampe-blau","status":"publish","type":"product","link":"https:\/\/hubsch-interior.com\/de\/produkt\/stage-hangelampe-blau\/","title":{"rendered":"Stage H\u00e4ngelampe Blau"},"content":{"rendered":"<p>Dieses blaue Schmuckst\u00fcck einer Deckenleuchte wird garantiert die Hauptrolle spielen, ganz gleich, wo Sie sie aufh\u00e4ngen. Sie wertet nicht nur jede triste Ecke Ihres Hauses auf, sondern erhellt auch Ihren Esstisch f\u00fcr ausgedehnte Gespr\u00e4che. H\u00e4ngen Sie sie doch paarweise oder in einer Dreiergruppe auf \u2013 vielleicht sogar in verschiedenen Farben f\u00fcr einen noch dramatischeren Look. Mit dem farblich passenden geflochtenen Kabel hebt diese Sch\u00f6nheit den modernen Zeitgeist auf ein ganz neues Niveau. Genau richtig!<\/p>\n","protected":false},"excerpt":{"rendered":"<p>Dieses blaue Schmuckst\u00fcck einer Deckenleuchte wird garantiert die Hauptrolle spielen, ganz gleich, wo Sie sie aufh\u00e4ngen. Sie wertet nicht nur jede triste Ecke Ihres Hauses auf, sondern erhellt auch Ihren Esstisch f\u00fcr ausgedehnte Gespr\u00e4che. H\u00e4ngen Sie sie doch paarweise oder in einer Dreiergruppe auf \u2013 vielleicht sogar in verschiedenen Farben f\u00fcr einen noch dramatischeren Look. [&hellip;]<\/p>\n","protected":false},"featured_media":1106410,"template":"","meta":{"_acf_changed":false,"inline_featured_image":false},"product_brand":[],"product_cat":[6380,3809,4148],"product_tag":[],"class_list":{"0":"post-808865","1":"product","2":"type-product","3":"status-publish","4":"has-post-thumbnail","6":"product_cat-always-a-twist-de","7":"product_cat-beleuchtung","8":"product_cat-haengelampen-de","9":"product_shipping_class-pk","11":"pa_color-blau-2","12":"pa_material-eisen-de","14":"first","15":"instock","16":"taxable","17":"shipping-taxable","18":"purchasable","19":"product-type-simple"},"exclude_global_add_ons":[],"addons":[],"acf":[],"yoast_head":"<!-- This site is optimized with the Yoast SEO plugin v26.4 - https:\/\/yoast.com\/wordpress\/plugins\/seo\/ -->\n<title>Stage H\u00e4ngelampe Blau - H\u00fcbsch<\/title>\n<meta name=\"description\" content=\"Dieses blaue Schmuckst\u00fcck einer Deckenleuchte wird garantiert die Hauptrolle spielen, ganz gleich, wo Sie sie aufh\u00e4ngen. Sie wertet nicht nur jede triste\" \/>\n<meta name=\"robots\" content=\"index, follow, max-snippet:-1, max-image-preview:large, max-video-preview:-1\" \/>\n<link rel=\"canonical\" href=\"https:\/\/hubsch-interior.com\/de\/wp-json\/wp\/v2\/product\/808865\" \/>\n<meta property=\"og:locale\" content=\"de_DE\" \/>\n<meta property=\"og:type\" content=\"article\" \/>\n<meta property=\"og:title\" content=\"Stage H\u00e4ngelampe Blau - H\u00fcbsch\" \/>\n<meta property=\"og:description\" content=\"Dieses blaue Schmuckst\u00fcck einer Deckenleuchte wird garantiert die Hauptrolle spielen, ganz gleich, wo Sie sie aufh\u00e4ngen. Sie wertet nicht nur jede triste\" \/>\n<meta property=\"og:url\" content=\"https:\/\/hubsch-interior.com\/de\/produkt\/stage-hangelampe-blau\/\" \/>\n<meta property=\"og:site_name\" content=\"H\u00fcbsch\" \/>\n<meta property=\"article:modified_time\" content=\"2026-04-29T03:05:10+00:00\" \/>\n<meta property=\"og:image\" content=\"https:\/\/hubsch-interior.com\/wp-content\/uploads\/2025\/05\/stage-pendant-blue-59e402ebe0269b093ccec221c45c95c1.jpg\" \/>\n\t<meta property=\"og:image:width\" content=\"1200\" \/>\n\t<meta property=\"og:image:height\" content=\"1200\" \/>\n\t<meta property=\"og:image:type\" content=\"image\/jpeg\" \/>\n<meta name=\"twitter:card\" content=\"summary_large_image\" \/>\n<script type=\"application\/ld+json\" class=\"yoast-schema-graph\">{\"@context\":\"https:\/\/schema.org\",\"@graph\":[{\"@type\":\"WebPage\",\"@id\":\"https:\/\/hubsch-interior.com\/de\/produkt\/stage-hangelampe-blau\/\",\"url\":\"https:\/\/hubsch-interior.com\/de\/produkt\/stage-hangelampe-blau\/\",\"name\":\"Stage H\u00e4ngelampe Blau - H\u00fcbsch\",\"isPartOf\":{\"@id\":\"https:\/\/hubsch-interior.com\/de\/#website\"},\"primaryImageOfPage\":{\"@id\":\"https:\/\/hubsch-interior.com\/de\/produkt\/stage-hangelampe-blau\/#primaryimage\"},\"image\":{\"@id\":\"https:\/\/hubsch-interior.com\/de\/produkt\/stage-hangelampe-blau\/#primaryimage\"},\"thumbnailUrl\":\"https:\/\/hubsch-interior.com\/wp-content\/uploads\/2026\/02\/stage-pendant-blue-ca724ba47d2ce99c413acd12f162cdc9.jpg\",\"datePublished\":\"2022-08-23T12:41:30+00:00\",\"dateModified\":\"2026-04-29T03:05:10+00:00\",\"description\":\"Dieses blaue Schmuckst\u00fcck einer Deckenleuchte wird garantiert die Hauptrolle spielen, ganz gleich, wo Sie sie aufh\u00e4ngen. Sie wertet nicht nur jede triste\",\"breadcrumb\":{\"@id\":\"https:\/\/hubsch-interior.com\/de\/produkt\/stage-hangelampe-blau\/#breadcrumb\"},\"inLanguage\":\"de\",\"potentialAction\":[{\"@type\":\"ReadAction\",\"target\":[\"https:\/\/hubsch-interior.com\/de\/produkt\/stage-hangelampe-blau\/\"]}]},{\"@type\":\"ImageObject\",\"inLanguage\":\"de\",\"@id\":\"https:\/\/hubsch-interior.com\/de\/produkt\/stage-hangelampe-blau\/#primaryimage\",\"url\":\"https:\/\/hubsch-interior.com\/wp-content\/uploads\/2026\/02\/stage-pendant-blue-ca724ba47d2ce99c413acd12f162cdc9.jpg\",\"contentUrl\":\"https:\/\/hubsch-interior.com\/wp-content\/uploads\/2026\/02\/stage-pendant-blue-ca724ba47d2ce99c413acd12f162cdc9.jpg\",\"width\":1024,\"height\":1024},{\"@type\":\"BreadcrumbList\",\"@id\":\"https:\/\/hubsch-interior.com\/de\/produkt\/stage-hangelampe-blau\/#breadcrumb\",\"itemListElement\":[{\"@type\":\"ListItem\",\"position\":1,\"name\":\"Startseite\",\"item\":\"https:\/\/hubsch-interior.com\/de\/\"},{\"@type\":\"ListItem\",\"position\":2,\"name\":\"Produkte\",\"item\":\"https:\/\/hubsch-interior.com\/de\/shop-2\/\"},{\"@type\":\"ListItem\",\"position\":3,\"name\":\"Beleuchtung\",\"item\":\"https:\/\/hubsch-interior.com\/de\/produkt-kategorie\/beleuchtung\/\"},{\"@type\":\"ListItem\",\"position\":4,\"name\":\"H&auml;ngelampen\",\"item\":\"https:\/\/hubsch-interior.com\/de\/produkt-kategorie\/beleuchtung\/haengelampen-de\/\"},{\"@type\":\"ListItem\",\"position\":5,\"name\":\"Stage H\u00e4ngelampe Blau\"}]},{\"@type\":\"WebSite\",\"@id\":\"https:\/\/hubsch-interior.com\/de\/#website\",\"url\":\"https:\/\/hubsch-interior.com\/de\/\",\"name\":\"H\u00fcbsch\",\"description\":\"Danish Home Interior and Design\",\"publisher\":{\"@id\":\"https:\/\/hubsch-interior.com\/de\/#organization\"},\"potentialAction\":[{\"@type\":\"SearchAction\",\"target\":{\"@type\":\"EntryPoint\",\"urlTemplate\":\"https:\/\/hubsch-interior.com\/de\/?s={search_term_string}\"},\"query-input\":{\"@type\":\"PropertyValueSpecification\",\"valueRequired\":true,\"valueName\":\"search_term_string\"}}],\"inLanguage\":\"de\"},{\"@type\":\"Organization\",\"@id\":\"https:\/\/hubsch-interior.com\/de\/#organization\",\"name\":\"H\u00fcbsch\",\"url\":\"https:\/\/hubsch-interior.com\/de\/\",\"logo\":{\"@type\":\"ImageObject\",\"inLanguage\":\"de\",\"@id\":\"https:\/\/hubsch-interior.com\/de\/#\/schema\/logo\/image\/\",\"url\":\"https:\/\/hubsch-interior.com\/wp-content\/uploads\/2022\/12\/Hubsch_logo_black_one_line.svg\",\"contentUrl\":\"https:\/\/hubsch-interior.com\/wp-content\/uploads\/2022\/12\/Hubsch_logo_black_one_line.svg\",\"caption\":\"H\u00fcbsch\"},\"image\":{\"@id\":\"https:\/\/hubsch-interior.com\/de\/#\/schema\/logo\/image\/\"}}]}<\/script>\n<!-- \/ Yoast SEO plugin. -->","yoast_head_json":{"title":"Stage H\u00e4ngelampe Blau - H\u00fcbsch","description":"Dieses blaue Schmuckst\u00fcck einer Deckenleuchte wird garantiert die Hauptrolle spielen, ganz gleich, wo Sie sie aufh\u00e4ngen. Sie wertet nicht nur jede triste","robots":{"index":"index","follow":"follow","max-snippet":"max-snippet:-1","max-image-preview":"max-image-preview:large","max-video-preview":"max-video-preview:-1"},"canonical":"https:\/\/hubsch-interior.com\/de\/wp-json\/wp\/v2\/product\/808865","og_locale":"de_DE","og_type":"article","og_title":"Stage H\u00e4ngelampe Blau - H\u00fcbsch","og_description":"Dieses blaue Schmuckst\u00fcck einer Deckenleuchte wird garantiert die Hauptrolle spielen, ganz gleich, wo Sie sie aufh\u00e4ngen. Sie wertet nicht nur jede triste","og_url":"https:\/\/hubsch-interior.com\/de\/produkt\/stage-hangelampe-blau\/","og_site_name":"H\u00fcbsch","article_modified_time":"2026-04-29T03:05:10+00:00","og_image":[{"width":1200,"height":1200,"url":"https:\/\/hubsch-interior.com\/wp-content\/uploads\/2025\/05\/stage-pendant-blue-59e402ebe0269b093ccec221c45c95c1.jpg","type":"image\/jpeg"}],"twitter_card":"summary_large_image","schema":{"@context":"https:\/\/schema.org","@graph":[{"@type":"WebPage","@id":"https:\/\/hubsch-interior.com\/de\/produkt\/stage-hangelampe-blau\/","url":"https:\/\/hubsch-interior.com\/de\/produkt\/stage-hangelampe-blau\/","name":"Stage H\u00e4ngelampe Blau - H\u00fcbsch","isPartOf":{"@id":"https:\/\/hubsch-interior.com\/de\/#website"},"primaryImageOfPage":{"@id":"https:\/\/hubsch-interior.com\/de\/produkt\/stage-hangelampe-blau\/#primaryimage"},"image":{"@id":"https:\/\/hubsch-interior.com\/de\/produkt\/stage-hangelampe-blau\/#primaryimage"},"thumbnailUrl":"https:\/\/hubsch-interior.com\/wp-content\/uploads\/2026\/02\/stage-pendant-blue-ca724ba47d2ce99c413acd12f162cdc9.jpg","datePublished":"2022-08-23T12:41:30+00:00","dateModified":"2026-04-29T03:05:10+00:00","description":"Dieses blaue Schmuckst\u00fcck einer Deckenleuchte wird garantiert die Hauptrolle spielen, ganz gleich, wo Sie sie aufh\u00e4ngen. Sie wertet nicht nur jede triste","breadcrumb":{"@id":"https:\/\/hubsch-interior.com\/de\/produkt\/stage-hangelampe-blau\/#breadcrumb"},"inLanguage":"de","potentialAction":[{"@type":"ReadAction","target":["https:\/\/hubsch-interior.com\/de\/produkt\/stage-hangelampe-blau\/"]}]},{"@type":"ImageObject","inLanguage":"de","@id":"https:\/\/hubsch-interior.com\/de\/produkt\/stage-hangelampe-blau\/#primaryimage","url":"https:\/\/hubsch-interior.com\/wp-content\/uploads\/2026\/02\/stage-pendant-blue-ca724ba47d2ce99c413acd12f162cdc9.jpg","contentUrl":"https:\/\/hubsch-interior.com\/wp-content\/uploads\/2026\/02\/stage-pendant-blue-ca724ba47d2ce99c413acd12f162cdc9.jpg","width":1024,"height":1024},{"@type":"BreadcrumbList","@id":"https:\/\/hubsch-interior.com\/de\/produkt\/stage-hangelampe-blau\/#breadcrumb","itemListElement":[{"@type":"ListItem","position":1,"name":"Startseite","item":"https:\/\/hubsch-interior.com\/de\/"},{"@type":"ListItem","position":2,"name":"Produkte","item":"https:\/\/hubsch-interior.com\/de\/shop-2\/"},{"@type":"ListItem","position":3,"name":"Beleuchtung","item":"https:\/\/hubsch-interior.com\/de\/produkt-kategorie\/beleuchtung\/"},{"@type":"ListItem","position":4,"name":"H&auml;ngelampen","item":"https:\/\/hubsch-interior.com\/de\/produkt-kategorie\/beleuchtung\/haengelampen-de\/"},{"@type":"ListItem","position":5,"name":"Stage H\u00e4ngelampe Blau"}]},{"@type":"WebSite","@id":"https:\/\/hubsch-interior.com\/de\/#website","url":"https:\/\/hubsch-interior.com\/de\/","name":"H\u00fcbsch","description":"Danish Home Interior and Design","publisher":{"@id":"https:\/\/hubsch-interior.com\/de\/#organization"},"potentialAction":[{"@type":"SearchAction","target":{"@type":"EntryPoint","urlTemplate":"https:\/\/hubsch-interior.com\/de\/?s={search_term_string}"},"query-input":{"@type":"PropertyValueSpecification","valueRequired":true,"valueName":"search_term_string"}}],"inLanguage":"de"},{"@type":"Organization","@id":"https:\/\/hubsch-interior.com\/de\/#organization","name":"H\u00fcbsch","url":"https:\/\/hubsch-interior.com\/de\/","logo":{"@type":"ImageObject","inLanguage":"de","@id":"https:\/\/hubsch-interior.com\/de\/#\/schema\/logo\/image\/","url":"https:\/\/hubsch-interior.com\/wp-content\/uploads\/2022\/12\/Hubsch_logo_black_one_line.svg","contentUrl":"https:\/\/hubsch-interior.com\/wp-content\/uploads\/2022\/12\/Hubsch_logo_black_one_line.svg","caption":"H\u00fcbsch"},"image":{"@id":"https:\/\/hubsch-interior.com\/de\/#\/schema\/logo\/image\/"}}]}},"_links":{"self":[{"href":"https:\/\/hubsch-interior.com\/de\/wp-json\/wp\/v2\/product\/808865","targetHints":{"allow":["GET"]}}],"collection":[{"href":"https:\/\/hubsch-interior.com\/de\/wp-json\/wp\/v2\/product"}],"about":[{"href":"https:\/\/hubsch-interior.com\/de\/wp-json\/wp\/v2\/types\/product"}],"wp:featuredmedia":[{"embeddable":true,"href":"https:\/\/hubsch-interior.com\/de\/wp-json\/wp\/v2\/media\/1106410"}],"wp:attachment":[{"href":"https:\/\/hubsch-interior.com\/de\/wp-json\/wp\/v2\/media?parent=808865"}],"wp:term":[{"taxonomy":"product_brand","embeddable":true,"href":"https:\/\/hubsch-interior.com\/de\/wp-json\/wp\/v2\/product_brand?post=808865"},{"taxonomy":"product_cat","embeddable":true,"href":"https:\/\/hubsch-interior.com\/de\/wp-json\/wp\/v2\/product_cat?post=808865"},{"taxonomy":"product_tag","embeddable":true,"href":"https:\/\/hubsch-interior.com\/de\/wp-json\/wp\/v2\/product_tag?post=808865"}],"curies":[{"name":"wp","href":"https:\/\/api.w.org\/{rel}","templated":true}]}}