{"id":808933,"date":"2022-08-23T14:42:53","date_gmt":"2022-08-23T12:42:53","guid":{"rendered":"https:\/\/hubsch-interior.com\/product\/product\/"},"modified":"2026-04-06T04:59:42","modified_gmt":"2026-04-06T02:59:42","slug":"ardent-tischlampe-hellgrau","status":"publish","type":"product","link":"https:\/\/hubsch-interior.com\/de\/produkt\/ardent-tischlampe-hellgrau\/","title":{"rendered":"Ardent Tischlampe Hellgrau"},"content":{"rendered":"<p>Voil\u00e0 \u2013 eine wundersch\u00f6ne moderne Schreibtischlampe. Diese hellgraue Schreibtischlampe hat einen so unaufdringlichen Look, dass sie in jeder Einrichtung eine gute Figur macht. Schlicht und doch gewagt, elegant und doch modern, ist diese Tischlampe die Gewinnerin f\u00fcr das B\u00fcro, das Schlafzimmer oder das Kinderzimmer. Der Drehschalter sorgt nicht nur f\u00fcr eine einfache Bedienung, sondern hat auch einen sehr coolen Klick-Sound. Da ist es fast schwer, dem Ein- und Ausschalten der Lampe zu widerstehen.<\/p>\n","protected":false},"excerpt":{"rendered":"<p>Voil\u00e0 \u2013 eine wundersch\u00f6ne moderne Schreibtischlampe. Diese hellgraue Schreibtischlampe hat einen so unaufdringlichen Look, dass sie in jeder Einrichtung eine gute Figur macht. Schlicht und doch gewagt, elegant und doch modern, ist diese Tischlampe die Gewinnerin f\u00fcr das B\u00fcro, das Schlafzimmer oder das Kinderzimmer. Der Drehschalter sorgt nicht nur f\u00fcr eine einfache Bedienung, sondern hat [&hellip;]<\/p>\n","protected":false},"featured_media":1106488,"template":"","meta":{"_acf_changed":false,"inline_featured_image":false},"product_brand":[],"product_cat":[6380,3809,3501],"product_tag":[],"class_list":{"0":"post-808933","1":"product","2":"type-product","3":"status-publish","4":"has-post-thumbnail","6":"product_cat-always-a-twist-de","7":"product_cat-beleuchtung","8":"product_cat-tischlampen-de","9":"product_shipping_class-pk","11":"pa_color-hellgrau-2","12":"pa_material-eisen-de","14":"first","15":"instock","16":"taxable","17":"shipping-taxable","18":"purchasable","19":"product-type-simple"},"exclude_global_add_ons":[],"addons":[],"acf":[],"yoast_head":"<!-- This site is optimized with the Yoast SEO plugin v26.4 - https:\/\/yoast.com\/wordpress\/plugins\/seo\/ -->\n<title>Ardent Tischlampe Hellgrau - H\u00fcbsch<\/title>\n<meta name=\"description\" content=\"Voil\u00e0 \u2013 eine wundersch\u00f6ne moderne Schreibtischlampe. Diese hellgraue Schreibtischlampe hat einen so unaufdringlichen Look, dass sie in jeder Einrichtung\" \/>\n<meta name=\"robots\" content=\"index, follow, max-snippet:-1, max-image-preview:large, max-video-preview:-1\" \/>\n<link rel=\"canonical\" href=\"https:\/\/hubsch-interior.com\/de\/wp-json\/wp\/v2\/product\/808933\" \/>\n<meta property=\"og:locale\" content=\"de_DE\" \/>\n<meta property=\"og:type\" content=\"article\" \/>\n<meta property=\"og:title\" content=\"Ardent Tischlampe Hellgrau - H\u00fcbsch\" \/>\n<meta property=\"og:description\" content=\"Voil\u00e0 \u2013 eine wundersch\u00f6ne moderne Schreibtischlampe. Diese hellgraue Schreibtischlampe hat einen so unaufdringlichen Look, dass sie in jeder Einrichtung\" \/>\n<meta property=\"og:url\" content=\"https:\/\/hubsch-interior.com\/de\/produkt\/ardent-tischlampe-hellgrau\/\" \/>\n<meta property=\"og:site_name\" content=\"H\u00fcbsch\" \/>\n<meta property=\"article:modified_time\" content=\"2026-04-06T02:59:42+00:00\" \/>\n<meta property=\"og:image\" content=\"https:\/\/hubsch-interior.com\/wp-content\/uploads\/2023\/12\/ardent-table-lamp-light-grey-0b15cedcb85b2fd862baea802b52410e.jpg\" \/>\n\t<meta property=\"og:image:width\" content=\"1200\" \/>\n\t<meta property=\"og:image:height\" content=\"1200\" \/>\n\t<meta property=\"og:image:type\" content=\"image\/jpeg\" \/>\n<meta name=\"twitter:card\" content=\"summary_large_image\" \/>\n<script type=\"application\/ld+json\" class=\"yoast-schema-graph\">{\"@context\":\"https:\/\/schema.org\",\"@graph\":[{\"@type\":\"WebPage\",\"@id\":\"https:\/\/hubsch-interior.com\/de\/produkt\/ardent-tischlampe-hellgrau\/\",\"url\":\"https:\/\/hubsch-interior.com\/de\/produkt\/ardent-tischlampe-hellgrau\/\",\"name\":\"Ardent Tischlampe Hellgrau - H\u00fcbsch\",\"isPartOf\":{\"@id\":\"https:\/\/hubsch-interior.com\/de\/#website\"},\"primaryImageOfPage\":{\"@id\":\"https:\/\/hubsch-interior.com\/de\/produkt\/ardent-tischlampe-hellgrau\/#primaryimage\"},\"image\":{\"@id\":\"https:\/\/hubsch-interior.com\/de\/produkt\/ardent-tischlampe-hellgrau\/#primaryimage\"},\"thumbnailUrl\":\"https:\/\/hubsch-interior.com\/wp-content\/uploads\/2026\/02\/ardent-table-lamp-light-grey-1b4c5f8da1c09cb414465a5f4e91af7d.jpg\",\"datePublished\":\"2022-08-23T12:42:53+00:00\",\"dateModified\":\"2026-04-06T02:59:42+00:00\",\"description\":\"Voil\u00e0 \u2013 eine wundersch\u00f6ne moderne Schreibtischlampe. Diese hellgraue Schreibtischlampe hat einen so unaufdringlichen Look, dass sie in jeder Einrichtung\",\"breadcrumb\":{\"@id\":\"https:\/\/hubsch-interior.com\/de\/produkt\/ardent-tischlampe-hellgrau\/#breadcrumb\"},\"inLanguage\":\"de\",\"potentialAction\":[{\"@type\":\"ReadAction\",\"target\":[\"https:\/\/hubsch-interior.com\/de\/produkt\/ardent-tischlampe-hellgrau\/\"]}]},{\"@type\":\"ImageObject\",\"inLanguage\":\"de\",\"@id\":\"https:\/\/hubsch-interior.com\/de\/produkt\/ardent-tischlampe-hellgrau\/#primaryimage\",\"url\":\"https:\/\/hubsch-interior.com\/wp-content\/uploads\/2026\/02\/ardent-table-lamp-light-grey-1b4c5f8da1c09cb414465a5f4e91af7d.jpg\",\"contentUrl\":\"https:\/\/hubsch-interior.com\/wp-content\/uploads\/2026\/02\/ardent-table-lamp-light-grey-1b4c5f8da1c09cb414465a5f4e91af7d.jpg\",\"width\":1024,\"height\":1024},{\"@type\":\"BreadcrumbList\",\"@id\":\"https:\/\/hubsch-interior.com\/de\/produkt\/ardent-tischlampe-hellgrau\/#breadcrumb\",\"itemListElement\":[{\"@type\":\"ListItem\",\"position\":1,\"name\":\"Startseite\",\"item\":\"https:\/\/hubsch-interior.com\/de\/\"},{\"@type\":\"ListItem\",\"position\":2,\"name\":\"Produkte\",\"item\":\"https:\/\/hubsch-interior.com\/de\/shop-2\/\"},{\"@type\":\"ListItem\",\"position\":3,\"name\":\"Beleuchtung\",\"item\":\"https:\/\/hubsch-interior.com\/de\/produkt-kategorie\/beleuchtung\/\"},{\"@type\":\"ListItem\",\"position\":4,\"name\":\"Tischlampen\",\"item\":\"https:\/\/hubsch-interior.com\/de\/produkt-kategorie\/beleuchtung\/tischlampen-de\/\"},{\"@type\":\"ListItem\",\"position\":5,\"name\":\"Ardent Tischlampe Hellgrau\"}]},{\"@type\":\"WebSite\",\"@id\":\"https:\/\/hubsch-interior.com\/de\/#website\",\"url\":\"https:\/\/hubsch-interior.com\/de\/\",\"name\":\"H\u00fcbsch\",\"description\":\"Danish Home Interior and Design\",\"publisher\":{\"@id\":\"https:\/\/hubsch-interior.com\/de\/#organization\"},\"potentialAction\":[{\"@type\":\"SearchAction\",\"target\":{\"@type\":\"EntryPoint\",\"urlTemplate\":\"https:\/\/hubsch-interior.com\/de\/?s={search_term_string}\"},\"query-input\":{\"@type\":\"PropertyValueSpecification\",\"valueRequired\":true,\"valueName\":\"search_term_string\"}}],\"inLanguage\":\"de\"},{\"@type\":\"Organization\",\"@id\":\"https:\/\/hubsch-interior.com\/de\/#organization\",\"name\":\"H\u00fcbsch\",\"url\":\"https:\/\/hubsch-interior.com\/de\/\",\"logo\":{\"@type\":\"ImageObject\",\"inLanguage\":\"de\",\"@id\":\"https:\/\/hubsch-interior.com\/de\/#\/schema\/logo\/image\/\",\"url\":\"https:\/\/hubsch-interior.com\/wp-content\/uploads\/2022\/12\/Hubsch_logo_black_one_line.svg\",\"contentUrl\":\"https:\/\/hubsch-interior.com\/wp-content\/uploads\/2022\/12\/Hubsch_logo_black_one_line.svg\",\"caption\":\"H\u00fcbsch\"},\"image\":{\"@id\":\"https:\/\/hubsch-interior.com\/de\/#\/schema\/logo\/image\/\"}}]}<\/script>\n<!-- \/ Yoast SEO plugin. -->","yoast_head_json":{"title":"Ardent Tischlampe Hellgrau - H\u00fcbsch","description":"Voil\u00e0 \u2013 eine wundersch\u00f6ne moderne Schreibtischlampe. Diese hellgraue Schreibtischlampe hat einen so unaufdringlichen Look, dass sie in jeder Einrichtung","robots":{"index":"index","follow":"follow","max-snippet":"max-snippet:-1","max-image-preview":"max-image-preview:large","max-video-preview":"max-video-preview:-1"},"canonical":"https:\/\/hubsch-interior.com\/de\/wp-json\/wp\/v2\/product\/808933","og_locale":"de_DE","og_type":"article","og_title":"Ardent Tischlampe Hellgrau - H\u00fcbsch","og_description":"Voil\u00e0 \u2013 eine wundersch\u00f6ne moderne Schreibtischlampe. Diese hellgraue Schreibtischlampe hat einen so unaufdringlichen Look, dass sie in jeder Einrichtung","og_url":"https:\/\/hubsch-interior.com\/de\/produkt\/ardent-tischlampe-hellgrau\/","og_site_name":"H\u00fcbsch","article_modified_time":"2026-04-06T02:59:42+00:00","og_image":[{"width":1200,"height":1200,"url":"https:\/\/hubsch-interior.com\/wp-content\/uploads\/2023\/12\/ardent-table-lamp-light-grey-0b15cedcb85b2fd862baea802b52410e.jpg","type":"image\/jpeg"}],"twitter_card":"summary_large_image","schema":{"@context":"https:\/\/schema.org","@graph":[{"@type":"WebPage","@id":"https:\/\/hubsch-interior.com\/de\/produkt\/ardent-tischlampe-hellgrau\/","url":"https:\/\/hubsch-interior.com\/de\/produkt\/ardent-tischlampe-hellgrau\/","name":"Ardent Tischlampe Hellgrau - H\u00fcbsch","isPartOf":{"@id":"https:\/\/hubsch-interior.com\/de\/#website"},"primaryImageOfPage":{"@id":"https:\/\/hubsch-interior.com\/de\/produkt\/ardent-tischlampe-hellgrau\/#primaryimage"},"image":{"@id":"https:\/\/hubsch-interior.com\/de\/produkt\/ardent-tischlampe-hellgrau\/#primaryimage"},"thumbnailUrl":"https:\/\/hubsch-interior.com\/wp-content\/uploads\/2026\/02\/ardent-table-lamp-light-grey-1b4c5f8da1c09cb414465a5f4e91af7d.jpg","datePublished":"2022-08-23T12:42:53+00:00","dateModified":"2026-04-06T02:59:42+00:00","description":"Voil\u00e0 \u2013 eine wundersch\u00f6ne moderne Schreibtischlampe. Diese hellgraue Schreibtischlampe hat einen so unaufdringlichen Look, dass sie in jeder Einrichtung","breadcrumb":{"@id":"https:\/\/hubsch-interior.com\/de\/produkt\/ardent-tischlampe-hellgrau\/#breadcrumb"},"inLanguage":"de","potentialAction":[{"@type":"ReadAction","target":["https:\/\/hubsch-interior.com\/de\/produkt\/ardent-tischlampe-hellgrau\/"]}]},{"@type":"ImageObject","inLanguage":"de","@id":"https:\/\/hubsch-interior.com\/de\/produkt\/ardent-tischlampe-hellgrau\/#primaryimage","url":"https:\/\/hubsch-interior.com\/wp-content\/uploads\/2026\/02\/ardent-table-lamp-light-grey-1b4c5f8da1c09cb414465a5f4e91af7d.jpg","contentUrl":"https:\/\/hubsch-interior.com\/wp-content\/uploads\/2026\/02\/ardent-table-lamp-light-grey-1b4c5f8da1c09cb414465a5f4e91af7d.jpg","width":1024,"height":1024},{"@type":"BreadcrumbList","@id":"https:\/\/hubsch-interior.com\/de\/produkt\/ardent-tischlampe-hellgrau\/#breadcrumb","itemListElement":[{"@type":"ListItem","position":1,"name":"Startseite","item":"https:\/\/hubsch-interior.com\/de\/"},{"@type":"ListItem","position":2,"name":"Produkte","item":"https:\/\/hubsch-interior.com\/de\/shop-2\/"},{"@type":"ListItem","position":3,"name":"Beleuchtung","item":"https:\/\/hubsch-interior.com\/de\/produkt-kategorie\/beleuchtung\/"},{"@type":"ListItem","position":4,"name":"Tischlampen","item":"https:\/\/hubsch-interior.com\/de\/produkt-kategorie\/beleuchtung\/tischlampen-de\/"},{"@type":"ListItem","position":5,"name":"Ardent Tischlampe Hellgrau"}]},{"@type":"WebSite","@id":"https:\/\/hubsch-interior.com\/de\/#website","url":"https:\/\/hubsch-interior.com\/de\/","name":"H\u00fcbsch","description":"Danish Home Interior and Design","publisher":{"@id":"https:\/\/hubsch-interior.com\/de\/#organization"},"potentialAction":[{"@type":"SearchAction","target":{"@type":"EntryPoint","urlTemplate":"https:\/\/hubsch-interior.com\/de\/?s={search_term_string}"},"query-input":{"@type":"PropertyValueSpecification","valueRequired":true,"valueName":"search_term_string"}}],"inLanguage":"de"},{"@type":"Organization","@id":"https:\/\/hubsch-interior.com\/de\/#organization","name":"H\u00fcbsch","url":"https:\/\/hubsch-interior.com\/de\/","logo":{"@type":"ImageObject","inLanguage":"de","@id":"https:\/\/hubsch-interior.com\/de\/#\/schema\/logo\/image\/","url":"https:\/\/hubsch-interior.com\/wp-content\/uploads\/2022\/12\/Hubsch_logo_black_one_line.svg","contentUrl":"https:\/\/hubsch-interior.com\/wp-content\/uploads\/2022\/12\/Hubsch_logo_black_one_line.svg","caption":"H\u00fcbsch"},"image":{"@id":"https:\/\/hubsch-interior.com\/de\/#\/schema\/logo\/image\/"}}]}},"_links":{"self":[{"href":"https:\/\/hubsch-interior.com\/de\/wp-json\/wp\/v2\/product\/808933","targetHints":{"allow":["GET"]}}],"collection":[{"href":"https:\/\/hubsch-interior.com\/de\/wp-json\/wp\/v2\/product"}],"about":[{"href":"https:\/\/hubsch-interior.com\/de\/wp-json\/wp\/v2\/types\/product"}],"wp:featuredmedia":[{"embeddable":true,"href":"https:\/\/hubsch-interior.com\/de\/wp-json\/wp\/v2\/media\/1106488"}],"wp:attachment":[{"href":"https:\/\/hubsch-interior.com\/de\/wp-json\/wp\/v2\/media?parent=808933"}],"wp:term":[{"taxonomy":"product_brand","embeddable":true,"href":"https:\/\/hubsch-interior.com\/de\/wp-json\/wp\/v2\/product_brand?post=808933"},{"taxonomy":"product_cat","embeddable":true,"href":"https:\/\/hubsch-interior.com\/de\/wp-json\/wp\/v2\/product_cat?post=808933"},{"taxonomy":"product_tag","embeddable":true,"href":"https:\/\/hubsch-interior.com\/de\/wp-json\/wp\/v2\/product_tag?post=808933"}],"curies":[{"name":"wp","href":"https:\/\/api.w.org\/{rel}","templated":true}]}}