{"id":808973,"date":"2022-08-23T14:43:15","date_gmt":"2022-08-23T12:43:15","guid":{"rendered":"https:\/\/hubsch-interior.com\/product\/product\/"},"modified":"2026-04-15T05:05:44","modified_gmt":"2026-04-15T03:05:44","slug":"keen-tischlampe-dunkelblau","status":"publish","type":"product","link":"https:\/\/hubsch-interior.com\/de\/produkt\/keen-tischlampe-dunkelblau\/","title":{"rendered":"Keen Tischlampe Dunkelblau"},"content":{"rendered":"<p>Minimalistisch und doch elegant: So w\u00fcrden wir die Keen Tischleuchte in einem wundersch\u00f6nen Dunkelblau beschreiben. Kuscheln Sie sich ins Bett oder in die Sofaecke, holen Sie Ihre Lieblingslekt\u00fcre und vielleicht ein paar Snacks dazu, schalten Sie die Keen Table Lamp ein und lassen Sie es sich gutgehen. Jede*r hat sich ein oder zwei Momente der Ruhe verdient. Und daf\u00fcr ist die Keen Lamp der perfekte Begleiter.<\/p>\n","protected":false},"excerpt":{"rendered":"<p>Minimalistisch und doch elegant: So w\u00fcrden wir die Keen Tischleuchte in einem wundersch\u00f6nen Dunkelblau beschreiben. Kuscheln Sie sich ins Bett oder in die Sofaecke, holen Sie Ihre Lieblingslekt\u00fcre und vielleicht ein paar Snacks dazu, schalten Sie die Keen Table Lamp ein und lassen Sie es sich gutgehen. Jede*r hat sich ein oder zwei Momente der [&hellip;]<\/p>\n","protected":false},"featured_media":1106520,"template":"","meta":{"_acf_changed":false,"inline_featured_image":false},"product_brand":[],"product_cat":[6380,3809,3501,5027],"product_tag":[],"class_list":{"0":"post-808973","1":"product","2":"type-product","3":"status-publish","4":"has-post-thumbnail","6":"product_cat-always-a-twist-de","7":"product_cat-beleuchtung","8":"product_cat-tischlampen-de","9":"product_cat-bestsellers-de","10":"product_shipping_class-pk","12":"pa_color-dunkelblau-2","13":"pa_material-eisen-de","15":"first","16":"instock","17":"featured","18":"taxable","19":"shipping-taxable","20":"purchasable","21":"product-type-simple"},"exclude_global_add_ons":[],"addons":[],"acf":[],"yoast_head":"<!-- This site is optimized with the Yoast SEO plugin v26.4 - https:\/\/yoast.com\/wordpress\/plugins\/seo\/ -->\n<title>Keen Tischlampe Dunkelblau - H\u00fcbsch<\/title>\n<meta name=\"description\" content=\"Minimalistisch und doch elegant: So w\u00fcrden wir die Keen Tischleuchte in einem wundersch\u00f6nen Dunkelblau beschreiben. Kuscheln Sie sich ins Bett oder in die\" \/>\n<meta name=\"robots\" content=\"index, follow, max-snippet:-1, max-image-preview:large, max-video-preview:-1\" \/>\n<link rel=\"canonical\" href=\"https:\/\/hubsch-interior.com\/de\/wp-json\/wp\/v2\/product\/808973\" \/>\n<meta property=\"og:locale\" content=\"de_DE\" \/>\n<meta property=\"og:type\" content=\"article\" \/>\n<meta property=\"og:title\" content=\"Keen Tischlampe Dunkelblau - H\u00fcbsch\" \/>\n<meta property=\"og:description\" content=\"Minimalistisch und doch elegant: So w\u00fcrden wir die Keen Tischleuchte in einem wundersch\u00f6nen Dunkelblau beschreiben. Kuscheln Sie sich ins Bett oder in die\" \/>\n<meta property=\"og:url\" content=\"https:\/\/hubsch-interior.com\/de\/produkt\/keen-tischlampe-dunkelblau\/\" \/>\n<meta property=\"og:site_name\" content=\"H\u00fcbsch\" \/>\n<meta property=\"article:modified_time\" content=\"2026-04-15T03:05:44+00:00\" \/>\n<meta property=\"og:image\" content=\"https:\/\/hubsch-interior.com\/wp-content\/uploads\/2023\/08\/keen-table-lamp-dark-blue-f4276ee5021d8b343896900d399ff7c6.jpg\" \/>\n\t<meta property=\"og:image:width\" content=\"1200\" \/>\n\t<meta property=\"og:image:height\" content=\"1200\" \/>\n\t<meta property=\"og:image:type\" content=\"image\/jpeg\" \/>\n<meta name=\"twitter:card\" content=\"summary_large_image\" \/>\n<script type=\"application\/ld+json\" class=\"yoast-schema-graph\">{\"@context\":\"https:\/\/schema.org\",\"@graph\":[{\"@type\":\"WebPage\",\"@id\":\"https:\/\/hubsch-interior.com\/de\/produkt\/keen-tischlampe-dunkelblau\/\",\"url\":\"https:\/\/hubsch-interior.com\/de\/produkt\/keen-tischlampe-dunkelblau\/\",\"name\":\"Keen Tischlampe Dunkelblau - H\u00fcbsch\",\"isPartOf\":{\"@id\":\"https:\/\/hubsch-interior.com\/de\/#website\"},\"primaryImageOfPage\":{\"@id\":\"https:\/\/hubsch-interior.com\/de\/produkt\/keen-tischlampe-dunkelblau\/#primaryimage\"},\"image\":{\"@id\":\"https:\/\/hubsch-interior.com\/de\/produkt\/keen-tischlampe-dunkelblau\/#primaryimage\"},\"thumbnailUrl\":\"https:\/\/hubsch-interior.com\/wp-content\/uploads\/2026\/02\/keen-table-lamp-dark-blue-fc784d6d1e6faaf5c54b269a570d4320.jpg\",\"datePublished\":\"2022-08-23T12:43:15+00:00\",\"dateModified\":\"2026-04-15T03:05:44+00:00\",\"description\":\"Minimalistisch und doch elegant: So w\u00fcrden wir die Keen Tischleuchte in einem wundersch\u00f6nen Dunkelblau beschreiben. Kuscheln Sie sich ins Bett oder in die\",\"breadcrumb\":{\"@id\":\"https:\/\/hubsch-interior.com\/de\/produkt\/keen-tischlampe-dunkelblau\/#breadcrumb\"},\"inLanguage\":\"de\",\"potentialAction\":[{\"@type\":\"ReadAction\",\"target\":[\"https:\/\/hubsch-interior.com\/de\/produkt\/keen-tischlampe-dunkelblau\/\"]}]},{\"@type\":\"ImageObject\",\"inLanguage\":\"de\",\"@id\":\"https:\/\/hubsch-interior.com\/de\/produkt\/keen-tischlampe-dunkelblau\/#primaryimage\",\"url\":\"https:\/\/hubsch-interior.com\/wp-content\/uploads\/2026\/02\/keen-table-lamp-dark-blue-fc784d6d1e6faaf5c54b269a570d4320.jpg\",\"contentUrl\":\"https:\/\/hubsch-interior.com\/wp-content\/uploads\/2026\/02\/keen-table-lamp-dark-blue-fc784d6d1e6faaf5c54b269a570d4320.jpg\",\"width\":1024,\"height\":1024},{\"@type\":\"BreadcrumbList\",\"@id\":\"https:\/\/hubsch-interior.com\/de\/produkt\/keen-tischlampe-dunkelblau\/#breadcrumb\",\"itemListElement\":[{\"@type\":\"ListItem\",\"position\":1,\"name\":\"Startseite\",\"item\":\"https:\/\/hubsch-interior.com\/de\/\"},{\"@type\":\"ListItem\",\"position\":2,\"name\":\"Produkte\",\"item\":\"https:\/\/hubsch-interior.com\/de\/shop-2\/\"},{\"@type\":\"ListItem\",\"position\":3,\"name\":\"Beleuchtung\",\"item\":\"https:\/\/hubsch-interior.com\/de\/produkt-kategorie\/beleuchtung\/\"},{\"@type\":\"ListItem\",\"position\":4,\"name\":\"Tischlampen\",\"item\":\"https:\/\/hubsch-interior.com\/de\/produkt-kategorie\/beleuchtung\/tischlampen-de\/\"},{\"@type\":\"ListItem\",\"position\":5,\"name\":\"Keen Tischlampe Dunkelblau\"}]},{\"@type\":\"WebSite\",\"@id\":\"https:\/\/hubsch-interior.com\/de\/#website\",\"url\":\"https:\/\/hubsch-interior.com\/de\/\",\"name\":\"H\u00fcbsch\",\"description\":\"Danish Home Interior and Design\",\"publisher\":{\"@id\":\"https:\/\/hubsch-interior.com\/de\/#organization\"},\"potentialAction\":[{\"@type\":\"SearchAction\",\"target\":{\"@type\":\"EntryPoint\",\"urlTemplate\":\"https:\/\/hubsch-interior.com\/de\/?s={search_term_string}\"},\"query-input\":{\"@type\":\"PropertyValueSpecification\",\"valueRequired\":true,\"valueName\":\"search_term_string\"}}],\"inLanguage\":\"de\"},{\"@type\":\"Organization\",\"@id\":\"https:\/\/hubsch-interior.com\/de\/#organization\",\"name\":\"H\u00fcbsch\",\"url\":\"https:\/\/hubsch-interior.com\/de\/\",\"logo\":{\"@type\":\"ImageObject\",\"inLanguage\":\"de\",\"@id\":\"https:\/\/hubsch-interior.com\/de\/#\/schema\/logo\/image\/\",\"url\":\"https:\/\/hubsch-interior.com\/wp-content\/uploads\/2022\/12\/Hubsch_logo_black_one_line.svg\",\"contentUrl\":\"https:\/\/hubsch-interior.com\/wp-content\/uploads\/2022\/12\/Hubsch_logo_black_one_line.svg\",\"caption\":\"H\u00fcbsch\"},\"image\":{\"@id\":\"https:\/\/hubsch-interior.com\/de\/#\/schema\/logo\/image\/\"}}]}<\/script>\n<!-- \/ Yoast SEO plugin. -->","yoast_head_json":{"title":"Keen Tischlampe Dunkelblau - H\u00fcbsch","description":"Minimalistisch und doch elegant: So w\u00fcrden wir die Keen Tischleuchte in einem wundersch\u00f6nen Dunkelblau beschreiben. Kuscheln Sie sich ins Bett oder in die","robots":{"index":"index","follow":"follow","max-snippet":"max-snippet:-1","max-image-preview":"max-image-preview:large","max-video-preview":"max-video-preview:-1"},"canonical":"https:\/\/hubsch-interior.com\/de\/wp-json\/wp\/v2\/product\/808973","og_locale":"de_DE","og_type":"article","og_title":"Keen Tischlampe Dunkelblau - H\u00fcbsch","og_description":"Minimalistisch und doch elegant: So w\u00fcrden wir die Keen Tischleuchte in einem wundersch\u00f6nen Dunkelblau beschreiben. Kuscheln Sie sich ins Bett oder in die","og_url":"https:\/\/hubsch-interior.com\/de\/produkt\/keen-tischlampe-dunkelblau\/","og_site_name":"H\u00fcbsch","article_modified_time":"2026-04-15T03:05:44+00:00","og_image":[{"width":1200,"height":1200,"url":"https:\/\/hubsch-interior.com\/wp-content\/uploads\/2023\/08\/keen-table-lamp-dark-blue-f4276ee5021d8b343896900d399ff7c6.jpg","type":"image\/jpeg"}],"twitter_card":"summary_large_image","schema":{"@context":"https:\/\/schema.org","@graph":[{"@type":"WebPage","@id":"https:\/\/hubsch-interior.com\/de\/produkt\/keen-tischlampe-dunkelblau\/","url":"https:\/\/hubsch-interior.com\/de\/produkt\/keen-tischlampe-dunkelblau\/","name":"Keen Tischlampe Dunkelblau - H\u00fcbsch","isPartOf":{"@id":"https:\/\/hubsch-interior.com\/de\/#website"},"primaryImageOfPage":{"@id":"https:\/\/hubsch-interior.com\/de\/produkt\/keen-tischlampe-dunkelblau\/#primaryimage"},"image":{"@id":"https:\/\/hubsch-interior.com\/de\/produkt\/keen-tischlampe-dunkelblau\/#primaryimage"},"thumbnailUrl":"https:\/\/hubsch-interior.com\/wp-content\/uploads\/2026\/02\/keen-table-lamp-dark-blue-fc784d6d1e6faaf5c54b269a570d4320.jpg","datePublished":"2022-08-23T12:43:15+00:00","dateModified":"2026-04-15T03:05:44+00:00","description":"Minimalistisch und doch elegant: So w\u00fcrden wir die Keen Tischleuchte in einem wundersch\u00f6nen Dunkelblau beschreiben. Kuscheln Sie sich ins Bett oder in die","breadcrumb":{"@id":"https:\/\/hubsch-interior.com\/de\/produkt\/keen-tischlampe-dunkelblau\/#breadcrumb"},"inLanguage":"de","potentialAction":[{"@type":"ReadAction","target":["https:\/\/hubsch-interior.com\/de\/produkt\/keen-tischlampe-dunkelblau\/"]}]},{"@type":"ImageObject","inLanguage":"de","@id":"https:\/\/hubsch-interior.com\/de\/produkt\/keen-tischlampe-dunkelblau\/#primaryimage","url":"https:\/\/hubsch-interior.com\/wp-content\/uploads\/2026\/02\/keen-table-lamp-dark-blue-fc784d6d1e6faaf5c54b269a570d4320.jpg","contentUrl":"https:\/\/hubsch-interior.com\/wp-content\/uploads\/2026\/02\/keen-table-lamp-dark-blue-fc784d6d1e6faaf5c54b269a570d4320.jpg","width":1024,"height":1024},{"@type":"BreadcrumbList","@id":"https:\/\/hubsch-interior.com\/de\/produkt\/keen-tischlampe-dunkelblau\/#breadcrumb","itemListElement":[{"@type":"ListItem","position":1,"name":"Startseite","item":"https:\/\/hubsch-interior.com\/de\/"},{"@type":"ListItem","position":2,"name":"Produkte","item":"https:\/\/hubsch-interior.com\/de\/shop-2\/"},{"@type":"ListItem","position":3,"name":"Beleuchtung","item":"https:\/\/hubsch-interior.com\/de\/produkt-kategorie\/beleuchtung\/"},{"@type":"ListItem","position":4,"name":"Tischlampen","item":"https:\/\/hubsch-interior.com\/de\/produkt-kategorie\/beleuchtung\/tischlampen-de\/"},{"@type":"ListItem","position":5,"name":"Keen Tischlampe Dunkelblau"}]},{"@type":"WebSite","@id":"https:\/\/hubsch-interior.com\/de\/#website","url":"https:\/\/hubsch-interior.com\/de\/","name":"H\u00fcbsch","description":"Danish Home Interior and Design","publisher":{"@id":"https:\/\/hubsch-interior.com\/de\/#organization"},"potentialAction":[{"@type":"SearchAction","target":{"@type":"EntryPoint","urlTemplate":"https:\/\/hubsch-interior.com\/de\/?s={search_term_string}"},"query-input":{"@type":"PropertyValueSpecification","valueRequired":true,"valueName":"search_term_string"}}],"inLanguage":"de"},{"@type":"Organization","@id":"https:\/\/hubsch-interior.com\/de\/#organization","name":"H\u00fcbsch","url":"https:\/\/hubsch-interior.com\/de\/","logo":{"@type":"ImageObject","inLanguage":"de","@id":"https:\/\/hubsch-interior.com\/de\/#\/schema\/logo\/image\/","url":"https:\/\/hubsch-interior.com\/wp-content\/uploads\/2022\/12\/Hubsch_logo_black_one_line.svg","contentUrl":"https:\/\/hubsch-interior.com\/wp-content\/uploads\/2022\/12\/Hubsch_logo_black_one_line.svg","caption":"H\u00fcbsch"},"image":{"@id":"https:\/\/hubsch-interior.com\/de\/#\/schema\/logo\/image\/"}}]}},"_links":{"self":[{"href":"https:\/\/hubsch-interior.com\/de\/wp-json\/wp\/v2\/product\/808973","targetHints":{"allow":["GET"]}}],"collection":[{"href":"https:\/\/hubsch-interior.com\/de\/wp-json\/wp\/v2\/product"}],"about":[{"href":"https:\/\/hubsch-interior.com\/de\/wp-json\/wp\/v2\/types\/product"}],"wp:featuredmedia":[{"embeddable":true,"href":"https:\/\/hubsch-interior.com\/de\/wp-json\/wp\/v2\/media\/1106520"}],"wp:attachment":[{"href":"https:\/\/hubsch-interior.com\/de\/wp-json\/wp\/v2\/media?parent=808973"}],"wp:term":[{"taxonomy":"product_brand","embeddable":true,"href":"https:\/\/hubsch-interior.com\/de\/wp-json\/wp\/v2\/product_brand?post=808973"},{"taxonomy":"product_cat","embeddable":true,"href":"https:\/\/hubsch-interior.com\/de\/wp-json\/wp\/v2\/product_cat?post=808973"},{"taxonomy":"product_tag","embeddable":true,"href":"https:\/\/hubsch-interior.com\/de\/wp-json\/wp\/v2\/product_tag?post=808973"}],"curies":[{"name":"wp","href":"https:\/\/api.w.org\/{rel}","templated":true}]}}