{"id":809013,"date":"2022-08-23T14:43:49","date_gmt":"2022-08-23T12:43:49","guid":{"rendered":"https:\/\/hubsch-interior.com\/product\/product\/"},"modified":"2026-04-10T05:03:36","modified_gmt":"2026-04-10T03:03:36","slug":"contrast-hangelampe-bruniertes-messing","status":"publish","type":"product","link":"https:\/\/hubsch-interior.com\/de\/produkt\/contrast-hangelampe-bruniertes-messing\/","title":{"rendered":"Contrast H\u00e4ngelampe Br\u00fcniertes messing"},"content":{"rendered":"<p>Ob paarweise oder einzeln, diese besondere H\u00e4ngeleuchte ist eine sch\u00f6ne Erg\u00e4nzung f\u00fcr Ihre K\u00fcche, Ihren Flur oder Ihr Wohnzimmer. Das br\u00fcnierte Messing bildet einen wundersch\u00f6nen Kontrast zum wei\u00dfen Glas. Wir k\u00f6nnen sie uns auch in Dreiergruppen \u00fcber einem wundersch\u00f6nen Esstisch aus Holz perfekt vorstellen \u2013 die Contrast Ceiling Light wird nicht nur Licht auf all Ihre Tischgespr\u00e4che werfen, sondern auch Ihrer Einrichtung einen Hauch von luxuri\u00f6ser Eleganz verleihen. Schlicht und doch stilvoll \u2013 mit diesem Schmuckst\u00fcck unter den Deckenleuchten wird es nicht langweilig.<\/p>\n","protected":false},"excerpt":{"rendered":"<p>Ob paarweise oder einzeln, diese besondere H\u00e4ngeleuchte ist eine sch\u00f6ne Erg\u00e4nzung f\u00fcr Ihre K\u00fcche, Ihren Flur oder Ihr Wohnzimmer. Das br\u00fcnierte Messing bildet einen wundersch\u00f6nen Kontrast zum wei\u00dfen Glas. Wir k\u00f6nnen sie uns auch in Dreiergruppen \u00fcber einem wundersch\u00f6nen Esstisch aus Holz perfekt vorstellen \u2013 die Contrast Ceiling Light wird nicht nur Licht auf all [&hellip;]<\/p>\n","protected":false},"featured_media":1106546,"template":"","meta":{"_acf_changed":false,"inline_featured_image":false},"product_brand":[],"product_cat":[6380,3809,4148],"product_tag":[],"class_list":{"0":"post-809013","1":"product","2":"type-product","3":"status-publish","4":"has-post-thumbnail","6":"product_cat-always-a-twist-de","7":"product_cat-beleuchtung","8":"product_cat-haengelampen-de","9":"product_shipping_class-pk","11":"pa_color-brniertes-messing","12":"pa_material-eisen-de","13":"pa_material-glas-de","15":"first","16":"instock","17":"taxable","18":"shipping-taxable","19":"purchasable","20":"product-type-simple"},"exclude_global_add_ons":[],"addons":[],"acf":[],"yoast_head":"<!-- This site is optimized with the Yoast SEO plugin v26.4 - https:\/\/yoast.com\/wordpress\/plugins\/seo\/ -->\n<title>Contrast H\u00e4ngelampe Br\u00fcniertes messing - H\u00fcbsch<\/title>\n<meta name=\"description\" content=\"Ob paarweise oder einzeln, diese besondere H\u00e4ngeleuchte ist eine sch\u00f6ne Erg\u00e4nzung f\u00fcr Ihre K\u00fcche, Ihren Flur oder Ihr Wohnzimmer. Das br\u00fcnierte Messing\" \/>\n<meta name=\"robots\" content=\"index, follow, max-snippet:-1, max-image-preview:large, max-video-preview:-1\" \/>\n<link rel=\"canonical\" href=\"https:\/\/hubsch-interior.com\/de\/wp-json\/wp\/v2\/product\/809013\" \/>\n<meta property=\"og:locale\" content=\"de_DE\" \/>\n<meta property=\"og:type\" content=\"article\" \/>\n<meta property=\"og:title\" content=\"Contrast H\u00e4ngelampe Br\u00fcniertes messing - H\u00fcbsch\" \/>\n<meta property=\"og:description\" content=\"Ob paarweise oder einzeln, diese besondere H\u00e4ngeleuchte ist eine sch\u00f6ne Erg\u00e4nzung f\u00fcr Ihre K\u00fcche, Ihren Flur oder Ihr Wohnzimmer. Das br\u00fcnierte Messing\" \/>\n<meta property=\"og:url\" content=\"https:\/\/hubsch-interior.com\/de\/produkt\/contrast-hangelampe-bruniertes-messing\/\" \/>\n<meta property=\"og:site_name\" content=\"H\u00fcbsch\" \/>\n<meta property=\"article:modified_time\" content=\"2026-04-10T03:03:36+00:00\" \/>\n<meta property=\"og:image\" content=\"https:\/\/hubsch-interior.com\/wp-content\/uploads\/2025\/05\/contrast-pendant-burnished-brass-349a6cb642366afa02d843ddfafc0f31.jpg\" \/>\n\t<meta property=\"og:image:width\" content=\"1200\" \/>\n\t<meta property=\"og:image:height\" content=\"1200\" \/>\n\t<meta property=\"og:image:type\" content=\"image\/jpeg\" \/>\n<meta name=\"twitter:card\" content=\"summary_large_image\" \/>\n<script type=\"application\/ld+json\" class=\"yoast-schema-graph\">{\"@context\":\"https:\/\/schema.org\",\"@graph\":[{\"@type\":\"WebPage\",\"@id\":\"https:\/\/hubsch-interior.com\/de\/produkt\/contrast-hangelampe-bruniertes-messing\/\",\"url\":\"https:\/\/hubsch-interior.com\/de\/produkt\/contrast-hangelampe-bruniertes-messing\/\",\"name\":\"Contrast H\u00e4ngelampe Br\u00fcniertes messing - H\u00fcbsch\",\"isPartOf\":{\"@id\":\"https:\/\/hubsch-interior.com\/de\/#website\"},\"primaryImageOfPage\":{\"@id\":\"https:\/\/hubsch-interior.com\/de\/produkt\/contrast-hangelampe-bruniertes-messing\/#primaryimage\"},\"image\":{\"@id\":\"https:\/\/hubsch-interior.com\/de\/produkt\/contrast-hangelampe-bruniertes-messing\/#primaryimage\"},\"thumbnailUrl\":\"https:\/\/hubsch-interior.com\/wp-content\/uploads\/2026\/02\/contrast-pendant-burnished-brass-e0b0993f10345304e85a89899ce45f63.jpg\",\"datePublished\":\"2022-08-23T12:43:49+00:00\",\"dateModified\":\"2026-04-10T03:03:36+00:00\",\"description\":\"Ob paarweise oder einzeln, diese besondere H\u00e4ngeleuchte ist eine sch\u00f6ne Erg\u00e4nzung f\u00fcr Ihre K\u00fcche, Ihren Flur oder Ihr Wohnzimmer. Das br\u00fcnierte Messing\",\"breadcrumb\":{\"@id\":\"https:\/\/hubsch-interior.com\/de\/produkt\/contrast-hangelampe-bruniertes-messing\/#breadcrumb\"},\"inLanguage\":\"de\",\"potentialAction\":[{\"@type\":\"ReadAction\",\"target\":[\"https:\/\/hubsch-interior.com\/de\/produkt\/contrast-hangelampe-bruniertes-messing\/\"]}]},{\"@type\":\"ImageObject\",\"inLanguage\":\"de\",\"@id\":\"https:\/\/hubsch-interior.com\/de\/produkt\/contrast-hangelampe-bruniertes-messing\/#primaryimage\",\"url\":\"https:\/\/hubsch-interior.com\/wp-content\/uploads\/2026\/02\/contrast-pendant-burnished-brass-e0b0993f10345304e85a89899ce45f63.jpg\",\"contentUrl\":\"https:\/\/hubsch-interior.com\/wp-content\/uploads\/2026\/02\/contrast-pendant-burnished-brass-e0b0993f10345304e85a89899ce45f63.jpg\",\"width\":1024,\"height\":1024},{\"@type\":\"BreadcrumbList\",\"@id\":\"https:\/\/hubsch-interior.com\/de\/produkt\/contrast-hangelampe-bruniertes-messing\/#breadcrumb\",\"itemListElement\":[{\"@type\":\"ListItem\",\"position\":1,\"name\":\"Startseite\",\"item\":\"https:\/\/hubsch-interior.com\/de\/\"},{\"@type\":\"ListItem\",\"position\":2,\"name\":\"Produkte\",\"item\":\"https:\/\/hubsch-interior.com\/de\/shop-2\/\"},{\"@type\":\"ListItem\",\"position\":3,\"name\":\"Beleuchtung\",\"item\":\"https:\/\/hubsch-interior.com\/de\/produkt-kategorie\/beleuchtung\/\"},{\"@type\":\"ListItem\",\"position\":4,\"name\":\"H&auml;ngelampen\",\"item\":\"https:\/\/hubsch-interior.com\/de\/produkt-kategorie\/beleuchtung\/haengelampen-de\/\"},{\"@type\":\"ListItem\",\"position\":5,\"name\":\"Contrast H\u00e4ngelampe Br\u00fcniertes messing\"}]},{\"@type\":\"WebSite\",\"@id\":\"https:\/\/hubsch-interior.com\/de\/#website\",\"url\":\"https:\/\/hubsch-interior.com\/de\/\",\"name\":\"H\u00fcbsch\",\"description\":\"Danish Home Interior and Design\",\"publisher\":{\"@id\":\"https:\/\/hubsch-interior.com\/de\/#organization\"},\"potentialAction\":[{\"@type\":\"SearchAction\",\"target\":{\"@type\":\"EntryPoint\",\"urlTemplate\":\"https:\/\/hubsch-interior.com\/de\/?s={search_term_string}\"},\"query-input\":{\"@type\":\"PropertyValueSpecification\",\"valueRequired\":true,\"valueName\":\"search_term_string\"}}],\"inLanguage\":\"de\"},{\"@type\":\"Organization\",\"@id\":\"https:\/\/hubsch-interior.com\/de\/#organization\",\"name\":\"H\u00fcbsch\",\"url\":\"https:\/\/hubsch-interior.com\/de\/\",\"logo\":{\"@type\":\"ImageObject\",\"inLanguage\":\"de\",\"@id\":\"https:\/\/hubsch-interior.com\/de\/#\/schema\/logo\/image\/\",\"url\":\"https:\/\/hubsch-interior.com\/wp-content\/uploads\/2022\/12\/Hubsch_logo_black_one_line.svg\",\"contentUrl\":\"https:\/\/hubsch-interior.com\/wp-content\/uploads\/2022\/12\/Hubsch_logo_black_one_line.svg\",\"caption\":\"H\u00fcbsch\"},\"image\":{\"@id\":\"https:\/\/hubsch-interior.com\/de\/#\/schema\/logo\/image\/\"}}]}<\/script>\n<!-- \/ Yoast SEO plugin. -->","yoast_head_json":{"title":"Contrast H\u00e4ngelampe Br\u00fcniertes messing - H\u00fcbsch","description":"Ob paarweise oder einzeln, diese besondere H\u00e4ngeleuchte ist eine sch\u00f6ne Erg\u00e4nzung f\u00fcr Ihre K\u00fcche, Ihren Flur oder Ihr Wohnzimmer. Das br\u00fcnierte Messing","robots":{"index":"index","follow":"follow","max-snippet":"max-snippet:-1","max-image-preview":"max-image-preview:large","max-video-preview":"max-video-preview:-1"},"canonical":"https:\/\/hubsch-interior.com\/de\/wp-json\/wp\/v2\/product\/809013","og_locale":"de_DE","og_type":"article","og_title":"Contrast H\u00e4ngelampe Br\u00fcniertes messing - H\u00fcbsch","og_description":"Ob paarweise oder einzeln, diese besondere H\u00e4ngeleuchte ist eine sch\u00f6ne Erg\u00e4nzung f\u00fcr Ihre K\u00fcche, Ihren Flur oder Ihr Wohnzimmer. Das br\u00fcnierte Messing","og_url":"https:\/\/hubsch-interior.com\/de\/produkt\/contrast-hangelampe-bruniertes-messing\/","og_site_name":"H\u00fcbsch","article_modified_time":"2026-04-10T03:03:36+00:00","og_image":[{"width":1200,"height":1200,"url":"https:\/\/hubsch-interior.com\/wp-content\/uploads\/2025\/05\/contrast-pendant-burnished-brass-349a6cb642366afa02d843ddfafc0f31.jpg","type":"image\/jpeg"}],"twitter_card":"summary_large_image","schema":{"@context":"https:\/\/schema.org","@graph":[{"@type":"WebPage","@id":"https:\/\/hubsch-interior.com\/de\/produkt\/contrast-hangelampe-bruniertes-messing\/","url":"https:\/\/hubsch-interior.com\/de\/produkt\/contrast-hangelampe-bruniertes-messing\/","name":"Contrast H\u00e4ngelampe Br\u00fcniertes messing - H\u00fcbsch","isPartOf":{"@id":"https:\/\/hubsch-interior.com\/de\/#website"},"primaryImageOfPage":{"@id":"https:\/\/hubsch-interior.com\/de\/produkt\/contrast-hangelampe-bruniertes-messing\/#primaryimage"},"image":{"@id":"https:\/\/hubsch-interior.com\/de\/produkt\/contrast-hangelampe-bruniertes-messing\/#primaryimage"},"thumbnailUrl":"https:\/\/hubsch-interior.com\/wp-content\/uploads\/2026\/02\/contrast-pendant-burnished-brass-e0b0993f10345304e85a89899ce45f63.jpg","datePublished":"2022-08-23T12:43:49+00:00","dateModified":"2026-04-10T03:03:36+00:00","description":"Ob paarweise oder einzeln, diese besondere H\u00e4ngeleuchte ist eine sch\u00f6ne Erg\u00e4nzung f\u00fcr Ihre K\u00fcche, Ihren Flur oder Ihr Wohnzimmer. Das br\u00fcnierte Messing","breadcrumb":{"@id":"https:\/\/hubsch-interior.com\/de\/produkt\/contrast-hangelampe-bruniertes-messing\/#breadcrumb"},"inLanguage":"de","potentialAction":[{"@type":"ReadAction","target":["https:\/\/hubsch-interior.com\/de\/produkt\/contrast-hangelampe-bruniertes-messing\/"]}]},{"@type":"ImageObject","inLanguage":"de","@id":"https:\/\/hubsch-interior.com\/de\/produkt\/contrast-hangelampe-bruniertes-messing\/#primaryimage","url":"https:\/\/hubsch-interior.com\/wp-content\/uploads\/2026\/02\/contrast-pendant-burnished-brass-e0b0993f10345304e85a89899ce45f63.jpg","contentUrl":"https:\/\/hubsch-interior.com\/wp-content\/uploads\/2026\/02\/contrast-pendant-burnished-brass-e0b0993f10345304e85a89899ce45f63.jpg","width":1024,"height":1024},{"@type":"BreadcrumbList","@id":"https:\/\/hubsch-interior.com\/de\/produkt\/contrast-hangelampe-bruniertes-messing\/#breadcrumb","itemListElement":[{"@type":"ListItem","position":1,"name":"Startseite","item":"https:\/\/hubsch-interior.com\/de\/"},{"@type":"ListItem","position":2,"name":"Produkte","item":"https:\/\/hubsch-interior.com\/de\/shop-2\/"},{"@type":"ListItem","position":3,"name":"Beleuchtung","item":"https:\/\/hubsch-interior.com\/de\/produkt-kategorie\/beleuchtung\/"},{"@type":"ListItem","position":4,"name":"H&auml;ngelampen","item":"https:\/\/hubsch-interior.com\/de\/produkt-kategorie\/beleuchtung\/haengelampen-de\/"},{"@type":"ListItem","position":5,"name":"Contrast H\u00e4ngelampe Br\u00fcniertes messing"}]},{"@type":"WebSite","@id":"https:\/\/hubsch-interior.com\/de\/#website","url":"https:\/\/hubsch-interior.com\/de\/","name":"H\u00fcbsch","description":"Danish Home Interior and Design","publisher":{"@id":"https:\/\/hubsch-interior.com\/de\/#organization"},"potentialAction":[{"@type":"SearchAction","target":{"@type":"EntryPoint","urlTemplate":"https:\/\/hubsch-interior.com\/de\/?s={search_term_string}"},"query-input":{"@type":"PropertyValueSpecification","valueRequired":true,"valueName":"search_term_string"}}],"inLanguage":"de"},{"@type":"Organization","@id":"https:\/\/hubsch-interior.com\/de\/#organization","name":"H\u00fcbsch","url":"https:\/\/hubsch-interior.com\/de\/","logo":{"@type":"ImageObject","inLanguage":"de","@id":"https:\/\/hubsch-interior.com\/de\/#\/schema\/logo\/image\/","url":"https:\/\/hubsch-interior.com\/wp-content\/uploads\/2022\/12\/Hubsch_logo_black_one_line.svg","contentUrl":"https:\/\/hubsch-interior.com\/wp-content\/uploads\/2022\/12\/Hubsch_logo_black_one_line.svg","caption":"H\u00fcbsch"},"image":{"@id":"https:\/\/hubsch-interior.com\/de\/#\/schema\/logo\/image\/"}}]}},"_links":{"self":[{"href":"https:\/\/hubsch-interior.com\/de\/wp-json\/wp\/v2\/product\/809013","targetHints":{"allow":["GET"]}}],"collection":[{"href":"https:\/\/hubsch-interior.com\/de\/wp-json\/wp\/v2\/product"}],"about":[{"href":"https:\/\/hubsch-interior.com\/de\/wp-json\/wp\/v2\/types\/product"}],"wp:featuredmedia":[{"embeddable":true,"href":"https:\/\/hubsch-interior.com\/de\/wp-json\/wp\/v2\/media\/1106546"}],"wp:attachment":[{"href":"https:\/\/hubsch-interior.com\/de\/wp-json\/wp\/v2\/media?parent=809013"}],"wp:term":[{"taxonomy":"product_brand","embeddable":true,"href":"https:\/\/hubsch-interior.com\/de\/wp-json\/wp\/v2\/product_brand?post=809013"},{"taxonomy":"product_cat","embeddable":true,"href":"https:\/\/hubsch-interior.com\/de\/wp-json\/wp\/v2\/product_cat?post=809013"},{"taxonomy":"product_tag","embeddable":true,"href":"https:\/\/hubsch-interior.com\/de\/wp-json\/wp\/v2\/product_tag?post=809013"}],"curies":[{"name":"wp","href":"https:\/\/api.w.org\/{rel}","templated":true}]}}