{"id":809037,"date":"2022-08-23T14:44:07","date_gmt":"2022-08-23T12:44:07","guid":{"rendered":"https:\/\/hubsch-interior.com\/product\/product\/"},"modified":"2026-04-30T05:05:27","modified_gmt":"2026-04-30T03:05:27","slug":"contrast-hangelampe-messingfarben","status":"publish","type":"product","link":"https:\/\/hubsch-interior.com\/de\/produkt\/contrast-hangelampe-messingfarben\/","title":{"rendered":"Contrast H\u00e4ngelampe Messingfarben"},"content":{"rendered":"<p>Ob paarweise oder einzeln, diese besondere H\u00e4ngeleuchte ist eine sch\u00f6ne Erg\u00e4nzung f\u00fcr Ihre K\u00fcche, Ihren Flur oder Ihr Wohnzimmer. Das Messing bildet einen wundersch\u00f6nen Kontrast zum wei\u00dfen Glas. Wir k\u00f6nnen sie uns auch in Dreiergruppen \u00fcber einem wundersch\u00f6nen Esstisch aus Holz perfekt vorstellen \u2013 die Contrast Ceiling Light wird nicht nur Licht auf all Ihre Tischgespr\u00e4che werfen, sondern auch Ihrer Einrichtung einen Hauch von luxuri\u00f6ser Eleganz verleihen. Schlicht und doch stilvoll &#8211; mit diesem Schmuckst\u00fcck unter den Deckenleuchten wird es nicht langweilig.<\/p>\n","protected":false},"excerpt":{"rendered":"<p>Ob paarweise oder einzeln, diese besondere H\u00e4ngeleuchte ist eine sch\u00f6ne Erg\u00e4nzung f\u00fcr Ihre K\u00fcche, Ihren Flur oder Ihr Wohnzimmer. Das Messing bildet einen wundersch\u00f6nen Kontrast zum wei\u00dfen Glas. Wir k\u00f6nnen sie uns auch in Dreiergruppen \u00fcber einem wundersch\u00f6nen Esstisch aus Holz perfekt vorstellen \u2013 die Contrast Ceiling Light wird nicht nur Licht auf all Ihre [&hellip;]<\/p>\n","protected":false},"featured_media":1106564,"template":"","meta":{"_acf_changed":false,"inline_featured_image":false},"product_brand":[],"product_cat":[6380,3809,4148],"product_tag":[],"class_list":{"0":"post-809037","1":"product","2":"type-product","3":"status-publish","4":"has-post-thumbnail","6":"product_cat-always-a-twist-de","7":"product_cat-beleuchtung","8":"product_cat-haengelampen-de","9":"product_shipping_class-pk","10":"pa_color-messingfarben","11":"pa_material-eisen-de","12":"pa_material-glas-de","14":"first","15":"instock","16":"taxable","17":"shipping-taxable","18":"purchasable","19":"product-type-simple"},"exclude_global_add_ons":[],"addons":[],"acf":[],"yoast_head":"<!-- This site is optimized with the Yoast SEO plugin v26.4 - https:\/\/yoast.com\/wordpress\/plugins\/seo\/ -->\n<title>Contrast H\u00e4ngelampe Messingfarben - H\u00fcbsch<\/title>\n<meta name=\"description\" content=\"Ob paarweise oder einzeln, diese besondere H\u00e4ngeleuchte ist eine sch\u00f6ne Erg\u00e4nzung f\u00fcr Ihre K\u00fcche, Ihren Flur oder Ihr Wohnzimmer. Das Messing bildet einen\" \/>\n<meta name=\"robots\" content=\"index, follow, max-snippet:-1, max-image-preview:large, max-video-preview:-1\" \/>\n<link rel=\"canonical\" href=\"https:\/\/hubsch-interior.com\/de\/wp-json\/wp\/v2\/product\/809037\" \/>\n<meta property=\"og:locale\" content=\"de_DE\" \/>\n<meta property=\"og:type\" content=\"article\" \/>\n<meta property=\"og:title\" content=\"Contrast H\u00e4ngelampe Messingfarben - H\u00fcbsch\" \/>\n<meta property=\"og:description\" content=\"Ob paarweise oder einzeln, diese besondere H\u00e4ngeleuchte ist eine sch\u00f6ne Erg\u00e4nzung f\u00fcr Ihre K\u00fcche, Ihren Flur oder Ihr Wohnzimmer. Das Messing bildet einen\" \/>\n<meta property=\"og:url\" content=\"https:\/\/hubsch-interior.com\/de\/produkt\/contrast-hangelampe-messingfarben\/\" \/>\n<meta property=\"og:site_name\" content=\"H\u00fcbsch\" \/>\n<meta property=\"article:modified_time\" content=\"2026-04-30T03:05:27+00:00\" \/>\n<meta property=\"og:image\" content=\"https:\/\/hubsch-interior.com\/wp-content\/uploads\/2025\/05\/contrast-pendant-brass-342c91e2a9c660aa02ca9fa3686c9bf4.jpg\" \/>\n\t<meta property=\"og:image:width\" content=\"1200\" \/>\n\t<meta property=\"og:image:height\" content=\"1200\" \/>\n\t<meta property=\"og:image:type\" content=\"image\/jpeg\" \/>\n<meta name=\"twitter:card\" content=\"summary_large_image\" \/>\n<script type=\"application\/ld+json\" class=\"yoast-schema-graph\">{\"@context\":\"https:\/\/schema.org\",\"@graph\":[{\"@type\":\"WebPage\",\"@id\":\"https:\/\/hubsch-interior.com\/de\/produkt\/contrast-hangelampe-messingfarben\/\",\"url\":\"https:\/\/hubsch-interior.com\/de\/produkt\/contrast-hangelampe-messingfarben\/\",\"name\":\"Contrast H\u00e4ngelampe Messingfarben - H\u00fcbsch\",\"isPartOf\":{\"@id\":\"https:\/\/hubsch-interior.com\/de\/#website\"},\"primaryImageOfPage\":{\"@id\":\"https:\/\/hubsch-interior.com\/de\/produkt\/contrast-hangelampe-messingfarben\/#primaryimage\"},\"image\":{\"@id\":\"https:\/\/hubsch-interior.com\/de\/produkt\/contrast-hangelampe-messingfarben\/#primaryimage\"},\"thumbnailUrl\":\"https:\/\/hubsch-interior.com\/wp-content\/uploads\/2026\/02\/contrast-pendant-brass-74bfc208b23a15fb1a148a9f013a0d27.jpg\",\"datePublished\":\"2022-08-23T12:44:07+00:00\",\"dateModified\":\"2026-04-30T03:05:27+00:00\",\"description\":\"Ob paarweise oder einzeln, diese besondere H\u00e4ngeleuchte ist eine sch\u00f6ne Erg\u00e4nzung f\u00fcr Ihre K\u00fcche, Ihren Flur oder Ihr Wohnzimmer. Das Messing bildet einen\",\"breadcrumb\":{\"@id\":\"https:\/\/hubsch-interior.com\/de\/produkt\/contrast-hangelampe-messingfarben\/#breadcrumb\"},\"inLanguage\":\"de\",\"potentialAction\":[{\"@type\":\"ReadAction\",\"target\":[\"https:\/\/hubsch-interior.com\/de\/produkt\/contrast-hangelampe-messingfarben\/\"]}]},{\"@type\":\"ImageObject\",\"inLanguage\":\"de\",\"@id\":\"https:\/\/hubsch-interior.com\/de\/produkt\/contrast-hangelampe-messingfarben\/#primaryimage\",\"url\":\"https:\/\/hubsch-interior.com\/wp-content\/uploads\/2026\/02\/contrast-pendant-brass-74bfc208b23a15fb1a148a9f013a0d27.jpg\",\"contentUrl\":\"https:\/\/hubsch-interior.com\/wp-content\/uploads\/2026\/02\/contrast-pendant-brass-74bfc208b23a15fb1a148a9f013a0d27.jpg\",\"width\":1024,\"height\":1024},{\"@type\":\"BreadcrumbList\",\"@id\":\"https:\/\/hubsch-interior.com\/de\/produkt\/contrast-hangelampe-messingfarben\/#breadcrumb\",\"itemListElement\":[{\"@type\":\"ListItem\",\"position\":1,\"name\":\"Startseite\",\"item\":\"https:\/\/hubsch-interior.com\/de\/\"},{\"@type\":\"ListItem\",\"position\":2,\"name\":\"Produkte\",\"item\":\"https:\/\/hubsch-interior.com\/de\/shop-2\/\"},{\"@type\":\"ListItem\",\"position\":3,\"name\":\"Beleuchtung\",\"item\":\"https:\/\/hubsch-interior.com\/de\/produkt-kategorie\/beleuchtung\/\"},{\"@type\":\"ListItem\",\"position\":4,\"name\":\"H&auml;ngelampen\",\"item\":\"https:\/\/hubsch-interior.com\/de\/produkt-kategorie\/beleuchtung\/haengelampen-de\/\"},{\"@type\":\"ListItem\",\"position\":5,\"name\":\"Contrast H\u00e4ngelampe Messingfarben\"}]},{\"@type\":\"WebSite\",\"@id\":\"https:\/\/hubsch-interior.com\/de\/#website\",\"url\":\"https:\/\/hubsch-interior.com\/de\/\",\"name\":\"H\u00fcbsch\",\"description\":\"Danish Home Interior and Design\",\"publisher\":{\"@id\":\"https:\/\/hubsch-interior.com\/de\/#organization\"},\"potentialAction\":[{\"@type\":\"SearchAction\",\"target\":{\"@type\":\"EntryPoint\",\"urlTemplate\":\"https:\/\/hubsch-interior.com\/de\/?s={search_term_string}\"},\"query-input\":{\"@type\":\"PropertyValueSpecification\",\"valueRequired\":true,\"valueName\":\"search_term_string\"}}],\"inLanguage\":\"de\"},{\"@type\":\"Organization\",\"@id\":\"https:\/\/hubsch-interior.com\/de\/#organization\",\"name\":\"H\u00fcbsch\",\"url\":\"https:\/\/hubsch-interior.com\/de\/\",\"logo\":{\"@type\":\"ImageObject\",\"inLanguage\":\"de\",\"@id\":\"https:\/\/hubsch-interior.com\/de\/#\/schema\/logo\/image\/\",\"url\":\"https:\/\/hubsch-interior.com\/wp-content\/uploads\/2022\/12\/Hubsch_logo_black_one_line.svg\",\"contentUrl\":\"https:\/\/hubsch-interior.com\/wp-content\/uploads\/2022\/12\/Hubsch_logo_black_one_line.svg\",\"caption\":\"H\u00fcbsch\"},\"image\":{\"@id\":\"https:\/\/hubsch-interior.com\/de\/#\/schema\/logo\/image\/\"}}]}<\/script>\n<!-- \/ Yoast SEO plugin. -->","yoast_head_json":{"title":"Contrast H\u00e4ngelampe Messingfarben - H\u00fcbsch","description":"Ob paarweise oder einzeln, diese besondere H\u00e4ngeleuchte ist eine sch\u00f6ne Erg\u00e4nzung f\u00fcr Ihre K\u00fcche, Ihren Flur oder Ihr Wohnzimmer. Das Messing bildet einen","robots":{"index":"index","follow":"follow","max-snippet":"max-snippet:-1","max-image-preview":"max-image-preview:large","max-video-preview":"max-video-preview:-1"},"canonical":"https:\/\/hubsch-interior.com\/de\/wp-json\/wp\/v2\/product\/809037","og_locale":"de_DE","og_type":"article","og_title":"Contrast H\u00e4ngelampe Messingfarben - H\u00fcbsch","og_description":"Ob paarweise oder einzeln, diese besondere H\u00e4ngeleuchte ist eine sch\u00f6ne Erg\u00e4nzung f\u00fcr Ihre K\u00fcche, Ihren Flur oder Ihr Wohnzimmer. Das Messing bildet einen","og_url":"https:\/\/hubsch-interior.com\/de\/produkt\/contrast-hangelampe-messingfarben\/","og_site_name":"H\u00fcbsch","article_modified_time":"2026-04-30T03:05:27+00:00","og_image":[{"width":1200,"height":1200,"url":"https:\/\/hubsch-interior.com\/wp-content\/uploads\/2025\/05\/contrast-pendant-brass-342c91e2a9c660aa02ca9fa3686c9bf4.jpg","type":"image\/jpeg"}],"twitter_card":"summary_large_image","schema":{"@context":"https:\/\/schema.org","@graph":[{"@type":"WebPage","@id":"https:\/\/hubsch-interior.com\/de\/produkt\/contrast-hangelampe-messingfarben\/","url":"https:\/\/hubsch-interior.com\/de\/produkt\/contrast-hangelampe-messingfarben\/","name":"Contrast H\u00e4ngelampe Messingfarben - H\u00fcbsch","isPartOf":{"@id":"https:\/\/hubsch-interior.com\/de\/#website"},"primaryImageOfPage":{"@id":"https:\/\/hubsch-interior.com\/de\/produkt\/contrast-hangelampe-messingfarben\/#primaryimage"},"image":{"@id":"https:\/\/hubsch-interior.com\/de\/produkt\/contrast-hangelampe-messingfarben\/#primaryimage"},"thumbnailUrl":"https:\/\/hubsch-interior.com\/wp-content\/uploads\/2026\/02\/contrast-pendant-brass-74bfc208b23a15fb1a148a9f013a0d27.jpg","datePublished":"2022-08-23T12:44:07+00:00","dateModified":"2026-04-30T03:05:27+00:00","description":"Ob paarweise oder einzeln, diese besondere H\u00e4ngeleuchte ist eine sch\u00f6ne Erg\u00e4nzung f\u00fcr Ihre K\u00fcche, Ihren Flur oder Ihr Wohnzimmer. Das Messing bildet einen","breadcrumb":{"@id":"https:\/\/hubsch-interior.com\/de\/produkt\/contrast-hangelampe-messingfarben\/#breadcrumb"},"inLanguage":"de","potentialAction":[{"@type":"ReadAction","target":["https:\/\/hubsch-interior.com\/de\/produkt\/contrast-hangelampe-messingfarben\/"]}]},{"@type":"ImageObject","inLanguage":"de","@id":"https:\/\/hubsch-interior.com\/de\/produkt\/contrast-hangelampe-messingfarben\/#primaryimage","url":"https:\/\/hubsch-interior.com\/wp-content\/uploads\/2026\/02\/contrast-pendant-brass-74bfc208b23a15fb1a148a9f013a0d27.jpg","contentUrl":"https:\/\/hubsch-interior.com\/wp-content\/uploads\/2026\/02\/contrast-pendant-brass-74bfc208b23a15fb1a148a9f013a0d27.jpg","width":1024,"height":1024},{"@type":"BreadcrumbList","@id":"https:\/\/hubsch-interior.com\/de\/produkt\/contrast-hangelampe-messingfarben\/#breadcrumb","itemListElement":[{"@type":"ListItem","position":1,"name":"Startseite","item":"https:\/\/hubsch-interior.com\/de\/"},{"@type":"ListItem","position":2,"name":"Produkte","item":"https:\/\/hubsch-interior.com\/de\/shop-2\/"},{"@type":"ListItem","position":3,"name":"Beleuchtung","item":"https:\/\/hubsch-interior.com\/de\/produkt-kategorie\/beleuchtung\/"},{"@type":"ListItem","position":4,"name":"H&auml;ngelampen","item":"https:\/\/hubsch-interior.com\/de\/produkt-kategorie\/beleuchtung\/haengelampen-de\/"},{"@type":"ListItem","position":5,"name":"Contrast H\u00e4ngelampe Messingfarben"}]},{"@type":"WebSite","@id":"https:\/\/hubsch-interior.com\/de\/#website","url":"https:\/\/hubsch-interior.com\/de\/","name":"H\u00fcbsch","description":"Danish Home Interior and Design","publisher":{"@id":"https:\/\/hubsch-interior.com\/de\/#organization"},"potentialAction":[{"@type":"SearchAction","target":{"@type":"EntryPoint","urlTemplate":"https:\/\/hubsch-interior.com\/de\/?s={search_term_string}"},"query-input":{"@type":"PropertyValueSpecification","valueRequired":true,"valueName":"search_term_string"}}],"inLanguage":"de"},{"@type":"Organization","@id":"https:\/\/hubsch-interior.com\/de\/#organization","name":"H\u00fcbsch","url":"https:\/\/hubsch-interior.com\/de\/","logo":{"@type":"ImageObject","inLanguage":"de","@id":"https:\/\/hubsch-interior.com\/de\/#\/schema\/logo\/image\/","url":"https:\/\/hubsch-interior.com\/wp-content\/uploads\/2022\/12\/Hubsch_logo_black_one_line.svg","contentUrl":"https:\/\/hubsch-interior.com\/wp-content\/uploads\/2022\/12\/Hubsch_logo_black_one_line.svg","caption":"H\u00fcbsch"},"image":{"@id":"https:\/\/hubsch-interior.com\/de\/#\/schema\/logo\/image\/"}}]}},"_links":{"self":[{"href":"https:\/\/hubsch-interior.com\/de\/wp-json\/wp\/v2\/product\/809037","targetHints":{"allow":["GET"]}}],"collection":[{"href":"https:\/\/hubsch-interior.com\/de\/wp-json\/wp\/v2\/product"}],"about":[{"href":"https:\/\/hubsch-interior.com\/de\/wp-json\/wp\/v2\/types\/product"}],"wp:featuredmedia":[{"embeddable":true,"href":"https:\/\/hubsch-interior.com\/de\/wp-json\/wp\/v2\/media\/1106564"}],"wp:attachment":[{"href":"https:\/\/hubsch-interior.com\/de\/wp-json\/wp\/v2\/media?parent=809037"}],"wp:term":[{"taxonomy":"product_brand","embeddable":true,"href":"https:\/\/hubsch-interior.com\/de\/wp-json\/wp\/v2\/product_brand?post=809037"},{"taxonomy":"product_cat","embeddable":true,"href":"https:\/\/hubsch-interior.com\/de\/wp-json\/wp\/v2\/product_cat?post=809037"},{"taxonomy":"product_tag","embeddable":true,"href":"https:\/\/hubsch-interior.com\/de\/wp-json\/wp\/v2\/product_tag?post=809037"}],"curies":[{"name":"wp","href":"https:\/\/api.w.org\/{rel}","templated":true}]}}