{"id":809117,"date":"2022-08-23T14:45:26","date_gmt":"2022-08-23T12:45:26","guid":{"rendered":"https:\/\/hubsch-interior.com\/product\/product\/"},"modified":"2026-04-22T05:04:23","modified_gmt":"2026-04-22T03:04:23","slug":"chipper-tischlampe-sandfarben-burgundy","status":"publish","type":"product","link":"https:\/\/hubsch-interior.com\/de\/produkt\/chipper-tischlampe-sandfarben-burgundy\/","title":{"rendered":"Chipper Tischlampe Sandfarben\/Burgundy"},"content":{"rendered":"<p>Wir stellen vor: Chipper! Lebendig und schrullig auf seine eigene Art. Diese kleine coole Tischleuchte zaubert uns ein breites L\u00e4cheln ins Gesicht. Die Form ist so liebenswert, beruhigend und ansprechend f\u00fcr das Auge. Wir k\u00f6nnen uns vorstellen, dass diese Tischlampe \u00fcberall zum Einsatz kommt: als Leselicht auf dem Nachttisch, als Stimmungsmacher im Wohnzimmer \u2013 und sogar in den Kinderzimmern. So fr\u00f6hlich!<\/p>\n","protected":false},"excerpt":{"rendered":"<p>Wir stellen vor: Chipper! Lebendig und schrullig auf seine eigene Art. Diese kleine coole Tischleuchte zaubert uns ein breites L\u00e4cheln ins Gesicht. Die Form ist so liebenswert, beruhigend und ansprechend f\u00fcr das Auge. Wir k\u00f6nnen uns vorstellen, dass diese Tischlampe \u00fcberall zum Einsatz kommt: als Leselicht auf dem Nachttisch, als Stimmungsmacher im Wohnzimmer \u2013 und [&hellip;]<\/p>\n","protected":false},"featured_media":1106608,"template":"","meta":{"_acf_changed":false,"inline_featured_image":false},"product_brand":[],"product_cat":[6380,3809,3501],"product_tag":[],"class_list":{"0":"post-809117","1":"product","2":"type-product","3":"status-publish","4":"has-post-thumbnail","6":"product_cat-always-a-twist-de","7":"product_cat-beleuchtung","8":"product_cat-tischlampen-de","9":"product_shipping_class-pk","11":"pa_color-burgundy-de","12":"pa_color-sandfarben","13":"pa_material-eisen-de","15":"first","16":"instock","17":"taxable","18":"shipping-taxable","19":"purchasable","20":"product-type-simple"},"exclude_global_add_ons":[],"addons":[],"acf":[],"yoast_head":"<!-- This site is optimized with the Yoast SEO plugin v26.4 - https:\/\/yoast.com\/wordpress\/plugins\/seo\/ -->\n<title>Chipper Tischlampe Sandfarben\/Burgundy - H\u00fcbsch<\/title>\n<meta name=\"description\" content=\"Wir stellen vor: Chipper! Lebendig und schrullig auf seine eigene Art. Diese kleine coole Tischleuchte zaubert uns ein breites L\u00e4cheln ins Gesicht. Die\" \/>\n<meta name=\"robots\" content=\"index, follow, max-snippet:-1, max-image-preview:large, max-video-preview:-1\" \/>\n<link rel=\"canonical\" href=\"https:\/\/hubsch-interior.com\/de\/wp-json\/wp\/v2\/product\/809117\" \/>\n<meta property=\"og:locale\" content=\"de_DE\" \/>\n<meta property=\"og:type\" content=\"article\" \/>\n<meta property=\"og:title\" content=\"Chipper Tischlampe Sandfarben\/Burgundy - H\u00fcbsch\" \/>\n<meta property=\"og:description\" content=\"Wir stellen vor: Chipper! Lebendig und schrullig auf seine eigene Art. Diese kleine coole Tischleuchte zaubert uns ein breites L\u00e4cheln ins Gesicht. Die\" \/>\n<meta property=\"og:url\" content=\"https:\/\/hubsch-interior.com\/de\/produkt\/chipper-tischlampe-sandfarben-burgundy\/\" \/>\n<meta property=\"og:site_name\" content=\"H\u00fcbsch\" \/>\n<meta property=\"article:modified_time\" content=\"2026-04-22T03:04:23+00:00\" \/>\n<meta property=\"og:image\" content=\"https:\/\/hubsch-interior.com\/wp-content\/uploads\/2024\/05\/chipper-table-lamp-sandburgundy-b050da52c2910d9a30c99498f0537d28.jpg\" \/>\n\t<meta property=\"og:image:width\" content=\"1200\" \/>\n\t<meta property=\"og:image:height\" content=\"1200\" \/>\n\t<meta property=\"og:image:type\" content=\"image\/jpeg\" \/>\n<meta name=\"twitter:card\" content=\"summary_large_image\" \/>\n<script type=\"application\/ld+json\" class=\"yoast-schema-graph\">{\"@context\":\"https:\/\/schema.org\",\"@graph\":[{\"@type\":\"WebPage\",\"@id\":\"https:\/\/hubsch-interior.com\/de\/produkt\/chipper-tischlampe-sandfarben-burgundy\/\",\"url\":\"https:\/\/hubsch-interior.com\/de\/produkt\/chipper-tischlampe-sandfarben-burgundy\/\",\"name\":\"Chipper Tischlampe Sandfarben\/Burgundy - H\u00fcbsch\",\"isPartOf\":{\"@id\":\"https:\/\/hubsch-interior.com\/de\/#website\"},\"primaryImageOfPage\":{\"@id\":\"https:\/\/hubsch-interior.com\/de\/produkt\/chipper-tischlampe-sandfarben-burgundy\/#primaryimage\"},\"image\":{\"@id\":\"https:\/\/hubsch-interior.com\/de\/produkt\/chipper-tischlampe-sandfarben-burgundy\/#primaryimage\"},\"thumbnailUrl\":\"https:\/\/hubsch-interior.com\/wp-content\/uploads\/2026\/02\/chipper-table-lamp-sandburgundy-7b871fd2240b98397a39a459bc938122.jpg\",\"datePublished\":\"2022-08-23T12:45:26+00:00\",\"dateModified\":\"2026-04-22T03:04:23+00:00\",\"description\":\"Wir stellen vor: Chipper! Lebendig und schrullig auf seine eigene Art. Diese kleine coole Tischleuchte zaubert uns ein breites L\u00e4cheln ins Gesicht. Die\",\"breadcrumb\":{\"@id\":\"https:\/\/hubsch-interior.com\/de\/produkt\/chipper-tischlampe-sandfarben-burgundy\/#breadcrumb\"},\"inLanguage\":\"de\",\"potentialAction\":[{\"@type\":\"ReadAction\",\"target\":[\"https:\/\/hubsch-interior.com\/de\/produkt\/chipper-tischlampe-sandfarben-burgundy\/\"]}]},{\"@type\":\"ImageObject\",\"inLanguage\":\"de\",\"@id\":\"https:\/\/hubsch-interior.com\/de\/produkt\/chipper-tischlampe-sandfarben-burgundy\/#primaryimage\",\"url\":\"https:\/\/hubsch-interior.com\/wp-content\/uploads\/2026\/02\/chipper-table-lamp-sandburgundy-7b871fd2240b98397a39a459bc938122.jpg\",\"contentUrl\":\"https:\/\/hubsch-interior.com\/wp-content\/uploads\/2026\/02\/chipper-table-lamp-sandburgundy-7b871fd2240b98397a39a459bc938122.jpg\",\"width\":1024,\"height\":1024},{\"@type\":\"BreadcrumbList\",\"@id\":\"https:\/\/hubsch-interior.com\/de\/produkt\/chipper-tischlampe-sandfarben-burgundy\/#breadcrumb\",\"itemListElement\":[{\"@type\":\"ListItem\",\"position\":1,\"name\":\"Startseite\",\"item\":\"https:\/\/hubsch-interior.com\/de\/\"},{\"@type\":\"ListItem\",\"position\":2,\"name\":\"Produkte\",\"item\":\"https:\/\/hubsch-interior.com\/de\/shop-2\/\"},{\"@type\":\"ListItem\",\"position\":3,\"name\":\"Beleuchtung\",\"item\":\"https:\/\/hubsch-interior.com\/de\/produkt-kategorie\/beleuchtung\/\"},{\"@type\":\"ListItem\",\"position\":4,\"name\":\"Tischlampen\",\"item\":\"https:\/\/hubsch-interior.com\/de\/produkt-kategorie\/beleuchtung\/tischlampen-de\/\"},{\"@type\":\"ListItem\",\"position\":5,\"name\":\"Chipper Tischlampe Sandfarben\/Burgundy\"}]},{\"@type\":\"WebSite\",\"@id\":\"https:\/\/hubsch-interior.com\/de\/#website\",\"url\":\"https:\/\/hubsch-interior.com\/de\/\",\"name\":\"H\u00fcbsch\",\"description\":\"Danish Home Interior and Design\",\"publisher\":{\"@id\":\"https:\/\/hubsch-interior.com\/de\/#organization\"},\"potentialAction\":[{\"@type\":\"SearchAction\",\"target\":{\"@type\":\"EntryPoint\",\"urlTemplate\":\"https:\/\/hubsch-interior.com\/de\/?s={search_term_string}\"},\"query-input\":{\"@type\":\"PropertyValueSpecification\",\"valueRequired\":true,\"valueName\":\"search_term_string\"}}],\"inLanguage\":\"de\"},{\"@type\":\"Organization\",\"@id\":\"https:\/\/hubsch-interior.com\/de\/#organization\",\"name\":\"H\u00fcbsch\",\"url\":\"https:\/\/hubsch-interior.com\/de\/\",\"logo\":{\"@type\":\"ImageObject\",\"inLanguage\":\"de\",\"@id\":\"https:\/\/hubsch-interior.com\/de\/#\/schema\/logo\/image\/\",\"url\":\"https:\/\/hubsch-interior.com\/wp-content\/uploads\/2022\/12\/Hubsch_logo_black_one_line.svg\",\"contentUrl\":\"https:\/\/hubsch-interior.com\/wp-content\/uploads\/2022\/12\/Hubsch_logo_black_one_line.svg\",\"caption\":\"H\u00fcbsch\"},\"image\":{\"@id\":\"https:\/\/hubsch-interior.com\/de\/#\/schema\/logo\/image\/\"}}]}<\/script>\n<!-- \/ Yoast SEO plugin. -->","yoast_head_json":{"title":"Chipper Tischlampe Sandfarben\/Burgundy - H\u00fcbsch","description":"Wir stellen vor: Chipper! Lebendig und schrullig auf seine eigene Art. Diese kleine coole Tischleuchte zaubert uns ein breites L\u00e4cheln ins Gesicht. Die","robots":{"index":"index","follow":"follow","max-snippet":"max-snippet:-1","max-image-preview":"max-image-preview:large","max-video-preview":"max-video-preview:-1"},"canonical":"https:\/\/hubsch-interior.com\/de\/wp-json\/wp\/v2\/product\/809117","og_locale":"de_DE","og_type":"article","og_title":"Chipper Tischlampe Sandfarben\/Burgundy - H\u00fcbsch","og_description":"Wir stellen vor: Chipper! Lebendig und schrullig auf seine eigene Art. Diese kleine coole Tischleuchte zaubert uns ein breites L\u00e4cheln ins Gesicht. Die","og_url":"https:\/\/hubsch-interior.com\/de\/produkt\/chipper-tischlampe-sandfarben-burgundy\/","og_site_name":"H\u00fcbsch","article_modified_time":"2026-04-22T03:04:23+00:00","og_image":[{"width":1200,"height":1200,"url":"https:\/\/hubsch-interior.com\/wp-content\/uploads\/2024\/05\/chipper-table-lamp-sandburgundy-b050da52c2910d9a30c99498f0537d28.jpg","type":"image\/jpeg"}],"twitter_card":"summary_large_image","schema":{"@context":"https:\/\/schema.org","@graph":[{"@type":"WebPage","@id":"https:\/\/hubsch-interior.com\/de\/produkt\/chipper-tischlampe-sandfarben-burgundy\/","url":"https:\/\/hubsch-interior.com\/de\/produkt\/chipper-tischlampe-sandfarben-burgundy\/","name":"Chipper Tischlampe Sandfarben\/Burgundy - H\u00fcbsch","isPartOf":{"@id":"https:\/\/hubsch-interior.com\/de\/#website"},"primaryImageOfPage":{"@id":"https:\/\/hubsch-interior.com\/de\/produkt\/chipper-tischlampe-sandfarben-burgundy\/#primaryimage"},"image":{"@id":"https:\/\/hubsch-interior.com\/de\/produkt\/chipper-tischlampe-sandfarben-burgundy\/#primaryimage"},"thumbnailUrl":"https:\/\/hubsch-interior.com\/wp-content\/uploads\/2026\/02\/chipper-table-lamp-sandburgundy-7b871fd2240b98397a39a459bc938122.jpg","datePublished":"2022-08-23T12:45:26+00:00","dateModified":"2026-04-22T03:04:23+00:00","description":"Wir stellen vor: Chipper! Lebendig und schrullig auf seine eigene Art. Diese kleine coole Tischleuchte zaubert uns ein breites L\u00e4cheln ins Gesicht. Die","breadcrumb":{"@id":"https:\/\/hubsch-interior.com\/de\/produkt\/chipper-tischlampe-sandfarben-burgundy\/#breadcrumb"},"inLanguage":"de","potentialAction":[{"@type":"ReadAction","target":["https:\/\/hubsch-interior.com\/de\/produkt\/chipper-tischlampe-sandfarben-burgundy\/"]}]},{"@type":"ImageObject","inLanguage":"de","@id":"https:\/\/hubsch-interior.com\/de\/produkt\/chipper-tischlampe-sandfarben-burgundy\/#primaryimage","url":"https:\/\/hubsch-interior.com\/wp-content\/uploads\/2026\/02\/chipper-table-lamp-sandburgundy-7b871fd2240b98397a39a459bc938122.jpg","contentUrl":"https:\/\/hubsch-interior.com\/wp-content\/uploads\/2026\/02\/chipper-table-lamp-sandburgundy-7b871fd2240b98397a39a459bc938122.jpg","width":1024,"height":1024},{"@type":"BreadcrumbList","@id":"https:\/\/hubsch-interior.com\/de\/produkt\/chipper-tischlampe-sandfarben-burgundy\/#breadcrumb","itemListElement":[{"@type":"ListItem","position":1,"name":"Startseite","item":"https:\/\/hubsch-interior.com\/de\/"},{"@type":"ListItem","position":2,"name":"Produkte","item":"https:\/\/hubsch-interior.com\/de\/shop-2\/"},{"@type":"ListItem","position":3,"name":"Beleuchtung","item":"https:\/\/hubsch-interior.com\/de\/produkt-kategorie\/beleuchtung\/"},{"@type":"ListItem","position":4,"name":"Tischlampen","item":"https:\/\/hubsch-interior.com\/de\/produkt-kategorie\/beleuchtung\/tischlampen-de\/"},{"@type":"ListItem","position":5,"name":"Chipper Tischlampe Sandfarben\/Burgundy"}]},{"@type":"WebSite","@id":"https:\/\/hubsch-interior.com\/de\/#website","url":"https:\/\/hubsch-interior.com\/de\/","name":"H\u00fcbsch","description":"Danish Home Interior and Design","publisher":{"@id":"https:\/\/hubsch-interior.com\/de\/#organization"},"potentialAction":[{"@type":"SearchAction","target":{"@type":"EntryPoint","urlTemplate":"https:\/\/hubsch-interior.com\/de\/?s={search_term_string}"},"query-input":{"@type":"PropertyValueSpecification","valueRequired":true,"valueName":"search_term_string"}}],"inLanguage":"de"},{"@type":"Organization","@id":"https:\/\/hubsch-interior.com\/de\/#organization","name":"H\u00fcbsch","url":"https:\/\/hubsch-interior.com\/de\/","logo":{"@type":"ImageObject","inLanguage":"de","@id":"https:\/\/hubsch-interior.com\/de\/#\/schema\/logo\/image\/","url":"https:\/\/hubsch-interior.com\/wp-content\/uploads\/2022\/12\/Hubsch_logo_black_one_line.svg","contentUrl":"https:\/\/hubsch-interior.com\/wp-content\/uploads\/2022\/12\/Hubsch_logo_black_one_line.svg","caption":"H\u00fcbsch"},"image":{"@id":"https:\/\/hubsch-interior.com\/de\/#\/schema\/logo\/image\/"}}]}},"_links":{"self":[{"href":"https:\/\/hubsch-interior.com\/de\/wp-json\/wp\/v2\/product\/809117","targetHints":{"allow":["GET"]}}],"collection":[{"href":"https:\/\/hubsch-interior.com\/de\/wp-json\/wp\/v2\/product"}],"about":[{"href":"https:\/\/hubsch-interior.com\/de\/wp-json\/wp\/v2\/types\/product"}],"wp:featuredmedia":[{"embeddable":true,"href":"https:\/\/hubsch-interior.com\/de\/wp-json\/wp\/v2\/media\/1106608"}],"wp:attachment":[{"href":"https:\/\/hubsch-interior.com\/de\/wp-json\/wp\/v2\/media?parent=809117"}],"wp:term":[{"taxonomy":"product_brand","embeddable":true,"href":"https:\/\/hubsch-interior.com\/de\/wp-json\/wp\/v2\/product_brand?post=809117"},{"taxonomy":"product_cat","embeddable":true,"href":"https:\/\/hubsch-interior.com\/de\/wp-json\/wp\/v2\/product_cat?post=809117"},{"taxonomy":"product_tag","embeddable":true,"href":"https:\/\/hubsch-interior.com\/de\/wp-json\/wp\/v2\/product_tag?post=809117"}],"curies":[{"name":"wp","href":"https:\/\/api.w.org\/{rel}","templated":true}]}}