{"id":809157,"date":"2022-08-23T14:46:15","date_gmt":"2022-08-23T12:46:15","guid":{"rendered":"https:\/\/hubsch-interior.com\/product\/product\/"},"modified":"2026-04-09T05:02:52","modified_gmt":"2026-04-09T03:02:52","slug":"current-wandleuchte-rot","status":"publish","type":"product","link":"https:\/\/hubsch-interior.com\/de\/produkt\/current-wandleuchte-rot\/","title":{"rendered":"Current Wandleuchte Rot"},"content":{"rendered":"<p>Grafisch, schrullig und einfach umwerfend! Die Current Wall Light ist ein echtes Pi\u00e8ce de R\u00e9sistance, das einfach wahnsinnig gut aussieht! Ja, wir sind wirklich begeistert \u2013 und das nicht ohne Grund. Die Current Wall Light ist in vielerlei Hinsicht faszinierend: Nicht nur, dass sie ziemlich gro\u00df ist, sondern auch, dass die mutige Formensprache und die Farbkombination so gut mit dem opalen, abgerundeten Glasschirm harmonieren \u2013 f\u00fcr ein perfekt abgestimmtes Gesamtbild. Das gr\u00fcne Stoffkabel macht die Pr\u00e4senz der Current Wall Light zus\u00e4tzlich zum Blickfang. Einfach wow!<\/p>\n","protected":false},"excerpt":{"rendered":"<p>Grafisch, schrullig und einfach umwerfend! Die Current Wall Light ist ein echtes Pi\u00e8ce de R\u00e9sistance, das einfach wahnsinnig gut aussieht! Ja, wir sind wirklich begeistert \u2013 und das nicht ohne Grund. Die Current Wall Light ist in vielerlei Hinsicht faszinierend: Nicht nur, dass sie ziemlich gro\u00df ist, sondern auch, dass die mutige Formensprache und die [&hellip;]<\/p>\n","protected":false},"featured_media":1106640,"template":"","meta":{"_acf_changed":false,"inline_featured_image":false},"product_brand":[],"product_cat":[6944,6380,3809,3409,5027,5031],"product_tag":[],"class_list":{"0":"post-809157","1":"product","2":"type-product","3":"status-publish","4":"has-post-thumbnail","6":"product_cat-bestseller-2025-de","7":"product_cat-always-a-twist-de","8":"product_cat-beleuchtung","9":"product_cat-wandlampen-de","10":"product_cat-bestsellers-de","11":"product_cat-wieder-auf-lager-de","12":"product_shipping_class-pk","14":"pa_color-rot-2","15":"pa_material-eisen-de","16":"pa_material-glas-de","18":"first","19":"instock","20":"featured","21":"taxable","22":"shipping-taxable","23":"purchasable","24":"product-type-simple"},"exclude_global_add_ons":[],"addons":[],"acf":[],"yoast_head":"<!-- This site is optimized with the Yoast SEO plugin v26.4 - https:\/\/yoast.com\/wordpress\/plugins\/seo\/ -->\n<title>Current Wandleuchte Rot - H\u00fcbsch<\/title>\n<meta name=\"description\" content=\"Grafisch, schrullig und einfach umwerfend! Die Current Wall Light ist ein echtes Pi\u00e8ce de R\u00e9sistance, das einfach wahnsinnig gut aussieht! Ja, wir sind\" \/>\n<meta name=\"robots\" content=\"index, follow, max-snippet:-1, max-image-preview:large, max-video-preview:-1\" \/>\n<link rel=\"canonical\" href=\"https:\/\/hubsch-interior.com\/de\/wp-json\/wp\/v2\/product\/809157\" \/>\n<meta property=\"og:locale\" content=\"de_DE\" \/>\n<meta property=\"og:type\" content=\"article\" \/>\n<meta property=\"og:title\" content=\"Current Wandleuchte Rot - H\u00fcbsch\" \/>\n<meta property=\"og:description\" content=\"Grafisch, schrullig und einfach umwerfend! Die Current Wall Light ist ein echtes Pi\u00e8ce de R\u00e9sistance, das einfach wahnsinnig gut aussieht! Ja, wir sind\" \/>\n<meta property=\"og:url\" content=\"https:\/\/hubsch-interior.com\/de\/produkt\/current-wandleuchte-rot\/\" \/>\n<meta property=\"og:site_name\" content=\"H\u00fcbsch\" \/>\n<meta property=\"article:modified_time\" content=\"2026-04-09T03:02:52+00:00\" \/>\n<meta property=\"og:image\" content=\"https:\/\/hubsch-interior.com\/wp-content\/uploads\/2023\/08\/current-wall-light-redmaroon-f8353952c8988d56263428d4ea3c40a6.jpg\" \/>\n\t<meta property=\"og:image:width\" content=\"1200\" \/>\n\t<meta property=\"og:image:height\" content=\"1200\" \/>\n\t<meta property=\"og:image:type\" content=\"image\/jpeg\" \/>\n<meta name=\"twitter:card\" content=\"summary_large_image\" \/>\n<script type=\"application\/ld+json\" class=\"yoast-schema-graph\">{\"@context\":\"https:\/\/schema.org\",\"@graph\":[{\"@type\":\"WebPage\",\"@id\":\"https:\/\/hubsch-interior.com\/de\/produkt\/current-wandleuchte-rot\/\",\"url\":\"https:\/\/hubsch-interior.com\/de\/produkt\/current-wandleuchte-rot\/\",\"name\":\"Current Wandleuchte Rot - H\u00fcbsch\",\"isPartOf\":{\"@id\":\"https:\/\/hubsch-interior.com\/de\/#website\"},\"primaryImageOfPage\":{\"@id\":\"https:\/\/hubsch-interior.com\/de\/produkt\/current-wandleuchte-rot\/#primaryimage\"},\"image\":{\"@id\":\"https:\/\/hubsch-interior.com\/de\/produkt\/current-wandleuchte-rot\/#primaryimage\"},\"thumbnailUrl\":\"https:\/\/hubsch-interior.com\/wp-content\/uploads\/2026\/02\/current-wall-light-red-e37bf9f0c94e59e833e4965efec92bb6.jpg\",\"datePublished\":\"2022-08-23T12:46:15+00:00\",\"dateModified\":\"2026-04-09T03:02:52+00:00\",\"description\":\"Grafisch, schrullig und einfach umwerfend! Die Current Wall Light ist ein echtes Pi\u00e8ce de R\u00e9sistance, das einfach wahnsinnig gut aussieht! Ja, wir sind\",\"breadcrumb\":{\"@id\":\"https:\/\/hubsch-interior.com\/de\/produkt\/current-wandleuchte-rot\/#breadcrumb\"},\"inLanguage\":\"de\",\"potentialAction\":[{\"@type\":\"ReadAction\",\"target\":[\"https:\/\/hubsch-interior.com\/de\/produkt\/current-wandleuchte-rot\/\"]}]},{\"@type\":\"ImageObject\",\"inLanguage\":\"de\",\"@id\":\"https:\/\/hubsch-interior.com\/de\/produkt\/current-wandleuchte-rot\/#primaryimage\",\"url\":\"https:\/\/hubsch-interior.com\/wp-content\/uploads\/2026\/02\/current-wall-light-red-e37bf9f0c94e59e833e4965efec92bb6.jpg\",\"contentUrl\":\"https:\/\/hubsch-interior.com\/wp-content\/uploads\/2026\/02\/current-wall-light-red-e37bf9f0c94e59e833e4965efec92bb6.jpg\",\"width\":1024,\"height\":1024},{\"@type\":\"BreadcrumbList\",\"@id\":\"https:\/\/hubsch-interior.com\/de\/produkt\/current-wandleuchte-rot\/#breadcrumb\",\"itemListElement\":[{\"@type\":\"ListItem\",\"position\":1,\"name\":\"Startseite\",\"item\":\"https:\/\/hubsch-interior.com\/de\/\"},{\"@type\":\"ListItem\",\"position\":2,\"name\":\"Produkte\",\"item\":\"https:\/\/hubsch-interior.com\/de\/shop-2\/\"},{\"@type\":\"ListItem\",\"position\":3,\"name\":\"Beleuchtung\",\"item\":\"https:\/\/hubsch-interior.com\/de\/produkt-kategorie\/beleuchtung\/\"},{\"@type\":\"ListItem\",\"position\":4,\"name\":\"Wandlampen\",\"item\":\"https:\/\/hubsch-interior.com\/de\/produkt-kategorie\/beleuchtung\/wandlampen-de\/\"},{\"@type\":\"ListItem\",\"position\":5,\"name\":\"Current Wandleuchte Rot\"}]},{\"@type\":\"WebSite\",\"@id\":\"https:\/\/hubsch-interior.com\/de\/#website\",\"url\":\"https:\/\/hubsch-interior.com\/de\/\",\"name\":\"H\u00fcbsch\",\"description\":\"Danish Home Interior and Design\",\"publisher\":{\"@id\":\"https:\/\/hubsch-interior.com\/de\/#organization\"},\"potentialAction\":[{\"@type\":\"SearchAction\",\"target\":{\"@type\":\"EntryPoint\",\"urlTemplate\":\"https:\/\/hubsch-interior.com\/de\/?s={search_term_string}\"},\"query-input\":{\"@type\":\"PropertyValueSpecification\",\"valueRequired\":true,\"valueName\":\"search_term_string\"}}],\"inLanguage\":\"de\"},{\"@type\":\"Organization\",\"@id\":\"https:\/\/hubsch-interior.com\/de\/#organization\",\"name\":\"H\u00fcbsch\",\"url\":\"https:\/\/hubsch-interior.com\/de\/\",\"logo\":{\"@type\":\"ImageObject\",\"inLanguage\":\"de\",\"@id\":\"https:\/\/hubsch-interior.com\/de\/#\/schema\/logo\/image\/\",\"url\":\"https:\/\/hubsch-interior.com\/wp-content\/uploads\/2022\/12\/Hubsch_logo_black_one_line.svg\",\"contentUrl\":\"https:\/\/hubsch-interior.com\/wp-content\/uploads\/2022\/12\/Hubsch_logo_black_one_line.svg\",\"caption\":\"H\u00fcbsch\"},\"image\":{\"@id\":\"https:\/\/hubsch-interior.com\/de\/#\/schema\/logo\/image\/\"}}]}<\/script>\n<!-- \/ Yoast SEO plugin. -->","yoast_head_json":{"title":"Current Wandleuchte Rot - H\u00fcbsch","description":"Grafisch, schrullig und einfach umwerfend! Die Current Wall Light ist ein echtes Pi\u00e8ce de R\u00e9sistance, das einfach wahnsinnig gut aussieht! Ja, wir sind","robots":{"index":"index","follow":"follow","max-snippet":"max-snippet:-1","max-image-preview":"max-image-preview:large","max-video-preview":"max-video-preview:-1"},"canonical":"https:\/\/hubsch-interior.com\/de\/wp-json\/wp\/v2\/product\/809157","og_locale":"de_DE","og_type":"article","og_title":"Current Wandleuchte Rot - H\u00fcbsch","og_description":"Grafisch, schrullig und einfach umwerfend! Die Current Wall Light ist ein echtes Pi\u00e8ce de R\u00e9sistance, das einfach wahnsinnig gut aussieht! Ja, wir sind","og_url":"https:\/\/hubsch-interior.com\/de\/produkt\/current-wandleuchte-rot\/","og_site_name":"H\u00fcbsch","article_modified_time":"2026-04-09T03:02:52+00:00","og_image":[{"width":1200,"height":1200,"url":"https:\/\/hubsch-interior.com\/wp-content\/uploads\/2023\/08\/current-wall-light-redmaroon-f8353952c8988d56263428d4ea3c40a6.jpg","type":"image\/jpeg"}],"twitter_card":"summary_large_image","schema":{"@context":"https:\/\/schema.org","@graph":[{"@type":"WebPage","@id":"https:\/\/hubsch-interior.com\/de\/produkt\/current-wandleuchte-rot\/","url":"https:\/\/hubsch-interior.com\/de\/produkt\/current-wandleuchte-rot\/","name":"Current Wandleuchte Rot - H\u00fcbsch","isPartOf":{"@id":"https:\/\/hubsch-interior.com\/de\/#website"},"primaryImageOfPage":{"@id":"https:\/\/hubsch-interior.com\/de\/produkt\/current-wandleuchte-rot\/#primaryimage"},"image":{"@id":"https:\/\/hubsch-interior.com\/de\/produkt\/current-wandleuchte-rot\/#primaryimage"},"thumbnailUrl":"https:\/\/hubsch-interior.com\/wp-content\/uploads\/2026\/02\/current-wall-light-red-e37bf9f0c94e59e833e4965efec92bb6.jpg","datePublished":"2022-08-23T12:46:15+00:00","dateModified":"2026-04-09T03:02:52+00:00","description":"Grafisch, schrullig und einfach umwerfend! Die Current Wall Light ist ein echtes Pi\u00e8ce de R\u00e9sistance, das einfach wahnsinnig gut aussieht! Ja, wir sind","breadcrumb":{"@id":"https:\/\/hubsch-interior.com\/de\/produkt\/current-wandleuchte-rot\/#breadcrumb"},"inLanguage":"de","potentialAction":[{"@type":"ReadAction","target":["https:\/\/hubsch-interior.com\/de\/produkt\/current-wandleuchte-rot\/"]}]},{"@type":"ImageObject","inLanguage":"de","@id":"https:\/\/hubsch-interior.com\/de\/produkt\/current-wandleuchte-rot\/#primaryimage","url":"https:\/\/hubsch-interior.com\/wp-content\/uploads\/2026\/02\/current-wall-light-red-e37bf9f0c94e59e833e4965efec92bb6.jpg","contentUrl":"https:\/\/hubsch-interior.com\/wp-content\/uploads\/2026\/02\/current-wall-light-red-e37bf9f0c94e59e833e4965efec92bb6.jpg","width":1024,"height":1024},{"@type":"BreadcrumbList","@id":"https:\/\/hubsch-interior.com\/de\/produkt\/current-wandleuchte-rot\/#breadcrumb","itemListElement":[{"@type":"ListItem","position":1,"name":"Startseite","item":"https:\/\/hubsch-interior.com\/de\/"},{"@type":"ListItem","position":2,"name":"Produkte","item":"https:\/\/hubsch-interior.com\/de\/shop-2\/"},{"@type":"ListItem","position":3,"name":"Beleuchtung","item":"https:\/\/hubsch-interior.com\/de\/produkt-kategorie\/beleuchtung\/"},{"@type":"ListItem","position":4,"name":"Wandlampen","item":"https:\/\/hubsch-interior.com\/de\/produkt-kategorie\/beleuchtung\/wandlampen-de\/"},{"@type":"ListItem","position":5,"name":"Current Wandleuchte Rot"}]},{"@type":"WebSite","@id":"https:\/\/hubsch-interior.com\/de\/#website","url":"https:\/\/hubsch-interior.com\/de\/","name":"H\u00fcbsch","description":"Danish Home Interior and Design","publisher":{"@id":"https:\/\/hubsch-interior.com\/de\/#organization"},"potentialAction":[{"@type":"SearchAction","target":{"@type":"EntryPoint","urlTemplate":"https:\/\/hubsch-interior.com\/de\/?s={search_term_string}"},"query-input":{"@type":"PropertyValueSpecification","valueRequired":true,"valueName":"search_term_string"}}],"inLanguage":"de"},{"@type":"Organization","@id":"https:\/\/hubsch-interior.com\/de\/#organization","name":"H\u00fcbsch","url":"https:\/\/hubsch-interior.com\/de\/","logo":{"@type":"ImageObject","inLanguage":"de","@id":"https:\/\/hubsch-interior.com\/de\/#\/schema\/logo\/image\/","url":"https:\/\/hubsch-interior.com\/wp-content\/uploads\/2022\/12\/Hubsch_logo_black_one_line.svg","contentUrl":"https:\/\/hubsch-interior.com\/wp-content\/uploads\/2022\/12\/Hubsch_logo_black_one_line.svg","caption":"H\u00fcbsch"},"image":{"@id":"https:\/\/hubsch-interior.com\/de\/#\/schema\/logo\/image\/"}}]}},"_links":{"self":[{"href":"https:\/\/hubsch-interior.com\/de\/wp-json\/wp\/v2\/product\/809157","targetHints":{"allow":["GET"]}}],"collection":[{"href":"https:\/\/hubsch-interior.com\/de\/wp-json\/wp\/v2\/product"}],"about":[{"href":"https:\/\/hubsch-interior.com\/de\/wp-json\/wp\/v2\/types\/product"}],"wp:featuredmedia":[{"embeddable":true,"href":"https:\/\/hubsch-interior.com\/de\/wp-json\/wp\/v2\/media\/1106640"}],"wp:attachment":[{"href":"https:\/\/hubsch-interior.com\/de\/wp-json\/wp\/v2\/media?parent=809157"}],"wp:term":[{"taxonomy":"product_brand","embeddable":true,"href":"https:\/\/hubsch-interior.com\/de\/wp-json\/wp\/v2\/product_brand?post=809157"},{"taxonomy":"product_cat","embeddable":true,"href":"https:\/\/hubsch-interior.com\/de\/wp-json\/wp\/v2\/product_cat?post=809157"},{"taxonomy":"product_tag","embeddable":true,"href":"https:\/\/hubsch-interior.com\/de\/wp-json\/wp\/v2\/product_tag?post=809157"}],"curies":[{"name":"wp","href":"https:\/\/api.w.org\/{rel}","templated":true}]}}