{"id":809193,"date":"2022-08-23T14:46:42","date_gmt":"2022-08-23T12:46:42","guid":{"rendered":"https:\/\/hubsch-interior.com\/product\/product\/"},"modified":"2026-04-09T05:17:34","modified_gmt":"2026-04-09T03:17:34","slug":"chand-hangelampe-trapez-naturfarben","status":"publish","type":"product","link":"https:\/\/hubsch-interior.com\/de\/produkt\/chand-hangelampe-trapez-naturfarben\/","title":{"rendered":"Chand H\u00e4ngelampe Trapez Naturfarben"},"content":{"rendered":"<p>In der letzten Saison haben wir unsere Kollektion um eine Auswahl an Flechtlampen aus hochwertigem Rattan erweitert. Mit dieser Kollektion haben wir das Design in Bezug auf Gr\u00f6\u00dfe und Form noch ein bisschen weiterentwickelt und mit einem Hauch von Rot einen coolen Twist hinzugef\u00fcgt. Die Chand Ceiling Light bereichert mit ihrer wundersch\u00f6nen Form nicht nur Ihre R\u00e4ume, sondern erhellt auch viele ausgedehnte Gespr\u00e4che beim Abendessen. Ihre Pr\u00e4senz und ihre Wirkung im Raum haben einfach etwas ganz Besonderes. <\/p>\n","protected":false},"excerpt":{"rendered":"<p>In der letzten Saison haben wir unsere Kollektion um eine Auswahl an Flechtlampen aus hochwertigem Rattan erweitert. Mit dieser Kollektion haben wir das Design in Bezug auf Gr\u00f6\u00dfe und Form noch ein bisschen weiterentwickelt und mit einem Hauch von Rot einen coolen Twist hinzugef\u00fcgt. Die Chand Ceiling Light bereichert mit ihrer wundersch\u00f6nen Form nicht nur [&hellip;]<\/p>\n","protected":false},"featured_media":1110446,"template":"","meta":{"_acf_changed":false,"inline_featured_image":false},"product_brand":[],"product_cat":[6380,6323,3809,4148,5027],"product_tag":[],"class_list":{"0":"post-809193","1":"product","2":"type-product","3":"status-publish","4":"has-post-thumbnail","6":"product_cat-always-a-twist-de","7":"product_cat-fsc-de","8":"product_cat-beleuchtung","9":"product_cat-haengelampen-de","10":"product_cat-bestsellers-de","11":"product_shipping_class-p10","13":"pa_color-naturfarben-2","14":"pa_material-rattan-de","16":"first","17":"instock","18":"featured","19":"taxable","20":"shipping-taxable","21":"purchasable","22":"product-type-simple"},"exclude_global_add_ons":[],"addons":[],"acf":[],"yoast_head":"<!-- This site is optimized with the Yoast SEO plugin v26.4 - https:\/\/yoast.com\/wordpress\/plugins\/seo\/ -->\n<title>Chand H\u00e4ngelampe Trapez Naturfarben - H\u00fcbsch<\/title>\n<meta name=\"description\" content=\"In der letzten Saison haben wir unsere Kollektion um eine Auswahl an Flechtlampen aus hochwertigem Rattan erweitert. Mit dieser Kollektion haben wir das\" \/>\n<meta name=\"robots\" content=\"index, follow, max-snippet:-1, max-image-preview:large, max-video-preview:-1\" \/>\n<link rel=\"canonical\" href=\"https:\/\/hubsch-interior.com\/de\/wp-json\/wp\/v2\/product\/809193\" \/>\n<meta property=\"og:locale\" content=\"de_DE\" \/>\n<meta property=\"og:type\" content=\"article\" \/>\n<meta property=\"og:title\" content=\"Chand H\u00e4ngelampe Trapez Naturfarben - H\u00fcbsch\" \/>\n<meta property=\"og:description\" content=\"In der letzten Saison haben wir unsere Kollektion um eine Auswahl an Flechtlampen aus hochwertigem Rattan erweitert. Mit dieser Kollektion haben wir das\" \/>\n<meta property=\"og:url\" content=\"https:\/\/hubsch-interior.com\/de\/produkt\/chand-hangelampe-trapez-naturfarben\/\" \/>\n<meta property=\"og:site_name\" content=\"H\u00fcbsch\" \/>\n<meta property=\"article:modified_time\" content=\"2026-04-09T03:17:34+00:00\" \/>\n<meta property=\"og:image\" content=\"https:\/\/hubsch-interior.com\/wp-content\/uploads\/2025\/05\/chand-pendant-trapeze-natural-f0d26fb08662ea3d14380d105efbebf2.jpg\" \/>\n\t<meta property=\"og:image:width\" content=\"1200\" \/>\n\t<meta property=\"og:image:height\" content=\"1200\" \/>\n\t<meta property=\"og:image:type\" content=\"image\/jpeg\" \/>\n<meta name=\"twitter:card\" content=\"summary_large_image\" \/>\n<script type=\"application\/ld+json\" class=\"yoast-schema-graph\">{\"@context\":\"https:\/\/schema.org\",\"@graph\":[{\"@type\":\"WebPage\",\"@id\":\"https:\/\/hubsch-interior.com\/de\/produkt\/chand-hangelampe-trapez-naturfarben\/\",\"url\":\"https:\/\/hubsch-interior.com\/de\/produkt\/chand-hangelampe-trapez-naturfarben\/\",\"name\":\"Chand H\u00e4ngelampe Trapez Naturfarben - H\u00fcbsch\",\"isPartOf\":{\"@id\":\"https:\/\/hubsch-interior.com\/de\/#website\"},\"primaryImageOfPage\":{\"@id\":\"https:\/\/hubsch-interior.com\/de\/produkt\/chand-hangelampe-trapez-naturfarben\/#primaryimage\"},\"image\":{\"@id\":\"https:\/\/hubsch-interior.com\/de\/produkt\/chand-hangelampe-trapez-naturfarben\/#primaryimage\"},\"thumbnailUrl\":\"https:\/\/hubsch-interior.com\/wp-content\/uploads\/2026\/02\/chand-pendant-trapeze-natural-e16b02f93f69f7ff8f3489a60582ff9e.jpg\",\"datePublished\":\"2022-08-23T12:46:42+00:00\",\"dateModified\":\"2026-04-09T03:17:34+00:00\",\"description\":\"In der letzten Saison haben wir unsere Kollektion um eine Auswahl an Flechtlampen aus hochwertigem Rattan erweitert. Mit dieser Kollektion haben wir das\",\"breadcrumb\":{\"@id\":\"https:\/\/hubsch-interior.com\/de\/produkt\/chand-hangelampe-trapez-naturfarben\/#breadcrumb\"},\"inLanguage\":\"de\",\"potentialAction\":[{\"@type\":\"ReadAction\",\"target\":[\"https:\/\/hubsch-interior.com\/de\/produkt\/chand-hangelampe-trapez-naturfarben\/\"]}]},{\"@type\":\"ImageObject\",\"inLanguage\":\"de\",\"@id\":\"https:\/\/hubsch-interior.com\/de\/produkt\/chand-hangelampe-trapez-naturfarben\/#primaryimage\",\"url\":\"https:\/\/hubsch-interior.com\/wp-content\/uploads\/2026\/02\/chand-pendant-trapeze-natural-e16b02f93f69f7ff8f3489a60582ff9e.jpg\",\"contentUrl\":\"https:\/\/hubsch-interior.com\/wp-content\/uploads\/2026\/02\/chand-pendant-trapeze-natural-e16b02f93f69f7ff8f3489a60582ff9e.jpg\",\"width\":1024,\"height\":1024},{\"@type\":\"BreadcrumbList\",\"@id\":\"https:\/\/hubsch-interior.com\/de\/produkt\/chand-hangelampe-trapez-naturfarben\/#breadcrumb\",\"itemListElement\":[{\"@type\":\"ListItem\",\"position\":1,\"name\":\"Startseite\",\"item\":\"https:\/\/hubsch-interior.com\/de\/\"},{\"@type\":\"ListItem\",\"position\":2,\"name\":\"Produkte\",\"item\":\"https:\/\/hubsch-interior.com\/de\/shop-2\/\"},{\"@type\":\"ListItem\",\"position\":3,\"name\":\"Beleuchtung\",\"item\":\"https:\/\/hubsch-interior.com\/de\/produkt-kategorie\/beleuchtung\/\"},{\"@type\":\"ListItem\",\"position\":4,\"name\":\"H&auml;ngelampen\",\"item\":\"https:\/\/hubsch-interior.com\/de\/produkt-kategorie\/beleuchtung\/haengelampen-de\/\"},{\"@type\":\"ListItem\",\"position\":5,\"name\":\"Chand H\u00e4ngelampe Trapez Naturfarben\"}]},{\"@type\":\"WebSite\",\"@id\":\"https:\/\/hubsch-interior.com\/de\/#website\",\"url\":\"https:\/\/hubsch-interior.com\/de\/\",\"name\":\"H\u00fcbsch\",\"description\":\"Danish Home Interior and Design\",\"publisher\":{\"@id\":\"https:\/\/hubsch-interior.com\/de\/#organization\"},\"potentialAction\":[{\"@type\":\"SearchAction\",\"target\":{\"@type\":\"EntryPoint\",\"urlTemplate\":\"https:\/\/hubsch-interior.com\/de\/?s={search_term_string}\"},\"query-input\":{\"@type\":\"PropertyValueSpecification\",\"valueRequired\":true,\"valueName\":\"search_term_string\"}}],\"inLanguage\":\"de\"},{\"@type\":\"Organization\",\"@id\":\"https:\/\/hubsch-interior.com\/de\/#organization\",\"name\":\"H\u00fcbsch\",\"url\":\"https:\/\/hubsch-interior.com\/de\/\",\"logo\":{\"@type\":\"ImageObject\",\"inLanguage\":\"de\",\"@id\":\"https:\/\/hubsch-interior.com\/de\/#\/schema\/logo\/image\/\",\"url\":\"https:\/\/hubsch-interior.com\/wp-content\/uploads\/2022\/12\/Hubsch_logo_black_one_line.svg\",\"contentUrl\":\"https:\/\/hubsch-interior.com\/wp-content\/uploads\/2022\/12\/Hubsch_logo_black_one_line.svg\",\"caption\":\"H\u00fcbsch\"},\"image\":{\"@id\":\"https:\/\/hubsch-interior.com\/de\/#\/schema\/logo\/image\/\"}}]}<\/script>\n<!-- \/ Yoast SEO plugin. -->","yoast_head_json":{"title":"Chand H\u00e4ngelampe Trapez Naturfarben - H\u00fcbsch","description":"In der letzten Saison haben wir unsere Kollektion um eine Auswahl an Flechtlampen aus hochwertigem Rattan erweitert. Mit dieser Kollektion haben wir das","robots":{"index":"index","follow":"follow","max-snippet":"max-snippet:-1","max-image-preview":"max-image-preview:large","max-video-preview":"max-video-preview:-1"},"canonical":"https:\/\/hubsch-interior.com\/de\/wp-json\/wp\/v2\/product\/809193","og_locale":"de_DE","og_type":"article","og_title":"Chand H\u00e4ngelampe Trapez Naturfarben - H\u00fcbsch","og_description":"In der letzten Saison haben wir unsere Kollektion um eine Auswahl an Flechtlampen aus hochwertigem Rattan erweitert. Mit dieser Kollektion haben wir das","og_url":"https:\/\/hubsch-interior.com\/de\/produkt\/chand-hangelampe-trapez-naturfarben\/","og_site_name":"H\u00fcbsch","article_modified_time":"2026-04-09T03:17:34+00:00","og_image":[{"width":1200,"height":1200,"url":"https:\/\/hubsch-interior.com\/wp-content\/uploads\/2025\/05\/chand-pendant-trapeze-natural-f0d26fb08662ea3d14380d105efbebf2.jpg","type":"image\/jpeg"}],"twitter_card":"summary_large_image","schema":{"@context":"https:\/\/schema.org","@graph":[{"@type":"WebPage","@id":"https:\/\/hubsch-interior.com\/de\/produkt\/chand-hangelampe-trapez-naturfarben\/","url":"https:\/\/hubsch-interior.com\/de\/produkt\/chand-hangelampe-trapez-naturfarben\/","name":"Chand H\u00e4ngelampe Trapez Naturfarben - H\u00fcbsch","isPartOf":{"@id":"https:\/\/hubsch-interior.com\/de\/#website"},"primaryImageOfPage":{"@id":"https:\/\/hubsch-interior.com\/de\/produkt\/chand-hangelampe-trapez-naturfarben\/#primaryimage"},"image":{"@id":"https:\/\/hubsch-interior.com\/de\/produkt\/chand-hangelampe-trapez-naturfarben\/#primaryimage"},"thumbnailUrl":"https:\/\/hubsch-interior.com\/wp-content\/uploads\/2026\/02\/chand-pendant-trapeze-natural-e16b02f93f69f7ff8f3489a60582ff9e.jpg","datePublished":"2022-08-23T12:46:42+00:00","dateModified":"2026-04-09T03:17:34+00:00","description":"In der letzten Saison haben wir unsere Kollektion um eine Auswahl an Flechtlampen aus hochwertigem Rattan erweitert. Mit dieser Kollektion haben wir das","breadcrumb":{"@id":"https:\/\/hubsch-interior.com\/de\/produkt\/chand-hangelampe-trapez-naturfarben\/#breadcrumb"},"inLanguage":"de","potentialAction":[{"@type":"ReadAction","target":["https:\/\/hubsch-interior.com\/de\/produkt\/chand-hangelampe-trapez-naturfarben\/"]}]},{"@type":"ImageObject","inLanguage":"de","@id":"https:\/\/hubsch-interior.com\/de\/produkt\/chand-hangelampe-trapez-naturfarben\/#primaryimage","url":"https:\/\/hubsch-interior.com\/wp-content\/uploads\/2026\/02\/chand-pendant-trapeze-natural-e16b02f93f69f7ff8f3489a60582ff9e.jpg","contentUrl":"https:\/\/hubsch-interior.com\/wp-content\/uploads\/2026\/02\/chand-pendant-trapeze-natural-e16b02f93f69f7ff8f3489a60582ff9e.jpg","width":1024,"height":1024},{"@type":"BreadcrumbList","@id":"https:\/\/hubsch-interior.com\/de\/produkt\/chand-hangelampe-trapez-naturfarben\/#breadcrumb","itemListElement":[{"@type":"ListItem","position":1,"name":"Startseite","item":"https:\/\/hubsch-interior.com\/de\/"},{"@type":"ListItem","position":2,"name":"Produkte","item":"https:\/\/hubsch-interior.com\/de\/shop-2\/"},{"@type":"ListItem","position":3,"name":"Beleuchtung","item":"https:\/\/hubsch-interior.com\/de\/produkt-kategorie\/beleuchtung\/"},{"@type":"ListItem","position":4,"name":"H&auml;ngelampen","item":"https:\/\/hubsch-interior.com\/de\/produkt-kategorie\/beleuchtung\/haengelampen-de\/"},{"@type":"ListItem","position":5,"name":"Chand H\u00e4ngelampe Trapez Naturfarben"}]},{"@type":"WebSite","@id":"https:\/\/hubsch-interior.com\/de\/#website","url":"https:\/\/hubsch-interior.com\/de\/","name":"H\u00fcbsch","description":"Danish Home Interior and Design","publisher":{"@id":"https:\/\/hubsch-interior.com\/de\/#organization"},"potentialAction":[{"@type":"SearchAction","target":{"@type":"EntryPoint","urlTemplate":"https:\/\/hubsch-interior.com\/de\/?s={search_term_string}"},"query-input":{"@type":"PropertyValueSpecification","valueRequired":true,"valueName":"search_term_string"}}],"inLanguage":"de"},{"@type":"Organization","@id":"https:\/\/hubsch-interior.com\/de\/#organization","name":"H\u00fcbsch","url":"https:\/\/hubsch-interior.com\/de\/","logo":{"@type":"ImageObject","inLanguage":"de","@id":"https:\/\/hubsch-interior.com\/de\/#\/schema\/logo\/image\/","url":"https:\/\/hubsch-interior.com\/wp-content\/uploads\/2022\/12\/Hubsch_logo_black_one_line.svg","contentUrl":"https:\/\/hubsch-interior.com\/wp-content\/uploads\/2022\/12\/Hubsch_logo_black_one_line.svg","caption":"H\u00fcbsch"},"image":{"@id":"https:\/\/hubsch-interior.com\/de\/#\/schema\/logo\/image\/"}}]}},"_links":{"self":[{"href":"https:\/\/hubsch-interior.com\/de\/wp-json\/wp\/v2\/product\/809193","targetHints":{"allow":["GET"]}}],"collection":[{"href":"https:\/\/hubsch-interior.com\/de\/wp-json\/wp\/v2\/product"}],"about":[{"href":"https:\/\/hubsch-interior.com\/de\/wp-json\/wp\/v2\/types\/product"}],"wp:featuredmedia":[{"embeddable":true,"href":"https:\/\/hubsch-interior.com\/de\/wp-json\/wp\/v2\/media\/1110446"}],"wp:attachment":[{"href":"https:\/\/hubsch-interior.com\/de\/wp-json\/wp\/v2\/media?parent=809193"}],"wp:term":[{"taxonomy":"product_brand","embeddable":true,"href":"https:\/\/hubsch-interior.com\/de\/wp-json\/wp\/v2\/product_brand?post=809193"},{"taxonomy":"product_cat","embeddable":true,"href":"https:\/\/hubsch-interior.com\/de\/wp-json\/wp\/v2\/product_cat?post=809193"},{"taxonomy":"product_tag","embeddable":true,"href":"https:\/\/hubsch-interior.com\/de\/wp-json\/wp\/v2\/product_tag?post=809193"}],"curies":[{"name":"wp","href":"https:\/\/api.w.org\/{rel}","templated":true}]}}