{"id":809750,"date":"2022-08-25T09:56:38","date_gmt":"2022-08-25T07:56:38","guid":{"rendered":"https:\/\/hubsch-interior.com\/product\/product\/"},"modified":"2026-04-05T04:18:18","modified_gmt":"2026-04-05T02:18:18","slug":"dapper-esstisch-square-schwarz","status":"publish","type":"product","link":"https:\/\/hubsch-interior.com\/de\/produkt\/dapper-esstisch-square-schwarz\/","title":{"rendered":"Dapper Esstisch Square Schwarz"},"content":{"rendered":"<p>Bringen wir Freude auf den Tisch! Dieser rechteckige schwarze Esstisch aus Eschenholz wird Sie mit seiner unglaublichen Sch\u00f6nheit einfach gl\u00fccklich machen. Der aus FSC\u00ae-zertifizierter Esche gefertigte Tisch ist solide, stilvoll und gro\u00df genug, um eine gem\u00fctliche Dinnerparty zu veranstalten und f\u00fcr einen Hauch von Drama zu sorgen \u2013 und das auf die bestm\u00f6gliche Art und Weise.<\/p>\n","protected":false},"excerpt":{"rendered":"<p>Bringen wir Freude auf den Tisch! Dieser rechteckige schwarze Esstisch aus Eschenholz wird Sie mit seiner unglaublichen Sch\u00f6nheit einfach gl\u00fccklich machen. Der aus FSC\u00ae-zertifizierter Esche gefertigte Tisch ist solide, stilvoll und gro\u00df genug, um eine gem\u00fctliche Dinnerparty zu veranstalten und f\u00fcr einen Hauch von Drama zu sorgen \u2013 und das auf die bestm\u00f6gliche Art und [&hellip;]<\/p>\n","protected":false},"featured_media":1093384,"template":"","meta":{"_acf_changed":false,"inline_featured_image":false},"product_brand":[],"product_cat":[6380,4216,6323,6519,2861],"product_tag":[],"class_list":{"0":"post-809750","1":"product","2":"type-product","3":"status-publish","4":"has-post-thumbnail","6":"product_cat-always-a-twist-de","7":"product_cat-esstische-de","8":"product_cat-fsc-de","9":"product_cat-outlet-de","10":"product_cat-tische-de","11":"product_shipping_class-p10","13":"pa_color-schwarz","14":"pa_material-eschenholz","15":"pa_material-mdf-de","17":"first","18":"instock","19":"sale","20":"taxable","21":"shipping-taxable","22":"purchasable","23":"product-type-simple"},"exclude_global_add_ons":[],"addons":[],"acf":[],"yoast_head":"<!-- This site is optimized with the Yoast SEO plugin v26.4 - https:\/\/yoast.com\/wordpress\/plugins\/seo\/ -->\n<title>Dapper Esstisch Square Schwarz - H\u00fcbsch<\/title>\n<meta name=\"description\" content=\"Bringen wir Freude auf den Tisch! Dieser rechteckige schwarze Esstisch aus Eschenholz wird Sie mit seiner unglaublichen Sch\u00f6nheit einfach gl\u00fccklich\" \/>\n<meta name=\"robots\" content=\"index, follow, max-snippet:-1, max-image-preview:large, max-video-preview:-1\" \/>\n<link rel=\"canonical\" href=\"https:\/\/hubsch-interior.com\/de\/wp-json\/wp\/v2\/product\/809750\" \/>\n<meta property=\"og:locale\" content=\"de_DE\" \/>\n<meta property=\"og:type\" content=\"article\" \/>\n<meta property=\"og:title\" content=\"Dapper Esstisch Square Schwarz - H\u00fcbsch\" \/>\n<meta property=\"og:description\" content=\"Bringen wir Freude auf den Tisch! Dieser rechteckige schwarze Esstisch aus Eschenholz wird Sie mit seiner unglaublichen Sch\u00f6nheit einfach gl\u00fccklich\" \/>\n<meta property=\"og:url\" content=\"https:\/\/hubsch-interior.com\/de\/produkt\/dapper-esstisch-square-schwarz\/\" \/>\n<meta property=\"og:site_name\" content=\"H\u00fcbsch\" \/>\n<meta property=\"article:modified_time\" content=\"2026-04-05T02:18:18+00:00\" \/>\n<meta property=\"og:image\" content=\"https:\/\/hubsch-interior.com\/wp-content\/uploads\/2023\/08\/dapper-dining-table-square-black-bf62f97be5f56075ba073f1fbf7251a6.jpg\" \/>\n\t<meta property=\"og:image:width\" content=\"1200\" \/>\n\t<meta property=\"og:image:height\" content=\"1200\" \/>\n\t<meta property=\"og:image:type\" content=\"image\/jpeg\" \/>\n<meta name=\"twitter:card\" content=\"summary_large_image\" \/>\n<script type=\"application\/ld+json\" class=\"yoast-schema-graph\">{\"@context\":\"https:\/\/schema.org\",\"@graph\":[{\"@type\":\"WebPage\",\"@id\":\"https:\/\/hubsch-interior.com\/de\/produkt\/dapper-esstisch-square-schwarz\/\",\"url\":\"https:\/\/hubsch-interior.com\/de\/produkt\/dapper-esstisch-square-schwarz\/\",\"name\":\"Dapper Esstisch Square Schwarz - H\u00fcbsch\",\"isPartOf\":{\"@id\":\"https:\/\/hubsch-interior.com\/de\/#website\"},\"primaryImageOfPage\":{\"@id\":\"https:\/\/hubsch-interior.com\/de\/produkt\/dapper-esstisch-square-schwarz\/#primaryimage\"},\"image\":{\"@id\":\"https:\/\/hubsch-interior.com\/de\/produkt\/dapper-esstisch-square-schwarz\/#primaryimage\"},\"thumbnailUrl\":\"https:\/\/hubsch-interior.com\/wp-content\/uploads\/2026\/02\/dapper-dining-table-square-black-86048175fb7e02e91119271e5006ab7c.jpg\",\"datePublished\":\"2022-08-25T07:56:38+00:00\",\"dateModified\":\"2026-04-05T02:18:18+00:00\",\"description\":\"Bringen wir Freude auf den Tisch! Dieser rechteckige schwarze Esstisch aus Eschenholz wird Sie mit seiner unglaublichen Sch\u00f6nheit einfach gl\u00fccklich\",\"breadcrumb\":{\"@id\":\"https:\/\/hubsch-interior.com\/de\/produkt\/dapper-esstisch-square-schwarz\/#breadcrumb\"},\"inLanguage\":\"de\",\"potentialAction\":[{\"@type\":\"ReadAction\",\"target\":[\"https:\/\/hubsch-interior.com\/de\/produkt\/dapper-esstisch-square-schwarz\/\"]}]},{\"@type\":\"ImageObject\",\"inLanguage\":\"de\",\"@id\":\"https:\/\/hubsch-interior.com\/de\/produkt\/dapper-esstisch-square-schwarz\/#primaryimage\",\"url\":\"https:\/\/hubsch-interior.com\/wp-content\/uploads\/2026\/02\/dapper-dining-table-square-black-86048175fb7e02e91119271e5006ab7c.jpg\",\"contentUrl\":\"https:\/\/hubsch-interior.com\/wp-content\/uploads\/2026\/02\/dapper-dining-table-square-black-86048175fb7e02e91119271e5006ab7c.jpg\",\"width\":1024,\"height\":1024},{\"@type\":\"BreadcrumbList\",\"@id\":\"https:\/\/hubsch-interior.com\/de\/produkt\/dapper-esstisch-square-schwarz\/#breadcrumb\",\"itemListElement\":[{\"@type\":\"ListItem\",\"position\":1,\"name\":\"Startseite\",\"item\":\"https:\/\/hubsch-interior.com\/de\/\"},{\"@type\":\"ListItem\",\"position\":2,\"name\":\"Produkte\",\"item\":\"https:\/\/hubsch-interior.com\/de\/shop-2\/\"},{\"@type\":\"ListItem\",\"position\":3,\"name\":\"M\u00f6bel\",\"item\":\"https:\/\/hubsch-interior.com\/de\/produkt-kategorie\/moebel\/\"},{\"@type\":\"ListItem\",\"position\":4,\"name\":\"Tische\",\"item\":\"https:\/\/hubsch-interior.com\/de\/produkt-kategorie\/moebel\/tische-de\/\"},{\"@type\":\"ListItem\",\"position\":5,\"name\":\"Esstische\",\"item\":\"https:\/\/hubsch-interior.com\/de\/produkt-kategorie\/moebel\/tische-de\/esstische-de\/\"},{\"@type\":\"ListItem\",\"position\":6,\"name\":\"Dapper Esstisch Square Schwarz\"}]},{\"@type\":\"WebSite\",\"@id\":\"https:\/\/hubsch-interior.com\/de\/#website\",\"url\":\"https:\/\/hubsch-interior.com\/de\/\",\"name\":\"H\u00fcbsch\",\"description\":\"Danish Home Interior and Design\",\"publisher\":{\"@id\":\"https:\/\/hubsch-interior.com\/de\/#organization\"},\"potentialAction\":[{\"@type\":\"SearchAction\",\"target\":{\"@type\":\"EntryPoint\",\"urlTemplate\":\"https:\/\/hubsch-interior.com\/de\/?s={search_term_string}\"},\"query-input\":{\"@type\":\"PropertyValueSpecification\",\"valueRequired\":true,\"valueName\":\"search_term_string\"}}],\"inLanguage\":\"de\"},{\"@type\":\"Organization\",\"@id\":\"https:\/\/hubsch-interior.com\/de\/#organization\",\"name\":\"H\u00fcbsch\",\"url\":\"https:\/\/hubsch-interior.com\/de\/\",\"logo\":{\"@type\":\"ImageObject\",\"inLanguage\":\"de\",\"@id\":\"https:\/\/hubsch-interior.com\/de\/#\/schema\/logo\/image\/\",\"url\":\"https:\/\/hubsch-interior.com\/wp-content\/uploads\/2022\/12\/Hubsch_logo_black_one_line.svg\",\"contentUrl\":\"https:\/\/hubsch-interior.com\/wp-content\/uploads\/2022\/12\/Hubsch_logo_black_one_line.svg\",\"caption\":\"H\u00fcbsch\"},\"image\":{\"@id\":\"https:\/\/hubsch-interior.com\/de\/#\/schema\/logo\/image\/\"}}]}<\/script>\n<!-- \/ Yoast SEO plugin. -->","yoast_head_json":{"title":"Dapper Esstisch Square Schwarz - H\u00fcbsch","description":"Bringen wir Freude auf den Tisch! Dieser rechteckige schwarze Esstisch aus Eschenholz wird Sie mit seiner unglaublichen Sch\u00f6nheit einfach gl\u00fccklich","robots":{"index":"index","follow":"follow","max-snippet":"max-snippet:-1","max-image-preview":"max-image-preview:large","max-video-preview":"max-video-preview:-1"},"canonical":"https:\/\/hubsch-interior.com\/de\/wp-json\/wp\/v2\/product\/809750","og_locale":"de_DE","og_type":"article","og_title":"Dapper Esstisch Square Schwarz - H\u00fcbsch","og_description":"Bringen wir Freude auf den Tisch! Dieser rechteckige schwarze Esstisch aus Eschenholz wird Sie mit seiner unglaublichen Sch\u00f6nheit einfach gl\u00fccklich","og_url":"https:\/\/hubsch-interior.com\/de\/produkt\/dapper-esstisch-square-schwarz\/","og_site_name":"H\u00fcbsch","article_modified_time":"2026-04-05T02:18:18+00:00","og_image":[{"width":1200,"height":1200,"url":"https:\/\/hubsch-interior.com\/wp-content\/uploads\/2023\/08\/dapper-dining-table-square-black-bf62f97be5f56075ba073f1fbf7251a6.jpg","type":"image\/jpeg"}],"twitter_card":"summary_large_image","schema":{"@context":"https:\/\/schema.org","@graph":[{"@type":"WebPage","@id":"https:\/\/hubsch-interior.com\/de\/produkt\/dapper-esstisch-square-schwarz\/","url":"https:\/\/hubsch-interior.com\/de\/produkt\/dapper-esstisch-square-schwarz\/","name":"Dapper Esstisch Square Schwarz - H\u00fcbsch","isPartOf":{"@id":"https:\/\/hubsch-interior.com\/de\/#website"},"primaryImageOfPage":{"@id":"https:\/\/hubsch-interior.com\/de\/produkt\/dapper-esstisch-square-schwarz\/#primaryimage"},"image":{"@id":"https:\/\/hubsch-interior.com\/de\/produkt\/dapper-esstisch-square-schwarz\/#primaryimage"},"thumbnailUrl":"https:\/\/hubsch-interior.com\/wp-content\/uploads\/2026\/02\/dapper-dining-table-square-black-86048175fb7e02e91119271e5006ab7c.jpg","datePublished":"2022-08-25T07:56:38+00:00","dateModified":"2026-04-05T02:18:18+00:00","description":"Bringen wir Freude auf den Tisch! Dieser rechteckige schwarze Esstisch aus Eschenholz wird Sie mit seiner unglaublichen Sch\u00f6nheit einfach gl\u00fccklich","breadcrumb":{"@id":"https:\/\/hubsch-interior.com\/de\/produkt\/dapper-esstisch-square-schwarz\/#breadcrumb"},"inLanguage":"de","potentialAction":[{"@type":"ReadAction","target":["https:\/\/hubsch-interior.com\/de\/produkt\/dapper-esstisch-square-schwarz\/"]}]},{"@type":"ImageObject","inLanguage":"de","@id":"https:\/\/hubsch-interior.com\/de\/produkt\/dapper-esstisch-square-schwarz\/#primaryimage","url":"https:\/\/hubsch-interior.com\/wp-content\/uploads\/2026\/02\/dapper-dining-table-square-black-86048175fb7e02e91119271e5006ab7c.jpg","contentUrl":"https:\/\/hubsch-interior.com\/wp-content\/uploads\/2026\/02\/dapper-dining-table-square-black-86048175fb7e02e91119271e5006ab7c.jpg","width":1024,"height":1024},{"@type":"BreadcrumbList","@id":"https:\/\/hubsch-interior.com\/de\/produkt\/dapper-esstisch-square-schwarz\/#breadcrumb","itemListElement":[{"@type":"ListItem","position":1,"name":"Startseite","item":"https:\/\/hubsch-interior.com\/de\/"},{"@type":"ListItem","position":2,"name":"Produkte","item":"https:\/\/hubsch-interior.com\/de\/shop-2\/"},{"@type":"ListItem","position":3,"name":"M\u00f6bel","item":"https:\/\/hubsch-interior.com\/de\/produkt-kategorie\/moebel\/"},{"@type":"ListItem","position":4,"name":"Tische","item":"https:\/\/hubsch-interior.com\/de\/produkt-kategorie\/moebel\/tische-de\/"},{"@type":"ListItem","position":5,"name":"Esstische","item":"https:\/\/hubsch-interior.com\/de\/produkt-kategorie\/moebel\/tische-de\/esstische-de\/"},{"@type":"ListItem","position":6,"name":"Dapper Esstisch Square Schwarz"}]},{"@type":"WebSite","@id":"https:\/\/hubsch-interior.com\/de\/#website","url":"https:\/\/hubsch-interior.com\/de\/","name":"H\u00fcbsch","description":"Danish Home Interior and Design","publisher":{"@id":"https:\/\/hubsch-interior.com\/de\/#organization"},"potentialAction":[{"@type":"SearchAction","target":{"@type":"EntryPoint","urlTemplate":"https:\/\/hubsch-interior.com\/de\/?s={search_term_string}"},"query-input":{"@type":"PropertyValueSpecification","valueRequired":true,"valueName":"search_term_string"}}],"inLanguage":"de"},{"@type":"Organization","@id":"https:\/\/hubsch-interior.com\/de\/#organization","name":"H\u00fcbsch","url":"https:\/\/hubsch-interior.com\/de\/","logo":{"@type":"ImageObject","inLanguage":"de","@id":"https:\/\/hubsch-interior.com\/de\/#\/schema\/logo\/image\/","url":"https:\/\/hubsch-interior.com\/wp-content\/uploads\/2022\/12\/Hubsch_logo_black_one_line.svg","contentUrl":"https:\/\/hubsch-interior.com\/wp-content\/uploads\/2022\/12\/Hubsch_logo_black_one_line.svg","caption":"H\u00fcbsch"},"image":{"@id":"https:\/\/hubsch-interior.com\/de\/#\/schema\/logo\/image\/"}}]}},"_links":{"self":[{"href":"https:\/\/hubsch-interior.com\/de\/wp-json\/wp\/v2\/product\/809750","targetHints":{"allow":["GET"]}}],"collection":[{"href":"https:\/\/hubsch-interior.com\/de\/wp-json\/wp\/v2\/product"}],"about":[{"href":"https:\/\/hubsch-interior.com\/de\/wp-json\/wp\/v2\/types\/product"}],"wp:featuredmedia":[{"embeddable":true,"href":"https:\/\/hubsch-interior.com\/de\/wp-json\/wp\/v2\/media\/1093384"}],"wp:attachment":[{"href":"https:\/\/hubsch-interior.com\/de\/wp-json\/wp\/v2\/media?parent=809750"}],"wp:term":[{"taxonomy":"product_brand","embeddable":true,"href":"https:\/\/hubsch-interior.com\/de\/wp-json\/wp\/v2\/product_brand?post=809750"},{"taxonomy":"product_cat","embeddable":true,"href":"https:\/\/hubsch-interior.com\/de\/wp-json\/wp\/v2\/product_cat?post=809750"},{"taxonomy":"product_tag","embeddable":true,"href":"https:\/\/hubsch-interior.com\/de\/wp-json\/wp\/v2\/product_tag?post=809750"}],"curies":[{"name":"wp","href":"https:\/\/api.w.org\/{rel}","templated":true}]}}