{"id":837893,"date":"2022-10-04T07:54:16","date_gmt":"2022-10-04T05:54:16","guid":{"rendered":"https:\/\/hubsch-interior.com\/product\/geschenkgutschein\/"},"modified":"2022-11-09T09:09:41","modified_gmt":"2022-11-09T08:09:41","slug":"geschenkgutschein","status":"publish","type":"product","link":"https:\/\/hubsch-interior.com\/de\/produkt\/geschenkgutschein\/","title":{"rendered":"Geschenkgutschein"},"content":{"rendered":"<p>Fehlt Ihnen die Inspiration f\u00fcr ein Geschenk? Ein Geschenkgutschein ist die perfekte L\u00f6sung f\u00fcr Familie, Freund*innen oder Gesch\u00e4ftspartner*innen. Ob M\u00f6bel, Leuchten, Textilien oder Wohnaccessoires \u2013 mit unserem Geschenkgutschein treffen Sie garantiert ins Schwarze, denn die Wahl liegt bei den Beschenkten. Mit nur einem Klick w\u00e4hlen Sie den gew\u00fcnschten Betrag aus, hinterlassen eine pers\u00f6nliche Nachricht \u2013 und H\u00fcbsch k\u00fcmmert sich um den Rest.<\/p>\n<p>Sobald Ihre Bestellung best\u00e4tigt wurde, erhalten Sie Ihren Geschenkgutschein per E-Mail (innerhalb des n\u00e4chsten Werktages).<\/p>\n<p>Wenn Sie weitere Hilfe ben\u00f6tigen, wenden Sie sich bitte an unseren Kundenservice unter shop@hubsch-interior.com.<\/p>\n","protected":false},"excerpt":{"rendered":"<p>Fehlt Ihnen die Inspiration f\u00fcr ein Geschenk? Ein Geschenkgutschein ist die perfekte L\u00f6sung f\u00fcr Familie, Freund*innen oder Gesch\u00e4ftspartner*innen. Ob M\u00f6bel, Leuchten, Textilien oder Wohnaccessoires \u2013 mit unserem Geschenkgutschein treffen Sie garantiert ins Schwarze, denn die Wahl liegt bei den Beschenkten. Mit nur einem Klick w\u00e4hlen Sie den gew\u00fcnschten Betrag aus, hinterlassen eine pers\u00f6nliche Nachricht \u2013 [&hellip;]<\/p>\n","protected":false},"featured_media":838454,"template":"","meta":{"_acf_changed":false,"inline_featured_image":false},"product_brand":[],"product_cat":[3988],"product_tag":[],"class_list":{"0":"post-837893","1":"product","2":"type-product","3":"status-publish","4":"has-post-thumbnail","6":"product_cat-uncategorized-de","8":"first","9":"instock","10":"virtual","11":"taxable","12":"purchasable","13":"product-type-simple"},"exclude_global_add_ons":false,"addons":[{"name":"Gru\u00df an den Empf\u00e4nger","type":"custom_textarea","position":0,"required":false,"title_format":"label","description_enable":false,"description":"","placeholder_enable":false,"placeholder":"","display":"select","restrictions_type":"any_text","adjust_price":false,"price":"","price_type":"flat_fee","restrictions":false,"min":0,"max":0,"options":[]}],"acf":[],"yoast_head":"<!-- This site is optimized with the Yoast SEO plugin v26.4 - https:\/\/yoast.com\/wordpress\/plugins\/seo\/ -->\n<title>Geschenkgutschein - H\u00fcbsch<\/title>\n<meta name=\"description\" content=\"Fehlt Ihnen die Inspiration f\u00fcr ein Geschenk? Ein Geschenkgutschein ist die perfekte L\u00f6sung f\u00fcr Familie, Freund*innen oder Gesch\u00e4ftspartner*innen. Ob\" \/>\n<meta name=\"robots\" content=\"index, follow, max-snippet:-1, max-image-preview:large, max-video-preview:-1\" \/>\n<link rel=\"canonical\" href=\"https:\/\/hubsch-interior.com\/de\/wp-json\/wp\/v2\/product\/837893\" \/>\n<meta property=\"og:locale\" content=\"de_DE\" \/>\n<meta property=\"og:type\" content=\"article\" \/>\n<meta property=\"og:title\" content=\"Geschenkgutschein - H\u00fcbsch\" \/>\n<meta property=\"og:description\" content=\"Fehlt Ihnen die Inspiration f\u00fcr ein Geschenk? Ein Geschenkgutschein ist die perfekte L\u00f6sung f\u00fcr Familie, Freund*innen oder Gesch\u00e4ftspartner*innen. Ob\" \/>\n<meta property=\"og:url\" content=\"https:\/\/hubsch-interior.com\/de\/produkt\/geschenkgutschein\/\" \/>\n<meta property=\"og:site_name\" content=\"H\u00fcbsch\" \/>\n<meta property=\"article:modified_time\" content=\"2022-11-09T08:09:41+00:00\" \/>\n<meta name=\"twitter:card\" content=\"summary_large_image\" \/>\n<meta name=\"twitter:label1\" content=\"Gesch\u00e4tzte Lesezeit\" \/>\n\t<meta name=\"twitter:data1\" content=\"1\u00a0Minute\" \/>\n<script type=\"application\/ld+json\" class=\"yoast-schema-graph\">{\"@context\":\"https:\/\/schema.org\",\"@graph\":[{\"@type\":\"WebPage\",\"@id\":\"https:\/\/hubsch-interior.com\/de\/produkt\/geschenkgutschein\/\",\"url\":\"https:\/\/hubsch-interior.com\/de\/produkt\/geschenkgutschein\/\",\"name\":\"Geschenkgutschein - H\u00fcbsch\",\"isPartOf\":{\"@id\":\"https:\/\/hubsch-interior.com\/de\/#website\"},\"primaryImageOfPage\":{\"@id\":\"https:\/\/hubsch-interior.com\/de\/produkt\/geschenkgutschein\/#primaryimage\"},\"image\":{\"@id\":\"https:\/\/hubsch-interior.com\/de\/produkt\/geschenkgutschein\/#primaryimage\"},\"thumbnailUrl\":\"https:\/\/hubsch-interior.com\/wp-content\/uploads\/2022\/10\/Hubsch_giftcard_2022_2-scaled.jpg\",\"datePublished\":\"2022-10-04T05:54:16+00:00\",\"dateModified\":\"2022-11-09T08:09:41+00:00\",\"description\":\"Fehlt Ihnen die Inspiration f\u00fcr ein Geschenk? Ein Geschenkgutschein ist die perfekte L\u00f6sung f\u00fcr Familie, Freund*innen oder Gesch\u00e4ftspartner*innen. Ob\",\"breadcrumb\":{\"@id\":\"https:\/\/hubsch-interior.com\/de\/produkt\/geschenkgutschein\/#breadcrumb\"},\"inLanguage\":\"de\",\"potentialAction\":[{\"@type\":\"ReadAction\",\"target\":[\"https:\/\/hubsch-interior.com\/de\/produkt\/geschenkgutschein\/\"]}]},{\"@type\":\"ImageObject\",\"inLanguage\":\"de\",\"@id\":\"https:\/\/hubsch-interior.com\/de\/produkt\/geschenkgutschein\/#primaryimage\",\"url\":\"https:\/\/hubsch-interior.com\/wp-content\/uploads\/2022\/10\/Hubsch_giftcard_2022_2-scaled.jpg\",\"contentUrl\":\"https:\/\/hubsch-interior.com\/wp-content\/uploads\/2022\/10\/Hubsch_giftcard_2022_2-scaled.jpg\",\"width\":2560,\"height\":2560},{\"@type\":\"BreadcrumbList\",\"@id\":\"https:\/\/hubsch-interior.com\/de\/produkt\/geschenkgutschein\/#breadcrumb\",\"itemListElement\":[{\"@type\":\"ListItem\",\"position\":1,\"name\":\"Startseite\",\"item\":\"https:\/\/hubsch-interior.com\/de\/\"},{\"@type\":\"ListItem\",\"position\":2,\"name\":\"Produkte\",\"item\":\"https:\/\/hubsch-interior.com\/de\/shop-2\/\"},{\"@type\":\"ListItem\",\"position\":3,\"name\":\"Uncategorized\",\"item\":\"https:\/\/hubsch-interior.com\/de\/produkt-kategorie\/uncategorized-de\/\"},{\"@type\":\"ListItem\",\"position\":4,\"name\":\"Geschenkgutschein\"}]},{\"@type\":\"WebSite\",\"@id\":\"https:\/\/hubsch-interior.com\/de\/#website\",\"url\":\"https:\/\/hubsch-interior.com\/de\/\",\"name\":\"H\u00fcbsch\",\"description\":\"Danish Home Interior and Design\",\"publisher\":{\"@id\":\"https:\/\/hubsch-interior.com\/de\/#organization\"},\"potentialAction\":[{\"@type\":\"SearchAction\",\"target\":{\"@type\":\"EntryPoint\",\"urlTemplate\":\"https:\/\/hubsch-interior.com\/de\/?s={search_term_string}\"},\"query-input\":{\"@type\":\"PropertyValueSpecification\",\"valueRequired\":true,\"valueName\":\"search_term_string\"}}],\"inLanguage\":\"de\"},{\"@type\":\"Organization\",\"@id\":\"https:\/\/hubsch-interior.com\/de\/#organization\",\"name\":\"H\u00fcbsch\",\"url\":\"https:\/\/hubsch-interior.com\/de\/\",\"logo\":{\"@type\":\"ImageObject\",\"inLanguage\":\"de\",\"@id\":\"https:\/\/hubsch-interior.com\/de\/#\/schema\/logo\/image\/\",\"url\":\"https:\/\/hubsch-interior.com\/wp-content\/uploads\/2022\/12\/Hubsch_logo_black_one_line.svg\",\"contentUrl\":\"https:\/\/hubsch-interior.com\/wp-content\/uploads\/2022\/12\/Hubsch_logo_black_one_line.svg\",\"caption\":\"H\u00fcbsch\"},\"image\":{\"@id\":\"https:\/\/hubsch-interior.com\/de\/#\/schema\/logo\/image\/\"}}]}<\/script>\n<!-- \/ Yoast SEO plugin. -->","yoast_head_json":{"title":"Geschenkgutschein - H\u00fcbsch","description":"Fehlt Ihnen die Inspiration f\u00fcr ein Geschenk? Ein Geschenkgutschein ist die perfekte L\u00f6sung f\u00fcr Familie, Freund*innen oder Gesch\u00e4ftspartner*innen. Ob","robots":{"index":"index","follow":"follow","max-snippet":"max-snippet:-1","max-image-preview":"max-image-preview:large","max-video-preview":"max-video-preview:-1"},"canonical":"https:\/\/hubsch-interior.com\/de\/wp-json\/wp\/v2\/product\/837893","og_locale":"de_DE","og_type":"article","og_title":"Geschenkgutschein - H\u00fcbsch","og_description":"Fehlt Ihnen die Inspiration f\u00fcr ein Geschenk? Ein Geschenkgutschein ist die perfekte L\u00f6sung f\u00fcr Familie, Freund*innen oder Gesch\u00e4ftspartner*innen. Ob","og_url":"https:\/\/hubsch-interior.com\/de\/produkt\/geschenkgutschein\/","og_site_name":"H\u00fcbsch","article_modified_time":"2022-11-09T08:09:41+00:00","twitter_card":"summary_large_image","twitter_misc":{"Gesch\u00e4tzte Lesezeit":"1\u00a0Minute"},"schema":{"@context":"https:\/\/schema.org","@graph":[{"@type":"WebPage","@id":"https:\/\/hubsch-interior.com\/de\/produkt\/geschenkgutschein\/","url":"https:\/\/hubsch-interior.com\/de\/produkt\/geschenkgutschein\/","name":"Geschenkgutschein - H\u00fcbsch","isPartOf":{"@id":"https:\/\/hubsch-interior.com\/de\/#website"},"primaryImageOfPage":{"@id":"https:\/\/hubsch-interior.com\/de\/produkt\/geschenkgutschein\/#primaryimage"},"image":{"@id":"https:\/\/hubsch-interior.com\/de\/produkt\/geschenkgutschein\/#primaryimage"},"thumbnailUrl":"https:\/\/hubsch-interior.com\/wp-content\/uploads\/2022\/10\/Hubsch_giftcard_2022_2-scaled.jpg","datePublished":"2022-10-04T05:54:16+00:00","dateModified":"2022-11-09T08:09:41+00:00","description":"Fehlt Ihnen die Inspiration f\u00fcr ein Geschenk? Ein Geschenkgutschein ist die perfekte L\u00f6sung f\u00fcr Familie, Freund*innen oder Gesch\u00e4ftspartner*innen. Ob","breadcrumb":{"@id":"https:\/\/hubsch-interior.com\/de\/produkt\/geschenkgutschein\/#breadcrumb"},"inLanguage":"de","potentialAction":[{"@type":"ReadAction","target":["https:\/\/hubsch-interior.com\/de\/produkt\/geschenkgutschein\/"]}]},{"@type":"ImageObject","inLanguage":"de","@id":"https:\/\/hubsch-interior.com\/de\/produkt\/geschenkgutschein\/#primaryimage","url":"https:\/\/hubsch-interior.com\/wp-content\/uploads\/2022\/10\/Hubsch_giftcard_2022_2-scaled.jpg","contentUrl":"https:\/\/hubsch-interior.com\/wp-content\/uploads\/2022\/10\/Hubsch_giftcard_2022_2-scaled.jpg","width":2560,"height":2560},{"@type":"BreadcrumbList","@id":"https:\/\/hubsch-interior.com\/de\/produkt\/geschenkgutschein\/#breadcrumb","itemListElement":[{"@type":"ListItem","position":1,"name":"Startseite","item":"https:\/\/hubsch-interior.com\/de\/"},{"@type":"ListItem","position":2,"name":"Produkte","item":"https:\/\/hubsch-interior.com\/de\/shop-2\/"},{"@type":"ListItem","position":3,"name":"Uncategorized","item":"https:\/\/hubsch-interior.com\/de\/produkt-kategorie\/uncategorized-de\/"},{"@type":"ListItem","position":4,"name":"Geschenkgutschein"}]},{"@type":"WebSite","@id":"https:\/\/hubsch-interior.com\/de\/#website","url":"https:\/\/hubsch-interior.com\/de\/","name":"H\u00fcbsch","description":"Danish Home Interior and Design","publisher":{"@id":"https:\/\/hubsch-interior.com\/de\/#organization"},"potentialAction":[{"@type":"SearchAction","target":{"@type":"EntryPoint","urlTemplate":"https:\/\/hubsch-interior.com\/de\/?s={search_term_string}"},"query-input":{"@type":"PropertyValueSpecification","valueRequired":true,"valueName":"search_term_string"}}],"inLanguage":"de"},{"@type":"Organization","@id":"https:\/\/hubsch-interior.com\/de\/#organization","name":"H\u00fcbsch","url":"https:\/\/hubsch-interior.com\/de\/","logo":{"@type":"ImageObject","inLanguage":"de","@id":"https:\/\/hubsch-interior.com\/de\/#\/schema\/logo\/image\/","url":"https:\/\/hubsch-interior.com\/wp-content\/uploads\/2022\/12\/Hubsch_logo_black_one_line.svg","contentUrl":"https:\/\/hubsch-interior.com\/wp-content\/uploads\/2022\/12\/Hubsch_logo_black_one_line.svg","caption":"H\u00fcbsch"},"image":{"@id":"https:\/\/hubsch-interior.com\/de\/#\/schema\/logo\/image\/"}}]}},"_links":{"self":[{"href":"https:\/\/hubsch-interior.com\/de\/wp-json\/wp\/v2\/product\/837893","targetHints":{"allow":["GET"]}}],"collection":[{"href":"https:\/\/hubsch-interior.com\/de\/wp-json\/wp\/v2\/product"}],"about":[{"href":"https:\/\/hubsch-interior.com\/de\/wp-json\/wp\/v2\/types\/product"}],"wp:featuredmedia":[{"embeddable":true,"href":"https:\/\/hubsch-interior.com\/de\/wp-json\/wp\/v2\/media\/838454"}],"wp:attachment":[{"href":"https:\/\/hubsch-interior.com\/de\/wp-json\/wp\/v2\/media?parent=837893"}],"wp:term":[{"taxonomy":"product_brand","embeddable":true,"href":"https:\/\/hubsch-interior.com\/de\/wp-json\/wp\/v2\/product_brand?post=837893"},{"taxonomy":"product_cat","embeddable":true,"href":"https:\/\/hubsch-interior.com\/de\/wp-json\/wp\/v2\/product_cat?post=837893"},{"taxonomy":"product_tag","embeddable":true,"href":"https:\/\/hubsch-interior.com\/de\/wp-json\/wp\/v2\/product_tag?post=837893"}],"curies":[{"name":"wp","href":"https:\/\/api.w.org\/{rel}","templated":true}]}}