{"id":874353,"date":"2023-02-06T08:51:54","date_gmt":"2023-02-06T07:51:54","guid":{"rendered":"https:\/\/hubsch-interior.com\/product\/product\/"},"modified":"2026-04-05T05:02:56","modified_gmt":"2026-04-05T03:02:56","slug":"glimpse-wandspiegel-large-naturfarben","status":"publish","type":"product","link":"https:\/\/hubsch-interior.com\/de\/produkt\/glimpse-wandspiegel-large-naturfarben\/","title":{"rendered":"Glimpse Wandspiegel Large Naturfarben"},"content":{"rendered":"<p>Der Wandspiegel besteht aus Glas, Metall und naturfarbener FSC-zertifizierter Eiche. Der gro\u00dfe Spiegel kann an die Wand geh\u00e4ngt werden oder alleine an die Wand gelehnt stehen. Stellen Sie den Spiegel in den Flur oder ins Schlafzimmer, um einen vollst\u00e4ndigen \u00dcberblick \u00fcber sich und Ihr Outfit zu erhalten.<\/p>\n","protected":false},"excerpt":{"rendered":"<p>Der Wandspiegel besteht aus Glas, Metall und naturfarbener FSC-zertifizierter Eiche. Der gro\u00dfe Spiegel kann an die Wand geh\u00e4ngt werden oder alleine an die Wand gelehnt stehen. Stellen Sie den Spiegel in den Flur oder ins Schlafzimmer, um einen vollst\u00e4ndigen \u00dcberblick \u00fcber sich und Ihr Outfit zu erhalten.<\/p>\n","protected":false},"featured_media":1105758,"template":"","meta":{"_acf_changed":false,"inline_featured_image":false},"product_brand":[],"product_cat":[2925,2926,5027],"product_tag":[],"class_list":{"0":"post-874353","1":"product","2":"type-product","3":"status-publish","4":"has-post-thumbnail","6":"product_cat-spiegel-de","7":"product_cat-wandspiegel-de","8":"product_cat-bestsellers-de","9":"product_shipping_class-p05","10":"pa_color-naturfarben-2","11":"pa_material-spiegelglas","12":"pa_material-eichenholz","14":"first","15":"outofstock","16":"featured","17":"taxable","18":"shipping-taxable","19":"purchasable","20":"product-type-simple"},"exclude_global_add_ons":[],"addons":[],"acf":[],"yoast_head":"<!-- This site is optimized with the Yoast SEO plugin v26.4 - https:\/\/yoast.com\/wordpress\/plugins\/seo\/ -->\n<title>Glimpse Wandspiegel Large Naturfarben - H\u00fcbsch<\/title>\n<meta name=\"description\" content=\"Der Wandspiegel besteht aus Glas, Metall und naturfarbener FSC-zertifizierter Eiche. Der gro\u00dfe Spiegel kann an die Wand geh\u00e4ngt werden oder alleine an die\" \/>\n<meta name=\"robots\" content=\"index, follow, max-snippet:-1, max-image-preview:large, max-video-preview:-1\" \/>\n<link rel=\"canonical\" href=\"https:\/\/hubsch-interior.com\/de\/wp-json\/wp\/v2\/product\/874353\" \/>\n<meta property=\"og:locale\" content=\"de_DE\" \/>\n<meta property=\"og:type\" content=\"article\" \/>\n<meta property=\"og:title\" content=\"Glimpse Wandspiegel Large Naturfarben - H\u00fcbsch\" \/>\n<meta property=\"og:description\" content=\"Der Wandspiegel besteht aus Glas, Metall und naturfarbener FSC-zertifizierter Eiche. Der gro\u00dfe Spiegel kann an die Wand geh\u00e4ngt werden oder alleine an die\" \/>\n<meta property=\"og:url\" content=\"https:\/\/hubsch-interior.com\/de\/produkt\/glimpse-wandspiegel-large-naturfarben\/\" \/>\n<meta property=\"og:site_name\" content=\"H\u00fcbsch\" \/>\n<meta property=\"article:modified_time\" content=\"2026-04-05T03:02:56+00:00\" \/>\n<meta property=\"og:image\" content=\"https:\/\/hubsch-interior.com\/wp-content\/uploads\/2023\/08\/glimpse-wall-mirror-large-natural-5f2c5823f77baa3485fc7677f3d2ebee.jpg\" \/>\n\t<meta property=\"og:image:width\" content=\"1200\" \/>\n\t<meta property=\"og:image:height\" content=\"1200\" \/>\n\t<meta property=\"og:image:type\" content=\"image\/jpeg\" \/>\n<meta name=\"twitter:card\" content=\"summary_large_image\" \/>\n<script type=\"application\/ld+json\" class=\"yoast-schema-graph\">{\"@context\":\"https:\/\/schema.org\",\"@graph\":[{\"@type\":\"WebPage\",\"@id\":\"https:\/\/hubsch-interior.com\/de\/produkt\/glimpse-wandspiegel-large-naturfarben\/\",\"url\":\"https:\/\/hubsch-interior.com\/de\/produkt\/glimpse-wandspiegel-large-naturfarben\/\",\"name\":\"Glimpse Wandspiegel Large Naturfarben - H\u00fcbsch\",\"isPartOf\":{\"@id\":\"https:\/\/hubsch-interior.com\/de\/#website\"},\"primaryImageOfPage\":{\"@id\":\"https:\/\/hubsch-interior.com\/de\/produkt\/glimpse-wandspiegel-large-naturfarben\/#primaryimage\"},\"image\":{\"@id\":\"https:\/\/hubsch-interior.com\/de\/produkt\/glimpse-wandspiegel-large-naturfarben\/#primaryimage\"},\"thumbnailUrl\":\"https:\/\/hubsch-interior.com\/wp-content\/uploads\/2026\/02\/glimpse-wall-mirror-large-natural-8ba87531c106f440cb6fdede1e69d57b.jpg\",\"datePublished\":\"2023-02-06T07:51:54+00:00\",\"dateModified\":\"2026-04-05T03:02:56+00:00\",\"description\":\"Der Wandspiegel besteht aus Glas, Metall und naturfarbener FSC-zertifizierter Eiche. Der gro\u00dfe Spiegel kann an die Wand geh\u00e4ngt werden oder alleine an die\",\"breadcrumb\":{\"@id\":\"https:\/\/hubsch-interior.com\/de\/produkt\/glimpse-wandspiegel-large-naturfarben\/#breadcrumb\"},\"inLanguage\":\"de\",\"potentialAction\":[{\"@type\":\"ReadAction\",\"target\":[\"https:\/\/hubsch-interior.com\/de\/produkt\/glimpse-wandspiegel-large-naturfarben\/\"]}]},{\"@type\":\"ImageObject\",\"inLanguage\":\"de\",\"@id\":\"https:\/\/hubsch-interior.com\/de\/produkt\/glimpse-wandspiegel-large-naturfarben\/#primaryimage\",\"url\":\"https:\/\/hubsch-interior.com\/wp-content\/uploads\/2026\/02\/glimpse-wall-mirror-large-natural-8ba87531c106f440cb6fdede1e69d57b.jpg\",\"contentUrl\":\"https:\/\/hubsch-interior.com\/wp-content\/uploads\/2026\/02\/glimpse-wall-mirror-large-natural-8ba87531c106f440cb6fdede1e69d57b.jpg\",\"width\":1024,\"height\":1024},{\"@type\":\"BreadcrumbList\",\"@id\":\"https:\/\/hubsch-interior.com\/de\/produkt\/glimpse-wandspiegel-large-naturfarben\/#breadcrumb\",\"itemListElement\":[{\"@type\":\"ListItem\",\"position\":1,\"name\":\"Startseite\",\"item\":\"https:\/\/hubsch-interior.com\/de\/\"},{\"@type\":\"ListItem\",\"position\":2,\"name\":\"Produkte\",\"item\":\"https:\/\/hubsch-interior.com\/de\/shop-2\/\"},{\"@type\":\"ListItem\",\"position\":3,\"name\":\"Wohnaccessoires\",\"item\":\"https:\/\/hubsch-interior.com\/de\/produkt-kategorie\/wohnaccessoires\/\"},{\"@type\":\"ListItem\",\"position\":4,\"name\":\"Spiegel\",\"item\":\"https:\/\/hubsch-interior.com\/de\/produkt-kategorie\/wohnaccessoires\/spiegel-de\/\"},{\"@type\":\"ListItem\",\"position\":5,\"name\":\"Wandspiegel\",\"item\":\"https:\/\/hubsch-interior.com\/de\/produkt-kategorie\/wohnaccessoires\/spiegel-de\/wandspiegel-de\/\"},{\"@type\":\"ListItem\",\"position\":6,\"name\":\"Glimpse Wandspiegel Large Naturfarben\"}]},{\"@type\":\"WebSite\",\"@id\":\"https:\/\/hubsch-interior.com\/de\/#website\",\"url\":\"https:\/\/hubsch-interior.com\/de\/\",\"name\":\"H\u00fcbsch\",\"description\":\"Danish Home Interior and Design\",\"publisher\":{\"@id\":\"https:\/\/hubsch-interior.com\/de\/#organization\"},\"potentialAction\":[{\"@type\":\"SearchAction\",\"target\":{\"@type\":\"EntryPoint\",\"urlTemplate\":\"https:\/\/hubsch-interior.com\/de\/?s={search_term_string}\"},\"query-input\":{\"@type\":\"PropertyValueSpecification\",\"valueRequired\":true,\"valueName\":\"search_term_string\"}}],\"inLanguage\":\"de\"},{\"@type\":\"Organization\",\"@id\":\"https:\/\/hubsch-interior.com\/de\/#organization\",\"name\":\"H\u00fcbsch\",\"url\":\"https:\/\/hubsch-interior.com\/de\/\",\"logo\":{\"@type\":\"ImageObject\",\"inLanguage\":\"de\",\"@id\":\"https:\/\/hubsch-interior.com\/de\/#\/schema\/logo\/image\/\",\"url\":\"https:\/\/hubsch-interior.com\/wp-content\/uploads\/2022\/12\/Hubsch_logo_black_one_line.svg\",\"contentUrl\":\"https:\/\/hubsch-interior.com\/wp-content\/uploads\/2022\/12\/Hubsch_logo_black_one_line.svg\",\"caption\":\"H\u00fcbsch\"},\"image\":{\"@id\":\"https:\/\/hubsch-interior.com\/de\/#\/schema\/logo\/image\/\"}}]}<\/script>\n<!-- \/ Yoast SEO plugin. -->","yoast_head_json":{"title":"Glimpse Wandspiegel Large Naturfarben - H\u00fcbsch","description":"Der Wandspiegel besteht aus Glas, Metall und naturfarbener FSC-zertifizierter Eiche. Der gro\u00dfe Spiegel kann an die Wand geh\u00e4ngt werden oder alleine an die","robots":{"index":"index","follow":"follow","max-snippet":"max-snippet:-1","max-image-preview":"max-image-preview:large","max-video-preview":"max-video-preview:-1"},"canonical":"https:\/\/hubsch-interior.com\/de\/wp-json\/wp\/v2\/product\/874353","og_locale":"de_DE","og_type":"article","og_title":"Glimpse Wandspiegel Large Naturfarben - H\u00fcbsch","og_description":"Der Wandspiegel besteht aus Glas, Metall und naturfarbener FSC-zertifizierter Eiche. Der gro\u00dfe Spiegel kann an die Wand geh\u00e4ngt werden oder alleine an die","og_url":"https:\/\/hubsch-interior.com\/de\/produkt\/glimpse-wandspiegel-large-naturfarben\/","og_site_name":"H\u00fcbsch","article_modified_time":"2026-04-05T03:02:56+00:00","og_image":[{"width":1200,"height":1200,"url":"https:\/\/hubsch-interior.com\/wp-content\/uploads\/2023\/08\/glimpse-wall-mirror-large-natural-5f2c5823f77baa3485fc7677f3d2ebee.jpg","type":"image\/jpeg"}],"twitter_card":"summary_large_image","schema":{"@context":"https:\/\/schema.org","@graph":[{"@type":"WebPage","@id":"https:\/\/hubsch-interior.com\/de\/produkt\/glimpse-wandspiegel-large-naturfarben\/","url":"https:\/\/hubsch-interior.com\/de\/produkt\/glimpse-wandspiegel-large-naturfarben\/","name":"Glimpse Wandspiegel Large Naturfarben - H\u00fcbsch","isPartOf":{"@id":"https:\/\/hubsch-interior.com\/de\/#website"},"primaryImageOfPage":{"@id":"https:\/\/hubsch-interior.com\/de\/produkt\/glimpse-wandspiegel-large-naturfarben\/#primaryimage"},"image":{"@id":"https:\/\/hubsch-interior.com\/de\/produkt\/glimpse-wandspiegel-large-naturfarben\/#primaryimage"},"thumbnailUrl":"https:\/\/hubsch-interior.com\/wp-content\/uploads\/2026\/02\/glimpse-wall-mirror-large-natural-8ba87531c106f440cb6fdede1e69d57b.jpg","datePublished":"2023-02-06T07:51:54+00:00","dateModified":"2026-04-05T03:02:56+00:00","description":"Der Wandspiegel besteht aus Glas, Metall und naturfarbener FSC-zertifizierter Eiche. Der gro\u00dfe Spiegel kann an die Wand geh\u00e4ngt werden oder alleine an die","breadcrumb":{"@id":"https:\/\/hubsch-interior.com\/de\/produkt\/glimpse-wandspiegel-large-naturfarben\/#breadcrumb"},"inLanguage":"de","potentialAction":[{"@type":"ReadAction","target":["https:\/\/hubsch-interior.com\/de\/produkt\/glimpse-wandspiegel-large-naturfarben\/"]}]},{"@type":"ImageObject","inLanguage":"de","@id":"https:\/\/hubsch-interior.com\/de\/produkt\/glimpse-wandspiegel-large-naturfarben\/#primaryimage","url":"https:\/\/hubsch-interior.com\/wp-content\/uploads\/2026\/02\/glimpse-wall-mirror-large-natural-8ba87531c106f440cb6fdede1e69d57b.jpg","contentUrl":"https:\/\/hubsch-interior.com\/wp-content\/uploads\/2026\/02\/glimpse-wall-mirror-large-natural-8ba87531c106f440cb6fdede1e69d57b.jpg","width":1024,"height":1024},{"@type":"BreadcrumbList","@id":"https:\/\/hubsch-interior.com\/de\/produkt\/glimpse-wandspiegel-large-naturfarben\/#breadcrumb","itemListElement":[{"@type":"ListItem","position":1,"name":"Startseite","item":"https:\/\/hubsch-interior.com\/de\/"},{"@type":"ListItem","position":2,"name":"Produkte","item":"https:\/\/hubsch-interior.com\/de\/shop-2\/"},{"@type":"ListItem","position":3,"name":"Wohnaccessoires","item":"https:\/\/hubsch-interior.com\/de\/produkt-kategorie\/wohnaccessoires\/"},{"@type":"ListItem","position":4,"name":"Spiegel","item":"https:\/\/hubsch-interior.com\/de\/produkt-kategorie\/wohnaccessoires\/spiegel-de\/"},{"@type":"ListItem","position":5,"name":"Wandspiegel","item":"https:\/\/hubsch-interior.com\/de\/produkt-kategorie\/wohnaccessoires\/spiegel-de\/wandspiegel-de\/"},{"@type":"ListItem","position":6,"name":"Glimpse Wandspiegel Large Naturfarben"}]},{"@type":"WebSite","@id":"https:\/\/hubsch-interior.com\/de\/#website","url":"https:\/\/hubsch-interior.com\/de\/","name":"H\u00fcbsch","description":"Danish Home Interior and Design","publisher":{"@id":"https:\/\/hubsch-interior.com\/de\/#organization"},"potentialAction":[{"@type":"SearchAction","target":{"@type":"EntryPoint","urlTemplate":"https:\/\/hubsch-interior.com\/de\/?s={search_term_string}"},"query-input":{"@type":"PropertyValueSpecification","valueRequired":true,"valueName":"search_term_string"}}],"inLanguage":"de"},{"@type":"Organization","@id":"https:\/\/hubsch-interior.com\/de\/#organization","name":"H\u00fcbsch","url":"https:\/\/hubsch-interior.com\/de\/","logo":{"@type":"ImageObject","inLanguage":"de","@id":"https:\/\/hubsch-interior.com\/de\/#\/schema\/logo\/image\/","url":"https:\/\/hubsch-interior.com\/wp-content\/uploads\/2022\/12\/Hubsch_logo_black_one_line.svg","contentUrl":"https:\/\/hubsch-interior.com\/wp-content\/uploads\/2022\/12\/Hubsch_logo_black_one_line.svg","caption":"H\u00fcbsch"},"image":{"@id":"https:\/\/hubsch-interior.com\/de\/#\/schema\/logo\/image\/"}}]}},"_links":{"self":[{"href":"https:\/\/hubsch-interior.com\/de\/wp-json\/wp\/v2\/product\/874353","targetHints":{"allow":["GET"]}}],"collection":[{"href":"https:\/\/hubsch-interior.com\/de\/wp-json\/wp\/v2\/product"}],"about":[{"href":"https:\/\/hubsch-interior.com\/de\/wp-json\/wp\/v2\/types\/product"}],"wp:featuredmedia":[{"embeddable":true,"href":"https:\/\/hubsch-interior.com\/de\/wp-json\/wp\/v2\/media\/1105758"}],"wp:attachment":[{"href":"https:\/\/hubsch-interior.com\/de\/wp-json\/wp\/v2\/media?parent=874353"}],"wp:term":[{"taxonomy":"product_brand","embeddable":true,"href":"https:\/\/hubsch-interior.com\/de\/wp-json\/wp\/v2\/product_brand?post=874353"},{"taxonomy":"product_cat","embeddable":true,"href":"https:\/\/hubsch-interior.com\/de\/wp-json\/wp\/v2\/product_cat?post=874353"},{"taxonomy":"product_tag","embeddable":true,"href":"https:\/\/hubsch-interior.com\/de\/wp-json\/wp\/v2\/product_tag?post=874353"}],"curies":[{"name":"wp","href":"https:\/\/api.w.org\/{rel}","templated":true}]}}