{"id":879217,"date":"2023-02-15T13:25:01","date_gmt":"2023-02-15T12:25:01","guid":{"rendered":"https:\/\/hubsch-interior.com\/product\/product\/"},"modified":"2026-04-05T05:04:39","modified_gmt":"2026-04-05T03:04:39","slug":"wiredup-korbe-blau-2er-set","status":"publish","type":"product","link":"https:\/\/hubsch-interior.com\/de\/produkt\/wiredup-korbe-blau-2er-set\/","title":{"rendered":"WiredUp K\u00f6rbe Blau (2er Set)"},"content":{"rendered":"<p>Das 2er Set WiredUp K\u00f6rbe Blau ist eine ideale L\u00f6sung, um Ihren Raum zu organisieren. Diese K\u00f6rbe bestehen aus Metall und wurden in einem edlen Blauton gestaltet. Sie sind quadratisch und haben ein modernes Design, das sich in jede Inneneinrichtung einf\u00fcgt. Mit dem 2er Set ist es m\u00f6glich, Ordnung zu schaffen und Ihrem Raum einen stilvollen Look zu verleihen. Holen Sie sich jetzt das WiredUp K\u00f6rbe Blau 2er Set!<\/p>\n","protected":false},"excerpt":{"rendered":"<p>Das 2er Set WiredUp K\u00f6rbe Blau ist eine ideale L\u00f6sung, um Ihren Raum zu organisieren. Diese K\u00f6rbe bestehen aus Metall und wurden in einem edlen Blauton gestaltet. Sie sind quadratisch und haben ein modernes Design, das sich in jede Inneneinrichtung einf\u00fcgt. Mit dem 2er Set ist es m\u00f6glich, Ordnung zu schaffen und Ihrem Raum einen [&hellip;]<\/p>\n","protected":false},"featured_media":1106046,"template":"","meta":{"_acf_changed":false,"inline_featured_image":false},"product_brand":[],"product_cat":[3111,4076],"product_tag":[],"class_list":{"0":"post-879217","1":"product","2":"type-product","3":"status-publish","4":"has-post-thumbnail","6":"product_cat-aufbewahrung-de","7":"product_cat-koerbe-de","8":"product_shipping_class-pk","10":"pa_color-blau-2","11":"pa_material-eisen-de","13":"first","14":"instock","15":"taxable","16":"shipping-taxable","17":"purchasable","18":"product-type-simple"},"exclude_global_add_ons":[],"addons":[],"acf":[],"yoast_head":"<!-- This site is optimized with the Yoast SEO plugin v26.4 - https:\/\/yoast.com\/wordpress\/plugins\/seo\/ -->\n<title>WiredUp K\u00f6rbe Blau (2er Set) - H\u00fcbsch<\/title>\n<meta name=\"description\" content=\"Das 2er Set WiredUp K\u00f6rbe Blau ist eine ideale L\u00f6sung, um Ihren Raum zu organisieren. Diese K\u00f6rbe bestehen aus Metall und wurden in einem edlen Blauton\" \/>\n<meta name=\"robots\" content=\"index, follow, max-snippet:-1, max-image-preview:large, max-video-preview:-1\" \/>\n<link rel=\"canonical\" href=\"https:\/\/hubsch-interior.com\/de\/wp-json\/wp\/v2\/product\/879217\" \/>\n<meta property=\"og:locale\" content=\"de_DE\" \/>\n<meta property=\"og:type\" content=\"article\" \/>\n<meta property=\"og:title\" content=\"WiredUp K\u00f6rbe Blau (2er Set) - H\u00fcbsch\" \/>\n<meta property=\"og:description\" content=\"Das 2er Set WiredUp K\u00f6rbe Blau ist eine ideale L\u00f6sung, um Ihren Raum zu organisieren. Diese K\u00f6rbe bestehen aus Metall und wurden in einem edlen Blauton\" \/>\n<meta property=\"og:url\" content=\"https:\/\/hubsch-interior.com\/de\/produkt\/wiredup-korbe-blau-2er-set\/\" \/>\n<meta property=\"og:site_name\" content=\"H\u00fcbsch\" \/>\n<meta property=\"article:modified_time\" content=\"2026-04-05T03:04:39+00:00\" \/>\n<meta property=\"og:image\" content=\"https:\/\/hubsch-interior.com\/wp-content\/uploads\/2025\/04\/wiredup-baskets-blue-set-of-2-46db531053ff03b93f866880539f1b9c.jpg\" \/>\n\t<meta property=\"og:image:width\" content=\"1200\" \/>\n\t<meta property=\"og:image:height\" content=\"1200\" \/>\n\t<meta property=\"og:image:type\" content=\"image\/jpeg\" \/>\n<meta name=\"twitter:card\" content=\"summary_large_image\" \/>\n<script type=\"application\/ld+json\" class=\"yoast-schema-graph\">{\"@context\":\"https:\/\/schema.org\",\"@graph\":[{\"@type\":\"WebPage\",\"@id\":\"https:\/\/hubsch-interior.com\/de\/produkt\/wiredup-korbe-blau-2er-set\/\",\"url\":\"https:\/\/hubsch-interior.com\/de\/produkt\/wiredup-korbe-blau-2er-set\/\",\"name\":\"WiredUp K\u00f6rbe Blau (2er Set) - H\u00fcbsch\",\"isPartOf\":{\"@id\":\"https:\/\/hubsch-interior.com\/de\/#website\"},\"primaryImageOfPage\":{\"@id\":\"https:\/\/hubsch-interior.com\/de\/produkt\/wiredup-korbe-blau-2er-set\/#primaryimage\"},\"image\":{\"@id\":\"https:\/\/hubsch-interior.com\/de\/produkt\/wiredup-korbe-blau-2er-set\/#primaryimage\"},\"thumbnailUrl\":\"https:\/\/hubsch-interior.com\/wp-content\/uploads\/2026\/02\/wiredup-baskets-blue-set-of-2-051a4474aab8ddb6f06359c975734a5c.jpg\",\"datePublished\":\"2023-02-15T12:25:01+00:00\",\"dateModified\":\"2026-04-05T03:04:39+00:00\",\"description\":\"Das 2er Set WiredUp K\u00f6rbe Blau ist eine ideale L\u00f6sung, um Ihren Raum zu organisieren. Diese K\u00f6rbe bestehen aus Metall und wurden in einem edlen Blauton\",\"breadcrumb\":{\"@id\":\"https:\/\/hubsch-interior.com\/de\/produkt\/wiredup-korbe-blau-2er-set\/#breadcrumb\"},\"inLanguage\":\"de\",\"potentialAction\":[{\"@type\":\"ReadAction\",\"target\":[\"https:\/\/hubsch-interior.com\/de\/produkt\/wiredup-korbe-blau-2er-set\/\"]}]},{\"@type\":\"ImageObject\",\"inLanguage\":\"de\",\"@id\":\"https:\/\/hubsch-interior.com\/de\/produkt\/wiredup-korbe-blau-2er-set\/#primaryimage\",\"url\":\"https:\/\/hubsch-interior.com\/wp-content\/uploads\/2026\/02\/wiredup-baskets-blue-set-of-2-051a4474aab8ddb6f06359c975734a5c.jpg\",\"contentUrl\":\"https:\/\/hubsch-interior.com\/wp-content\/uploads\/2026\/02\/wiredup-baskets-blue-set-of-2-051a4474aab8ddb6f06359c975734a5c.jpg\",\"width\":1024,\"height\":1024},{\"@type\":\"BreadcrumbList\",\"@id\":\"https:\/\/hubsch-interior.com\/de\/produkt\/wiredup-korbe-blau-2er-set\/#breadcrumb\",\"itemListElement\":[{\"@type\":\"ListItem\",\"position\":1,\"name\":\"Startseite\",\"item\":\"https:\/\/hubsch-interior.com\/de\/\"},{\"@type\":\"ListItem\",\"position\":2,\"name\":\"Produkte\",\"item\":\"https:\/\/hubsch-interior.com\/de\/shop-2\/\"},{\"@type\":\"ListItem\",\"position\":3,\"name\":\"Wohnaccessoires\",\"item\":\"https:\/\/hubsch-interior.com\/de\/produkt-kategorie\/wohnaccessoires\/\"},{\"@type\":\"ListItem\",\"position\":4,\"name\":\"Aufbewahrung\",\"item\":\"https:\/\/hubsch-interior.com\/de\/produkt-kategorie\/wohnaccessoires\/aufbewahrung-de\/\"},{\"@type\":\"ListItem\",\"position\":5,\"name\":\"K&ouml;rbe\",\"item\":\"https:\/\/hubsch-interior.com\/de\/produkt-kategorie\/wohnaccessoires\/aufbewahrung-de\/koerbe-de\/\"},{\"@type\":\"ListItem\",\"position\":6,\"name\":\"WiredUp K\u00f6rbe Blau (2er Set)\"}]},{\"@type\":\"WebSite\",\"@id\":\"https:\/\/hubsch-interior.com\/de\/#website\",\"url\":\"https:\/\/hubsch-interior.com\/de\/\",\"name\":\"H\u00fcbsch\",\"description\":\"Danish Home Interior and Design\",\"publisher\":{\"@id\":\"https:\/\/hubsch-interior.com\/de\/#organization\"},\"potentialAction\":[{\"@type\":\"SearchAction\",\"target\":{\"@type\":\"EntryPoint\",\"urlTemplate\":\"https:\/\/hubsch-interior.com\/de\/?s={search_term_string}\"},\"query-input\":{\"@type\":\"PropertyValueSpecification\",\"valueRequired\":true,\"valueName\":\"search_term_string\"}}],\"inLanguage\":\"de\"},{\"@type\":\"Organization\",\"@id\":\"https:\/\/hubsch-interior.com\/de\/#organization\",\"name\":\"H\u00fcbsch\",\"url\":\"https:\/\/hubsch-interior.com\/de\/\",\"logo\":{\"@type\":\"ImageObject\",\"inLanguage\":\"de\",\"@id\":\"https:\/\/hubsch-interior.com\/de\/#\/schema\/logo\/image\/\",\"url\":\"https:\/\/hubsch-interior.com\/wp-content\/uploads\/2022\/12\/Hubsch_logo_black_one_line.svg\",\"contentUrl\":\"https:\/\/hubsch-interior.com\/wp-content\/uploads\/2022\/12\/Hubsch_logo_black_one_line.svg\",\"caption\":\"H\u00fcbsch\"},\"image\":{\"@id\":\"https:\/\/hubsch-interior.com\/de\/#\/schema\/logo\/image\/\"}}]}<\/script>\n<!-- \/ Yoast SEO plugin. -->","yoast_head_json":{"title":"WiredUp K\u00f6rbe Blau (2er Set) - H\u00fcbsch","description":"Das 2er Set WiredUp K\u00f6rbe Blau ist eine ideale L\u00f6sung, um Ihren Raum zu organisieren. Diese K\u00f6rbe bestehen aus Metall und wurden in einem edlen Blauton","robots":{"index":"index","follow":"follow","max-snippet":"max-snippet:-1","max-image-preview":"max-image-preview:large","max-video-preview":"max-video-preview:-1"},"canonical":"https:\/\/hubsch-interior.com\/de\/wp-json\/wp\/v2\/product\/879217","og_locale":"de_DE","og_type":"article","og_title":"WiredUp K\u00f6rbe Blau (2er Set) - H\u00fcbsch","og_description":"Das 2er Set WiredUp K\u00f6rbe Blau ist eine ideale L\u00f6sung, um Ihren Raum zu organisieren. Diese K\u00f6rbe bestehen aus Metall und wurden in einem edlen Blauton","og_url":"https:\/\/hubsch-interior.com\/de\/produkt\/wiredup-korbe-blau-2er-set\/","og_site_name":"H\u00fcbsch","article_modified_time":"2026-04-05T03:04:39+00:00","og_image":[{"width":1200,"height":1200,"url":"https:\/\/hubsch-interior.com\/wp-content\/uploads\/2025\/04\/wiredup-baskets-blue-set-of-2-46db531053ff03b93f866880539f1b9c.jpg","type":"image\/jpeg"}],"twitter_card":"summary_large_image","schema":{"@context":"https:\/\/schema.org","@graph":[{"@type":"WebPage","@id":"https:\/\/hubsch-interior.com\/de\/produkt\/wiredup-korbe-blau-2er-set\/","url":"https:\/\/hubsch-interior.com\/de\/produkt\/wiredup-korbe-blau-2er-set\/","name":"WiredUp K\u00f6rbe Blau (2er Set) - H\u00fcbsch","isPartOf":{"@id":"https:\/\/hubsch-interior.com\/de\/#website"},"primaryImageOfPage":{"@id":"https:\/\/hubsch-interior.com\/de\/produkt\/wiredup-korbe-blau-2er-set\/#primaryimage"},"image":{"@id":"https:\/\/hubsch-interior.com\/de\/produkt\/wiredup-korbe-blau-2er-set\/#primaryimage"},"thumbnailUrl":"https:\/\/hubsch-interior.com\/wp-content\/uploads\/2026\/02\/wiredup-baskets-blue-set-of-2-051a4474aab8ddb6f06359c975734a5c.jpg","datePublished":"2023-02-15T12:25:01+00:00","dateModified":"2026-04-05T03:04:39+00:00","description":"Das 2er Set WiredUp K\u00f6rbe Blau ist eine ideale L\u00f6sung, um Ihren Raum zu organisieren. Diese K\u00f6rbe bestehen aus Metall und wurden in einem edlen Blauton","breadcrumb":{"@id":"https:\/\/hubsch-interior.com\/de\/produkt\/wiredup-korbe-blau-2er-set\/#breadcrumb"},"inLanguage":"de","potentialAction":[{"@type":"ReadAction","target":["https:\/\/hubsch-interior.com\/de\/produkt\/wiredup-korbe-blau-2er-set\/"]}]},{"@type":"ImageObject","inLanguage":"de","@id":"https:\/\/hubsch-interior.com\/de\/produkt\/wiredup-korbe-blau-2er-set\/#primaryimage","url":"https:\/\/hubsch-interior.com\/wp-content\/uploads\/2026\/02\/wiredup-baskets-blue-set-of-2-051a4474aab8ddb6f06359c975734a5c.jpg","contentUrl":"https:\/\/hubsch-interior.com\/wp-content\/uploads\/2026\/02\/wiredup-baskets-blue-set-of-2-051a4474aab8ddb6f06359c975734a5c.jpg","width":1024,"height":1024},{"@type":"BreadcrumbList","@id":"https:\/\/hubsch-interior.com\/de\/produkt\/wiredup-korbe-blau-2er-set\/#breadcrumb","itemListElement":[{"@type":"ListItem","position":1,"name":"Startseite","item":"https:\/\/hubsch-interior.com\/de\/"},{"@type":"ListItem","position":2,"name":"Produkte","item":"https:\/\/hubsch-interior.com\/de\/shop-2\/"},{"@type":"ListItem","position":3,"name":"Wohnaccessoires","item":"https:\/\/hubsch-interior.com\/de\/produkt-kategorie\/wohnaccessoires\/"},{"@type":"ListItem","position":4,"name":"Aufbewahrung","item":"https:\/\/hubsch-interior.com\/de\/produkt-kategorie\/wohnaccessoires\/aufbewahrung-de\/"},{"@type":"ListItem","position":5,"name":"K&ouml;rbe","item":"https:\/\/hubsch-interior.com\/de\/produkt-kategorie\/wohnaccessoires\/aufbewahrung-de\/koerbe-de\/"},{"@type":"ListItem","position":6,"name":"WiredUp K\u00f6rbe Blau (2er Set)"}]},{"@type":"WebSite","@id":"https:\/\/hubsch-interior.com\/de\/#website","url":"https:\/\/hubsch-interior.com\/de\/","name":"H\u00fcbsch","description":"Danish Home Interior and Design","publisher":{"@id":"https:\/\/hubsch-interior.com\/de\/#organization"},"potentialAction":[{"@type":"SearchAction","target":{"@type":"EntryPoint","urlTemplate":"https:\/\/hubsch-interior.com\/de\/?s={search_term_string}"},"query-input":{"@type":"PropertyValueSpecification","valueRequired":true,"valueName":"search_term_string"}}],"inLanguage":"de"},{"@type":"Organization","@id":"https:\/\/hubsch-interior.com\/de\/#organization","name":"H\u00fcbsch","url":"https:\/\/hubsch-interior.com\/de\/","logo":{"@type":"ImageObject","inLanguage":"de","@id":"https:\/\/hubsch-interior.com\/de\/#\/schema\/logo\/image\/","url":"https:\/\/hubsch-interior.com\/wp-content\/uploads\/2022\/12\/Hubsch_logo_black_one_line.svg","contentUrl":"https:\/\/hubsch-interior.com\/wp-content\/uploads\/2022\/12\/Hubsch_logo_black_one_line.svg","caption":"H\u00fcbsch"},"image":{"@id":"https:\/\/hubsch-interior.com\/de\/#\/schema\/logo\/image\/"}}]}},"_links":{"self":[{"href":"https:\/\/hubsch-interior.com\/de\/wp-json\/wp\/v2\/product\/879217","targetHints":{"allow":["GET"]}}],"collection":[{"href":"https:\/\/hubsch-interior.com\/de\/wp-json\/wp\/v2\/product"}],"about":[{"href":"https:\/\/hubsch-interior.com\/de\/wp-json\/wp\/v2\/types\/product"}],"wp:featuredmedia":[{"embeddable":true,"href":"https:\/\/hubsch-interior.com\/de\/wp-json\/wp\/v2\/media\/1106046"}],"wp:attachment":[{"href":"https:\/\/hubsch-interior.com\/de\/wp-json\/wp\/v2\/media?parent=879217"}],"wp:term":[{"taxonomy":"product_brand","embeddable":true,"href":"https:\/\/hubsch-interior.com\/de\/wp-json\/wp\/v2\/product_brand?post=879217"},{"taxonomy":"product_cat","embeddable":true,"href":"https:\/\/hubsch-interior.com\/de\/wp-json\/wp\/v2\/product_cat?post=879217"},{"taxonomy":"product_tag","embeddable":true,"href":"https:\/\/hubsch-interior.com\/de\/wp-json\/wp\/v2\/product_tag?post=879217"}],"curies":[{"name":"wp","href":"https:\/\/api.w.org\/{rel}","templated":true}]}}