{"id":879419,"date":"2023-02-20T08:36:45","date_gmt":"2023-02-20T07:36:45","guid":{"rendered":"https:\/\/hubsch-interior.com\/product\/product\/"},"modified":"2026-04-11T04:18:02","modified_gmt":"2026-04-11T02:18:02","slug":"contain-pouf-large-grun","status":"publish","type":"product","link":"https:\/\/hubsch-interior.com\/de\/produkt\/contain-pouf-large-grun\/","title":{"rendered":"Contain Pouf Large Gr\u00fcn"},"content":{"rendered":"<p>Wenn Sie jemals eine clevere Aufbewahrungsm\u00f6glichkeit brauchen, sind Sie hier genau richtig. Manchmal kann die Unordnung \u00fcberw\u00e4ltigend sein, wenn es in Ihrem Haus an geeigneten Aufbewahrungsl\u00f6sungen fehlt. Vor allem Kinderspielzeug nimmt gerne mal den ganzen Raum ein. Der Contain Pouffe ist der perfekte Ort, um Lego und andere spitze oder scharfe Spielsachen aufzubewahren \u2013 und gleichzeitig m\u00fcde F\u00fc\u00dfe zu bes\u00e4nftigen. Er ist der ideale Begleiter f\u00fcr Ihren Lieblingssitzplatz. Dank der Rollen l\u00e4sst sich der Pouffe leicht an jeden beliebigen Ort bewegen. So ist immer Platz f\u00fcr eine*n mehr.<\/p>\n","protected":false},"excerpt":{"rendered":"<p>Wenn Sie jemals eine clevere Aufbewahrungsm\u00f6glichkeit brauchen, sind Sie hier genau richtig. Manchmal kann die Unordnung \u00fcberw\u00e4ltigend sein, wenn es in Ihrem Haus an geeigneten Aufbewahrungsl\u00f6sungen fehlt. Vor allem Kinderspielzeug nimmt gerne mal den ganzen Raum ein. Der Contain Pouffe ist der perfekte Ort, um Lego und andere spitze oder scharfe Spielsachen aufzubewahren \u2013 und [&hellip;]<\/p>\n","protected":false},"featured_media":1093432,"template":"","meta":{"_acf_changed":false,"inline_featured_image":false},"product_brand":[],"product_cat":[6583,2845,5458,5027],"product_tag":[],"class_list":{"0":"post-879419","1":"product","2":"type-product","3":"status-publish","4":"has-post-thumbnail","6":"product_cat-rekindle-collection-de","7":"product_cat-sitzmoebel-de","8":"product_cat-poufs-de","9":"product_cat-bestsellers-de","10":"product_shipping_class-pk","12":"pa_color-grn-2","13":"pa_material-acrylic-10-de","14":"pa_material-polyester-90-de","15":"pa_material-stahl","17":"first","18":"instock","19":"featured","20":"taxable","21":"shipping-taxable","22":"purchasable","23":"product-type-simple"},"exclude_global_add_ons":[],"addons":[],"acf":[],"yoast_head":"<!-- This site is optimized with the Yoast SEO plugin v26.4 - https:\/\/yoast.com\/wordpress\/plugins\/seo\/ -->\n<title>Contain Pouf Large Gr\u00fcn - H\u00fcbsch<\/title>\n<meta name=\"description\" content=\"Wenn Sie jemals eine clevere Aufbewahrungsm\u00f6glichkeit brauchen, sind Sie hier genau richtig. Manchmal kann die Unordnung \u00fcberw\u00e4ltigend sein, wenn es in\" \/>\n<meta name=\"robots\" content=\"index, follow, max-snippet:-1, max-image-preview:large, max-video-preview:-1\" \/>\n<link rel=\"canonical\" href=\"https:\/\/hubsch-interior.com\/de\/wp-json\/wp\/v2\/product\/879419\" \/>\n<meta property=\"og:locale\" content=\"de_DE\" \/>\n<meta property=\"og:type\" content=\"article\" \/>\n<meta property=\"og:title\" content=\"Contain Pouf Large Gr\u00fcn - H\u00fcbsch\" \/>\n<meta property=\"og:description\" content=\"Wenn Sie jemals eine clevere Aufbewahrungsm\u00f6glichkeit brauchen, sind Sie hier genau richtig. Manchmal kann die Unordnung \u00fcberw\u00e4ltigend sein, wenn es in\" \/>\n<meta property=\"og:url\" content=\"https:\/\/hubsch-interior.com\/de\/produkt\/contain-pouf-large-grun\/\" \/>\n<meta property=\"og:site_name\" content=\"H\u00fcbsch\" \/>\n<meta property=\"article:modified_time\" content=\"2026-04-11T02:18:02+00:00\" \/>\n<meta property=\"og:image\" content=\"https:\/\/hubsch-interior.com\/wp-content\/uploads\/2025\/05\/contain-pouffe-large-green-c33220445f8d5ebd2bf552ae70123cae.jpg\" \/>\n\t<meta property=\"og:image:width\" content=\"1200\" \/>\n\t<meta property=\"og:image:height\" content=\"1200\" \/>\n\t<meta property=\"og:image:type\" content=\"image\/jpeg\" \/>\n<meta name=\"twitter:card\" content=\"summary_large_image\" \/>\n<script type=\"application\/ld+json\" class=\"yoast-schema-graph\">{\"@context\":\"https:\/\/schema.org\",\"@graph\":[{\"@type\":\"WebPage\",\"@id\":\"https:\/\/hubsch-interior.com\/de\/produkt\/contain-pouf-large-grun\/\",\"url\":\"https:\/\/hubsch-interior.com\/de\/produkt\/contain-pouf-large-grun\/\",\"name\":\"Contain Pouf Large Gr\u00fcn - H\u00fcbsch\",\"isPartOf\":{\"@id\":\"https:\/\/hubsch-interior.com\/de\/#website\"},\"primaryImageOfPage\":{\"@id\":\"https:\/\/hubsch-interior.com\/de\/produkt\/contain-pouf-large-grun\/#primaryimage\"},\"image\":{\"@id\":\"https:\/\/hubsch-interior.com\/de\/produkt\/contain-pouf-large-grun\/#primaryimage\"},\"thumbnailUrl\":\"https:\/\/hubsch-interior.com\/wp-content\/uploads\/2026\/02\/contain-pouffe-large-green-220f54ad04ed758ec21f71a5931a658f.jpg\",\"datePublished\":\"2023-02-20T07:36:45+00:00\",\"dateModified\":\"2026-04-11T02:18:02+00:00\",\"description\":\"Wenn Sie jemals eine clevere Aufbewahrungsm\u00f6glichkeit brauchen, sind Sie hier genau richtig. Manchmal kann die Unordnung \u00fcberw\u00e4ltigend sein, wenn es in\",\"breadcrumb\":{\"@id\":\"https:\/\/hubsch-interior.com\/de\/produkt\/contain-pouf-large-grun\/#breadcrumb\"},\"inLanguage\":\"de\",\"potentialAction\":[{\"@type\":\"ReadAction\",\"target\":[\"https:\/\/hubsch-interior.com\/de\/produkt\/contain-pouf-large-grun\/\"]}]},{\"@type\":\"ImageObject\",\"inLanguage\":\"de\",\"@id\":\"https:\/\/hubsch-interior.com\/de\/produkt\/contain-pouf-large-grun\/#primaryimage\",\"url\":\"https:\/\/hubsch-interior.com\/wp-content\/uploads\/2026\/02\/contain-pouffe-large-green-220f54ad04ed758ec21f71a5931a658f.jpg\",\"contentUrl\":\"https:\/\/hubsch-interior.com\/wp-content\/uploads\/2026\/02\/contain-pouffe-large-green-220f54ad04ed758ec21f71a5931a658f.jpg\",\"width\":1024,\"height\":1024},{\"@type\":\"BreadcrumbList\",\"@id\":\"https:\/\/hubsch-interior.com\/de\/produkt\/contain-pouf-large-grun\/#breadcrumb\",\"itemListElement\":[{\"@type\":\"ListItem\",\"position\":1,\"name\":\"Startseite\",\"item\":\"https:\/\/hubsch-interior.com\/de\/\"},{\"@type\":\"ListItem\",\"position\":2,\"name\":\"Produkte\",\"item\":\"https:\/\/hubsch-interior.com\/de\/shop-2\/\"},{\"@type\":\"ListItem\",\"position\":3,\"name\":\"M\u00f6bel\",\"item\":\"https:\/\/hubsch-interior.com\/de\/produkt-kategorie\/moebel\/\"},{\"@type\":\"ListItem\",\"position\":4,\"name\":\"Sitzm&ouml;bel\",\"item\":\"https:\/\/hubsch-interior.com\/de\/produkt-kategorie\/moebel\/sitzmoebel-de\/\"},{\"@type\":\"ListItem\",\"position\":5,\"name\":\"Poufs\",\"item\":\"https:\/\/hubsch-interior.com\/de\/produkt-kategorie\/moebel\/sitzmoebel-de\/poufs-de\/\"},{\"@type\":\"ListItem\",\"position\":6,\"name\":\"Contain Pouf Large Gr\u00fcn\"}]},{\"@type\":\"WebSite\",\"@id\":\"https:\/\/hubsch-interior.com\/de\/#website\",\"url\":\"https:\/\/hubsch-interior.com\/de\/\",\"name\":\"H\u00fcbsch\",\"description\":\"Danish Home Interior and Design\",\"publisher\":{\"@id\":\"https:\/\/hubsch-interior.com\/de\/#organization\"},\"potentialAction\":[{\"@type\":\"SearchAction\",\"target\":{\"@type\":\"EntryPoint\",\"urlTemplate\":\"https:\/\/hubsch-interior.com\/de\/?s={search_term_string}\"},\"query-input\":{\"@type\":\"PropertyValueSpecification\",\"valueRequired\":true,\"valueName\":\"search_term_string\"}}],\"inLanguage\":\"de\"},{\"@type\":\"Organization\",\"@id\":\"https:\/\/hubsch-interior.com\/de\/#organization\",\"name\":\"H\u00fcbsch\",\"url\":\"https:\/\/hubsch-interior.com\/de\/\",\"logo\":{\"@type\":\"ImageObject\",\"inLanguage\":\"de\",\"@id\":\"https:\/\/hubsch-interior.com\/de\/#\/schema\/logo\/image\/\",\"url\":\"https:\/\/hubsch-interior.com\/wp-content\/uploads\/2022\/12\/Hubsch_logo_black_one_line.svg\",\"contentUrl\":\"https:\/\/hubsch-interior.com\/wp-content\/uploads\/2022\/12\/Hubsch_logo_black_one_line.svg\",\"caption\":\"H\u00fcbsch\"},\"image\":{\"@id\":\"https:\/\/hubsch-interior.com\/de\/#\/schema\/logo\/image\/\"}}]}<\/script>\n<!-- \/ Yoast SEO plugin. -->","yoast_head_json":{"title":"Contain Pouf Large Gr\u00fcn - H\u00fcbsch","description":"Wenn Sie jemals eine clevere Aufbewahrungsm\u00f6glichkeit brauchen, sind Sie hier genau richtig. Manchmal kann die Unordnung \u00fcberw\u00e4ltigend sein, wenn es in","robots":{"index":"index","follow":"follow","max-snippet":"max-snippet:-1","max-image-preview":"max-image-preview:large","max-video-preview":"max-video-preview:-1"},"canonical":"https:\/\/hubsch-interior.com\/de\/wp-json\/wp\/v2\/product\/879419","og_locale":"de_DE","og_type":"article","og_title":"Contain Pouf Large Gr\u00fcn - H\u00fcbsch","og_description":"Wenn Sie jemals eine clevere Aufbewahrungsm\u00f6glichkeit brauchen, sind Sie hier genau richtig. Manchmal kann die Unordnung \u00fcberw\u00e4ltigend sein, wenn es in","og_url":"https:\/\/hubsch-interior.com\/de\/produkt\/contain-pouf-large-grun\/","og_site_name":"H\u00fcbsch","article_modified_time":"2026-04-11T02:18:02+00:00","og_image":[{"width":1200,"height":1200,"url":"https:\/\/hubsch-interior.com\/wp-content\/uploads\/2025\/05\/contain-pouffe-large-green-c33220445f8d5ebd2bf552ae70123cae.jpg","type":"image\/jpeg"}],"twitter_card":"summary_large_image","schema":{"@context":"https:\/\/schema.org","@graph":[{"@type":"WebPage","@id":"https:\/\/hubsch-interior.com\/de\/produkt\/contain-pouf-large-grun\/","url":"https:\/\/hubsch-interior.com\/de\/produkt\/contain-pouf-large-grun\/","name":"Contain Pouf Large Gr\u00fcn - H\u00fcbsch","isPartOf":{"@id":"https:\/\/hubsch-interior.com\/de\/#website"},"primaryImageOfPage":{"@id":"https:\/\/hubsch-interior.com\/de\/produkt\/contain-pouf-large-grun\/#primaryimage"},"image":{"@id":"https:\/\/hubsch-interior.com\/de\/produkt\/contain-pouf-large-grun\/#primaryimage"},"thumbnailUrl":"https:\/\/hubsch-interior.com\/wp-content\/uploads\/2026\/02\/contain-pouffe-large-green-220f54ad04ed758ec21f71a5931a658f.jpg","datePublished":"2023-02-20T07:36:45+00:00","dateModified":"2026-04-11T02:18:02+00:00","description":"Wenn Sie jemals eine clevere Aufbewahrungsm\u00f6glichkeit brauchen, sind Sie hier genau richtig. Manchmal kann die Unordnung \u00fcberw\u00e4ltigend sein, wenn es in","breadcrumb":{"@id":"https:\/\/hubsch-interior.com\/de\/produkt\/contain-pouf-large-grun\/#breadcrumb"},"inLanguage":"de","potentialAction":[{"@type":"ReadAction","target":["https:\/\/hubsch-interior.com\/de\/produkt\/contain-pouf-large-grun\/"]}]},{"@type":"ImageObject","inLanguage":"de","@id":"https:\/\/hubsch-interior.com\/de\/produkt\/contain-pouf-large-grun\/#primaryimage","url":"https:\/\/hubsch-interior.com\/wp-content\/uploads\/2026\/02\/contain-pouffe-large-green-220f54ad04ed758ec21f71a5931a658f.jpg","contentUrl":"https:\/\/hubsch-interior.com\/wp-content\/uploads\/2026\/02\/contain-pouffe-large-green-220f54ad04ed758ec21f71a5931a658f.jpg","width":1024,"height":1024},{"@type":"BreadcrumbList","@id":"https:\/\/hubsch-interior.com\/de\/produkt\/contain-pouf-large-grun\/#breadcrumb","itemListElement":[{"@type":"ListItem","position":1,"name":"Startseite","item":"https:\/\/hubsch-interior.com\/de\/"},{"@type":"ListItem","position":2,"name":"Produkte","item":"https:\/\/hubsch-interior.com\/de\/shop-2\/"},{"@type":"ListItem","position":3,"name":"M\u00f6bel","item":"https:\/\/hubsch-interior.com\/de\/produkt-kategorie\/moebel\/"},{"@type":"ListItem","position":4,"name":"Sitzm&ouml;bel","item":"https:\/\/hubsch-interior.com\/de\/produkt-kategorie\/moebel\/sitzmoebel-de\/"},{"@type":"ListItem","position":5,"name":"Poufs","item":"https:\/\/hubsch-interior.com\/de\/produkt-kategorie\/moebel\/sitzmoebel-de\/poufs-de\/"},{"@type":"ListItem","position":6,"name":"Contain Pouf Large Gr\u00fcn"}]},{"@type":"WebSite","@id":"https:\/\/hubsch-interior.com\/de\/#website","url":"https:\/\/hubsch-interior.com\/de\/","name":"H\u00fcbsch","description":"Danish Home Interior and Design","publisher":{"@id":"https:\/\/hubsch-interior.com\/de\/#organization"},"potentialAction":[{"@type":"SearchAction","target":{"@type":"EntryPoint","urlTemplate":"https:\/\/hubsch-interior.com\/de\/?s={search_term_string}"},"query-input":{"@type":"PropertyValueSpecification","valueRequired":true,"valueName":"search_term_string"}}],"inLanguage":"de"},{"@type":"Organization","@id":"https:\/\/hubsch-interior.com\/de\/#organization","name":"H\u00fcbsch","url":"https:\/\/hubsch-interior.com\/de\/","logo":{"@type":"ImageObject","inLanguage":"de","@id":"https:\/\/hubsch-interior.com\/de\/#\/schema\/logo\/image\/","url":"https:\/\/hubsch-interior.com\/wp-content\/uploads\/2022\/12\/Hubsch_logo_black_one_line.svg","contentUrl":"https:\/\/hubsch-interior.com\/wp-content\/uploads\/2022\/12\/Hubsch_logo_black_one_line.svg","caption":"H\u00fcbsch"},"image":{"@id":"https:\/\/hubsch-interior.com\/de\/#\/schema\/logo\/image\/"}}]}},"_links":{"self":[{"href":"https:\/\/hubsch-interior.com\/de\/wp-json\/wp\/v2\/product\/879419","targetHints":{"allow":["GET"]}}],"collection":[{"href":"https:\/\/hubsch-interior.com\/de\/wp-json\/wp\/v2\/product"}],"about":[{"href":"https:\/\/hubsch-interior.com\/de\/wp-json\/wp\/v2\/types\/product"}],"wp:featuredmedia":[{"embeddable":true,"href":"https:\/\/hubsch-interior.com\/de\/wp-json\/wp\/v2\/media\/1093432"}],"wp:attachment":[{"href":"https:\/\/hubsch-interior.com\/de\/wp-json\/wp\/v2\/media?parent=879419"}],"wp:term":[{"taxonomy":"product_brand","embeddable":true,"href":"https:\/\/hubsch-interior.com\/de\/wp-json\/wp\/v2\/product_brand?post=879419"},{"taxonomy":"product_cat","embeddable":true,"href":"https:\/\/hubsch-interior.com\/de\/wp-json\/wp\/v2\/product_cat?post=879419"},{"taxonomy":"product_tag","embeddable":true,"href":"https:\/\/hubsch-interior.com\/de\/wp-json\/wp\/v2\/product_tag?post=879419"}],"curies":[{"name":"wp","href":"https:\/\/api.w.org\/{rel}","templated":true}]}}