{"id":879515,"date":"2023-02-20T08:36:57","date_gmt":"2023-02-20T07:36:57","guid":{"rendered":"https:\/\/hubsch-interior.com\/product\/product\/"},"modified":"2026-04-09T04:18:30","modified_gmt":"2026-04-09T02:18:30","slug":"moment-sofa-2-sitzer-small-grau","status":"publish","type":"product","link":"https:\/\/hubsch-interior.com\/de\/produkt\/moment-sofa-2-sitzer-small-grau\/","title":{"rendered":"Moment Sofa 2 Sitzer Small Grau"},"content":{"rendered":"<p>Sind Sie bereit, ein 2-Sitzer-Sofa kennenzulernen, das viel Platz bietet? Gro\u00df genug, um Ihrer ganzen Familie Platz zu bieten? Dann freuen Sie sich auf unser Moment Sofa. Trotz seiner dezenten Gr\u00f6\u00dfe ist das Sofa einladend und elegant. Die warmen Holzdetails lockern das Gesamtbild auf, und die graue Boucl\u00e9-Polsterung sorgt f\u00fcr das gewisse Extra. Wir versprechen Ihnen, dass es Platz f\u00fcr alle gibt. Und falls doch nicht, ist unser 3-Sitzer-Sofa Moment die richtige Wahl f\u00fcr Sie.<\/p>\n","protected":false},"excerpt":{"rendered":"<p>Sind Sie bereit, ein 2-Sitzer-Sofa kennenzulernen, das viel Platz bietet? Gro\u00df genug, um Ihrer ganzen Familie Platz zu bieten? Dann freuen Sie sich auf unser Moment Sofa. Trotz seiner dezenten Gr\u00f6\u00dfe ist das Sofa einladend und elegant. Die warmen Holzdetails lockern das Gesamtbild auf, und die graue Boucl\u00e9-Polsterung sorgt f\u00fcr das gewisse Extra. Wir versprechen [&hellip;]<\/p>\n","protected":false},"featured_media":1093484,"template":"","meta":{"_acf_changed":false,"inline_featured_image":false},"product_brand":[],"product_cat":[6583,6323,2845,4200],"product_tag":[],"class_list":{"0":"post-879515","1":"product","2":"type-product","3":"status-publish","4":"has-post-thumbnail","6":"product_cat-rekindle-collection-de","7":"product_cat-fsc-de","8":"product_cat-sitzmoebel-de","9":"product_cat-sofas-daybeds-de","10":"product_shipping_class-p10","12":"pa_color-grau-2","13":"pa_material-polyester-100-de","14":"pa_material-eichenholz","16":"first","17":"instock","18":"taxable","19":"shipping-taxable","20":"purchasable","21":"product-type-simple"},"exclude_global_add_ons":[],"addons":[],"acf":[],"yoast_head":"<!-- This site is optimized with the Yoast SEO plugin v26.4 - https:\/\/yoast.com\/wordpress\/plugins\/seo\/ -->\n<title>Moment Sofa 2 Sitzer Small Grau - H\u00fcbsch<\/title>\n<meta name=\"description\" content=\"Sind Sie bereit, ein 2-Sitzer-Sofa kennenzulernen, das viel Platz bietet? Gro\u00df genug, um Ihrer ganzen Familie Platz zu bieten? Dann freuen Sie sich auf\" \/>\n<meta name=\"robots\" content=\"index, follow, max-snippet:-1, max-image-preview:large, max-video-preview:-1\" \/>\n<link rel=\"canonical\" href=\"https:\/\/hubsch-interior.com\/de\/wp-json\/wp\/v2\/product\/879515\" \/>\n<meta property=\"og:locale\" content=\"de_DE\" \/>\n<meta property=\"og:type\" content=\"article\" \/>\n<meta property=\"og:title\" content=\"Moment Sofa 2 Sitzer Small Grau - H\u00fcbsch\" \/>\n<meta property=\"og:description\" content=\"Sind Sie bereit, ein 2-Sitzer-Sofa kennenzulernen, das viel Platz bietet? Gro\u00df genug, um Ihrer ganzen Familie Platz zu bieten? Dann freuen Sie sich auf\" \/>\n<meta property=\"og:url\" content=\"https:\/\/hubsch-interior.com\/de\/produkt\/moment-sofa-2-sitzer-small-grau\/\" \/>\n<meta property=\"og:site_name\" content=\"H\u00fcbsch\" \/>\n<meta property=\"article:modified_time\" content=\"2026-04-09T02:18:30+00:00\" \/>\n<meta property=\"og:image\" content=\"https:\/\/hubsch-interior.com\/wp-content\/uploads\/2023\/11\/moment-sofa-2-seater-small-grey-96ae04f41153e5e31958452f56b179d7.jpg\" \/>\n\t<meta property=\"og:image:width\" content=\"1200\" \/>\n\t<meta property=\"og:image:height\" content=\"1200\" \/>\n\t<meta property=\"og:image:type\" content=\"image\/jpeg\" \/>\n<meta name=\"twitter:card\" content=\"summary_large_image\" \/>\n<script type=\"application\/ld+json\" class=\"yoast-schema-graph\">{\"@context\":\"https:\/\/schema.org\",\"@graph\":[{\"@type\":\"WebPage\",\"@id\":\"https:\/\/hubsch-interior.com\/de\/produkt\/moment-sofa-2-sitzer-small-grau\/\",\"url\":\"https:\/\/hubsch-interior.com\/de\/produkt\/moment-sofa-2-sitzer-small-grau\/\",\"name\":\"Moment Sofa 2 Sitzer Small Grau - H\u00fcbsch\",\"isPartOf\":{\"@id\":\"https:\/\/hubsch-interior.com\/de\/#website\"},\"primaryImageOfPage\":{\"@id\":\"https:\/\/hubsch-interior.com\/de\/produkt\/moment-sofa-2-sitzer-small-grau\/#primaryimage\"},\"image\":{\"@id\":\"https:\/\/hubsch-interior.com\/de\/produkt\/moment-sofa-2-sitzer-small-grau\/#primaryimage\"},\"thumbnailUrl\":\"https:\/\/hubsch-interior.com\/wp-content\/uploads\/2026\/02\/moment-sofa-2-seater-small-grey-6646d4cf807b0237d4a9461354b0df62.jpg\",\"datePublished\":\"2023-02-20T07:36:57+00:00\",\"dateModified\":\"2026-04-09T02:18:30+00:00\",\"description\":\"Sind Sie bereit, ein 2-Sitzer-Sofa kennenzulernen, das viel Platz bietet? Gro\u00df genug, um Ihrer ganzen Familie Platz zu bieten? Dann freuen Sie sich auf\",\"breadcrumb\":{\"@id\":\"https:\/\/hubsch-interior.com\/de\/produkt\/moment-sofa-2-sitzer-small-grau\/#breadcrumb\"},\"inLanguage\":\"de\",\"potentialAction\":[{\"@type\":\"ReadAction\",\"target\":[\"https:\/\/hubsch-interior.com\/de\/produkt\/moment-sofa-2-sitzer-small-grau\/\"]}]},{\"@type\":\"ImageObject\",\"inLanguage\":\"de\",\"@id\":\"https:\/\/hubsch-interior.com\/de\/produkt\/moment-sofa-2-sitzer-small-grau\/#primaryimage\",\"url\":\"https:\/\/hubsch-interior.com\/wp-content\/uploads\/2026\/02\/moment-sofa-2-seater-small-grey-6646d4cf807b0237d4a9461354b0df62.jpg\",\"contentUrl\":\"https:\/\/hubsch-interior.com\/wp-content\/uploads\/2026\/02\/moment-sofa-2-seater-small-grey-6646d4cf807b0237d4a9461354b0df62.jpg\",\"width\":1024,\"height\":1024},{\"@type\":\"BreadcrumbList\",\"@id\":\"https:\/\/hubsch-interior.com\/de\/produkt\/moment-sofa-2-sitzer-small-grau\/#breadcrumb\",\"itemListElement\":[{\"@type\":\"ListItem\",\"position\":1,\"name\":\"Startseite\",\"item\":\"https:\/\/hubsch-interior.com\/de\/\"},{\"@type\":\"ListItem\",\"position\":2,\"name\":\"Produkte\",\"item\":\"https:\/\/hubsch-interior.com\/de\/shop-2\/\"},{\"@type\":\"ListItem\",\"position\":3,\"name\":\"M\u00f6bel\",\"item\":\"https:\/\/hubsch-interior.com\/de\/produkt-kategorie\/moebel\/\"},{\"@type\":\"ListItem\",\"position\":4,\"name\":\"Sitzm&ouml;bel\",\"item\":\"https:\/\/hubsch-interior.com\/de\/produkt-kategorie\/moebel\/sitzmoebel-de\/\"},{\"@type\":\"ListItem\",\"position\":5,\"name\":\"Sofas &amp; Daybeds\",\"item\":\"https:\/\/hubsch-interior.com\/de\/produkt-kategorie\/moebel\/sitzmoebel-de\/sofas-daybeds-de\/\"},{\"@type\":\"ListItem\",\"position\":6,\"name\":\"Moment Sofa 2 Sitzer Small Grau\"}]},{\"@type\":\"WebSite\",\"@id\":\"https:\/\/hubsch-interior.com\/de\/#website\",\"url\":\"https:\/\/hubsch-interior.com\/de\/\",\"name\":\"H\u00fcbsch\",\"description\":\"Danish Home Interior and Design\",\"publisher\":{\"@id\":\"https:\/\/hubsch-interior.com\/de\/#organization\"},\"potentialAction\":[{\"@type\":\"SearchAction\",\"target\":{\"@type\":\"EntryPoint\",\"urlTemplate\":\"https:\/\/hubsch-interior.com\/de\/?s={search_term_string}\"},\"query-input\":{\"@type\":\"PropertyValueSpecification\",\"valueRequired\":true,\"valueName\":\"search_term_string\"}}],\"inLanguage\":\"de\"},{\"@type\":\"Organization\",\"@id\":\"https:\/\/hubsch-interior.com\/de\/#organization\",\"name\":\"H\u00fcbsch\",\"url\":\"https:\/\/hubsch-interior.com\/de\/\",\"logo\":{\"@type\":\"ImageObject\",\"inLanguage\":\"de\",\"@id\":\"https:\/\/hubsch-interior.com\/de\/#\/schema\/logo\/image\/\",\"url\":\"https:\/\/hubsch-interior.com\/wp-content\/uploads\/2022\/12\/Hubsch_logo_black_one_line.svg\",\"contentUrl\":\"https:\/\/hubsch-interior.com\/wp-content\/uploads\/2022\/12\/Hubsch_logo_black_one_line.svg\",\"caption\":\"H\u00fcbsch\"},\"image\":{\"@id\":\"https:\/\/hubsch-interior.com\/de\/#\/schema\/logo\/image\/\"}}]}<\/script>\n<!-- \/ Yoast SEO plugin. -->","yoast_head_json":{"title":"Moment Sofa 2 Sitzer Small Grau - H\u00fcbsch","description":"Sind Sie bereit, ein 2-Sitzer-Sofa kennenzulernen, das viel Platz bietet? Gro\u00df genug, um Ihrer ganzen Familie Platz zu bieten? Dann freuen Sie sich auf","robots":{"index":"index","follow":"follow","max-snippet":"max-snippet:-1","max-image-preview":"max-image-preview:large","max-video-preview":"max-video-preview:-1"},"canonical":"https:\/\/hubsch-interior.com\/de\/wp-json\/wp\/v2\/product\/879515","og_locale":"de_DE","og_type":"article","og_title":"Moment Sofa 2 Sitzer Small Grau - H\u00fcbsch","og_description":"Sind Sie bereit, ein 2-Sitzer-Sofa kennenzulernen, das viel Platz bietet? Gro\u00df genug, um Ihrer ganzen Familie Platz zu bieten? Dann freuen Sie sich auf","og_url":"https:\/\/hubsch-interior.com\/de\/produkt\/moment-sofa-2-sitzer-small-grau\/","og_site_name":"H\u00fcbsch","article_modified_time":"2026-04-09T02:18:30+00:00","og_image":[{"width":1200,"height":1200,"url":"https:\/\/hubsch-interior.com\/wp-content\/uploads\/2023\/11\/moment-sofa-2-seater-small-grey-96ae04f41153e5e31958452f56b179d7.jpg","type":"image\/jpeg"}],"twitter_card":"summary_large_image","schema":{"@context":"https:\/\/schema.org","@graph":[{"@type":"WebPage","@id":"https:\/\/hubsch-interior.com\/de\/produkt\/moment-sofa-2-sitzer-small-grau\/","url":"https:\/\/hubsch-interior.com\/de\/produkt\/moment-sofa-2-sitzer-small-grau\/","name":"Moment Sofa 2 Sitzer Small Grau - H\u00fcbsch","isPartOf":{"@id":"https:\/\/hubsch-interior.com\/de\/#website"},"primaryImageOfPage":{"@id":"https:\/\/hubsch-interior.com\/de\/produkt\/moment-sofa-2-sitzer-small-grau\/#primaryimage"},"image":{"@id":"https:\/\/hubsch-interior.com\/de\/produkt\/moment-sofa-2-sitzer-small-grau\/#primaryimage"},"thumbnailUrl":"https:\/\/hubsch-interior.com\/wp-content\/uploads\/2026\/02\/moment-sofa-2-seater-small-grey-6646d4cf807b0237d4a9461354b0df62.jpg","datePublished":"2023-02-20T07:36:57+00:00","dateModified":"2026-04-09T02:18:30+00:00","description":"Sind Sie bereit, ein 2-Sitzer-Sofa kennenzulernen, das viel Platz bietet? Gro\u00df genug, um Ihrer ganzen Familie Platz zu bieten? Dann freuen Sie sich auf","breadcrumb":{"@id":"https:\/\/hubsch-interior.com\/de\/produkt\/moment-sofa-2-sitzer-small-grau\/#breadcrumb"},"inLanguage":"de","potentialAction":[{"@type":"ReadAction","target":["https:\/\/hubsch-interior.com\/de\/produkt\/moment-sofa-2-sitzer-small-grau\/"]}]},{"@type":"ImageObject","inLanguage":"de","@id":"https:\/\/hubsch-interior.com\/de\/produkt\/moment-sofa-2-sitzer-small-grau\/#primaryimage","url":"https:\/\/hubsch-interior.com\/wp-content\/uploads\/2026\/02\/moment-sofa-2-seater-small-grey-6646d4cf807b0237d4a9461354b0df62.jpg","contentUrl":"https:\/\/hubsch-interior.com\/wp-content\/uploads\/2026\/02\/moment-sofa-2-seater-small-grey-6646d4cf807b0237d4a9461354b0df62.jpg","width":1024,"height":1024},{"@type":"BreadcrumbList","@id":"https:\/\/hubsch-interior.com\/de\/produkt\/moment-sofa-2-sitzer-small-grau\/#breadcrumb","itemListElement":[{"@type":"ListItem","position":1,"name":"Startseite","item":"https:\/\/hubsch-interior.com\/de\/"},{"@type":"ListItem","position":2,"name":"Produkte","item":"https:\/\/hubsch-interior.com\/de\/shop-2\/"},{"@type":"ListItem","position":3,"name":"M\u00f6bel","item":"https:\/\/hubsch-interior.com\/de\/produkt-kategorie\/moebel\/"},{"@type":"ListItem","position":4,"name":"Sitzm&ouml;bel","item":"https:\/\/hubsch-interior.com\/de\/produkt-kategorie\/moebel\/sitzmoebel-de\/"},{"@type":"ListItem","position":5,"name":"Sofas &amp; Daybeds","item":"https:\/\/hubsch-interior.com\/de\/produkt-kategorie\/moebel\/sitzmoebel-de\/sofas-daybeds-de\/"},{"@type":"ListItem","position":6,"name":"Moment Sofa 2 Sitzer Small Grau"}]},{"@type":"WebSite","@id":"https:\/\/hubsch-interior.com\/de\/#website","url":"https:\/\/hubsch-interior.com\/de\/","name":"H\u00fcbsch","description":"Danish Home Interior and Design","publisher":{"@id":"https:\/\/hubsch-interior.com\/de\/#organization"},"potentialAction":[{"@type":"SearchAction","target":{"@type":"EntryPoint","urlTemplate":"https:\/\/hubsch-interior.com\/de\/?s={search_term_string}"},"query-input":{"@type":"PropertyValueSpecification","valueRequired":true,"valueName":"search_term_string"}}],"inLanguage":"de"},{"@type":"Organization","@id":"https:\/\/hubsch-interior.com\/de\/#organization","name":"H\u00fcbsch","url":"https:\/\/hubsch-interior.com\/de\/","logo":{"@type":"ImageObject","inLanguage":"de","@id":"https:\/\/hubsch-interior.com\/de\/#\/schema\/logo\/image\/","url":"https:\/\/hubsch-interior.com\/wp-content\/uploads\/2022\/12\/Hubsch_logo_black_one_line.svg","contentUrl":"https:\/\/hubsch-interior.com\/wp-content\/uploads\/2022\/12\/Hubsch_logo_black_one_line.svg","caption":"H\u00fcbsch"},"image":{"@id":"https:\/\/hubsch-interior.com\/de\/#\/schema\/logo\/image\/"}}]}},"_links":{"self":[{"href":"https:\/\/hubsch-interior.com\/de\/wp-json\/wp\/v2\/product\/879515","targetHints":{"allow":["GET"]}}],"collection":[{"href":"https:\/\/hubsch-interior.com\/de\/wp-json\/wp\/v2\/product"}],"about":[{"href":"https:\/\/hubsch-interior.com\/de\/wp-json\/wp\/v2\/types\/product"}],"wp:featuredmedia":[{"embeddable":true,"href":"https:\/\/hubsch-interior.com\/de\/wp-json\/wp\/v2\/media\/1093484"}],"wp:attachment":[{"href":"https:\/\/hubsch-interior.com\/de\/wp-json\/wp\/v2\/media?parent=879515"}],"wp:term":[{"taxonomy":"product_brand","embeddable":true,"href":"https:\/\/hubsch-interior.com\/de\/wp-json\/wp\/v2\/product_brand?post=879515"},{"taxonomy":"product_cat","embeddable":true,"href":"https:\/\/hubsch-interior.com\/de\/wp-json\/wp\/v2\/product_cat?post=879515"},{"taxonomy":"product_tag","embeddable":true,"href":"https:\/\/hubsch-interior.com\/de\/wp-json\/wp\/v2\/product_tag?post=879515"}],"curies":[{"name":"wp","href":"https:\/\/api.w.org\/{rel}","templated":true}]}}