{"id":879699,"date":"2023-02-20T08:37:39","date_gmt":"2023-02-20T07:37:39","guid":{"rendered":"https:\/\/hubsch-interior.com\/product\/product\/"},"modified":"2026-04-09T04:26:25","modified_gmt":"2026-04-09T02:26:25","slug":"amare-kanister-mit-deckel-large-burgundy-rot","status":"publish","type":"product","link":"https:\/\/hubsch-interior.com\/de\/produkt\/amare-kanister-mit-deckel-large-burgundy-rot\/","title":{"rendered":"Amare Kanister mit Deckel Large Burgundy\/Rot"},"content":{"rendered":"<p>Eine unserer Lieblingsbesch\u00e4ftigungen ist es, allt\u00e4glichen Gegenst\u00e4nden einen neuen Anstrich zu geben: einen neuen Look, eine neue Farbe oder eine neue Form. Wir finden, dass unser Amare Canister in Burgunder und Rot mit Deckel all das verk\u00f6rpert. Ein Kanister ist der perfekte Aufbewahrungsbeh\u00e4lter f\u00fcr die verschiedensten Dinge wie z. B. getrocknete Lebensmittel, Nudeln oder M\u00fcsli. Wir sind sicher, dass diese Aufbewahrungsl\u00f6sung auch Ihr Arbeitszimmer bereichern wird, in dem Ordnung und Chaos oft in sch\u00f6ner Harmonie leben.<\/p>\n","protected":false},"excerpt":{"rendered":"<p>Eine unserer Lieblingsbesch\u00e4ftigungen ist es, allt\u00e4glichen Gegenst\u00e4nden einen neuen Anstrich zu geben: einen neuen Look, eine neue Farbe oder eine neue Form. Wir finden, dass unser Amare Canister in Burgunder und Rot mit Deckel all das verk\u00f6rpert. Ein Kanister ist der perfekte Aufbewahrungsbeh\u00e4lter f\u00fcr die verschiedensten Dinge wie z. B. getrocknete Lebensmittel, Nudeln oder M\u00fcsli. [&hellip;]<\/p>\n","protected":false},"featured_media":1096028,"template":"","meta":{"_acf_changed":false,"inline_featured_image":false},"product_brand":[],"product_cat":[7048,6972,6583,6674,4055,4096,4933,3111,3429,6519],"product_tag":[],"class_list":{"0":"post-879699","1":"product","2":"type-product","3":"status-publish","4":"has-post-thumbnail","6":"product_cat-kuechenaufbewahrung-de","7":"product_cat-oster-sale","8":"product_cat-rekindle-collection-de","9":"product_cat-amare-tafelgeschirr-de","10":"product_cat-kuechenzubehoer-de","11":"product_cat-tischgeschirr-de","12":"product_cat-aufbewahrungsglaeser-de","13":"product_cat-aufbewahrung-de","14":"product_cat-behaelter-de","15":"product_cat-outlet-de","16":"product_shipping_class-pk","18":"pa_color-burgundy-de","19":"pa_color-rot-2","20":"pa_material-stone-powder-100-4","22":"first","23":"instock","24":"sale","25":"taxable","26":"shipping-taxable","27":"purchasable","28":"product-type-simple"},"exclude_global_add_ons":[],"addons":[],"acf":[],"yoast_head":"<!-- This site is optimized with the Yoast SEO plugin v26.4 - https:\/\/yoast.com\/wordpress\/plugins\/seo\/ -->\n<title>Amare Kanister mit Deckel Large Burgundy\/Rot - H\u00fcbsch<\/title>\n<meta name=\"description\" content=\"Eine unserer Lieblingsbesch\u00e4ftigungen ist es, allt\u00e4glichen Gegenst\u00e4nden einen neuen Anstrich zu geben: einen neuen Look, eine neue Farbe oder eine neue\" \/>\n<meta name=\"robots\" content=\"index, follow, max-snippet:-1, max-image-preview:large, max-video-preview:-1\" \/>\n<link rel=\"canonical\" href=\"https:\/\/hubsch-interior.com\/de\/wp-json\/wp\/v2\/product\/879699\" \/>\n<meta property=\"og:locale\" content=\"de_DE\" \/>\n<meta property=\"og:type\" content=\"article\" \/>\n<meta property=\"og:title\" content=\"Amare Kanister mit Deckel Large Burgundy\/Rot - H\u00fcbsch\" \/>\n<meta property=\"og:description\" content=\"Eine unserer Lieblingsbesch\u00e4ftigungen ist es, allt\u00e4glichen Gegenst\u00e4nden einen neuen Anstrich zu geben: einen neuen Look, eine neue Farbe oder eine neue\" \/>\n<meta property=\"og:url\" content=\"https:\/\/hubsch-interior.com\/de\/produkt\/amare-kanister-mit-deckel-large-burgundy-rot\/\" \/>\n<meta property=\"og:site_name\" content=\"H\u00fcbsch\" \/>\n<meta property=\"article:modified_time\" content=\"2026-04-09T02:26:25+00:00\" \/>\n<meta property=\"og:image\" content=\"https:\/\/hubsch-interior.com\/wp-content\/uploads\/2023\/08\/amare-canister-with-lid-large-burgundyred-b9426e77db91088bd0bd92fa283fb563.jpg\" \/>\n\t<meta property=\"og:image:width\" content=\"1200\" \/>\n\t<meta property=\"og:image:height\" content=\"1200\" \/>\n\t<meta property=\"og:image:type\" content=\"image\/jpeg\" \/>\n<meta name=\"twitter:card\" content=\"summary_large_image\" \/>\n<script type=\"application\/ld+json\" class=\"yoast-schema-graph\">{\"@context\":\"https:\/\/schema.org\",\"@graph\":[{\"@type\":\"WebPage\",\"@id\":\"https:\/\/hubsch-interior.com\/de\/produkt\/amare-kanister-mit-deckel-large-burgundy-rot\/\",\"url\":\"https:\/\/hubsch-interior.com\/de\/produkt\/amare-kanister-mit-deckel-large-burgundy-rot\/\",\"name\":\"Amare Kanister mit Deckel Large Burgundy\/Rot - H\u00fcbsch\",\"isPartOf\":{\"@id\":\"https:\/\/hubsch-interior.com\/de\/#website\"},\"primaryImageOfPage\":{\"@id\":\"https:\/\/hubsch-interior.com\/de\/produkt\/amare-kanister-mit-deckel-large-burgundy-rot\/#primaryimage\"},\"image\":{\"@id\":\"https:\/\/hubsch-interior.com\/de\/produkt\/amare-kanister-mit-deckel-large-burgundy-rot\/#primaryimage\"},\"thumbnailUrl\":\"https:\/\/hubsch-interior.com\/wp-content\/uploads\/2026\/02\/amare-canister-with-lid-large-burgundyred-42da1bdcb4973556718431642e6c85ee.jpg\",\"datePublished\":\"2023-02-20T07:37:39+00:00\",\"dateModified\":\"2026-04-09T02:26:25+00:00\",\"description\":\"Eine unserer Lieblingsbesch\u00e4ftigungen ist es, allt\u00e4glichen Gegenst\u00e4nden einen neuen Anstrich zu geben: einen neuen Look, eine neue Farbe oder eine neue\",\"breadcrumb\":{\"@id\":\"https:\/\/hubsch-interior.com\/de\/produkt\/amare-kanister-mit-deckel-large-burgundy-rot\/#breadcrumb\"},\"inLanguage\":\"de\",\"potentialAction\":[{\"@type\":\"ReadAction\",\"target\":[\"https:\/\/hubsch-interior.com\/de\/produkt\/amare-kanister-mit-deckel-large-burgundy-rot\/\"]}]},{\"@type\":\"ImageObject\",\"inLanguage\":\"de\",\"@id\":\"https:\/\/hubsch-interior.com\/de\/produkt\/amare-kanister-mit-deckel-large-burgundy-rot\/#primaryimage\",\"url\":\"https:\/\/hubsch-interior.com\/wp-content\/uploads\/2026\/02\/amare-canister-with-lid-large-burgundyred-42da1bdcb4973556718431642e6c85ee.jpg\",\"contentUrl\":\"https:\/\/hubsch-interior.com\/wp-content\/uploads\/2026\/02\/amare-canister-with-lid-large-burgundyred-42da1bdcb4973556718431642e6c85ee.jpg\",\"width\":1024,\"height\":1024},{\"@type\":\"BreadcrumbList\",\"@id\":\"https:\/\/hubsch-interior.com\/de\/produkt\/amare-kanister-mit-deckel-large-burgundy-rot\/#breadcrumb\",\"itemListElement\":[{\"@type\":\"ListItem\",\"position\":1,\"name\":\"Startseite\",\"item\":\"https:\/\/hubsch-interior.com\/de\/\"},{\"@type\":\"ListItem\",\"position\":2,\"name\":\"Produkte\",\"item\":\"https:\/\/hubsch-interior.com\/de\/shop-2\/\"},{\"@type\":\"ListItem\",\"position\":3,\"name\":\"Wohnaccessoires\",\"item\":\"https:\/\/hubsch-interior.com\/de\/produkt-kategorie\/wohnaccessoires\/\"},{\"@type\":\"ListItem\",\"position\":4,\"name\":\"K&uuml;chenzubeh&ouml;r\",\"item\":\"https:\/\/hubsch-interior.com\/de\/produkt-kategorie\/wohnaccessoires\/kuechenzubehoer-de\/\"},{\"@type\":\"ListItem\",\"position\":5,\"name\":\"Tischgeschirr\",\"item\":\"https:\/\/hubsch-interior.com\/de\/produkt-kategorie\/wohnaccessoires\/kuechenzubehoer-de\/tischgeschirr-de\/\"},{\"@type\":\"ListItem\",\"position\":6,\"name\":\"Amare Kanister mit Deckel Large Burgundy\/Rot\"}]},{\"@type\":\"WebSite\",\"@id\":\"https:\/\/hubsch-interior.com\/de\/#website\",\"url\":\"https:\/\/hubsch-interior.com\/de\/\",\"name\":\"H\u00fcbsch\",\"description\":\"Danish Home Interior and Design\",\"publisher\":{\"@id\":\"https:\/\/hubsch-interior.com\/de\/#organization\"},\"potentialAction\":[{\"@type\":\"SearchAction\",\"target\":{\"@type\":\"EntryPoint\",\"urlTemplate\":\"https:\/\/hubsch-interior.com\/de\/?s={search_term_string}\"},\"query-input\":{\"@type\":\"PropertyValueSpecification\",\"valueRequired\":true,\"valueName\":\"search_term_string\"}}],\"inLanguage\":\"de\"},{\"@type\":\"Organization\",\"@id\":\"https:\/\/hubsch-interior.com\/de\/#organization\",\"name\":\"H\u00fcbsch\",\"url\":\"https:\/\/hubsch-interior.com\/de\/\",\"logo\":{\"@type\":\"ImageObject\",\"inLanguage\":\"de\",\"@id\":\"https:\/\/hubsch-interior.com\/de\/#\/schema\/logo\/image\/\",\"url\":\"https:\/\/hubsch-interior.com\/wp-content\/uploads\/2022\/12\/Hubsch_logo_black_one_line.svg\",\"contentUrl\":\"https:\/\/hubsch-interior.com\/wp-content\/uploads\/2022\/12\/Hubsch_logo_black_one_line.svg\",\"caption\":\"H\u00fcbsch\"},\"image\":{\"@id\":\"https:\/\/hubsch-interior.com\/de\/#\/schema\/logo\/image\/\"}}]}<\/script>\n<!-- \/ Yoast SEO plugin. -->","yoast_head_json":{"title":"Amare Kanister mit Deckel Large Burgundy\/Rot - H\u00fcbsch","description":"Eine unserer Lieblingsbesch\u00e4ftigungen ist es, allt\u00e4glichen Gegenst\u00e4nden einen neuen Anstrich zu geben: einen neuen Look, eine neue Farbe oder eine neue","robots":{"index":"index","follow":"follow","max-snippet":"max-snippet:-1","max-image-preview":"max-image-preview:large","max-video-preview":"max-video-preview:-1"},"canonical":"https:\/\/hubsch-interior.com\/de\/wp-json\/wp\/v2\/product\/879699","og_locale":"de_DE","og_type":"article","og_title":"Amare Kanister mit Deckel Large Burgundy\/Rot - H\u00fcbsch","og_description":"Eine unserer Lieblingsbesch\u00e4ftigungen ist es, allt\u00e4glichen Gegenst\u00e4nden einen neuen Anstrich zu geben: einen neuen Look, eine neue Farbe oder eine neue","og_url":"https:\/\/hubsch-interior.com\/de\/produkt\/amare-kanister-mit-deckel-large-burgundy-rot\/","og_site_name":"H\u00fcbsch","article_modified_time":"2026-04-09T02:26:25+00:00","og_image":[{"width":1200,"height":1200,"url":"https:\/\/hubsch-interior.com\/wp-content\/uploads\/2023\/08\/amare-canister-with-lid-large-burgundyred-b9426e77db91088bd0bd92fa283fb563.jpg","type":"image\/jpeg"}],"twitter_card":"summary_large_image","schema":{"@context":"https:\/\/schema.org","@graph":[{"@type":"WebPage","@id":"https:\/\/hubsch-interior.com\/de\/produkt\/amare-kanister-mit-deckel-large-burgundy-rot\/","url":"https:\/\/hubsch-interior.com\/de\/produkt\/amare-kanister-mit-deckel-large-burgundy-rot\/","name":"Amare Kanister mit Deckel Large Burgundy\/Rot - H\u00fcbsch","isPartOf":{"@id":"https:\/\/hubsch-interior.com\/de\/#website"},"primaryImageOfPage":{"@id":"https:\/\/hubsch-interior.com\/de\/produkt\/amare-kanister-mit-deckel-large-burgundy-rot\/#primaryimage"},"image":{"@id":"https:\/\/hubsch-interior.com\/de\/produkt\/amare-kanister-mit-deckel-large-burgundy-rot\/#primaryimage"},"thumbnailUrl":"https:\/\/hubsch-interior.com\/wp-content\/uploads\/2026\/02\/amare-canister-with-lid-large-burgundyred-42da1bdcb4973556718431642e6c85ee.jpg","datePublished":"2023-02-20T07:37:39+00:00","dateModified":"2026-04-09T02:26:25+00:00","description":"Eine unserer Lieblingsbesch\u00e4ftigungen ist es, allt\u00e4glichen Gegenst\u00e4nden einen neuen Anstrich zu geben: einen neuen Look, eine neue Farbe oder eine neue","breadcrumb":{"@id":"https:\/\/hubsch-interior.com\/de\/produkt\/amare-kanister-mit-deckel-large-burgundy-rot\/#breadcrumb"},"inLanguage":"de","potentialAction":[{"@type":"ReadAction","target":["https:\/\/hubsch-interior.com\/de\/produkt\/amare-kanister-mit-deckel-large-burgundy-rot\/"]}]},{"@type":"ImageObject","inLanguage":"de","@id":"https:\/\/hubsch-interior.com\/de\/produkt\/amare-kanister-mit-deckel-large-burgundy-rot\/#primaryimage","url":"https:\/\/hubsch-interior.com\/wp-content\/uploads\/2026\/02\/amare-canister-with-lid-large-burgundyred-42da1bdcb4973556718431642e6c85ee.jpg","contentUrl":"https:\/\/hubsch-interior.com\/wp-content\/uploads\/2026\/02\/amare-canister-with-lid-large-burgundyred-42da1bdcb4973556718431642e6c85ee.jpg","width":1024,"height":1024},{"@type":"BreadcrumbList","@id":"https:\/\/hubsch-interior.com\/de\/produkt\/amare-kanister-mit-deckel-large-burgundy-rot\/#breadcrumb","itemListElement":[{"@type":"ListItem","position":1,"name":"Startseite","item":"https:\/\/hubsch-interior.com\/de\/"},{"@type":"ListItem","position":2,"name":"Produkte","item":"https:\/\/hubsch-interior.com\/de\/shop-2\/"},{"@type":"ListItem","position":3,"name":"Wohnaccessoires","item":"https:\/\/hubsch-interior.com\/de\/produkt-kategorie\/wohnaccessoires\/"},{"@type":"ListItem","position":4,"name":"K&uuml;chenzubeh&ouml;r","item":"https:\/\/hubsch-interior.com\/de\/produkt-kategorie\/wohnaccessoires\/kuechenzubehoer-de\/"},{"@type":"ListItem","position":5,"name":"Tischgeschirr","item":"https:\/\/hubsch-interior.com\/de\/produkt-kategorie\/wohnaccessoires\/kuechenzubehoer-de\/tischgeschirr-de\/"},{"@type":"ListItem","position":6,"name":"Amare Kanister mit Deckel Large Burgundy\/Rot"}]},{"@type":"WebSite","@id":"https:\/\/hubsch-interior.com\/de\/#website","url":"https:\/\/hubsch-interior.com\/de\/","name":"H\u00fcbsch","description":"Danish Home Interior and Design","publisher":{"@id":"https:\/\/hubsch-interior.com\/de\/#organization"},"potentialAction":[{"@type":"SearchAction","target":{"@type":"EntryPoint","urlTemplate":"https:\/\/hubsch-interior.com\/de\/?s={search_term_string}"},"query-input":{"@type":"PropertyValueSpecification","valueRequired":true,"valueName":"search_term_string"}}],"inLanguage":"de"},{"@type":"Organization","@id":"https:\/\/hubsch-interior.com\/de\/#organization","name":"H\u00fcbsch","url":"https:\/\/hubsch-interior.com\/de\/","logo":{"@type":"ImageObject","inLanguage":"de","@id":"https:\/\/hubsch-interior.com\/de\/#\/schema\/logo\/image\/","url":"https:\/\/hubsch-interior.com\/wp-content\/uploads\/2022\/12\/Hubsch_logo_black_one_line.svg","contentUrl":"https:\/\/hubsch-interior.com\/wp-content\/uploads\/2022\/12\/Hubsch_logo_black_one_line.svg","caption":"H\u00fcbsch"},"image":{"@id":"https:\/\/hubsch-interior.com\/de\/#\/schema\/logo\/image\/"}}]}},"_links":{"self":[{"href":"https:\/\/hubsch-interior.com\/de\/wp-json\/wp\/v2\/product\/879699","targetHints":{"allow":["GET"]}}],"collection":[{"href":"https:\/\/hubsch-interior.com\/de\/wp-json\/wp\/v2\/product"}],"about":[{"href":"https:\/\/hubsch-interior.com\/de\/wp-json\/wp\/v2\/types\/product"}],"wp:featuredmedia":[{"embeddable":true,"href":"https:\/\/hubsch-interior.com\/de\/wp-json\/wp\/v2\/media\/1096028"}],"wp:attachment":[{"href":"https:\/\/hubsch-interior.com\/de\/wp-json\/wp\/v2\/media?parent=879699"}],"wp:term":[{"taxonomy":"product_brand","embeddable":true,"href":"https:\/\/hubsch-interior.com\/de\/wp-json\/wp\/v2\/product_brand?post=879699"},{"taxonomy":"product_cat","embeddable":true,"href":"https:\/\/hubsch-interior.com\/de\/wp-json\/wp\/v2\/product_cat?post=879699"},{"taxonomy":"product_tag","embeddable":true,"href":"https:\/\/hubsch-interior.com\/de\/wp-json\/wp\/v2\/product_tag?post=879699"}],"curies":[{"name":"wp","href":"https:\/\/api.w.org\/{rel}","templated":true}]}}