{"id":879743,"date":"2023-02-20T08:37:46","date_gmt":"2023-02-20T07:37:46","guid":{"rendered":"https:\/\/hubsch-interior.com\/product\/product\/"},"modified":"2026-04-09T04:26:32","modified_gmt":"2026-04-09T02:26:32","slug":"amare-schreibtisch-organizer-small-sandfarben-grun","status":"publish","type":"product","link":"https:\/\/hubsch-interior.com\/de\/produkt\/amare-schreibtisch-organizer-small-sandfarben-grun\/","title":{"rendered":"Amare Schreibtisch Organizer Small Sandfarben\/Gr\u00fcn"},"content":{"rendered":"<p>Dieser Schreibtisch-Organizer aus Keramik ist Balsam f\u00fcr die Seele aller Organisationstalente da drau\u00dfen. Die h\u00fcbsche Farbkombination aus Gr\u00fcn und Sand versch\u00f6nert jeden Raum, und die geschwungene Form ist interessant und faszinierend f\u00fcr das Auge. Gleichzeitig behalten Sie den \u00dcberblick \u00fcber all die kleinen Dinge, die keinen festen Platz haben. <\/p>\n","protected":false},"excerpt":{"rendered":"<p>Dieser Schreibtisch-Organizer aus Keramik ist Balsam f\u00fcr die Seele aller Organisationstalente da drau\u00dfen. Die h\u00fcbsche Farbkombination aus Gr\u00fcn und Sand versch\u00f6nert jeden Raum, und die geschwungene Form ist interessant und faszinierend f\u00fcr das Auge. Gleichzeitig behalten Sie den \u00dcberblick \u00fcber all die kleinen Dinge, die keinen festen Platz haben.<\/p>\n","protected":false},"featured_media":1113981,"template":"","meta":{"_acf_changed":false,"inline_featured_image":false},"product_brand":[],"product_cat":[7048,7030,7029,6583,6674,4055,4096,4933,3111,3429,4155,4961,5031],"product_tag":[],"class_list":{"0":"post-879743","1":"product","2":"type-product","3":"status-publish","4":"has-post-thumbnail","6":"product_cat-kuechenaufbewahrung-de","7":"product_cat-servierplatten-und-teller-de","8":"product_cat-tischgeschirr-de-2","9":"product_cat-rekindle-collection-de","10":"product_cat-amare-tafelgeschirr-de","11":"product_cat-kuechenzubehoer-de","12":"product_cat-tischgeschirr-de","13":"product_cat-aufbewahrungsglaeser-de","14":"product_cat-aufbewahrung-de","15":"product_cat-behaelter-de","16":"product_cat-buero-de","17":"product_cat-aufbewahrungsbox-de","18":"product_cat-wieder-auf-lager-de","19":"product_shipping_class-pk","21":"pa_color-sandfarben","22":"pa_color-grn-2","23":"pa_material-stone-powder-100-4","25":"first","26":"instock","27":"taxable","28":"shipping-taxable","29":"purchasable","30":"product-type-simple"},"exclude_global_add_ons":[],"addons":[],"acf":[],"yoast_head":"<!-- This site is optimized with the Yoast SEO plugin v26.4 - https:\/\/yoast.com\/wordpress\/plugins\/seo\/ -->\n<title>Amare Schreibtisch Organizer Small Sandfarben\/Gr\u00fcn - H\u00fcbsch<\/title>\n<meta name=\"description\" content=\"Dieser Schreibtisch-Organizer aus Keramik ist Balsam f\u00fcr die Seele aller Organisationstalente da drau\u00dfen. Die h\u00fcbsche Farbkombination aus Gr\u00fcn und Sand\" \/>\n<meta name=\"robots\" content=\"index, follow, max-snippet:-1, max-image-preview:large, max-video-preview:-1\" \/>\n<link rel=\"canonical\" href=\"https:\/\/hubsch-interior.com\/de\/wp-json\/wp\/v2\/product\/879743\" \/>\n<meta property=\"og:locale\" content=\"de_DE\" \/>\n<meta property=\"og:type\" content=\"article\" \/>\n<meta property=\"og:title\" content=\"Amare Schreibtisch Organizer Small Sandfarben\/Gr\u00fcn - H\u00fcbsch\" \/>\n<meta property=\"og:description\" content=\"Dieser Schreibtisch-Organizer aus Keramik ist Balsam f\u00fcr die Seele aller Organisationstalente da drau\u00dfen. Die h\u00fcbsche Farbkombination aus Gr\u00fcn und Sand\" \/>\n<meta property=\"og:url\" content=\"https:\/\/hubsch-interior.com\/de\/produkt\/amare-schreibtisch-organizer-small-sandfarben-grun\/\" \/>\n<meta property=\"og:site_name\" content=\"H\u00fcbsch\" \/>\n<meta property=\"article:modified_time\" content=\"2026-04-09T02:26:32+00:00\" \/>\n<meta property=\"og:image\" content=\"https:\/\/hubsch-interior.com\/wp-content\/uploads\/2025\/06\/amare-desk-organiser-small-sandgreen-e066c44e5ce61887a19e69391beb7e9a.jpg\" \/>\n\t<meta property=\"og:image:width\" content=\"1200\" \/>\n\t<meta property=\"og:image:height\" content=\"1200\" \/>\n\t<meta property=\"og:image:type\" content=\"image\/jpeg\" \/>\n<meta name=\"twitter:card\" content=\"summary_large_image\" \/>\n<script type=\"application\/ld+json\" class=\"yoast-schema-graph\">{\"@context\":\"https:\/\/schema.org\",\"@graph\":[{\"@type\":\"WebPage\",\"@id\":\"https:\/\/hubsch-interior.com\/de\/produkt\/amare-schreibtisch-organizer-small-sandfarben-grun\/\",\"url\":\"https:\/\/hubsch-interior.com\/de\/produkt\/amare-schreibtisch-organizer-small-sandfarben-grun\/\",\"name\":\"Amare Schreibtisch Organizer Small Sandfarben\/Gr\u00fcn - H\u00fcbsch\",\"isPartOf\":{\"@id\":\"https:\/\/hubsch-interior.com\/de\/#website\"},\"primaryImageOfPage\":{\"@id\":\"https:\/\/hubsch-interior.com\/de\/produkt\/amare-schreibtisch-organizer-small-sandfarben-grun\/#primaryimage\"},\"image\":{\"@id\":\"https:\/\/hubsch-interior.com\/de\/produkt\/amare-schreibtisch-organizer-small-sandfarben-grun\/#primaryimage\"},\"thumbnailUrl\":\"https:\/\/hubsch-interior.com\/wp-content\/uploads\/2026\/02\/amare-desk-organiser-small-sandgreen-a121f100733c3b7eab9dd4241fa4988e.jpg\",\"datePublished\":\"2023-02-20T07:37:46+00:00\",\"dateModified\":\"2026-04-09T02:26:32+00:00\",\"description\":\"Dieser Schreibtisch-Organizer aus Keramik ist Balsam f\u00fcr die Seele aller Organisationstalente da drau\u00dfen. Die h\u00fcbsche Farbkombination aus Gr\u00fcn und Sand\",\"breadcrumb\":{\"@id\":\"https:\/\/hubsch-interior.com\/de\/produkt\/amare-schreibtisch-organizer-small-sandfarben-grun\/#breadcrumb\"},\"inLanguage\":\"de\",\"potentialAction\":[{\"@type\":\"ReadAction\",\"target\":[\"https:\/\/hubsch-interior.com\/de\/produkt\/amare-schreibtisch-organizer-small-sandfarben-grun\/\"]}]},{\"@type\":\"ImageObject\",\"inLanguage\":\"de\",\"@id\":\"https:\/\/hubsch-interior.com\/de\/produkt\/amare-schreibtisch-organizer-small-sandfarben-grun\/#primaryimage\",\"url\":\"https:\/\/hubsch-interior.com\/wp-content\/uploads\/2026\/02\/amare-desk-organiser-small-sandgreen-a121f100733c3b7eab9dd4241fa4988e.jpg\",\"contentUrl\":\"https:\/\/hubsch-interior.com\/wp-content\/uploads\/2026\/02\/amare-desk-organiser-small-sandgreen-a121f100733c3b7eab9dd4241fa4988e.jpg\",\"width\":1024,\"height\":1024},{\"@type\":\"BreadcrumbList\",\"@id\":\"https:\/\/hubsch-interior.com\/de\/produkt\/amare-schreibtisch-organizer-small-sandfarben-grun\/#breadcrumb\",\"itemListElement\":[{\"@type\":\"ListItem\",\"position\":1,\"name\":\"Startseite\",\"item\":\"https:\/\/hubsch-interior.com\/de\/\"},{\"@type\":\"ListItem\",\"position\":2,\"name\":\"Produkte\",\"item\":\"https:\/\/hubsch-interior.com\/de\/shop-2\/\"},{\"@type\":\"ListItem\",\"position\":3,\"name\":\"K\u00fcche\",\"item\":\"https:\/\/hubsch-interior.com\/de\/produkt-kategorie\/kuche\/\"},{\"@type\":\"ListItem\",\"position\":4,\"name\":\"Tischgeschirr\",\"item\":\"https:\/\/hubsch-interior.com\/de\/produkt-kategorie\/kuche\/tischgeschirr-de-2\/\"},{\"@type\":\"ListItem\",\"position\":5,\"name\":\"Servierplatten und Teller\",\"item\":\"https:\/\/hubsch-interior.com\/de\/produkt-kategorie\/kuche\/tischgeschirr-de-2\/servierplatten-und-teller-de\/\"},{\"@type\":\"ListItem\",\"position\":6,\"name\":\"Amare Schreibtisch Organizer Small Sandfarben\/Gr\u00fcn\"}]},{\"@type\":\"WebSite\",\"@id\":\"https:\/\/hubsch-interior.com\/de\/#website\",\"url\":\"https:\/\/hubsch-interior.com\/de\/\",\"name\":\"H\u00fcbsch\",\"description\":\"Danish Home Interior and Design\",\"publisher\":{\"@id\":\"https:\/\/hubsch-interior.com\/de\/#organization\"},\"potentialAction\":[{\"@type\":\"SearchAction\",\"target\":{\"@type\":\"EntryPoint\",\"urlTemplate\":\"https:\/\/hubsch-interior.com\/de\/?s={search_term_string}\"},\"query-input\":{\"@type\":\"PropertyValueSpecification\",\"valueRequired\":true,\"valueName\":\"search_term_string\"}}],\"inLanguage\":\"de\"},{\"@type\":\"Organization\",\"@id\":\"https:\/\/hubsch-interior.com\/de\/#organization\",\"name\":\"H\u00fcbsch\",\"url\":\"https:\/\/hubsch-interior.com\/de\/\",\"logo\":{\"@type\":\"ImageObject\",\"inLanguage\":\"de\",\"@id\":\"https:\/\/hubsch-interior.com\/de\/#\/schema\/logo\/image\/\",\"url\":\"https:\/\/hubsch-interior.com\/wp-content\/uploads\/2022\/12\/Hubsch_logo_black_one_line.svg\",\"contentUrl\":\"https:\/\/hubsch-interior.com\/wp-content\/uploads\/2022\/12\/Hubsch_logo_black_one_line.svg\",\"caption\":\"H\u00fcbsch\"},\"image\":{\"@id\":\"https:\/\/hubsch-interior.com\/de\/#\/schema\/logo\/image\/\"}}]}<\/script>\n<!-- \/ Yoast SEO plugin. -->","yoast_head_json":{"title":"Amare Schreibtisch Organizer Small Sandfarben\/Gr\u00fcn - H\u00fcbsch","description":"Dieser Schreibtisch-Organizer aus Keramik ist Balsam f\u00fcr die Seele aller Organisationstalente da drau\u00dfen. Die h\u00fcbsche Farbkombination aus Gr\u00fcn und Sand","robots":{"index":"index","follow":"follow","max-snippet":"max-snippet:-1","max-image-preview":"max-image-preview:large","max-video-preview":"max-video-preview:-1"},"canonical":"https:\/\/hubsch-interior.com\/de\/wp-json\/wp\/v2\/product\/879743","og_locale":"de_DE","og_type":"article","og_title":"Amare Schreibtisch Organizer Small Sandfarben\/Gr\u00fcn - H\u00fcbsch","og_description":"Dieser Schreibtisch-Organizer aus Keramik ist Balsam f\u00fcr die Seele aller Organisationstalente da drau\u00dfen. Die h\u00fcbsche Farbkombination aus Gr\u00fcn und Sand","og_url":"https:\/\/hubsch-interior.com\/de\/produkt\/amare-schreibtisch-organizer-small-sandfarben-grun\/","og_site_name":"H\u00fcbsch","article_modified_time":"2026-04-09T02:26:32+00:00","og_image":[{"width":1200,"height":1200,"url":"https:\/\/hubsch-interior.com\/wp-content\/uploads\/2025\/06\/amare-desk-organiser-small-sandgreen-e066c44e5ce61887a19e69391beb7e9a.jpg","type":"image\/jpeg"}],"twitter_card":"summary_large_image","schema":{"@context":"https:\/\/schema.org","@graph":[{"@type":"WebPage","@id":"https:\/\/hubsch-interior.com\/de\/produkt\/amare-schreibtisch-organizer-small-sandfarben-grun\/","url":"https:\/\/hubsch-interior.com\/de\/produkt\/amare-schreibtisch-organizer-small-sandfarben-grun\/","name":"Amare Schreibtisch Organizer Small Sandfarben\/Gr\u00fcn - H\u00fcbsch","isPartOf":{"@id":"https:\/\/hubsch-interior.com\/de\/#website"},"primaryImageOfPage":{"@id":"https:\/\/hubsch-interior.com\/de\/produkt\/amare-schreibtisch-organizer-small-sandfarben-grun\/#primaryimage"},"image":{"@id":"https:\/\/hubsch-interior.com\/de\/produkt\/amare-schreibtisch-organizer-small-sandfarben-grun\/#primaryimage"},"thumbnailUrl":"https:\/\/hubsch-interior.com\/wp-content\/uploads\/2026\/02\/amare-desk-organiser-small-sandgreen-a121f100733c3b7eab9dd4241fa4988e.jpg","datePublished":"2023-02-20T07:37:46+00:00","dateModified":"2026-04-09T02:26:32+00:00","description":"Dieser Schreibtisch-Organizer aus Keramik ist Balsam f\u00fcr die Seele aller Organisationstalente da drau\u00dfen. Die h\u00fcbsche Farbkombination aus Gr\u00fcn und Sand","breadcrumb":{"@id":"https:\/\/hubsch-interior.com\/de\/produkt\/amare-schreibtisch-organizer-small-sandfarben-grun\/#breadcrumb"},"inLanguage":"de","potentialAction":[{"@type":"ReadAction","target":["https:\/\/hubsch-interior.com\/de\/produkt\/amare-schreibtisch-organizer-small-sandfarben-grun\/"]}]},{"@type":"ImageObject","inLanguage":"de","@id":"https:\/\/hubsch-interior.com\/de\/produkt\/amare-schreibtisch-organizer-small-sandfarben-grun\/#primaryimage","url":"https:\/\/hubsch-interior.com\/wp-content\/uploads\/2026\/02\/amare-desk-organiser-small-sandgreen-a121f100733c3b7eab9dd4241fa4988e.jpg","contentUrl":"https:\/\/hubsch-interior.com\/wp-content\/uploads\/2026\/02\/amare-desk-organiser-small-sandgreen-a121f100733c3b7eab9dd4241fa4988e.jpg","width":1024,"height":1024},{"@type":"BreadcrumbList","@id":"https:\/\/hubsch-interior.com\/de\/produkt\/amare-schreibtisch-organizer-small-sandfarben-grun\/#breadcrumb","itemListElement":[{"@type":"ListItem","position":1,"name":"Startseite","item":"https:\/\/hubsch-interior.com\/de\/"},{"@type":"ListItem","position":2,"name":"Produkte","item":"https:\/\/hubsch-interior.com\/de\/shop-2\/"},{"@type":"ListItem","position":3,"name":"K\u00fcche","item":"https:\/\/hubsch-interior.com\/de\/produkt-kategorie\/kuche\/"},{"@type":"ListItem","position":4,"name":"Tischgeschirr","item":"https:\/\/hubsch-interior.com\/de\/produkt-kategorie\/kuche\/tischgeschirr-de-2\/"},{"@type":"ListItem","position":5,"name":"Servierplatten und Teller","item":"https:\/\/hubsch-interior.com\/de\/produkt-kategorie\/kuche\/tischgeschirr-de-2\/servierplatten-und-teller-de\/"},{"@type":"ListItem","position":6,"name":"Amare Schreibtisch Organizer Small Sandfarben\/Gr\u00fcn"}]},{"@type":"WebSite","@id":"https:\/\/hubsch-interior.com\/de\/#website","url":"https:\/\/hubsch-interior.com\/de\/","name":"H\u00fcbsch","description":"Danish Home Interior and Design","publisher":{"@id":"https:\/\/hubsch-interior.com\/de\/#organization"},"potentialAction":[{"@type":"SearchAction","target":{"@type":"EntryPoint","urlTemplate":"https:\/\/hubsch-interior.com\/de\/?s={search_term_string}"},"query-input":{"@type":"PropertyValueSpecification","valueRequired":true,"valueName":"search_term_string"}}],"inLanguage":"de"},{"@type":"Organization","@id":"https:\/\/hubsch-interior.com\/de\/#organization","name":"H\u00fcbsch","url":"https:\/\/hubsch-interior.com\/de\/","logo":{"@type":"ImageObject","inLanguage":"de","@id":"https:\/\/hubsch-interior.com\/de\/#\/schema\/logo\/image\/","url":"https:\/\/hubsch-interior.com\/wp-content\/uploads\/2022\/12\/Hubsch_logo_black_one_line.svg","contentUrl":"https:\/\/hubsch-interior.com\/wp-content\/uploads\/2022\/12\/Hubsch_logo_black_one_line.svg","caption":"H\u00fcbsch"},"image":{"@id":"https:\/\/hubsch-interior.com\/de\/#\/schema\/logo\/image\/"}}]}},"_links":{"self":[{"href":"https:\/\/hubsch-interior.com\/de\/wp-json\/wp\/v2\/product\/879743","targetHints":{"allow":["GET"]}}],"collection":[{"href":"https:\/\/hubsch-interior.com\/de\/wp-json\/wp\/v2\/product"}],"about":[{"href":"https:\/\/hubsch-interior.com\/de\/wp-json\/wp\/v2\/types\/product"}],"wp:featuredmedia":[{"embeddable":true,"href":"https:\/\/hubsch-interior.com\/de\/wp-json\/wp\/v2\/media\/1113981"}],"wp:attachment":[{"href":"https:\/\/hubsch-interior.com\/de\/wp-json\/wp\/v2\/media?parent=879743"}],"wp:term":[{"taxonomy":"product_brand","embeddable":true,"href":"https:\/\/hubsch-interior.com\/de\/wp-json\/wp\/v2\/product_brand?post=879743"},{"taxonomy":"product_cat","embeddable":true,"href":"https:\/\/hubsch-interior.com\/de\/wp-json\/wp\/v2\/product_cat?post=879743"},{"taxonomy":"product_tag","embeddable":true,"href":"https:\/\/hubsch-interior.com\/de\/wp-json\/wp\/v2\/product_tag?post=879743"}],"curies":[{"name":"wp","href":"https:\/\/api.w.org\/{rel}","templated":true}]}}