{"id":879823,"date":"2023-02-20T08:38:04","date_gmt":"2023-02-20T07:38:04","guid":{"rendered":"https:\/\/hubsch-interior.com\/product\/product\/"},"modified":"2026-04-06T04:26:11","modified_gmt":"2026-04-06T02:26:11","slug":"amare-tasse-untersetzer-hellblau-braun","status":"publish","type":"product","link":"https:\/\/hubsch-interior.com\/de\/produkt\/amare-tasse-untersetzer-hellblau-braun\/","title":{"rendered":"Amare Tasse\/Untersetzer Hellblau\/Braun"},"content":{"rendered":"<p>Voil\u00e0 \u2013 ein retro-inspiriertes Duo f\u00fcr passionierte Tee- oder Kaffeetrinker*innen. Wenn Sie ein designbewusster Farbfreak sind, sind diese beiden Keramikperlen in Form von Tasse und Untertasse die perfekte Wahl f\u00fcr Sie. Die wundersch\u00f6ne Farbkombination aus Hellblau und Braun hat uns auf Anhieb gefallen. Die gl\u00e4nzende Glasur bringt Freude in die morgendliche oder nachmitt\u00e4gliche Routine \u2013 nehmen Sie einen Schluck und genie\u00dfen Sie. Noch ein Bonus: Dieses perfekte Paar ist sp\u00fclmaschinenfest.<\/p>\n","protected":false},"excerpt":{"rendered":"<p>Voil\u00e0 \u2013 ein retro-inspiriertes Duo f\u00fcr passionierte Tee- oder Kaffeetrinker*innen. Wenn Sie ein designbewusster Farbfreak sind, sind diese beiden Keramikperlen in Form von Tasse und Untertasse die perfekte Wahl f\u00fcr Sie. Die wundersch\u00f6ne Farbkombination aus Hellblau und Braun hat uns auf Anhieb gefallen. Die gl\u00e4nzende Glasur bringt Freude in die morgendliche oder nachmitt\u00e4gliche Routine \u2013 [&hellip;]<\/p>\n","protected":false},"featured_media":1114313,"template":"","meta":{"_acf_changed":false,"inline_featured_image":false},"product_brand":[],"product_cat":[7034,6972,7029,6583,6674,4055,4096,5027,6519],"product_tag":[],"class_list":{"0":"post-879823","1":"product","2":"type-product","3":"status-publish","4":"has-post-thumbnail","6":"product_cat-glaeser-und-kannen-de","7":"product_cat-oster-sale","8":"product_cat-tischgeschirr-de-2","9":"product_cat-rekindle-collection-de","10":"product_cat-amare-tafelgeschirr-de","11":"product_cat-kuechenzubehoer-de","12":"product_cat-tischgeschirr-de","13":"product_cat-bestsellers-de","14":"product_cat-outlet-de","15":"product_shipping_class-pk","17":"pa_color-braun","18":"pa_color-hellblau-2","19":"pa_material-stone-powder-100-4","21":"first","22":"instock","23":"sale","24":"featured","25":"taxable","26":"shipping-taxable","27":"purchasable","28":"product-type-simple"},"exclude_global_add_ons":[],"addons":[],"acf":[],"yoast_head":"<!-- This site is optimized with the Yoast SEO plugin v26.4 - https:\/\/yoast.com\/wordpress\/plugins\/seo\/ -->\n<title>Amare Tasse\/Untersetzer Hellblau\/Braun - H\u00fcbsch<\/title>\n<meta name=\"description\" content=\"Voil\u00e0 \u2013 ein retro-inspiriertes Duo f\u00fcr passionierte Tee- oder Kaffeetrinker*innen. Wenn Sie ein designbewusster Farbfreak sind, sind diese beiden\" \/>\n<meta name=\"robots\" content=\"index, follow, max-snippet:-1, max-image-preview:large, max-video-preview:-1\" \/>\n<link rel=\"canonical\" href=\"https:\/\/hubsch-interior.com\/de\/wp-json\/wp\/v2\/product\/879823\" \/>\n<meta property=\"og:locale\" content=\"de_DE\" \/>\n<meta property=\"og:type\" content=\"article\" \/>\n<meta property=\"og:title\" content=\"Amare Tasse\/Untersetzer Hellblau\/Braun - H\u00fcbsch\" \/>\n<meta property=\"og:description\" content=\"Voil\u00e0 \u2013 ein retro-inspiriertes Duo f\u00fcr passionierte Tee- oder Kaffeetrinker*innen. Wenn Sie ein designbewusster Farbfreak sind, sind diese beiden\" \/>\n<meta property=\"og:url\" content=\"https:\/\/hubsch-interior.com\/de\/produkt\/amare-tasse-untersetzer-hellblau-braun\/\" \/>\n<meta property=\"og:site_name\" content=\"H\u00fcbsch\" \/>\n<meta property=\"article:modified_time\" content=\"2026-04-06T02:26:11+00:00\" \/>\n<meta property=\"og:image\" content=\"https:\/\/hubsch-interior.com\/wp-content\/uploads\/2023\/11\/amare-cupsaucer-light-bluebrown-set-of-2-c58352b87ada2763e6517062b3737e6b.jpg\" \/>\n\t<meta property=\"og:image:width\" content=\"1200\" \/>\n\t<meta property=\"og:image:height\" content=\"1200\" \/>\n\t<meta property=\"og:image:type\" content=\"image\/jpeg\" \/>\n<meta name=\"twitter:card\" content=\"summary_large_image\" \/>\n<script type=\"application\/ld+json\" class=\"yoast-schema-graph\">{\"@context\":\"https:\/\/schema.org\",\"@graph\":[{\"@type\":\"WebPage\",\"@id\":\"https:\/\/hubsch-interior.com\/de\/produkt\/amare-tasse-untersetzer-hellblau-braun\/\",\"url\":\"https:\/\/hubsch-interior.com\/de\/produkt\/amare-tasse-untersetzer-hellblau-braun\/\",\"name\":\"Amare Tasse\/Untersetzer Hellblau\/Braun - H\u00fcbsch\",\"isPartOf\":{\"@id\":\"https:\/\/hubsch-interior.com\/de\/#website\"},\"primaryImageOfPage\":{\"@id\":\"https:\/\/hubsch-interior.com\/de\/produkt\/amare-tasse-untersetzer-hellblau-braun\/#primaryimage\"},\"image\":{\"@id\":\"https:\/\/hubsch-interior.com\/de\/produkt\/amare-tasse-untersetzer-hellblau-braun\/#primaryimage\"},\"thumbnailUrl\":\"https:\/\/hubsch-interior.com\/wp-content\/uploads\/2026\/02\/amare-cupsaucer-light-bluebrown-1ad09121bd07877200f3e99c77007bbb.jpg\",\"datePublished\":\"2023-02-20T07:38:04+00:00\",\"dateModified\":\"2026-04-06T02:26:11+00:00\",\"description\":\"Voil\u00e0 \u2013 ein retro-inspiriertes Duo f\u00fcr passionierte Tee- oder Kaffeetrinker*innen. Wenn Sie ein designbewusster Farbfreak sind, sind diese beiden\",\"breadcrumb\":{\"@id\":\"https:\/\/hubsch-interior.com\/de\/produkt\/amare-tasse-untersetzer-hellblau-braun\/#breadcrumb\"},\"inLanguage\":\"de\",\"potentialAction\":[{\"@type\":\"ReadAction\",\"target\":[\"https:\/\/hubsch-interior.com\/de\/produkt\/amare-tasse-untersetzer-hellblau-braun\/\"]}]},{\"@type\":\"ImageObject\",\"inLanguage\":\"de\",\"@id\":\"https:\/\/hubsch-interior.com\/de\/produkt\/amare-tasse-untersetzer-hellblau-braun\/#primaryimage\",\"url\":\"https:\/\/hubsch-interior.com\/wp-content\/uploads\/2026\/02\/amare-cupsaucer-light-bluebrown-1ad09121bd07877200f3e99c77007bbb.jpg\",\"contentUrl\":\"https:\/\/hubsch-interior.com\/wp-content\/uploads\/2026\/02\/amare-cupsaucer-light-bluebrown-1ad09121bd07877200f3e99c77007bbb.jpg\",\"width\":1024,\"height\":1024},{\"@type\":\"BreadcrumbList\",\"@id\":\"https:\/\/hubsch-interior.com\/de\/produkt\/amare-tasse-untersetzer-hellblau-braun\/#breadcrumb\",\"itemListElement\":[{\"@type\":\"ListItem\",\"position\":1,\"name\":\"Startseite\",\"item\":\"https:\/\/hubsch-interior.com\/de\/\"},{\"@type\":\"ListItem\",\"position\":2,\"name\":\"Produkte\",\"item\":\"https:\/\/hubsch-interior.com\/de\/shop-2\/\"},{\"@type\":\"ListItem\",\"position\":3,\"name\":\"K\u00fcche\",\"item\":\"https:\/\/hubsch-interior.com\/de\/produkt-kategorie\/kuche\/\"},{\"@type\":\"ListItem\",\"position\":4,\"name\":\"Tischgeschirr\",\"item\":\"https:\/\/hubsch-interior.com\/de\/produkt-kategorie\/kuche\/tischgeschirr-de-2\/\"},{\"@type\":\"ListItem\",\"position\":5,\"name\":\"Gl&auml;ser und Kannen\",\"item\":\"https:\/\/hubsch-interior.com\/de\/produkt-kategorie\/kuche\/tischgeschirr-de-2\/glaeser-und-kannen-de\/\"},{\"@type\":\"ListItem\",\"position\":6,\"name\":\"Amare Tasse\/Untersetzer Hellblau\/Braun\"}]},{\"@type\":\"WebSite\",\"@id\":\"https:\/\/hubsch-interior.com\/de\/#website\",\"url\":\"https:\/\/hubsch-interior.com\/de\/\",\"name\":\"H\u00fcbsch\",\"description\":\"Danish Home Interior and Design\",\"publisher\":{\"@id\":\"https:\/\/hubsch-interior.com\/de\/#organization\"},\"potentialAction\":[{\"@type\":\"SearchAction\",\"target\":{\"@type\":\"EntryPoint\",\"urlTemplate\":\"https:\/\/hubsch-interior.com\/de\/?s={search_term_string}\"},\"query-input\":{\"@type\":\"PropertyValueSpecification\",\"valueRequired\":true,\"valueName\":\"search_term_string\"}}],\"inLanguage\":\"de\"},{\"@type\":\"Organization\",\"@id\":\"https:\/\/hubsch-interior.com\/de\/#organization\",\"name\":\"H\u00fcbsch\",\"url\":\"https:\/\/hubsch-interior.com\/de\/\",\"logo\":{\"@type\":\"ImageObject\",\"inLanguage\":\"de\",\"@id\":\"https:\/\/hubsch-interior.com\/de\/#\/schema\/logo\/image\/\",\"url\":\"https:\/\/hubsch-interior.com\/wp-content\/uploads\/2022\/12\/Hubsch_logo_black_one_line.svg\",\"contentUrl\":\"https:\/\/hubsch-interior.com\/wp-content\/uploads\/2022\/12\/Hubsch_logo_black_one_line.svg\",\"caption\":\"H\u00fcbsch\"},\"image\":{\"@id\":\"https:\/\/hubsch-interior.com\/de\/#\/schema\/logo\/image\/\"}}]}<\/script>\n<!-- \/ Yoast SEO plugin. -->","yoast_head_json":{"title":"Amare Tasse\/Untersetzer Hellblau\/Braun - H\u00fcbsch","description":"Voil\u00e0 \u2013 ein retro-inspiriertes Duo f\u00fcr passionierte Tee- oder Kaffeetrinker*innen. Wenn Sie ein designbewusster Farbfreak sind, sind diese beiden","robots":{"index":"index","follow":"follow","max-snippet":"max-snippet:-1","max-image-preview":"max-image-preview:large","max-video-preview":"max-video-preview:-1"},"canonical":"https:\/\/hubsch-interior.com\/de\/wp-json\/wp\/v2\/product\/879823","og_locale":"de_DE","og_type":"article","og_title":"Amare Tasse\/Untersetzer Hellblau\/Braun - H\u00fcbsch","og_description":"Voil\u00e0 \u2013 ein retro-inspiriertes Duo f\u00fcr passionierte Tee- oder Kaffeetrinker*innen. Wenn Sie ein designbewusster Farbfreak sind, sind diese beiden","og_url":"https:\/\/hubsch-interior.com\/de\/produkt\/amare-tasse-untersetzer-hellblau-braun\/","og_site_name":"H\u00fcbsch","article_modified_time":"2026-04-06T02:26:11+00:00","og_image":[{"width":1200,"height":1200,"url":"https:\/\/hubsch-interior.com\/wp-content\/uploads\/2023\/11\/amare-cupsaucer-light-bluebrown-set-of-2-c58352b87ada2763e6517062b3737e6b.jpg","type":"image\/jpeg"}],"twitter_card":"summary_large_image","schema":{"@context":"https:\/\/schema.org","@graph":[{"@type":"WebPage","@id":"https:\/\/hubsch-interior.com\/de\/produkt\/amare-tasse-untersetzer-hellblau-braun\/","url":"https:\/\/hubsch-interior.com\/de\/produkt\/amare-tasse-untersetzer-hellblau-braun\/","name":"Amare Tasse\/Untersetzer Hellblau\/Braun - H\u00fcbsch","isPartOf":{"@id":"https:\/\/hubsch-interior.com\/de\/#website"},"primaryImageOfPage":{"@id":"https:\/\/hubsch-interior.com\/de\/produkt\/amare-tasse-untersetzer-hellblau-braun\/#primaryimage"},"image":{"@id":"https:\/\/hubsch-interior.com\/de\/produkt\/amare-tasse-untersetzer-hellblau-braun\/#primaryimage"},"thumbnailUrl":"https:\/\/hubsch-interior.com\/wp-content\/uploads\/2026\/02\/amare-cupsaucer-light-bluebrown-1ad09121bd07877200f3e99c77007bbb.jpg","datePublished":"2023-02-20T07:38:04+00:00","dateModified":"2026-04-06T02:26:11+00:00","description":"Voil\u00e0 \u2013 ein retro-inspiriertes Duo f\u00fcr passionierte Tee- oder Kaffeetrinker*innen. Wenn Sie ein designbewusster Farbfreak sind, sind diese beiden","breadcrumb":{"@id":"https:\/\/hubsch-interior.com\/de\/produkt\/amare-tasse-untersetzer-hellblau-braun\/#breadcrumb"},"inLanguage":"de","potentialAction":[{"@type":"ReadAction","target":["https:\/\/hubsch-interior.com\/de\/produkt\/amare-tasse-untersetzer-hellblau-braun\/"]}]},{"@type":"ImageObject","inLanguage":"de","@id":"https:\/\/hubsch-interior.com\/de\/produkt\/amare-tasse-untersetzer-hellblau-braun\/#primaryimage","url":"https:\/\/hubsch-interior.com\/wp-content\/uploads\/2026\/02\/amare-cupsaucer-light-bluebrown-1ad09121bd07877200f3e99c77007bbb.jpg","contentUrl":"https:\/\/hubsch-interior.com\/wp-content\/uploads\/2026\/02\/amare-cupsaucer-light-bluebrown-1ad09121bd07877200f3e99c77007bbb.jpg","width":1024,"height":1024},{"@type":"BreadcrumbList","@id":"https:\/\/hubsch-interior.com\/de\/produkt\/amare-tasse-untersetzer-hellblau-braun\/#breadcrumb","itemListElement":[{"@type":"ListItem","position":1,"name":"Startseite","item":"https:\/\/hubsch-interior.com\/de\/"},{"@type":"ListItem","position":2,"name":"Produkte","item":"https:\/\/hubsch-interior.com\/de\/shop-2\/"},{"@type":"ListItem","position":3,"name":"K\u00fcche","item":"https:\/\/hubsch-interior.com\/de\/produkt-kategorie\/kuche\/"},{"@type":"ListItem","position":4,"name":"Tischgeschirr","item":"https:\/\/hubsch-interior.com\/de\/produkt-kategorie\/kuche\/tischgeschirr-de-2\/"},{"@type":"ListItem","position":5,"name":"Gl&auml;ser und Kannen","item":"https:\/\/hubsch-interior.com\/de\/produkt-kategorie\/kuche\/tischgeschirr-de-2\/glaeser-und-kannen-de\/"},{"@type":"ListItem","position":6,"name":"Amare Tasse\/Untersetzer Hellblau\/Braun"}]},{"@type":"WebSite","@id":"https:\/\/hubsch-interior.com\/de\/#website","url":"https:\/\/hubsch-interior.com\/de\/","name":"H\u00fcbsch","description":"Danish Home Interior and Design","publisher":{"@id":"https:\/\/hubsch-interior.com\/de\/#organization"},"potentialAction":[{"@type":"SearchAction","target":{"@type":"EntryPoint","urlTemplate":"https:\/\/hubsch-interior.com\/de\/?s={search_term_string}"},"query-input":{"@type":"PropertyValueSpecification","valueRequired":true,"valueName":"search_term_string"}}],"inLanguage":"de"},{"@type":"Organization","@id":"https:\/\/hubsch-interior.com\/de\/#organization","name":"H\u00fcbsch","url":"https:\/\/hubsch-interior.com\/de\/","logo":{"@type":"ImageObject","inLanguage":"de","@id":"https:\/\/hubsch-interior.com\/de\/#\/schema\/logo\/image\/","url":"https:\/\/hubsch-interior.com\/wp-content\/uploads\/2022\/12\/Hubsch_logo_black_one_line.svg","contentUrl":"https:\/\/hubsch-interior.com\/wp-content\/uploads\/2022\/12\/Hubsch_logo_black_one_line.svg","caption":"H\u00fcbsch"},"image":{"@id":"https:\/\/hubsch-interior.com\/de\/#\/schema\/logo\/image\/"}}]}},"_links":{"self":[{"href":"https:\/\/hubsch-interior.com\/de\/wp-json\/wp\/v2\/product\/879823","targetHints":{"allow":["GET"]}}],"collection":[{"href":"https:\/\/hubsch-interior.com\/de\/wp-json\/wp\/v2\/product"}],"about":[{"href":"https:\/\/hubsch-interior.com\/de\/wp-json\/wp\/v2\/types\/product"}],"wp:featuredmedia":[{"embeddable":true,"href":"https:\/\/hubsch-interior.com\/de\/wp-json\/wp\/v2\/media\/1114313"}],"wp:attachment":[{"href":"https:\/\/hubsch-interior.com\/de\/wp-json\/wp\/v2\/media?parent=879823"}],"wp:term":[{"taxonomy":"product_brand","embeddable":true,"href":"https:\/\/hubsch-interior.com\/de\/wp-json\/wp\/v2\/product_brand?post=879823"},{"taxonomy":"product_cat","embeddable":true,"href":"https:\/\/hubsch-interior.com\/de\/wp-json\/wp\/v2\/product_cat?post=879823"},{"taxonomy":"product_tag","embeddable":true,"href":"https:\/\/hubsch-interior.com\/de\/wp-json\/wp\/v2\/product_tag?post=879823"}],"curies":[{"name":"wp","href":"https:\/\/api.w.org\/{rel}","templated":true}]}}