{"id":879871,"date":"2023-02-20T08:38:12","date_gmt":"2023-02-20T07:38:12","guid":{"rendered":"https:\/\/hubsch-interior.com\/product\/product\/"},"modified":"2026-04-05T04:26:52","modified_gmt":"2026-04-05T02:26:52","slug":"amare-tasse-untersetzer-sandfarben-grun","status":"publish","type":"product","link":"https:\/\/hubsch-interior.com\/de\/produkt\/amare-tasse-untersetzer-sandfarben-grun\/","title":{"rendered":"Amare Tasse\/Untersetzer Sandfarben\/Gr\u00fcn"},"content":{"rendered":"<p>Voil\u00e0 \u2013 ein retro-inspiriertes Duo f\u00fcr passionierte Tee- oder Kaffeetrinker*innen. Wenn Sie ein designbewusster Farbfreak sind, sind diese beiden Keramikperlen in Form von Tasse und Untertasse die perfekte Wahl f\u00fcr Sie. Die wundersch\u00f6ne Farbkombination aus Sand und Gr\u00fcn hat uns auf Anhieb gefallen. Die gl\u00e4nzende Glasur bringt Freude in die morgendliche oder nachmitt\u00e4gliche Routine \u2013 nehmen Sie einen Schluck und genie\u00dfen Sie. Noch ein Bonus: Dieses perfekte Paar ist sp\u00fclmaschinenfest.<\/p>\n","protected":false},"excerpt":{"rendered":"<p>Voil\u00e0 \u2013 ein retro-inspiriertes Duo f\u00fcr passionierte Tee- oder Kaffeetrinker*innen. Wenn Sie ein designbewusster Farbfreak sind, sind diese beiden Keramikperlen in Form von Tasse und Untertasse die perfekte Wahl f\u00fcr Sie. Die wundersch\u00f6ne Farbkombination aus Sand und Gr\u00fcn hat uns auf Anhieb gefallen. Die gl\u00e4nzende Glasur bringt Freude in die morgendliche oder nachmitt\u00e4gliche Routine \u2013 [&hellip;]<\/p>\n","protected":false},"featured_media":1114345,"template":"","meta":{"_acf_changed":false,"inline_featured_image":false},"product_brand":[],"product_cat":[6674,5027,7034,4055,6972,6519,6583,7029,4096],"product_tag":[],"class_list":{"0":"post-879871","1":"product","2":"type-product","3":"status-publish","4":"has-post-thumbnail","6":"product_cat-amare-tafelgeschirr-de","7":"product_cat-bestsellers-de","8":"product_cat-glaeser-und-kannen-de","9":"product_cat-kuechenzubehoer-de","10":"product_cat-oster-sale","11":"product_cat-outlet-de","12":"product_cat-rekindle-collection-de","13":"product_cat-tischgeschirr-de-2","14":"product_cat-tischgeschirr-de","15":"product_shipping_class-pk","17":"pa_color-grn-2","18":"pa_color-sandfarben","19":"pa_material-stone-powder-100-4","21":"first","22":"instock","23":"sale","24":"featured","25":"taxable","26":"shipping-taxable","27":"purchasable","28":"product-type-simple"},"exclude_global_add_ons":[],"addons":[],"acf":[],"yoast_head":"<!-- This site is optimized with the Yoast SEO plugin v26.4 - https:\/\/yoast.com\/wordpress\/plugins\/seo\/ -->\n<title>Amare Tasse\/Untersetzer Sandfarben\/Gr\u00fcn - H\u00fcbsch<\/title>\n<meta name=\"description\" content=\"Voil\u00e0 \u2013 ein retro-inspiriertes Duo f\u00fcr passionierte Tee- oder Kaffeetrinker*innen. Wenn Sie ein designbewusster Farbfreak sind, sind diese beiden\" \/>\n<meta name=\"robots\" content=\"index, follow, max-snippet:-1, max-image-preview:large, max-video-preview:-1\" \/>\n<link rel=\"canonical\" href=\"https:\/\/hubsch-interior.com\/de\/wp-json\/wp\/v2\/product\/879871\" \/>\n<meta property=\"og:locale\" content=\"de_DE\" \/>\n<meta property=\"og:type\" content=\"article\" \/>\n<meta property=\"og:title\" content=\"Amare Tasse\/Untersetzer Sandfarben\/Gr\u00fcn - H\u00fcbsch\" \/>\n<meta property=\"og:description\" content=\"Voil\u00e0 \u2013 ein retro-inspiriertes Duo f\u00fcr passionierte Tee- oder Kaffeetrinker*innen. Wenn Sie ein designbewusster Farbfreak sind, sind diese beiden\" \/>\n<meta property=\"og:url\" content=\"https:\/\/hubsch-interior.com\/de\/produkt\/amare-tasse-untersetzer-sandfarben-grun\/\" \/>\n<meta property=\"og:site_name\" content=\"H\u00fcbsch\" \/>\n<meta property=\"article:modified_time\" content=\"2026-04-05T02:26:52+00:00\" \/>\n<meta property=\"og:image\" content=\"https:\/\/hubsch-interior.com\/wp-content\/uploads\/2025\/06\/amare-cupsaucer-sandgreen-cebfdd9d48a0b181d17a4a48d9567c68.jpg\" \/>\n\t<meta property=\"og:image:width\" content=\"1200\" \/>\n\t<meta property=\"og:image:height\" content=\"1200\" \/>\n\t<meta property=\"og:image:type\" content=\"image\/jpeg\" \/>\n<meta name=\"twitter:card\" content=\"summary_large_image\" \/>\n<script type=\"application\/ld+json\" class=\"yoast-schema-graph\">{\"@context\":\"https:\/\/schema.org\",\"@graph\":[{\"@type\":\"WebPage\",\"@id\":\"https:\/\/hubsch-interior.com\/de\/produkt\/amare-tasse-untersetzer-sandfarben-grun\/\",\"url\":\"https:\/\/hubsch-interior.com\/de\/produkt\/amare-tasse-untersetzer-sandfarben-grun\/\",\"name\":\"Amare Tasse\/Untersetzer Sandfarben\/Gr\u00fcn - H\u00fcbsch\",\"isPartOf\":{\"@id\":\"https:\/\/hubsch-interior.com\/de\/#website\"},\"primaryImageOfPage\":{\"@id\":\"https:\/\/hubsch-interior.com\/de\/produkt\/amare-tasse-untersetzer-sandfarben-grun\/#primaryimage\"},\"image\":{\"@id\":\"https:\/\/hubsch-interior.com\/de\/produkt\/amare-tasse-untersetzer-sandfarben-grun\/#primaryimage\"},\"thumbnailUrl\":\"https:\/\/hubsch-interior.com\/wp-content\/uploads\/2026\/02\/amare-cupsaucer-sandgreen-5d629e914aa868de6fb24b2576c44238.jpg\",\"datePublished\":\"2023-02-20T07:38:12+00:00\",\"dateModified\":\"2026-04-05T02:26:52+00:00\",\"description\":\"Voil\u00e0 \u2013 ein retro-inspiriertes Duo f\u00fcr passionierte Tee- oder Kaffeetrinker*innen. Wenn Sie ein designbewusster Farbfreak sind, sind diese beiden\",\"breadcrumb\":{\"@id\":\"https:\/\/hubsch-interior.com\/de\/produkt\/amare-tasse-untersetzer-sandfarben-grun\/#breadcrumb\"},\"inLanguage\":\"de\",\"potentialAction\":[{\"@type\":\"ReadAction\",\"target\":[\"https:\/\/hubsch-interior.com\/de\/produkt\/amare-tasse-untersetzer-sandfarben-grun\/\"]}]},{\"@type\":\"ImageObject\",\"inLanguage\":\"de\",\"@id\":\"https:\/\/hubsch-interior.com\/de\/produkt\/amare-tasse-untersetzer-sandfarben-grun\/#primaryimage\",\"url\":\"https:\/\/hubsch-interior.com\/wp-content\/uploads\/2026\/02\/amare-cupsaucer-sandgreen-5d629e914aa868de6fb24b2576c44238.jpg\",\"contentUrl\":\"https:\/\/hubsch-interior.com\/wp-content\/uploads\/2026\/02\/amare-cupsaucer-sandgreen-5d629e914aa868de6fb24b2576c44238.jpg\",\"width\":1024,\"height\":1024},{\"@type\":\"BreadcrumbList\",\"@id\":\"https:\/\/hubsch-interior.com\/de\/produkt\/amare-tasse-untersetzer-sandfarben-grun\/#breadcrumb\",\"itemListElement\":[{\"@type\":\"ListItem\",\"position\":1,\"name\":\"Startseite\",\"item\":\"https:\/\/hubsch-interior.com\/de\/\"},{\"@type\":\"ListItem\",\"position\":2,\"name\":\"Produkte\",\"item\":\"https:\/\/hubsch-interior.com\/de\/shop-2\/\"},{\"@type\":\"ListItem\",\"position\":3,\"name\":\"K\u00fcche\",\"item\":\"https:\/\/hubsch-interior.com\/de\/produkt-kategorie\/kuche\/\"},{\"@type\":\"ListItem\",\"position\":4,\"name\":\"Tischgeschirr\",\"item\":\"https:\/\/hubsch-interior.com\/de\/produkt-kategorie\/kuche\/tischgeschirr-de-2\/\"},{\"@type\":\"ListItem\",\"position\":5,\"name\":\"Gl&auml;ser und Kannen\",\"item\":\"https:\/\/hubsch-interior.com\/de\/produkt-kategorie\/kuche\/tischgeschirr-de-2\/glaeser-und-kannen-de\/\"},{\"@type\":\"ListItem\",\"position\":6,\"name\":\"Amare Tasse\/Untersetzer Sandfarben\/Gr\u00fcn\"}]},{\"@type\":\"WebSite\",\"@id\":\"https:\/\/hubsch-interior.com\/de\/#website\",\"url\":\"https:\/\/hubsch-interior.com\/de\/\",\"name\":\"H\u00fcbsch\",\"description\":\"Danish Home Interior and Design\",\"publisher\":{\"@id\":\"https:\/\/hubsch-interior.com\/de\/#organization\"},\"potentialAction\":[{\"@type\":\"SearchAction\",\"target\":{\"@type\":\"EntryPoint\",\"urlTemplate\":\"https:\/\/hubsch-interior.com\/de\/?s={search_term_string}\"},\"query-input\":{\"@type\":\"PropertyValueSpecification\",\"valueRequired\":true,\"valueName\":\"search_term_string\"}}],\"inLanguage\":\"de\"},{\"@type\":\"Organization\",\"@id\":\"https:\/\/hubsch-interior.com\/de\/#organization\",\"name\":\"H\u00fcbsch\",\"url\":\"https:\/\/hubsch-interior.com\/de\/\",\"logo\":{\"@type\":\"ImageObject\",\"inLanguage\":\"de\",\"@id\":\"https:\/\/hubsch-interior.com\/de\/#\/schema\/logo\/image\/\",\"url\":\"https:\/\/hubsch-interior.com\/wp-content\/uploads\/2022\/12\/Hubsch_logo_black_one_line.svg\",\"contentUrl\":\"https:\/\/hubsch-interior.com\/wp-content\/uploads\/2022\/12\/Hubsch_logo_black_one_line.svg\",\"caption\":\"H\u00fcbsch\"},\"image\":{\"@id\":\"https:\/\/hubsch-interior.com\/de\/#\/schema\/logo\/image\/\"}}]}<\/script>\n<!-- \/ Yoast SEO plugin. -->","yoast_head_json":{"title":"Amare Tasse\/Untersetzer Sandfarben\/Gr\u00fcn - H\u00fcbsch","description":"Voil\u00e0 \u2013 ein retro-inspiriertes Duo f\u00fcr passionierte Tee- oder Kaffeetrinker*innen. Wenn Sie ein designbewusster Farbfreak sind, sind diese beiden","robots":{"index":"index","follow":"follow","max-snippet":"max-snippet:-1","max-image-preview":"max-image-preview:large","max-video-preview":"max-video-preview:-1"},"canonical":"https:\/\/hubsch-interior.com\/de\/wp-json\/wp\/v2\/product\/879871","og_locale":"de_DE","og_type":"article","og_title":"Amare Tasse\/Untersetzer Sandfarben\/Gr\u00fcn - H\u00fcbsch","og_description":"Voil\u00e0 \u2013 ein retro-inspiriertes Duo f\u00fcr passionierte Tee- oder Kaffeetrinker*innen. Wenn Sie ein designbewusster Farbfreak sind, sind diese beiden","og_url":"https:\/\/hubsch-interior.com\/de\/produkt\/amare-tasse-untersetzer-sandfarben-grun\/","og_site_name":"H\u00fcbsch","article_modified_time":"2026-04-05T02:26:52+00:00","og_image":[{"width":1200,"height":1200,"url":"https:\/\/hubsch-interior.com\/wp-content\/uploads\/2025\/06\/amare-cupsaucer-sandgreen-cebfdd9d48a0b181d17a4a48d9567c68.jpg","type":"image\/jpeg"}],"twitter_card":"summary_large_image","schema":{"@context":"https:\/\/schema.org","@graph":[{"@type":"WebPage","@id":"https:\/\/hubsch-interior.com\/de\/produkt\/amare-tasse-untersetzer-sandfarben-grun\/","url":"https:\/\/hubsch-interior.com\/de\/produkt\/amare-tasse-untersetzer-sandfarben-grun\/","name":"Amare Tasse\/Untersetzer Sandfarben\/Gr\u00fcn - H\u00fcbsch","isPartOf":{"@id":"https:\/\/hubsch-interior.com\/de\/#website"},"primaryImageOfPage":{"@id":"https:\/\/hubsch-interior.com\/de\/produkt\/amare-tasse-untersetzer-sandfarben-grun\/#primaryimage"},"image":{"@id":"https:\/\/hubsch-interior.com\/de\/produkt\/amare-tasse-untersetzer-sandfarben-grun\/#primaryimage"},"thumbnailUrl":"https:\/\/hubsch-interior.com\/wp-content\/uploads\/2026\/02\/amare-cupsaucer-sandgreen-5d629e914aa868de6fb24b2576c44238.jpg","datePublished":"2023-02-20T07:38:12+00:00","dateModified":"2026-04-05T02:26:52+00:00","description":"Voil\u00e0 \u2013 ein retro-inspiriertes Duo f\u00fcr passionierte Tee- oder Kaffeetrinker*innen. Wenn Sie ein designbewusster Farbfreak sind, sind diese beiden","breadcrumb":{"@id":"https:\/\/hubsch-interior.com\/de\/produkt\/amare-tasse-untersetzer-sandfarben-grun\/#breadcrumb"},"inLanguage":"de","potentialAction":[{"@type":"ReadAction","target":["https:\/\/hubsch-interior.com\/de\/produkt\/amare-tasse-untersetzer-sandfarben-grun\/"]}]},{"@type":"ImageObject","inLanguage":"de","@id":"https:\/\/hubsch-interior.com\/de\/produkt\/amare-tasse-untersetzer-sandfarben-grun\/#primaryimage","url":"https:\/\/hubsch-interior.com\/wp-content\/uploads\/2026\/02\/amare-cupsaucer-sandgreen-5d629e914aa868de6fb24b2576c44238.jpg","contentUrl":"https:\/\/hubsch-interior.com\/wp-content\/uploads\/2026\/02\/amare-cupsaucer-sandgreen-5d629e914aa868de6fb24b2576c44238.jpg","width":1024,"height":1024},{"@type":"BreadcrumbList","@id":"https:\/\/hubsch-interior.com\/de\/produkt\/amare-tasse-untersetzer-sandfarben-grun\/#breadcrumb","itemListElement":[{"@type":"ListItem","position":1,"name":"Startseite","item":"https:\/\/hubsch-interior.com\/de\/"},{"@type":"ListItem","position":2,"name":"Produkte","item":"https:\/\/hubsch-interior.com\/de\/shop-2\/"},{"@type":"ListItem","position":3,"name":"K\u00fcche","item":"https:\/\/hubsch-interior.com\/de\/produkt-kategorie\/kuche\/"},{"@type":"ListItem","position":4,"name":"Tischgeschirr","item":"https:\/\/hubsch-interior.com\/de\/produkt-kategorie\/kuche\/tischgeschirr-de-2\/"},{"@type":"ListItem","position":5,"name":"Gl&auml;ser und Kannen","item":"https:\/\/hubsch-interior.com\/de\/produkt-kategorie\/kuche\/tischgeschirr-de-2\/glaeser-und-kannen-de\/"},{"@type":"ListItem","position":6,"name":"Amare Tasse\/Untersetzer Sandfarben\/Gr\u00fcn"}]},{"@type":"WebSite","@id":"https:\/\/hubsch-interior.com\/de\/#website","url":"https:\/\/hubsch-interior.com\/de\/","name":"H\u00fcbsch","description":"Danish Home Interior and Design","publisher":{"@id":"https:\/\/hubsch-interior.com\/de\/#organization"},"potentialAction":[{"@type":"SearchAction","target":{"@type":"EntryPoint","urlTemplate":"https:\/\/hubsch-interior.com\/de\/?s={search_term_string}"},"query-input":{"@type":"PropertyValueSpecification","valueRequired":true,"valueName":"search_term_string"}}],"inLanguage":"de"},{"@type":"Organization","@id":"https:\/\/hubsch-interior.com\/de\/#organization","name":"H\u00fcbsch","url":"https:\/\/hubsch-interior.com\/de\/","logo":{"@type":"ImageObject","inLanguage":"de","@id":"https:\/\/hubsch-interior.com\/de\/#\/schema\/logo\/image\/","url":"https:\/\/hubsch-interior.com\/wp-content\/uploads\/2022\/12\/Hubsch_logo_black_one_line.svg","contentUrl":"https:\/\/hubsch-interior.com\/wp-content\/uploads\/2022\/12\/Hubsch_logo_black_one_line.svg","caption":"H\u00fcbsch"},"image":{"@id":"https:\/\/hubsch-interior.com\/de\/#\/schema\/logo\/image\/"}}]}},"_links":{"self":[{"href":"https:\/\/hubsch-interior.com\/de\/wp-json\/wp\/v2\/product\/879871","targetHints":{"allow":["GET"]}}],"collection":[{"href":"https:\/\/hubsch-interior.com\/de\/wp-json\/wp\/v2\/product"}],"about":[{"href":"https:\/\/hubsch-interior.com\/de\/wp-json\/wp\/v2\/types\/product"}],"wp:featuredmedia":[{"embeddable":true,"href":"https:\/\/hubsch-interior.com\/de\/wp-json\/wp\/v2\/media\/1114345"}],"wp:attachment":[{"href":"https:\/\/hubsch-interior.com\/de\/wp-json\/wp\/v2\/media?parent=879871"}],"wp:term":[{"taxonomy":"product_brand","embeddable":true,"href":"https:\/\/hubsch-interior.com\/de\/wp-json\/wp\/v2\/product_brand?post=879871"},{"taxonomy":"product_cat","embeddable":true,"href":"https:\/\/hubsch-interior.com\/de\/wp-json\/wp\/v2\/product_cat?post=879871"},{"taxonomy":"product_tag","embeddable":true,"href":"https:\/\/hubsch-interior.com\/de\/wp-json\/wp\/v2\/product_tag?post=879871"}],"curies":[{"name":"wp","href":"https:\/\/api.w.org\/{rel}","templated":true}]}}