{"id":879955,"date":"2023-02-20T08:38:20","date_gmt":"2023-02-20T07:38:20","guid":{"rendered":"https:\/\/hubsch-interior.com\/product\/product\/"},"modified":"2026-04-22T04:26:17","modified_gmt":"2026-04-22T02:26:17","slug":"amare-tablett-burgundy-rot-2er-set","status":"publish","type":"product","link":"https:\/\/hubsch-interior.com\/de\/produkt\/amare-tablett-burgundy-rot-2er-set\/","title":{"rendered":"Amare Tablett Burgundy\/Rot (2er Set)"},"content":{"rendered":"<p>Designobjekte, die Funktion und Sch\u00f6nheit des Designs vereinen, sind die besten! Und das gro\u00dfe Keramiktablett Amare ist ein sch\u00f6nes Beispiel daf\u00fcr. Perfekt als B\u00fcroablage: F\u00fcr Stifte und Papier oder andere Schreibwaren \u2013 oder als Serviertablett f\u00fcr offene Sandwiches, auch bekannt als Sm\u00f8rrebr\u00f8d, oder Sushi. Das tiefe Burgunderrot in Kombination mit einem Hauch von leuchtendem Rot wird jeden Raum und jede Stimmung aufpeppen. Lebensmittelgeeignet und sp\u00fclmaschinenfest.<\/p>\n","protected":false},"excerpt":{"rendered":"<p>Designobjekte, die Funktion und Sch\u00f6nheit des Designs vereinen, sind die besten! Und das gro\u00dfe Keramiktablett Amare ist ein sch\u00f6nes Beispiel daf\u00fcr. Perfekt als B\u00fcroablage: F\u00fcr Stifte und Papier oder andere Schreibwaren \u2013 oder als Serviertablett f\u00fcr offene Sandwiches, auch bekannt als Sm\u00f8rrebr\u00f8d, oder Sushi. Das tiefe Burgunderrot in Kombination mit einem Hauch von leuchtendem Rot [&hellip;]<\/p>\n","protected":false},"featured_media":1096172,"template":"","meta":{"_acf_changed":false,"inline_featured_image":false},"product_brand":[],"product_cat":[6972,7030,7040,7029,6583,6674,4055,4096,4056,4155,4961],"product_tag":[],"class_list":{"0":"post-879955","1":"product","2":"type-product","3":"status-publish","4":"has-post-thumbnail","6":"product_cat-oster-sale","7":"product_cat-servierplatten-und-teller-de","8":"product_cat-tabletts-de-tischgeschirr-de-2","9":"product_cat-tischgeschirr-de-2","10":"product_cat-rekindle-collection-de","11":"product_cat-amare-tafelgeschirr-de","12":"product_cat-kuechenzubehoer-de","13":"product_cat-tischgeschirr-de","14":"product_cat-tabletts-de","15":"product_cat-buero-de","16":"product_cat-aufbewahrungsbox-de","17":"product_shipping_class-pk","19":"pa_color-burgundy-de","20":"pa_color-rot-2","21":"pa_material-stone-powder-100-4","23":"first","24":"instock","25":"taxable","26":"shipping-taxable","27":"purchasable","28":"product-type-simple"},"exclude_global_add_ons":[],"addons":[],"acf":[],"yoast_head":"<!-- This site is optimized with the Yoast SEO plugin v26.4 - https:\/\/yoast.com\/wordpress\/plugins\/seo\/ -->\n<title>Amare Tablett Burgundy\/Rot (2er Set) - H\u00fcbsch<\/title>\n<meta name=\"description\" content=\"Designobjekte, die Funktion und Sch\u00f6nheit des Designs vereinen, sind die besten! Und das gro\u00dfe Keramiktablett Amare ist ein sch\u00f6nes Beispiel daf\u00fcr.\" \/>\n<meta name=\"robots\" content=\"index, follow, max-snippet:-1, max-image-preview:large, max-video-preview:-1\" \/>\n<link rel=\"canonical\" href=\"https:\/\/hubsch-interior.com\/de\/wp-json\/wp\/v2\/product\/879955\" \/>\n<meta property=\"og:locale\" content=\"de_DE\" \/>\n<meta property=\"og:type\" content=\"article\" \/>\n<meta property=\"og:title\" content=\"Amare Tablett Burgundy\/Rot (2er Set) - H\u00fcbsch\" \/>\n<meta property=\"og:description\" content=\"Designobjekte, die Funktion und Sch\u00f6nheit des Designs vereinen, sind die besten! Und das gro\u00dfe Keramiktablett Amare ist ein sch\u00f6nes Beispiel daf\u00fcr.\" \/>\n<meta property=\"og:url\" content=\"https:\/\/hubsch-interior.com\/de\/produkt\/amare-tablett-burgundy-rot-2er-set\/\" \/>\n<meta property=\"og:site_name\" content=\"H\u00fcbsch\" \/>\n<meta property=\"article:modified_time\" content=\"2026-04-22T02:26:17+00:00\" \/>\n<meta property=\"og:image\" content=\"https:\/\/hubsch-interior.com\/wp-content\/uploads\/2023\/08\/amare-tray-burgundyred-set-of-2-6287058bf2022087fc607dc432a902ce.jpg\" \/>\n\t<meta property=\"og:image:width\" content=\"1200\" \/>\n\t<meta property=\"og:image:height\" content=\"1200\" \/>\n\t<meta property=\"og:image:type\" content=\"image\/jpeg\" \/>\n<meta name=\"twitter:card\" content=\"summary_large_image\" \/>\n<script type=\"application\/ld+json\" class=\"yoast-schema-graph\">{\"@context\":\"https:\/\/schema.org\",\"@graph\":[{\"@type\":\"WebPage\",\"@id\":\"https:\/\/hubsch-interior.com\/de\/produkt\/amare-tablett-burgundy-rot-2er-set\/\",\"url\":\"https:\/\/hubsch-interior.com\/de\/produkt\/amare-tablett-burgundy-rot-2er-set\/\",\"name\":\"Amare Tablett Burgundy\/Rot (2er Set) - H\u00fcbsch\",\"isPartOf\":{\"@id\":\"https:\/\/hubsch-interior.com\/de\/#website\"},\"primaryImageOfPage\":{\"@id\":\"https:\/\/hubsch-interior.com\/de\/produkt\/amare-tablett-burgundy-rot-2er-set\/#primaryimage\"},\"image\":{\"@id\":\"https:\/\/hubsch-interior.com\/de\/produkt\/amare-tablett-burgundy-rot-2er-set\/#primaryimage\"},\"thumbnailUrl\":\"https:\/\/hubsch-interior.com\/wp-content\/uploads\/2026\/02\/amare-tray-burgundyred-set-of-2-fa284210bff82eb9500e68f9480ce3f1.jpg\",\"datePublished\":\"2023-02-20T07:38:20+00:00\",\"dateModified\":\"2026-04-22T02:26:17+00:00\",\"description\":\"Designobjekte, die Funktion und Sch\u00f6nheit des Designs vereinen, sind die besten! Und das gro\u00dfe Keramiktablett Amare ist ein sch\u00f6nes Beispiel daf\u00fcr.\",\"breadcrumb\":{\"@id\":\"https:\/\/hubsch-interior.com\/de\/produkt\/amare-tablett-burgundy-rot-2er-set\/#breadcrumb\"},\"inLanguage\":\"de\",\"potentialAction\":[{\"@type\":\"ReadAction\",\"target\":[\"https:\/\/hubsch-interior.com\/de\/produkt\/amare-tablett-burgundy-rot-2er-set\/\"]}]},{\"@type\":\"ImageObject\",\"inLanguage\":\"de\",\"@id\":\"https:\/\/hubsch-interior.com\/de\/produkt\/amare-tablett-burgundy-rot-2er-set\/#primaryimage\",\"url\":\"https:\/\/hubsch-interior.com\/wp-content\/uploads\/2026\/02\/amare-tray-burgundyred-set-of-2-fa284210bff82eb9500e68f9480ce3f1.jpg\",\"contentUrl\":\"https:\/\/hubsch-interior.com\/wp-content\/uploads\/2026\/02\/amare-tray-burgundyred-set-of-2-fa284210bff82eb9500e68f9480ce3f1.jpg\",\"width\":1024,\"height\":1024},{\"@type\":\"BreadcrumbList\",\"@id\":\"https:\/\/hubsch-interior.com\/de\/produkt\/amare-tablett-burgundy-rot-2er-set\/#breadcrumb\",\"itemListElement\":[{\"@type\":\"ListItem\",\"position\":1,\"name\":\"Startseite\",\"item\":\"https:\/\/hubsch-interior.com\/de\/\"},{\"@type\":\"ListItem\",\"position\":2,\"name\":\"Produkte\",\"item\":\"https:\/\/hubsch-interior.com\/de\/shop-2\/\"},{\"@type\":\"ListItem\",\"position\":3,\"name\":\"K\u00fcche\",\"item\":\"https:\/\/hubsch-interior.com\/de\/produkt-kategorie\/kuche\/\"},{\"@type\":\"ListItem\",\"position\":4,\"name\":\"Tischgeschirr\",\"item\":\"https:\/\/hubsch-interior.com\/de\/produkt-kategorie\/kuche\/tischgeschirr-de-2\/\"},{\"@type\":\"ListItem\",\"position\":5,\"name\":\"Servierplatten und Teller\",\"item\":\"https:\/\/hubsch-interior.com\/de\/produkt-kategorie\/kuche\/tischgeschirr-de-2\/servierplatten-und-teller-de\/\"},{\"@type\":\"ListItem\",\"position\":6,\"name\":\"Amare Tablett Burgundy\/Rot (2er Set)\"}]},{\"@type\":\"WebSite\",\"@id\":\"https:\/\/hubsch-interior.com\/de\/#website\",\"url\":\"https:\/\/hubsch-interior.com\/de\/\",\"name\":\"H\u00fcbsch\",\"description\":\"Danish Home Interior and Design\",\"publisher\":{\"@id\":\"https:\/\/hubsch-interior.com\/de\/#organization\"},\"potentialAction\":[{\"@type\":\"SearchAction\",\"target\":{\"@type\":\"EntryPoint\",\"urlTemplate\":\"https:\/\/hubsch-interior.com\/de\/?s={search_term_string}\"},\"query-input\":{\"@type\":\"PropertyValueSpecification\",\"valueRequired\":true,\"valueName\":\"search_term_string\"}}],\"inLanguage\":\"de\"},{\"@type\":\"Organization\",\"@id\":\"https:\/\/hubsch-interior.com\/de\/#organization\",\"name\":\"H\u00fcbsch\",\"url\":\"https:\/\/hubsch-interior.com\/de\/\",\"logo\":{\"@type\":\"ImageObject\",\"inLanguage\":\"de\",\"@id\":\"https:\/\/hubsch-interior.com\/de\/#\/schema\/logo\/image\/\",\"url\":\"https:\/\/hubsch-interior.com\/wp-content\/uploads\/2022\/12\/Hubsch_logo_black_one_line.svg\",\"contentUrl\":\"https:\/\/hubsch-interior.com\/wp-content\/uploads\/2022\/12\/Hubsch_logo_black_one_line.svg\",\"caption\":\"H\u00fcbsch\"},\"image\":{\"@id\":\"https:\/\/hubsch-interior.com\/de\/#\/schema\/logo\/image\/\"}}]}<\/script>\n<!-- \/ Yoast SEO plugin. -->","yoast_head_json":{"title":"Amare Tablett Burgundy\/Rot (2er Set) - H\u00fcbsch","description":"Designobjekte, die Funktion und Sch\u00f6nheit des Designs vereinen, sind die besten! Und das gro\u00dfe Keramiktablett Amare ist ein sch\u00f6nes Beispiel daf\u00fcr.","robots":{"index":"index","follow":"follow","max-snippet":"max-snippet:-1","max-image-preview":"max-image-preview:large","max-video-preview":"max-video-preview:-1"},"canonical":"https:\/\/hubsch-interior.com\/de\/wp-json\/wp\/v2\/product\/879955","og_locale":"de_DE","og_type":"article","og_title":"Amare Tablett Burgundy\/Rot (2er Set) - H\u00fcbsch","og_description":"Designobjekte, die Funktion und Sch\u00f6nheit des Designs vereinen, sind die besten! Und das gro\u00dfe Keramiktablett Amare ist ein sch\u00f6nes Beispiel daf\u00fcr.","og_url":"https:\/\/hubsch-interior.com\/de\/produkt\/amare-tablett-burgundy-rot-2er-set\/","og_site_name":"H\u00fcbsch","article_modified_time":"2026-04-22T02:26:17+00:00","og_image":[{"width":1200,"height":1200,"url":"https:\/\/hubsch-interior.com\/wp-content\/uploads\/2023\/08\/amare-tray-burgundyred-set-of-2-6287058bf2022087fc607dc432a902ce.jpg","type":"image\/jpeg"}],"twitter_card":"summary_large_image","schema":{"@context":"https:\/\/schema.org","@graph":[{"@type":"WebPage","@id":"https:\/\/hubsch-interior.com\/de\/produkt\/amare-tablett-burgundy-rot-2er-set\/","url":"https:\/\/hubsch-interior.com\/de\/produkt\/amare-tablett-burgundy-rot-2er-set\/","name":"Amare Tablett Burgundy\/Rot (2er Set) - H\u00fcbsch","isPartOf":{"@id":"https:\/\/hubsch-interior.com\/de\/#website"},"primaryImageOfPage":{"@id":"https:\/\/hubsch-interior.com\/de\/produkt\/amare-tablett-burgundy-rot-2er-set\/#primaryimage"},"image":{"@id":"https:\/\/hubsch-interior.com\/de\/produkt\/amare-tablett-burgundy-rot-2er-set\/#primaryimage"},"thumbnailUrl":"https:\/\/hubsch-interior.com\/wp-content\/uploads\/2026\/02\/amare-tray-burgundyred-set-of-2-fa284210bff82eb9500e68f9480ce3f1.jpg","datePublished":"2023-02-20T07:38:20+00:00","dateModified":"2026-04-22T02:26:17+00:00","description":"Designobjekte, die Funktion und Sch\u00f6nheit des Designs vereinen, sind die besten! Und das gro\u00dfe Keramiktablett Amare ist ein sch\u00f6nes Beispiel daf\u00fcr.","breadcrumb":{"@id":"https:\/\/hubsch-interior.com\/de\/produkt\/amare-tablett-burgundy-rot-2er-set\/#breadcrumb"},"inLanguage":"de","potentialAction":[{"@type":"ReadAction","target":["https:\/\/hubsch-interior.com\/de\/produkt\/amare-tablett-burgundy-rot-2er-set\/"]}]},{"@type":"ImageObject","inLanguage":"de","@id":"https:\/\/hubsch-interior.com\/de\/produkt\/amare-tablett-burgundy-rot-2er-set\/#primaryimage","url":"https:\/\/hubsch-interior.com\/wp-content\/uploads\/2026\/02\/amare-tray-burgundyred-set-of-2-fa284210bff82eb9500e68f9480ce3f1.jpg","contentUrl":"https:\/\/hubsch-interior.com\/wp-content\/uploads\/2026\/02\/amare-tray-burgundyred-set-of-2-fa284210bff82eb9500e68f9480ce3f1.jpg","width":1024,"height":1024},{"@type":"BreadcrumbList","@id":"https:\/\/hubsch-interior.com\/de\/produkt\/amare-tablett-burgundy-rot-2er-set\/#breadcrumb","itemListElement":[{"@type":"ListItem","position":1,"name":"Startseite","item":"https:\/\/hubsch-interior.com\/de\/"},{"@type":"ListItem","position":2,"name":"Produkte","item":"https:\/\/hubsch-interior.com\/de\/shop-2\/"},{"@type":"ListItem","position":3,"name":"K\u00fcche","item":"https:\/\/hubsch-interior.com\/de\/produkt-kategorie\/kuche\/"},{"@type":"ListItem","position":4,"name":"Tischgeschirr","item":"https:\/\/hubsch-interior.com\/de\/produkt-kategorie\/kuche\/tischgeschirr-de-2\/"},{"@type":"ListItem","position":5,"name":"Servierplatten und Teller","item":"https:\/\/hubsch-interior.com\/de\/produkt-kategorie\/kuche\/tischgeschirr-de-2\/servierplatten-und-teller-de\/"},{"@type":"ListItem","position":6,"name":"Amare Tablett Burgundy\/Rot (2er Set)"}]},{"@type":"WebSite","@id":"https:\/\/hubsch-interior.com\/de\/#website","url":"https:\/\/hubsch-interior.com\/de\/","name":"H\u00fcbsch","description":"Danish Home Interior and Design","publisher":{"@id":"https:\/\/hubsch-interior.com\/de\/#organization"},"potentialAction":[{"@type":"SearchAction","target":{"@type":"EntryPoint","urlTemplate":"https:\/\/hubsch-interior.com\/de\/?s={search_term_string}"},"query-input":{"@type":"PropertyValueSpecification","valueRequired":true,"valueName":"search_term_string"}}],"inLanguage":"de"},{"@type":"Organization","@id":"https:\/\/hubsch-interior.com\/de\/#organization","name":"H\u00fcbsch","url":"https:\/\/hubsch-interior.com\/de\/","logo":{"@type":"ImageObject","inLanguage":"de","@id":"https:\/\/hubsch-interior.com\/de\/#\/schema\/logo\/image\/","url":"https:\/\/hubsch-interior.com\/wp-content\/uploads\/2022\/12\/Hubsch_logo_black_one_line.svg","contentUrl":"https:\/\/hubsch-interior.com\/wp-content\/uploads\/2022\/12\/Hubsch_logo_black_one_line.svg","caption":"H\u00fcbsch"},"image":{"@id":"https:\/\/hubsch-interior.com\/de\/#\/schema\/logo\/image\/"}}]}},"_links":{"self":[{"href":"https:\/\/hubsch-interior.com\/de\/wp-json\/wp\/v2\/product\/879955","targetHints":{"allow":["GET"]}}],"collection":[{"href":"https:\/\/hubsch-interior.com\/de\/wp-json\/wp\/v2\/product"}],"about":[{"href":"https:\/\/hubsch-interior.com\/de\/wp-json\/wp\/v2\/types\/product"}],"wp:featuredmedia":[{"embeddable":true,"href":"https:\/\/hubsch-interior.com\/de\/wp-json\/wp\/v2\/media\/1096172"}],"wp:attachment":[{"href":"https:\/\/hubsch-interior.com\/de\/wp-json\/wp\/v2\/media?parent=879955"}],"wp:term":[{"taxonomy":"product_brand","embeddable":true,"href":"https:\/\/hubsch-interior.com\/de\/wp-json\/wp\/v2\/product_brand?post=879955"},{"taxonomy":"product_cat","embeddable":true,"href":"https:\/\/hubsch-interior.com\/de\/wp-json\/wp\/v2\/product_cat?post=879955"},{"taxonomy":"product_tag","embeddable":true,"href":"https:\/\/hubsch-interior.com\/de\/wp-json\/wp\/v2\/product_tag?post=879955"}],"curies":[{"name":"wp","href":"https:\/\/api.w.org\/{rel}","templated":true}]}}