{"id":880007,"date":"2023-02-20T08:38:34","date_gmt":"2023-02-20T07:38:34","guid":{"rendered":"https:\/\/hubsch-interior.com\/product\/product\/"},"modified":"2026-04-09T04:27:15","modified_gmt":"2026-04-09T02:27:15","slug":"amare-brotteller-braun","status":"publish","type":"product","link":"https:\/\/hubsch-interior.com\/de\/produkt\/amare-brotteller-braun\/","title":{"rendered":"Amare Brotteller Braun"},"content":{"rendered":"<p>Amare ist Italienisch und bedeutet &#8220;lieben&#8221;. Und wir lieben alles, was mit Keramik, Essen und geselligem Beisammensein zu tun hat. Diese Sch\u00f6nheit eines hochgl\u00e4nzenden Tellers ist Teil unserer Geschirrkollektion Amare. Wir lieben seine organische und schlichte Form. Er ist sp\u00fclmaschinenfest \u2013 und einfach perfekt. Auch f\u00fcr den Backofen und die Mikrowelle geeignet, kombinierbar mit anderen Artikeln aus unserer Amare-Kollektion.<\/p>\n","protected":false},"excerpt":{"rendered":"<p>Amare ist Italienisch und bedeutet &#8220;lieben&#8221;. Und wir lieben alles, was mit Keramik, Essen und geselligem Beisammensein zu tun hat. Diese Sch\u00f6nheit eines hochgl\u00e4nzenden Tellers ist Teil unserer Geschirrkollektion Amare. Wir lieben seine organische und schlichte Form. Er ist sp\u00fclmaschinenfest \u2013 und einfach perfekt. Auch f\u00fcr den Backofen und die Mikrowelle geeignet, kombinierbar mit anderen [&hellip;]<\/p>\n","protected":false},"featured_media":1096224,"template":"","meta":{"_acf_changed":false,"inline_featured_image":false},"product_brand":[],"product_cat":[6972,7078,7029,6583,6674,6349,4055,4096,5027,6519],"product_tag":[],"class_list":{"0":"post-880007","1":"product","2":"type-product","3":"status-publish","4":"has-post-thumbnail","6":"product_cat-oster-sale","7":"product_cat-teller-und-schuesseln-de","8":"product_cat-tischgeschirr-de-2","9":"product_cat-rekindle-collection-de","10":"product_cat-amare-tafelgeschirr-de","11":"product_cat-garden-selection-de","12":"product_cat-kuechenzubehoer-de","13":"product_cat-tischgeschirr-de","14":"product_cat-bestsellers-de","15":"product_cat-outlet-de","16":"product_shipping_class-pk","18":"pa_color-braun","19":"pa_material-stone-powder-100-4","21":"first","22":"instock","23":"sale","24":"featured","25":"taxable","26":"shipping-taxable","27":"purchasable","28":"product-type-simple"},"exclude_global_add_ons":[],"addons":[],"acf":[],"yoast_head":"<!-- This site is optimized with the Yoast SEO plugin v26.4 - https:\/\/yoast.com\/wordpress\/plugins\/seo\/ -->\n<title>Amare Brotteller Braun - H\u00fcbsch<\/title>\n<meta name=\"description\" content=\"Amare ist Italienisch und bedeutet &quot;lieben&quot;. Und wir lieben alles, was mit Keramik, Essen und geselligem Beisammensein zu tun hat. Diese Sch\u00f6nheit eines\" \/>\n<meta name=\"robots\" content=\"index, follow, max-snippet:-1, max-image-preview:large, max-video-preview:-1\" \/>\n<link rel=\"canonical\" href=\"https:\/\/hubsch-interior.com\/de\/wp-json\/wp\/v2\/product\/880007\" \/>\n<meta property=\"og:locale\" content=\"de_DE\" \/>\n<meta property=\"og:type\" content=\"article\" \/>\n<meta property=\"og:title\" content=\"Amare Brotteller Braun - H\u00fcbsch\" \/>\n<meta property=\"og:description\" content=\"Amare ist Italienisch und bedeutet &quot;lieben&quot;. Und wir lieben alles, was mit Keramik, Essen und geselligem Beisammensein zu tun hat. Diese Sch\u00f6nheit eines\" \/>\n<meta property=\"og:url\" content=\"https:\/\/hubsch-interior.com\/de\/produkt\/amare-brotteller-braun\/\" \/>\n<meta property=\"og:site_name\" content=\"H\u00fcbsch\" \/>\n<meta property=\"article:modified_time\" content=\"2026-04-09T02:27:15+00:00\" \/>\n<meta property=\"og:image\" content=\"https:\/\/hubsch-interior.com\/wp-content\/uploads\/2023\/08\/amare-lunch-plate-brown-aa0a078bde5aec272afbf35987d299bb.jpg\" \/>\n\t<meta property=\"og:image:width\" content=\"1200\" \/>\n\t<meta property=\"og:image:height\" content=\"1200\" \/>\n\t<meta property=\"og:image:type\" content=\"image\/jpeg\" \/>\n<meta name=\"twitter:card\" content=\"summary_large_image\" \/>\n<script type=\"application\/ld+json\" class=\"yoast-schema-graph\">{\"@context\":\"https:\/\/schema.org\",\"@graph\":[{\"@type\":\"WebPage\",\"@id\":\"https:\/\/hubsch-interior.com\/de\/produkt\/amare-brotteller-braun\/\",\"url\":\"https:\/\/hubsch-interior.com\/de\/produkt\/amare-brotteller-braun\/\",\"name\":\"Amare Brotteller Braun - H\u00fcbsch\",\"isPartOf\":{\"@id\":\"https:\/\/hubsch-interior.com\/de\/#website\"},\"primaryImageOfPage\":{\"@id\":\"https:\/\/hubsch-interior.com\/de\/produkt\/amare-brotteller-braun\/#primaryimage\"},\"image\":{\"@id\":\"https:\/\/hubsch-interior.com\/de\/produkt\/amare-brotteller-braun\/#primaryimage\"},\"thumbnailUrl\":\"https:\/\/hubsch-interior.com\/wp-content\/uploads\/2026\/02\/amare-lunch-plate-brown-4db452a63218385e11c21807562f1874.jpg\",\"datePublished\":\"2023-02-20T07:38:34+00:00\",\"dateModified\":\"2026-04-09T02:27:15+00:00\",\"description\":\"Amare ist Italienisch und bedeutet \\\"lieben\\\". Und wir lieben alles, was mit Keramik, Essen und geselligem Beisammensein zu tun hat. Diese Sch\u00f6nheit eines\",\"breadcrumb\":{\"@id\":\"https:\/\/hubsch-interior.com\/de\/produkt\/amare-brotteller-braun\/#breadcrumb\"},\"inLanguage\":\"de\",\"potentialAction\":[{\"@type\":\"ReadAction\",\"target\":[\"https:\/\/hubsch-interior.com\/de\/produkt\/amare-brotteller-braun\/\"]}]},{\"@type\":\"ImageObject\",\"inLanguage\":\"de\",\"@id\":\"https:\/\/hubsch-interior.com\/de\/produkt\/amare-brotteller-braun\/#primaryimage\",\"url\":\"https:\/\/hubsch-interior.com\/wp-content\/uploads\/2026\/02\/amare-lunch-plate-brown-4db452a63218385e11c21807562f1874.jpg\",\"contentUrl\":\"https:\/\/hubsch-interior.com\/wp-content\/uploads\/2026\/02\/amare-lunch-plate-brown-4db452a63218385e11c21807562f1874.jpg\",\"width\":1024,\"height\":1024},{\"@type\":\"BreadcrumbList\",\"@id\":\"https:\/\/hubsch-interior.com\/de\/produkt\/amare-brotteller-braun\/#breadcrumb\",\"itemListElement\":[{\"@type\":\"ListItem\",\"position\":1,\"name\":\"Startseite\",\"item\":\"https:\/\/hubsch-interior.com\/de\/\"},{\"@type\":\"ListItem\",\"position\":2,\"name\":\"Produkte\",\"item\":\"https:\/\/hubsch-interior.com\/de\/shop-2\/\"},{\"@type\":\"ListItem\",\"position\":3,\"name\":\"K\u00fcche\",\"item\":\"https:\/\/hubsch-interior.com\/de\/produkt-kategorie\/kuche\/\"},{\"@type\":\"ListItem\",\"position\":4,\"name\":\"Tischgeschirr\",\"item\":\"https:\/\/hubsch-interior.com\/de\/produkt-kategorie\/kuche\/tischgeschirr-de-2\/\"},{\"@type\":\"ListItem\",\"position\":5,\"name\":\"Teller und Sch&uuml;sseln\",\"item\":\"https:\/\/hubsch-interior.com\/de\/produkt-kategorie\/kuche\/tischgeschirr-de-2\/teller-und-schuesseln-de\/\"},{\"@type\":\"ListItem\",\"position\":6,\"name\":\"Amare Brotteller Braun\"}]},{\"@type\":\"WebSite\",\"@id\":\"https:\/\/hubsch-interior.com\/de\/#website\",\"url\":\"https:\/\/hubsch-interior.com\/de\/\",\"name\":\"H\u00fcbsch\",\"description\":\"Danish Home Interior and Design\",\"publisher\":{\"@id\":\"https:\/\/hubsch-interior.com\/de\/#organization\"},\"potentialAction\":[{\"@type\":\"SearchAction\",\"target\":{\"@type\":\"EntryPoint\",\"urlTemplate\":\"https:\/\/hubsch-interior.com\/de\/?s={search_term_string}\"},\"query-input\":{\"@type\":\"PropertyValueSpecification\",\"valueRequired\":true,\"valueName\":\"search_term_string\"}}],\"inLanguage\":\"de\"},{\"@type\":\"Organization\",\"@id\":\"https:\/\/hubsch-interior.com\/de\/#organization\",\"name\":\"H\u00fcbsch\",\"url\":\"https:\/\/hubsch-interior.com\/de\/\",\"logo\":{\"@type\":\"ImageObject\",\"inLanguage\":\"de\",\"@id\":\"https:\/\/hubsch-interior.com\/de\/#\/schema\/logo\/image\/\",\"url\":\"https:\/\/hubsch-interior.com\/wp-content\/uploads\/2022\/12\/Hubsch_logo_black_one_line.svg\",\"contentUrl\":\"https:\/\/hubsch-interior.com\/wp-content\/uploads\/2022\/12\/Hubsch_logo_black_one_line.svg\",\"caption\":\"H\u00fcbsch\"},\"image\":{\"@id\":\"https:\/\/hubsch-interior.com\/de\/#\/schema\/logo\/image\/\"}}]}<\/script>\n<!-- \/ Yoast SEO plugin. -->","yoast_head_json":{"title":"Amare Brotteller Braun - H\u00fcbsch","description":"Amare ist Italienisch und bedeutet \"lieben\". Und wir lieben alles, was mit Keramik, Essen und geselligem Beisammensein zu tun hat. Diese Sch\u00f6nheit eines","robots":{"index":"index","follow":"follow","max-snippet":"max-snippet:-1","max-image-preview":"max-image-preview:large","max-video-preview":"max-video-preview:-1"},"canonical":"https:\/\/hubsch-interior.com\/de\/wp-json\/wp\/v2\/product\/880007","og_locale":"de_DE","og_type":"article","og_title":"Amare Brotteller Braun - H\u00fcbsch","og_description":"Amare ist Italienisch und bedeutet \"lieben\". Und wir lieben alles, was mit Keramik, Essen und geselligem Beisammensein zu tun hat. Diese Sch\u00f6nheit eines","og_url":"https:\/\/hubsch-interior.com\/de\/produkt\/amare-brotteller-braun\/","og_site_name":"H\u00fcbsch","article_modified_time":"2026-04-09T02:27:15+00:00","og_image":[{"width":1200,"height":1200,"url":"https:\/\/hubsch-interior.com\/wp-content\/uploads\/2023\/08\/amare-lunch-plate-brown-aa0a078bde5aec272afbf35987d299bb.jpg","type":"image\/jpeg"}],"twitter_card":"summary_large_image","schema":{"@context":"https:\/\/schema.org","@graph":[{"@type":"WebPage","@id":"https:\/\/hubsch-interior.com\/de\/produkt\/amare-brotteller-braun\/","url":"https:\/\/hubsch-interior.com\/de\/produkt\/amare-brotteller-braun\/","name":"Amare Brotteller Braun - H\u00fcbsch","isPartOf":{"@id":"https:\/\/hubsch-interior.com\/de\/#website"},"primaryImageOfPage":{"@id":"https:\/\/hubsch-interior.com\/de\/produkt\/amare-brotteller-braun\/#primaryimage"},"image":{"@id":"https:\/\/hubsch-interior.com\/de\/produkt\/amare-brotteller-braun\/#primaryimage"},"thumbnailUrl":"https:\/\/hubsch-interior.com\/wp-content\/uploads\/2026\/02\/amare-lunch-plate-brown-4db452a63218385e11c21807562f1874.jpg","datePublished":"2023-02-20T07:38:34+00:00","dateModified":"2026-04-09T02:27:15+00:00","description":"Amare ist Italienisch und bedeutet \"lieben\". Und wir lieben alles, was mit Keramik, Essen und geselligem Beisammensein zu tun hat. Diese Sch\u00f6nheit eines","breadcrumb":{"@id":"https:\/\/hubsch-interior.com\/de\/produkt\/amare-brotteller-braun\/#breadcrumb"},"inLanguage":"de","potentialAction":[{"@type":"ReadAction","target":["https:\/\/hubsch-interior.com\/de\/produkt\/amare-brotteller-braun\/"]}]},{"@type":"ImageObject","inLanguage":"de","@id":"https:\/\/hubsch-interior.com\/de\/produkt\/amare-brotteller-braun\/#primaryimage","url":"https:\/\/hubsch-interior.com\/wp-content\/uploads\/2026\/02\/amare-lunch-plate-brown-4db452a63218385e11c21807562f1874.jpg","contentUrl":"https:\/\/hubsch-interior.com\/wp-content\/uploads\/2026\/02\/amare-lunch-plate-brown-4db452a63218385e11c21807562f1874.jpg","width":1024,"height":1024},{"@type":"BreadcrumbList","@id":"https:\/\/hubsch-interior.com\/de\/produkt\/amare-brotteller-braun\/#breadcrumb","itemListElement":[{"@type":"ListItem","position":1,"name":"Startseite","item":"https:\/\/hubsch-interior.com\/de\/"},{"@type":"ListItem","position":2,"name":"Produkte","item":"https:\/\/hubsch-interior.com\/de\/shop-2\/"},{"@type":"ListItem","position":3,"name":"K\u00fcche","item":"https:\/\/hubsch-interior.com\/de\/produkt-kategorie\/kuche\/"},{"@type":"ListItem","position":4,"name":"Tischgeschirr","item":"https:\/\/hubsch-interior.com\/de\/produkt-kategorie\/kuche\/tischgeschirr-de-2\/"},{"@type":"ListItem","position":5,"name":"Teller und Sch&uuml;sseln","item":"https:\/\/hubsch-interior.com\/de\/produkt-kategorie\/kuche\/tischgeschirr-de-2\/teller-und-schuesseln-de\/"},{"@type":"ListItem","position":6,"name":"Amare Brotteller Braun"}]},{"@type":"WebSite","@id":"https:\/\/hubsch-interior.com\/de\/#website","url":"https:\/\/hubsch-interior.com\/de\/","name":"H\u00fcbsch","description":"Danish Home Interior and Design","publisher":{"@id":"https:\/\/hubsch-interior.com\/de\/#organization"},"potentialAction":[{"@type":"SearchAction","target":{"@type":"EntryPoint","urlTemplate":"https:\/\/hubsch-interior.com\/de\/?s={search_term_string}"},"query-input":{"@type":"PropertyValueSpecification","valueRequired":true,"valueName":"search_term_string"}}],"inLanguage":"de"},{"@type":"Organization","@id":"https:\/\/hubsch-interior.com\/de\/#organization","name":"H\u00fcbsch","url":"https:\/\/hubsch-interior.com\/de\/","logo":{"@type":"ImageObject","inLanguage":"de","@id":"https:\/\/hubsch-interior.com\/de\/#\/schema\/logo\/image\/","url":"https:\/\/hubsch-interior.com\/wp-content\/uploads\/2022\/12\/Hubsch_logo_black_one_line.svg","contentUrl":"https:\/\/hubsch-interior.com\/wp-content\/uploads\/2022\/12\/Hubsch_logo_black_one_line.svg","caption":"H\u00fcbsch"},"image":{"@id":"https:\/\/hubsch-interior.com\/de\/#\/schema\/logo\/image\/"}}]}},"_links":{"self":[{"href":"https:\/\/hubsch-interior.com\/de\/wp-json\/wp\/v2\/product\/880007","targetHints":{"allow":["GET"]}}],"collection":[{"href":"https:\/\/hubsch-interior.com\/de\/wp-json\/wp\/v2\/product"}],"about":[{"href":"https:\/\/hubsch-interior.com\/de\/wp-json\/wp\/v2\/types\/product"}],"wp:featuredmedia":[{"embeddable":true,"href":"https:\/\/hubsch-interior.com\/de\/wp-json\/wp\/v2\/media\/1096224"}],"wp:attachment":[{"href":"https:\/\/hubsch-interior.com\/de\/wp-json\/wp\/v2\/media?parent=880007"}],"wp:term":[{"taxonomy":"product_brand","embeddable":true,"href":"https:\/\/hubsch-interior.com\/de\/wp-json\/wp\/v2\/product_brand?post=880007"},{"taxonomy":"product_cat","embeddable":true,"href":"https:\/\/hubsch-interior.com\/de\/wp-json\/wp\/v2\/product_cat?post=880007"},{"taxonomy":"product_tag","embeddable":true,"href":"https:\/\/hubsch-interior.com\/de\/wp-json\/wp\/v2\/product_tag?post=880007"}],"curies":[{"name":"wp","href":"https:\/\/api.w.org\/{rel}","templated":true}]}}