{"id":880119,"date":"2023-02-20T08:40:08","date_gmt":"2023-02-20T07:40:08","guid":{"rendered":"https:\/\/hubsch-interior.com\/product\/product\/"},"modified":"2026-04-09T04:27:26","modified_gmt":"2026-04-09T02:27:26","slug":"amare-speiseteller-hellblau","status":"publish","type":"product","link":"https:\/\/hubsch-interior.com\/de\/produkt\/amare-speiseteller-hellblau\/","title":{"rendered":"Amare Speiseteller Hellblau"},"content":{"rendered":"<p>Nehmen Sie sich gerne Zeit f\u00fcr einen sch\u00f6n gedeckten Tisch oder sind Sie ein Fan von improvisierten Zusammenk\u00fcnften? Wie auch immer, der hochgl\u00e4nzende Amare-Keramikteller im Retro-Stil ist der perfekte Teller f\u00fcr beide Gelegenheiten. Amare ist Italienisch und bedeutet &#8220;lieben&#8221; \u2013 und wir lieben jede Art von Aktivit\u00e4t, bei der sich Menschen treffen und gemeinsam essen. Ob f\u00fcr das t\u00e4gliche Abendessen oder f\u00fcr besondere Anl\u00e4sse, solange Sie Spa\u00df haben, sind wir dabei. Sp\u00fclmaschinenfest \u2013 und einfach perfekt. Auch geeignet f\u00fcr Backofen und Mikrowelle. Kombinierbar mit anderen Artikeln aus unserer Amare-Kollektion.<\/p>\n","protected":false},"excerpt":{"rendered":"<p>Nehmen Sie sich gerne Zeit f\u00fcr einen sch\u00f6n gedeckten Tisch oder sind Sie ein Fan von improvisierten Zusammenk\u00fcnften? Wie auch immer, der hochgl\u00e4nzende Amare-Keramikteller im Retro-Stil ist der perfekte Teller f\u00fcr beide Gelegenheiten. Amare ist Italienisch und bedeutet &#8220;lieben&#8221; \u2013 und wir lieben jede Art von Aktivit\u00e4t, bei der sich Menschen treffen und gemeinsam essen. [&hellip;]<\/p>\n","protected":false},"featured_media":1096288,"template":"","meta":{"_acf_changed":false,"inline_featured_image":false},"product_brand":[],"product_cat":[6972,7078,7029,6583,6674,4055,4096,5027,6519],"product_tag":[],"class_list":{"0":"post-880119","1":"product","2":"type-product","3":"status-publish","4":"has-post-thumbnail","6":"product_cat-oster-sale","7":"product_cat-teller-und-schuesseln-de","8":"product_cat-tischgeschirr-de-2","9":"product_cat-rekindle-collection-de","10":"product_cat-amare-tafelgeschirr-de","11":"product_cat-kuechenzubehoer-de","12":"product_cat-tischgeschirr-de","13":"product_cat-bestsellers-de","14":"product_cat-outlet-de","15":"product_shipping_class-pk","17":"pa_color-hellblau-2","18":"pa_material-stone-powder-100-4","20":"first","21":"instock","22":"sale","23":"featured","24":"taxable","25":"shipping-taxable","26":"purchasable","27":"product-type-simple"},"exclude_global_add_ons":[],"addons":[],"acf":[],"yoast_head":"<!-- This site is optimized with the Yoast SEO plugin v26.4 - https:\/\/yoast.com\/wordpress\/plugins\/seo\/ -->\n<title>Amare Speiseteller Hellblau - H\u00fcbsch<\/title>\n<meta name=\"description\" content=\"Nehmen Sie sich gerne Zeit f\u00fcr einen sch\u00f6n gedeckten Tisch oder sind Sie ein Fan von improvisierten Zusammenk\u00fcnften? Wie auch immer, der hochgl\u00e4nzende\" \/>\n<meta name=\"robots\" content=\"index, follow, max-snippet:-1, max-image-preview:large, max-video-preview:-1\" \/>\n<link rel=\"canonical\" href=\"https:\/\/hubsch-interior.com\/de\/wp-json\/wp\/v2\/product\/880119\" \/>\n<meta property=\"og:locale\" content=\"de_DE\" \/>\n<meta property=\"og:type\" content=\"article\" \/>\n<meta property=\"og:title\" content=\"Amare Speiseteller Hellblau - H\u00fcbsch\" \/>\n<meta property=\"og:description\" content=\"Nehmen Sie sich gerne Zeit f\u00fcr einen sch\u00f6n gedeckten Tisch oder sind Sie ein Fan von improvisierten Zusammenk\u00fcnften? Wie auch immer, der hochgl\u00e4nzende\" \/>\n<meta property=\"og:url\" content=\"https:\/\/hubsch-interior.com\/de\/produkt\/amare-speiseteller-hellblau\/\" \/>\n<meta property=\"og:site_name\" content=\"H\u00fcbsch\" \/>\n<meta property=\"article:modified_time\" content=\"2026-04-09T02:27:26+00:00\" \/>\n<meta property=\"og:image\" content=\"https:\/\/hubsch-interior.com\/wp-content\/uploads\/2024\/11\/amare-dinner-plate-light-blue-c84769ed21083baeb8cedfe006c7a26f.jpg\" \/>\n\t<meta property=\"og:image:width\" content=\"1200\" \/>\n\t<meta property=\"og:image:height\" content=\"1200\" \/>\n\t<meta property=\"og:image:type\" content=\"image\/jpeg\" \/>\n<meta name=\"twitter:card\" content=\"summary_large_image\" \/>\n<script type=\"application\/ld+json\" class=\"yoast-schema-graph\">{\"@context\":\"https:\/\/schema.org\",\"@graph\":[{\"@type\":\"WebPage\",\"@id\":\"https:\/\/hubsch-interior.com\/de\/produkt\/amare-speiseteller-hellblau\/\",\"url\":\"https:\/\/hubsch-interior.com\/de\/produkt\/amare-speiseteller-hellblau\/\",\"name\":\"Amare Speiseteller Hellblau - H\u00fcbsch\",\"isPartOf\":{\"@id\":\"https:\/\/hubsch-interior.com\/de\/#website\"},\"primaryImageOfPage\":{\"@id\":\"https:\/\/hubsch-interior.com\/de\/produkt\/amare-speiseteller-hellblau\/#primaryimage\"},\"image\":{\"@id\":\"https:\/\/hubsch-interior.com\/de\/produkt\/amare-speiseteller-hellblau\/#primaryimage\"},\"thumbnailUrl\":\"https:\/\/hubsch-interior.com\/wp-content\/uploads\/2026\/02\/amare-dinner-plate-light-blue-25fac570d60cdde73e1caf3f3331bb4f.jpg\",\"datePublished\":\"2023-02-20T07:40:08+00:00\",\"dateModified\":\"2026-04-09T02:27:26+00:00\",\"description\":\"Nehmen Sie sich gerne Zeit f\u00fcr einen sch\u00f6n gedeckten Tisch oder sind Sie ein Fan von improvisierten Zusammenk\u00fcnften? Wie auch immer, der hochgl\u00e4nzende\",\"breadcrumb\":{\"@id\":\"https:\/\/hubsch-interior.com\/de\/produkt\/amare-speiseteller-hellblau\/#breadcrumb\"},\"inLanguage\":\"de\",\"potentialAction\":[{\"@type\":\"ReadAction\",\"target\":[\"https:\/\/hubsch-interior.com\/de\/produkt\/amare-speiseteller-hellblau\/\"]}]},{\"@type\":\"ImageObject\",\"inLanguage\":\"de\",\"@id\":\"https:\/\/hubsch-interior.com\/de\/produkt\/amare-speiseteller-hellblau\/#primaryimage\",\"url\":\"https:\/\/hubsch-interior.com\/wp-content\/uploads\/2026\/02\/amare-dinner-plate-light-blue-25fac570d60cdde73e1caf3f3331bb4f.jpg\",\"contentUrl\":\"https:\/\/hubsch-interior.com\/wp-content\/uploads\/2026\/02\/amare-dinner-plate-light-blue-25fac570d60cdde73e1caf3f3331bb4f.jpg\",\"width\":1024,\"height\":1024},{\"@type\":\"BreadcrumbList\",\"@id\":\"https:\/\/hubsch-interior.com\/de\/produkt\/amare-speiseteller-hellblau\/#breadcrumb\",\"itemListElement\":[{\"@type\":\"ListItem\",\"position\":1,\"name\":\"Startseite\",\"item\":\"https:\/\/hubsch-interior.com\/de\/\"},{\"@type\":\"ListItem\",\"position\":2,\"name\":\"Produkte\",\"item\":\"https:\/\/hubsch-interior.com\/de\/shop-2\/\"},{\"@type\":\"ListItem\",\"position\":3,\"name\":\"K\u00fcche\",\"item\":\"https:\/\/hubsch-interior.com\/de\/produkt-kategorie\/kuche\/\"},{\"@type\":\"ListItem\",\"position\":4,\"name\":\"Tischgeschirr\",\"item\":\"https:\/\/hubsch-interior.com\/de\/produkt-kategorie\/kuche\/tischgeschirr-de-2\/\"},{\"@type\":\"ListItem\",\"position\":5,\"name\":\"Teller und Sch&uuml;sseln\",\"item\":\"https:\/\/hubsch-interior.com\/de\/produkt-kategorie\/kuche\/tischgeschirr-de-2\/teller-und-schuesseln-de\/\"},{\"@type\":\"ListItem\",\"position\":6,\"name\":\"Amare Speiseteller Hellblau\"}]},{\"@type\":\"WebSite\",\"@id\":\"https:\/\/hubsch-interior.com\/de\/#website\",\"url\":\"https:\/\/hubsch-interior.com\/de\/\",\"name\":\"H\u00fcbsch\",\"description\":\"Danish Home Interior and Design\",\"publisher\":{\"@id\":\"https:\/\/hubsch-interior.com\/de\/#organization\"},\"potentialAction\":[{\"@type\":\"SearchAction\",\"target\":{\"@type\":\"EntryPoint\",\"urlTemplate\":\"https:\/\/hubsch-interior.com\/de\/?s={search_term_string}\"},\"query-input\":{\"@type\":\"PropertyValueSpecification\",\"valueRequired\":true,\"valueName\":\"search_term_string\"}}],\"inLanguage\":\"de\"},{\"@type\":\"Organization\",\"@id\":\"https:\/\/hubsch-interior.com\/de\/#organization\",\"name\":\"H\u00fcbsch\",\"url\":\"https:\/\/hubsch-interior.com\/de\/\",\"logo\":{\"@type\":\"ImageObject\",\"inLanguage\":\"de\",\"@id\":\"https:\/\/hubsch-interior.com\/de\/#\/schema\/logo\/image\/\",\"url\":\"https:\/\/hubsch-interior.com\/wp-content\/uploads\/2022\/12\/Hubsch_logo_black_one_line.svg\",\"contentUrl\":\"https:\/\/hubsch-interior.com\/wp-content\/uploads\/2022\/12\/Hubsch_logo_black_one_line.svg\",\"caption\":\"H\u00fcbsch\"},\"image\":{\"@id\":\"https:\/\/hubsch-interior.com\/de\/#\/schema\/logo\/image\/\"}}]}<\/script>\n<!-- \/ Yoast SEO plugin. -->","yoast_head_json":{"title":"Amare Speiseteller Hellblau - H\u00fcbsch","description":"Nehmen Sie sich gerne Zeit f\u00fcr einen sch\u00f6n gedeckten Tisch oder sind Sie ein Fan von improvisierten Zusammenk\u00fcnften? Wie auch immer, der hochgl\u00e4nzende","robots":{"index":"index","follow":"follow","max-snippet":"max-snippet:-1","max-image-preview":"max-image-preview:large","max-video-preview":"max-video-preview:-1"},"canonical":"https:\/\/hubsch-interior.com\/de\/wp-json\/wp\/v2\/product\/880119","og_locale":"de_DE","og_type":"article","og_title":"Amare Speiseteller Hellblau - H\u00fcbsch","og_description":"Nehmen Sie sich gerne Zeit f\u00fcr einen sch\u00f6n gedeckten Tisch oder sind Sie ein Fan von improvisierten Zusammenk\u00fcnften? Wie auch immer, der hochgl\u00e4nzende","og_url":"https:\/\/hubsch-interior.com\/de\/produkt\/amare-speiseteller-hellblau\/","og_site_name":"H\u00fcbsch","article_modified_time":"2026-04-09T02:27:26+00:00","og_image":[{"width":1200,"height":1200,"url":"https:\/\/hubsch-interior.com\/wp-content\/uploads\/2024\/11\/amare-dinner-plate-light-blue-c84769ed21083baeb8cedfe006c7a26f.jpg","type":"image\/jpeg"}],"twitter_card":"summary_large_image","schema":{"@context":"https:\/\/schema.org","@graph":[{"@type":"WebPage","@id":"https:\/\/hubsch-interior.com\/de\/produkt\/amare-speiseteller-hellblau\/","url":"https:\/\/hubsch-interior.com\/de\/produkt\/amare-speiseteller-hellblau\/","name":"Amare Speiseteller Hellblau - H\u00fcbsch","isPartOf":{"@id":"https:\/\/hubsch-interior.com\/de\/#website"},"primaryImageOfPage":{"@id":"https:\/\/hubsch-interior.com\/de\/produkt\/amare-speiseteller-hellblau\/#primaryimage"},"image":{"@id":"https:\/\/hubsch-interior.com\/de\/produkt\/amare-speiseteller-hellblau\/#primaryimage"},"thumbnailUrl":"https:\/\/hubsch-interior.com\/wp-content\/uploads\/2026\/02\/amare-dinner-plate-light-blue-25fac570d60cdde73e1caf3f3331bb4f.jpg","datePublished":"2023-02-20T07:40:08+00:00","dateModified":"2026-04-09T02:27:26+00:00","description":"Nehmen Sie sich gerne Zeit f\u00fcr einen sch\u00f6n gedeckten Tisch oder sind Sie ein Fan von improvisierten Zusammenk\u00fcnften? Wie auch immer, der hochgl\u00e4nzende","breadcrumb":{"@id":"https:\/\/hubsch-interior.com\/de\/produkt\/amare-speiseteller-hellblau\/#breadcrumb"},"inLanguage":"de","potentialAction":[{"@type":"ReadAction","target":["https:\/\/hubsch-interior.com\/de\/produkt\/amare-speiseteller-hellblau\/"]}]},{"@type":"ImageObject","inLanguage":"de","@id":"https:\/\/hubsch-interior.com\/de\/produkt\/amare-speiseteller-hellblau\/#primaryimage","url":"https:\/\/hubsch-interior.com\/wp-content\/uploads\/2026\/02\/amare-dinner-plate-light-blue-25fac570d60cdde73e1caf3f3331bb4f.jpg","contentUrl":"https:\/\/hubsch-interior.com\/wp-content\/uploads\/2026\/02\/amare-dinner-plate-light-blue-25fac570d60cdde73e1caf3f3331bb4f.jpg","width":1024,"height":1024},{"@type":"BreadcrumbList","@id":"https:\/\/hubsch-interior.com\/de\/produkt\/amare-speiseteller-hellblau\/#breadcrumb","itemListElement":[{"@type":"ListItem","position":1,"name":"Startseite","item":"https:\/\/hubsch-interior.com\/de\/"},{"@type":"ListItem","position":2,"name":"Produkte","item":"https:\/\/hubsch-interior.com\/de\/shop-2\/"},{"@type":"ListItem","position":3,"name":"K\u00fcche","item":"https:\/\/hubsch-interior.com\/de\/produkt-kategorie\/kuche\/"},{"@type":"ListItem","position":4,"name":"Tischgeschirr","item":"https:\/\/hubsch-interior.com\/de\/produkt-kategorie\/kuche\/tischgeschirr-de-2\/"},{"@type":"ListItem","position":5,"name":"Teller und Sch&uuml;sseln","item":"https:\/\/hubsch-interior.com\/de\/produkt-kategorie\/kuche\/tischgeschirr-de-2\/teller-und-schuesseln-de\/"},{"@type":"ListItem","position":6,"name":"Amare Speiseteller Hellblau"}]},{"@type":"WebSite","@id":"https:\/\/hubsch-interior.com\/de\/#website","url":"https:\/\/hubsch-interior.com\/de\/","name":"H\u00fcbsch","description":"Danish Home Interior and Design","publisher":{"@id":"https:\/\/hubsch-interior.com\/de\/#organization"},"potentialAction":[{"@type":"SearchAction","target":{"@type":"EntryPoint","urlTemplate":"https:\/\/hubsch-interior.com\/de\/?s={search_term_string}"},"query-input":{"@type":"PropertyValueSpecification","valueRequired":true,"valueName":"search_term_string"}}],"inLanguage":"de"},{"@type":"Organization","@id":"https:\/\/hubsch-interior.com\/de\/#organization","name":"H\u00fcbsch","url":"https:\/\/hubsch-interior.com\/de\/","logo":{"@type":"ImageObject","inLanguage":"de","@id":"https:\/\/hubsch-interior.com\/de\/#\/schema\/logo\/image\/","url":"https:\/\/hubsch-interior.com\/wp-content\/uploads\/2022\/12\/Hubsch_logo_black_one_line.svg","contentUrl":"https:\/\/hubsch-interior.com\/wp-content\/uploads\/2022\/12\/Hubsch_logo_black_one_line.svg","caption":"H\u00fcbsch"},"image":{"@id":"https:\/\/hubsch-interior.com\/de\/#\/schema\/logo\/image\/"}}]}},"_links":{"self":[{"href":"https:\/\/hubsch-interior.com\/de\/wp-json\/wp\/v2\/product\/880119","targetHints":{"allow":["GET"]}}],"collection":[{"href":"https:\/\/hubsch-interior.com\/de\/wp-json\/wp\/v2\/product"}],"about":[{"href":"https:\/\/hubsch-interior.com\/de\/wp-json\/wp\/v2\/types\/product"}],"wp:featuredmedia":[{"embeddable":true,"href":"https:\/\/hubsch-interior.com\/de\/wp-json\/wp\/v2\/media\/1096288"}],"wp:attachment":[{"href":"https:\/\/hubsch-interior.com\/de\/wp-json\/wp\/v2\/media?parent=880119"}],"wp:term":[{"taxonomy":"product_brand","embeddable":true,"href":"https:\/\/hubsch-interior.com\/de\/wp-json\/wp\/v2\/product_brand?post=880119"},{"taxonomy":"product_cat","embeddable":true,"href":"https:\/\/hubsch-interior.com\/de\/wp-json\/wp\/v2\/product_cat?post=880119"},{"taxonomy":"product_tag","embeddable":true,"href":"https:\/\/hubsch-interior.com\/de\/wp-json\/wp\/v2\/product_tag?post=880119"}],"curies":[{"name":"wp","href":"https:\/\/api.w.org\/{rel}","templated":true}]}}