{"id":880271,"date":"2023-02-20T08:40:32","date_gmt":"2023-02-20T07:40:32","guid":{"rendered":"https:\/\/hubsch-interior.com\/product\/product\/"},"modified":"2026-04-09T04:27:50","modified_gmt":"2026-04-09T02:27:50","slug":"amare-tiefer-teller-sandfarben","status":"publish","type":"product","link":"https:\/\/hubsch-interior.com\/de\/produkt\/amare-tiefer-teller-sandfarben\/","title":{"rendered":"Amare Tiefer Teller Sandfarben"},"content":{"rendered":"<p>Ein vielseitiger Suppenteller, mit dem Sie Ihre G\u00e4ste stilvoll bedienen k\u00f6nnen: Es k\u00f6nnte kaum besser sein. Dieser hochgl\u00e4nzende, retro-inspirierte Suppenteller in wundersch\u00f6nem Sandfarbton ist sowohl f\u00fcr den t\u00e4glichen Gebrauch als auch f\u00fcr die gehobene K\u00fcche geeignet. Der Amare-Suppenteller pr\u00e4sentiert Ihr Nudelgericht, Ihren Salat oder Ihre Suppe mit Stil \u2013 direkt aus dem Ofen, wenn Sie eine dampfend hei\u00dfe und herzhafte Mahlzeit w\u00fcnschen. Die Amare-Kollektion ist sp\u00fclmaschinen- und mikroofenfest, aber wenn Sie das Geschirr l\u00e4nger genie\u00dfen und von Hand abwaschen m\u00f6chten, k\u00f6nnen Sie das gerne tun. Seien Sie unsere G\u00e4ste. Kombinieren Sie den Teller mit anderen Artikeln aus unserer Amare-Kollektion.<\/p>\n","protected":false},"excerpt":{"rendered":"<p>Ein vielseitiger Suppenteller, mit dem Sie Ihre G\u00e4ste stilvoll bedienen k\u00f6nnen: Es k\u00f6nnte kaum besser sein. Dieser hochgl\u00e4nzende, retro-inspirierte Suppenteller in wundersch\u00f6nem Sandfarbton ist sowohl f\u00fcr den t\u00e4glichen Gebrauch als auch f\u00fcr die gehobene K\u00fcche geeignet. Der Amare-Suppenteller pr\u00e4sentiert Ihr Nudelgericht, Ihren Salat oder Ihre Suppe mit Stil \u2013 direkt aus dem Ofen, wenn Sie [&hellip;]<\/p>\n","protected":false},"featured_media":1096384,"template":"","meta":{"_acf_changed":false,"inline_featured_image":false},"product_brand":[],"product_cat":[6972,7044,7078,7029,6583,6674,4055,4096,6519],"product_tag":[],"class_list":{"0":"post-880271","1":"product","2":"type-product","3":"status-publish","4":"has-post-thumbnail","6":"product_cat-oster-sale","7":"product_cat-servierschalen-de","8":"product_cat-teller-und-schuesseln-de","9":"product_cat-tischgeschirr-de-2","10":"product_cat-rekindle-collection-de","11":"product_cat-amare-tafelgeschirr-de","12":"product_cat-kuechenzubehoer-de","13":"product_cat-tischgeschirr-de","14":"product_cat-outlet-de","15":"product_shipping_class-pk","17":"pa_color-sandfarben","18":"pa_material-stone-powder-100-4","20":"first","21":"instock","22":"sale","23":"taxable","24":"shipping-taxable","25":"purchasable","26":"product-type-simple"},"exclude_global_add_ons":[],"addons":[],"acf":[],"yoast_head":"<!-- This site is optimized with the Yoast SEO plugin v26.4 - https:\/\/yoast.com\/wordpress\/plugins\/seo\/ -->\n<title>Amare Tiefer Teller Sandfarben - H\u00fcbsch<\/title>\n<meta name=\"description\" content=\"Ein vielseitiger Suppenteller, mit dem Sie Ihre G\u00e4ste stilvoll bedienen k\u00f6nnen: Es k\u00f6nnte kaum besser sein. Dieser hochgl\u00e4nzende, retro-inspirierte\" \/>\n<meta name=\"robots\" content=\"index, follow, max-snippet:-1, max-image-preview:large, max-video-preview:-1\" \/>\n<link rel=\"canonical\" href=\"https:\/\/hubsch-interior.com\/de\/wp-json\/wp\/v2\/product\/880271\" \/>\n<meta property=\"og:locale\" content=\"de_DE\" \/>\n<meta property=\"og:type\" content=\"article\" \/>\n<meta property=\"og:title\" content=\"Amare Tiefer Teller Sandfarben - H\u00fcbsch\" \/>\n<meta property=\"og:description\" content=\"Ein vielseitiger Suppenteller, mit dem Sie Ihre G\u00e4ste stilvoll bedienen k\u00f6nnen: Es k\u00f6nnte kaum besser sein. Dieser hochgl\u00e4nzende, retro-inspirierte\" \/>\n<meta property=\"og:url\" content=\"https:\/\/hubsch-interior.com\/de\/produkt\/amare-tiefer-teller-sandfarben\/\" \/>\n<meta property=\"og:site_name\" content=\"H\u00fcbsch\" \/>\n<meta property=\"article:modified_time\" content=\"2026-04-09T02:27:50+00:00\" \/>\n<meta property=\"og:image\" content=\"https:\/\/hubsch-interior.com\/wp-content\/uploads\/2023\/08\/amare-soup-plate-sand-e89ce76a6aa9f1d3f0b66399038b66bb.jpg\" \/>\n\t<meta property=\"og:image:width\" content=\"1200\" \/>\n\t<meta property=\"og:image:height\" content=\"1200\" \/>\n\t<meta property=\"og:image:type\" content=\"image\/jpeg\" \/>\n<meta name=\"twitter:card\" content=\"summary_large_image\" \/>\n<meta name=\"twitter:label1\" content=\"Gesch\u00e4tzte Lesezeit\" \/>\n\t<meta name=\"twitter:data1\" content=\"1\u00a0Minute\" \/>\n<script type=\"application\/ld+json\" class=\"yoast-schema-graph\">{\"@context\":\"https:\/\/schema.org\",\"@graph\":[{\"@type\":\"WebPage\",\"@id\":\"https:\/\/hubsch-interior.com\/de\/produkt\/amare-tiefer-teller-sandfarben\/\",\"url\":\"https:\/\/hubsch-interior.com\/de\/produkt\/amare-tiefer-teller-sandfarben\/\",\"name\":\"Amare Tiefer Teller Sandfarben - H\u00fcbsch\",\"isPartOf\":{\"@id\":\"https:\/\/hubsch-interior.com\/de\/#website\"},\"primaryImageOfPage\":{\"@id\":\"https:\/\/hubsch-interior.com\/de\/produkt\/amare-tiefer-teller-sandfarben\/#primaryimage\"},\"image\":{\"@id\":\"https:\/\/hubsch-interior.com\/de\/produkt\/amare-tiefer-teller-sandfarben\/#primaryimage\"},\"thumbnailUrl\":\"https:\/\/hubsch-interior.com\/wp-content\/uploads\/2026\/02\/amare-soup-plate-sand-a6dcfb6636a68de0d423fd308c5dbb86.jpg\",\"datePublished\":\"2023-02-20T07:40:32+00:00\",\"dateModified\":\"2026-04-09T02:27:50+00:00\",\"description\":\"Ein vielseitiger Suppenteller, mit dem Sie Ihre G\u00e4ste stilvoll bedienen k\u00f6nnen: Es k\u00f6nnte kaum besser sein. Dieser hochgl\u00e4nzende, retro-inspirierte\",\"breadcrumb\":{\"@id\":\"https:\/\/hubsch-interior.com\/de\/produkt\/amare-tiefer-teller-sandfarben\/#breadcrumb\"},\"inLanguage\":\"de\",\"potentialAction\":[{\"@type\":\"ReadAction\",\"target\":[\"https:\/\/hubsch-interior.com\/de\/produkt\/amare-tiefer-teller-sandfarben\/\"]}]},{\"@type\":\"ImageObject\",\"inLanguage\":\"de\",\"@id\":\"https:\/\/hubsch-interior.com\/de\/produkt\/amare-tiefer-teller-sandfarben\/#primaryimage\",\"url\":\"https:\/\/hubsch-interior.com\/wp-content\/uploads\/2026\/02\/amare-soup-plate-sand-a6dcfb6636a68de0d423fd308c5dbb86.jpg\",\"contentUrl\":\"https:\/\/hubsch-interior.com\/wp-content\/uploads\/2026\/02\/amare-soup-plate-sand-a6dcfb6636a68de0d423fd308c5dbb86.jpg\",\"width\":1024,\"height\":1024},{\"@type\":\"BreadcrumbList\",\"@id\":\"https:\/\/hubsch-interior.com\/de\/produkt\/amare-tiefer-teller-sandfarben\/#breadcrumb\",\"itemListElement\":[{\"@type\":\"ListItem\",\"position\":1,\"name\":\"Startseite\",\"item\":\"https:\/\/hubsch-interior.com\/de\/\"},{\"@type\":\"ListItem\",\"position\":2,\"name\":\"Produkte\",\"item\":\"https:\/\/hubsch-interior.com\/de\/shop-2\/\"},{\"@type\":\"ListItem\",\"position\":3,\"name\":\"K\u00fcche\",\"item\":\"https:\/\/hubsch-interior.com\/de\/produkt-kategorie\/kuche\/\"},{\"@type\":\"ListItem\",\"position\":4,\"name\":\"Tischgeschirr\",\"item\":\"https:\/\/hubsch-interior.com\/de\/produkt-kategorie\/kuche\/tischgeschirr-de-2\/\"},{\"@type\":\"ListItem\",\"position\":5,\"name\":\"Servierschalen\",\"item\":\"https:\/\/hubsch-interior.com\/de\/produkt-kategorie\/kuche\/tischgeschirr-de-2\/servierschalen-de\/\"},{\"@type\":\"ListItem\",\"position\":6,\"name\":\"Amare Tiefer Teller Sandfarben\"}]},{\"@type\":\"WebSite\",\"@id\":\"https:\/\/hubsch-interior.com\/de\/#website\",\"url\":\"https:\/\/hubsch-interior.com\/de\/\",\"name\":\"H\u00fcbsch\",\"description\":\"Danish Home Interior and Design\",\"publisher\":{\"@id\":\"https:\/\/hubsch-interior.com\/de\/#organization\"},\"potentialAction\":[{\"@type\":\"SearchAction\",\"target\":{\"@type\":\"EntryPoint\",\"urlTemplate\":\"https:\/\/hubsch-interior.com\/de\/?s={search_term_string}\"},\"query-input\":{\"@type\":\"PropertyValueSpecification\",\"valueRequired\":true,\"valueName\":\"search_term_string\"}}],\"inLanguage\":\"de\"},{\"@type\":\"Organization\",\"@id\":\"https:\/\/hubsch-interior.com\/de\/#organization\",\"name\":\"H\u00fcbsch\",\"url\":\"https:\/\/hubsch-interior.com\/de\/\",\"logo\":{\"@type\":\"ImageObject\",\"inLanguage\":\"de\",\"@id\":\"https:\/\/hubsch-interior.com\/de\/#\/schema\/logo\/image\/\",\"url\":\"https:\/\/hubsch-interior.com\/wp-content\/uploads\/2022\/12\/Hubsch_logo_black_one_line.svg\",\"contentUrl\":\"https:\/\/hubsch-interior.com\/wp-content\/uploads\/2022\/12\/Hubsch_logo_black_one_line.svg\",\"caption\":\"H\u00fcbsch\"},\"image\":{\"@id\":\"https:\/\/hubsch-interior.com\/de\/#\/schema\/logo\/image\/\"}}]}<\/script>\n<!-- \/ Yoast SEO plugin. -->","yoast_head_json":{"title":"Amare Tiefer Teller Sandfarben - H\u00fcbsch","description":"Ein vielseitiger Suppenteller, mit dem Sie Ihre G\u00e4ste stilvoll bedienen k\u00f6nnen: Es k\u00f6nnte kaum besser sein. Dieser hochgl\u00e4nzende, retro-inspirierte","robots":{"index":"index","follow":"follow","max-snippet":"max-snippet:-1","max-image-preview":"max-image-preview:large","max-video-preview":"max-video-preview:-1"},"canonical":"https:\/\/hubsch-interior.com\/de\/wp-json\/wp\/v2\/product\/880271","og_locale":"de_DE","og_type":"article","og_title":"Amare Tiefer Teller Sandfarben - H\u00fcbsch","og_description":"Ein vielseitiger Suppenteller, mit dem Sie Ihre G\u00e4ste stilvoll bedienen k\u00f6nnen: Es k\u00f6nnte kaum besser sein. Dieser hochgl\u00e4nzende, retro-inspirierte","og_url":"https:\/\/hubsch-interior.com\/de\/produkt\/amare-tiefer-teller-sandfarben\/","og_site_name":"H\u00fcbsch","article_modified_time":"2026-04-09T02:27:50+00:00","og_image":[{"width":1200,"height":1200,"url":"https:\/\/hubsch-interior.com\/wp-content\/uploads\/2023\/08\/amare-soup-plate-sand-e89ce76a6aa9f1d3f0b66399038b66bb.jpg","type":"image\/jpeg"}],"twitter_card":"summary_large_image","twitter_misc":{"Gesch\u00e4tzte Lesezeit":"1\u00a0Minute"},"schema":{"@context":"https:\/\/schema.org","@graph":[{"@type":"WebPage","@id":"https:\/\/hubsch-interior.com\/de\/produkt\/amare-tiefer-teller-sandfarben\/","url":"https:\/\/hubsch-interior.com\/de\/produkt\/amare-tiefer-teller-sandfarben\/","name":"Amare Tiefer Teller Sandfarben - H\u00fcbsch","isPartOf":{"@id":"https:\/\/hubsch-interior.com\/de\/#website"},"primaryImageOfPage":{"@id":"https:\/\/hubsch-interior.com\/de\/produkt\/amare-tiefer-teller-sandfarben\/#primaryimage"},"image":{"@id":"https:\/\/hubsch-interior.com\/de\/produkt\/amare-tiefer-teller-sandfarben\/#primaryimage"},"thumbnailUrl":"https:\/\/hubsch-interior.com\/wp-content\/uploads\/2026\/02\/amare-soup-plate-sand-a6dcfb6636a68de0d423fd308c5dbb86.jpg","datePublished":"2023-02-20T07:40:32+00:00","dateModified":"2026-04-09T02:27:50+00:00","description":"Ein vielseitiger Suppenteller, mit dem Sie Ihre G\u00e4ste stilvoll bedienen k\u00f6nnen: Es k\u00f6nnte kaum besser sein. Dieser hochgl\u00e4nzende, retro-inspirierte","breadcrumb":{"@id":"https:\/\/hubsch-interior.com\/de\/produkt\/amare-tiefer-teller-sandfarben\/#breadcrumb"},"inLanguage":"de","potentialAction":[{"@type":"ReadAction","target":["https:\/\/hubsch-interior.com\/de\/produkt\/amare-tiefer-teller-sandfarben\/"]}]},{"@type":"ImageObject","inLanguage":"de","@id":"https:\/\/hubsch-interior.com\/de\/produkt\/amare-tiefer-teller-sandfarben\/#primaryimage","url":"https:\/\/hubsch-interior.com\/wp-content\/uploads\/2026\/02\/amare-soup-plate-sand-a6dcfb6636a68de0d423fd308c5dbb86.jpg","contentUrl":"https:\/\/hubsch-interior.com\/wp-content\/uploads\/2026\/02\/amare-soup-plate-sand-a6dcfb6636a68de0d423fd308c5dbb86.jpg","width":1024,"height":1024},{"@type":"BreadcrumbList","@id":"https:\/\/hubsch-interior.com\/de\/produkt\/amare-tiefer-teller-sandfarben\/#breadcrumb","itemListElement":[{"@type":"ListItem","position":1,"name":"Startseite","item":"https:\/\/hubsch-interior.com\/de\/"},{"@type":"ListItem","position":2,"name":"Produkte","item":"https:\/\/hubsch-interior.com\/de\/shop-2\/"},{"@type":"ListItem","position":3,"name":"K\u00fcche","item":"https:\/\/hubsch-interior.com\/de\/produkt-kategorie\/kuche\/"},{"@type":"ListItem","position":4,"name":"Tischgeschirr","item":"https:\/\/hubsch-interior.com\/de\/produkt-kategorie\/kuche\/tischgeschirr-de-2\/"},{"@type":"ListItem","position":5,"name":"Servierschalen","item":"https:\/\/hubsch-interior.com\/de\/produkt-kategorie\/kuche\/tischgeschirr-de-2\/servierschalen-de\/"},{"@type":"ListItem","position":6,"name":"Amare Tiefer Teller Sandfarben"}]},{"@type":"WebSite","@id":"https:\/\/hubsch-interior.com\/de\/#website","url":"https:\/\/hubsch-interior.com\/de\/","name":"H\u00fcbsch","description":"Danish Home Interior and Design","publisher":{"@id":"https:\/\/hubsch-interior.com\/de\/#organization"},"potentialAction":[{"@type":"SearchAction","target":{"@type":"EntryPoint","urlTemplate":"https:\/\/hubsch-interior.com\/de\/?s={search_term_string}"},"query-input":{"@type":"PropertyValueSpecification","valueRequired":true,"valueName":"search_term_string"}}],"inLanguage":"de"},{"@type":"Organization","@id":"https:\/\/hubsch-interior.com\/de\/#organization","name":"H\u00fcbsch","url":"https:\/\/hubsch-interior.com\/de\/","logo":{"@type":"ImageObject","inLanguage":"de","@id":"https:\/\/hubsch-interior.com\/de\/#\/schema\/logo\/image\/","url":"https:\/\/hubsch-interior.com\/wp-content\/uploads\/2022\/12\/Hubsch_logo_black_one_line.svg","contentUrl":"https:\/\/hubsch-interior.com\/wp-content\/uploads\/2022\/12\/Hubsch_logo_black_one_line.svg","caption":"H\u00fcbsch"},"image":{"@id":"https:\/\/hubsch-interior.com\/de\/#\/schema\/logo\/image\/"}}]}},"_links":{"self":[{"href":"https:\/\/hubsch-interior.com\/de\/wp-json\/wp\/v2\/product\/880271","targetHints":{"allow":["GET"]}}],"collection":[{"href":"https:\/\/hubsch-interior.com\/de\/wp-json\/wp\/v2\/product"}],"about":[{"href":"https:\/\/hubsch-interior.com\/de\/wp-json\/wp\/v2\/types\/product"}],"wp:featuredmedia":[{"embeddable":true,"href":"https:\/\/hubsch-interior.com\/de\/wp-json\/wp\/v2\/media\/1096384"}],"wp:attachment":[{"href":"https:\/\/hubsch-interior.com\/de\/wp-json\/wp\/v2\/media?parent=880271"}],"wp:term":[{"taxonomy":"product_brand","embeddable":true,"href":"https:\/\/hubsch-interior.com\/de\/wp-json\/wp\/v2\/product_brand?post=880271"},{"taxonomy":"product_cat","embeddable":true,"href":"https:\/\/hubsch-interior.com\/de\/wp-json\/wp\/v2\/product_cat?post=880271"},{"taxonomy":"product_tag","embeddable":true,"href":"https:\/\/hubsch-interior.com\/de\/wp-json\/wp\/v2\/product_tag?post=880271"}],"curies":[{"name":"wp","href":"https:\/\/api.w.org\/{rel}","templated":true}]}}