{"id":880367,"date":"2023-02-20T08:41:08","date_gmt":"2023-02-20T07:41:08","guid":{"rendered":"https:\/\/hubsch-interior.com\/product\/product\/"},"modified":"2026-04-03T04:40:06","modified_gmt":"2026-04-03T02:40:06","slug":"abyss-vase-grun","status":"publish","type":"product","link":"https:\/\/hubsch-interior.com\/de\/produkt\/abyss-vase-grun\/","title":{"rendered":"Abyss Vase Gr\u00fcn"},"content":{"rendered":"<p>Es ist leicht, sich in die wundersch\u00f6ne Vase Abyss zu verlieben. Sie ist ein echter Hingucker! Diese Vase aus strukturiertem Glas in einer besonderen Farbkombination macht mit oder ohne Blumen Freude. Stellen Sie sich Wildblumen oder einen h\u00fcbsch arrangierten Blumenstrau\u00df vor \u2013 was gibt es Sch\u00f6neres? Die Farbkombination aus Braun und Dunkelgr\u00fcn ist einfach umwerfend.<\/p>\n","protected":false},"excerpt":{"rendered":"<p>Es ist leicht, sich in die wundersch\u00f6ne Vase Abyss zu verlieben. Sie ist ein echter Hingucker! Diese Vase aus strukturiertem Glas in einer besonderen Farbkombination macht mit oder ohne Blumen Freude. Stellen Sie sich Wildblumen oder einen h\u00fcbsch arrangierten Blumenstrau\u00df vor \u2013 was gibt es Sch\u00f6neres? Die Farbkombination aus Braun und Dunkelgr\u00fcn ist einfach umwerfend.<\/p>\n","protected":false},"featured_media":1099192,"template":"","meta":{"_acf_changed":false,"inline_featured_image":false},"product_brand":[],"product_cat":[6972,6583,3156,5027,6519],"product_tag":[],"class_list":{"0":"post-880367","1":"product","2":"type-product","3":"status-publish","4":"has-post-thumbnail","6":"product_cat-oster-sale","7":"product_cat-rekindle-collection-de","8":"product_cat-vasen-de","9":"product_cat-bestsellers-de","10":"product_cat-outlet-de","11":"product_shipping_class-pk","13":"pa_color-grn-2","14":"pa_material-glas-de","16":"first","17":"instock","18":"sale","19":"featured","20":"taxable","21":"shipping-taxable","22":"purchasable","23":"product-type-simple"},"exclude_global_add_ons":[],"addons":[],"acf":[],"yoast_head":"<!-- This site is optimized with the Yoast SEO plugin v26.4 - https:\/\/yoast.com\/wordpress\/plugins\/seo\/ -->\n<title>Abyss Vase Gr\u00fcn - H\u00fcbsch<\/title>\n<meta name=\"description\" content=\"Es ist leicht, sich in die wundersch\u00f6ne Vase Abyss zu verlieben. Sie ist ein echter Hingucker! Diese Vase aus strukturiertem Glas in einer besonderen\" \/>\n<meta name=\"robots\" content=\"index, follow, max-snippet:-1, max-image-preview:large, max-video-preview:-1\" \/>\n<link rel=\"canonical\" href=\"https:\/\/hubsch-interior.com\/de\/wp-json\/wp\/v2\/product\/880367\" \/>\n<meta property=\"og:locale\" content=\"de_DE\" \/>\n<meta property=\"og:type\" content=\"article\" \/>\n<meta property=\"og:title\" content=\"Abyss Vase Gr\u00fcn - H\u00fcbsch\" \/>\n<meta property=\"og:description\" content=\"Es ist leicht, sich in die wundersch\u00f6ne Vase Abyss zu verlieben. Sie ist ein echter Hingucker! Diese Vase aus strukturiertem Glas in einer besonderen\" \/>\n<meta property=\"og:url\" content=\"https:\/\/hubsch-interior.com\/de\/produkt\/abyss-vase-grun\/\" \/>\n<meta property=\"og:site_name\" content=\"H\u00fcbsch\" \/>\n<meta property=\"article:modified_time\" content=\"2026-04-03T02:40:06+00:00\" \/>\n<meta property=\"og:image\" content=\"https:\/\/hubsch-interior.com\/wp-content\/uploads\/2025\/04\/abyss-vase-green-9cb8ad11698f1b951accf322a5109639.jpg\" \/>\n\t<meta property=\"og:image:width\" content=\"1200\" \/>\n\t<meta property=\"og:image:height\" content=\"1200\" \/>\n\t<meta property=\"og:image:type\" content=\"image\/jpeg\" \/>\n<meta name=\"twitter:card\" content=\"summary_large_image\" \/>\n<script type=\"application\/ld+json\" class=\"yoast-schema-graph\">{\"@context\":\"https:\/\/schema.org\",\"@graph\":[{\"@type\":\"WebPage\",\"@id\":\"https:\/\/hubsch-interior.com\/de\/produkt\/abyss-vase-grun\/\",\"url\":\"https:\/\/hubsch-interior.com\/de\/produkt\/abyss-vase-grun\/\",\"name\":\"Abyss Vase Gr\u00fcn - H\u00fcbsch\",\"isPartOf\":{\"@id\":\"https:\/\/hubsch-interior.com\/de\/#website\"},\"primaryImageOfPage\":{\"@id\":\"https:\/\/hubsch-interior.com\/de\/produkt\/abyss-vase-grun\/#primaryimage\"},\"image\":{\"@id\":\"https:\/\/hubsch-interior.com\/de\/produkt\/abyss-vase-grun\/#primaryimage\"},\"thumbnailUrl\":\"https:\/\/hubsch-interior.com\/wp-content\/uploads\/2026\/02\/abyss-vase-green-0edf50d205d38f79de00c68aa3a6b28e.jpg\",\"datePublished\":\"2023-02-20T07:41:08+00:00\",\"dateModified\":\"2026-04-03T02:40:06+00:00\",\"description\":\"Es ist leicht, sich in die wundersch\u00f6ne Vase Abyss zu verlieben. Sie ist ein echter Hingucker! Diese Vase aus strukturiertem Glas in einer besonderen\",\"breadcrumb\":{\"@id\":\"https:\/\/hubsch-interior.com\/de\/produkt\/abyss-vase-grun\/#breadcrumb\"},\"inLanguage\":\"de\",\"potentialAction\":[{\"@type\":\"ReadAction\",\"target\":[\"https:\/\/hubsch-interior.com\/de\/produkt\/abyss-vase-grun\/\"]}]},{\"@type\":\"ImageObject\",\"inLanguage\":\"de\",\"@id\":\"https:\/\/hubsch-interior.com\/de\/produkt\/abyss-vase-grun\/#primaryimage\",\"url\":\"https:\/\/hubsch-interior.com\/wp-content\/uploads\/2026\/02\/abyss-vase-green-0edf50d205d38f79de00c68aa3a6b28e.jpg\",\"contentUrl\":\"https:\/\/hubsch-interior.com\/wp-content\/uploads\/2026\/02\/abyss-vase-green-0edf50d205d38f79de00c68aa3a6b28e.jpg\",\"width\":1024,\"height\":1024},{\"@type\":\"BreadcrumbList\",\"@id\":\"https:\/\/hubsch-interior.com\/de\/produkt\/abyss-vase-grun\/#breadcrumb\",\"itemListElement\":[{\"@type\":\"ListItem\",\"position\":1,\"name\":\"Startseite\",\"item\":\"https:\/\/hubsch-interior.com\/de\/\"},{\"@type\":\"ListItem\",\"position\":2,\"name\":\"Produkte\",\"item\":\"https:\/\/hubsch-interior.com\/de\/shop-2\/\"},{\"@type\":\"ListItem\",\"position\":3,\"name\":\"Wohnaccessoires\",\"item\":\"https:\/\/hubsch-interior.com\/de\/produkt-kategorie\/wohnaccessoires\/\"},{\"@type\":\"ListItem\",\"position\":4,\"name\":\"Vasen\",\"item\":\"https:\/\/hubsch-interior.com\/de\/produkt-kategorie\/wohnaccessoires\/vasen-de\/\"},{\"@type\":\"ListItem\",\"position\":5,\"name\":\"Abyss Vase Gr\u00fcn\"}]},{\"@type\":\"WebSite\",\"@id\":\"https:\/\/hubsch-interior.com\/de\/#website\",\"url\":\"https:\/\/hubsch-interior.com\/de\/\",\"name\":\"H\u00fcbsch\",\"description\":\"Danish Home Interior and Design\",\"publisher\":{\"@id\":\"https:\/\/hubsch-interior.com\/de\/#organization\"},\"potentialAction\":[{\"@type\":\"SearchAction\",\"target\":{\"@type\":\"EntryPoint\",\"urlTemplate\":\"https:\/\/hubsch-interior.com\/de\/?s={search_term_string}\"},\"query-input\":{\"@type\":\"PropertyValueSpecification\",\"valueRequired\":true,\"valueName\":\"search_term_string\"}}],\"inLanguage\":\"de\"},{\"@type\":\"Organization\",\"@id\":\"https:\/\/hubsch-interior.com\/de\/#organization\",\"name\":\"H\u00fcbsch\",\"url\":\"https:\/\/hubsch-interior.com\/de\/\",\"logo\":{\"@type\":\"ImageObject\",\"inLanguage\":\"de\",\"@id\":\"https:\/\/hubsch-interior.com\/de\/#\/schema\/logo\/image\/\",\"url\":\"https:\/\/hubsch-interior.com\/wp-content\/uploads\/2022\/12\/Hubsch_logo_black_one_line.svg\",\"contentUrl\":\"https:\/\/hubsch-interior.com\/wp-content\/uploads\/2022\/12\/Hubsch_logo_black_one_line.svg\",\"caption\":\"H\u00fcbsch\"},\"image\":{\"@id\":\"https:\/\/hubsch-interior.com\/de\/#\/schema\/logo\/image\/\"}}]}<\/script>\n<!-- \/ Yoast SEO plugin. -->","yoast_head_json":{"title":"Abyss Vase Gr\u00fcn - H\u00fcbsch","description":"Es ist leicht, sich in die wundersch\u00f6ne Vase Abyss zu verlieben. Sie ist ein echter Hingucker! Diese Vase aus strukturiertem Glas in einer besonderen","robots":{"index":"index","follow":"follow","max-snippet":"max-snippet:-1","max-image-preview":"max-image-preview:large","max-video-preview":"max-video-preview:-1"},"canonical":"https:\/\/hubsch-interior.com\/de\/wp-json\/wp\/v2\/product\/880367","og_locale":"de_DE","og_type":"article","og_title":"Abyss Vase Gr\u00fcn - H\u00fcbsch","og_description":"Es ist leicht, sich in die wundersch\u00f6ne Vase Abyss zu verlieben. Sie ist ein echter Hingucker! Diese Vase aus strukturiertem Glas in einer besonderen","og_url":"https:\/\/hubsch-interior.com\/de\/produkt\/abyss-vase-grun\/","og_site_name":"H\u00fcbsch","article_modified_time":"2026-04-03T02:40:06+00:00","og_image":[{"width":1200,"height":1200,"url":"https:\/\/hubsch-interior.com\/wp-content\/uploads\/2025\/04\/abyss-vase-green-9cb8ad11698f1b951accf322a5109639.jpg","type":"image\/jpeg"}],"twitter_card":"summary_large_image","schema":{"@context":"https:\/\/schema.org","@graph":[{"@type":"WebPage","@id":"https:\/\/hubsch-interior.com\/de\/produkt\/abyss-vase-grun\/","url":"https:\/\/hubsch-interior.com\/de\/produkt\/abyss-vase-grun\/","name":"Abyss Vase Gr\u00fcn - H\u00fcbsch","isPartOf":{"@id":"https:\/\/hubsch-interior.com\/de\/#website"},"primaryImageOfPage":{"@id":"https:\/\/hubsch-interior.com\/de\/produkt\/abyss-vase-grun\/#primaryimage"},"image":{"@id":"https:\/\/hubsch-interior.com\/de\/produkt\/abyss-vase-grun\/#primaryimage"},"thumbnailUrl":"https:\/\/hubsch-interior.com\/wp-content\/uploads\/2026\/02\/abyss-vase-green-0edf50d205d38f79de00c68aa3a6b28e.jpg","datePublished":"2023-02-20T07:41:08+00:00","dateModified":"2026-04-03T02:40:06+00:00","description":"Es ist leicht, sich in die wundersch\u00f6ne Vase Abyss zu verlieben. Sie ist ein echter Hingucker! Diese Vase aus strukturiertem Glas in einer besonderen","breadcrumb":{"@id":"https:\/\/hubsch-interior.com\/de\/produkt\/abyss-vase-grun\/#breadcrumb"},"inLanguage":"de","potentialAction":[{"@type":"ReadAction","target":["https:\/\/hubsch-interior.com\/de\/produkt\/abyss-vase-grun\/"]}]},{"@type":"ImageObject","inLanguage":"de","@id":"https:\/\/hubsch-interior.com\/de\/produkt\/abyss-vase-grun\/#primaryimage","url":"https:\/\/hubsch-interior.com\/wp-content\/uploads\/2026\/02\/abyss-vase-green-0edf50d205d38f79de00c68aa3a6b28e.jpg","contentUrl":"https:\/\/hubsch-interior.com\/wp-content\/uploads\/2026\/02\/abyss-vase-green-0edf50d205d38f79de00c68aa3a6b28e.jpg","width":1024,"height":1024},{"@type":"BreadcrumbList","@id":"https:\/\/hubsch-interior.com\/de\/produkt\/abyss-vase-grun\/#breadcrumb","itemListElement":[{"@type":"ListItem","position":1,"name":"Startseite","item":"https:\/\/hubsch-interior.com\/de\/"},{"@type":"ListItem","position":2,"name":"Produkte","item":"https:\/\/hubsch-interior.com\/de\/shop-2\/"},{"@type":"ListItem","position":3,"name":"Wohnaccessoires","item":"https:\/\/hubsch-interior.com\/de\/produkt-kategorie\/wohnaccessoires\/"},{"@type":"ListItem","position":4,"name":"Vasen","item":"https:\/\/hubsch-interior.com\/de\/produkt-kategorie\/wohnaccessoires\/vasen-de\/"},{"@type":"ListItem","position":5,"name":"Abyss Vase Gr\u00fcn"}]},{"@type":"WebSite","@id":"https:\/\/hubsch-interior.com\/de\/#website","url":"https:\/\/hubsch-interior.com\/de\/","name":"H\u00fcbsch","description":"Danish Home Interior and Design","publisher":{"@id":"https:\/\/hubsch-interior.com\/de\/#organization"},"potentialAction":[{"@type":"SearchAction","target":{"@type":"EntryPoint","urlTemplate":"https:\/\/hubsch-interior.com\/de\/?s={search_term_string}"},"query-input":{"@type":"PropertyValueSpecification","valueRequired":true,"valueName":"search_term_string"}}],"inLanguage":"de"},{"@type":"Organization","@id":"https:\/\/hubsch-interior.com\/de\/#organization","name":"H\u00fcbsch","url":"https:\/\/hubsch-interior.com\/de\/","logo":{"@type":"ImageObject","inLanguage":"de","@id":"https:\/\/hubsch-interior.com\/de\/#\/schema\/logo\/image\/","url":"https:\/\/hubsch-interior.com\/wp-content\/uploads\/2022\/12\/Hubsch_logo_black_one_line.svg","contentUrl":"https:\/\/hubsch-interior.com\/wp-content\/uploads\/2022\/12\/Hubsch_logo_black_one_line.svg","caption":"H\u00fcbsch"},"image":{"@id":"https:\/\/hubsch-interior.com\/de\/#\/schema\/logo\/image\/"}}]}},"_links":{"self":[{"href":"https:\/\/hubsch-interior.com\/de\/wp-json\/wp\/v2\/product\/880367","targetHints":{"allow":["GET"]}}],"collection":[{"href":"https:\/\/hubsch-interior.com\/de\/wp-json\/wp\/v2\/product"}],"about":[{"href":"https:\/\/hubsch-interior.com\/de\/wp-json\/wp\/v2\/types\/product"}],"wp:featuredmedia":[{"embeddable":true,"href":"https:\/\/hubsch-interior.com\/de\/wp-json\/wp\/v2\/media\/1099192"}],"wp:attachment":[{"href":"https:\/\/hubsch-interior.com\/de\/wp-json\/wp\/v2\/media?parent=880367"}],"wp:term":[{"taxonomy":"product_brand","embeddable":true,"href":"https:\/\/hubsch-interior.com\/de\/wp-json\/wp\/v2\/product_brand?post=880367"},{"taxonomy":"product_cat","embeddable":true,"href":"https:\/\/hubsch-interior.com\/de\/wp-json\/wp\/v2\/product_cat?post=880367"},{"taxonomy":"product_tag","embeddable":true,"href":"https:\/\/hubsch-interior.com\/de\/wp-json\/wp\/v2\/product_tag?post=880367"}],"curies":[{"name":"wp","href":"https:\/\/api.w.org\/{rel}","templated":true}]}}