{"id":880435,"date":"2023-02-20T08:41:16","date_gmt":"2023-02-20T07:41:16","guid":{"rendered":"https:\/\/hubsch-interior.com\/product\/product\/"},"modified":"2026-04-09T04:38:31","modified_gmt":"2026-04-09T02:38:31","slug":"emerald-vase-grun","status":"publish","type":"product","link":"https:\/\/hubsch-interior.com\/de\/produkt\/emerald-vase-grun\/","title":{"rendered":"Emerald Vase Gr\u00fcn"},"content":{"rendered":"<p>Unsere Smaragdvase macht ihrem Namen alle Ehre. Was f\u00fcr eine satte gr\u00fcne Farbe! Das strukturierte tiefgr\u00fcne Glas leuchtet wundersch\u00f6n \u2013 mit oder ohne Blumen. Deshalb finden wir, dass sie sich perfekt als Akzent auf einem langen Tisch oder als Einzelst\u00fcck auf einem Kaminsims oder Beistelltisch eignet. Wir denken auch, dass diese Vase ideal f\u00fcr jemanden sein k\u00f6nnte, der\/die schon alles hat. Gern geschehen!<\/p>\n","protected":false},"excerpt":{"rendered":"<p>Unsere Smaragdvase macht ihrem Namen alle Ehre. Was f\u00fcr eine satte gr\u00fcne Farbe! Das strukturierte tiefgr\u00fcne Glas leuchtet wundersch\u00f6n \u2013 mit oder ohne Blumen. Deshalb finden wir, dass sie sich perfekt als Akzent auf einem langen Tisch oder als Einzelst\u00fcck auf einem Kaminsims oder Beistelltisch eignet. Wir denken auch, dass diese Vase ideal f\u00fcr jemanden [&hellip;]<\/p>\n","protected":false},"featured_media":1099244,"template":"","meta":{"_acf_changed":false,"inline_featured_image":false},"product_brand":[],"product_cat":[6972,6583,3156,6519],"product_tag":[],"class_list":{"0":"post-880435","1":"product","2":"type-product","3":"status-publish","4":"has-post-thumbnail","6":"product_cat-oster-sale","7":"product_cat-rekindle-collection-de","8":"product_cat-vasen-de","9":"product_cat-outlet-de","10":"product_shipping_class-pk","12":"pa_color-grn-2","13":"pa_material-glas-de","15":"first","16":"instock","17":"sale","18":"taxable","19":"shipping-taxable","20":"purchasable","21":"product-type-simple"},"exclude_global_add_ons":[],"addons":[],"acf":[],"yoast_head":"<!-- This site is optimized with the Yoast SEO plugin v26.4 - https:\/\/yoast.com\/wordpress\/plugins\/seo\/ -->\n<title>Emerald Vase Gr\u00fcn - H\u00fcbsch<\/title>\n<meta name=\"description\" content=\"Unsere Smaragdvase macht ihrem Namen alle Ehre. Was f\u00fcr eine satte gr\u00fcne Farbe! Das strukturierte tiefgr\u00fcne Glas leuchtet wundersch\u00f6n \u2013 mit oder ohne\" \/>\n<meta name=\"robots\" content=\"index, follow, max-snippet:-1, max-image-preview:large, max-video-preview:-1\" \/>\n<link rel=\"canonical\" href=\"https:\/\/hubsch-interior.com\/de\/wp-json\/wp\/v2\/product\/880435\" \/>\n<meta property=\"og:locale\" content=\"de_DE\" \/>\n<meta property=\"og:type\" content=\"article\" \/>\n<meta property=\"og:title\" content=\"Emerald Vase Gr\u00fcn - H\u00fcbsch\" \/>\n<meta property=\"og:description\" content=\"Unsere Smaragdvase macht ihrem Namen alle Ehre. Was f\u00fcr eine satte gr\u00fcne Farbe! Das strukturierte tiefgr\u00fcne Glas leuchtet wundersch\u00f6n \u2013 mit oder ohne\" \/>\n<meta property=\"og:url\" content=\"https:\/\/hubsch-interior.com\/de\/produkt\/emerald-vase-grun\/\" \/>\n<meta property=\"og:site_name\" content=\"H\u00fcbsch\" \/>\n<meta property=\"article:modified_time\" content=\"2026-04-09T02:38:31+00:00\" \/>\n<meta property=\"og:image\" content=\"https:\/\/hubsch-interior.com\/wp-content\/uploads\/2025\/04\/emerald-vase-green-683b6faabb8a631f0e0f0519974085c1.jpg\" \/>\n\t<meta property=\"og:image:width\" content=\"1200\" \/>\n\t<meta property=\"og:image:height\" content=\"1200\" \/>\n\t<meta property=\"og:image:type\" content=\"image\/jpeg\" \/>\n<meta name=\"twitter:card\" content=\"summary_large_image\" \/>\n<script type=\"application\/ld+json\" class=\"yoast-schema-graph\">{\"@context\":\"https:\/\/schema.org\",\"@graph\":[{\"@type\":\"WebPage\",\"@id\":\"https:\/\/hubsch-interior.com\/de\/produkt\/emerald-vase-grun\/\",\"url\":\"https:\/\/hubsch-interior.com\/de\/produkt\/emerald-vase-grun\/\",\"name\":\"Emerald Vase Gr\u00fcn - H\u00fcbsch\",\"isPartOf\":{\"@id\":\"https:\/\/hubsch-interior.com\/de\/#website\"},\"primaryImageOfPage\":{\"@id\":\"https:\/\/hubsch-interior.com\/de\/produkt\/emerald-vase-grun\/#primaryimage\"},\"image\":{\"@id\":\"https:\/\/hubsch-interior.com\/de\/produkt\/emerald-vase-grun\/#primaryimage\"},\"thumbnailUrl\":\"https:\/\/hubsch-interior.com\/wp-content\/uploads\/2026\/02\/emerald-vase-green-d094aaba97ba84bffd94c88a39ac1658.jpg\",\"datePublished\":\"2023-02-20T07:41:16+00:00\",\"dateModified\":\"2026-04-09T02:38:31+00:00\",\"description\":\"Unsere Smaragdvase macht ihrem Namen alle Ehre. Was f\u00fcr eine satte gr\u00fcne Farbe! Das strukturierte tiefgr\u00fcne Glas leuchtet wundersch\u00f6n \u2013 mit oder ohne\",\"breadcrumb\":{\"@id\":\"https:\/\/hubsch-interior.com\/de\/produkt\/emerald-vase-grun\/#breadcrumb\"},\"inLanguage\":\"de\",\"potentialAction\":[{\"@type\":\"ReadAction\",\"target\":[\"https:\/\/hubsch-interior.com\/de\/produkt\/emerald-vase-grun\/\"]}]},{\"@type\":\"ImageObject\",\"inLanguage\":\"de\",\"@id\":\"https:\/\/hubsch-interior.com\/de\/produkt\/emerald-vase-grun\/#primaryimage\",\"url\":\"https:\/\/hubsch-interior.com\/wp-content\/uploads\/2026\/02\/emerald-vase-green-d094aaba97ba84bffd94c88a39ac1658.jpg\",\"contentUrl\":\"https:\/\/hubsch-interior.com\/wp-content\/uploads\/2026\/02\/emerald-vase-green-d094aaba97ba84bffd94c88a39ac1658.jpg\",\"width\":1024,\"height\":1024},{\"@type\":\"BreadcrumbList\",\"@id\":\"https:\/\/hubsch-interior.com\/de\/produkt\/emerald-vase-grun\/#breadcrumb\",\"itemListElement\":[{\"@type\":\"ListItem\",\"position\":1,\"name\":\"Startseite\",\"item\":\"https:\/\/hubsch-interior.com\/de\/\"},{\"@type\":\"ListItem\",\"position\":2,\"name\":\"Produkte\",\"item\":\"https:\/\/hubsch-interior.com\/de\/shop-2\/\"},{\"@type\":\"ListItem\",\"position\":3,\"name\":\"Wohnaccessoires\",\"item\":\"https:\/\/hubsch-interior.com\/de\/produkt-kategorie\/wohnaccessoires\/\"},{\"@type\":\"ListItem\",\"position\":4,\"name\":\"Vasen\",\"item\":\"https:\/\/hubsch-interior.com\/de\/produkt-kategorie\/wohnaccessoires\/vasen-de\/\"},{\"@type\":\"ListItem\",\"position\":5,\"name\":\"Emerald Vase Gr\u00fcn\"}]},{\"@type\":\"WebSite\",\"@id\":\"https:\/\/hubsch-interior.com\/de\/#website\",\"url\":\"https:\/\/hubsch-interior.com\/de\/\",\"name\":\"H\u00fcbsch\",\"description\":\"Danish Home Interior and Design\",\"publisher\":{\"@id\":\"https:\/\/hubsch-interior.com\/de\/#organization\"},\"potentialAction\":[{\"@type\":\"SearchAction\",\"target\":{\"@type\":\"EntryPoint\",\"urlTemplate\":\"https:\/\/hubsch-interior.com\/de\/?s={search_term_string}\"},\"query-input\":{\"@type\":\"PropertyValueSpecification\",\"valueRequired\":true,\"valueName\":\"search_term_string\"}}],\"inLanguage\":\"de\"},{\"@type\":\"Organization\",\"@id\":\"https:\/\/hubsch-interior.com\/de\/#organization\",\"name\":\"H\u00fcbsch\",\"url\":\"https:\/\/hubsch-interior.com\/de\/\",\"logo\":{\"@type\":\"ImageObject\",\"inLanguage\":\"de\",\"@id\":\"https:\/\/hubsch-interior.com\/de\/#\/schema\/logo\/image\/\",\"url\":\"https:\/\/hubsch-interior.com\/wp-content\/uploads\/2022\/12\/Hubsch_logo_black_one_line.svg\",\"contentUrl\":\"https:\/\/hubsch-interior.com\/wp-content\/uploads\/2022\/12\/Hubsch_logo_black_one_line.svg\",\"caption\":\"H\u00fcbsch\"},\"image\":{\"@id\":\"https:\/\/hubsch-interior.com\/de\/#\/schema\/logo\/image\/\"}}]}<\/script>\n<!-- \/ Yoast SEO plugin. -->","yoast_head_json":{"title":"Emerald Vase Gr\u00fcn - H\u00fcbsch","description":"Unsere Smaragdvase macht ihrem Namen alle Ehre. Was f\u00fcr eine satte gr\u00fcne Farbe! Das strukturierte tiefgr\u00fcne Glas leuchtet wundersch\u00f6n \u2013 mit oder ohne","robots":{"index":"index","follow":"follow","max-snippet":"max-snippet:-1","max-image-preview":"max-image-preview:large","max-video-preview":"max-video-preview:-1"},"canonical":"https:\/\/hubsch-interior.com\/de\/wp-json\/wp\/v2\/product\/880435","og_locale":"de_DE","og_type":"article","og_title":"Emerald Vase Gr\u00fcn - H\u00fcbsch","og_description":"Unsere Smaragdvase macht ihrem Namen alle Ehre. Was f\u00fcr eine satte gr\u00fcne Farbe! Das strukturierte tiefgr\u00fcne Glas leuchtet wundersch\u00f6n \u2013 mit oder ohne","og_url":"https:\/\/hubsch-interior.com\/de\/produkt\/emerald-vase-grun\/","og_site_name":"H\u00fcbsch","article_modified_time":"2026-04-09T02:38:31+00:00","og_image":[{"width":1200,"height":1200,"url":"https:\/\/hubsch-interior.com\/wp-content\/uploads\/2025\/04\/emerald-vase-green-683b6faabb8a631f0e0f0519974085c1.jpg","type":"image\/jpeg"}],"twitter_card":"summary_large_image","schema":{"@context":"https:\/\/schema.org","@graph":[{"@type":"WebPage","@id":"https:\/\/hubsch-interior.com\/de\/produkt\/emerald-vase-grun\/","url":"https:\/\/hubsch-interior.com\/de\/produkt\/emerald-vase-grun\/","name":"Emerald Vase Gr\u00fcn - H\u00fcbsch","isPartOf":{"@id":"https:\/\/hubsch-interior.com\/de\/#website"},"primaryImageOfPage":{"@id":"https:\/\/hubsch-interior.com\/de\/produkt\/emerald-vase-grun\/#primaryimage"},"image":{"@id":"https:\/\/hubsch-interior.com\/de\/produkt\/emerald-vase-grun\/#primaryimage"},"thumbnailUrl":"https:\/\/hubsch-interior.com\/wp-content\/uploads\/2026\/02\/emerald-vase-green-d094aaba97ba84bffd94c88a39ac1658.jpg","datePublished":"2023-02-20T07:41:16+00:00","dateModified":"2026-04-09T02:38:31+00:00","description":"Unsere Smaragdvase macht ihrem Namen alle Ehre. Was f\u00fcr eine satte gr\u00fcne Farbe! Das strukturierte tiefgr\u00fcne Glas leuchtet wundersch\u00f6n \u2013 mit oder ohne","breadcrumb":{"@id":"https:\/\/hubsch-interior.com\/de\/produkt\/emerald-vase-grun\/#breadcrumb"},"inLanguage":"de","potentialAction":[{"@type":"ReadAction","target":["https:\/\/hubsch-interior.com\/de\/produkt\/emerald-vase-grun\/"]}]},{"@type":"ImageObject","inLanguage":"de","@id":"https:\/\/hubsch-interior.com\/de\/produkt\/emerald-vase-grun\/#primaryimage","url":"https:\/\/hubsch-interior.com\/wp-content\/uploads\/2026\/02\/emerald-vase-green-d094aaba97ba84bffd94c88a39ac1658.jpg","contentUrl":"https:\/\/hubsch-interior.com\/wp-content\/uploads\/2026\/02\/emerald-vase-green-d094aaba97ba84bffd94c88a39ac1658.jpg","width":1024,"height":1024},{"@type":"BreadcrumbList","@id":"https:\/\/hubsch-interior.com\/de\/produkt\/emerald-vase-grun\/#breadcrumb","itemListElement":[{"@type":"ListItem","position":1,"name":"Startseite","item":"https:\/\/hubsch-interior.com\/de\/"},{"@type":"ListItem","position":2,"name":"Produkte","item":"https:\/\/hubsch-interior.com\/de\/shop-2\/"},{"@type":"ListItem","position":3,"name":"Wohnaccessoires","item":"https:\/\/hubsch-interior.com\/de\/produkt-kategorie\/wohnaccessoires\/"},{"@type":"ListItem","position":4,"name":"Vasen","item":"https:\/\/hubsch-interior.com\/de\/produkt-kategorie\/wohnaccessoires\/vasen-de\/"},{"@type":"ListItem","position":5,"name":"Emerald Vase Gr\u00fcn"}]},{"@type":"WebSite","@id":"https:\/\/hubsch-interior.com\/de\/#website","url":"https:\/\/hubsch-interior.com\/de\/","name":"H\u00fcbsch","description":"Danish Home Interior and Design","publisher":{"@id":"https:\/\/hubsch-interior.com\/de\/#organization"},"potentialAction":[{"@type":"SearchAction","target":{"@type":"EntryPoint","urlTemplate":"https:\/\/hubsch-interior.com\/de\/?s={search_term_string}"},"query-input":{"@type":"PropertyValueSpecification","valueRequired":true,"valueName":"search_term_string"}}],"inLanguage":"de"},{"@type":"Organization","@id":"https:\/\/hubsch-interior.com\/de\/#organization","name":"H\u00fcbsch","url":"https:\/\/hubsch-interior.com\/de\/","logo":{"@type":"ImageObject","inLanguage":"de","@id":"https:\/\/hubsch-interior.com\/de\/#\/schema\/logo\/image\/","url":"https:\/\/hubsch-interior.com\/wp-content\/uploads\/2022\/12\/Hubsch_logo_black_one_line.svg","contentUrl":"https:\/\/hubsch-interior.com\/wp-content\/uploads\/2022\/12\/Hubsch_logo_black_one_line.svg","caption":"H\u00fcbsch"},"image":{"@id":"https:\/\/hubsch-interior.com\/de\/#\/schema\/logo\/image\/"}}]}},"_links":{"self":[{"href":"https:\/\/hubsch-interior.com\/de\/wp-json\/wp\/v2\/product\/880435","targetHints":{"allow":["GET"]}}],"collection":[{"href":"https:\/\/hubsch-interior.com\/de\/wp-json\/wp\/v2\/product"}],"about":[{"href":"https:\/\/hubsch-interior.com\/de\/wp-json\/wp\/v2\/types\/product"}],"wp:featuredmedia":[{"embeddable":true,"href":"https:\/\/hubsch-interior.com\/de\/wp-json\/wp\/v2\/media\/1099244"}],"wp:attachment":[{"href":"https:\/\/hubsch-interior.com\/de\/wp-json\/wp\/v2\/media?parent=880435"}],"wp:term":[{"taxonomy":"product_brand","embeddable":true,"href":"https:\/\/hubsch-interior.com\/de\/wp-json\/wp\/v2\/product_brand?post=880435"},{"taxonomy":"product_cat","embeddable":true,"href":"https:\/\/hubsch-interior.com\/de\/wp-json\/wp\/v2\/product_cat?post=880435"},{"taxonomy":"product_tag","embeddable":true,"href":"https:\/\/hubsch-interior.com\/de\/wp-json\/wp\/v2\/product_tag?post=880435"}],"curies":[{"name":"wp","href":"https:\/\/api.w.org\/{rel}","templated":true}]}}