{"id":880491,"date":"2023-02-20T08:41:29","date_gmt":"2023-02-20T07:41:29","guid":{"rendered":"https:\/\/hubsch-interior.com\/product\/product\/"},"modified":"2026-04-05T04:42:05","modified_gmt":"2026-04-05T02:42:05","slug":"agenda-kissen-blau-multifarben","status":"publish","type":"product","link":"https:\/\/hubsch-interior.com\/de\/produkt\/agenda-kissen-blau-multifarben\/","title":{"rendered":"Agenda Kissen Blau\/\u00a0Multifarben"},"content":{"rendered":"<p>Unser grafisches Kissen Agenda hat Gro\u00dfes vor. Mit seinen starken und kr\u00e4ftigen Farben ist es definitiv dazu da, ein Statement zu setzen! Ob auf dem Sofa, dem Sessel oder der Liege, das Karomuster in Braun- und Blaut\u00f6nen zieht die Blicke auf sich und verleiht jedem Raum Stil und Faszination. Finden Sie nicht auch?<\/p>\n","protected":false},"excerpt":{"rendered":"<p>Unser grafisches Kissen Agenda hat Gro\u00dfes vor. Mit seinen starken und kr\u00e4ftigen Farben ist es definitiv dazu da, ein Statement zu setzen! Ob auf dem Sofa, dem Sessel oder der Liege, das Karomuster in Braun- und Blaut\u00f6nen zieht die Blicke auf sich und verleiht jedem Raum Stil und Faszination. Finden Sie nicht auch?<\/p>\n","protected":false},"featured_media":1100193,"template":"","meta":{"_acf_changed":false,"inline_featured_image":false},"product_brand":[],"product_cat":[6583,6349,3004,3005,5027],"product_tag":[],"class_list":{"0":"post-880491","1":"product","2":"type-product","3":"status-publish","4":"has-post-thumbnail","6":"product_cat-rekindle-collection-de","7":"product_cat-garden-selection-de","8":"product_cat-textilien","9":"product_cat-kissen-de","10":"product_cat-bestsellers-de","11":"product_shipping_class-pk","13":"pa_color-multifarben-2","14":"pa_color-blau-2","15":"pa_material-cotton-100-de","17":"first","18":"instock","19":"featured","20":"taxable","21":"shipping-taxable","22":"purchasable","23":"product-type-simple"},"exclude_global_add_ons":[],"addons":[],"acf":[],"yoast_head":"<!-- This site is optimized with the Yoast SEO plugin v26.4 - https:\/\/yoast.com\/wordpress\/plugins\/seo\/ -->\n<title>Agenda Kissen Blau\/\u00a0Multifarben - H\u00fcbsch<\/title>\n<meta name=\"description\" content=\"Unser grafisches Kissen Agenda hat Gro\u00dfes vor. Mit seinen starken und kr\u00e4ftigen Farben ist es definitiv dazu da, ein Statement zu setzen! Ob auf dem Sofa,\" \/>\n<meta name=\"robots\" content=\"index, follow, max-snippet:-1, max-image-preview:large, max-video-preview:-1\" \/>\n<link rel=\"canonical\" href=\"https:\/\/hubsch-interior.com\/de\/wp-json\/wp\/v2\/product\/880491\" \/>\n<meta property=\"og:locale\" content=\"de_DE\" \/>\n<meta property=\"og:type\" content=\"article\" \/>\n<meta property=\"og:title\" content=\"Agenda Kissen Blau\/\u00a0Multifarben - H\u00fcbsch\" \/>\n<meta property=\"og:description\" content=\"Unser grafisches Kissen Agenda hat Gro\u00dfes vor. Mit seinen starken und kr\u00e4ftigen Farben ist es definitiv dazu da, ein Statement zu setzen! Ob auf dem Sofa,\" \/>\n<meta property=\"og:url\" content=\"https:\/\/hubsch-interior.com\/de\/produkt\/agenda-kissen-blau-multifarben\/\" \/>\n<meta property=\"og:site_name\" content=\"H\u00fcbsch\" \/>\n<meta property=\"article:modified_time\" content=\"2026-04-05T02:42:05+00:00\" \/>\n<meta property=\"og:image\" content=\"https:\/\/hubsch-interior.com\/wp-content\/uploads\/2025\/05\/agenda-cushion-bluemulticolour-c2e36c0d0305945bde27e4a9430f95d2.jpg\" \/>\n\t<meta property=\"og:image:width\" content=\"1200\" \/>\n\t<meta property=\"og:image:height\" content=\"1200\" \/>\n\t<meta property=\"og:image:type\" content=\"image\/jpeg\" \/>\n<meta name=\"twitter:card\" content=\"summary_large_image\" \/>\n<script type=\"application\/ld+json\" class=\"yoast-schema-graph\">{\"@context\":\"https:\/\/schema.org\",\"@graph\":[{\"@type\":\"WebPage\",\"@id\":\"https:\/\/hubsch-interior.com\/de\/produkt\/agenda-kissen-blau-multifarben\/\",\"url\":\"https:\/\/hubsch-interior.com\/de\/produkt\/agenda-kissen-blau-multifarben\/\",\"name\":\"Agenda Kissen Blau\/\u00a0Multifarben - H\u00fcbsch\",\"isPartOf\":{\"@id\":\"https:\/\/hubsch-interior.com\/de\/#website\"},\"primaryImageOfPage\":{\"@id\":\"https:\/\/hubsch-interior.com\/de\/produkt\/agenda-kissen-blau-multifarben\/#primaryimage\"},\"image\":{\"@id\":\"https:\/\/hubsch-interior.com\/de\/produkt\/agenda-kissen-blau-multifarben\/#primaryimage\"},\"thumbnailUrl\":\"https:\/\/hubsch-interior.com\/wp-content\/uploads\/2026\/02\/agenda-cushion-bluemulticolour-ba3b0702a2a1f6a50a3aa2401bc5a305.jpg\",\"datePublished\":\"2023-02-20T07:41:29+00:00\",\"dateModified\":\"2026-04-05T02:42:05+00:00\",\"description\":\"Unser grafisches Kissen Agenda hat Gro\u00dfes vor. Mit seinen starken und kr\u00e4ftigen Farben ist es definitiv dazu da, ein Statement zu setzen! Ob auf dem Sofa,\",\"breadcrumb\":{\"@id\":\"https:\/\/hubsch-interior.com\/de\/produkt\/agenda-kissen-blau-multifarben\/#breadcrumb\"},\"inLanguage\":\"de\",\"potentialAction\":[{\"@type\":\"ReadAction\",\"target\":[\"https:\/\/hubsch-interior.com\/de\/produkt\/agenda-kissen-blau-multifarben\/\"]}]},{\"@type\":\"ImageObject\",\"inLanguage\":\"de\",\"@id\":\"https:\/\/hubsch-interior.com\/de\/produkt\/agenda-kissen-blau-multifarben\/#primaryimage\",\"url\":\"https:\/\/hubsch-interior.com\/wp-content\/uploads\/2026\/02\/agenda-cushion-bluemulticolour-ba3b0702a2a1f6a50a3aa2401bc5a305.jpg\",\"contentUrl\":\"https:\/\/hubsch-interior.com\/wp-content\/uploads\/2026\/02\/agenda-cushion-bluemulticolour-ba3b0702a2a1f6a50a3aa2401bc5a305.jpg\",\"width\":1024,\"height\":1024},{\"@type\":\"BreadcrumbList\",\"@id\":\"https:\/\/hubsch-interior.com\/de\/produkt\/agenda-kissen-blau-multifarben\/#breadcrumb\",\"itemListElement\":[{\"@type\":\"ListItem\",\"position\":1,\"name\":\"Startseite\",\"item\":\"https:\/\/hubsch-interior.com\/de\/\"},{\"@type\":\"ListItem\",\"position\":2,\"name\":\"Produkte\",\"item\":\"https:\/\/hubsch-interior.com\/de\/shop-2\/\"},{\"@type\":\"ListItem\",\"position\":3,\"name\":\"Textilien\",\"item\":\"https:\/\/hubsch-interior.com\/de\/produkt-kategorie\/textilien\/\"},{\"@type\":\"ListItem\",\"position\":4,\"name\":\"Kissen\",\"item\":\"https:\/\/hubsch-interior.com\/de\/produkt-kategorie\/textilien\/kissen-de\/\"},{\"@type\":\"ListItem\",\"position\":5,\"name\":\"Agenda Kissen Blau\/\u00a0Multifarben\"}]},{\"@type\":\"WebSite\",\"@id\":\"https:\/\/hubsch-interior.com\/de\/#website\",\"url\":\"https:\/\/hubsch-interior.com\/de\/\",\"name\":\"H\u00fcbsch\",\"description\":\"Danish Home Interior and Design\",\"publisher\":{\"@id\":\"https:\/\/hubsch-interior.com\/de\/#organization\"},\"potentialAction\":[{\"@type\":\"SearchAction\",\"target\":{\"@type\":\"EntryPoint\",\"urlTemplate\":\"https:\/\/hubsch-interior.com\/de\/?s={search_term_string}\"},\"query-input\":{\"@type\":\"PropertyValueSpecification\",\"valueRequired\":true,\"valueName\":\"search_term_string\"}}],\"inLanguage\":\"de\"},{\"@type\":\"Organization\",\"@id\":\"https:\/\/hubsch-interior.com\/de\/#organization\",\"name\":\"H\u00fcbsch\",\"url\":\"https:\/\/hubsch-interior.com\/de\/\",\"logo\":{\"@type\":\"ImageObject\",\"inLanguage\":\"de\",\"@id\":\"https:\/\/hubsch-interior.com\/de\/#\/schema\/logo\/image\/\",\"url\":\"https:\/\/hubsch-interior.com\/wp-content\/uploads\/2022\/12\/Hubsch_logo_black_one_line.svg\",\"contentUrl\":\"https:\/\/hubsch-interior.com\/wp-content\/uploads\/2022\/12\/Hubsch_logo_black_one_line.svg\",\"caption\":\"H\u00fcbsch\"},\"image\":{\"@id\":\"https:\/\/hubsch-interior.com\/de\/#\/schema\/logo\/image\/\"}}]}<\/script>\n<!-- \/ Yoast SEO plugin. -->","yoast_head_json":{"title":"Agenda Kissen Blau\/\u00a0Multifarben - H\u00fcbsch","description":"Unser grafisches Kissen Agenda hat Gro\u00dfes vor. Mit seinen starken und kr\u00e4ftigen Farben ist es definitiv dazu da, ein Statement zu setzen! Ob auf dem Sofa,","robots":{"index":"index","follow":"follow","max-snippet":"max-snippet:-1","max-image-preview":"max-image-preview:large","max-video-preview":"max-video-preview:-1"},"canonical":"https:\/\/hubsch-interior.com\/de\/wp-json\/wp\/v2\/product\/880491","og_locale":"de_DE","og_type":"article","og_title":"Agenda Kissen Blau\/\u00a0Multifarben - H\u00fcbsch","og_description":"Unser grafisches Kissen Agenda hat Gro\u00dfes vor. Mit seinen starken und kr\u00e4ftigen Farben ist es definitiv dazu da, ein Statement zu setzen! Ob auf dem Sofa,","og_url":"https:\/\/hubsch-interior.com\/de\/produkt\/agenda-kissen-blau-multifarben\/","og_site_name":"H\u00fcbsch","article_modified_time":"2026-04-05T02:42:05+00:00","og_image":[{"width":1200,"height":1200,"url":"https:\/\/hubsch-interior.com\/wp-content\/uploads\/2025\/05\/agenda-cushion-bluemulticolour-c2e36c0d0305945bde27e4a9430f95d2.jpg","type":"image\/jpeg"}],"twitter_card":"summary_large_image","schema":{"@context":"https:\/\/schema.org","@graph":[{"@type":"WebPage","@id":"https:\/\/hubsch-interior.com\/de\/produkt\/agenda-kissen-blau-multifarben\/","url":"https:\/\/hubsch-interior.com\/de\/produkt\/agenda-kissen-blau-multifarben\/","name":"Agenda Kissen Blau\/\u00a0Multifarben - H\u00fcbsch","isPartOf":{"@id":"https:\/\/hubsch-interior.com\/de\/#website"},"primaryImageOfPage":{"@id":"https:\/\/hubsch-interior.com\/de\/produkt\/agenda-kissen-blau-multifarben\/#primaryimage"},"image":{"@id":"https:\/\/hubsch-interior.com\/de\/produkt\/agenda-kissen-blau-multifarben\/#primaryimage"},"thumbnailUrl":"https:\/\/hubsch-interior.com\/wp-content\/uploads\/2026\/02\/agenda-cushion-bluemulticolour-ba3b0702a2a1f6a50a3aa2401bc5a305.jpg","datePublished":"2023-02-20T07:41:29+00:00","dateModified":"2026-04-05T02:42:05+00:00","description":"Unser grafisches Kissen Agenda hat Gro\u00dfes vor. Mit seinen starken und kr\u00e4ftigen Farben ist es definitiv dazu da, ein Statement zu setzen! Ob auf dem Sofa,","breadcrumb":{"@id":"https:\/\/hubsch-interior.com\/de\/produkt\/agenda-kissen-blau-multifarben\/#breadcrumb"},"inLanguage":"de","potentialAction":[{"@type":"ReadAction","target":["https:\/\/hubsch-interior.com\/de\/produkt\/agenda-kissen-blau-multifarben\/"]}]},{"@type":"ImageObject","inLanguage":"de","@id":"https:\/\/hubsch-interior.com\/de\/produkt\/agenda-kissen-blau-multifarben\/#primaryimage","url":"https:\/\/hubsch-interior.com\/wp-content\/uploads\/2026\/02\/agenda-cushion-bluemulticolour-ba3b0702a2a1f6a50a3aa2401bc5a305.jpg","contentUrl":"https:\/\/hubsch-interior.com\/wp-content\/uploads\/2026\/02\/agenda-cushion-bluemulticolour-ba3b0702a2a1f6a50a3aa2401bc5a305.jpg","width":1024,"height":1024},{"@type":"BreadcrumbList","@id":"https:\/\/hubsch-interior.com\/de\/produkt\/agenda-kissen-blau-multifarben\/#breadcrumb","itemListElement":[{"@type":"ListItem","position":1,"name":"Startseite","item":"https:\/\/hubsch-interior.com\/de\/"},{"@type":"ListItem","position":2,"name":"Produkte","item":"https:\/\/hubsch-interior.com\/de\/shop-2\/"},{"@type":"ListItem","position":3,"name":"Textilien","item":"https:\/\/hubsch-interior.com\/de\/produkt-kategorie\/textilien\/"},{"@type":"ListItem","position":4,"name":"Kissen","item":"https:\/\/hubsch-interior.com\/de\/produkt-kategorie\/textilien\/kissen-de\/"},{"@type":"ListItem","position":5,"name":"Agenda Kissen Blau\/\u00a0Multifarben"}]},{"@type":"WebSite","@id":"https:\/\/hubsch-interior.com\/de\/#website","url":"https:\/\/hubsch-interior.com\/de\/","name":"H\u00fcbsch","description":"Danish Home Interior and Design","publisher":{"@id":"https:\/\/hubsch-interior.com\/de\/#organization"},"potentialAction":[{"@type":"SearchAction","target":{"@type":"EntryPoint","urlTemplate":"https:\/\/hubsch-interior.com\/de\/?s={search_term_string}"},"query-input":{"@type":"PropertyValueSpecification","valueRequired":true,"valueName":"search_term_string"}}],"inLanguage":"de"},{"@type":"Organization","@id":"https:\/\/hubsch-interior.com\/de\/#organization","name":"H\u00fcbsch","url":"https:\/\/hubsch-interior.com\/de\/","logo":{"@type":"ImageObject","inLanguage":"de","@id":"https:\/\/hubsch-interior.com\/de\/#\/schema\/logo\/image\/","url":"https:\/\/hubsch-interior.com\/wp-content\/uploads\/2022\/12\/Hubsch_logo_black_one_line.svg","contentUrl":"https:\/\/hubsch-interior.com\/wp-content\/uploads\/2022\/12\/Hubsch_logo_black_one_line.svg","caption":"H\u00fcbsch"},"image":{"@id":"https:\/\/hubsch-interior.com\/de\/#\/schema\/logo\/image\/"}}]}},"_links":{"self":[{"href":"https:\/\/hubsch-interior.com\/de\/wp-json\/wp\/v2\/product\/880491","targetHints":{"allow":["GET"]}}],"collection":[{"href":"https:\/\/hubsch-interior.com\/de\/wp-json\/wp\/v2\/product"}],"about":[{"href":"https:\/\/hubsch-interior.com\/de\/wp-json\/wp\/v2\/types\/product"}],"wp:featuredmedia":[{"embeddable":true,"href":"https:\/\/hubsch-interior.com\/de\/wp-json\/wp\/v2\/media\/1100193"}],"wp:attachment":[{"href":"https:\/\/hubsch-interior.com\/de\/wp-json\/wp\/v2\/media?parent=880491"}],"wp:term":[{"taxonomy":"product_brand","embeddable":true,"href":"https:\/\/hubsch-interior.com\/de\/wp-json\/wp\/v2\/product_brand?post=880491"},{"taxonomy":"product_cat","embeddable":true,"href":"https:\/\/hubsch-interior.com\/de\/wp-json\/wp\/v2\/product_cat?post=880491"},{"taxonomy":"product_tag","embeddable":true,"href":"https:\/\/hubsch-interior.com\/de\/wp-json\/wp\/v2\/product_tag?post=880491"}],"curies":[{"name":"wp","href":"https:\/\/api.w.org\/{rel}","templated":true}]}}