{"id":880551,"date":"2023-02-20T08:41:36","date_gmt":"2023-02-20T07:41:36","guid":{"rendered":"https:\/\/hubsch-interior.com\/product\/product\/"},"modified":"2026-04-11T04:39:51","modified_gmt":"2026-04-11T02:39:51","slug":"playful-geschirrtucher-multifarben-2er-set","status":"publish","type":"product","link":"https:\/\/hubsch-interior.com\/de\/produkt\/playful-geschirrtucher-multifarben-2er-set\/","title":{"rendered":"Playful Geschirrt\u00fccher \u00a0Multifarben (2er Set)"},"content":{"rendered":"<p>Warum sollten nur Ihr Wohnzimmer und Ihr Sofa den ganzen farbenfrohen Input bekommen? Auch Ihre K\u00fcche hat einen Farbklecks verdient. Deshalb haben wir diese wundersch\u00f6nen karierten Geschirrt\u00fccher in einem umwerfenden Farb-Mix kreiert. Wir sind uns sicher: Diese Geschirrt\u00fccher werden Freude bereiten \u2013 auch, wenn sich der Abwasch mal wieder stapelt! <\/p>\n","protected":false},"excerpt":{"rendered":"<p>Warum sollten nur Ihr Wohnzimmer und Ihr Sofa den ganzen farbenfrohen Input bekommen? Auch Ihre K\u00fcche hat einen Farbklecks verdient. Deshalb haben wir diese wundersch\u00f6nen karierten Geschirrt\u00fccher in einem umwerfenden Farb-Mix kreiert. Wir sind uns sicher: Diese Geschirrt\u00fccher werden Freude bereiten \u2013 auch, wenn sich der Abwasch mal wieder stapelt!<\/p>\n","protected":false},"featured_media":1100241,"template":"","meta":{"_acf_changed":false,"inline_featured_image":false},"product_brand":[],"product_cat":[6972,6583,3004,4092,5027,6519],"product_tag":[],"class_list":{"0":"post-880551","1":"product","2":"type-product","3":"status-publish","4":"has-post-thumbnail","6":"product_cat-oster-sale","7":"product_cat-rekindle-collection-de","8":"product_cat-textilien","9":"product_cat-kuechentextilien-de","10":"product_cat-bestsellers-de","11":"product_cat-outlet-de","12":"product_shipping_class-pk","14":"pa_color-multifarben-2","15":"pa_material-cotton-100-de","17":"first","18":"instock","19":"sale","20":"featured","21":"taxable","22":"shipping-taxable","23":"purchasable","24":"product-type-simple"},"exclude_global_add_ons":[],"addons":[],"acf":[],"yoast_head":"<!-- This site is optimized with the Yoast SEO plugin v26.4 - https:\/\/yoast.com\/wordpress\/plugins\/seo\/ -->\n<title>Playful Geschirrt\u00fccher \u00a0Multifarben (2er Set) - H\u00fcbsch<\/title>\n<meta name=\"description\" content=\"Warum sollten nur Ihr Wohnzimmer und Ihr Sofa den ganzen farbenfrohen Input bekommen? Auch Ihre K\u00fcche hat einen Farbklecks verdient. Deshalb haben wir\" \/>\n<meta name=\"robots\" content=\"index, follow, max-snippet:-1, max-image-preview:large, max-video-preview:-1\" \/>\n<link rel=\"canonical\" href=\"https:\/\/hubsch-interior.com\/de\/wp-json\/wp\/v2\/product\/880551\" \/>\n<meta property=\"og:locale\" content=\"de_DE\" \/>\n<meta property=\"og:type\" content=\"article\" \/>\n<meta property=\"og:title\" content=\"Playful Geschirrt\u00fccher \u00a0Multifarben (2er Set) - H\u00fcbsch\" \/>\n<meta property=\"og:description\" content=\"Warum sollten nur Ihr Wohnzimmer und Ihr Sofa den ganzen farbenfrohen Input bekommen? Auch Ihre K\u00fcche hat einen Farbklecks verdient. Deshalb haben wir\" \/>\n<meta property=\"og:url\" content=\"https:\/\/hubsch-interior.com\/de\/produkt\/playful-geschirrtucher-multifarben-2er-set\/\" \/>\n<meta property=\"og:site_name\" content=\"H\u00fcbsch\" \/>\n<meta property=\"article:modified_time\" content=\"2026-04-11T02:39:51+00:00\" \/>\n<meta property=\"og:image\" content=\"https:\/\/hubsch-interior.com\/wp-content\/uploads\/2024\/01\/playful-tea-towels-multicolour-set-of-2-0ed44c257f68755573f55c6027c1c285.jpg\" \/>\n\t<meta property=\"og:image:width\" content=\"1200\" \/>\n\t<meta property=\"og:image:height\" content=\"1200\" \/>\n\t<meta property=\"og:image:type\" content=\"image\/jpeg\" \/>\n<meta name=\"twitter:card\" content=\"summary_large_image\" \/>\n<script type=\"application\/ld+json\" class=\"yoast-schema-graph\">{\"@context\":\"https:\/\/schema.org\",\"@graph\":[{\"@type\":\"WebPage\",\"@id\":\"https:\/\/hubsch-interior.com\/de\/produkt\/playful-geschirrtucher-multifarben-2er-set\/\",\"url\":\"https:\/\/hubsch-interior.com\/de\/produkt\/playful-geschirrtucher-multifarben-2er-set\/\",\"name\":\"Playful Geschirrt\u00fccher \u00a0Multifarben (2er Set) - H\u00fcbsch\",\"isPartOf\":{\"@id\":\"https:\/\/hubsch-interior.com\/de\/#website\"},\"primaryImageOfPage\":{\"@id\":\"https:\/\/hubsch-interior.com\/de\/produkt\/playful-geschirrtucher-multifarben-2er-set\/#primaryimage\"},\"image\":{\"@id\":\"https:\/\/hubsch-interior.com\/de\/produkt\/playful-geschirrtucher-multifarben-2er-set\/#primaryimage\"},\"thumbnailUrl\":\"https:\/\/hubsch-interior.com\/wp-content\/uploads\/2026\/02\/playful-tea-towels-multicolour-set-of-2-8518103b6afeee85f4098ef2142d5ad9.jpg\",\"datePublished\":\"2023-02-20T07:41:36+00:00\",\"dateModified\":\"2026-04-11T02:39:51+00:00\",\"description\":\"Warum sollten nur Ihr Wohnzimmer und Ihr Sofa den ganzen farbenfrohen Input bekommen? Auch Ihre K\u00fcche hat einen Farbklecks verdient. Deshalb haben wir\",\"breadcrumb\":{\"@id\":\"https:\/\/hubsch-interior.com\/de\/produkt\/playful-geschirrtucher-multifarben-2er-set\/#breadcrumb\"},\"inLanguage\":\"de\",\"potentialAction\":[{\"@type\":\"ReadAction\",\"target\":[\"https:\/\/hubsch-interior.com\/de\/produkt\/playful-geschirrtucher-multifarben-2er-set\/\"]}]},{\"@type\":\"ImageObject\",\"inLanguage\":\"de\",\"@id\":\"https:\/\/hubsch-interior.com\/de\/produkt\/playful-geschirrtucher-multifarben-2er-set\/#primaryimage\",\"url\":\"https:\/\/hubsch-interior.com\/wp-content\/uploads\/2026\/02\/playful-tea-towels-multicolour-set-of-2-8518103b6afeee85f4098ef2142d5ad9.jpg\",\"contentUrl\":\"https:\/\/hubsch-interior.com\/wp-content\/uploads\/2026\/02\/playful-tea-towels-multicolour-set-of-2-8518103b6afeee85f4098ef2142d5ad9.jpg\",\"width\":1024,\"height\":1024},{\"@type\":\"BreadcrumbList\",\"@id\":\"https:\/\/hubsch-interior.com\/de\/produkt\/playful-geschirrtucher-multifarben-2er-set\/#breadcrumb\",\"itemListElement\":[{\"@type\":\"ListItem\",\"position\":1,\"name\":\"Startseite\",\"item\":\"https:\/\/hubsch-interior.com\/de\/\"},{\"@type\":\"ListItem\",\"position\":2,\"name\":\"Produkte\",\"item\":\"https:\/\/hubsch-interior.com\/de\/shop-2\/\"},{\"@type\":\"ListItem\",\"position\":3,\"name\":\"Textilien\",\"item\":\"https:\/\/hubsch-interior.com\/de\/produkt-kategorie\/textilien\/\"},{\"@type\":\"ListItem\",\"position\":4,\"name\":\"K&uuml;chentextilien\",\"item\":\"https:\/\/hubsch-interior.com\/de\/produkt-kategorie\/textilien\/kuechentextilien-de\/\"},{\"@type\":\"ListItem\",\"position\":5,\"name\":\"Playful Geschirrt\u00fccher \u00a0Multifarben (2er Set)\"}]},{\"@type\":\"WebSite\",\"@id\":\"https:\/\/hubsch-interior.com\/de\/#website\",\"url\":\"https:\/\/hubsch-interior.com\/de\/\",\"name\":\"H\u00fcbsch\",\"description\":\"Danish Home Interior and Design\",\"publisher\":{\"@id\":\"https:\/\/hubsch-interior.com\/de\/#organization\"},\"potentialAction\":[{\"@type\":\"SearchAction\",\"target\":{\"@type\":\"EntryPoint\",\"urlTemplate\":\"https:\/\/hubsch-interior.com\/de\/?s={search_term_string}\"},\"query-input\":{\"@type\":\"PropertyValueSpecification\",\"valueRequired\":true,\"valueName\":\"search_term_string\"}}],\"inLanguage\":\"de\"},{\"@type\":\"Organization\",\"@id\":\"https:\/\/hubsch-interior.com\/de\/#organization\",\"name\":\"H\u00fcbsch\",\"url\":\"https:\/\/hubsch-interior.com\/de\/\",\"logo\":{\"@type\":\"ImageObject\",\"inLanguage\":\"de\",\"@id\":\"https:\/\/hubsch-interior.com\/de\/#\/schema\/logo\/image\/\",\"url\":\"https:\/\/hubsch-interior.com\/wp-content\/uploads\/2022\/12\/Hubsch_logo_black_one_line.svg\",\"contentUrl\":\"https:\/\/hubsch-interior.com\/wp-content\/uploads\/2022\/12\/Hubsch_logo_black_one_line.svg\",\"caption\":\"H\u00fcbsch\"},\"image\":{\"@id\":\"https:\/\/hubsch-interior.com\/de\/#\/schema\/logo\/image\/\"}}]}<\/script>\n<!-- \/ Yoast SEO plugin. -->","yoast_head_json":{"title":"Playful Geschirrt\u00fccher \u00a0Multifarben (2er Set) - H\u00fcbsch","description":"Warum sollten nur Ihr Wohnzimmer und Ihr Sofa den ganzen farbenfrohen Input bekommen? Auch Ihre K\u00fcche hat einen Farbklecks verdient. Deshalb haben wir","robots":{"index":"index","follow":"follow","max-snippet":"max-snippet:-1","max-image-preview":"max-image-preview:large","max-video-preview":"max-video-preview:-1"},"canonical":"https:\/\/hubsch-interior.com\/de\/wp-json\/wp\/v2\/product\/880551","og_locale":"de_DE","og_type":"article","og_title":"Playful Geschirrt\u00fccher \u00a0Multifarben (2er Set) - H\u00fcbsch","og_description":"Warum sollten nur Ihr Wohnzimmer und Ihr Sofa den ganzen farbenfrohen Input bekommen? Auch Ihre K\u00fcche hat einen Farbklecks verdient. Deshalb haben wir","og_url":"https:\/\/hubsch-interior.com\/de\/produkt\/playful-geschirrtucher-multifarben-2er-set\/","og_site_name":"H\u00fcbsch","article_modified_time":"2026-04-11T02:39:51+00:00","og_image":[{"width":1200,"height":1200,"url":"https:\/\/hubsch-interior.com\/wp-content\/uploads\/2024\/01\/playful-tea-towels-multicolour-set-of-2-0ed44c257f68755573f55c6027c1c285.jpg","type":"image\/jpeg"}],"twitter_card":"summary_large_image","schema":{"@context":"https:\/\/schema.org","@graph":[{"@type":"WebPage","@id":"https:\/\/hubsch-interior.com\/de\/produkt\/playful-geschirrtucher-multifarben-2er-set\/","url":"https:\/\/hubsch-interior.com\/de\/produkt\/playful-geschirrtucher-multifarben-2er-set\/","name":"Playful Geschirrt\u00fccher \u00a0Multifarben (2er Set) - H\u00fcbsch","isPartOf":{"@id":"https:\/\/hubsch-interior.com\/de\/#website"},"primaryImageOfPage":{"@id":"https:\/\/hubsch-interior.com\/de\/produkt\/playful-geschirrtucher-multifarben-2er-set\/#primaryimage"},"image":{"@id":"https:\/\/hubsch-interior.com\/de\/produkt\/playful-geschirrtucher-multifarben-2er-set\/#primaryimage"},"thumbnailUrl":"https:\/\/hubsch-interior.com\/wp-content\/uploads\/2026\/02\/playful-tea-towels-multicolour-set-of-2-8518103b6afeee85f4098ef2142d5ad9.jpg","datePublished":"2023-02-20T07:41:36+00:00","dateModified":"2026-04-11T02:39:51+00:00","description":"Warum sollten nur Ihr Wohnzimmer und Ihr Sofa den ganzen farbenfrohen Input bekommen? Auch Ihre K\u00fcche hat einen Farbklecks verdient. Deshalb haben wir","breadcrumb":{"@id":"https:\/\/hubsch-interior.com\/de\/produkt\/playful-geschirrtucher-multifarben-2er-set\/#breadcrumb"},"inLanguage":"de","potentialAction":[{"@type":"ReadAction","target":["https:\/\/hubsch-interior.com\/de\/produkt\/playful-geschirrtucher-multifarben-2er-set\/"]}]},{"@type":"ImageObject","inLanguage":"de","@id":"https:\/\/hubsch-interior.com\/de\/produkt\/playful-geschirrtucher-multifarben-2er-set\/#primaryimage","url":"https:\/\/hubsch-interior.com\/wp-content\/uploads\/2026\/02\/playful-tea-towels-multicolour-set-of-2-8518103b6afeee85f4098ef2142d5ad9.jpg","contentUrl":"https:\/\/hubsch-interior.com\/wp-content\/uploads\/2026\/02\/playful-tea-towels-multicolour-set-of-2-8518103b6afeee85f4098ef2142d5ad9.jpg","width":1024,"height":1024},{"@type":"BreadcrumbList","@id":"https:\/\/hubsch-interior.com\/de\/produkt\/playful-geschirrtucher-multifarben-2er-set\/#breadcrumb","itemListElement":[{"@type":"ListItem","position":1,"name":"Startseite","item":"https:\/\/hubsch-interior.com\/de\/"},{"@type":"ListItem","position":2,"name":"Produkte","item":"https:\/\/hubsch-interior.com\/de\/shop-2\/"},{"@type":"ListItem","position":3,"name":"Textilien","item":"https:\/\/hubsch-interior.com\/de\/produkt-kategorie\/textilien\/"},{"@type":"ListItem","position":4,"name":"K&uuml;chentextilien","item":"https:\/\/hubsch-interior.com\/de\/produkt-kategorie\/textilien\/kuechentextilien-de\/"},{"@type":"ListItem","position":5,"name":"Playful Geschirrt\u00fccher \u00a0Multifarben (2er Set)"}]},{"@type":"WebSite","@id":"https:\/\/hubsch-interior.com\/de\/#website","url":"https:\/\/hubsch-interior.com\/de\/","name":"H\u00fcbsch","description":"Danish Home Interior and Design","publisher":{"@id":"https:\/\/hubsch-interior.com\/de\/#organization"},"potentialAction":[{"@type":"SearchAction","target":{"@type":"EntryPoint","urlTemplate":"https:\/\/hubsch-interior.com\/de\/?s={search_term_string}"},"query-input":{"@type":"PropertyValueSpecification","valueRequired":true,"valueName":"search_term_string"}}],"inLanguage":"de"},{"@type":"Organization","@id":"https:\/\/hubsch-interior.com\/de\/#organization","name":"H\u00fcbsch","url":"https:\/\/hubsch-interior.com\/de\/","logo":{"@type":"ImageObject","inLanguage":"de","@id":"https:\/\/hubsch-interior.com\/de\/#\/schema\/logo\/image\/","url":"https:\/\/hubsch-interior.com\/wp-content\/uploads\/2022\/12\/Hubsch_logo_black_one_line.svg","contentUrl":"https:\/\/hubsch-interior.com\/wp-content\/uploads\/2022\/12\/Hubsch_logo_black_one_line.svg","caption":"H\u00fcbsch"},"image":{"@id":"https:\/\/hubsch-interior.com\/de\/#\/schema\/logo\/image\/"}}]}},"_links":{"self":[{"href":"https:\/\/hubsch-interior.com\/de\/wp-json\/wp\/v2\/product\/880551","targetHints":{"allow":["GET"]}}],"collection":[{"href":"https:\/\/hubsch-interior.com\/de\/wp-json\/wp\/v2\/product"}],"about":[{"href":"https:\/\/hubsch-interior.com\/de\/wp-json\/wp\/v2\/types\/product"}],"wp:featuredmedia":[{"embeddable":true,"href":"https:\/\/hubsch-interior.com\/de\/wp-json\/wp\/v2\/media\/1100241"}],"wp:attachment":[{"href":"https:\/\/hubsch-interior.com\/de\/wp-json\/wp\/v2\/media?parent=880551"}],"wp:term":[{"taxonomy":"product_brand","embeddable":true,"href":"https:\/\/hubsch-interior.com\/de\/wp-json\/wp\/v2\/product_brand?post=880551"},{"taxonomy":"product_cat","embeddable":true,"href":"https:\/\/hubsch-interior.com\/de\/wp-json\/wp\/v2\/product_cat?post=880551"},{"taxonomy":"product_tag","embeddable":true,"href":"https:\/\/hubsch-interior.com\/de\/wp-json\/wp\/v2\/product_tag?post=880551"}],"curies":[{"name":"wp","href":"https:\/\/api.w.org\/{rel}","templated":true}]}}