{"id":880683,"date":"2023-02-20T08:42:06","date_gmt":"2023-02-20T07:42:06","guid":{"rendered":"https:\/\/hubsch-interior.com\/product\/product\/"},"modified":"2026-04-05T04:54:08","modified_gmt":"2026-04-05T02:54:08","slug":"herringbone-schuhschrank-large-naturfarben","status":"publish","type":"product","link":"https:\/\/hubsch-interior.com\/de\/produkt\/herringbone-schuhschrank-large-naturfarben\/","title":{"rendered":"Herringbone Schuhschrank Large Naturfarben"},"content":{"rendered":"<p>Voil\u00e0: eine M\u00f6glichkeit, Ihre Schuhe stilvoll aufzubewahren. Mit dem Herringbone Shoe Cabinet aus Holz wollten wir Ihnen die M\u00f6glichkeit geben, Ihre Schuhe zu verstauen, ohne Kompromisse bei Funktion und Stil einzugehen. Und wir finden, dass der Schuhschrank aus FSC\u00ae-zertifiziertem Holz mit seinem wundersch\u00f6nen Fischgr\u00e4tenmuster diese Bedingungen erf\u00fcllt. Der Schuhschrank fasst mindestens vier Paar Schuhe, je nach Schuhgr\u00f6\u00dfe.<\/p>\n","protected":false},"excerpt":{"rendered":"<p>Voil\u00e0: eine M\u00f6glichkeit, Ihre Schuhe stilvoll aufzubewahren. Mit dem Herringbone Shoe Cabinet aus Holz wollten wir Ihnen die M\u00f6glichkeit geben, Ihre Schuhe zu verstauen, ohne Kompromisse bei Funktion und Stil einzugehen. Und wir finden, dass der Schuhschrank aus FSC\u00ae-zertifiziertem Holz mit seinem wundersch\u00f6nen Fischgr\u00e4tenmuster diese Bedingungen erf\u00fcllt. Der Schuhschrank fasst mindestens vier Paar Schuhe, je [&hellip;]<\/p>\n","protected":false},"featured_media":1103385,"template":"","meta":{"_acf_changed":false,"inline_featured_image":false},"product_brand":[],"product_cat":[6583,4003,4853,5027],"product_tag":[],"class_list":{"0":"post-880683","1":"product","2":"type-product","3":"status-publish","4":"has-post-thumbnail","6":"product_cat-rekindle-collection-de","7":"product_cat-regale-aufbewahrung-de","8":"product_cat-schuhschrank-de","9":"product_cat-bestsellers-de","10":"product_shipping_class-p05","11":"pa_color-naturfarben-2","12":"pa_material-mdf-de","13":"pa_material-eichenfurnier","14":"pa_material-eichenholz","16":"first","17":"outofstock","18":"featured","19":"taxable","20":"shipping-taxable","21":"purchasable","22":"product-type-simple"},"exclude_global_add_ons":[],"addons":[],"acf":[],"yoast_head":"<!-- This site is optimized with the Yoast SEO plugin v26.4 - https:\/\/yoast.com\/wordpress\/plugins\/seo\/ -->\n<title>Herringbone Schuhschrank Large Naturfarben - H\u00fcbsch<\/title>\n<meta name=\"description\" content=\"Voil\u00e0: eine M\u00f6glichkeit, Ihre Schuhe stilvoll aufzubewahren. Mit dem Herringbone Shoe Cabinet aus Holz wollten wir Ihnen die M\u00f6glichkeit geben, Ihre\" \/>\n<meta name=\"robots\" content=\"index, follow, max-snippet:-1, max-image-preview:large, max-video-preview:-1\" \/>\n<link rel=\"canonical\" href=\"https:\/\/hubsch-interior.com\/de\/wp-json\/wp\/v2\/product\/880683\" \/>\n<meta property=\"og:locale\" content=\"de_DE\" \/>\n<meta property=\"og:type\" content=\"article\" \/>\n<meta property=\"og:title\" content=\"Herringbone Schuhschrank Large Naturfarben - H\u00fcbsch\" \/>\n<meta property=\"og:description\" content=\"Voil\u00e0: eine M\u00f6glichkeit, Ihre Schuhe stilvoll aufzubewahren. Mit dem Herringbone Shoe Cabinet aus Holz wollten wir Ihnen die M\u00f6glichkeit geben, Ihre\" \/>\n<meta property=\"og:url\" content=\"https:\/\/hubsch-interior.com\/de\/produkt\/herringbone-schuhschrank-large-naturfarben\/\" \/>\n<meta property=\"og:site_name\" content=\"H\u00fcbsch\" \/>\n<meta property=\"article:modified_time\" content=\"2026-04-05T02:54:08+00:00\" \/>\n<meta property=\"og:image\" content=\"https:\/\/hubsch-interior.com\/wp-content\/uploads\/2023\/08\/herringbone-shoe-cabinet-large-natural-06dfc64d4f151d951414d9860ddf7f48.jpg\" \/>\n\t<meta property=\"og:image:width\" content=\"1200\" \/>\n\t<meta property=\"og:image:height\" content=\"1200\" \/>\n\t<meta property=\"og:image:type\" content=\"image\/jpeg\" \/>\n<meta name=\"twitter:card\" content=\"summary_large_image\" \/>\n<script type=\"application\/ld+json\" class=\"yoast-schema-graph\">{\"@context\":\"https:\/\/schema.org\",\"@graph\":[{\"@type\":\"WebPage\",\"@id\":\"https:\/\/hubsch-interior.com\/de\/produkt\/herringbone-schuhschrank-large-naturfarben\/\",\"url\":\"https:\/\/hubsch-interior.com\/de\/produkt\/herringbone-schuhschrank-large-naturfarben\/\",\"name\":\"Herringbone Schuhschrank Large Naturfarben - H\u00fcbsch\",\"isPartOf\":{\"@id\":\"https:\/\/hubsch-interior.com\/de\/#website\"},\"primaryImageOfPage\":{\"@id\":\"https:\/\/hubsch-interior.com\/de\/produkt\/herringbone-schuhschrank-large-naturfarben\/#primaryimage\"},\"image\":{\"@id\":\"https:\/\/hubsch-interior.com\/de\/produkt\/herringbone-schuhschrank-large-naturfarben\/#primaryimage\"},\"thumbnailUrl\":\"https:\/\/hubsch-interior.com\/wp-content\/uploads\/2026\/02\/herringbone-shoe-cabinet-large-natural-69922886f7a0f1ccb9773e6ceb71c824.jpg\",\"datePublished\":\"2023-02-20T07:42:06+00:00\",\"dateModified\":\"2026-04-05T02:54:08+00:00\",\"description\":\"Voil\u00e0: eine M\u00f6glichkeit, Ihre Schuhe stilvoll aufzubewahren. Mit dem Herringbone Shoe Cabinet aus Holz wollten wir Ihnen die M\u00f6glichkeit geben, Ihre\",\"breadcrumb\":{\"@id\":\"https:\/\/hubsch-interior.com\/de\/produkt\/herringbone-schuhschrank-large-naturfarben\/#breadcrumb\"},\"inLanguage\":\"de\",\"potentialAction\":[{\"@type\":\"ReadAction\",\"target\":[\"https:\/\/hubsch-interior.com\/de\/produkt\/herringbone-schuhschrank-large-naturfarben\/\"]}]},{\"@type\":\"ImageObject\",\"inLanguage\":\"de\",\"@id\":\"https:\/\/hubsch-interior.com\/de\/produkt\/herringbone-schuhschrank-large-naturfarben\/#primaryimage\",\"url\":\"https:\/\/hubsch-interior.com\/wp-content\/uploads\/2026\/02\/herringbone-shoe-cabinet-large-natural-69922886f7a0f1ccb9773e6ceb71c824.jpg\",\"contentUrl\":\"https:\/\/hubsch-interior.com\/wp-content\/uploads\/2026\/02\/herringbone-shoe-cabinet-large-natural-69922886f7a0f1ccb9773e6ceb71c824.jpg\",\"width\":1024,\"height\":1024},{\"@type\":\"BreadcrumbList\",\"@id\":\"https:\/\/hubsch-interior.com\/de\/produkt\/herringbone-schuhschrank-large-naturfarben\/#breadcrumb\",\"itemListElement\":[{\"@type\":\"ListItem\",\"position\":1,\"name\":\"Startseite\",\"item\":\"https:\/\/hubsch-interior.com\/de\/\"},{\"@type\":\"ListItem\",\"position\":2,\"name\":\"Produkte\",\"item\":\"https:\/\/hubsch-interior.com\/de\/shop-2\/\"},{\"@type\":\"ListItem\",\"position\":3,\"name\":\"M\u00f6bel\",\"item\":\"https:\/\/hubsch-interior.com\/de\/produkt-kategorie\/moebel\/\"},{\"@type\":\"ListItem\",\"position\":4,\"name\":\"Regale &amp; Aufbewahrung\",\"item\":\"https:\/\/hubsch-interior.com\/de\/produkt-kategorie\/moebel\/regale-aufbewahrung-de\/\"},{\"@type\":\"ListItem\",\"position\":5,\"name\":\"Schuhschrank\",\"item\":\"https:\/\/hubsch-interior.com\/de\/produkt-kategorie\/moebel\/regale-aufbewahrung-de\/schuhschrank-de\/\"},{\"@type\":\"ListItem\",\"position\":6,\"name\":\"Herringbone Schuhschrank Large Naturfarben\"}]},{\"@type\":\"WebSite\",\"@id\":\"https:\/\/hubsch-interior.com\/de\/#website\",\"url\":\"https:\/\/hubsch-interior.com\/de\/\",\"name\":\"H\u00fcbsch\",\"description\":\"Danish Home Interior and Design\",\"publisher\":{\"@id\":\"https:\/\/hubsch-interior.com\/de\/#organization\"},\"potentialAction\":[{\"@type\":\"SearchAction\",\"target\":{\"@type\":\"EntryPoint\",\"urlTemplate\":\"https:\/\/hubsch-interior.com\/de\/?s={search_term_string}\"},\"query-input\":{\"@type\":\"PropertyValueSpecification\",\"valueRequired\":true,\"valueName\":\"search_term_string\"}}],\"inLanguage\":\"de\"},{\"@type\":\"Organization\",\"@id\":\"https:\/\/hubsch-interior.com\/de\/#organization\",\"name\":\"H\u00fcbsch\",\"url\":\"https:\/\/hubsch-interior.com\/de\/\",\"logo\":{\"@type\":\"ImageObject\",\"inLanguage\":\"de\",\"@id\":\"https:\/\/hubsch-interior.com\/de\/#\/schema\/logo\/image\/\",\"url\":\"https:\/\/hubsch-interior.com\/wp-content\/uploads\/2022\/12\/Hubsch_logo_black_one_line.svg\",\"contentUrl\":\"https:\/\/hubsch-interior.com\/wp-content\/uploads\/2022\/12\/Hubsch_logo_black_one_line.svg\",\"caption\":\"H\u00fcbsch\"},\"image\":{\"@id\":\"https:\/\/hubsch-interior.com\/de\/#\/schema\/logo\/image\/\"}}]}<\/script>\n<!-- \/ Yoast SEO plugin. -->","yoast_head_json":{"title":"Herringbone Schuhschrank Large Naturfarben - H\u00fcbsch","description":"Voil\u00e0: eine M\u00f6glichkeit, Ihre Schuhe stilvoll aufzubewahren. Mit dem Herringbone Shoe Cabinet aus Holz wollten wir Ihnen die M\u00f6glichkeit geben, Ihre","robots":{"index":"index","follow":"follow","max-snippet":"max-snippet:-1","max-image-preview":"max-image-preview:large","max-video-preview":"max-video-preview:-1"},"canonical":"https:\/\/hubsch-interior.com\/de\/wp-json\/wp\/v2\/product\/880683","og_locale":"de_DE","og_type":"article","og_title":"Herringbone Schuhschrank Large Naturfarben - H\u00fcbsch","og_description":"Voil\u00e0: eine M\u00f6glichkeit, Ihre Schuhe stilvoll aufzubewahren. Mit dem Herringbone Shoe Cabinet aus Holz wollten wir Ihnen die M\u00f6glichkeit geben, Ihre","og_url":"https:\/\/hubsch-interior.com\/de\/produkt\/herringbone-schuhschrank-large-naturfarben\/","og_site_name":"H\u00fcbsch","article_modified_time":"2026-04-05T02:54:08+00:00","og_image":[{"width":1200,"height":1200,"url":"https:\/\/hubsch-interior.com\/wp-content\/uploads\/2023\/08\/herringbone-shoe-cabinet-large-natural-06dfc64d4f151d951414d9860ddf7f48.jpg","type":"image\/jpeg"}],"twitter_card":"summary_large_image","schema":{"@context":"https:\/\/schema.org","@graph":[{"@type":"WebPage","@id":"https:\/\/hubsch-interior.com\/de\/produkt\/herringbone-schuhschrank-large-naturfarben\/","url":"https:\/\/hubsch-interior.com\/de\/produkt\/herringbone-schuhschrank-large-naturfarben\/","name":"Herringbone Schuhschrank Large Naturfarben - H\u00fcbsch","isPartOf":{"@id":"https:\/\/hubsch-interior.com\/de\/#website"},"primaryImageOfPage":{"@id":"https:\/\/hubsch-interior.com\/de\/produkt\/herringbone-schuhschrank-large-naturfarben\/#primaryimage"},"image":{"@id":"https:\/\/hubsch-interior.com\/de\/produkt\/herringbone-schuhschrank-large-naturfarben\/#primaryimage"},"thumbnailUrl":"https:\/\/hubsch-interior.com\/wp-content\/uploads\/2026\/02\/herringbone-shoe-cabinet-large-natural-69922886f7a0f1ccb9773e6ceb71c824.jpg","datePublished":"2023-02-20T07:42:06+00:00","dateModified":"2026-04-05T02:54:08+00:00","description":"Voil\u00e0: eine M\u00f6glichkeit, Ihre Schuhe stilvoll aufzubewahren. Mit dem Herringbone Shoe Cabinet aus Holz wollten wir Ihnen die M\u00f6glichkeit geben, Ihre","breadcrumb":{"@id":"https:\/\/hubsch-interior.com\/de\/produkt\/herringbone-schuhschrank-large-naturfarben\/#breadcrumb"},"inLanguage":"de","potentialAction":[{"@type":"ReadAction","target":["https:\/\/hubsch-interior.com\/de\/produkt\/herringbone-schuhschrank-large-naturfarben\/"]}]},{"@type":"ImageObject","inLanguage":"de","@id":"https:\/\/hubsch-interior.com\/de\/produkt\/herringbone-schuhschrank-large-naturfarben\/#primaryimage","url":"https:\/\/hubsch-interior.com\/wp-content\/uploads\/2026\/02\/herringbone-shoe-cabinet-large-natural-69922886f7a0f1ccb9773e6ceb71c824.jpg","contentUrl":"https:\/\/hubsch-interior.com\/wp-content\/uploads\/2026\/02\/herringbone-shoe-cabinet-large-natural-69922886f7a0f1ccb9773e6ceb71c824.jpg","width":1024,"height":1024},{"@type":"BreadcrumbList","@id":"https:\/\/hubsch-interior.com\/de\/produkt\/herringbone-schuhschrank-large-naturfarben\/#breadcrumb","itemListElement":[{"@type":"ListItem","position":1,"name":"Startseite","item":"https:\/\/hubsch-interior.com\/de\/"},{"@type":"ListItem","position":2,"name":"Produkte","item":"https:\/\/hubsch-interior.com\/de\/shop-2\/"},{"@type":"ListItem","position":3,"name":"M\u00f6bel","item":"https:\/\/hubsch-interior.com\/de\/produkt-kategorie\/moebel\/"},{"@type":"ListItem","position":4,"name":"Regale &amp; Aufbewahrung","item":"https:\/\/hubsch-interior.com\/de\/produkt-kategorie\/moebel\/regale-aufbewahrung-de\/"},{"@type":"ListItem","position":5,"name":"Schuhschrank","item":"https:\/\/hubsch-interior.com\/de\/produkt-kategorie\/moebel\/regale-aufbewahrung-de\/schuhschrank-de\/"},{"@type":"ListItem","position":6,"name":"Herringbone Schuhschrank Large Naturfarben"}]},{"@type":"WebSite","@id":"https:\/\/hubsch-interior.com\/de\/#website","url":"https:\/\/hubsch-interior.com\/de\/","name":"H\u00fcbsch","description":"Danish Home Interior and Design","publisher":{"@id":"https:\/\/hubsch-interior.com\/de\/#organization"},"potentialAction":[{"@type":"SearchAction","target":{"@type":"EntryPoint","urlTemplate":"https:\/\/hubsch-interior.com\/de\/?s={search_term_string}"},"query-input":{"@type":"PropertyValueSpecification","valueRequired":true,"valueName":"search_term_string"}}],"inLanguage":"de"},{"@type":"Organization","@id":"https:\/\/hubsch-interior.com\/de\/#organization","name":"H\u00fcbsch","url":"https:\/\/hubsch-interior.com\/de\/","logo":{"@type":"ImageObject","inLanguage":"de","@id":"https:\/\/hubsch-interior.com\/de\/#\/schema\/logo\/image\/","url":"https:\/\/hubsch-interior.com\/wp-content\/uploads\/2022\/12\/Hubsch_logo_black_one_line.svg","contentUrl":"https:\/\/hubsch-interior.com\/wp-content\/uploads\/2022\/12\/Hubsch_logo_black_one_line.svg","caption":"H\u00fcbsch"},"image":{"@id":"https:\/\/hubsch-interior.com\/de\/#\/schema\/logo\/image\/"}}]}},"_links":{"self":[{"href":"https:\/\/hubsch-interior.com\/de\/wp-json\/wp\/v2\/product\/880683","targetHints":{"allow":["GET"]}}],"collection":[{"href":"https:\/\/hubsch-interior.com\/de\/wp-json\/wp\/v2\/product"}],"about":[{"href":"https:\/\/hubsch-interior.com\/de\/wp-json\/wp\/v2\/types\/product"}],"wp:featuredmedia":[{"embeddable":true,"href":"https:\/\/hubsch-interior.com\/de\/wp-json\/wp\/v2\/media\/1103385"}],"wp:attachment":[{"href":"https:\/\/hubsch-interior.com\/de\/wp-json\/wp\/v2\/media?parent=880683"}],"wp:term":[{"taxonomy":"product_brand","embeddable":true,"href":"https:\/\/hubsch-interior.com\/de\/wp-json\/wp\/v2\/product_brand?post=880683"},{"taxonomy":"product_cat","embeddable":true,"href":"https:\/\/hubsch-interior.com\/de\/wp-json\/wp\/v2\/product_cat?post=880683"},{"taxonomy":"product_tag","embeddable":true,"href":"https:\/\/hubsch-interior.com\/de\/wp-json\/wp\/v2\/product_tag?post=880683"}],"curies":[{"name":"wp","href":"https:\/\/api.w.org\/{rel}","templated":true}]}}