{"id":880715,"date":"2023-02-20T08:42:13","date_gmt":"2023-02-20T07:42:13","guid":{"rendered":"https:\/\/hubsch-interior.com\/product\/product\/"},"modified":"2026-04-28T05:07:44","modified_gmt":"2026-04-28T03:07:44","slug":"ateliers-tischlampe-dunkelblau-weis","status":"publish","type":"product","link":"https:\/\/hubsch-interior.com\/de\/produkt\/ateliers-tischlampe-dunkelblau-weis\/","title":{"rendered":"Ateliers Tischlampe Dunkelblau\/Wei\u00df"},"content":{"rendered":"<p>Eine Tischleuchte ist so vielseitig: Ob f\u00fcr die n\u00e4chtliche Lekt\u00fcre im Schlafzimmer, ein stimmungsvolles Ambiente im Wohnzimmer oder einfach nur als zus\u00e4tzliche Beleuchtung, Tischlampen begleiten Sie bei all dem. Die Tischleuchte Ateliers in einem tiefen Dunkelblau mit einem formsch\u00f6nen opalwei\u00dfen Glasschirm hat eine elegante Silhouette und passt in jede Einrichtung.<\/p>\n","protected":false},"excerpt":{"rendered":"<p>Eine Tischleuchte ist so vielseitig: Ob f\u00fcr die n\u00e4chtliche Lekt\u00fcre im Schlafzimmer, ein stimmungsvolles Ambiente im Wohnzimmer oder einfach nur als zus\u00e4tzliche Beleuchtung, Tischlampen begleiten Sie bei all dem. Die Tischleuchte Ateliers in einem tiefen Dunkelblau mit einem formsch\u00f6nen opalwei\u00dfen Glasschirm hat eine elegante Silhouette und passt in jede Einrichtung.<\/p>\n","protected":false},"featured_media":1106664,"template":"","meta":{"_acf_changed":false,"inline_featured_image":false},"product_brand":[],"product_cat":[6583,3809,3501,5027],"product_tag":[],"class_list":{"0":"post-880715","1":"product","2":"type-product","3":"status-publish","4":"has-post-thumbnail","6":"product_cat-rekindle-collection-de","7":"product_cat-beleuchtung","8":"product_cat-tischlampen-de","9":"product_cat-bestsellers-de","10":"product_shipping_class-pk","12":"pa_color-dunkelblau-2","13":"pa_color-wei","14":"pa_material-eisen-de","15":"pa_material-glas-de","17":"first","18":"instock","19":"featured","20":"taxable","21":"shipping-taxable","22":"purchasable","23":"product-type-simple"},"exclude_global_add_ons":[],"addons":[],"acf":[],"yoast_head":"<!-- This site is optimized with the Yoast SEO plugin v26.4 - https:\/\/yoast.com\/wordpress\/plugins\/seo\/ -->\n<title>Ateliers Tischlampe Dunkelblau\/Wei\u00df - H\u00fcbsch<\/title>\n<meta name=\"description\" content=\"Eine Tischleuchte ist so vielseitig: Ob f\u00fcr die n\u00e4chtliche Lekt\u00fcre im Schlafzimmer, ein stimmungsvolles Ambiente im Wohnzimmer oder einfach nur als\" \/>\n<meta name=\"robots\" content=\"index, follow, max-snippet:-1, max-image-preview:large, max-video-preview:-1\" \/>\n<link rel=\"canonical\" href=\"https:\/\/hubsch-interior.com\/de\/wp-json\/wp\/v2\/product\/880715\" \/>\n<meta property=\"og:locale\" content=\"de_DE\" \/>\n<meta property=\"og:type\" content=\"article\" \/>\n<meta property=\"og:title\" content=\"Ateliers Tischlampe Dunkelblau\/Wei\u00df - H\u00fcbsch\" \/>\n<meta property=\"og:description\" content=\"Eine Tischleuchte ist so vielseitig: Ob f\u00fcr die n\u00e4chtliche Lekt\u00fcre im Schlafzimmer, ein stimmungsvolles Ambiente im Wohnzimmer oder einfach nur als\" \/>\n<meta property=\"og:url\" content=\"https:\/\/hubsch-interior.com\/de\/produkt\/ateliers-tischlampe-dunkelblau-weis\/\" \/>\n<meta property=\"og:site_name\" content=\"H\u00fcbsch\" \/>\n<meta property=\"article:modified_time\" content=\"2026-04-28T03:07:44+00:00\" \/>\n<meta property=\"og:image\" content=\"https:\/\/hubsch-interior.com\/wp-content\/uploads\/2025\/05\/ateliers-table-lamp-dark-bluewhite-b521acde80d8a17180d57ade4aad4e73.jpg\" \/>\n\t<meta property=\"og:image:width\" content=\"1200\" \/>\n\t<meta property=\"og:image:height\" content=\"1200\" \/>\n\t<meta property=\"og:image:type\" content=\"image\/jpeg\" \/>\n<meta name=\"twitter:card\" content=\"summary_large_image\" \/>\n<script type=\"application\/ld+json\" class=\"yoast-schema-graph\">{\"@context\":\"https:\/\/schema.org\",\"@graph\":[{\"@type\":\"WebPage\",\"@id\":\"https:\/\/hubsch-interior.com\/de\/produkt\/ateliers-tischlampe-dunkelblau-weis\/\",\"url\":\"https:\/\/hubsch-interior.com\/de\/produkt\/ateliers-tischlampe-dunkelblau-weis\/\",\"name\":\"Ateliers Tischlampe Dunkelblau\/Wei\u00df - H\u00fcbsch\",\"isPartOf\":{\"@id\":\"https:\/\/hubsch-interior.com\/de\/#website\"},\"primaryImageOfPage\":{\"@id\":\"https:\/\/hubsch-interior.com\/de\/produkt\/ateliers-tischlampe-dunkelblau-weis\/#primaryimage\"},\"image\":{\"@id\":\"https:\/\/hubsch-interior.com\/de\/produkt\/ateliers-tischlampe-dunkelblau-weis\/#primaryimage\"},\"thumbnailUrl\":\"https:\/\/hubsch-interior.com\/wp-content\/uploads\/2026\/02\/ateliers-table-lamp-dark-bluewhite-9c9512746692f616d5058f65eaa61fda.jpg\",\"datePublished\":\"2023-02-20T07:42:13+00:00\",\"dateModified\":\"2026-04-28T03:07:44+00:00\",\"description\":\"Eine Tischleuchte ist so vielseitig: Ob f\u00fcr die n\u00e4chtliche Lekt\u00fcre im Schlafzimmer, ein stimmungsvolles Ambiente im Wohnzimmer oder einfach nur als\",\"breadcrumb\":{\"@id\":\"https:\/\/hubsch-interior.com\/de\/produkt\/ateliers-tischlampe-dunkelblau-weis\/#breadcrumb\"},\"inLanguage\":\"de\",\"potentialAction\":[{\"@type\":\"ReadAction\",\"target\":[\"https:\/\/hubsch-interior.com\/de\/produkt\/ateliers-tischlampe-dunkelblau-weis\/\"]}]},{\"@type\":\"ImageObject\",\"inLanguage\":\"de\",\"@id\":\"https:\/\/hubsch-interior.com\/de\/produkt\/ateliers-tischlampe-dunkelblau-weis\/#primaryimage\",\"url\":\"https:\/\/hubsch-interior.com\/wp-content\/uploads\/2026\/02\/ateliers-table-lamp-dark-bluewhite-9c9512746692f616d5058f65eaa61fda.jpg\",\"contentUrl\":\"https:\/\/hubsch-interior.com\/wp-content\/uploads\/2026\/02\/ateliers-table-lamp-dark-bluewhite-9c9512746692f616d5058f65eaa61fda.jpg\",\"width\":1024,\"height\":1024},{\"@type\":\"BreadcrumbList\",\"@id\":\"https:\/\/hubsch-interior.com\/de\/produkt\/ateliers-tischlampe-dunkelblau-weis\/#breadcrumb\",\"itemListElement\":[{\"@type\":\"ListItem\",\"position\":1,\"name\":\"Startseite\",\"item\":\"https:\/\/hubsch-interior.com\/de\/\"},{\"@type\":\"ListItem\",\"position\":2,\"name\":\"Produkte\",\"item\":\"https:\/\/hubsch-interior.com\/de\/shop-2\/\"},{\"@type\":\"ListItem\",\"position\":3,\"name\":\"Beleuchtung\",\"item\":\"https:\/\/hubsch-interior.com\/de\/produkt-kategorie\/beleuchtung\/\"},{\"@type\":\"ListItem\",\"position\":4,\"name\":\"Tischlampen\",\"item\":\"https:\/\/hubsch-interior.com\/de\/produkt-kategorie\/beleuchtung\/tischlampen-de\/\"},{\"@type\":\"ListItem\",\"position\":5,\"name\":\"Ateliers Tischlampe Dunkelblau\/Wei\u00df\"}]},{\"@type\":\"WebSite\",\"@id\":\"https:\/\/hubsch-interior.com\/de\/#website\",\"url\":\"https:\/\/hubsch-interior.com\/de\/\",\"name\":\"H\u00fcbsch\",\"description\":\"Danish Home Interior and Design\",\"publisher\":{\"@id\":\"https:\/\/hubsch-interior.com\/de\/#organization\"},\"potentialAction\":[{\"@type\":\"SearchAction\",\"target\":{\"@type\":\"EntryPoint\",\"urlTemplate\":\"https:\/\/hubsch-interior.com\/de\/?s={search_term_string}\"},\"query-input\":{\"@type\":\"PropertyValueSpecification\",\"valueRequired\":true,\"valueName\":\"search_term_string\"}}],\"inLanguage\":\"de\"},{\"@type\":\"Organization\",\"@id\":\"https:\/\/hubsch-interior.com\/de\/#organization\",\"name\":\"H\u00fcbsch\",\"url\":\"https:\/\/hubsch-interior.com\/de\/\",\"logo\":{\"@type\":\"ImageObject\",\"inLanguage\":\"de\",\"@id\":\"https:\/\/hubsch-interior.com\/de\/#\/schema\/logo\/image\/\",\"url\":\"https:\/\/hubsch-interior.com\/wp-content\/uploads\/2022\/12\/Hubsch_logo_black_one_line.svg\",\"contentUrl\":\"https:\/\/hubsch-interior.com\/wp-content\/uploads\/2022\/12\/Hubsch_logo_black_one_line.svg\",\"caption\":\"H\u00fcbsch\"},\"image\":{\"@id\":\"https:\/\/hubsch-interior.com\/de\/#\/schema\/logo\/image\/\"}}]}<\/script>\n<!-- \/ Yoast SEO plugin. -->","yoast_head_json":{"title":"Ateliers Tischlampe Dunkelblau\/Wei\u00df - H\u00fcbsch","description":"Eine Tischleuchte ist so vielseitig: Ob f\u00fcr die n\u00e4chtliche Lekt\u00fcre im Schlafzimmer, ein stimmungsvolles Ambiente im Wohnzimmer oder einfach nur als","robots":{"index":"index","follow":"follow","max-snippet":"max-snippet:-1","max-image-preview":"max-image-preview:large","max-video-preview":"max-video-preview:-1"},"canonical":"https:\/\/hubsch-interior.com\/de\/wp-json\/wp\/v2\/product\/880715","og_locale":"de_DE","og_type":"article","og_title":"Ateliers Tischlampe Dunkelblau\/Wei\u00df - H\u00fcbsch","og_description":"Eine Tischleuchte ist so vielseitig: Ob f\u00fcr die n\u00e4chtliche Lekt\u00fcre im Schlafzimmer, ein stimmungsvolles Ambiente im Wohnzimmer oder einfach nur als","og_url":"https:\/\/hubsch-interior.com\/de\/produkt\/ateliers-tischlampe-dunkelblau-weis\/","og_site_name":"H\u00fcbsch","article_modified_time":"2026-04-28T03:07:44+00:00","og_image":[{"width":1200,"height":1200,"url":"https:\/\/hubsch-interior.com\/wp-content\/uploads\/2025\/05\/ateliers-table-lamp-dark-bluewhite-b521acde80d8a17180d57ade4aad4e73.jpg","type":"image\/jpeg"}],"twitter_card":"summary_large_image","schema":{"@context":"https:\/\/schema.org","@graph":[{"@type":"WebPage","@id":"https:\/\/hubsch-interior.com\/de\/produkt\/ateliers-tischlampe-dunkelblau-weis\/","url":"https:\/\/hubsch-interior.com\/de\/produkt\/ateliers-tischlampe-dunkelblau-weis\/","name":"Ateliers Tischlampe Dunkelblau\/Wei\u00df - H\u00fcbsch","isPartOf":{"@id":"https:\/\/hubsch-interior.com\/de\/#website"},"primaryImageOfPage":{"@id":"https:\/\/hubsch-interior.com\/de\/produkt\/ateliers-tischlampe-dunkelblau-weis\/#primaryimage"},"image":{"@id":"https:\/\/hubsch-interior.com\/de\/produkt\/ateliers-tischlampe-dunkelblau-weis\/#primaryimage"},"thumbnailUrl":"https:\/\/hubsch-interior.com\/wp-content\/uploads\/2026\/02\/ateliers-table-lamp-dark-bluewhite-9c9512746692f616d5058f65eaa61fda.jpg","datePublished":"2023-02-20T07:42:13+00:00","dateModified":"2026-04-28T03:07:44+00:00","description":"Eine Tischleuchte ist so vielseitig: Ob f\u00fcr die n\u00e4chtliche Lekt\u00fcre im Schlafzimmer, ein stimmungsvolles Ambiente im Wohnzimmer oder einfach nur als","breadcrumb":{"@id":"https:\/\/hubsch-interior.com\/de\/produkt\/ateliers-tischlampe-dunkelblau-weis\/#breadcrumb"},"inLanguage":"de","potentialAction":[{"@type":"ReadAction","target":["https:\/\/hubsch-interior.com\/de\/produkt\/ateliers-tischlampe-dunkelblau-weis\/"]}]},{"@type":"ImageObject","inLanguage":"de","@id":"https:\/\/hubsch-interior.com\/de\/produkt\/ateliers-tischlampe-dunkelblau-weis\/#primaryimage","url":"https:\/\/hubsch-interior.com\/wp-content\/uploads\/2026\/02\/ateliers-table-lamp-dark-bluewhite-9c9512746692f616d5058f65eaa61fda.jpg","contentUrl":"https:\/\/hubsch-interior.com\/wp-content\/uploads\/2026\/02\/ateliers-table-lamp-dark-bluewhite-9c9512746692f616d5058f65eaa61fda.jpg","width":1024,"height":1024},{"@type":"BreadcrumbList","@id":"https:\/\/hubsch-interior.com\/de\/produkt\/ateliers-tischlampe-dunkelblau-weis\/#breadcrumb","itemListElement":[{"@type":"ListItem","position":1,"name":"Startseite","item":"https:\/\/hubsch-interior.com\/de\/"},{"@type":"ListItem","position":2,"name":"Produkte","item":"https:\/\/hubsch-interior.com\/de\/shop-2\/"},{"@type":"ListItem","position":3,"name":"Beleuchtung","item":"https:\/\/hubsch-interior.com\/de\/produkt-kategorie\/beleuchtung\/"},{"@type":"ListItem","position":4,"name":"Tischlampen","item":"https:\/\/hubsch-interior.com\/de\/produkt-kategorie\/beleuchtung\/tischlampen-de\/"},{"@type":"ListItem","position":5,"name":"Ateliers Tischlampe Dunkelblau\/Wei\u00df"}]},{"@type":"WebSite","@id":"https:\/\/hubsch-interior.com\/de\/#website","url":"https:\/\/hubsch-interior.com\/de\/","name":"H\u00fcbsch","description":"Danish Home Interior and Design","publisher":{"@id":"https:\/\/hubsch-interior.com\/de\/#organization"},"potentialAction":[{"@type":"SearchAction","target":{"@type":"EntryPoint","urlTemplate":"https:\/\/hubsch-interior.com\/de\/?s={search_term_string}"},"query-input":{"@type":"PropertyValueSpecification","valueRequired":true,"valueName":"search_term_string"}}],"inLanguage":"de"},{"@type":"Organization","@id":"https:\/\/hubsch-interior.com\/de\/#organization","name":"H\u00fcbsch","url":"https:\/\/hubsch-interior.com\/de\/","logo":{"@type":"ImageObject","inLanguage":"de","@id":"https:\/\/hubsch-interior.com\/de\/#\/schema\/logo\/image\/","url":"https:\/\/hubsch-interior.com\/wp-content\/uploads\/2022\/12\/Hubsch_logo_black_one_line.svg","contentUrl":"https:\/\/hubsch-interior.com\/wp-content\/uploads\/2022\/12\/Hubsch_logo_black_one_line.svg","caption":"H\u00fcbsch"},"image":{"@id":"https:\/\/hubsch-interior.com\/de\/#\/schema\/logo\/image\/"}}]}},"_links":{"self":[{"href":"https:\/\/hubsch-interior.com\/de\/wp-json\/wp\/v2\/product\/880715","targetHints":{"allow":["GET"]}}],"collection":[{"href":"https:\/\/hubsch-interior.com\/de\/wp-json\/wp\/v2\/product"}],"about":[{"href":"https:\/\/hubsch-interior.com\/de\/wp-json\/wp\/v2\/types\/product"}],"wp:featuredmedia":[{"embeddable":true,"href":"https:\/\/hubsch-interior.com\/de\/wp-json\/wp\/v2\/media\/1106664"}],"wp:attachment":[{"href":"https:\/\/hubsch-interior.com\/de\/wp-json\/wp\/v2\/media?parent=880715"}],"wp:term":[{"taxonomy":"product_brand","embeddable":true,"href":"https:\/\/hubsch-interior.com\/de\/wp-json\/wp\/v2\/product_brand?post=880715"},{"taxonomy":"product_cat","embeddable":true,"href":"https:\/\/hubsch-interior.com\/de\/wp-json\/wp\/v2\/product_cat?post=880715"},{"taxonomy":"product_tag","embeddable":true,"href":"https:\/\/hubsch-interior.com\/de\/wp-json\/wp\/v2\/product_tag?post=880715"}],"curies":[{"name":"wp","href":"https:\/\/api.w.org\/{rel}","templated":true}]}}