{"id":880979,"date":"2023-02-20T08:43:01","date_gmt":"2023-02-20T07:43:01","guid":{"rendered":"https:\/\/hubsch-interior.com\/product\/product\/"},"modified":"2026-04-09T05:18:09","modified_gmt":"2026-04-09T03:18:09","slug":"district-aufbewahrungsbox-small-braun-gelb","status":"publish","type":"product","link":"https:\/\/hubsch-interior.com\/de\/produkt\/district-aufbewahrungsbox-small-braun-gelb\/","title":{"rendered":"District Aufbewahrungsbox Small Braun\/Gelb"},"content":{"rendered":"<p>Voil\u00e0: ein kleines Schmuckst\u00fcck f\u00fcr die Aufbewahrung all Ihrer B\u00fcroutensilien. Die District-Aufbewahrungsbox aus braunem und gelbem, pulverbeschichtetem Metall ist das perfekte Versteck f\u00fcr Radiergummis, B\u00fcroklammern oder Bleistiftspitzer. Wenn Sie ein N\u00e4htyp sind, ist diese kleine Aufbewahrungsbox auch der ideale Ort f\u00fcr Ihre Fingerh\u00fcte, Nadeln und Kn\u00f6pfe.<\/p>\n","protected":false},"excerpt":{"rendered":"<p>Voil\u00e0: ein kleines Schmuckst\u00fcck f\u00fcr die Aufbewahrung all Ihrer B\u00fcroutensilien. Die District-Aufbewahrungsbox aus braunem und gelbem, pulverbeschichtetem Metall ist das perfekte Versteck f\u00fcr Radiergummis, B\u00fcroklammern oder Bleistiftspitzer. Wenn Sie ein N\u00e4htyp sind, ist diese kleine Aufbewahrungsbox auch der ideale Ort f\u00fcr Ihre Fingerh\u00fcte, Nadeln und Kn\u00f6pfe.<\/p>\n","protected":false},"featured_media":1110725,"template":"","meta":{"_acf_changed":false,"inline_featured_image":false},"product_brand":[],"product_cat":[6583,3111,3429,4155,4961,6519],"product_tag":[],"class_list":{"0":"post-880979","1":"product","2":"type-product","3":"status-publish","4":"has-post-thumbnail","6":"product_cat-rekindle-collection-de","7":"product_cat-aufbewahrung-de","8":"product_cat-behaelter-de","9":"product_cat-buero-de","10":"product_cat-aufbewahrungsbox-de","11":"product_cat-outlet-de","12":"product_shipping_class-pk","14":"pa_color-braun","15":"pa_color-gelb","16":"pa_material-eisen-de","18":"first","19":"instock","20":"sale","21":"taxable","22":"shipping-taxable","23":"purchasable","24":"product-type-simple"},"exclude_global_add_ons":[],"addons":[],"acf":[],"yoast_head":"<!-- This site is optimized with the Yoast SEO plugin v26.4 - https:\/\/yoast.com\/wordpress\/plugins\/seo\/ -->\n<title>District Aufbewahrungsbox Small Braun\/Gelb - H\u00fcbsch<\/title>\n<meta name=\"description\" content=\"Voil\u00e0: ein kleines Schmuckst\u00fcck f\u00fcr die Aufbewahrung all Ihrer B\u00fcroutensilien. Die District-Aufbewahrungsbox aus braunem und gelbem, pulverbeschichtetem\" \/>\n<meta name=\"robots\" content=\"index, follow, max-snippet:-1, max-image-preview:large, max-video-preview:-1\" \/>\n<link rel=\"canonical\" href=\"https:\/\/hubsch-interior.com\/de\/wp-json\/wp\/v2\/product\/880979\" \/>\n<meta property=\"og:locale\" content=\"de_DE\" \/>\n<meta property=\"og:type\" content=\"article\" \/>\n<meta property=\"og:title\" content=\"District Aufbewahrungsbox Small Braun\/Gelb - H\u00fcbsch\" \/>\n<meta property=\"og:description\" content=\"Voil\u00e0: ein kleines Schmuckst\u00fcck f\u00fcr die Aufbewahrung all Ihrer B\u00fcroutensilien. Die District-Aufbewahrungsbox aus braunem und gelbem, pulverbeschichtetem\" \/>\n<meta property=\"og:url\" content=\"https:\/\/hubsch-interior.com\/de\/produkt\/district-aufbewahrungsbox-small-braun-gelb\/\" \/>\n<meta property=\"og:site_name\" content=\"H\u00fcbsch\" \/>\n<meta property=\"article:modified_time\" content=\"2026-04-09T03:18:09+00:00\" \/>\n<meta property=\"og:image\" content=\"https:\/\/hubsch-interior.com\/wp-content\/uploads\/2024\/01\/district-storage-box-small-brownyellow-9b125a5d86592df379c49ee13bd4cab1.jpg\" \/>\n\t<meta property=\"og:image:width\" content=\"1200\" \/>\n\t<meta property=\"og:image:height\" content=\"1200\" \/>\n\t<meta property=\"og:image:type\" content=\"image\/jpeg\" \/>\n<meta name=\"twitter:card\" content=\"summary_large_image\" \/>\n<script type=\"application\/ld+json\" class=\"yoast-schema-graph\">{\"@context\":\"https:\/\/schema.org\",\"@graph\":[{\"@type\":\"WebPage\",\"@id\":\"https:\/\/hubsch-interior.com\/de\/produkt\/district-aufbewahrungsbox-small-braun-gelb\/\",\"url\":\"https:\/\/hubsch-interior.com\/de\/produkt\/district-aufbewahrungsbox-small-braun-gelb\/\",\"name\":\"District Aufbewahrungsbox Small Braun\/Gelb - H\u00fcbsch\",\"isPartOf\":{\"@id\":\"https:\/\/hubsch-interior.com\/de\/#website\"},\"primaryImageOfPage\":{\"@id\":\"https:\/\/hubsch-interior.com\/de\/produkt\/district-aufbewahrungsbox-small-braun-gelb\/#primaryimage\"},\"image\":{\"@id\":\"https:\/\/hubsch-interior.com\/de\/produkt\/district-aufbewahrungsbox-small-braun-gelb\/#primaryimage\"},\"thumbnailUrl\":\"https:\/\/hubsch-interior.com\/wp-content\/uploads\/2026\/02\/district-storage-box-small-brownyellow-793fc874cfe3cf3e7a5c90a2fa870756.jpg\",\"datePublished\":\"2023-02-20T07:43:01+00:00\",\"dateModified\":\"2026-04-09T03:18:09+00:00\",\"description\":\"Voil\u00e0: ein kleines Schmuckst\u00fcck f\u00fcr die Aufbewahrung all Ihrer B\u00fcroutensilien. Die District-Aufbewahrungsbox aus braunem und gelbem, pulverbeschichtetem\",\"breadcrumb\":{\"@id\":\"https:\/\/hubsch-interior.com\/de\/produkt\/district-aufbewahrungsbox-small-braun-gelb\/#breadcrumb\"},\"inLanguage\":\"de\",\"potentialAction\":[{\"@type\":\"ReadAction\",\"target\":[\"https:\/\/hubsch-interior.com\/de\/produkt\/district-aufbewahrungsbox-small-braun-gelb\/\"]}]},{\"@type\":\"ImageObject\",\"inLanguage\":\"de\",\"@id\":\"https:\/\/hubsch-interior.com\/de\/produkt\/district-aufbewahrungsbox-small-braun-gelb\/#primaryimage\",\"url\":\"https:\/\/hubsch-interior.com\/wp-content\/uploads\/2026\/02\/district-storage-box-small-brownyellow-793fc874cfe3cf3e7a5c90a2fa870756.jpg\",\"contentUrl\":\"https:\/\/hubsch-interior.com\/wp-content\/uploads\/2026\/02\/district-storage-box-small-brownyellow-793fc874cfe3cf3e7a5c90a2fa870756.jpg\",\"width\":1024,\"height\":1024},{\"@type\":\"BreadcrumbList\",\"@id\":\"https:\/\/hubsch-interior.com\/de\/produkt\/district-aufbewahrungsbox-small-braun-gelb\/#breadcrumb\",\"itemListElement\":[{\"@type\":\"ListItem\",\"position\":1,\"name\":\"Startseite\",\"item\":\"https:\/\/hubsch-interior.com\/de\/\"},{\"@type\":\"ListItem\",\"position\":2,\"name\":\"Produkte\",\"item\":\"https:\/\/hubsch-interior.com\/de\/shop-2\/\"},{\"@type\":\"ListItem\",\"position\":3,\"name\":\"Wohnaccessoires\",\"item\":\"https:\/\/hubsch-interior.com\/de\/produkt-kategorie\/wohnaccessoires\/\"},{\"@type\":\"ListItem\",\"position\":4,\"name\":\"Aufbewahrung\",\"item\":\"https:\/\/hubsch-interior.com\/de\/produkt-kategorie\/wohnaccessoires\/aufbewahrung-de\/\"},{\"@type\":\"ListItem\",\"position\":5,\"name\":\"Beh&auml;lter\",\"item\":\"https:\/\/hubsch-interior.com\/de\/produkt-kategorie\/wohnaccessoires\/aufbewahrung-de\/behaelter-de\/\"},{\"@type\":\"ListItem\",\"position\":6,\"name\":\"District Aufbewahrungsbox Small Braun\/Gelb\"}]},{\"@type\":\"WebSite\",\"@id\":\"https:\/\/hubsch-interior.com\/de\/#website\",\"url\":\"https:\/\/hubsch-interior.com\/de\/\",\"name\":\"H\u00fcbsch\",\"description\":\"Danish Home Interior and Design\",\"publisher\":{\"@id\":\"https:\/\/hubsch-interior.com\/de\/#organization\"},\"potentialAction\":[{\"@type\":\"SearchAction\",\"target\":{\"@type\":\"EntryPoint\",\"urlTemplate\":\"https:\/\/hubsch-interior.com\/de\/?s={search_term_string}\"},\"query-input\":{\"@type\":\"PropertyValueSpecification\",\"valueRequired\":true,\"valueName\":\"search_term_string\"}}],\"inLanguage\":\"de\"},{\"@type\":\"Organization\",\"@id\":\"https:\/\/hubsch-interior.com\/de\/#organization\",\"name\":\"H\u00fcbsch\",\"url\":\"https:\/\/hubsch-interior.com\/de\/\",\"logo\":{\"@type\":\"ImageObject\",\"inLanguage\":\"de\",\"@id\":\"https:\/\/hubsch-interior.com\/de\/#\/schema\/logo\/image\/\",\"url\":\"https:\/\/hubsch-interior.com\/wp-content\/uploads\/2022\/12\/Hubsch_logo_black_one_line.svg\",\"contentUrl\":\"https:\/\/hubsch-interior.com\/wp-content\/uploads\/2022\/12\/Hubsch_logo_black_one_line.svg\",\"caption\":\"H\u00fcbsch\"},\"image\":{\"@id\":\"https:\/\/hubsch-interior.com\/de\/#\/schema\/logo\/image\/\"}}]}<\/script>\n<!-- \/ Yoast SEO plugin. -->","yoast_head_json":{"title":"District Aufbewahrungsbox Small Braun\/Gelb - H\u00fcbsch","description":"Voil\u00e0: ein kleines Schmuckst\u00fcck f\u00fcr die Aufbewahrung all Ihrer B\u00fcroutensilien. Die District-Aufbewahrungsbox aus braunem und gelbem, pulverbeschichtetem","robots":{"index":"index","follow":"follow","max-snippet":"max-snippet:-1","max-image-preview":"max-image-preview:large","max-video-preview":"max-video-preview:-1"},"canonical":"https:\/\/hubsch-interior.com\/de\/wp-json\/wp\/v2\/product\/880979","og_locale":"de_DE","og_type":"article","og_title":"District Aufbewahrungsbox Small Braun\/Gelb - H\u00fcbsch","og_description":"Voil\u00e0: ein kleines Schmuckst\u00fcck f\u00fcr die Aufbewahrung all Ihrer B\u00fcroutensilien. Die District-Aufbewahrungsbox aus braunem und gelbem, pulverbeschichtetem","og_url":"https:\/\/hubsch-interior.com\/de\/produkt\/district-aufbewahrungsbox-small-braun-gelb\/","og_site_name":"H\u00fcbsch","article_modified_time":"2026-04-09T03:18:09+00:00","og_image":[{"width":1200,"height":1200,"url":"https:\/\/hubsch-interior.com\/wp-content\/uploads\/2024\/01\/district-storage-box-small-brownyellow-9b125a5d86592df379c49ee13bd4cab1.jpg","type":"image\/jpeg"}],"twitter_card":"summary_large_image","schema":{"@context":"https:\/\/schema.org","@graph":[{"@type":"WebPage","@id":"https:\/\/hubsch-interior.com\/de\/produkt\/district-aufbewahrungsbox-small-braun-gelb\/","url":"https:\/\/hubsch-interior.com\/de\/produkt\/district-aufbewahrungsbox-small-braun-gelb\/","name":"District Aufbewahrungsbox Small Braun\/Gelb - H\u00fcbsch","isPartOf":{"@id":"https:\/\/hubsch-interior.com\/de\/#website"},"primaryImageOfPage":{"@id":"https:\/\/hubsch-interior.com\/de\/produkt\/district-aufbewahrungsbox-small-braun-gelb\/#primaryimage"},"image":{"@id":"https:\/\/hubsch-interior.com\/de\/produkt\/district-aufbewahrungsbox-small-braun-gelb\/#primaryimage"},"thumbnailUrl":"https:\/\/hubsch-interior.com\/wp-content\/uploads\/2026\/02\/district-storage-box-small-brownyellow-793fc874cfe3cf3e7a5c90a2fa870756.jpg","datePublished":"2023-02-20T07:43:01+00:00","dateModified":"2026-04-09T03:18:09+00:00","description":"Voil\u00e0: ein kleines Schmuckst\u00fcck f\u00fcr die Aufbewahrung all Ihrer B\u00fcroutensilien. Die District-Aufbewahrungsbox aus braunem und gelbem, pulverbeschichtetem","breadcrumb":{"@id":"https:\/\/hubsch-interior.com\/de\/produkt\/district-aufbewahrungsbox-small-braun-gelb\/#breadcrumb"},"inLanguage":"de","potentialAction":[{"@type":"ReadAction","target":["https:\/\/hubsch-interior.com\/de\/produkt\/district-aufbewahrungsbox-small-braun-gelb\/"]}]},{"@type":"ImageObject","inLanguage":"de","@id":"https:\/\/hubsch-interior.com\/de\/produkt\/district-aufbewahrungsbox-small-braun-gelb\/#primaryimage","url":"https:\/\/hubsch-interior.com\/wp-content\/uploads\/2026\/02\/district-storage-box-small-brownyellow-793fc874cfe3cf3e7a5c90a2fa870756.jpg","contentUrl":"https:\/\/hubsch-interior.com\/wp-content\/uploads\/2026\/02\/district-storage-box-small-brownyellow-793fc874cfe3cf3e7a5c90a2fa870756.jpg","width":1024,"height":1024},{"@type":"BreadcrumbList","@id":"https:\/\/hubsch-interior.com\/de\/produkt\/district-aufbewahrungsbox-small-braun-gelb\/#breadcrumb","itemListElement":[{"@type":"ListItem","position":1,"name":"Startseite","item":"https:\/\/hubsch-interior.com\/de\/"},{"@type":"ListItem","position":2,"name":"Produkte","item":"https:\/\/hubsch-interior.com\/de\/shop-2\/"},{"@type":"ListItem","position":3,"name":"Wohnaccessoires","item":"https:\/\/hubsch-interior.com\/de\/produkt-kategorie\/wohnaccessoires\/"},{"@type":"ListItem","position":4,"name":"Aufbewahrung","item":"https:\/\/hubsch-interior.com\/de\/produkt-kategorie\/wohnaccessoires\/aufbewahrung-de\/"},{"@type":"ListItem","position":5,"name":"Beh&auml;lter","item":"https:\/\/hubsch-interior.com\/de\/produkt-kategorie\/wohnaccessoires\/aufbewahrung-de\/behaelter-de\/"},{"@type":"ListItem","position":6,"name":"District Aufbewahrungsbox Small Braun\/Gelb"}]},{"@type":"WebSite","@id":"https:\/\/hubsch-interior.com\/de\/#website","url":"https:\/\/hubsch-interior.com\/de\/","name":"H\u00fcbsch","description":"Danish Home Interior and Design","publisher":{"@id":"https:\/\/hubsch-interior.com\/de\/#organization"},"potentialAction":[{"@type":"SearchAction","target":{"@type":"EntryPoint","urlTemplate":"https:\/\/hubsch-interior.com\/de\/?s={search_term_string}"},"query-input":{"@type":"PropertyValueSpecification","valueRequired":true,"valueName":"search_term_string"}}],"inLanguage":"de"},{"@type":"Organization","@id":"https:\/\/hubsch-interior.com\/de\/#organization","name":"H\u00fcbsch","url":"https:\/\/hubsch-interior.com\/de\/","logo":{"@type":"ImageObject","inLanguage":"de","@id":"https:\/\/hubsch-interior.com\/de\/#\/schema\/logo\/image\/","url":"https:\/\/hubsch-interior.com\/wp-content\/uploads\/2022\/12\/Hubsch_logo_black_one_line.svg","contentUrl":"https:\/\/hubsch-interior.com\/wp-content\/uploads\/2022\/12\/Hubsch_logo_black_one_line.svg","caption":"H\u00fcbsch"},"image":{"@id":"https:\/\/hubsch-interior.com\/de\/#\/schema\/logo\/image\/"}}]}},"_links":{"self":[{"href":"https:\/\/hubsch-interior.com\/de\/wp-json\/wp\/v2\/product\/880979","targetHints":{"allow":["GET"]}}],"collection":[{"href":"https:\/\/hubsch-interior.com\/de\/wp-json\/wp\/v2\/product"}],"about":[{"href":"https:\/\/hubsch-interior.com\/de\/wp-json\/wp\/v2\/types\/product"}],"wp:featuredmedia":[{"embeddable":true,"href":"https:\/\/hubsch-interior.com\/de\/wp-json\/wp\/v2\/media\/1110725"}],"wp:attachment":[{"href":"https:\/\/hubsch-interior.com\/de\/wp-json\/wp\/v2\/media?parent=880979"}],"wp:term":[{"taxonomy":"product_brand","embeddable":true,"href":"https:\/\/hubsch-interior.com\/de\/wp-json\/wp\/v2\/product_brand?post=880979"},{"taxonomy":"product_cat","embeddable":true,"href":"https:\/\/hubsch-interior.com\/de\/wp-json\/wp\/v2\/product_cat?post=880979"},{"taxonomy":"product_tag","embeddable":true,"href":"https:\/\/hubsch-interior.com\/de\/wp-json\/wp\/v2\/product_tag?post=880979"}],"curies":[{"name":"wp","href":"https:\/\/api.w.org\/{rel}","templated":true}]}}