{"id":881063,"date":"2023-02-20T08:43:17","date_gmt":"2023-02-20T07:43:17","guid":{"rendered":"https:\/\/hubsch-interior.com\/product\/product\/"},"modified":"2026-04-09T05:18:13","modified_gmt":"2026-04-09T03:18:13","slug":"district-aufbewahrungstablett-runde-hellgrau","status":"publish","type":"product","link":"https:\/\/hubsch-interior.com\/de\/produkt\/district-aufbewahrungstablett-runde-hellgrau\/","title":{"rendered":"District Aufbewahrungstablett Runde Hellgrau"},"content":{"rendered":"<p>Wenn Sie eine Leidenschaft f\u00fcr kleine Gegenst\u00e4nde haben, die Ihnen das Leben erleichtern, dann ist dieser kleine runde Aufbewahrungsbeh\u00e4lter genau das Richtige f\u00fcr Sie. Immer zur Hand, wenn Sie B\u00fcroklammern, Stecknadeln oder andere kleine Gegenst\u00e4nde ben\u00f6tigen, erf\u00fcllt dieses sandfarbene Aufbewahrungsfach seine Aufgabe mit Bravour. Ideal f\u00fcr den Schreibtisch im B\u00fcro, im Kinderzimmer oder in der K\u00fcche, wenn Sie stolze*r Besitzer*in einer guten, alten Notiztafel sind.<\/p>\n","protected":false},"excerpt":{"rendered":"<p>Wenn Sie eine Leidenschaft f\u00fcr kleine Gegenst\u00e4nde haben, die Ihnen das Leben erleichtern, dann ist dieser kleine runde Aufbewahrungsbeh\u00e4lter genau das Richtige f\u00fcr Sie. Immer zur Hand, wenn Sie B\u00fcroklammern, Stecknadeln oder andere kleine Gegenst\u00e4nde ben\u00f6tigen, erf\u00fcllt dieses sandfarbene Aufbewahrungsfach seine Aufgabe mit Bravour. Ideal f\u00fcr den Schreibtisch im B\u00fcro, im Kinderzimmer oder in der [&hellip;]<\/p>\n","protected":false},"featured_media":1113458,"template":"","meta":{"_acf_changed":false,"inline_featured_image":false},"product_brand":[],"product_cat":[6583,4155,4961],"product_tag":[],"class_list":{"0":"post-881063","1":"product","2":"type-product","3":"status-publish","4":"has-post-thumbnail","6":"product_cat-rekindle-collection-de","7":"product_cat-buero-de","8":"product_cat-aufbewahrungsbox-de","9":"product_shipping_class-pk","11":"pa_color-hellgrau-2","12":"pa_material-eisen-de","14":"first","15":"instock","16":"taxable","17":"shipping-taxable","18":"purchasable","19":"product-type-simple"},"exclude_global_add_ons":[],"addons":[],"acf":[],"yoast_head":"<!-- This site is optimized with the Yoast SEO plugin v26.4 - https:\/\/yoast.com\/wordpress\/plugins\/seo\/ -->\n<title>District Aufbewahrungstablett Runde Hellgrau - H\u00fcbsch<\/title>\n<meta name=\"description\" content=\"Wenn Sie eine Leidenschaft f\u00fcr kleine Gegenst\u00e4nde haben, die Ihnen das Leben erleichtern, dann ist dieser kleine runde Aufbewahrungsbeh\u00e4lter genau das\" \/>\n<meta name=\"robots\" content=\"index, follow, max-snippet:-1, max-image-preview:large, max-video-preview:-1\" \/>\n<link rel=\"canonical\" href=\"https:\/\/hubsch-interior.com\/de\/wp-json\/wp\/v2\/product\/881063\" \/>\n<meta property=\"og:locale\" content=\"de_DE\" \/>\n<meta property=\"og:type\" content=\"article\" \/>\n<meta property=\"og:title\" content=\"District Aufbewahrungstablett Runde Hellgrau - H\u00fcbsch\" \/>\n<meta property=\"og:description\" content=\"Wenn Sie eine Leidenschaft f\u00fcr kleine Gegenst\u00e4nde haben, die Ihnen das Leben erleichtern, dann ist dieser kleine runde Aufbewahrungsbeh\u00e4lter genau das\" \/>\n<meta property=\"og:url\" content=\"https:\/\/hubsch-interior.com\/de\/produkt\/district-aufbewahrungstablett-runde-hellgrau\/\" \/>\n<meta property=\"og:site_name\" content=\"H\u00fcbsch\" \/>\n<meta property=\"article:modified_time\" content=\"2026-04-09T03:18:13+00:00\" \/>\n<meta property=\"og:image\" content=\"https:\/\/hubsch-interior.com\/wp-content\/uploads\/2024\/10\/district-storage-tray-round-6b72480f68b159cc7b9419c8ce992fa3.jpg\" \/>\n\t<meta property=\"og:image:width\" content=\"1200\" \/>\n\t<meta property=\"og:image:height\" content=\"1200\" \/>\n\t<meta property=\"og:image:type\" content=\"image\/jpeg\" \/>\n<meta name=\"twitter:card\" content=\"summary_large_image\" \/>\n<script type=\"application\/ld+json\" class=\"yoast-schema-graph\">{\"@context\":\"https:\/\/schema.org\",\"@graph\":[{\"@type\":\"WebPage\",\"@id\":\"https:\/\/hubsch-interior.com\/de\/produkt\/district-aufbewahrungstablett-runde-hellgrau\/\",\"url\":\"https:\/\/hubsch-interior.com\/de\/produkt\/district-aufbewahrungstablett-runde-hellgrau\/\",\"name\":\"District Aufbewahrungstablett Runde Hellgrau - H\u00fcbsch\",\"isPartOf\":{\"@id\":\"https:\/\/hubsch-interior.com\/de\/#website\"},\"primaryImageOfPage\":{\"@id\":\"https:\/\/hubsch-interior.com\/de\/produkt\/district-aufbewahrungstablett-runde-hellgrau\/#primaryimage\"},\"image\":{\"@id\":\"https:\/\/hubsch-interior.com\/de\/produkt\/district-aufbewahrungstablett-runde-hellgrau\/#primaryimage\"},\"thumbnailUrl\":\"https:\/\/hubsch-interior.com\/wp-content\/uploads\/2026\/02\/district-storage-tray-round-light-grey-73e9d4b41866b86cf3b1e150a14b9f37.jpg\",\"datePublished\":\"2023-02-20T07:43:17+00:00\",\"dateModified\":\"2026-04-09T03:18:13+00:00\",\"description\":\"Wenn Sie eine Leidenschaft f\u00fcr kleine Gegenst\u00e4nde haben, die Ihnen das Leben erleichtern, dann ist dieser kleine runde Aufbewahrungsbeh\u00e4lter genau das\",\"breadcrumb\":{\"@id\":\"https:\/\/hubsch-interior.com\/de\/produkt\/district-aufbewahrungstablett-runde-hellgrau\/#breadcrumb\"},\"inLanguage\":\"de\",\"potentialAction\":[{\"@type\":\"ReadAction\",\"target\":[\"https:\/\/hubsch-interior.com\/de\/produkt\/district-aufbewahrungstablett-runde-hellgrau\/\"]}]},{\"@type\":\"ImageObject\",\"inLanguage\":\"de\",\"@id\":\"https:\/\/hubsch-interior.com\/de\/produkt\/district-aufbewahrungstablett-runde-hellgrau\/#primaryimage\",\"url\":\"https:\/\/hubsch-interior.com\/wp-content\/uploads\/2026\/02\/district-storage-tray-round-light-grey-73e9d4b41866b86cf3b1e150a14b9f37.jpg\",\"contentUrl\":\"https:\/\/hubsch-interior.com\/wp-content\/uploads\/2026\/02\/district-storage-tray-round-light-grey-73e9d4b41866b86cf3b1e150a14b9f37.jpg\",\"width\":1024,\"height\":1024},{\"@type\":\"BreadcrumbList\",\"@id\":\"https:\/\/hubsch-interior.com\/de\/produkt\/district-aufbewahrungstablett-runde-hellgrau\/#breadcrumb\",\"itemListElement\":[{\"@type\":\"ListItem\",\"position\":1,\"name\":\"Startseite\",\"item\":\"https:\/\/hubsch-interior.com\/de\/\"},{\"@type\":\"ListItem\",\"position\":2,\"name\":\"Produkte\",\"item\":\"https:\/\/hubsch-interior.com\/de\/shop-2\/\"},{\"@type\":\"ListItem\",\"position\":3,\"name\":\"Wohnaccessoires\",\"item\":\"https:\/\/hubsch-interior.com\/de\/produkt-kategorie\/wohnaccessoires\/\"},{\"@type\":\"ListItem\",\"position\":4,\"name\":\"B&uuml;ro\",\"item\":\"https:\/\/hubsch-interior.com\/de\/produkt-kategorie\/wohnaccessoires\/buero-de\/\"},{\"@type\":\"ListItem\",\"position\":5,\"name\":\"Aufbewahrungsbox\",\"item\":\"https:\/\/hubsch-interior.com\/de\/produkt-kategorie\/wohnaccessoires\/buero-de\/aufbewahrungsbox-de\/\"},{\"@type\":\"ListItem\",\"position\":6,\"name\":\"District Aufbewahrungstablett Runde Hellgrau\"}]},{\"@type\":\"WebSite\",\"@id\":\"https:\/\/hubsch-interior.com\/de\/#website\",\"url\":\"https:\/\/hubsch-interior.com\/de\/\",\"name\":\"H\u00fcbsch\",\"description\":\"Danish Home Interior and Design\",\"publisher\":{\"@id\":\"https:\/\/hubsch-interior.com\/de\/#organization\"},\"potentialAction\":[{\"@type\":\"SearchAction\",\"target\":{\"@type\":\"EntryPoint\",\"urlTemplate\":\"https:\/\/hubsch-interior.com\/de\/?s={search_term_string}\"},\"query-input\":{\"@type\":\"PropertyValueSpecification\",\"valueRequired\":true,\"valueName\":\"search_term_string\"}}],\"inLanguage\":\"de\"},{\"@type\":\"Organization\",\"@id\":\"https:\/\/hubsch-interior.com\/de\/#organization\",\"name\":\"H\u00fcbsch\",\"url\":\"https:\/\/hubsch-interior.com\/de\/\",\"logo\":{\"@type\":\"ImageObject\",\"inLanguage\":\"de\",\"@id\":\"https:\/\/hubsch-interior.com\/de\/#\/schema\/logo\/image\/\",\"url\":\"https:\/\/hubsch-interior.com\/wp-content\/uploads\/2022\/12\/Hubsch_logo_black_one_line.svg\",\"contentUrl\":\"https:\/\/hubsch-interior.com\/wp-content\/uploads\/2022\/12\/Hubsch_logo_black_one_line.svg\",\"caption\":\"H\u00fcbsch\"},\"image\":{\"@id\":\"https:\/\/hubsch-interior.com\/de\/#\/schema\/logo\/image\/\"}}]}<\/script>\n<!-- \/ Yoast SEO plugin. -->","yoast_head_json":{"title":"District Aufbewahrungstablett Runde Hellgrau - H\u00fcbsch","description":"Wenn Sie eine Leidenschaft f\u00fcr kleine Gegenst\u00e4nde haben, die Ihnen das Leben erleichtern, dann ist dieser kleine runde Aufbewahrungsbeh\u00e4lter genau das","robots":{"index":"index","follow":"follow","max-snippet":"max-snippet:-1","max-image-preview":"max-image-preview:large","max-video-preview":"max-video-preview:-1"},"canonical":"https:\/\/hubsch-interior.com\/de\/wp-json\/wp\/v2\/product\/881063","og_locale":"de_DE","og_type":"article","og_title":"District Aufbewahrungstablett Runde Hellgrau - H\u00fcbsch","og_description":"Wenn Sie eine Leidenschaft f\u00fcr kleine Gegenst\u00e4nde haben, die Ihnen das Leben erleichtern, dann ist dieser kleine runde Aufbewahrungsbeh\u00e4lter genau das","og_url":"https:\/\/hubsch-interior.com\/de\/produkt\/district-aufbewahrungstablett-runde-hellgrau\/","og_site_name":"H\u00fcbsch","article_modified_time":"2026-04-09T03:18:13+00:00","og_image":[{"width":1200,"height":1200,"url":"https:\/\/hubsch-interior.com\/wp-content\/uploads\/2024\/10\/district-storage-tray-round-6b72480f68b159cc7b9419c8ce992fa3.jpg","type":"image\/jpeg"}],"twitter_card":"summary_large_image","schema":{"@context":"https:\/\/schema.org","@graph":[{"@type":"WebPage","@id":"https:\/\/hubsch-interior.com\/de\/produkt\/district-aufbewahrungstablett-runde-hellgrau\/","url":"https:\/\/hubsch-interior.com\/de\/produkt\/district-aufbewahrungstablett-runde-hellgrau\/","name":"District Aufbewahrungstablett Runde Hellgrau - H\u00fcbsch","isPartOf":{"@id":"https:\/\/hubsch-interior.com\/de\/#website"},"primaryImageOfPage":{"@id":"https:\/\/hubsch-interior.com\/de\/produkt\/district-aufbewahrungstablett-runde-hellgrau\/#primaryimage"},"image":{"@id":"https:\/\/hubsch-interior.com\/de\/produkt\/district-aufbewahrungstablett-runde-hellgrau\/#primaryimage"},"thumbnailUrl":"https:\/\/hubsch-interior.com\/wp-content\/uploads\/2026\/02\/district-storage-tray-round-light-grey-73e9d4b41866b86cf3b1e150a14b9f37.jpg","datePublished":"2023-02-20T07:43:17+00:00","dateModified":"2026-04-09T03:18:13+00:00","description":"Wenn Sie eine Leidenschaft f\u00fcr kleine Gegenst\u00e4nde haben, die Ihnen das Leben erleichtern, dann ist dieser kleine runde Aufbewahrungsbeh\u00e4lter genau das","breadcrumb":{"@id":"https:\/\/hubsch-interior.com\/de\/produkt\/district-aufbewahrungstablett-runde-hellgrau\/#breadcrumb"},"inLanguage":"de","potentialAction":[{"@type":"ReadAction","target":["https:\/\/hubsch-interior.com\/de\/produkt\/district-aufbewahrungstablett-runde-hellgrau\/"]}]},{"@type":"ImageObject","inLanguage":"de","@id":"https:\/\/hubsch-interior.com\/de\/produkt\/district-aufbewahrungstablett-runde-hellgrau\/#primaryimage","url":"https:\/\/hubsch-interior.com\/wp-content\/uploads\/2026\/02\/district-storage-tray-round-light-grey-73e9d4b41866b86cf3b1e150a14b9f37.jpg","contentUrl":"https:\/\/hubsch-interior.com\/wp-content\/uploads\/2026\/02\/district-storage-tray-round-light-grey-73e9d4b41866b86cf3b1e150a14b9f37.jpg","width":1024,"height":1024},{"@type":"BreadcrumbList","@id":"https:\/\/hubsch-interior.com\/de\/produkt\/district-aufbewahrungstablett-runde-hellgrau\/#breadcrumb","itemListElement":[{"@type":"ListItem","position":1,"name":"Startseite","item":"https:\/\/hubsch-interior.com\/de\/"},{"@type":"ListItem","position":2,"name":"Produkte","item":"https:\/\/hubsch-interior.com\/de\/shop-2\/"},{"@type":"ListItem","position":3,"name":"Wohnaccessoires","item":"https:\/\/hubsch-interior.com\/de\/produkt-kategorie\/wohnaccessoires\/"},{"@type":"ListItem","position":4,"name":"B&uuml;ro","item":"https:\/\/hubsch-interior.com\/de\/produkt-kategorie\/wohnaccessoires\/buero-de\/"},{"@type":"ListItem","position":5,"name":"Aufbewahrungsbox","item":"https:\/\/hubsch-interior.com\/de\/produkt-kategorie\/wohnaccessoires\/buero-de\/aufbewahrungsbox-de\/"},{"@type":"ListItem","position":6,"name":"District Aufbewahrungstablett Runde Hellgrau"}]},{"@type":"WebSite","@id":"https:\/\/hubsch-interior.com\/de\/#website","url":"https:\/\/hubsch-interior.com\/de\/","name":"H\u00fcbsch","description":"Danish Home Interior and Design","publisher":{"@id":"https:\/\/hubsch-interior.com\/de\/#organization"},"potentialAction":[{"@type":"SearchAction","target":{"@type":"EntryPoint","urlTemplate":"https:\/\/hubsch-interior.com\/de\/?s={search_term_string}"},"query-input":{"@type":"PropertyValueSpecification","valueRequired":true,"valueName":"search_term_string"}}],"inLanguage":"de"},{"@type":"Organization","@id":"https:\/\/hubsch-interior.com\/de\/#organization","name":"H\u00fcbsch","url":"https:\/\/hubsch-interior.com\/de\/","logo":{"@type":"ImageObject","inLanguage":"de","@id":"https:\/\/hubsch-interior.com\/de\/#\/schema\/logo\/image\/","url":"https:\/\/hubsch-interior.com\/wp-content\/uploads\/2022\/12\/Hubsch_logo_black_one_line.svg","contentUrl":"https:\/\/hubsch-interior.com\/wp-content\/uploads\/2022\/12\/Hubsch_logo_black_one_line.svg","caption":"H\u00fcbsch"},"image":{"@id":"https:\/\/hubsch-interior.com\/de\/#\/schema\/logo\/image\/"}}]}},"_links":{"self":[{"href":"https:\/\/hubsch-interior.com\/de\/wp-json\/wp\/v2\/product\/881063","targetHints":{"allow":["GET"]}}],"collection":[{"href":"https:\/\/hubsch-interior.com\/de\/wp-json\/wp\/v2\/product"}],"about":[{"href":"https:\/\/hubsch-interior.com\/de\/wp-json\/wp\/v2\/types\/product"}],"wp:featuredmedia":[{"embeddable":true,"href":"https:\/\/hubsch-interior.com\/de\/wp-json\/wp\/v2\/media\/1113458"}],"wp:attachment":[{"href":"https:\/\/hubsch-interior.com\/de\/wp-json\/wp\/v2\/media?parent=881063"}],"wp:term":[{"taxonomy":"product_brand","embeddable":true,"href":"https:\/\/hubsch-interior.com\/de\/wp-json\/wp\/v2\/product_brand?post=881063"},{"taxonomy":"product_cat","embeddable":true,"href":"https:\/\/hubsch-interior.com\/de\/wp-json\/wp\/v2\/product_cat?post=881063"},{"taxonomy":"product_tag","embeddable":true,"href":"https:\/\/hubsch-interior.com\/de\/wp-json\/wp\/v2\/product_tag?post=881063"}],"curies":[{"name":"wp","href":"https:\/\/api.w.org\/{rel}","templated":true}]}}