{"id":882799,"date":"2023-02-20T09:57:00","date_gmt":"2023-02-20T08:57:00","guid":{"rendered":"https:\/\/hubsch-interior.com\/product\/product\/"},"modified":"2026-04-15T04:24:56","modified_gmt":"2026-04-15T02:24:56","slug":"luna-korbe-naturfarben-2er-set","status":"publish","type":"product","link":"https:\/\/hubsch-interior.com\/de\/produkt\/luna-korbe-naturfarben-2er-set\/","title":{"rendered":"Luna K\u00f6rbe Naturfarben (2er Set)"},"content":{"rendered":"<p>Ein nat\u00fcrlicher Weidenkorb aus Rattan: Eine klassische Wahl, mit der man nie etwas falsch machen kann. Dieses Aufbewahrungskorb-Duo hat einen luftigen Look, der sich je nach Inhalt ver\u00e4ndert. Perfekt f\u00fcr \u00dcberw\u00fcrfe und Kissen, Zeitschriften oder B\u00fccher. Sogar Ihr Strickzeug wird in einem dieser Aufbewahrungsk\u00f6rbe zum dekorativen Blickfang, bis Sie Ihr Projekt weiterstricken.<\/p>\n","protected":false},"excerpt":{"rendered":"<p>Ein nat\u00fcrlicher Weidenkorb aus Rattan: Eine klassische Wahl, mit der man nie etwas falsch machen kann. Dieses Aufbewahrungskorb-Duo hat einen luftigen Look, der sich je nach Inhalt ver\u00e4ndert. Perfekt f\u00fcr \u00dcberw\u00fcrfe und Kissen, Zeitschriften oder B\u00fccher. Sogar Ihr Strickzeug wird in einem dieser Aufbewahrungsk\u00f6rbe zum dekorativen Blickfang, bis Sie Ihr Projekt weiterstricken.<\/p>\n","protected":false},"featured_media":1095593,"template":"","meta":{"_acf_changed":false,"inline_featured_image":false},"product_brand":[],"product_cat":[6583,3111,4076],"product_tag":[],"class_list":{"0":"post-882799","1":"product","2":"type-product","3":"status-publish","4":"has-post-thumbnail","6":"product_cat-rekindle-collection-de","7":"product_cat-aufbewahrung-de","8":"product_cat-koerbe-de","9":"product_shipping_class-pk","11":"pa_color-naturfarben-2","12":"pa_material-rattan-de","14":"first","15":"instock","16":"taxable","17":"shipping-taxable","18":"purchasable","19":"product-type-simple"},"exclude_global_add_ons":[],"addons":[],"acf":[],"yoast_head":"<!-- This site is optimized with the Yoast SEO plugin v26.4 - https:\/\/yoast.com\/wordpress\/plugins\/seo\/ -->\n<title>Luna K\u00f6rbe Naturfarben (2er Set) - H\u00fcbsch<\/title>\n<meta name=\"description\" content=\"Ein nat\u00fcrlicher Weidenkorb aus Rattan: Eine klassische Wahl, mit der man nie etwas falsch machen kann. Dieses Aufbewahrungskorb-Duo hat einen luftigen\" \/>\n<meta name=\"robots\" content=\"index, follow, max-snippet:-1, max-image-preview:large, max-video-preview:-1\" \/>\n<link rel=\"canonical\" href=\"https:\/\/hubsch-interior.com\/de\/wp-json\/wp\/v2\/product\/882799\" \/>\n<meta property=\"og:locale\" content=\"de_DE\" \/>\n<meta property=\"og:type\" content=\"article\" \/>\n<meta property=\"og:title\" content=\"Luna K\u00f6rbe Naturfarben (2er Set) - H\u00fcbsch\" \/>\n<meta property=\"og:description\" content=\"Ein nat\u00fcrlicher Weidenkorb aus Rattan: Eine klassische Wahl, mit der man nie etwas falsch machen kann. Dieses Aufbewahrungskorb-Duo hat einen luftigen\" \/>\n<meta property=\"og:url\" content=\"https:\/\/hubsch-interior.com\/de\/produkt\/luna-korbe-naturfarben-2er-set\/\" \/>\n<meta property=\"og:site_name\" content=\"H\u00fcbsch\" \/>\n<meta property=\"article:modified_time\" content=\"2026-04-15T02:24:56+00:00\" \/>\n<meta property=\"og:image\" content=\"https:\/\/hubsch-interior.com\/wp-content\/uploads\/2025\/04\/luna-baskets-natural-set-of-2-8f23687f197c89be91dd7928289ec108.jpg\" \/>\n\t<meta property=\"og:image:width\" content=\"1200\" \/>\n\t<meta property=\"og:image:height\" content=\"1200\" \/>\n\t<meta property=\"og:image:type\" content=\"image\/jpeg\" \/>\n<meta name=\"twitter:card\" content=\"summary_large_image\" \/>\n<script type=\"application\/ld+json\" class=\"yoast-schema-graph\">{\"@context\":\"https:\/\/schema.org\",\"@graph\":[{\"@type\":\"WebPage\",\"@id\":\"https:\/\/hubsch-interior.com\/de\/produkt\/luna-korbe-naturfarben-2er-set\/\",\"url\":\"https:\/\/hubsch-interior.com\/de\/produkt\/luna-korbe-naturfarben-2er-set\/\",\"name\":\"Luna K\u00f6rbe Naturfarben (2er Set) - H\u00fcbsch\",\"isPartOf\":{\"@id\":\"https:\/\/hubsch-interior.com\/de\/#website\"},\"primaryImageOfPage\":{\"@id\":\"https:\/\/hubsch-interior.com\/de\/produkt\/luna-korbe-naturfarben-2er-set\/#primaryimage\"},\"image\":{\"@id\":\"https:\/\/hubsch-interior.com\/de\/produkt\/luna-korbe-naturfarben-2er-set\/#primaryimage\"},\"thumbnailUrl\":\"https:\/\/hubsch-interior.com\/wp-content\/uploads\/2026\/02\/luna-baskets-natural-set-of-2-398c954964e8e2a2f35390dc64b28714.jpg\",\"datePublished\":\"2023-02-20T08:57:00+00:00\",\"dateModified\":\"2026-04-15T02:24:56+00:00\",\"description\":\"Ein nat\u00fcrlicher Weidenkorb aus Rattan: Eine klassische Wahl, mit der man nie etwas falsch machen kann. Dieses Aufbewahrungskorb-Duo hat einen luftigen\",\"breadcrumb\":{\"@id\":\"https:\/\/hubsch-interior.com\/de\/produkt\/luna-korbe-naturfarben-2er-set\/#breadcrumb\"},\"inLanguage\":\"de\",\"potentialAction\":[{\"@type\":\"ReadAction\",\"target\":[\"https:\/\/hubsch-interior.com\/de\/produkt\/luna-korbe-naturfarben-2er-set\/\"]}]},{\"@type\":\"ImageObject\",\"inLanguage\":\"de\",\"@id\":\"https:\/\/hubsch-interior.com\/de\/produkt\/luna-korbe-naturfarben-2er-set\/#primaryimage\",\"url\":\"https:\/\/hubsch-interior.com\/wp-content\/uploads\/2026\/02\/luna-baskets-natural-set-of-2-398c954964e8e2a2f35390dc64b28714.jpg\",\"contentUrl\":\"https:\/\/hubsch-interior.com\/wp-content\/uploads\/2026\/02\/luna-baskets-natural-set-of-2-398c954964e8e2a2f35390dc64b28714.jpg\",\"width\":1024,\"height\":1024},{\"@type\":\"BreadcrumbList\",\"@id\":\"https:\/\/hubsch-interior.com\/de\/produkt\/luna-korbe-naturfarben-2er-set\/#breadcrumb\",\"itemListElement\":[{\"@type\":\"ListItem\",\"position\":1,\"name\":\"Startseite\",\"item\":\"https:\/\/hubsch-interior.com\/de\/\"},{\"@type\":\"ListItem\",\"position\":2,\"name\":\"Produkte\",\"item\":\"https:\/\/hubsch-interior.com\/de\/shop-2\/\"},{\"@type\":\"ListItem\",\"position\":3,\"name\":\"Rekindle Collection\",\"item\":\"https:\/\/hubsch-interior.com\/de\/produkt-kategorie\/rekindle-collection-de\/\"},{\"@type\":\"ListItem\",\"position\":4,\"name\":\"Luna K\u00f6rbe Naturfarben (2er Set)\"}]},{\"@type\":\"WebSite\",\"@id\":\"https:\/\/hubsch-interior.com\/de\/#website\",\"url\":\"https:\/\/hubsch-interior.com\/de\/\",\"name\":\"H\u00fcbsch\",\"description\":\"Danish Home Interior and Design\",\"publisher\":{\"@id\":\"https:\/\/hubsch-interior.com\/de\/#organization\"},\"potentialAction\":[{\"@type\":\"SearchAction\",\"target\":{\"@type\":\"EntryPoint\",\"urlTemplate\":\"https:\/\/hubsch-interior.com\/de\/?s={search_term_string}\"},\"query-input\":{\"@type\":\"PropertyValueSpecification\",\"valueRequired\":true,\"valueName\":\"search_term_string\"}}],\"inLanguage\":\"de\"},{\"@type\":\"Organization\",\"@id\":\"https:\/\/hubsch-interior.com\/de\/#organization\",\"name\":\"H\u00fcbsch\",\"url\":\"https:\/\/hubsch-interior.com\/de\/\",\"logo\":{\"@type\":\"ImageObject\",\"inLanguage\":\"de\",\"@id\":\"https:\/\/hubsch-interior.com\/de\/#\/schema\/logo\/image\/\",\"url\":\"https:\/\/hubsch-interior.com\/wp-content\/uploads\/2022\/12\/Hubsch_logo_black_one_line.svg\",\"contentUrl\":\"https:\/\/hubsch-interior.com\/wp-content\/uploads\/2022\/12\/Hubsch_logo_black_one_line.svg\",\"caption\":\"H\u00fcbsch\"},\"image\":{\"@id\":\"https:\/\/hubsch-interior.com\/de\/#\/schema\/logo\/image\/\"}}]}<\/script>\n<!-- \/ Yoast SEO plugin. -->","yoast_head_json":{"title":"Luna K\u00f6rbe Naturfarben (2er Set) - H\u00fcbsch","description":"Ein nat\u00fcrlicher Weidenkorb aus Rattan: Eine klassische Wahl, mit der man nie etwas falsch machen kann. Dieses Aufbewahrungskorb-Duo hat einen luftigen","robots":{"index":"index","follow":"follow","max-snippet":"max-snippet:-1","max-image-preview":"max-image-preview:large","max-video-preview":"max-video-preview:-1"},"canonical":"https:\/\/hubsch-interior.com\/de\/wp-json\/wp\/v2\/product\/882799","og_locale":"de_DE","og_type":"article","og_title":"Luna K\u00f6rbe Naturfarben (2er Set) - H\u00fcbsch","og_description":"Ein nat\u00fcrlicher Weidenkorb aus Rattan: Eine klassische Wahl, mit der man nie etwas falsch machen kann. Dieses Aufbewahrungskorb-Duo hat einen luftigen","og_url":"https:\/\/hubsch-interior.com\/de\/produkt\/luna-korbe-naturfarben-2er-set\/","og_site_name":"H\u00fcbsch","article_modified_time":"2026-04-15T02:24:56+00:00","og_image":[{"width":1200,"height":1200,"url":"https:\/\/hubsch-interior.com\/wp-content\/uploads\/2025\/04\/luna-baskets-natural-set-of-2-8f23687f197c89be91dd7928289ec108.jpg","type":"image\/jpeg"}],"twitter_card":"summary_large_image","schema":{"@context":"https:\/\/schema.org","@graph":[{"@type":"WebPage","@id":"https:\/\/hubsch-interior.com\/de\/produkt\/luna-korbe-naturfarben-2er-set\/","url":"https:\/\/hubsch-interior.com\/de\/produkt\/luna-korbe-naturfarben-2er-set\/","name":"Luna K\u00f6rbe Naturfarben (2er Set) - H\u00fcbsch","isPartOf":{"@id":"https:\/\/hubsch-interior.com\/de\/#website"},"primaryImageOfPage":{"@id":"https:\/\/hubsch-interior.com\/de\/produkt\/luna-korbe-naturfarben-2er-set\/#primaryimage"},"image":{"@id":"https:\/\/hubsch-interior.com\/de\/produkt\/luna-korbe-naturfarben-2er-set\/#primaryimage"},"thumbnailUrl":"https:\/\/hubsch-interior.com\/wp-content\/uploads\/2026\/02\/luna-baskets-natural-set-of-2-398c954964e8e2a2f35390dc64b28714.jpg","datePublished":"2023-02-20T08:57:00+00:00","dateModified":"2026-04-15T02:24:56+00:00","description":"Ein nat\u00fcrlicher Weidenkorb aus Rattan: Eine klassische Wahl, mit der man nie etwas falsch machen kann. Dieses Aufbewahrungskorb-Duo hat einen luftigen","breadcrumb":{"@id":"https:\/\/hubsch-interior.com\/de\/produkt\/luna-korbe-naturfarben-2er-set\/#breadcrumb"},"inLanguage":"de","potentialAction":[{"@type":"ReadAction","target":["https:\/\/hubsch-interior.com\/de\/produkt\/luna-korbe-naturfarben-2er-set\/"]}]},{"@type":"ImageObject","inLanguage":"de","@id":"https:\/\/hubsch-interior.com\/de\/produkt\/luna-korbe-naturfarben-2er-set\/#primaryimage","url":"https:\/\/hubsch-interior.com\/wp-content\/uploads\/2026\/02\/luna-baskets-natural-set-of-2-398c954964e8e2a2f35390dc64b28714.jpg","contentUrl":"https:\/\/hubsch-interior.com\/wp-content\/uploads\/2026\/02\/luna-baskets-natural-set-of-2-398c954964e8e2a2f35390dc64b28714.jpg","width":1024,"height":1024},{"@type":"BreadcrumbList","@id":"https:\/\/hubsch-interior.com\/de\/produkt\/luna-korbe-naturfarben-2er-set\/#breadcrumb","itemListElement":[{"@type":"ListItem","position":1,"name":"Startseite","item":"https:\/\/hubsch-interior.com\/de\/"},{"@type":"ListItem","position":2,"name":"Produkte","item":"https:\/\/hubsch-interior.com\/de\/shop-2\/"},{"@type":"ListItem","position":3,"name":"Rekindle Collection","item":"https:\/\/hubsch-interior.com\/de\/produkt-kategorie\/rekindle-collection-de\/"},{"@type":"ListItem","position":4,"name":"Luna K\u00f6rbe Naturfarben (2er Set)"}]},{"@type":"WebSite","@id":"https:\/\/hubsch-interior.com\/de\/#website","url":"https:\/\/hubsch-interior.com\/de\/","name":"H\u00fcbsch","description":"Danish Home Interior and Design","publisher":{"@id":"https:\/\/hubsch-interior.com\/de\/#organization"},"potentialAction":[{"@type":"SearchAction","target":{"@type":"EntryPoint","urlTemplate":"https:\/\/hubsch-interior.com\/de\/?s={search_term_string}"},"query-input":{"@type":"PropertyValueSpecification","valueRequired":true,"valueName":"search_term_string"}}],"inLanguage":"de"},{"@type":"Organization","@id":"https:\/\/hubsch-interior.com\/de\/#organization","name":"H\u00fcbsch","url":"https:\/\/hubsch-interior.com\/de\/","logo":{"@type":"ImageObject","inLanguage":"de","@id":"https:\/\/hubsch-interior.com\/de\/#\/schema\/logo\/image\/","url":"https:\/\/hubsch-interior.com\/wp-content\/uploads\/2022\/12\/Hubsch_logo_black_one_line.svg","contentUrl":"https:\/\/hubsch-interior.com\/wp-content\/uploads\/2022\/12\/Hubsch_logo_black_one_line.svg","caption":"H\u00fcbsch"},"image":{"@id":"https:\/\/hubsch-interior.com\/de\/#\/schema\/logo\/image\/"}}]}},"_links":{"self":[{"href":"https:\/\/hubsch-interior.com\/de\/wp-json\/wp\/v2\/product\/882799","targetHints":{"allow":["GET"]}}],"collection":[{"href":"https:\/\/hubsch-interior.com\/de\/wp-json\/wp\/v2\/product"}],"about":[{"href":"https:\/\/hubsch-interior.com\/de\/wp-json\/wp\/v2\/types\/product"}],"wp:featuredmedia":[{"embeddable":true,"href":"https:\/\/hubsch-interior.com\/de\/wp-json\/wp\/v2\/media\/1095593"}],"wp:attachment":[{"href":"https:\/\/hubsch-interior.com\/de\/wp-json\/wp\/v2\/media?parent=882799"}],"wp:term":[{"taxonomy":"product_brand","embeddable":true,"href":"https:\/\/hubsch-interior.com\/de\/wp-json\/wp\/v2\/product_brand?post=882799"},{"taxonomy":"product_cat","embeddable":true,"href":"https:\/\/hubsch-interior.com\/de\/wp-json\/wp\/v2\/product_cat?post=882799"},{"taxonomy":"product_tag","embeddable":true,"href":"https:\/\/hubsch-interior.com\/de\/wp-json\/wp\/v2\/product_tag?post=882799"}],"curies":[{"name":"wp","href":"https:\/\/api.w.org\/{rel}","templated":true}]}}