{"id":894205,"date":"2023-05-17T11:43:37","date_gmt":"2023-05-17T09:43:37","guid":{"rendered":"https:\/\/hubsch-interior.com\/product\/product\/"},"modified":"2026-04-09T04:18:33","modified_gmt":"2026-04-09T02:18:33","slug":"block-sofa-rotbraun","status":"publish","type":"product","link":"https:\/\/hubsch-interior.com\/de\/produkt\/block-sofa-rotbraun\/","title":{"rendered":"Block Sofa Rotbraun"},"content":{"rendered":"<p>Unser Block Sofa Amber\/Black ist ein stylisches und bequemes Sofa, das von OEKO-TEX\u00ae STANDARD 100 zertifiziert ist. Es ist aus Metall und Polyester gefertigt und sorgt so f\u00fcr ein modernes und langlebiges Design. Mit seinen breiten und weichen Armlehnen und Polstern bietet das Block Sofa ein luxuri\u00f6ses Gef\u00fchl von Komfort. Es ist eine ideale Erg\u00e4nzung f\u00fcr ein modernes und stilvolles Zuhause.<\/p>\n","protected":false},"excerpt":{"rendered":"<p>Unser Block Sofa Amber\/Black ist ein stylisches und bequemes Sofa, das von OEKO-TEX\u00ae STANDARD 100 zertifiziert ist. Es ist aus Metall und Polyester gefertigt und sorgt so f\u00fcr ein modernes und langlebiges Design. Mit seinen breiten und weichen Armlehnen und Polstern bietet das Block Sofa ein luxuri\u00f6ses Gef\u00fchl von Komfort. Es ist eine ideale Erg\u00e4nzung [&hellip;]<\/p>\n","protected":false},"featured_media":1093508,"template":"","meta":{"_acf_changed":false,"inline_featured_image":false},"product_brand":[],"product_cat":[2845,4200,5027],"product_tag":[],"class_list":{"0":"post-894205","1":"product","2":"type-product","3":"status-publish","4":"has-post-thumbnail","6":"product_cat-sitzmoebel-de","7":"product_cat-sofas-daybeds-de","8":"product_cat-bestsellers-de","9":"product_shipping_class-p10","11":"pa_color-rotbraun-2","12":"pa_material-eisen-de","13":"pa_material-polyester-100-de","15":"first","16":"instock","17":"featured","18":"taxable","19":"shipping-taxable","20":"purchasable","21":"product-type-simple"},"exclude_global_add_ons":[],"addons":[],"acf":[],"yoast_head":"<!-- This site is optimized with the Yoast SEO plugin v26.4 - https:\/\/yoast.com\/wordpress\/plugins\/seo\/ -->\n<title>Block Sofa Rotbraun - H\u00fcbsch<\/title>\n<meta name=\"description\" content=\"Unser Block Sofa Amber\/Black ist ein stylisches und bequemes Sofa, das von OEKO-TEX\u00ae STANDARD 100 zertifiziert ist. Es ist aus Metall und Polyester\" \/>\n<meta name=\"robots\" content=\"index, follow, max-snippet:-1, max-image-preview:large, max-video-preview:-1\" \/>\n<link rel=\"canonical\" href=\"https:\/\/hubsch-interior.com\/de\/wp-json\/wp\/v2\/product\/894205\" \/>\n<meta property=\"og:locale\" content=\"de_DE\" \/>\n<meta property=\"og:type\" content=\"article\" \/>\n<meta property=\"og:title\" content=\"Block Sofa Rotbraun - H\u00fcbsch\" \/>\n<meta property=\"og:description\" content=\"Unser Block Sofa Amber\/Black ist ein stylisches und bequemes Sofa, das von OEKO-TEX\u00ae STANDARD 100 zertifiziert ist. Es ist aus Metall und Polyester\" \/>\n<meta property=\"og:url\" content=\"https:\/\/hubsch-interior.com\/de\/produkt\/block-sofa-rotbraun\/\" \/>\n<meta property=\"og:site_name\" content=\"H\u00fcbsch\" \/>\n<meta property=\"article:modified_time\" content=\"2026-04-09T02:18:33+00:00\" \/>\n<meta property=\"og:image\" content=\"https:\/\/hubsch-interior.com\/wp-content\/uploads\/2023\/08\/block-sofa-amberblack-5b9ef0d7404dc5b765bc34256ef0fc60.jpg\" \/>\n\t<meta property=\"og:image:width\" content=\"1200\" \/>\n\t<meta property=\"og:image:height\" content=\"1200\" \/>\n\t<meta property=\"og:image:type\" content=\"image\/jpeg\" \/>\n<meta name=\"twitter:card\" content=\"summary_large_image\" \/>\n<script type=\"application\/ld+json\" class=\"yoast-schema-graph\">{\"@context\":\"https:\/\/schema.org\",\"@graph\":[{\"@type\":\"WebPage\",\"@id\":\"https:\/\/hubsch-interior.com\/de\/produkt\/block-sofa-rotbraun\/\",\"url\":\"https:\/\/hubsch-interior.com\/de\/produkt\/block-sofa-rotbraun\/\",\"name\":\"Block Sofa Rotbraun - H\u00fcbsch\",\"isPartOf\":{\"@id\":\"https:\/\/hubsch-interior.com\/de\/#website\"},\"primaryImageOfPage\":{\"@id\":\"https:\/\/hubsch-interior.com\/de\/produkt\/block-sofa-rotbraun\/#primaryimage\"},\"image\":{\"@id\":\"https:\/\/hubsch-interior.com\/de\/produkt\/block-sofa-rotbraun\/#primaryimage\"},\"thumbnailUrl\":\"https:\/\/hubsch-interior.com\/wp-content\/uploads\/2026\/02\/block-sofa-maroon-b3f3b84cc7c5fab22db4fc2e5f5507ab.jpg\",\"datePublished\":\"2023-05-17T09:43:37+00:00\",\"dateModified\":\"2026-04-09T02:18:33+00:00\",\"description\":\"Unser Block Sofa Amber\/Black ist ein stylisches und bequemes Sofa, das von OEKO-TEX\u00ae STANDARD 100 zertifiziert ist. Es ist aus Metall und Polyester\",\"breadcrumb\":{\"@id\":\"https:\/\/hubsch-interior.com\/de\/produkt\/block-sofa-rotbraun\/#breadcrumb\"},\"inLanguage\":\"de\",\"potentialAction\":[{\"@type\":\"ReadAction\",\"target\":[\"https:\/\/hubsch-interior.com\/de\/produkt\/block-sofa-rotbraun\/\"]}]},{\"@type\":\"ImageObject\",\"inLanguage\":\"de\",\"@id\":\"https:\/\/hubsch-interior.com\/de\/produkt\/block-sofa-rotbraun\/#primaryimage\",\"url\":\"https:\/\/hubsch-interior.com\/wp-content\/uploads\/2026\/02\/block-sofa-maroon-b3f3b84cc7c5fab22db4fc2e5f5507ab.jpg\",\"contentUrl\":\"https:\/\/hubsch-interior.com\/wp-content\/uploads\/2026\/02\/block-sofa-maroon-b3f3b84cc7c5fab22db4fc2e5f5507ab.jpg\",\"width\":1024,\"height\":1024},{\"@type\":\"BreadcrumbList\",\"@id\":\"https:\/\/hubsch-interior.com\/de\/produkt\/block-sofa-rotbraun\/#breadcrumb\",\"itemListElement\":[{\"@type\":\"ListItem\",\"position\":1,\"name\":\"Startseite\",\"item\":\"https:\/\/hubsch-interior.com\/de\/\"},{\"@type\":\"ListItem\",\"position\":2,\"name\":\"Produkte\",\"item\":\"https:\/\/hubsch-interior.com\/de\/shop-2\/\"},{\"@type\":\"ListItem\",\"position\":3,\"name\":\"M\u00f6bel\",\"item\":\"https:\/\/hubsch-interior.com\/de\/produkt-kategorie\/moebel\/\"},{\"@type\":\"ListItem\",\"position\":4,\"name\":\"Sitzm&ouml;bel\",\"item\":\"https:\/\/hubsch-interior.com\/de\/produkt-kategorie\/moebel\/sitzmoebel-de\/\"},{\"@type\":\"ListItem\",\"position\":5,\"name\":\"Sofas &amp; Daybeds\",\"item\":\"https:\/\/hubsch-interior.com\/de\/produkt-kategorie\/moebel\/sitzmoebel-de\/sofas-daybeds-de\/\"},{\"@type\":\"ListItem\",\"position\":6,\"name\":\"Block Sofa Rotbraun\"}]},{\"@type\":\"WebSite\",\"@id\":\"https:\/\/hubsch-interior.com\/de\/#website\",\"url\":\"https:\/\/hubsch-interior.com\/de\/\",\"name\":\"H\u00fcbsch\",\"description\":\"Danish Home Interior and Design\",\"publisher\":{\"@id\":\"https:\/\/hubsch-interior.com\/de\/#organization\"},\"potentialAction\":[{\"@type\":\"SearchAction\",\"target\":{\"@type\":\"EntryPoint\",\"urlTemplate\":\"https:\/\/hubsch-interior.com\/de\/?s={search_term_string}\"},\"query-input\":{\"@type\":\"PropertyValueSpecification\",\"valueRequired\":true,\"valueName\":\"search_term_string\"}}],\"inLanguage\":\"de\"},{\"@type\":\"Organization\",\"@id\":\"https:\/\/hubsch-interior.com\/de\/#organization\",\"name\":\"H\u00fcbsch\",\"url\":\"https:\/\/hubsch-interior.com\/de\/\",\"logo\":{\"@type\":\"ImageObject\",\"inLanguage\":\"de\",\"@id\":\"https:\/\/hubsch-interior.com\/de\/#\/schema\/logo\/image\/\",\"url\":\"https:\/\/hubsch-interior.com\/wp-content\/uploads\/2022\/12\/Hubsch_logo_black_one_line.svg\",\"contentUrl\":\"https:\/\/hubsch-interior.com\/wp-content\/uploads\/2022\/12\/Hubsch_logo_black_one_line.svg\",\"caption\":\"H\u00fcbsch\"},\"image\":{\"@id\":\"https:\/\/hubsch-interior.com\/de\/#\/schema\/logo\/image\/\"}}]}<\/script>\n<!-- \/ Yoast SEO plugin. -->","yoast_head_json":{"title":"Block Sofa Rotbraun - H\u00fcbsch","description":"Unser Block Sofa Amber\/Black ist ein stylisches und bequemes Sofa, das von OEKO-TEX\u00ae STANDARD 100 zertifiziert ist. Es ist aus Metall und Polyester","robots":{"index":"index","follow":"follow","max-snippet":"max-snippet:-1","max-image-preview":"max-image-preview:large","max-video-preview":"max-video-preview:-1"},"canonical":"https:\/\/hubsch-interior.com\/de\/wp-json\/wp\/v2\/product\/894205","og_locale":"de_DE","og_type":"article","og_title":"Block Sofa Rotbraun - H\u00fcbsch","og_description":"Unser Block Sofa Amber\/Black ist ein stylisches und bequemes Sofa, das von OEKO-TEX\u00ae STANDARD 100 zertifiziert ist. Es ist aus Metall und Polyester","og_url":"https:\/\/hubsch-interior.com\/de\/produkt\/block-sofa-rotbraun\/","og_site_name":"H\u00fcbsch","article_modified_time":"2026-04-09T02:18:33+00:00","og_image":[{"width":1200,"height":1200,"url":"https:\/\/hubsch-interior.com\/wp-content\/uploads\/2023\/08\/block-sofa-amberblack-5b9ef0d7404dc5b765bc34256ef0fc60.jpg","type":"image\/jpeg"}],"twitter_card":"summary_large_image","schema":{"@context":"https:\/\/schema.org","@graph":[{"@type":"WebPage","@id":"https:\/\/hubsch-interior.com\/de\/produkt\/block-sofa-rotbraun\/","url":"https:\/\/hubsch-interior.com\/de\/produkt\/block-sofa-rotbraun\/","name":"Block Sofa Rotbraun - H\u00fcbsch","isPartOf":{"@id":"https:\/\/hubsch-interior.com\/de\/#website"},"primaryImageOfPage":{"@id":"https:\/\/hubsch-interior.com\/de\/produkt\/block-sofa-rotbraun\/#primaryimage"},"image":{"@id":"https:\/\/hubsch-interior.com\/de\/produkt\/block-sofa-rotbraun\/#primaryimage"},"thumbnailUrl":"https:\/\/hubsch-interior.com\/wp-content\/uploads\/2026\/02\/block-sofa-maroon-b3f3b84cc7c5fab22db4fc2e5f5507ab.jpg","datePublished":"2023-05-17T09:43:37+00:00","dateModified":"2026-04-09T02:18:33+00:00","description":"Unser Block Sofa Amber\/Black ist ein stylisches und bequemes Sofa, das von OEKO-TEX\u00ae STANDARD 100 zertifiziert ist. Es ist aus Metall und Polyester","breadcrumb":{"@id":"https:\/\/hubsch-interior.com\/de\/produkt\/block-sofa-rotbraun\/#breadcrumb"},"inLanguage":"de","potentialAction":[{"@type":"ReadAction","target":["https:\/\/hubsch-interior.com\/de\/produkt\/block-sofa-rotbraun\/"]}]},{"@type":"ImageObject","inLanguage":"de","@id":"https:\/\/hubsch-interior.com\/de\/produkt\/block-sofa-rotbraun\/#primaryimage","url":"https:\/\/hubsch-interior.com\/wp-content\/uploads\/2026\/02\/block-sofa-maroon-b3f3b84cc7c5fab22db4fc2e5f5507ab.jpg","contentUrl":"https:\/\/hubsch-interior.com\/wp-content\/uploads\/2026\/02\/block-sofa-maroon-b3f3b84cc7c5fab22db4fc2e5f5507ab.jpg","width":1024,"height":1024},{"@type":"BreadcrumbList","@id":"https:\/\/hubsch-interior.com\/de\/produkt\/block-sofa-rotbraun\/#breadcrumb","itemListElement":[{"@type":"ListItem","position":1,"name":"Startseite","item":"https:\/\/hubsch-interior.com\/de\/"},{"@type":"ListItem","position":2,"name":"Produkte","item":"https:\/\/hubsch-interior.com\/de\/shop-2\/"},{"@type":"ListItem","position":3,"name":"M\u00f6bel","item":"https:\/\/hubsch-interior.com\/de\/produkt-kategorie\/moebel\/"},{"@type":"ListItem","position":4,"name":"Sitzm&ouml;bel","item":"https:\/\/hubsch-interior.com\/de\/produkt-kategorie\/moebel\/sitzmoebel-de\/"},{"@type":"ListItem","position":5,"name":"Sofas &amp; Daybeds","item":"https:\/\/hubsch-interior.com\/de\/produkt-kategorie\/moebel\/sitzmoebel-de\/sofas-daybeds-de\/"},{"@type":"ListItem","position":6,"name":"Block Sofa Rotbraun"}]},{"@type":"WebSite","@id":"https:\/\/hubsch-interior.com\/de\/#website","url":"https:\/\/hubsch-interior.com\/de\/","name":"H\u00fcbsch","description":"Danish Home Interior and Design","publisher":{"@id":"https:\/\/hubsch-interior.com\/de\/#organization"},"potentialAction":[{"@type":"SearchAction","target":{"@type":"EntryPoint","urlTemplate":"https:\/\/hubsch-interior.com\/de\/?s={search_term_string}"},"query-input":{"@type":"PropertyValueSpecification","valueRequired":true,"valueName":"search_term_string"}}],"inLanguage":"de"},{"@type":"Organization","@id":"https:\/\/hubsch-interior.com\/de\/#organization","name":"H\u00fcbsch","url":"https:\/\/hubsch-interior.com\/de\/","logo":{"@type":"ImageObject","inLanguage":"de","@id":"https:\/\/hubsch-interior.com\/de\/#\/schema\/logo\/image\/","url":"https:\/\/hubsch-interior.com\/wp-content\/uploads\/2022\/12\/Hubsch_logo_black_one_line.svg","contentUrl":"https:\/\/hubsch-interior.com\/wp-content\/uploads\/2022\/12\/Hubsch_logo_black_one_line.svg","caption":"H\u00fcbsch"},"image":{"@id":"https:\/\/hubsch-interior.com\/de\/#\/schema\/logo\/image\/"}}]}},"_links":{"self":[{"href":"https:\/\/hubsch-interior.com\/de\/wp-json\/wp\/v2\/product\/894205","targetHints":{"allow":["GET"]}}],"collection":[{"href":"https:\/\/hubsch-interior.com\/de\/wp-json\/wp\/v2\/product"}],"about":[{"href":"https:\/\/hubsch-interior.com\/de\/wp-json\/wp\/v2\/types\/product"}],"wp:featuredmedia":[{"embeddable":true,"href":"https:\/\/hubsch-interior.com\/de\/wp-json\/wp\/v2\/media\/1093508"}],"wp:attachment":[{"href":"https:\/\/hubsch-interior.com\/de\/wp-json\/wp\/v2\/media?parent=894205"}],"wp:term":[{"taxonomy":"product_brand","embeddable":true,"href":"https:\/\/hubsch-interior.com\/de\/wp-json\/wp\/v2\/product_brand?post=894205"},{"taxonomy":"product_cat","embeddable":true,"href":"https:\/\/hubsch-interior.com\/de\/wp-json\/wp\/v2\/product_cat?post=894205"},{"taxonomy":"product_tag","embeddable":true,"href":"https:\/\/hubsch-interior.com\/de\/wp-json\/wp\/v2\/product_tag?post=894205"}],"curies":[{"name":"wp","href":"https:\/\/api.w.org\/{rel}","templated":true}]}}