{"id":898441,"date":"2023-05-31T14:40:29","date_gmt":"2023-05-31T12:40:29","guid":{"rendered":"https:\/\/hubsch-interior.com\/product\/product\/"},"modified":"2026-04-12T04:41:29","modified_gmt":"2026-04-12T02:41:29","slug":"pavilion-decke-block-burgundy-multifarben","status":"publish","type":"product","link":"https:\/\/hubsch-interior.com\/de\/produkt\/pavilion-decke-block-burgundy-multifarben\/","title":{"rendered":"Pavilion Decke Block Burgundy\/\u00a0Multifarben"},"content":{"rendered":"<p>Dieses gesteppte Plaid aus OEKO-TEX\u00ae STANDARD 100\u00ae Baumwolle mit Colour-Blocking-Details ist ein echter Hingucker. Perfekt f\u00fcr Sitzgelegenheiten im Freien, als kuscheliges Plaid zum Warmhalten oder als Bettdecke \u2013 die Einsatzm\u00f6glichkeiten dieses Plaids sind vielf\u00e4ltig. Die kontrastierende Farbkombination wirkt ausgleichend und macht dieses St\u00fcck zu einem ruhigen und doch auff\u00e4lligen Begleiter, der Ihren Tag versch\u00f6nert. <\/p>\n","protected":false},"excerpt":{"rendered":"<p>Dieses gesteppte Plaid aus OEKO-TEX\u00ae STANDARD 100\u00ae Baumwolle mit Colour-Blocking-Details ist ein echter Hingucker. Perfekt f\u00fcr Sitzgelegenheiten im Freien, als kuscheliges Plaid zum Warmhalten oder als Bettdecke \u2013 die Einsatzm\u00f6glichkeiten dieses Plaids sind vielf\u00e4ltig. Die kontrastierende Farbkombination wirkt ausgleichend und macht dieses St\u00fcck zu einem ruhigen und doch auff\u00e4lligen Begleiter, der Ihren Tag versch\u00f6nert.<\/p>\n","protected":false},"featured_media":1100089,"template":"","meta":{"_acf_changed":false,"inline_featured_image":false},"product_brand":[],"product_cat":[6944,6972,6349,3004,4943,6364,5027,5031,6519],"product_tag":[],"class_list":{"0":"post-898441","1":"product","2":"type-product","3":"status-publish","4":"has-post-thumbnail","6":"product_cat-bestseller-2025-de","7":"product_cat-oster-sale","8":"product_cat-garden-selection-de","9":"product_cat-textilien","10":"product_cat-decken-de","11":"product_cat-tagesdecke-de","12":"product_cat-bestsellers-de","13":"product_cat-wieder-auf-lager-de","14":"product_cat-outlet-de","15":"product_shipping_class-pk","17":"pa_color-burgundy-de","18":"pa_color-multifarben-2","19":"pa_material-cotton-100-de","21":"first","22":"instock","23":"sale","24":"featured","25":"taxable","26":"shipping-taxable","27":"purchasable","28":"product-type-simple"},"exclude_global_add_ons":[],"addons":[],"acf":[],"yoast_head":"<!-- This site is optimized with the Yoast SEO plugin v26.4 - https:\/\/yoast.com\/wordpress\/plugins\/seo\/ -->\n<title>Pavilion Decke Block Burgundy\/\u00a0Multifarben - H\u00fcbsch<\/title>\n<meta name=\"description\" content=\"Dieses gesteppte Plaid aus OEKO-TEX\u00ae STANDARD 100\u00ae Baumwolle mit Colour-Blocking-Details ist ein echter Hingucker. Perfekt f\u00fcr Sitzgelegenheiten im\" \/>\n<meta name=\"robots\" content=\"index, follow, max-snippet:-1, max-image-preview:large, max-video-preview:-1\" \/>\n<link rel=\"canonical\" href=\"https:\/\/hubsch-interior.com\/de\/wp-json\/wp\/v2\/product\/898441\" \/>\n<meta property=\"og:locale\" content=\"de_DE\" \/>\n<meta property=\"og:type\" content=\"article\" \/>\n<meta property=\"og:title\" content=\"Pavilion Decke Block Burgundy\/\u00a0Multifarben - H\u00fcbsch\" \/>\n<meta property=\"og:description\" content=\"Dieses gesteppte Plaid aus OEKO-TEX\u00ae STANDARD 100\u00ae Baumwolle mit Colour-Blocking-Details ist ein echter Hingucker. Perfekt f\u00fcr Sitzgelegenheiten im\" \/>\n<meta property=\"og:url\" content=\"https:\/\/hubsch-interior.com\/de\/produkt\/pavilion-decke-block-burgundy-multifarben\/\" \/>\n<meta property=\"og:site_name\" content=\"H\u00fcbsch\" \/>\n<meta property=\"article:modified_time\" content=\"2026-04-12T02:41:29+00:00\" \/>\n<meta property=\"og:image\" content=\"https:\/\/hubsch-interior.com\/wp-content\/uploads\/2024\/01\/pavilion-plaid-block-burgundymulticolour-701e40bd6cc37cb645f25468adacfa04.jpg\" \/>\n\t<meta property=\"og:image:width\" content=\"1200\" \/>\n\t<meta property=\"og:image:height\" content=\"1200\" \/>\n\t<meta property=\"og:image:type\" content=\"image\/jpeg\" \/>\n<meta name=\"twitter:card\" content=\"summary_large_image\" \/>\n<script type=\"application\/ld+json\" class=\"yoast-schema-graph\">{\"@context\":\"https:\/\/schema.org\",\"@graph\":[{\"@type\":\"WebPage\",\"@id\":\"https:\/\/hubsch-interior.com\/de\/produkt\/pavilion-decke-block-burgundy-multifarben\/\",\"url\":\"https:\/\/hubsch-interior.com\/de\/produkt\/pavilion-decke-block-burgundy-multifarben\/\",\"name\":\"Pavilion Decke Block Burgundy\/\u00a0Multifarben - H\u00fcbsch\",\"isPartOf\":{\"@id\":\"https:\/\/hubsch-interior.com\/de\/#website\"},\"primaryImageOfPage\":{\"@id\":\"https:\/\/hubsch-interior.com\/de\/produkt\/pavilion-decke-block-burgundy-multifarben\/#primaryimage\"},\"image\":{\"@id\":\"https:\/\/hubsch-interior.com\/de\/produkt\/pavilion-decke-block-burgundy-multifarben\/#primaryimage\"},\"thumbnailUrl\":\"https:\/\/hubsch-interior.com\/wp-content\/uploads\/2026\/02\/pavilion-plaid-block-burgundymulticolour-4b8312ae8e49e63da931f2df50a5c50c.jpg\",\"datePublished\":\"2023-05-31T12:40:29+00:00\",\"dateModified\":\"2026-04-12T02:41:29+00:00\",\"description\":\"Dieses gesteppte Plaid aus OEKO-TEX\u00ae STANDARD 100\u00ae Baumwolle mit Colour-Blocking-Details ist ein echter Hingucker. Perfekt f\u00fcr Sitzgelegenheiten im\",\"breadcrumb\":{\"@id\":\"https:\/\/hubsch-interior.com\/de\/produkt\/pavilion-decke-block-burgundy-multifarben\/#breadcrumb\"},\"inLanguage\":\"de\",\"potentialAction\":[{\"@type\":\"ReadAction\",\"target\":[\"https:\/\/hubsch-interior.com\/de\/produkt\/pavilion-decke-block-burgundy-multifarben\/\"]}]},{\"@type\":\"ImageObject\",\"inLanguage\":\"de\",\"@id\":\"https:\/\/hubsch-interior.com\/de\/produkt\/pavilion-decke-block-burgundy-multifarben\/#primaryimage\",\"url\":\"https:\/\/hubsch-interior.com\/wp-content\/uploads\/2026\/02\/pavilion-plaid-block-burgundymulticolour-4b8312ae8e49e63da931f2df50a5c50c.jpg\",\"contentUrl\":\"https:\/\/hubsch-interior.com\/wp-content\/uploads\/2026\/02\/pavilion-plaid-block-burgundymulticolour-4b8312ae8e49e63da931f2df50a5c50c.jpg\",\"width\":1024,\"height\":1024},{\"@type\":\"BreadcrumbList\",\"@id\":\"https:\/\/hubsch-interior.com\/de\/produkt\/pavilion-decke-block-burgundy-multifarben\/#breadcrumb\",\"itemListElement\":[{\"@type\":\"ListItem\",\"position\":1,\"name\":\"Startseite\",\"item\":\"https:\/\/hubsch-interior.com\/de\/\"},{\"@type\":\"ListItem\",\"position\":2,\"name\":\"Produkte\",\"item\":\"https:\/\/hubsch-interior.com\/de\/shop-2\/\"},{\"@type\":\"ListItem\",\"position\":3,\"name\":\"Textilien\",\"item\":\"https:\/\/hubsch-interior.com\/de\/produkt-kategorie\/textilien\/\"},{\"@type\":\"ListItem\",\"position\":4,\"name\":\"Decken\",\"item\":\"https:\/\/hubsch-interior.com\/de\/produkt-kategorie\/textilien\/decken-de\/\"},{\"@type\":\"ListItem\",\"position\":5,\"name\":\"Pavilion Decke Block Burgundy\/\u00a0Multifarben\"}]},{\"@type\":\"WebSite\",\"@id\":\"https:\/\/hubsch-interior.com\/de\/#website\",\"url\":\"https:\/\/hubsch-interior.com\/de\/\",\"name\":\"H\u00fcbsch\",\"description\":\"Danish Home Interior and Design\",\"publisher\":{\"@id\":\"https:\/\/hubsch-interior.com\/de\/#organization\"},\"potentialAction\":[{\"@type\":\"SearchAction\",\"target\":{\"@type\":\"EntryPoint\",\"urlTemplate\":\"https:\/\/hubsch-interior.com\/de\/?s={search_term_string}\"},\"query-input\":{\"@type\":\"PropertyValueSpecification\",\"valueRequired\":true,\"valueName\":\"search_term_string\"}}],\"inLanguage\":\"de\"},{\"@type\":\"Organization\",\"@id\":\"https:\/\/hubsch-interior.com\/de\/#organization\",\"name\":\"H\u00fcbsch\",\"url\":\"https:\/\/hubsch-interior.com\/de\/\",\"logo\":{\"@type\":\"ImageObject\",\"inLanguage\":\"de\",\"@id\":\"https:\/\/hubsch-interior.com\/de\/#\/schema\/logo\/image\/\",\"url\":\"https:\/\/hubsch-interior.com\/wp-content\/uploads\/2022\/12\/Hubsch_logo_black_one_line.svg\",\"contentUrl\":\"https:\/\/hubsch-interior.com\/wp-content\/uploads\/2022\/12\/Hubsch_logo_black_one_line.svg\",\"caption\":\"H\u00fcbsch\"},\"image\":{\"@id\":\"https:\/\/hubsch-interior.com\/de\/#\/schema\/logo\/image\/\"}}]}<\/script>\n<!-- \/ Yoast SEO plugin. -->","yoast_head_json":{"title":"Pavilion Decke Block Burgundy\/\u00a0Multifarben - H\u00fcbsch","description":"Dieses gesteppte Plaid aus OEKO-TEX\u00ae STANDARD 100\u00ae Baumwolle mit Colour-Blocking-Details ist ein echter Hingucker. Perfekt f\u00fcr Sitzgelegenheiten im","robots":{"index":"index","follow":"follow","max-snippet":"max-snippet:-1","max-image-preview":"max-image-preview:large","max-video-preview":"max-video-preview:-1"},"canonical":"https:\/\/hubsch-interior.com\/de\/wp-json\/wp\/v2\/product\/898441","og_locale":"de_DE","og_type":"article","og_title":"Pavilion Decke Block Burgundy\/\u00a0Multifarben - H\u00fcbsch","og_description":"Dieses gesteppte Plaid aus OEKO-TEX\u00ae STANDARD 100\u00ae Baumwolle mit Colour-Blocking-Details ist ein echter Hingucker. Perfekt f\u00fcr Sitzgelegenheiten im","og_url":"https:\/\/hubsch-interior.com\/de\/produkt\/pavilion-decke-block-burgundy-multifarben\/","og_site_name":"H\u00fcbsch","article_modified_time":"2026-04-12T02:41:29+00:00","og_image":[{"width":1200,"height":1200,"url":"https:\/\/hubsch-interior.com\/wp-content\/uploads\/2024\/01\/pavilion-plaid-block-burgundymulticolour-701e40bd6cc37cb645f25468adacfa04.jpg","type":"image\/jpeg"}],"twitter_card":"summary_large_image","schema":{"@context":"https:\/\/schema.org","@graph":[{"@type":"WebPage","@id":"https:\/\/hubsch-interior.com\/de\/produkt\/pavilion-decke-block-burgundy-multifarben\/","url":"https:\/\/hubsch-interior.com\/de\/produkt\/pavilion-decke-block-burgundy-multifarben\/","name":"Pavilion Decke Block Burgundy\/\u00a0Multifarben - H\u00fcbsch","isPartOf":{"@id":"https:\/\/hubsch-interior.com\/de\/#website"},"primaryImageOfPage":{"@id":"https:\/\/hubsch-interior.com\/de\/produkt\/pavilion-decke-block-burgundy-multifarben\/#primaryimage"},"image":{"@id":"https:\/\/hubsch-interior.com\/de\/produkt\/pavilion-decke-block-burgundy-multifarben\/#primaryimage"},"thumbnailUrl":"https:\/\/hubsch-interior.com\/wp-content\/uploads\/2026\/02\/pavilion-plaid-block-burgundymulticolour-4b8312ae8e49e63da931f2df50a5c50c.jpg","datePublished":"2023-05-31T12:40:29+00:00","dateModified":"2026-04-12T02:41:29+00:00","description":"Dieses gesteppte Plaid aus OEKO-TEX\u00ae STANDARD 100\u00ae Baumwolle mit Colour-Blocking-Details ist ein echter Hingucker. Perfekt f\u00fcr Sitzgelegenheiten im","breadcrumb":{"@id":"https:\/\/hubsch-interior.com\/de\/produkt\/pavilion-decke-block-burgundy-multifarben\/#breadcrumb"},"inLanguage":"de","potentialAction":[{"@type":"ReadAction","target":["https:\/\/hubsch-interior.com\/de\/produkt\/pavilion-decke-block-burgundy-multifarben\/"]}]},{"@type":"ImageObject","inLanguage":"de","@id":"https:\/\/hubsch-interior.com\/de\/produkt\/pavilion-decke-block-burgundy-multifarben\/#primaryimage","url":"https:\/\/hubsch-interior.com\/wp-content\/uploads\/2026\/02\/pavilion-plaid-block-burgundymulticolour-4b8312ae8e49e63da931f2df50a5c50c.jpg","contentUrl":"https:\/\/hubsch-interior.com\/wp-content\/uploads\/2026\/02\/pavilion-plaid-block-burgundymulticolour-4b8312ae8e49e63da931f2df50a5c50c.jpg","width":1024,"height":1024},{"@type":"BreadcrumbList","@id":"https:\/\/hubsch-interior.com\/de\/produkt\/pavilion-decke-block-burgundy-multifarben\/#breadcrumb","itemListElement":[{"@type":"ListItem","position":1,"name":"Startseite","item":"https:\/\/hubsch-interior.com\/de\/"},{"@type":"ListItem","position":2,"name":"Produkte","item":"https:\/\/hubsch-interior.com\/de\/shop-2\/"},{"@type":"ListItem","position":3,"name":"Textilien","item":"https:\/\/hubsch-interior.com\/de\/produkt-kategorie\/textilien\/"},{"@type":"ListItem","position":4,"name":"Decken","item":"https:\/\/hubsch-interior.com\/de\/produkt-kategorie\/textilien\/decken-de\/"},{"@type":"ListItem","position":5,"name":"Pavilion Decke Block Burgundy\/\u00a0Multifarben"}]},{"@type":"WebSite","@id":"https:\/\/hubsch-interior.com\/de\/#website","url":"https:\/\/hubsch-interior.com\/de\/","name":"H\u00fcbsch","description":"Danish Home Interior and Design","publisher":{"@id":"https:\/\/hubsch-interior.com\/de\/#organization"},"potentialAction":[{"@type":"SearchAction","target":{"@type":"EntryPoint","urlTemplate":"https:\/\/hubsch-interior.com\/de\/?s={search_term_string}"},"query-input":{"@type":"PropertyValueSpecification","valueRequired":true,"valueName":"search_term_string"}}],"inLanguage":"de"},{"@type":"Organization","@id":"https:\/\/hubsch-interior.com\/de\/#organization","name":"H\u00fcbsch","url":"https:\/\/hubsch-interior.com\/de\/","logo":{"@type":"ImageObject","inLanguage":"de","@id":"https:\/\/hubsch-interior.com\/de\/#\/schema\/logo\/image\/","url":"https:\/\/hubsch-interior.com\/wp-content\/uploads\/2022\/12\/Hubsch_logo_black_one_line.svg","contentUrl":"https:\/\/hubsch-interior.com\/wp-content\/uploads\/2022\/12\/Hubsch_logo_black_one_line.svg","caption":"H\u00fcbsch"},"image":{"@id":"https:\/\/hubsch-interior.com\/de\/#\/schema\/logo\/image\/"}}]}},"_links":{"self":[{"href":"https:\/\/hubsch-interior.com\/de\/wp-json\/wp\/v2\/product\/898441","targetHints":{"allow":["GET"]}}],"collection":[{"href":"https:\/\/hubsch-interior.com\/de\/wp-json\/wp\/v2\/product"}],"about":[{"href":"https:\/\/hubsch-interior.com\/de\/wp-json\/wp\/v2\/types\/product"}],"wp:featuredmedia":[{"embeddable":true,"href":"https:\/\/hubsch-interior.com\/de\/wp-json\/wp\/v2\/media\/1100089"}],"wp:attachment":[{"href":"https:\/\/hubsch-interior.com\/de\/wp-json\/wp\/v2\/media?parent=898441"}],"wp:term":[{"taxonomy":"product_brand","embeddable":true,"href":"https:\/\/hubsch-interior.com\/de\/wp-json\/wp\/v2\/product_brand?post=898441"},{"taxonomy":"product_cat","embeddable":true,"href":"https:\/\/hubsch-interior.com\/de\/wp-json\/wp\/v2\/product_cat?post=898441"},{"taxonomy":"product_tag","embeddable":true,"href":"https:\/\/hubsch-interior.com\/de\/wp-json\/wp\/v2\/product_tag?post=898441"}],"curies":[{"name":"wp","href":"https:\/\/api.w.org\/{rel}","templated":true}]}}