{"id":899468,"date":"2023-06-13T09:07:49","date_gmt":"2023-06-13T07:07:49","guid":{"rendered":"https:\/\/hubsch-interior.com\/product\/product\/"},"modified":"2026-04-09T04:25:54","modified_gmt":"2026-04-09T02:25:54","slug":"bonbon-glas-schalen-medium-grun-braun","status":"publish","type":"product","link":"https:\/\/hubsch-interior.com\/de\/produkt\/bonbon-glas-schalen-medium-grun-braun\/","title":{"rendered":"Bonbon Glas Schalen Medium Gr\u00fcn\/Braun"},"content":{"rendered":"<p>Handgefertigt und mit einer strukturierten Oberfl\u00e4che versehen, werten diese Schalen kleine allt\u00e4gliche Dinge auf. Das vielseitige Design erlaubt es, Schale und Fu\u00df zu trennen und mit anderen Teilen der Serie zu kombinieren. So k\u00f6nnen Sie einzigartige Kombinationen und Farbschemata schaffen, die Ihrer Stimmung und Ihrem Geschmack entsprechen. Ganz gleich, ob Sie diese gr\u00fcn-braune Bonbon-Schale im Badezimmer f\u00fcr Ihren Lieblingsschmuck verwenden oder sie als dekorativen Akzent auf einem Regal aufstellen \u2013 diese Schale wird ein Statement setzen. Die Bonbon Bowls sind lebensmittelecht.<\/p>\n","protected":false},"excerpt":{"rendered":"<p>Handgefertigt und mit einer strukturierten Oberfl\u00e4che versehen, werten diese Schalen kleine allt\u00e4gliche Dinge auf. Das vielseitige Design erlaubt es, Schale und Fu\u00df zu trennen und mit anderen Teilen der Serie zu kombinieren. So k\u00f6nnen Sie einzigartige Kombinationen und Farbschemata schaffen, die Ihrer Stimmung und Ihrem Geschmack entsprechen. Ganz gleich, ob Sie diese gr\u00fcn-braune Bonbon-Schale im [&hellip;]<\/p>\n","protected":false},"featured_media":1095902,"template":"","meta":{"_acf_changed":false,"inline_featured_image":false},"product_brand":[],"product_cat":[6739,6972,7044,7029,4055,4096,6519],"product_tag":[],"class_list":{"0":"post-899468","1":"product","2":"type-product","3":"status-publish","4":"has-post-thumbnail","6":"product_cat-colour-revival-de","7":"product_cat-oster-sale","8":"product_cat-servierschalen-de","9":"product_cat-tischgeschirr-de-2","10":"product_cat-kuechenzubehoer-de","11":"product_cat-tischgeschirr-de","12":"product_cat-outlet-de","13":"product_shipping_class-pk","15":"pa_color-braun","16":"pa_color-grn-2","17":"pa_material-glas-de","19":"first","20":"instock","21":"sale","22":"taxable","23":"shipping-taxable","24":"purchasable","25":"product-type-simple"},"exclude_global_add_ons":[],"addons":[],"acf":[],"yoast_head":"<!-- This site is optimized with the Yoast SEO plugin v26.4 - https:\/\/yoast.com\/wordpress\/plugins\/seo\/ -->\n<title>Bonbon Glas Schalen Medium Gr\u00fcn\/Braun - H\u00fcbsch<\/title>\n<meta name=\"description\" content=\"Handgefertigt und mit einer strukturierten Oberfl\u00e4che versehen, werten diese Schalen kleine allt\u00e4gliche Dinge auf. Das vielseitige Design erlaubt es,\" \/>\n<meta name=\"robots\" content=\"index, follow, max-snippet:-1, max-image-preview:large, max-video-preview:-1\" \/>\n<link rel=\"canonical\" href=\"https:\/\/hubsch-interior.com\/de\/wp-json\/wp\/v2\/product\/899468\" \/>\n<meta property=\"og:locale\" content=\"de_DE\" \/>\n<meta property=\"og:type\" content=\"article\" \/>\n<meta property=\"og:title\" content=\"Bonbon Glas Schalen Medium Gr\u00fcn\/Braun - H\u00fcbsch\" \/>\n<meta property=\"og:description\" content=\"Handgefertigt und mit einer strukturierten Oberfl\u00e4che versehen, werten diese Schalen kleine allt\u00e4gliche Dinge auf. Das vielseitige Design erlaubt es,\" \/>\n<meta property=\"og:url\" content=\"https:\/\/hubsch-interior.com\/de\/produkt\/bonbon-glas-schalen-medium-grun-braun\/\" \/>\n<meta property=\"og:site_name\" content=\"H\u00fcbsch\" \/>\n<meta property=\"article:modified_time\" content=\"2026-04-09T02:25:54+00:00\" \/>\n<meta property=\"og:image\" content=\"https:\/\/hubsch-interior.com\/wp-content\/uploads\/2025\/04\/bonbon-glass-bowl-medium-greenbrown-4ad3cd06e45e5b8307e9c33fbad5e787.jpg\" \/>\n\t<meta property=\"og:image:width\" content=\"1200\" \/>\n\t<meta property=\"og:image:height\" content=\"1200\" \/>\n\t<meta property=\"og:image:type\" content=\"image\/jpeg\" \/>\n<meta name=\"twitter:card\" content=\"summary_large_image\" \/>\n<script type=\"application\/ld+json\" class=\"yoast-schema-graph\">{\"@context\":\"https:\/\/schema.org\",\"@graph\":[{\"@type\":\"WebPage\",\"@id\":\"https:\/\/hubsch-interior.com\/de\/produkt\/bonbon-glas-schalen-medium-grun-braun\/\",\"url\":\"https:\/\/hubsch-interior.com\/de\/produkt\/bonbon-glas-schalen-medium-grun-braun\/\",\"name\":\"Bonbon Glas Schalen Medium Gr\u00fcn\/Braun - H\u00fcbsch\",\"isPartOf\":{\"@id\":\"https:\/\/hubsch-interior.com\/de\/#website\"},\"primaryImageOfPage\":{\"@id\":\"https:\/\/hubsch-interior.com\/de\/produkt\/bonbon-glas-schalen-medium-grun-braun\/#primaryimage\"},\"image\":{\"@id\":\"https:\/\/hubsch-interior.com\/de\/produkt\/bonbon-glas-schalen-medium-grun-braun\/#primaryimage\"},\"thumbnailUrl\":\"https:\/\/hubsch-interior.com\/wp-content\/uploads\/2026\/02\/bonbon-glass-bowl-medium-greenbrown-b879ffe24099ea5903e858c2f08c455b.jpg\",\"datePublished\":\"2023-06-13T07:07:49+00:00\",\"dateModified\":\"2026-04-09T02:25:54+00:00\",\"description\":\"Handgefertigt und mit einer strukturierten Oberfl\u00e4che versehen, werten diese Schalen kleine allt\u00e4gliche Dinge auf. Das vielseitige Design erlaubt es,\",\"breadcrumb\":{\"@id\":\"https:\/\/hubsch-interior.com\/de\/produkt\/bonbon-glas-schalen-medium-grun-braun\/#breadcrumb\"},\"inLanguage\":\"de\",\"potentialAction\":[{\"@type\":\"ReadAction\",\"target\":[\"https:\/\/hubsch-interior.com\/de\/produkt\/bonbon-glas-schalen-medium-grun-braun\/\"]}]},{\"@type\":\"ImageObject\",\"inLanguage\":\"de\",\"@id\":\"https:\/\/hubsch-interior.com\/de\/produkt\/bonbon-glas-schalen-medium-grun-braun\/#primaryimage\",\"url\":\"https:\/\/hubsch-interior.com\/wp-content\/uploads\/2026\/02\/bonbon-glass-bowl-medium-greenbrown-b879ffe24099ea5903e858c2f08c455b.jpg\",\"contentUrl\":\"https:\/\/hubsch-interior.com\/wp-content\/uploads\/2026\/02\/bonbon-glass-bowl-medium-greenbrown-b879ffe24099ea5903e858c2f08c455b.jpg\",\"width\":1024,\"height\":1024},{\"@type\":\"BreadcrumbList\",\"@id\":\"https:\/\/hubsch-interior.com\/de\/produkt\/bonbon-glas-schalen-medium-grun-braun\/#breadcrumb\",\"itemListElement\":[{\"@type\":\"ListItem\",\"position\":1,\"name\":\"Startseite\",\"item\":\"https:\/\/hubsch-interior.com\/de\/\"},{\"@type\":\"ListItem\",\"position\":2,\"name\":\"Produkte\",\"item\":\"https:\/\/hubsch-interior.com\/de\/shop-2\/\"},{\"@type\":\"ListItem\",\"position\":3,\"name\":\"K\u00fcche\",\"item\":\"https:\/\/hubsch-interior.com\/de\/produkt-kategorie\/kuche\/\"},{\"@type\":\"ListItem\",\"position\":4,\"name\":\"Tischgeschirr\",\"item\":\"https:\/\/hubsch-interior.com\/de\/produkt-kategorie\/kuche\/tischgeschirr-de-2\/\"},{\"@type\":\"ListItem\",\"position\":5,\"name\":\"Servierschalen\",\"item\":\"https:\/\/hubsch-interior.com\/de\/produkt-kategorie\/kuche\/tischgeschirr-de-2\/servierschalen-de\/\"},{\"@type\":\"ListItem\",\"position\":6,\"name\":\"Bonbon Glas Schalen Medium Gr\u00fcn\/Braun\"}]},{\"@type\":\"WebSite\",\"@id\":\"https:\/\/hubsch-interior.com\/de\/#website\",\"url\":\"https:\/\/hubsch-interior.com\/de\/\",\"name\":\"H\u00fcbsch\",\"description\":\"Danish Home Interior and Design\",\"publisher\":{\"@id\":\"https:\/\/hubsch-interior.com\/de\/#organization\"},\"potentialAction\":[{\"@type\":\"SearchAction\",\"target\":{\"@type\":\"EntryPoint\",\"urlTemplate\":\"https:\/\/hubsch-interior.com\/de\/?s={search_term_string}\"},\"query-input\":{\"@type\":\"PropertyValueSpecification\",\"valueRequired\":true,\"valueName\":\"search_term_string\"}}],\"inLanguage\":\"de\"},{\"@type\":\"Organization\",\"@id\":\"https:\/\/hubsch-interior.com\/de\/#organization\",\"name\":\"H\u00fcbsch\",\"url\":\"https:\/\/hubsch-interior.com\/de\/\",\"logo\":{\"@type\":\"ImageObject\",\"inLanguage\":\"de\",\"@id\":\"https:\/\/hubsch-interior.com\/de\/#\/schema\/logo\/image\/\",\"url\":\"https:\/\/hubsch-interior.com\/wp-content\/uploads\/2022\/12\/Hubsch_logo_black_one_line.svg\",\"contentUrl\":\"https:\/\/hubsch-interior.com\/wp-content\/uploads\/2022\/12\/Hubsch_logo_black_one_line.svg\",\"caption\":\"H\u00fcbsch\"},\"image\":{\"@id\":\"https:\/\/hubsch-interior.com\/de\/#\/schema\/logo\/image\/\"}}]}<\/script>\n<!-- \/ Yoast SEO plugin. -->","yoast_head_json":{"title":"Bonbon Glas Schalen Medium Gr\u00fcn\/Braun - H\u00fcbsch","description":"Handgefertigt und mit einer strukturierten Oberfl\u00e4che versehen, werten diese Schalen kleine allt\u00e4gliche Dinge auf. Das vielseitige Design erlaubt es,","robots":{"index":"index","follow":"follow","max-snippet":"max-snippet:-1","max-image-preview":"max-image-preview:large","max-video-preview":"max-video-preview:-1"},"canonical":"https:\/\/hubsch-interior.com\/de\/wp-json\/wp\/v2\/product\/899468","og_locale":"de_DE","og_type":"article","og_title":"Bonbon Glas Schalen Medium Gr\u00fcn\/Braun - H\u00fcbsch","og_description":"Handgefertigt und mit einer strukturierten Oberfl\u00e4che versehen, werten diese Schalen kleine allt\u00e4gliche Dinge auf. Das vielseitige Design erlaubt es,","og_url":"https:\/\/hubsch-interior.com\/de\/produkt\/bonbon-glas-schalen-medium-grun-braun\/","og_site_name":"H\u00fcbsch","article_modified_time":"2026-04-09T02:25:54+00:00","og_image":[{"width":1200,"height":1200,"url":"https:\/\/hubsch-interior.com\/wp-content\/uploads\/2025\/04\/bonbon-glass-bowl-medium-greenbrown-4ad3cd06e45e5b8307e9c33fbad5e787.jpg","type":"image\/jpeg"}],"twitter_card":"summary_large_image","schema":{"@context":"https:\/\/schema.org","@graph":[{"@type":"WebPage","@id":"https:\/\/hubsch-interior.com\/de\/produkt\/bonbon-glas-schalen-medium-grun-braun\/","url":"https:\/\/hubsch-interior.com\/de\/produkt\/bonbon-glas-schalen-medium-grun-braun\/","name":"Bonbon Glas Schalen Medium Gr\u00fcn\/Braun - H\u00fcbsch","isPartOf":{"@id":"https:\/\/hubsch-interior.com\/de\/#website"},"primaryImageOfPage":{"@id":"https:\/\/hubsch-interior.com\/de\/produkt\/bonbon-glas-schalen-medium-grun-braun\/#primaryimage"},"image":{"@id":"https:\/\/hubsch-interior.com\/de\/produkt\/bonbon-glas-schalen-medium-grun-braun\/#primaryimage"},"thumbnailUrl":"https:\/\/hubsch-interior.com\/wp-content\/uploads\/2026\/02\/bonbon-glass-bowl-medium-greenbrown-b879ffe24099ea5903e858c2f08c455b.jpg","datePublished":"2023-06-13T07:07:49+00:00","dateModified":"2026-04-09T02:25:54+00:00","description":"Handgefertigt und mit einer strukturierten Oberfl\u00e4che versehen, werten diese Schalen kleine allt\u00e4gliche Dinge auf. Das vielseitige Design erlaubt es,","breadcrumb":{"@id":"https:\/\/hubsch-interior.com\/de\/produkt\/bonbon-glas-schalen-medium-grun-braun\/#breadcrumb"},"inLanguage":"de","potentialAction":[{"@type":"ReadAction","target":["https:\/\/hubsch-interior.com\/de\/produkt\/bonbon-glas-schalen-medium-grun-braun\/"]}]},{"@type":"ImageObject","inLanguage":"de","@id":"https:\/\/hubsch-interior.com\/de\/produkt\/bonbon-glas-schalen-medium-grun-braun\/#primaryimage","url":"https:\/\/hubsch-interior.com\/wp-content\/uploads\/2026\/02\/bonbon-glass-bowl-medium-greenbrown-b879ffe24099ea5903e858c2f08c455b.jpg","contentUrl":"https:\/\/hubsch-interior.com\/wp-content\/uploads\/2026\/02\/bonbon-glass-bowl-medium-greenbrown-b879ffe24099ea5903e858c2f08c455b.jpg","width":1024,"height":1024},{"@type":"BreadcrumbList","@id":"https:\/\/hubsch-interior.com\/de\/produkt\/bonbon-glas-schalen-medium-grun-braun\/#breadcrumb","itemListElement":[{"@type":"ListItem","position":1,"name":"Startseite","item":"https:\/\/hubsch-interior.com\/de\/"},{"@type":"ListItem","position":2,"name":"Produkte","item":"https:\/\/hubsch-interior.com\/de\/shop-2\/"},{"@type":"ListItem","position":3,"name":"K\u00fcche","item":"https:\/\/hubsch-interior.com\/de\/produkt-kategorie\/kuche\/"},{"@type":"ListItem","position":4,"name":"Tischgeschirr","item":"https:\/\/hubsch-interior.com\/de\/produkt-kategorie\/kuche\/tischgeschirr-de-2\/"},{"@type":"ListItem","position":5,"name":"Servierschalen","item":"https:\/\/hubsch-interior.com\/de\/produkt-kategorie\/kuche\/tischgeschirr-de-2\/servierschalen-de\/"},{"@type":"ListItem","position":6,"name":"Bonbon Glas Schalen Medium Gr\u00fcn\/Braun"}]},{"@type":"WebSite","@id":"https:\/\/hubsch-interior.com\/de\/#website","url":"https:\/\/hubsch-interior.com\/de\/","name":"H\u00fcbsch","description":"Danish Home Interior and Design","publisher":{"@id":"https:\/\/hubsch-interior.com\/de\/#organization"},"potentialAction":[{"@type":"SearchAction","target":{"@type":"EntryPoint","urlTemplate":"https:\/\/hubsch-interior.com\/de\/?s={search_term_string}"},"query-input":{"@type":"PropertyValueSpecification","valueRequired":true,"valueName":"search_term_string"}}],"inLanguage":"de"},{"@type":"Organization","@id":"https:\/\/hubsch-interior.com\/de\/#organization","name":"H\u00fcbsch","url":"https:\/\/hubsch-interior.com\/de\/","logo":{"@type":"ImageObject","inLanguage":"de","@id":"https:\/\/hubsch-interior.com\/de\/#\/schema\/logo\/image\/","url":"https:\/\/hubsch-interior.com\/wp-content\/uploads\/2022\/12\/Hubsch_logo_black_one_line.svg","contentUrl":"https:\/\/hubsch-interior.com\/wp-content\/uploads\/2022\/12\/Hubsch_logo_black_one_line.svg","caption":"H\u00fcbsch"},"image":{"@id":"https:\/\/hubsch-interior.com\/de\/#\/schema\/logo\/image\/"}}]}},"_links":{"self":[{"href":"https:\/\/hubsch-interior.com\/de\/wp-json\/wp\/v2\/product\/899468","targetHints":{"allow":["GET"]}}],"collection":[{"href":"https:\/\/hubsch-interior.com\/de\/wp-json\/wp\/v2\/product"}],"about":[{"href":"https:\/\/hubsch-interior.com\/de\/wp-json\/wp\/v2\/types\/product"}],"wp:featuredmedia":[{"embeddable":true,"href":"https:\/\/hubsch-interior.com\/de\/wp-json\/wp\/v2\/media\/1095902"}],"wp:attachment":[{"href":"https:\/\/hubsch-interior.com\/de\/wp-json\/wp\/v2\/media?parent=899468"}],"wp:term":[{"taxonomy":"product_brand","embeddable":true,"href":"https:\/\/hubsch-interior.com\/de\/wp-json\/wp\/v2\/product_brand?post=899468"},{"taxonomy":"product_cat","embeddable":true,"href":"https:\/\/hubsch-interior.com\/de\/wp-json\/wp\/v2\/product_cat?post=899468"},{"taxonomy":"product_tag","embeddable":true,"href":"https:\/\/hubsch-interior.com\/de\/wp-json\/wp\/v2\/product_tag?post=899468"}],"curies":[{"name":"wp","href":"https:\/\/api.w.org\/{rel}","templated":true}]}}