{"id":955461,"date":"2023-11-01T10:03:31","date_gmt":"2023-11-01T09:03:31","guid":{"rendered":"https:\/\/hubsch-interior.com\/product\/product\/"},"modified":"2026-04-11T05:01:19","modified_gmt":"2026-04-11T03:01:19","slug":"serene-hangelampe-o42-weis","status":"publish","type":"product","link":"https:\/\/hubsch-interior.com\/de\/produkt\/serene-hangelampe-o42-weis\/","title":{"rendered":"Serene H\u00e4ngelampe \u00d842 Wei\u00df"},"content":{"rendered":"<p>Willkommen bei der Serene H\u00e4ngelampe &#8211; die perfekte Erg\u00e4nzung f\u00fcr Ihr Zuhause. Aus schickem wei\u00dfem Opalglas und robustem Metall gefertigt, ist diese Lampe in 2 wundersch\u00f6nen Varianten erh\u00e4ltlich. Ihre weiche Form und zarten Materialien sorgen f\u00fcr eine ruhige und gem\u00fctliche Atmosph\u00e4re und machen sie zur idealen Wahl f\u00fcr jeden Raum in Ihrem Haus. Lassen Sie den warmen Schein dieser Lampe eine entspannte Stimmung schaffen, perfekt zum Entspannen oder f\u00fcr unterhaltsame Abende mit G\u00e4sten. Lassen Sie die Serene H\u00e4ngelampe eine Note von Eleganz und Ruhe in Ihr Wohnzimmer bringen.<\/p>\n<p>Diese Artikelnummer ist identisch mit 991321<\/p>\n","protected":false},"excerpt":{"rendered":"<p>Willkommen bei der Serene H\u00e4ngelampe &#8211; die perfekte Erg\u00e4nzung f\u00fcr Ihr Zuhause. Aus schickem wei\u00dfem Opalglas und robustem Metall gefertigt, ist diese Lampe in 2 wundersch\u00f6nen Varianten erh\u00e4ltlich. Ihre weiche Form und zarten Materialien sorgen f\u00fcr eine ruhige und gem\u00fctliche Atmosph\u00e4re und machen sie zur idealen Wahl f\u00fcr jeden Raum in Ihrem Haus. Lassen Sie [&hellip;]<\/p>\n","protected":false},"featured_media":1107208,"template":"","meta":{"_acf_changed":false,"inline_featured_image":false},"product_brand":[],"product_cat":[3809,4148,5027],"product_tag":[],"class_list":{"0":"post-955461","1":"product","2":"type-product","3":"status-publish","4":"has-post-thumbnail","6":"product_cat-beleuchtung","7":"product_cat-haengelampen-de","8":"product_cat-bestsellers-de","9":"product_shipping_class-pk","11":"pa_color-wei","12":"pa_material-eisen-de","13":"pa_material-glas-de","15":"first","16":"instock","17":"featured","18":"taxable","19":"shipping-taxable","20":"purchasable","21":"product-type-simple"},"exclude_global_add_ons":[],"addons":[],"acf":[],"yoast_head":"<!-- This site is optimized with the Yoast SEO plugin v26.4 - https:\/\/yoast.com\/wordpress\/plugins\/seo\/ -->\n<title>Serene H\u00e4ngelampe \u00d842 Wei\u00df - H\u00fcbsch<\/title>\n<meta name=\"description\" content=\"Willkommen bei der Serene H\u00e4ngelampe - die perfekte Erg\u00e4nzung f\u00fcr Ihr Zuhause. Aus schickem wei\u00dfem Opalglas und robustem Metall gefertigt, ist diese Lampe\" \/>\n<meta name=\"robots\" content=\"index, follow, max-snippet:-1, max-image-preview:large, max-video-preview:-1\" \/>\n<link rel=\"canonical\" href=\"https:\/\/hubsch-interior.com\/de\/wp-json\/wp\/v2\/product\/955461\" \/>\n<meta property=\"og:locale\" content=\"de_DE\" \/>\n<meta property=\"og:type\" content=\"article\" \/>\n<meta property=\"og:title\" content=\"Serene H\u00e4ngelampe \u00d842 Wei\u00df - H\u00fcbsch\" \/>\n<meta property=\"og:description\" content=\"Willkommen bei der Serene H\u00e4ngelampe - die perfekte Erg\u00e4nzung f\u00fcr Ihr Zuhause. Aus schickem wei\u00dfem Opalglas und robustem Metall gefertigt, ist diese Lampe\" \/>\n<meta property=\"og:url\" content=\"https:\/\/hubsch-interior.com\/de\/produkt\/serene-hangelampe-o42-weis\/\" \/>\n<meta property=\"og:site_name\" content=\"H\u00fcbsch\" \/>\n<meta property=\"article:modified_time\" content=\"2026-04-11T03:01:19+00:00\" \/>\n<meta property=\"og:image\" content=\"https:\/\/hubsch-interior.com\/wp-content\/uploads\/2025\/05\/serene-pendant-O42-white-4973a2a00ccb260a052063687b87c98b.jpg\" \/>\n\t<meta property=\"og:image:width\" content=\"1200\" \/>\n\t<meta property=\"og:image:height\" content=\"1200\" \/>\n\t<meta property=\"og:image:type\" content=\"image\/jpeg\" \/>\n<meta name=\"twitter:card\" content=\"summary_large_image\" \/>\n<meta name=\"twitter:label1\" content=\"Gesch\u00e4tzte Lesezeit\" \/>\n\t<meta name=\"twitter:data1\" content=\"1\u00a0Minute\" \/>\n<script type=\"application\/ld+json\" class=\"yoast-schema-graph\">{\"@context\":\"https:\/\/schema.org\",\"@graph\":[{\"@type\":\"WebPage\",\"@id\":\"https:\/\/hubsch-interior.com\/de\/produkt\/serene-hangelampe-o42-weis\/\",\"url\":\"https:\/\/hubsch-interior.com\/de\/produkt\/serene-hangelampe-o42-weis\/\",\"name\":\"Serene H\u00e4ngelampe \u00d842 Wei\u00df - H\u00fcbsch\",\"isPartOf\":{\"@id\":\"https:\/\/hubsch-interior.com\/de\/#website\"},\"primaryImageOfPage\":{\"@id\":\"https:\/\/hubsch-interior.com\/de\/produkt\/serene-hangelampe-o42-weis\/#primaryimage\"},\"image\":{\"@id\":\"https:\/\/hubsch-interior.com\/de\/produkt\/serene-hangelampe-o42-weis\/#primaryimage\"},\"thumbnailUrl\":\"https:\/\/hubsch-interior.com\/wp-content\/uploads\/2026\/02\/serene-pendant-O42-white-7513d8478fec97bfb0475041322329ce.jpg\",\"datePublished\":\"2023-11-01T09:03:31+00:00\",\"dateModified\":\"2026-04-11T03:01:19+00:00\",\"description\":\"Willkommen bei der Serene H\u00e4ngelampe - die perfekte Erg\u00e4nzung f\u00fcr Ihr Zuhause. Aus schickem wei\u00dfem Opalglas und robustem Metall gefertigt, ist diese Lampe\",\"breadcrumb\":{\"@id\":\"https:\/\/hubsch-interior.com\/de\/produkt\/serene-hangelampe-o42-weis\/#breadcrumb\"},\"inLanguage\":\"de\",\"potentialAction\":[{\"@type\":\"ReadAction\",\"target\":[\"https:\/\/hubsch-interior.com\/de\/produkt\/serene-hangelampe-o42-weis\/\"]}]},{\"@type\":\"ImageObject\",\"inLanguage\":\"de\",\"@id\":\"https:\/\/hubsch-interior.com\/de\/produkt\/serene-hangelampe-o42-weis\/#primaryimage\",\"url\":\"https:\/\/hubsch-interior.com\/wp-content\/uploads\/2026\/02\/serene-pendant-O42-white-7513d8478fec97bfb0475041322329ce.jpg\",\"contentUrl\":\"https:\/\/hubsch-interior.com\/wp-content\/uploads\/2026\/02\/serene-pendant-O42-white-7513d8478fec97bfb0475041322329ce.jpg\",\"width\":1024,\"height\":1024},{\"@type\":\"BreadcrumbList\",\"@id\":\"https:\/\/hubsch-interior.com\/de\/produkt\/serene-hangelampe-o42-weis\/#breadcrumb\",\"itemListElement\":[{\"@type\":\"ListItem\",\"position\":1,\"name\":\"Startseite\",\"item\":\"https:\/\/hubsch-interior.com\/de\/\"},{\"@type\":\"ListItem\",\"position\":2,\"name\":\"Produkte\",\"item\":\"https:\/\/hubsch-interior.com\/de\/shop-2\/\"},{\"@type\":\"ListItem\",\"position\":3,\"name\":\"Beleuchtung\",\"item\":\"https:\/\/hubsch-interior.com\/de\/produkt-kategorie\/beleuchtung\/\"},{\"@type\":\"ListItem\",\"position\":4,\"name\":\"H&auml;ngelampen\",\"item\":\"https:\/\/hubsch-interior.com\/de\/produkt-kategorie\/beleuchtung\/haengelampen-de\/\"},{\"@type\":\"ListItem\",\"position\":5,\"name\":\"Serene H\u00e4ngelampe \u00d842 Wei\u00df\"}]},{\"@type\":\"WebSite\",\"@id\":\"https:\/\/hubsch-interior.com\/de\/#website\",\"url\":\"https:\/\/hubsch-interior.com\/de\/\",\"name\":\"H\u00fcbsch\",\"description\":\"Danish Home Interior and Design\",\"publisher\":{\"@id\":\"https:\/\/hubsch-interior.com\/de\/#organization\"},\"potentialAction\":[{\"@type\":\"SearchAction\",\"target\":{\"@type\":\"EntryPoint\",\"urlTemplate\":\"https:\/\/hubsch-interior.com\/de\/?s={search_term_string}\"},\"query-input\":{\"@type\":\"PropertyValueSpecification\",\"valueRequired\":true,\"valueName\":\"search_term_string\"}}],\"inLanguage\":\"de\"},{\"@type\":\"Organization\",\"@id\":\"https:\/\/hubsch-interior.com\/de\/#organization\",\"name\":\"H\u00fcbsch\",\"url\":\"https:\/\/hubsch-interior.com\/de\/\",\"logo\":{\"@type\":\"ImageObject\",\"inLanguage\":\"de\",\"@id\":\"https:\/\/hubsch-interior.com\/de\/#\/schema\/logo\/image\/\",\"url\":\"https:\/\/hubsch-interior.com\/wp-content\/uploads\/2022\/12\/Hubsch_logo_black_one_line.svg\",\"contentUrl\":\"https:\/\/hubsch-interior.com\/wp-content\/uploads\/2022\/12\/Hubsch_logo_black_one_line.svg\",\"caption\":\"H\u00fcbsch\"},\"image\":{\"@id\":\"https:\/\/hubsch-interior.com\/de\/#\/schema\/logo\/image\/\"}}]}<\/script>\n<!-- \/ Yoast SEO plugin. -->","yoast_head_json":{"title":"Serene H\u00e4ngelampe \u00d842 Wei\u00df - H\u00fcbsch","description":"Willkommen bei der Serene H\u00e4ngelampe - die perfekte Erg\u00e4nzung f\u00fcr Ihr Zuhause. Aus schickem wei\u00dfem Opalglas und robustem Metall gefertigt, ist diese Lampe","robots":{"index":"index","follow":"follow","max-snippet":"max-snippet:-1","max-image-preview":"max-image-preview:large","max-video-preview":"max-video-preview:-1"},"canonical":"https:\/\/hubsch-interior.com\/de\/wp-json\/wp\/v2\/product\/955461","og_locale":"de_DE","og_type":"article","og_title":"Serene H\u00e4ngelampe \u00d842 Wei\u00df - H\u00fcbsch","og_description":"Willkommen bei der Serene H\u00e4ngelampe - die perfekte Erg\u00e4nzung f\u00fcr Ihr Zuhause. Aus schickem wei\u00dfem Opalglas und robustem Metall gefertigt, ist diese Lampe","og_url":"https:\/\/hubsch-interior.com\/de\/produkt\/serene-hangelampe-o42-weis\/","og_site_name":"H\u00fcbsch","article_modified_time":"2026-04-11T03:01:19+00:00","og_image":[{"width":1200,"height":1200,"url":"https:\/\/hubsch-interior.com\/wp-content\/uploads\/2025\/05\/serene-pendant-O42-white-4973a2a00ccb260a052063687b87c98b.jpg","type":"image\/jpeg"}],"twitter_card":"summary_large_image","twitter_misc":{"Gesch\u00e4tzte Lesezeit":"1\u00a0Minute"},"schema":{"@context":"https:\/\/schema.org","@graph":[{"@type":"WebPage","@id":"https:\/\/hubsch-interior.com\/de\/produkt\/serene-hangelampe-o42-weis\/","url":"https:\/\/hubsch-interior.com\/de\/produkt\/serene-hangelampe-o42-weis\/","name":"Serene H\u00e4ngelampe \u00d842 Wei\u00df - H\u00fcbsch","isPartOf":{"@id":"https:\/\/hubsch-interior.com\/de\/#website"},"primaryImageOfPage":{"@id":"https:\/\/hubsch-interior.com\/de\/produkt\/serene-hangelampe-o42-weis\/#primaryimage"},"image":{"@id":"https:\/\/hubsch-interior.com\/de\/produkt\/serene-hangelampe-o42-weis\/#primaryimage"},"thumbnailUrl":"https:\/\/hubsch-interior.com\/wp-content\/uploads\/2026\/02\/serene-pendant-O42-white-7513d8478fec97bfb0475041322329ce.jpg","datePublished":"2023-11-01T09:03:31+00:00","dateModified":"2026-04-11T03:01:19+00:00","description":"Willkommen bei der Serene H\u00e4ngelampe - die perfekte Erg\u00e4nzung f\u00fcr Ihr Zuhause. Aus schickem wei\u00dfem Opalglas und robustem Metall gefertigt, ist diese Lampe","breadcrumb":{"@id":"https:\/\/hubsch-interior.com\/de\/produkt\/serene-hangelampe-o42-weis\/#breadcrumb"},"inLanguage":"de","potentialAction":[{"@type":"ReadAction","target":["https:\/\/hubsch-interior.com\/de\/produkt\/serene-hangelampe-o42-weis\/"]}]},{"@type":"ImageObject","inLanguage":"de","@id":"https:\/\/hubsch-interior.com\/de\/produkt\/serene-hangelampe-o42-weis\/#primaryimage","url":"https:\/\/hubsch-interior.com\/wp-content\/uploads\/2026\/02\/serene-pendant-O42-white-7513d8478fec97bfb0475041322329ce.jpg","contentUrl":"https:\/\/hubsch-interior.com\/wp-content\/uploads\/2026\/02\/serene-pendant-O42-white-7513d8478fec97bfb0475041322329ce.jpg","width":1024,"height":1024},{"@type":"BreadcrumbList","@id":"https:\/\/hubsch-interior.com\/de\/produkt\/serene-hangelampe-o42-weis\/#breadcrumb","itemListElement":[{"@type":"ListItem","position":1,"name":"Startseite","item":"https:\/\/hubsch-interior.com\/de\/"},{"@type":"ListItem","position":2,"name":"Produkte","item":"https:\/\/hubsch-interior.com\/de\/shop-2\/"},{"@type":"ListItem","position":3,"name":"Beleuchtung","item":"https:\/\/hubsch-interior.com\/de\/produkt-kategorie\/beleuchtung\/"},{"@type":"ListItem","position":4,"name":"H&auml;ngelampen","item":"https:\/\/hubsch-interior.com\/de\/produkt-kategorie\/beleuchtung\/haengelampen-de\/"},{"@type":"ListItem","position":5,"name":"Serene H\u00e4ngelampe \u00d842 Wei\u00df"}]},{"@type":"WebSite","@id":"https:\/\/hubsch-interior.com\/de\/#website","url":"https:\/\/hubsch-interior.com\/de\/","name":"H\u00fcbsch","description":"Danish Home Interior and Design","publisher":{"@id":"https:\/\/hubsch-interior.com\/de\/#organization"},"potentialAction":[{"@type":"SearchAction","target":{"@type":"EntryPoint","urlTemplate":"https:\/\/hubsch-interior.com\/de\/?s={search_term_string}"},"query-input":{"@type":"PropertyValueSpecification","valueRequired":true,"valueName":"search_term_string"}}],"inLanguage":"de"},{"@type":"Organization","@id":"https:\/\/hubsch-interior.com\/de\/#organization","name":"H\u00fcbsch","url":"https:\/\/hubsch-interior.com\/de\/","logo":{"@type":"ImageObject","inLanguage":"de","@id":"https:\/\/hubsch-interior.com\/de\/#\/schema\/logo\/image\/","url":"https:\/\/hubsch-interior.com\/wp-content\/uploads\/2022\/12\/Hubsch_logo_black_one_line.svg","contentUrl":"https:\/\/hubsch-interior.com\/wp-content\/uploads\/2022\/12\/Hubsch_logo_black_one_line.svg","caption":"H\u00fcbsch"},"image":{"@id":"https:\/\/hubsch-interior.com\/de\/#\/schema\/logo\/image\/"}}]}},"_links":{"self":[{"href":"https:\/\/hubsch-interior.com\/de\/wp-json\/wp\/v2\/product\/955461","targetHints":{"allow":["GET"]}}],"collection":[{"href":"https:\/\/hubsch-interior.com\/de\/wp-json\/wp\/v2\/product"}],"about":[{"href":"https:\/\/hubsch-interior.com\/de\/wp-json\/wp\/v2\/types\/product"}],"wp:featuredmedia":[{"embeddable":true,"href":"https:\/\/hubsch-interior.com\/de\/wp-json\/wp\/v2\/media\/1107208"}],"wp:attachment":[{"href":"https:\/\/hubsch-interior.com\/de\/wp-json\/wp\/v2\/media?parent=955461"}],"wp:term":[{"taxonomy":"product_brand","embeddable":true,"href":"https:\/\/hubsch-interior.com\/de\/wp-json\/wp\/v2\/product_brand?post=955461"},{"taxonomy":"product_cat","embeddable":true,"href":"https:\/\/hubsch-interior.com\/de\/wp-json\/wp\/v2\/product_cat?post=955461"},{"taxonomy":"product_tag","embeddable":true,"href":"https:\/\/hubsch-interior.com\/de\/wp-json\/wp\/v2\/product_tag?post=955461"}],"curies":[{"name":"wp","href":"https:\/\/api.w.org\/{rel}","templated":true}]}}