{"id":955497,"date":"2023-11-01T10:03:40","date_gmt":"2023-11-01T09:03:40","guid":{"rendered":"https:\/\/hubsch-interior.com\/product\/product\/"},"modified":"2026-04-05T05:08:08","modified_gmt":"2026-04-05T03:08:08","slug":"muse-hangelampe-ellipse-weis","status":"publish","type":"product","link":"https:\/\/hubsch-interior.com\/de\/produkt\/muse-hangelampe-ellipse-weis\/","title":{"rendered":"Muse H\u00e4ngelampe Ellipse Wei\u00df"},"content":{"rendered":"<p>Die Muse H\u00e4ngelampe ist eine atemberaubende Erg\u00e4nzung f\u00fcr Ihre Wohnkultur. Aus elegantem wei\u00dfem Opalglas und Metall gefertigt, strahlt ihre sanfte Formen Eleganz aus und verleiht jedem Raum eine warme Note. H\u00e4ngen Sie sie in Ihrem Wohnzimmer oder Schlafzimmer auf f\u00fcr eine gem\u00fctliche Atmosph\u00e4re oder in Ihrem Essbereich f\u00fcr eine elegante Note. Lassen Sie sich von der Muse H\u00e4ngelampe verzaubern und schaffen Sie die perfekte Stimmung f\u00fcr Entspannung und Komfort. Heben Sie Ihr Interieurdesign heute mit der Muse H\u00e4ngelampe auf ein neues Niveau.<\/p>\n<p>Diese Artikelnummer ist identisch mit 990821<\/p>\n","protected":false},"excerpt":{"rendered":"<p>Die Muse H\u00e4ngelampe ist eine atemberaubende Erg\u00e4nzung f\u00fcr Ihre Wohnkultur. Aus elegantem wei\u00dfem Opalglas und Metall gefertigt, strahlt ihre sanfte Formen Eleganz aus und verleiht jedem Raum eine warme Note. H\u00e4ngen Sie sie in Ihrem Wohnzimmer oder Schlafzimmer auf f\u00fcr eine gem\u00fctliche Atmosph\u00e4re oder in Ihrem Essbereich f\u00fcr eine elegante Note. Lassen Sie sich von [&hellip;]<\/p>\n","protected":false},"featured_media":1107236,"template":"","meta":{"_acf_changed":false,"inline_featured_image":false},"product_brand":[],"product_cat":[6944,3809,4148,5027],"product_tag":[],"class_list":{"0":"post-955497","1":"product","2":"type-product","3":"status-publish","4":"has-post-thumbnail","6":"product_cat-bestseller-2025-de","7":"product_cat-beleuchtung","8":"product_cat-haengelampen-de","9":"product_cat-bestsellers-de","10":"product_shipping_class-pk","11":"pa_color-wei","12":"pa_material-eisen-de","13":"pa_material-glas-de","15":"first","16":"outofstock","17":"featured","18":"taxable","19":"shipping-taxable","20":"purchasable","21":"product-type-simple"},"exclude_global_add_ons":[],"addons":[],"acf":[],"yoast_head":"<!-- This site is optimized with the Yoast SEO plugin v26.4 - https:\/\/yoast.com\/wordpress\/plugins\/seo\/ -->\n<title>Muse H\u00e4ngelampe Ellipse Wei\u00df - H\u00fcbsch<\/title>\n<meta name=\"description\" content=\"Die Muse H\u00e4ngelampe ist eine atemberaubende Erg\u00e4nzung f\u00fcr Ihre Wohnkultur. Aus elegantem wei\u00dfem Opalglas und Metall gefertigt, strahlt ihre sanfte Formen\" \/>\n<meta name=\"robots\" content=\"index, follow, max-snippet:-1, max-image-preview:large, max-video-preview:-1\" \/>\n<link rel=\"canonical\" href=\"https:\/\/hubsch-interior.com\/de\/wp-json\/wp\/v2\/product\/955497\" \/>\n<meta property=\"og:locale\" content=\"de_DE\" \/>\n<meta property=\"og:type\" content=\"article\" \/>\n<meta property=\"og:title\" content=\"Muse H\u00e4ngelampe Ellipse Wei\u00df - H\u00fcbsch\" \/>\n<meta property=\"og:description\" content=\"Die Muse H\u00e4ngelampe ist eine atemberaubende Erg\u00e4nzung f\u00fcr Ihre Wohnkultur. Aus elegantem wei\u00dfem Opalglas und Metall gefertigt, strahlt ihre sanfte Formen\" \/>\n<meta property=\"og:url\" content=\"https:\/\/hubsch-interior.com\/de\/produkt\/muse-hangelampe-ellipse-weis\/\" \/>\n<meta property=\"og:site_name\" content=\"H\u00fcbsch\" \/>\n<meta property=\"article:modified_time\" content=\"2026-04-05T03:08:08+00:00\" \/>\n<meta property=\"og:image\" content=\"https:\/\/hubsch-interior.com\/wp-content\/uploads\/2025\/05\/muse-pendant-ellipse-white-d6e5676b56c84990446c7121d2c27495.jpg\" \/>\n\t<meta property=\"og:image:width\" content=\"1200\" \/>\n\t<meta property=\"og:image:height\" content=\"1200\" \/>\n\t<meta property=\"og:image:type\" content=\"image\/jpeg\" \/>\n<meta name=\"twitter:card\" content=\"summary_large_image\" \/>\n<script type=\"application\/ld+json\" class=\"yoast-schema-graph\">{\"@context\":\"https:\/\/schema.org\",\"@graph\":[{\"@type\":\"WebPage\",\"@id\":\"https:\/\/hubsch-interior.com\/de\/produkt\/muse-hangelampe-ellipse-weis\/\",\"url\":\"https:\/\/hubsch-interior.com\/de\/produkt\/muse-hangelampe-ellipse-weis\/\",\"name\":\"Muse H\u00e4ngelampe Ellipse Wei\u00df - H\u00fcbsch\",\"isPartOf\":{\"@id\":\"https:\/\/hubsch-interior.com\/de\/#website\"},\"primaryImageOfPage\":{\"@id\":\"https:\/\/hubsch-interior.com\/de\/produkt\/muse-hangelampe-ellipse-weis\/#primaryimage\"},\"image\":{\"@id\":\"https:\/\/hubsch-interior.com\/de\/produkt\/muse-hangelampe-ellipse-weis\/#primaryimage\"},\"thumbnailUrl\":\"https:\/\/hubsch-interior.com\/wp-content\/uploads\/2026\/02\/muse-pendant-ellipse-white-6a5d6153e0aee73eb1cfd5893c8611a4.jpg\",\"datePublished\":\"2023-11-01T09:03:40+00:00\",\"dateModified\":\"2026-04-05T03:08:08+00:00\",\"description\":\"Die Muse H\u00e4ngelampe ist eine atemberaubende Erg\u00e4nzung f\u00fcr Ihre Wohnkultur. Aus elegantem wei\u00dfem Opalglas und Metall gefertigt, strahlt ihre sanfte Formen\",\"breadcrumb\":{\"@id\":\"https:\/\/hubsch-interior.com\/de\/produkt\/muse-hangelampe-ellipse-weis\/#breadcrumb\"},\"inLanguage\":\"de\",\"potentialAction\":[{\"@type\":\"ReadAction\",\"target\":[\"https:\/\/hubsch-interior.com\/de\/produkt\/muse-hangelampe-ellipse-weis\/\"]}]},{\"@type\":\"ImageObject\",\"inLanguage\":\"de\",\"@id\":\"https:\/\/hubsch-interior.com\/de\/produkt\/muse-hangelampe-ellipse-weis\/#primaryimage\",\"url\":\"https:\/\/hubsch-interior.com\/wp-content\/uploads\/2026\/02\/muse-pendant-ellipse-white-6a5d6153e0aee73eb1cfd5893c8611a4.jpg\",\"contentUrl\":\"https:\/\/hubsch-interior.com\/wp-content\/uploads\/2026\/02\/muse-pendant-ellipse-white-6a5d6153e0aee73eb1cfd5893c8611a4.jpg\",\"width\":1024,\"height\":1024},{\"@type\":\"BreadcrumbList\",\"@id\":\"https:\/\/hubsch-interior.com\/de\/produkt\/muse-hangelampe-ellipse-weis\/#breadcrumb\",\"itemListElement\":[{\"@type\":\"ListItem\",\"position\":1,\"name\":\"Startseite\",\"item\":\"https:\/\/hubsch-interior.com\/de\/\"},{\"@type\":\"ListItem\",\"position\":2,\"name\":\"Produkte\",\"item\":\"https:\/\/hubsch-interior.com\/de\/shop-2\/\"},{\"@type\":\"ListItem\",\"position\":3,\"name\":\"Beleuchtung\",\"item\":\"https:\/\/hubsch-interior.com\/de\/produkt-kategorie\/beleuchtung\/\"},{\"@type\":\"ListItem\",\"position\":4,\"name\":\"H&auml;ngelampen\",\"item\":\"https:\/\/hubsch-interior.com\/de\/produkt-kategorie\/beleuchtung\/haengelampen-de\/\"},{\"@type\":\"ListItem\",\"position\":5,\"name\":\"Muse H\u00e4ngelampe Ellipse Wei\u00df\"}]},{\"@type\":\"WebSite\",\"@id\":\"https:\/\/hubsch-interior.com\/de\/#website\",\"url\":\"https:\/\/hubsch-interior.com\/de\/\",\"name\":\"H\u00fcbsch\",\"description\":\"Danish Home Interior and Design\",\"publisher\":{\"@id\":\"https:\/\/hubsch-interior.com\/de\/#organization\"},\"potentialAction\":[{\"@type\":\"SearchAction\",\"target\":{\"@type\":\"EntryPoint\",\"urlTemplate\":\"https:\/\/hubsch-interior.com\/de\/?s={search_term_string}\"},\"query-input\":{\"@type\":\"PropertyValueSpecification\",\"valueRequired\":true,\"valueName\":\"search_term_string\"}}],\"inLanguage\":\"de\"},{\"@type\":\"Organization\",\"@id\":\"https:\/\/hubsch-interior.com\/de\/#organization\",\"name\":\"H\u00fcbsch\",\"url\":\"https:\/\/hubsch-interior.com\/de\/\",\"logo\":{\"@type\":\"ImageObject\",\"inLanguage\":\"de\",\"@id\":\"https:\/\/hubsch-interior.com\/de\/#\/schema\/logo\/image\/\",\"url\":\"https:\/\/hubsch-interior.com\/wp-content\/uploads\/2022\/12\/Hubsch_logo_black_one_line.svg\",\"contentUrl\":\"https:\/\/hubsch-interior.com\/wp-content\/uploads\/2022\/12\/Hubsch_logo_black_one_line.svg\",\"caption\":\"H\u00fcbsch\"},\"image\":{\"@id\":\"https:\/\/hubsch-interior.com\/de\/#\/schema\/logo\/image\/\"}}]}<\/script>\n<!-- \/ Yoast SEO plugin. -->","yoast_head_json":{"title":"Muse H\u00e4ngelampe Ellipse Wei\u00df - H\u00fcbsch","description":"Die Muse H\u00e4ngelampe ist eine atemberaubende Erg\u00e4nzung f\u00fcr Ihre Wohnkultur. Aus elegantem wei\u00dfem Opalglas und Metall gefertigt, strahlt ihre sanfte Formen","robots":{"index":"index","follow":"follow","max-snippet":"max-snippet:-1","max-image-preview":"max-image-preview:large","max-video-preview":"max-video-preview:-1"},"canonical":"https:\/\/hubsch-interior.com\/de\/wp-json\/wp\/v2\/product\/955497","og_locale":"de_DE","og_type":"article","og_title":"Muse H\u00e4ngelampe Ellipse Wei\u00df - H\u00fcbsch","og_description":"Die Muse H\u00e4ngelampe ist eine atemberaubende Erg\u00e4nzung f\u00fcr Ihre Wohnkultur. Aus elegantem wei\u00dfem Opalglas und Metall gefertigt, strahlt ihre sanfte Formen","og_url":"https:\/\/hubsch-interior.com\/de\/produkt\/muse-hangelampe-ellipse-weis\/","og_site_name":"H\u00fcbsch","article_modified_time":"2026-04-05T03:08:08+00:00","og_image":[{"width":1200,"height":1200,"url":"https:\/\/hubsch-interior.com\/wp-content\/uploads\/2025\/05\/muse-pendant-ellipse-white-d6e5676b56c84990446c7121d2c27495.jpg","type":"image\/jpeg"}],"twitter_card":"summary_large_image","schema":{"@context":"https:\/\/schema.org","@graph":[{"@type":"WebPage","@id":"https:\/\/hubsch-interior.com\/de\/produkt\/muse-hangelampe-ellipse-weis\/","url":"https:\/\/hubsch-interior.com\/de\/produkt\/muse-hangelampe-ellipse-weis\/","name":"Muse H\u00e4ngelampe Ellipse Wei\u00df - H\u00fcbsch","isPartOf":{"@id":"https:\/\/hubsch-interior.com\/de\/#website"},"primaryImageOfPage":{"@id":"https:\/\/hubsch-interior.com\/de\/produkt\/muse-hangelampe-ellipse-weis\/#primaryimage"},"image":{"@id":"https:\/\/hubsch-interior.com\/de\/produkt\/muse-hangelampe-ellipse-weis\/#primaryimage"},"thumbnailUrl":"https:\/\/hubsch-interior.com\/wp-content\/uploads\/2026\/02\/muse-pendant-ellipse-white-6a5d6153e0aee73eb1cfd5893c8611a4.jpg","datePublished":"2023-11-01T09:03:40+00:00","dateModified":"2026-04-05T03:08:08+00:00","description":"Die Muse H\u00e4ngelampe ist eine atemberaubende Erg\u00e4nzung f\u00fcr Ihre Wohnkultur. Aus elegantem wei\u00dfem Opalglas und Metall gefertigt, strahlt ihre sanfte Formen","breadcrumb":{"@id":"https:\/\/hubsch-interior.com\/de\/produkt\/muse-hangelampe-ellipse-weis\/#breadcrumb"},"inLanguage":"de","potentialAction":[{"@type":"ReadAction","target":["https:\/\/hubsch-interior.com\/de\/produkt\/muse-hangelampe-ellipse-weis\/"]}]},{"@type":"ImageObject","inLanguage":"de","@id":"https:\/\/hubsch-interior.com\/de\/produkt\/muse-hangelampe-ellipse-weis\/#primaryimage","url":"https:\/\/hubsch-interior.com\/wp-content\/uploads\/2026\/02\/muse-pendant-ellipse-white-6a5d6153e0aee73eb1cfd5893c8611a4.jpg","contentUrl":"https:\/\/hubsch-interior.com\/wp-content\/uploads\/2026\/02\/muse-pendant-ellipse-white-6a5d6153e0aee73eb1cfd5893c8611a4.jpg","width":1024,"height":1024},{"@type":"BreadcrumbList","@id":"https:\/\/hubsch-interior.com\/de\/produkt\/muse-hangelampe-ellipse-weis\/#breadcrumb","itemListElement":[{"@type":"ListItem","position":1,"name":"Startseite","item":"https:\/\/hubsch-interior.com\/de\/"},{"@type":"ListItem","position":2,"name":"Produkte","item":"https:\/\/hubsch-interior.com\/de\/shop-2\/"},{"@type":"ListItem","position":3,"name":"Beleuchtung","item":"https:\/\/hubsch-interior.com\/de\/produkt-kategorie\/beleuchtung\/"},{"@type":"ListItem","position":4,"name":"H&auml;ngelampen","item":"https:\/\/hubsch-interior.com\/de\/produkt-kategorie\/beleuchtung\/haengelampen-de\/"},{"@type":"ListItem","position":5,"name":"Muse H\u00e4ngelampe Ellipse Wei\u00df"}]},{"@type":"WebSite","@id":"https:\/\/hubsch-interior.com\/de\/#website","url":"https:\/\/hubsch-interior.com\/de\/","name":"H\u00fcbsch","description":"Danish Home Interior and Design","publisher":{"@id":"https:\/\/hubsch-interior.com\/de\/#organization"},"potentialAction":[{"@type":"SearchAction","target":{"@type":"EntryPoint","urlTemplate":"https:\/\/hubsch-interior.com\/de\/?s={search_term_string}"},"query-input":{"@type":"PropertyValueSpecification","valueRequired":true,"valueName":"search_term_string"}}],"inLanguage":"de"},{"@type":"Organization","@id":"https:\/\/hubsch-interior.com\/de\/#organization","name":"H\u00fcbsch","url":"https:\/\/hubsch-interior.com\/de\/","logo":{"@type":"ImageObject","inLanguage":"de","@id":"https:\/\/hubsch-interior.com\/de\/#\/schema\/logo\/image\/","url":"https:\/\/hubsch-interior.com\/wp-content\/uploads\/2022\/12\/Hubsch_logo_black_one_line.svg","contentUrl":"https:\/\/hubsch-interior.com\/wp-content\/uploads\/2022\/12\/Hubsch_logo_black_one_line.svg","caption":"H\u00fcbsch"},"image":{"@id":"https:\/\/hubsch-interior.com\/de\/#\/schema\/logo\/image\/"}}]}},"_links":{"self":[{"href":"https:\/\/hubsch-interior.com\/de\/wp-json\/wp\/v2\/product\/955497","targetHints":{"allow":["GET"]}}],"collection":[{"href":"https:\/\/hubsch-interior.com\/de\/wp-json\/wp\/v2\/product"}],"about":[{"href":"https:\/\/hubsch-interior.com\/de\/wp-json\/wp\/v2\/types\/product"}],"wp:featuredmedia":[{"embeddable":true,"href":"https:\/\/hubsch-interior.com\/de\/wp-json\/wp\/v2\/media\/1107236"}],"wp:attachment":[{"href":"https:\/\/hubsch-interior.com\/de\/wp-json\/wp\/v2\/media?parent=955497"}],"wp:term":[{"taxonomy":"product_brand","embeddable":true,"href":"https:\/\/hubsch-interior.com\/de\/wp-json\/wp\/v2\/product_brand?post=955497"},{"taxonomy":"product_cat","embeddable":true,"href":"https:\/\/hubsch-interior.com\/de\/wp-json\/wp\/v2\/product_cat?post=955497"},{"taxonomy":"product_tag","embeddable":true,"href":"https:\/\/hubsch-interior.com\/de\/wp-json\/wp\/v2\/product_tag?post=955497"}],"curies":[{"name":"wp","href":"https:\/\/api.w.org\/{rel}","templated":true}]}}