{"id":958753,"date":"2023-11-13T07:48:42","date_gmt":"2023-11-13T06:48:42","guid":{"rendered":"https:\/\/hubsch-interior.com\/product\/product\/"},"modified":"2026-04-08T04:22:26","modified_gmt":"2026-04-08T02:22:26","slug":"block-bettwasche-60-220-beige-multifarben","status":"publish","type":"product","link":"https:\/\/hubsch-interior.com\/de\/produkt\/block-bettwasche-60-220-beige-multifarben\/","title":{"rendered":"Block Bettw\u00e4sche 60\/220 Beige\/\u00a0Multifarben"},"content":{"rendered":"<p>Die Block Bettw\u00e4sche erweitert unser Sortiment an Schlafzimmertextilien um einen neuen grafischen Druck. Die aus OEKO-TEX\u00ae STANDARD 100-Baumwolle gefertigte Bettw\u00e4sche in den Farben Sand, Lila und Gr\u00fcn ist eine komfortable und luxuri\u00f6se H\u00fclle f\u00fcr jede Nacht \u2013 oder jeden Tag, wir urteilen nicht! W\u00e4hlen Sie aus zwei verschiedenen Gr\u00f6\u00dfen und zwei Farbkombinationen, um Ihre Schlafzimmereinrichtung stilvoll zu erg\u00e4nzen.<\/p>\n","protected":false},"excerpt":{"rendered":"<p>Die Block Bettw\u00e4sche erweitert unser Sortiment an Schlafzimmertextilien um einen neuen grafischen Druck. Die aus OEKO-TEX\u00ae STANDARD 100-Baumwolle gefertigte Bettw\u00e4sche in den Farben Sand, Lila und Gr\u00fcn ist eine komfortable und luxuri\u00f6se H\u00fclle f\u00fcr jede Nacht \u2013 oder jeden Tag, wir urteilen nicht! W\u00e4hlen Sie aus zwei verschiedenen Gr\u00f6\u00dfen und zwei Farbkombinationen, um Ihre Schlafzimmereinrichtung [&hellip;]<\/p>\n","protected":false},"featured_media":1095023,"template":"","meta":{"_acf_changed":false,"inline_featured_image":false},"product_brand":[],"product_cat":[6739,3004,3971],"product_tag":[],"class_list":{"0":"post-958753","1":"product","2":"type-product","3":"status-publish","4":"has-post-thumbnail","6":"product_cat-colour-revival-de","7":"product_cat-textilien","8":"product_cat-bettwaesche-de","9":"product_shipping_class-pk","10":"pa_color-beige-4","11":"pa_color-multifarben-2","12":"pa_material-cotton-100-de","14":"first","15":"instock","16":"taxable","17":"shipping-taxable","18":"purchasable","19":"product-type-simple"},"exclude_global_add_ons":[],"addons":[],"acf":[],"yoast_head":"<!-- This site is optimized with the Yoast SEO plugin v26.4 - https:\/\/yoast.com\/wordpress\/plugins\/seo\/ -->\n<title>Block Bettw\u00e4sche 60\/220 Beige\/\u00a0Multifarben - H\u00fcbsch<\/title>\n<meta name=\"description\" content=\"Die Block Bettw\u00e4sche erweitert unser Sortiment an Schlafzimmertextilien um einen neuen grafischen Druck. Die aus OEKO-TEX\u00ae STANDARD 100-Baumwolle\" \/>\n<meta name=\"robots\" content=\"index, follow, max-snippet:-1, max-image-preview:large, max-video-preview:-1\" \/>\n<link rel=\"canonical\" href=\"https:\/\/hubsch-interior.com\/de\/wp-json\/wp\/v2\/product\/958753\" \/>\n<meta property=\"og:locale\" content=\"de_DE\" \/>\n<meta property=\"og:type\" content=\"article\" \/>\n<meta property=\"og:title\" content=\"Block Bettw\u00e4sche 60\/220 Beige\/\u00a0Multifarben - H\u00fcbsch\" \/>\n<meta property=\"og:description\" content=\"Die Block Bettw\u00e4sche erweitert unser Sortiment an Schlafzimmertextilien um einen neuen grafischen Druck. Die aus OEKO-TEX\u00ae STANDARD 100-Baumwolle\" \/>\n<meta property=\"og:url\" content=\"https:\/\/hubsch-interior.com\/de\/produkt\/block-bettwasche-60-220-beige-multifarben\/\" \/>\n<meta property=\"og:site_name\" content=\"H\u00fcbsch\" \/>\n<meta property=\"article:modified_time\" content=\"2026-04-08T02:22:26+00:00\" \/>\n<meta property=\"og:image\" content=\"https:\/\/hubsch-interior.com\/wp-content\/uploads\/2025\/05\/block-bed-linen-60220-beigemulticolour-e618339a7eb866136f170445a218cec5.jpg\" \/>\n\t<meta property=\"og:image:width\" content=\"1200\" \/>\n\t<meta property=\"og:image:height\" content=\"1200\" \/>\n\t<meta property=\"og:image:type\" content=\"image\/jpeg\" \/>\n<meta name=\"twitter:card\" content=\"summary_large_image\" \/>\n<script type=\"application\/ld+json\" class=\"yoast-schema-graph\">{\"@context\":\"https:\/\/schema.org\",\"@graph\":[{\"@type\":\"WebPage\",\"@id\":\"https:\/\/hubsch-interior.com\/de\/produkt\/block-bettwasche-60-220-beige-multifarben\/\",\"url\":\"https:\/\/hubsch-interior.com\/de\/produkt\/block-bettwasche-60-220-beige-multifarben\/\",\"name\":\"Block Bettw\u00e4sche 60\/220 Beige\/\u00a0Multifarben - H\u00fcbsch\",\"isPartOf\":{\"@id\":\"https:\/\/hubsch-interior.com\/de\/#website\"},\"primaryImageOfPage\":{\"@id\":\"https:\/\/hubsch-interior.com\/de\/produkt\/block-bettwasche-60-220-beige-multifarben\/#primaryimage\"},\"image\":{\"@id\":\"https:\/\/hubsch-interior.com\/de\/produkt\/block-bettwasche-60-220-beige-multifarben\/#primaryimage\"},\"thumbnailUrl\":\"https:\/\/hubsch-interior.com\/wp-content\/uploads\/2026\/02\/block-bed-linen-60220-beigemulticolour-f2fd63927724ecc2842d132c46490c39.jpg\",\"datePublished\":\"2023-11-13T06:48:42+00:00\",\"dateModified\":\"2026-04-08T02:22:26+00:00\",\"description\":\"Die Block Bettw\u00e4sche erweitert unser Sortiment an Schlafzimmertextilien um einen neuen grafischen Druck. Die aus OEKO-TEX\u00ae STANDARD 100-Baumwolle\",\"breadcrumb\":{\"@id\":\"https:\/\/hubsch-interior.com\/de\/produkt\/block-bettwasche-60-220-beige-multifarben\/#breadcrumb\"},\"inLanguage\":\"de\",\"potentialAction\":[{\"@type\":\"ReadAction\",\"target\":[\"https:\/\/hubsch-interior.com\/de\/produkt\/block-bettwasche-60-220-beige-multifarben\/\"]}]},{\"@type\":\"ImageObject\",\"inLanguage\":\"de\",\"@id\":\"https:\/\/hubsch-interior.com\/de\/produkt\/block-bettwasche-60-220-beige-multifarben\/#primaryimage\",\"url\":\"https:\/\/hubsch-interior.com\/wp-content\/uploads\/2026\/02\/block-bed-linen-60220-beigemulticolour-f2fd63927724ecc2842d132c46490c39.jpg\",\"contentUrl\":\"https:\/\/hubsch-interior.com\/wp-content\/uploads\/2026\/02\/block-bed-linen-60220-beigemulticolour-f2fd63927724ecc2842d132c46490c39.jpg\",\"width\":1024,\"height\":1024},{\"@type\":\"BreadcrumbList\",\"@id\":\"https:\/\/hubsch-interior.com\/de\/produkt\/block-bettwasche-60-220-beige-multifarben\/#breadcrumb\",\"itemListElement\":[{\"@type\":\"ListItem\",\"position\":1,\"name\":\"Startseite\",\"item\":\"https:\/\/hubsch-interior.com\/de\/\"},{\"@type\":\"ListItem\",\"position\":2,\"name\":\"Produkte\",\"item\":\"https:\/\/hubsch-interior.com\/de\/shop-2\/\"},{\"@type\":\"ListItem\",\"position\":3,\"name\":\"Textilien\",\"item\":\"https:\/\/hubsch-interior.com\/de\/produkt-kategorie\/textilien\/\"},{\"@type\":\"ListItem\",\"position\":4,\"name\":\"Bettw&auml;sche\",\"item\":\"https:\/\/hubsch-interior.com\/de\/produkt-kategorie\/textilien\/bettwaesche-de\/\"},{\"@type\":\"ListItem\",\"position\":5,\"name\":\"Block Bettw\u00e4sche 60\/220 Beige\/\u00a0Multifarben\"}]},{\"@type\":\"WebSite\",\"@id\":\"https:\/\/hubsch-interior.com\/de\/#website\",\"url\":\"https:\/\/hubsch-interior.com\/de\/\",\"name\":\"H\u00fcbsch\",\"description\":\"Danish Home Interior and Design\",\"publisher\":{\"@id\":\"https:\/\/hubsch-interior.com\/de\/#organization\"},\"potentialAction\":[{\"@type\":\"SearchAction\",\"target\":{\"@type\":\"EntryPoint\",\"urlTemplate\":\"https:\/\/hubsch-interior.com\/de\/?s={search_term_string}\"},\"query-input\":{\"@type\":\"PropertyValueSpecification\",\"valueRequired\":true,\"valueName\":\"search_term_string\"}}],\"inLanguage\":\"de\"},{\"@type\":\"Organization\",\"@id\":\"https:\/\/hubsch-interior.com\/de\/#organization\",\"name\":\"H\u00fcbsch\",\"url\":\"https:\/\/hubsch-interior.com\/de\/\",\"logo\":{\"@type\":\"ImageObject\",\"inLanguage\":\"de\",\"@id\":\"https:\/\/hubsch-interior.com\/de\/#\/schema\/logo\/image\/\",\"url\":\"https:\/\/hubsch-interior.com\/wp-content\/uploads\/2022\/12\/Hubsch_logo_black_one_line.svg\",\"contentUrl\":\"https:\/\/hubsch-interior.com\/wp-content\/uploads\/2022\/12\/Hubsch_logo_black_one_line.svg\",\"caption\":\"H\u00fcbsch\"},\"image\":{\"@id\":\"https:\/\/hubsch-interior.com\/de\/#\/schema\/logo\/image\/\"}}]}<\/script>\n<!-- \/ Yoast SEO plugin. -->","yoast_head_json":{"title":"Block Bettw\u00e4sche 60\/220 Beige\/\u00a0Multifarben - H\u00fcbsch","description":"Die Block Bettw\u00e4sche erweitert unser Sortiment an Schlafzimmertextilien um einen neuen grafischen Druck. Die aus OEKO-TEX\u00ae STANDARD 100-Baumwolle","robots":{"index":"index","follow":"follow","max-snippet":"max-snippet:-1","max-image-preview":"max-image-preview:large","max-video-preview":"max-video-preview:-1"},"canonical":"https:\/\/hubsch-interior.com\/de\/wp-json\/wp\/v2\/product\/958753","og_locale":"de_DE","og_type":"article","og_title":"Block Bettw\u00e4sche 60\/220 Beige\/\u00a0Multifarben - H\u00fcbsch","og_description":"Die Block Bettw\u00e4sche erweitert unser Sortiment an Schlafzimmertextilien um einen neuen grafischen Druck. Die aus OEKO-TEX\u00ae STANDARD 100-Baumwolle","og_url":"https:\/\/hubsch-interior.com\/de\/produkt\/block-bettwasche-60-220-beige-multifarben\/","og_site_name":"H\u00fcbsch","article_modified_time":"2026-04-08T02:22:26+00:00","og_image":[{"width":1200,"height":1200,"url":"https:\/\/hubsch-interior.com\/wp-content\/uploads\/2025\/05\/block-bed-linen-60220-beigemulticolour-e618339a7eb866136f170445a218cec5.jpg","type":"image\/jpeg"}],"twitter_card":"summary_large_image","schema":{"@context":"https:\/\/schema.org","@graph":[{"@type":"WebPage","@id":"https:\/\/hubsch-interior.com\/de\/produkt\/block-bettwasche-60-220-beige-multifarben\/","url":"https:\/\/hubsch-interior.com\/de\/produkt\/block-bettwasche-60-220-beige-multifarben\/","name":"Block Bettw\u00e4sche 60\/220 Beige\/\u00a0Multifarben - H\u00fcbsch","isPartOf":{"@id":"https:\/\/hubsch-interior.com\/de\/#website"},"primaryImageOfPage":{"@id":"https:\/\/hubsch-interior.com\/de\/produkt\/block-bettwasche-60-220-beige-multifarben\/#primaryimage"},"image":{"@id":"https:\/\/hubsch-interior.com\/de\/produkt\/block-bettwasche-60-220-beige-multifarben\/#primaryimage"},"thumbnailUrl":"https:\/\/hubsch-interior.com\/wp-content\/uploads\/2026\/02\/block-bed-linen-60220-beigemulticolour-f2fd63927724ecc2842d132c46490c39.jpg","datePublished":"2023-11-13T06:48:42+00:00","dateModified":"2026-04-08T02:22:26+00:00","description":"Die Block Bettw\u00e4sche erweitert unser Sortiment an Schlafzimmertextilien um einen neuen grafischen Druck. Die aus OEKO-TEX\u00ae STANDARD 100-Baumwolle","breadcrumb":{"@id":"https:\/\/hubsch-interior.com\/de\/produkt\/block-bettwasche-60-220-beige-multifarben\/#breadcrumb"},"inLanguage":"de","potentialAction":[{"@type":"ReadAction","target":["https:\/\/hubsch-interior.com\/de\/produkt\/block-bettwasche-60-220-beige-multifarben\/"]}]},{"@type":"ImageObject","inLanguage":"de","@id":"https:\/\/hubsch-interior.com\/de\/produkt\/block-bettwasche-60-220-beige-multifarben\/#primaryimage","url":"https:\/\/hubsch-interior.com\/wp-content\/uploads\/2026\/02\/block-bed-linen-60220-beigemulticolour-f2fd63927724ecc2842d132c46490c39.jpg","contentUrl":"https:\/\/hubsch-interior.com\/wp-content\/uploads\/2026\/02\/block-bed-linen-60220-beigemulticolour-f2fd63927724ecc2842d132c46490c39.jpg","width":1024,"height":1024},{"@type":"BreadcrumbList","@id":"https:\/\/hubsch-interior.com\/de\/produkt\/block-bettwasche-60-220-beige-multifarben\/#breadcrumb","itemListElement":[{"@type":"ListItem","position":1,"name":"Startseite","item":"https:\/\/hubsch-interior.com\/de\/"},{"@type":"ListItem","position":2,"name":"Produkte","item":"https:\/\/hubsch-interior.com\/de\/shop-2\/"},{"@type":"ListItem","position":3,"name":"Textilien","item":"https:\/\/hubsch-interior.com\/de\/produkt-kategorie\/textilien\/"},{"@type":"ListItem","position":4,"name":"Bettw&auml;sche","item":"https:\/\/hubsch-interior.com\/de\/produkt-kategorie\/textilien\/bettwaesche-de\/"},{"@type":"ListItem","position":5,"name":"Block Bettw\u00e4sche 60\/220 Beige\/\u00a0Multifarben"}]},{"@type":"WebSite","@id":"https:\/\/hubsch-interior.com\/de\/#website","url":"https:\/\/hubsch-interior.com\/de\/","name":"H\u00fcbsch","description":"Danish Home Interior and Design","publisher":{"@id":"https:\/\/hubsch-interior.com\/de\/#organization"},"potentialAction":[{"@type":"SearchAction","target":{"@type":"EntryPoint","urlTemplate":"https:\/\/hubsch-interior.com\/de\/?s={search_term_string}"},"query-input":{"@type":"PropertyValueSpecification","valueRequired":true,"valueName":"search_term_string"}}],"inLanguage":"de"},{"@type":"Organization","@id":"https:\/\/hubsch-interior.com\/de\/#organization","name":"H\u00fcbsch","url":"https:\/\/hubsch-interior.com\/de\/","logo":{"@type":"ImageObject","inLanguage":"de","@id":"https:\/\/hubsch-interior.com\/de\/#\/schema\/logo\/image\/","url":"https:\/\/hubsch-interior.com\/wp-content\/uploads\/2022\/12\/Hubsch_logo_black_one_line.svg","contentUrl":"https:\/\/hubsch-interior.com\/wp-content\/uploads\/2022\/12\/Hubsch_logo_black_one_line.svg","caption":"H\u00fcbsch"},"image":{"@id":"https:\/\/hubsch-interior.com\/de\/#\/schema\/logo\/image\/"}}]}},"_links":{"self":[{"href":"https:\/\/hubsch-interior.com\/de\/wp-json\/wp\/v2\/product\/958753","targetHints":{"allow":["GET"]}}],"collection":[{"href":"https:\/\/hubsch-interior.com\/de\/wp-json\/wp\/v2\/product"}],"about":[{"href":"https:\/\/hubsch-interior.com\/de\/wp-json\/wp\/v2\/types\/product"}],"wp:featuredmedia":[{"embeddable":true,"href":"https:\/\/hubsch-interior.com\/de\/wp-json\/wp\/v2\/media\/1095023"}],"wp:attachment":[{"href":"https:\/\/hubsch-interior.com\/de\/wp-json\/wp\/v2\/media?parent=958753"}],"wp:term":[{"taxonomy":"product_brand","embeddable":true,"href":"https:\/\/hubsch-interior.com\/de\/wp-json\/wp\/v2\/product_brand?post=958753"},{"taxonomy":"product_cat","embeddable":true,"href":"https:\/\/hubsch-interior.com\/de\/wp-json\/wp\/v2\/product_cat?post=958753"},{"taxonomy":"product_tag","embeddable":true,"href":"https:\/\/hubsch-interior.com\/de\/wp-json\/wp\/v2\/product_tag?post=958753"}],"curies":[{"name":"wp","href":"https:\/\/api.w.org\/{rel}","templated":true}]}}