{"id":958825,"date":"2023-11-13T07:49:38","date_gmt":"2023-11-13T06:49:38","guid":{"rendered":"https:\/\/hubsch-interior.com\/product\/product\/"},"modified":"2026-04-04T04:37:23","modified_gmt":"2026-04-04T02:37:23","slug":"umber-vase-klar","status":"publish","type":"product","link":"https:\/\/hubsch-interior.com\/de\/produkt\/umber-vase-klar\/","title":{"rendered":"Umber Vase Klar"},"content":{"rendered":"<p>Wir lieben es, wenn sich eine gute Geschichte wiederholt. Und genau so geht es uns mit der Umber Vase, die jetzt in zwei bezaubernden neuen Farbt\u00f6nen erh\u00e4ltlich ist! Die schlanke transparente Vase passt perfekt auf Ihre Fensterbank. Dekorieren und versch\u00f6nern Sie Ihre Einrichtung mit einer faszinierenden Kombination aus Blumen und Vasen.<\/p>\n","protected":false},"excerpt":{"rendered":"<p>Wir lieben es, wenn sich eine gute Geschichte wiederholt. Und genau so geht es uns mit der Umber Vase, die jetzt in zwei bezaubernden neuen Farbt\u00f6nen erh\u00e4ltlich ist! Die schlanke transparente Vase passt perfekt auf Ihre Fensterbank. Dekorieren und versch\u00f6nern Sie Ihre Einrichtung mit einer faszinierenden Kombination aus Blumen und Vasen.<\/p>\n","protected":false},"featured_media":1099268,"template":"","meta":{"_acf_changed":false,"inline_featured_image":false},"product_brand":[],"product_cat":[3156],"product_tag":[],"class_list":{"0":"post-958825","1":"product","2":"type-product","3":"status-publish","4":"has-post-thumbnail","6":"product_cat-vasen-de","7":"product_shipping_class-pk","8":"pa_color-klar-de","9":"pa_material-glas-de","11":"first","12":"outofstock","13":"taxable","14":"shipping-taxable","15":"purchasable","16":"product-type-simple"},"exclude_global_add_ons":[],"addons":[],"acf":[],"yoast_head":"<!-- This site is optimized with the Yoast SEO plugin v26.4 - https:\/\/yoast.com\/wordpress\/plugins\/seo\/ -->\n<title>Umber Vase Klar - H\u00fcbsch<\/title>\n<meta name=\"description\" content=\"Wir lieben es, wenn sich eine gute Geschichte wiederholt. Und genau so geht es uns mit der Umber Vase, die jetzt in zwei bezaubernden neuen Farbt\u00f6nen\" \/>\n<meta name=\"robots\" content=\"index, follow, max-snippet:-1, max-image-preview:large, max-video-preview:-1\" \/>\n<link rel=\"canonical\" href=\"https:\/\/hubsch-interior.com\/de\/wp-json\/wp\/v2\/product\/958825\" \/>\n<meta property=\"og:locale\" content=\"de_DE\" \/>\n<meta property=\"og:type\" content=\"article\" \/>\n<meta property=\"og:title\" content=\"Umber Vase Klar - H\u00fcbsch\" \/>\n<meta property=\"og:description\" content=\"Wir lieben es, wenn sich eine gute Geschichte wiederholt. Und genau so geht es uns mit der Umber Vase, die jetzt in zwei bezaubernden neuen Farbt\u00f6nen\" \/>\n<meta property=\"og:url\" content=\"https:\/\/hubsch-interior.com\/de\/produkt\/umber-vase-klar\/\" \/>\n<meta property=\"og:site_name\" content=\"H\u00fcbsch\" \/>\n<meta property=\"article:modified_time\" content=\"2026-04-04T02:37:23+00:00\" \/>\n<meta property=\"og:image\" content=\"https:\/\/hubsch-interior.com\/wp-content\/uploads\/2024\/01\/umber-vase-clear-51cf1a6e0149a5ff89f9176d9d5200d5.jpg\" \/>\n\t<meta property=\"og:image:width\" content=\"1200\" \/>\n\t<meta property=\"og:image:height\" content=\"1200\" \/>\n\t<meta property=\"og:image:type\" content=\"image\/jpeg\" \/>\n<meta name=\"twitter:card\" content=\"summary_large_image\" \/>\n<script type=\"application\/ld+json\" class=\"yoast-schema-graph\">{\"@context\":\"https:\/\/schema.org\",\"@graph\":[{\"@type\":\"WebPage\",\"@id\":\"https:\/\/hubsch-interior.com\/de\/produkt\/umber-vase-klar\/\",\"url\":\"https:\/\/hubsch-interior.com\/de\/produkt\/umber-vase-klar\/\",\"name\":\"Umber Vase Klar - H\u00fcbsch\",\"isPartOf\":{\"@id\":\"https:\/\/hubsch-interior.com\/de\/#website\"},\"primaryImageOfPage\":{\"@id\":\"https:\/\/hubsch-interior.com\/de\/produkt\/umber-vase-klar\/#primaryimage\"},\"image\":{\"@id\":\"https:\/\/hubsch-interior.com\/de\/produkt\/umber-vase-klar\/#primaryimage\"},\"thumbnailUrl\":\"https:\/\/hubsch-interior.com\/wp-content\/uploads\/2026\/02\/umber-vase-clear-0475f627ffe7b98ec60ac22191054ec2.jpg\",\"datePublished\":\"2023-11-13T06:49:38+00:00\",\"dateModified\":\"2026-04-04T02:37:23+00:00\",\"description\":\"Wir lieben es, wenn sich eine gute Geschichte wiederholt. Und genau so geht es uns mit der Umber Vase, die jetzt in zwei bezaubernden neuen Farbt\u00f6nen\",\"breadcrumb\":{\"@id\":\"https:\/\/hubsch-interior.com\/de\/produkt\/umber-vase-klar\/#breadcrumb\"},\"inLanguage\":\"de\",\"potentialAction\":[{\"@type\":\"ReadAction\",\"target\":[\"https:\/\/hubsch-interior.com\/de\/produkt\/umber-vase-klar\/\"]}]},{\"@type\":\"ImageObject\",\"inLanguage\":\"de\",\"@id\":\"https:\/\/hubsch-interior.com\/de\/produkt\/umber-vase-klar\/#primaryimage\",\"url\":\"https:\/\/hubsch-interior.com\/wp-content\/uploads\/2026\/02\/umber-vase-clear-0475f627ffe7b98ec60ac22191054ec2.jpg\",\"contentUrl\":\"https:\/\/hubsch-interior.com\/wp-content\/uploads\/2026\/02\/umber-vase-clear-0475f627ffe7b98ec60ac22191054ec2.jpg\",\"width\":1024,\"height\":1024},{\"@type\":\"BreadcrumbList\",\"@id\":\"https:\/\/hubsch-interior.com\/de\/produkt\/umber-vase-klar\/#breadcrumb\",\"itemListElement\":[{\"@type\":\"ListItem\",\"position\":1,\"name\":\"Startseite\",\"item\":\"https:\/\/hubsch-interior.com\/de\/\"},{\"@type\":\"ListItem\",\"position\":2,\"name\":\"Produkte\",\"item\":\"https:\/\/hubsch-interior.com\/de\/shop-2\/\"},{\"@type\":\"ListItem\",\"position\":3,\"name\":\"Wohnaccessoires\",\"item\":\"https:\/\/hubsch-interior.com\/de\/produkt-kategorie\/wohnaccessoires\/\"},{\"@type\":\"ListItem\",\"position\":4,\"name\":\"Vasen\",\"item\":\"https:\/\/hubsch-interior.com\/de\/produkt-kategorie\/wohnaccessoires\/vasen-de\/\"},{\"@type\":\"ListItem\",\"position\":5,\"name\":\"Umber Vase Klar\"}]},{\"@type\":\"WebSite\",\"@id\":\"https:\/\/hubsch-interior.com\/de\/#website\",\"url\":\"https:\/\/hubsch-interior.com\/de\/\",\"name\":\"H\u00fcbsch\",\"description\":\"Danish Home Interior and Design\",\"publisher\":{\"@id\":\"https:\/\/hubsch-interior.com\/de\/#organization\"},\"potentialAction\":[{\"@type\":\"SearchAction\",\"target\":{\"@type\":\"EntryPoint\",\"urlTemplate\":\"https:\/\/hubsch-interior.com\/de\/?s={search_term_string}\"},\"query-input\":{\"@type\":\"PropertyValueSpecification\",\"valueRequired\":true,\"valueName\":\"search_term_string\"}}],\"inLanguage\":\"de\"},{\"@type\":\"Organization\",\"@id\":\"https:\/\/hubsch-interior.com\/de\/#organization\",\"name\":\"H\u00fcbsch\",\"url\":\"https:\/\/hubsch-interior.com\/de\/\",\"logo\":{\"@type\":\"ImageObject\",\"inLanguage\":\"de\",\"@id\":\"https:\/\/hubsch-interior.com\/de\/#\/schema\/logo\/image\/\",\"url\":\"https:\/\/hubsch-interior.com\/wp-content\/uploads\/2022\/12\/Hubsch_logo_black_one_line.svg\",\"contentUrl\":\"https:\/\/hubsch-interior.com\/wp-content\/uploads\/2022\/12\/Hubsch_logo_black_one_line.svg\",\"caption\":\"H\u00fcbsch\"},\"image\":{\"@id\":\"https:\/\/hubsch-interior.com\/de\/#\/schema\/logo\/image\/\"}}]}<\/script>\n<!-- \/ Yoast SEO plugin. -->","yoast_head_json":{"title":"Umber Vase Klar - H\u00fcbsch","description":"Wir lieben es, wenn sich eine gute Geschichte wiederholt. Und genau so geht es uns mit der Umber Vase, die jetzt in zwei bezaubernden neuen Farbt\u00f6nen","robots":{"index":"index","follow":"follow","max-snippet":"max-snippet:-1","max-image-preview":"max-image-preview:large","max-video-preview":"max-video-preview:-1"},"canonical":"https:\/\/hubsch-interior.com\/de\/wp-json\/wp\/v2\/product\/958825","og_locale":"de_DE","og_type":"article","og_title":"Umber Vase Klar - H\u00fcbsch","og_description":"Wir lieben es, wenn sich eine gute Geschichte wiederholt. Und genau so geht es uns mit der Umber Vase, die jetzt in zwei bezaubernden neuen Farbt\u00f6nen","og_url":"https:\/\/hubsch-interior.com\/de\/produkt\/umber-vase-klar\/","og_site_name":"H\u00fcbsch","article_modified_time":"2026-04-04T02:37:23+00:00","og_image":[{"width":1200,"height":1200,"url":"https:\/\/hubsch-interior.com\/wp-content\/uploads\/2024\/01\/umber-vase-clear-51cf1a6e0149a5ff89f9176d9d5200d5.jpg","type":"image\/jpeg"}],"twitter_card":"summary_large_image","schema":{"@context":"https:\/\/schema.org","@graph":[{"@type":"WebPage","@id":"https:\/\/hubsch-interior.com\/de\/produkt\/umber-vase-klar\/","url":"https:\/\/hubsch-interior.com\/de\/produkt\/umber-vase-klar\/","name":"Umber Vase Klar - H\u00fcbsch","isPartOf":{"@id":"https:\/\/hubsch-interior.com\/de\/#website"},"primaryImageOfPage":{"@id":"https:\/\/hubsch-interior.com\/de\/produkt\/umber-vase-klar\/#primaryimage"},"image":{"@id":"https:\/\/hubsch-interior.com\/de\/produkt\/umber-vase-klar\/#primaryimage"},"thumbnailUrl":"https:\/\/hubsch-interior.com\/wp-content\/uploads\/2026\/02\/umber-vase-clear-0475f627ffe7b98ec60ac22191054ec2.jpg","datePublished":"2023-11-13T06:49:38+00:00","dateModified":"2026-04-04T02:37:23+00:00","description":"Wir lieben es, wenn sich eine gute Geschichte wiederholt. Und genau so geht es uns mit der Umber Vase, die jetzt in zwei bezaubernden neuen Farbt\u00f6nen","breadcrumb":{"@id":"https:\/\/hubsch-interior.com\/de\/produkt\/umber-vase-klar\/#breadcrumb"},"inLanguage":"de","potentialAction":[{"@type":"ReadAction","target":["https:\/\/hubsch-interior.com\/de\/produkt\/umber-vase-klar\/"]}]},{"@type":"ImageObject","inLanguage":"de","@id":"https:\/\/hubsch-interior.com\/de\/produkt\/umber-vase-klar\/#primaryimage","url":"https:\/\/hubsch-interior.com\/wp-content\/uploads\/2026\/02\/umber-vase-clear-0475f627ffe7b98ec60ac22191054ec2.jpg","contentUrl":"https:\/\/hubsch-interior.com\/wp-content\/uploads\/2026\/02\/umber-vase-clear-0475f627ffe7b98ec60ac22191054ec2.jpg","width":1024,"height":1024},{"@type":"BreadcrumbList","@id":"https:\/\/hubsch-interior.com\/de\/produkt\/umber-vase-klar\/#breadcrumb","itemListElement":[{"@type":"ListItem","position":1,"name":"Startseite","item":"https:\/\/hubsch-interior.com\/de\/"},{"@type":"ListItem","position":2,"name":"Produkte","item":"https:\/\/hubsch-interior.com\/de\/shop-2\/"},{"@type":"ListItem","position":3,"name":"Wohnaccessoires","item":"https:\/\/hubsch-interior.com\/de\/produkt-kategorie\/wohnaccessoires\/"},{"@type":"ListItem","position":4,"name":"Vasen","item":"https:\/\/hubsch-interior.com\/de\/produkt-kategorie\/wohnaccessoires\/vasen-de\/"},{"@type":"ListItem","position":5,"name":"Umber Vase Klar"}]},{"@type":"WebSite","@id":"https:\/\/hubsch-interior.com\/de\/#website","url":"https:\/\/hubsch-interior.com\/de\/","name":"H\u00fcbsch","description":"Danish Home Interior and Design","publisher":{"@id":"https:\/\/hubsch-interior.com\/de\/#organization"},"potentialAction":[{"@type":"SearchAction","target":{"@type":"EntryPoint","urlTemplate":"https:\/\/hubsch-interior.com\/de\/?s={search_term_string}"},"query-input":{"@type":"PropertyValueSpecification","valueRequired":true,"valueName":"search_term_string"}}],"inLanguage":"de"},{"@type":"Organization","@id":"https:\/\/hubsch-interior.com\/de\/#organization","name":"H\u00fcbsch","url":"https:\/\/hubsch-interior.com\/de\/","logo":{"@type":"ImageObject","inLanguage":"de","@id":"https:\/\/hubsch-interior.com\/de\/#\/schema\/logo\/image\/","url":"https:\/\/hubsch-interior.com\/wp-content\/uploads\/2022\/12\/Hubsch_logo_black_one_line.svg","contentUrl":"https:\/\/hubsch-interior.com\/wp-content\/uploads\/2022\/12\/Hubsch_logo_black_one_line.svg","caption":"H\u00fcbsch"},"image":{"@id":"https:\/\/hubsch-interior.com\/de\/#\/schema\/logo\/image\/"}}]}},"_links":{"self":[{"href":"https:\/\/hubsch-interior.com\/de\/wp-json\/wp\/v2\/product\/958825","targetHints":{"allow":["GET"]}}],"collection":[{"href":"https:\/\/hubsch-interior.com\/de\/wp-json\/wp\/v2\/product"}],"about":[{"href":"https:\/\/hubsch-interior.com\/de\/wp-json\/wp\/v2\/types\/product"}],"wp:featuredmedia":[{"embeddable":true,"href":"https:\/\/hubsch-interior.com\/de\/wp-json\/wp\/v2\/media\/1099268"}],"wp:attachment":[{"href":"https:\/\/hubsch-interior.com\/de\/wp-json\/wp\/v2\/media?parent=958825"}],"wp:term":[{"taxonomy":"product_brand","embeddable":true,"href":"https:\/\/hubsch-interior.com\/de\/wp-json\/wp\/v2\/product_brand?post=958825"},{"taxonomy":"product_cat","embeddable":true,"href":"https:\/\/hubsch-interior.com\/de\/wp-json\/wp\/v2\/product_cat?post=958825"},{"taxonomy":"product_tag","embeddable":true,"href":"https:\/\/hubsch-interior.com\/de\/wp-json\/wp\/v2\/product_tag?post=958825"}],"curies":[{"name":"wp","href":"https:\/\/api.w.org\/{rel}","templated":true}]}}