{"id":958845,"date":"2023-11-13T07:49:46","date_gmt":"2023-11-13T06:49:46","guid":{"rendered":"https:\/\/hubsch-interior.com\/product\/product\/"},"modified":"2026-04-12T04:38:19","modified_gmt":"2026-04-12T02:38:19","slug":"umber-vase-blau","status":"publish","type":"product","link":"https:\/\/hubsch-interior.com\/de\/produkt\/umber-vase-blau\/","title":{"rendered":"Umber Vase Blau"},"content":{"rendered":"<p> Wir lieben es, wenn sich eine gute Geschichte wiederholt. Und genau so geht es uns mit der Umber Vase, die jetzt in zwei bezaubernden neuen Farbt\u00f6nen erh\u00e4ltlich ist! Die schlanke blaue Vase passt perfekt auf Ihre Fensterbank. Dekorieren und versch\u00f6nern Sie Ihre Einrichtung mit einer faszinierenden Kombination aus Blumen und Vasen.<\/p>\n","protected":false},"excerpt":{"rendered":"<p>Wir lieben es, wenn sich eine gute Geschichte wiederholt. Und genau so geht es uns mit der Umber Vase, die jetzt in zwei bezaubernden neuen Farbt\u00f6nen erh\u00e4ltlich ist! Die schlanke blaue Vase passt perfekt auf Ihre Fensterbank. Dekorieren und versch\u00f6nern Sie Ihre Einrichtung mit einer faszinierenden Kombination aus Blumen und Vasen.<\/p>\n","protected":false},"featured_media":1099288,"template":"","meta":{"_acf_changed":false,"inline_featured_image":false},"product_brand":[],"product_cat":[6739,6972,3156,5027,6519],"product_tag":[],"class_list":{"0":"post-958845","1":"product","2":"type-product","3":"status-publish","4":"has-post-thumbnail","6":"product_cat-colour-revival-de","7":"product_cat-oster-sale","8":"product_cat-vasen-de","9":"product_cat-bestsellers-de","10":"product_cat-outlet-de","11":"product_shipping_class-pk","13":"pa_color-blau-2","14":"pa_material-glas-de","16":"first","17":"instock","18":"sale","19":"featured","20":"taxable","21":"shipping-taxable","22":"purchasable","23":"product-type-simple"},"exclude_global_add_ons":[],"addons":[],"acf":[],"yoast_head":"<!-- This site is optimized with the Yoast SEO plugin v26.4 - https:\/\/yoast.com\/wordpress\/plugins\/seo\/ -->\n<title>Umber Vase Blau - H\u00fcbsch<\/title>\n<meta name=\"description\" content=\"Wir lieben es, wenn sich eine gute Geschichte wiederholt. Und genau so geht es uns mit der Umber Vase, die jetzt in zwei bezaubernden neuen Farbt\u00f6nen\" \/>\n<meta name=\"robots\" content=\"index, follow, max-snippet:-1, max-image-preview:large, max-video-preview:-1\" \/>\n<link rel=\"canonical\" href=\"https:\/\/hubsch-interior.com\/de\/wp-json\/wp\/v2\/product\/958845\" \/>\n<meta property=\"og:locale\" content=\"de_DE\" \/>\n<meta property=\"og:type\" content=\"article\" \/>\n<meta property=\"og:title\" content=\"Umber Vase Blau - H\u00fcbsch\" \/>\n<meta property=\"og:description\" content=\"Wir lieben es, wenn sich eine gute Geschichte wiederholt. Und genau so geht es uns mit der Umber Vase, die jetzt in zwei bezaubernden neuen Farbt\u00f6nen\" \/>\n<meta property=\"og:url\" content=\"https:\/\/hubsch-interior.com\/de\/produkt\/umber-vase-blau\/\" \/>\n<meta property=\"og:site_name\" content=\"H\u00fcbsch\" \/>\n<meta property=\"article:modified_time\" content=\"2026-04-12T02:38:19+00:00\" \/>\n<meta property=\"og:image\" content=\"https:\/\/hubsch-interior.com\/wp-content\/uploads\/2024\/01\/umber-vase-blue-db3cd11e8e3c1ea784354b4606bdb71b.jpg\" \/>\n\t<meta property=\"og:image:width\" content=\"1200\" \/>\n\t<meta property=\"og:image:height\" content=\"1200\" \/>\n\t<meta property=\"og:image:type\" content=\"image\/jpeg\" \/>\n<meta name=\"twitter:card\" content=\"summary_large_image\" \/>\n<script type=\"application\/ld+json\" class=\"yoast-schema-graph\">{\"@context\":\"https:\/\/schema.org\",\"@graph\":[{\"@type\":\"WebPage\",\"@id\":\"https:\/\/hubsch-interior.com\/de\/produkt\/umber-vase-blau\/\",\"url\":\"https:\/\/hubsch-interior.com\/de\/produkt\/umber-vase-blau\/\",\"name\":\"Umber Vase Blau - H\u00fcbsch\",\"isPartOf\":{\"@id\":\"https:\/\/hubsch-interior.com\/de\/#website\"},\"primaryImageOfPage\":{\"@id\":\"https:\/\/hubsch-interior.com\/de\/produkt\/umber-vase-blau\/#primaryimage\"},\"image\":{\"@id\":\"https:\/\/hubsch-interior.com\/de\/produkt\/umber-vase-blau\/#primaryimage\"},\"thumbnailUrl\":\"https:\/\/hubsch-interior.com\/wp-content\/uploads\/2026\/02\/umber-vase-blue-c17fe0b38ddd5ce60bebb8db7ec6bdad.jpg\",\"datePublished\":\"2023-11-13T06:49:46+00:00\",\"dateModified\":\"2026-04-12T02:38:19+00:00\",\"description\":\"Wir lieben es, wenn sich eine gute Geschichte wiederholt. Und genau so geht es uns mit der Umber Vase, die jetzt in zwei bezaubernden neuen Farbt\u00f6nen\",\"breadcrumb\":{\"@id\":\"https:\/\/hubsch-interior.com\/de\/produkt\/umber-vase-blau\/#breadcrumb\"},\"inLanguage\":\"de\",\"potentialAction\":[{\"@type\":\"ReadAction\",\"target\":[\"https:\/\/hubsch-interior.com\/de\/produkt\/umber-vase-blau\/\"]}]},{\"@type\":\"ImageObject\",\"inLanguage\":\"de\",\"@id\":\"https:\/\/hubsch-interior.com\/de\/produkt\/umber-vase-blau\/#primaryimage\",\"url\":\"https:\/\/hubsch-interior.com\/wp-content\/uploads\/2026\/02\/umber-vase-blue-c17fe0b38ddd5ce60bebb8db7ec6bdad.jpg\",\"contentUrl\":\"https:\/\/hubsch-interior.com\/wp-content\/uploads\/2026\/02\/umber-vase-blue-c17fe0b38ddd5ce60bebb8db7ec6bdad.jpg\",\"width\":1024,\"height\":1024},{\"@type\":\"BreadcrumbList\",\"@id\":\"https:\/\/hubsch-interior.com\/de\/produkt\/umber-vase-blau\/#breadcrumb\",\"itemListElement\":[{\"@type\":\"ListItem\",\"position\":1,\"name\":\"Startseite\",\"item\":\"https:\/\/hubsch-interior.com\/de\/\"},{\"@type\":\"ListItem\",\"position\":2,\"name\":\"Produkte\",\"item\":\"https:\/\/hubsch-interior.com\/de\/shop-2\/\"},{\"@type\":\"ListItem\",\"position\":3,\"name\":\"Wohnaccessoires\",\"item\":\"https:\/\/hubsch-interior.com\/de\/produkt-kategorie\/wohnaccessoires\/\"},{\"@type\":\"ListItem\",\"position\":4,\"name\":\"Vasen\",\"item\":\"https:\/\/hubsch-interior.com\/de\/produkt-kategorie\/wohnaccessoires\/vasen-de\/\"},{\"@type\":\"ListItem\",\"position\":5,\"name\":\"Umber Vase Blau\"}]},{\"@type\":\"WebSite\",\"@id\":\"https:\/\/hubsch-interior.com\/de\/#website\",\"url\":\"https:\/\/hubsch-interior.com\/de\/\",\"name\":\"H\u00fcbsch\",\"description\":\"Danish Home Interior and Design\",\"publisher\":{\"@id\":\"https:\/\/hubsch-interior.com\/de\/#organization\"},\"potentialAction\":[{\"@type\":\"SearchAction\",\"target\":{\"@type\":\"EntryPoint\",\"urlTemplate\":\"https:\/\/hubsch-interior.com\/de\/?s={search_term_string}\"},\"query-input\":{\"@type\":\"PropertyValueSpecification\",\"valueRequired\":true,\"valueName\":\"search_term_string\"}}],\"inLanguage\":\"de\"},{\"@type\":\"Organization\",\"@id\":\"https:\/\/hubsch-interior.com\/de\/#organization\",\"name\":\"H\u00fcbsch\",\"url\":\"https:\/\/hubsch-interior.com\/de\/\",\"logo\":{\"@type\":\"ImageObject\",\"inLanguage\":\"de\",\"@id\":\"https:\/\/hubsch-interior.com\/de\/#\/schema\/logo\/image\/\",\"url\":\"https:\/\/hubsch-interior.com\/wp-content\/uploads\/2022\/12\/Hubsch_logo_black_one_line.svg\",\"contentUrl\":\"https:\/\/hubsch-interior.com\/wp-content\/uploads\/2022\/12\/Hubsch_logo_black_one_line.svg\",\"caption\":\"H\u00fcbsch\"},\"image\":{\"@id\":\"https:\/\/hubsch-interior.com\/de\/#\/schema\/logo\/image\/\"}}]}<\/script>\n<!-- \/ Yoast SEO plugin. -->","yoast_head_json":{"title":"Umber Vase Blau - H\u00fcbsch","description":"Wir lieben es, wenn sich eine gute Geschichte wiederholt. Und genau so geht es uns mit der Umber Vase, die jetzt in zwei bezaubernden neuen Farbt\u00f6nen","robots":{"index":"index","follow":"follow","max-snippet":"max-snippet:-1","max-image-preview":"max-image-preview:large","max-video-preview":"max-video-preview:-1"},"canonical":"https:\/\/hubsch-interior.com\/de\/wp-json\/wp\/v2\/product\/958845","og_locale":"de_DE","og_type":"article","og_title":"Umber Vase Blau - H\u00fcbsch","og_description":"Wir lieben es, wenn sich eine gute Geschichte wiederholt. Und genau so geht es uns mit der Umber Vase, die jetzt in zwei bezaubernden neuen Farbt\u00f6nen","og_url":"https:\/\/hubsch-interior.com\/de\/produkt\/umber-vase-blau\/","og_site_name":"H\u00fcbsch","article_modified_time":"2026-04-12T02:38:19+00:00","og_image":[{"width":1200,"height":1200,"url":"https:\/\/hubsch-interior.com\/wp-content\/uploads\/2024\/01\/umber-vase-blue-db3cd11e8e3c1ea784354b4606bdb71b.jpg","type":"image\/jpeg"}],"twitter_card":"summary_large_image","schema":{"@context":"https:\/\/schema.org","@graph":[{"@type":"WebPage","@id":"https:\/\/hubsch-interior.com\/de\/produkt\/umber-vase-blau\/","url":"https:\/\/hubsch-interior.com\/de\/produkt\/umber-vase-blau\/","name":"Umber Vase Blau - H\u00fcbsch","isPartOf":{"@id":"https:\/\/hubsch-interior.com\/de\/#website"},"primaryImageOfPage":{"@id":"https:\/\/hubsch-interior.com\/de\/produkt\/umber-vase-blau\/#primaryimage"},"image":{"@id":"https:\/\/hubsch-interior.com\/de\/produkt\/umber-vase-blau\/#primaryimage"},"thumbnailUrl":"https:\/\/hubsch-interior.com\/wp-content\/uploads\/2026\/02\/umber-vase-blue-c17fe0b38ddd5ce60bebb8db7ec6bdad.jpg","datePublished":"2023-11-13T06:49:46+00:00","dateModified":"2026-04-12T02:38:19+00:00","description":"Wir lieben es, wenn sich eine gute Geschichte wiederholt. Und genau so geht es uns mit der Umber Vase, die jetzt in zwei bezaubernden neuen Farbt\u00f6nen","breadcrumb":{"@id":"https:\/\/hubsch-interior.com\/de\/produkt\/umber-vase-blau\/#breadcrumb"},"inLanguage":"de","potentialAction":[{"@type":"ReadAction","target":["https:\/\/hubsch-interior.com\/de\/produkt\/umber-vase-blau\/"]}]},{"@type":"ImageObject","inLanguage":"de","@id":"https:\/\/hubsch-interior.com\/de\/produkt\/umber-vase-blau\/#primaryimage","url":"https:\/\/hubsch-interior.com\/wp-content\/uploads\/2026\/02\/umber-vase-blue-c17fe0b38ddd5ce60bebb8db7ec6bdad.jpg","contentUrl":"https:\/\/hubsch-interior.com\/wp-content\/uploads\/2026\/02\/umber-vase-blue-c17fe0b38ddd5ce60bebb8db7ec6bdad.jpg","width":1024,"height":1024},{"@type":"BreadcrumbList","@id":"https:\/\/hubsch-interior.com\/de\/produkt\/umber-vase-blau\/#breadcrumb","itemListElement":[{"@type":"ListItem","position":1,"name":"Startseite","item":"https:\/\/hubsch-interior.com\/de\/"},{"@type":"ListItem","position":2,"name":"Produkte","item":"https:\/\/hubsch-interior.com\/de\/shop-2\/"},{"@type":"ListItem","position":3,"name":"Wohnaccessoires","item":"https:\/\/hubsch-interior.com\/de\/produkt-kategorie\/wohnaccessoires\/"},{"@type":"ListItem","position":4,"name":"Vasen","item":"https:\/\/hubsch-interior.com\/de\/produkt-kategorie\/wohnaccessoires\/vasen-de\/"},{"@type":"ListItem","position":5,"name":"Umber Vase Blau"}]},{"@type":"WebSite","@id":"https:\/\/hubsch-interior.com\/de\/#website","url":"https:\/\/hubsch-interior.com\/de\/","name":"H\u00fcbsch","description":"Danish Home Interior and Design","publisher":{"@id":"https:\/\/hubsch-interior.com\/de\/#organization"},"potentialAction":[{"@type":"SearchAction","target":{"@type":"EntryPoint","urlTemplate":"https:\/\/hubsch-interior.com\/de\/?s={search_term_string}"},"query-input":{"@type":"PropertyValueSpecification","valueRequired":true,"valueName":"search_term_string"}}],"inLanguage":"de"},{"@type":"Organization","@id":"https:\/\/hubsch-interior.com\/de\/#organization","name":"H\u00fcbsch","url":"https:\/\/hubsch-interior.com\/de\/","logo":{"@type":"ImageObject","inLanguage":"de","@id":"https:\/\/hubsch-interior.com\/de\/#\/schema\/logo\/image\/","url":"https:\/\/hubsch-interior.com\/wp-content\/uploads\/2022\/12\/Hubsch_logo_black_one_line.svg","contentUrl":"https:\/\/hubsch-interior.com\/wp-content\/uploads\/2022\/12\/Hubsch_logo_black_one_line.svg","caption":"H\u00fcbsch"},"image":{"@id":"https:\/\/hubsch-interior.com\/de\/#\/schema\/logo\/image\/"}}]}},"_links":{"self":[{"href":"https:\/\/hubsch-interior.com\/de\/wp-json\/wp\/v2\/product\/958845","targetHints":{"allow":["GET"]}}],"collection":[{"href":"https:\/\/hubsch-interior.com\/de\/wp-json\/wp\/v2\/product"}],"about":[{"href":"https:\/\/hubsch-interior.com\/de\/wp-json\/wp\/v2\/types\/product"}],"wp:featuredmedia":[{"embeddable":true,"href":"https:\/\/hubsch-interior.com\/de\/wp-json\/wp\/v2\/media\/1099288"}],"wp:attachment":[{"href":"https:\/\/hubsch-interior.com\/de\/wp-json\/wp\/v2\/media?parent=958845"}],"wp:term":[{"taxonomy":"product_brand","embeddable":true,"href":"https:\/\/hubsch-interior.com\/de\/wp-json\/wp\/v2\/product_brand?post=958845"},{"taxonomy":"product_cat","embeddable":true,"href":"https:\/\/hubsch-interior.com\/de\/wp-json\/wp\/v2\/product_cat?post=958845"},{"taxonomy":"product_tag","embeddable":true,"href":"https:\/\/hubsch-interior.com\/de\/wp-json\/wp\/v2\/product_tag?post=958845"}],"curies":[{"name":"wp","href":"https:\/\/api.w.org\/{rel}","templated":true}]}}