{"id":958889,"date":"2023-11-13T07:52:16","date_gmt":"2023-11-13T06:52:16","guid":{"rendered":"https:\/\/hubsch-interior.com\/product\/product\/"},"modified":"2026-04-11T04:59:56","modified_gmt":"2026-04-11T02:59:56","slug":"magic-tischlampe-grun-olive","status":"publish","type":"product","link":"https:\/\/hubsch-interior.com\/de\/produkt\/magic-tischlampe-grun-olive\/","title":{"rendered":"Magic Tischlampe Gr\u00fcn\/Olive"},"content":{"rendered":"<p>Die Magic Tischlampe ist magisch verwandelt worden! Jetzt erh\u00e4ltlich in sandigem Gr\u00fcn und Beige, mit einem lebhaften roten Kabel, vereint diese Lampe m\u00fchelos Stil und Vielseitigkeit mit einem dekorativen Touch. Mit ihrer dimmbaren Touch-Funktion k\u00f6nnen Sie die Helligkeit ganz einfach an Ihre Bed\u00fcrfnisse anpassen und die perfekte Atmosph\u00e4re schaffen. Ob zum Lesen, Arbeiten oder einfach nur f\u00fcr ein gem\u00fctliches Licht, die Magic Tischlampe ist ideal. Platzieren Sie sie auf Ihrem Schreibtisch, Nachttisch oder Beistelltisch und beobachten Sie, wie sie sofort mit ihrer verspielten, geometrischen Form und Farbkombination die Stimmung ver\u00e4ndert. Einfach ber\u00fchren und erleuchten.<\/p>\n","protected":false},"excerpt":{"rendered":"<p>Die Magic Tischlampe ist magisch verwandelt worden! Jetzt erh\u00e4ltlich in sandigem Gr\u00fcn und Beige, mit einem lebhaften roten Kabel, vereint diese Lampe m\u00fchelos Stil und Vielseitigkeit mit einem dekorativen Touch. Mit ihrer dimmbaren Touch-Funktion k\u00f6nnen Sie die Helligkeit ganz einfach an Ihre Bed\u00fcrfnisse anpassen und die perfekte Atmosph\u00e4re schaffen. Ob zum Lesen, Arbeiten oder einfach [&hellip;]<\/p>\n","protected":false},"featured_media":1106776,"template":"","meta":{"_acf_changed":false,"inline_featured_image":false},"product_brand":[],"product_cat":[3809,3501,5027],"product_tag":[],"class_list":{"0":"post-958889","1":"product","2":"type-product","3":"status-publish","4":"has-post-thumbnail","6":"product_cat-beleuchtung","7":"product_cat-tischlampen-de","8":"product_cat-bestsellers-de","9":"product_shipping_class-pk","11":"pa_color-olive-3","12":"pa_color-grn-2","13":"pa_material-eisen-de","14":"pa_material-polycarbonat-2","16":"first","17":"instock","18":"featured","19":"taxable","20":"shipping-taxable","21":"purchasable","22":"product-type-simple"},"exclude_global_add_ons":[],"addons":[],"acf":[],"yoast_head":"<!-- This site is optimized with the Yoast SEO plugin v26.4 - https:\/\/yoast.com\/wordpress\/plugins\/seo\/ -->\n<title>Magic Tischlampe Gr\u00fcn\/Olive - H\u00fcbsch<\/title>\n<meta name=\"description\" content=\"Die Magic Tischlampe ist magisch verwandelt worden! Jetzt erh\u00e4ltlich in sandigem Gr\u00fcn und Beige, mit einem lebhaften roten Kabel, vereint diese Lampe\" \/>\n<meta name=\"robots\" content=\"index, follow, max-snippet:-1, max-image-preview:large, max-video-preview:-1\" \/>\n<link rel=\"canonical\" href=\"https:\/\/hubsch-interior.com\/de\/wp-json\/wp\/v2\/product\/958889\" \/>\n<meta property=\"og:locale\" content=\"de_DE\" \/>\n<meta property=\"og:type\" content=\"article\" \/>\n<meta property=\"og:title\" content=\"Magic Tischlampe Gr\u00fcn\/Olive - H\u00fcbsch\" \/>\n<meta property=\"og:description\" content=\"Die Magic Tischlampe ist magisch verwandelt worden! Jetzt erh\u00e4ltlich in sandigem Gr\u00fcn und Beige, mit einem lebhaften roten Kabel, vereint diese Lampe\" \/>\n<meta property=\"og:url\" content=\"https:\/\/hubsch-interior.com\/de\/produkt\/magic-tischlampe-grun-olive\/\" \/>\n<meta property=\"og:site_name\" content=\"H\u00fcbsch\" \/>\n<meta property=\"article:modified_time\" content=\"2026-04-11T02:59:56+00:00\" \/>\n<meta property=\"og:image\" content=\"https:\/\/hubsch-interior.com\/wp-content\/uploads\/2025\/05\/magic-table-lamp-greenolive-432b12c790f023148247b010a972bd37.jpg\" \/>\n\t<meta property=\"og:image:width\" content=\"1200\" \/>\n\t<meta property=\"og:image:height\" content=\"1200\" \/>\n\t<meta property=\"og:image:type\" content=\"image\/jpeg\" \/>\n<meta name=\"twitter:card\" content=\"summary_large_image\" \/>\n<meta name=\"twitter:label1\" content=\"Gesch\u00e4tzte Lesezeit\" \/>\n\t<meta name=\"twitter:data1\" content=\"1\u00a0Minute\" \/>\n<script type=\"application\/ld+json\" class=\"yoast-schema-graph\">{\"@context\":\"https:\/\/schema.org\",\"@graph\":[{\"@type\":\"WebPage\",\"@id\":\"https:\/\/hubsch-interior.com\/de\/produkt\/magic-tischlampe-grun-olive\/\",\"url\":\"https:\/\/hubsch-interior.com\/de\/produkt\/magic-tischlampe-grun-olive\/\",\"name\":\"Magic Tischlampe Gr\u00fcn\/Olive - H\u00fcbsch\",\"isPartOf\":{\"@id\":\"https:\/\/hubsch-interior.com\/de\/#website\"},\"primaryImageOfPage\":{\"@id\":\"https:\/\/hubsch-interior.com\/de\/produkt\/magic-tischlampe-grun-olive\/#primaryimage\"},\"image\":{\"@id\":\"https:\/\/hubsch-interior.com\/de\/produkt\/magic-tischlampe-grun-olive\/#primaryimage\"},\"thumbnailUrl\":\"https:\/\/hubsch-interior.com\/wp-content\/uploads\/2026\/02\/magic-table-lamp-greenolive-1dea1650d0ab7367d646c9283d40fd9c.jpg\",\"datePublished\":\"2023-11-13T06:52:16+00:00\",\"dateModified\":\"2026-04-11T02:59:56+00:00\",\"description\":\"Die Magic Tischlampe ist magisch verwandelt worden! Jetzt erh\u00e4ltlich in sandigem Gr\u00fcn und Beige, mit einem lebhaften roten Kabel, vereint diese Lampe\",\"breadcrumb\":{\"@id\":\"https:\/\/hubsch-interior.com\/de\/produkt\/magic-tischlampe-grun-olive\/#breadcrumb\"},\"inLanguage\":\"de\",\"potentialAction\":[{\"@type\":\"ReadAction\",\"target\":[\"https:\/\/hubsch-interior.com\/de\/produkt\/magic-tischlampe-grun-olive\/\"]}]},{\"@type\":\"ImageObject\",\"inLanguage\":\"de\",\"@id\":\"https:\/\/hubsch-interior.com\/de\/produkt\/magic-tischlampe-grun-olive\/#primaryimage\",\"url\":\"https:\/\/hubsch-interior.com\/wp-content\/uploads\/2026\/02\/magic-table-lamp-greenolive-1dea1650d0ab7367d646c9283d40fd9c.jpg\",\"contentUrl\":\"https:\/\/hubsch-interior.com\/wp-content\/uploads\/2026\/02\/magic-table-lamp-greenolive-1dea1650d0ab7367d646c9283d40fd9c.jpg\",\"width\":1024,\"height\":1024},{\"@type\":\"BreadcrumbList\",\"@id\":\"https:\/\/hubsch-interior.com\/de\/produkt\/magic-tischlampe-grun-olive\/#breadcrumb\",\"itemListElement\":[{\"@type\":\"ListItem\",\"position\":1,\"name\":\"Startseite\",\"item\":\"https:\/\/hubsch-interior.com\/de\/\"},{\"@type\":\"ListItem\",\"position\":2,\"name\":\"Produkte\",\"item\":\"https:\/\/hubsch-interior.com\/de\/shop-2\/\"},{\"@type\":\"ListItem\",\"position\":3,\"name\":\"Colour Revival\",\"item\":\"https:\/\/hubsch-interior.com\/de\/produkt-kategorie\/colour-revival-de\/\"},{\"@type\":\"ListItem\",\"position\":4,\"name\":\"Magic Tischlampe Gr\u00fcn\/Olive\"}]},{\"@type\":\"WebSite\",\"@id\":\"https:\/\/hubsch-interior.com\/de\/#website\",\"url\":\"https:\/\/hubsch-interior.com\/de\/\",\"name\":\"H\u00fcbsch\",\"description\":\"Danish Home Interior and Design\",\"publisher\":{\"@id\":\"https:\/\/hubsch-interior.com\/de\/#organization\"},\"potentialAction\":[{\"@type\":\"SearchAction\",\"target\":{\"@type\":\"EntryPoint\",\"urlTemplate\":\"https:\/\/hubsch-interior.com\/de\/?s={search_term_string}\"},\"query-input\":{\"@type\":\"PropertyValueSpecification\",\"valueRequired\":true,\"valueName\":\"search_term_string\"}}],\"inLanguage\":\"de\"},{\"@type\":\"Organization\",\"@id\":\"https:\/\/hubsch-interior.com\/de\/#organization\",\"name\":\"H\u00fcbsch\",\"url\":\"https:\/\/hubsch-interior.com\/de\/\",\"logo\":{\"@type\":\"ImageObject\",\"inLanguage\":\"de\",\"@id\":\"https:\/\/hubsch-interior.com\/de\/#\/schema\/logo\/image\/\",\"url\":\"https:\/\/hubsch-interior.com\/wp-content\/uploads\/2022\/12\/Hubsch_logo_black_one_line.svg\",\"contentUrl\":\"https:\/\/hubsch-interior.com\/wp-content\/uploads\/2022\/12\/Hubsch_logo_black_one_line.svg\",\"caption\":\"H\u00fcbsch\"},\"image\":{\"@id\":\"https:\/\/hubsch-interior.com\/de\/#\/schema\/logo\/image\/\"}}]}<\/script>\n<!-- \/ Yoast SEO plugin. -->","yoast_head_json":{"title":"Magic Tischlampe Gr\u00fcn\/Olive - H\u00fcbsch","description":"Die Magic Tischlampe ist magisch verwandelt worden! Jetzt erh\u00e4ltlich in sandigem Gr\u00fcn und Beige, mit einem lebhaften roten Kabel, vereint diese Lampe","robots":{"index":"index","follow":"follow","max-snippet":"max-snippet:-1","max-image-preview":"max-image-preview:large","max-video-preview":"max-video-preview:-1"},"canonical":"https:\/\/hubsch-interior.com\/de\/wp-json\/wp\/v2\/product\/958889","og_locale":"de_DE","og_type":"article","og_title":"Magic Tischlampe Gr\u00fcn\/Olive - H\u00fcbsch","og_description":"Die Magic Tischlampe ist magisch verwandelt worden! Jetzt erh\u00e4ltlich in sandigem Gr\u00fcn und Beige, mit einem lebhaften roten Kabel, vereint diese Lampe","og_url":"https:\/\/hubsch-interior.com\/de\/produkt\/magic-tischlampe-grun-olive\/","og_site_name":"H\u00fcbsch","article_modified_time":"2026-04-11T02:59:56+00:00","og_image":[{"width":1200,"height":1200,"url":"https:\/\/hubsch-interior.com\/wp-content\/uploads\/2025\/05\/magic-table-lamp-greenolive-432b12c790f023148247b010a972bd37.jpg","type":"image\/jpeg"}],"twitter_card":"summary_large_image","twitter_misc":{"Gesch\u00e4tzte Lesezeit":"1\u00a0Minute"},"schema":{"@context":"https:\/\/schema.org","@graph":[{"@type":"WebPage","@id":"https:\/\/hubsch-interior.com\/de\/produkt\/magic-tischlampe-grun-olive\/","url":"https:\/\/hubsch-interior.com\/de\/produkt\/magic-tischlampe-grun-olive\/","name":"Magic Tischlampe Gr\u00fcn\/Olive - H\u00fcbsch","isPartOf":{"@id":"https:\/\/hubsch-interior.com\/de\/#website"},"primaryImageOfPage":{"@id":"https:\/\/hubsch-interior.com\/de\/produkt\/magic-tischlampe-grun-olive\/#primaryimage"},"image":{"@id":"https:\/\/hubsch-interior.com\/de\/produkt\/magic-tischlampe-grun-olive\/#primaryimage"},"thumbnailUrl":"https:\/\/hubsch-interior.com\/wp-content\/uploads\/2026\/02\/magic-table-lamp-greenolive-1dea1650d0ab7367d646c9283d40fd9c.jpg","datePublished":"2023-11-13T06:52:16+00:00","dateModified":"2026-04-11T02:59:56+00:00","description":"Die Magic Tischlampe ist magisch verwandelt worden! Jetzt erh\u00e4ltlich in sandigem Gr\u00fcn und Beige, mit einem lebhaften roten Kabel, vereint diese Lampe","breadcrumb":{"@id":"https:\/\/hubsch-interior.com\/de\/produkt\/magic-tischlampe-grun-olive\/#breadcrumb"},"inLanguage":"de","potentialAction":[{"@type":"ReadAction","target":["https:\/\/hubsch-interior.com\/de\/produkt\/magic-tischlampe-grun-olive\/"]}]},{"@type":"ImageObject","inLanguage":"de","@id":"https:\/\/hubsch-interior.com\/de\/produkt\/magic-tischlampe-grun-olive\/#primaryimage","url":"https:\/\/hubsch-interior.com\/wp-content\/uploads\/2026\/02\/magic-table-lamp-greenolive-1dea1650d0ab7367d646c9283d40fd9c.jpg","contentUrl":"https:\/\/hubsch-interior.com\/wp-content\/uploads\/2026\/02\/magic-table-lamp-greenolive-1dea1650d0ab7367d646c9283d40fd9c.jpg","width":1024,"height":1024},{"@type":"BreadcrumbList","@id":"https:\/\/hubsch-interior.com\/de\/produkt\/magic-tischlampe-grun-olive\/#breadcrumb","itemListElement":[{"@type":"ListItem","position":1,"name":"Startseite","item":"https:\/\/hubsch-interior.com\/de\/"},{"@type":"ListItem","position":2,"name":"Produkte","item":"https:\/\/hubsch-interior.com\/de\/shop-2\/"},{"@type":"ListItem","position":3,"name":"Colour Revival","item":"https:\/\/hubsch-interior.com\/de\/produkt-kategorie\/colour-revival-de\/"},{"@type":"ListItem","position":4,"name":"Magic Tischlampe Gr\u00fcn\/Olive"}]},{"@type":"WebSite","@id":"https:\/\/hubsch-interior.com\/de\/#website","url":"https:\/\/hubsch-interior.com\/de\/","name":"H\u00fcbsch","description":"Danish Home Interior and Design","publisher":{"@id":"https:\/\/hubsch-interior.com\/de\/#organization"},"potentialAction":[{"@type":"SearchAction","target":{"@type":"EntryPoint","urlTemplate":"https:\/\/hubsch-interior.com\/de\/?s={search_term_string}"},"query-input":{"@type":"PropertyValueSpecification","valueRequired":true,"valueName":"search_term_string"}}],"inLanguage":"de"},{"@type":"Organization","@id":"https:\/\/hubsch-interior.com\/de\/#organization","name":"H\u00fcbsch","url":"https:\/\/hubsch-interior.com\/de\/","logo":{"@type":"ImageObject","inLanguage":"de","@id":"https:\/\/hubsch-interior.com\/de\/#\/schema\/logo\/image\/","url":"https:\/\/hubsch-interior.com\/wp-content\/uploads\/2022\/12\/Hubsch_logo_black_one_line.svg","contentUrl":"https:\/\/hubsch-interior.com\/wp-content\/uploads\/2022\/12\/Hubsch_logo_black_one_line.svg","caption":"H\u00fcbsch"},"image":{"@id":"https:\/\/hubsch-interior.com\/de\/#\/schema\/logo\/image\/"}}]}},"_links":{"self":[{"href":"https:\/\/hubsch-interior.com\/de\/wp-json\/wp\/v2\/product\/958889","targetHints":{"allow":["GET"]}}],"collection":[{"href":"https:\/\/hubsch-interior.com\/de\/wp-json\/wp\/v2\/product"}],"about":[{"href":"https:\/\/hubsch-interior.com\/de\/wp-json\/wp\/v2\/types\/product"}],"wp:featuredmedia":[{"embeddable":true,"href":"https:\/\/hubsch-interior.com\/de\/wp-json\/wp\/v2\/media\/1106776"}],"wp:attachment":[{"href":"https:\/\/hubsch-interior.com\/de\/wp-json\/wp\/v2\/media?parent=958889"}],"wp:term":[{"taxonomy":"product_brand","embeddable":true,"href":"https:\/\/hubsch-interior.com\/de\/wp-json\/wp\/v2\/product_brand?post=958889"},{"taxonomy":"product_cat","embeddable":true,"href":"https:\/\/hubsch-interior.com\/de\/wp-json\/wp\/v2\/product_cat?post=958889"},{"taxonomy":"product_tag","embeddable":true,"href":"https:\/\/hubsch-interior.com\/de\/wp-json\/wp\/v2\/product_tag?post=958889"}],"curies":[{"name":"wp","href":"https:\/\/api.w.org\/{rel}","templated":true}]}}