{"id":962089,"date":"2024-01-08T09:47:55","date_gmt":"2024-01-08T08:47:55","guid":{"rendered":"https:\/\/hubsch-interior.com\/product\/product\/"},"modified":"2026-04-26T05:11:52","modified_gmt":"2026-04-26T03:11:52","slug":"serene-hangelampe-o32-weis-2","status":"publish","type":"product","link":"https:\/\/hubsch-interior.com\/de\/produkt\/serene-hangelampe-o32-weis-2\/","title":{"rendered":"Serene H\u00e4ngelampe \u00d832 Wei\u00df"},"content":{"rendered":"<p>Die Serene H\u00e4ngelampe \u00d832 Wei\u00df ist ein stilvolles Beleuchtungselement, das jeden Raum erhellen und ein sch\u00f6nes Ambiente schaffen kann. Die Lampe besteht aus Glas und Metall und ist ein einzigartiges Designobjekt. Sie verleiht Ihrem Interieur ein modernes und zeitloses Aussehen. Die Lampe kann allein oder in Kombination mit anderen Lampen verwendet werden, um den Raum zu beleuchten und eine gem\u00fctliche Atmosph\u00e4re zu schaffen. Der wei\u00dfe Farbton verleiht der Lampe einen eleganten Look und passt perfekt zu jeder Einrichtung.<\/p>\n","protected":false},"excerpt":{"rendered":"<p>Die Serene H\u00e4ngelampe \u00d832 Wei\u00df ist ein stilvolles Beleuchtungselement, das jeden Raum erhellen und ein sch\u00f6nes Ambiente schaffen kann. Die Lampe besteht aus Glas und Metall und ist ein einzigartiges Designobjekt. Sie verleiht Ihrem Interieur ein modernes und zeitloses Aussehen. Die Lampe kann allein oder in Kombination mit anderen Lampen verwendet werden, um den Raum [&hellip;]<\/p>\n","protected":false},"featured_media":1107176,"template":"","meta":{"_acf_changed":false,"inline_featured_image":false},"product_brand":[],"product_cat":[6944,3809,4148,5027],"product_tag":[],"class_list":{"0":"post-962089","1":"product","2":"type-product","3":"status-publish","4":"has-post-thumbnail","6":"product_cat-bestseller-2025-de","7":"product_cat-beleuchtung","8":"product_cat-haengelampen-de","9":"product_cat-bestsellers-de","10":"product_shipping_class-pk","11":"pa_color-wei","12":"pa_material-eisen-de","13":"pa_material-glas-de","15":"first","16":"outofstock","17":"featured","18":"taxable","19":"shipping-taxable","20":"purchasable","21":"product-type-simple"},"exclude_global_add_ons":[],"addons":[],"acf":[],"yoast_head":"<!-- This site is optimized with the Yoast SEO plugin v26.4 - https:\/\/yoast.com\/wordpress\/plugins\/seo\/ -->\n<title>Serene H\u00e4ngelampe \u00d832 Wei\u00df - H\u00fcbsch<\/title>\n<meta name=\"description\" content=\"Die Serene H\u00e4ngelampe \u00d832 Wei\u00df ist ein stilvolles Beleuchtungselement, das jeden Raum erhellen und ein sch\u00f6nes Ambiente schaffen kann. Die Lampe besteht\" \/>\n<meta name=\"robots\" content=\"index, follow, max-snippet:-1, max-image-preview:large, max-video-preview:-1\" \/>\n<link rel=\"canonical\" href=\"https:\/\/hubsch-interior.com\/de\/wp-json\/wp\/v2\/product\/962089\" \/>\n<meta property=\"og:locale\" content=\"de_DE\" \/>\n<meta property=\"og:type\" content=\"article\" \/>\n<meta property=\"og:title\" content=\"Serene H\u00e4ngelampe \u00d832 Wei\u00df - H\u00fcbsch\" \/>\n<meta property=\"og:description\" content=\"Die Serene H\u00e4ngelampe \u00d832 Wei\u00df ist ein stilvolles Beleuchtungselement, das jeden Raum erhellen und ein sch\u00f6nes Ambiente schaffen kann. Die Lampe besteht\" \/>\n<meta property=\"og:url\" content=\"https:\/\/hubsch-interior.com\/de\/produkt\/serene-hangelampe-o32-weis-2\/\" \/>\n<meta property=\"og:site_name\" content=\"H\u00fcbsch\" \/>\n<meta property=\"article:modified_time\" content=\"2026-04-26T03:11:52+00:00\" \/>\n<meta property=\"og:image\" content=\"https:\/\/hubsch-interior.com\/wp-content\/uploads\/2026\/02\/serene-pendant-O32-white-ccb5345b7eeb1bf42ff20fcd2e3e06bc.jpg\" \/>\n\t<meta property=\"og:image:width\" content=\"1024\" \/>\n\t<meta property=\"og:image:height\" content=\"1024\" \/>\n\t<meta property=\"og:image:type\" content=\"image\/jpeg\" \/>\n<meta name=\"twitter:card\" content=\"summary_large_image\" \/>\n<script type=\"application\/ld+json\" class=\"yoast-schema-graph\">{\"@context\":\"https:\/\/schema.org\",\"@graph\":[{\"@type\":\"WebPage\",\"@id\":\"https:\/\/hubsch-interior.com\/de\/produkt\/serene-hangelampe-o32-weis-2\/\",\"url\":\"https:\/\/hubsch-interior.com\/de\/produkt\/serene-hangelampe-o32-weis-2\/\",\"name\":\"Serene H\u00e4ngelampe \u00d832 Wei\u00df - H\u00fcbsch\",\"isPartOf\":{\"@id\":\"https:\/\/hubsch-interior.com\/de\/#website\"},\"primaryImageOfPage\":{\"@id\":\"https:\/\/hubsch-interior.com\/de\/produkt\/serene-hangelampe-o32-weis-2\/#primaryimage\"},\"image\":{\"@id\":\"https:\/\/hubsch-interior.com\/de\/produkt\/serene-hangelampe-o32-weis-2\/#primaryimage\"},\"thumbnailUrl\":\"https:\/\/hubsch-interior.com\/wp-content\/uploads\/2026\/02\/serene-pendant-O32-white-ccb5345b7eeb1bf42ff20fcd2e3e06bc.jpg\",\"datePublished\":\"2024-01-08T08:47:55+00:00\",\"dateModified\":\"2026-04-26T03:11:52+00:00\",\"description\":\"Die Serene H\u00e4ngelampe \u00d832 Wei\u00df ist ein stilvolles Beleuchtungselement, das jeden Raum erhellen und ein sch\u00f6nes Ambiente schaffen kann. Die Lampe besteht\",\"breadcrumb\":{\"@id\":\"https:\/\/hubsch-interior.com\/de\/produkt\/serene-hangelampe-o32-weis-2\/#breadcrumb\"},\"inLanguage\":\"de\",\"potentialAction\":[{\"@type\":\"ReadAction\",\"target\":[\"https:\/\/hubsch-interior.com\/de\/produkt\/serene-hangelampe-o32-weis-2\/\"]}]},{\"@type\":\"ImageObject\",\"inLanguage\":\"de\",\"@id\":\"https:\/\/hubsch-interior.com\/de\/produkt\/serene-hangelampe-o32-weis-2\/#primaryimage\",\"url\":\"https:\/\/hubsch-interior.com\/wp-content\/uploads\/2026\/02\/serene-pendant-O32-white-ccb5345b7eeb1bf42ff20fcd2e3e06bc.jpg\",\"contentUrl\":\"https:\/\/hubsch-interior.com\/wp-content\/uploads\/2026\/02\/serene-pendant-O32-white-ccb5345b7eeb1bf42ff20fcd2e3e06bc.jpg\",\"width\":1024,\"height\":1024},{\"@type\":\"BreadcrumbList\",\"@id\":\"https:\/\/hubsch-interior.com\/de\/produkt\/serene-hangelampe-o32-weis-2\/#breadcrumb\",\"itemListElement\":[{\"@type\":\"ListItem\",\"position\":1,\"name\":\"Startseite\",\"item\":\"https:\/\/hubsch-interior.com\/de\/\"},{\"@type\":\"ListItem\",\"position\":2,\"name\":\"Produkte\",\"item\":\"https:\/\/hubsch-interior.com\/de\/shop-2\/\"},{\"@type\":\"ListItem\",\"position\":3,\"name\":\"Beleuchtung\",\"item\":\"https:\/\/hubsch-interior.com\/de\/produkt-kategorie\/beleuchtung\/\"},{\"@type\":\"ListItem\",\"position\":4,\"name\":\"H&auml;ngelampen\",\"item\":\"https:\/\/hubsch-interior.com\/de\/produkt-kategorie\/beleuchtung\/haengelampen-de\/\"},{\"@type\":\"ListItem\",\"position\":5,\"name\":\"Serene H\u00e4ngelampe \u00d832 Wei\u00df\"}]},{\"@type\":\"WebSite\",\"@id\":\"https:\/\/hubsch-interior.com\/de\/#website\",\"url\":\"https:\/\/hubsch-interior.com\/de\/\",\"name\":\"H\u00fcbsch\",\"description\":\"Danish Home Interior and Design\",\"publisher\":{\"@id\":\"https:\/\/hubsch-interior.com\/de\/#organization\"},\"potentialAction\":[{\"@type\":\"SearchAction\",\"target\":{\"@type\":\"EntryPoint\",\"urlTemplate\":\"https:\/\/hubsch-interior.com\/de\/?s={search_term_string}\"},\"query-input\":{\"@type\":\"PropertyValueSpecification\",\"valueRequired\":true,\"valueName\":\"search_term_string\"}}],\"inLanguage\":\"de\"},{\"@type\":\"Organization\",\"@id\":\"https:\/\/hubsch-interior.com\/de\/#organization\",\"name\":\"H\u00fcbsch\",\"url\":\"https:\/\/hubsch-interior.com\/de\/\",\"logo\":{\"@type\":\"ImageObject\",\"inLanguage\":\"de\",\"@id\":\"https:\/\/hubsch-interior.com\/de\/#\/schema\/logo\/image\/\",\"url\":\"https:\/\/hubsch-interior.com\/wp-content\/uploads\/2022\/12\/Hubsch_logo_black_one_line.svg\",\"contentUrl\":\"https:\/\/hubsch-interior.com\/wp-content\/uploads\/2022\/12\/Hubsch_logo_black_one_line.svg\",\"caption\":\"H\u00fcbsch\"},\"image\":{\"@id\":\"https:\/\/hubsch-interior.com\/de\/#\/schema\/logo\/image\/\"}}]}<\/script>\n<!-- \/ Yoast SEO plugin. -->","yoast_head_json":{"title":"Serene H\u00e4ngelampe \u00d832 Wei\u00df - H\u00fcbsch","description":"Die Serene H\u00e4ngelampe \u00d832 Wei\u00df ist ein stilvolles Beleuchtungselement, das jeden Raum erhellen und ein sch\u00f6nes Ambiente schaffen kann. Die Lampe besteht","robots":{"index":"index","follow":"follow","max-snippet":"max-snippet:-1","max-image-preview":"max-image-preview:large","max-video-preview":"max-video-preview:-1"},"canonical":"https:\/\/hubsch-interior.com\/de\/wp-json\/wp\/v2\/product\/962089","og_locale":"de_DE","og_type":"article","og_title":"Serene H\u00e4ngelampe \u00d832 Wei\u00df - H\u00fcbsch","og_description":"Die Serene H\u00e4ngelampe \u00d832 Wei\u00df ist ein stilvolles Beleuchtungselement, das jeden Raum erhellen und ein sch\u00f6nes Ambiente schaffen kann. Die Lampe besteht","og_url":"https:\/\/hubsch-interior.com\/de\/produkt\/serene-hangelampe-o32-weis-2\/","og_site_name":"H\u00fcbsch","article_modified_time":"2026-04-26T03:11:52+00:00","og_image":[{"width":1024,"height":1024,"url":"https:\/\/hubsch-interior.com\/wp-content\/uploads\/2026\/02\/serene-pendant-O32-white-ccb5345b7eeb1bf42ff20fcd2e3e06bc.jpg","type":"image\/jpeg"}],"twitter_card":"summary_large_image","schema":{"@context":"https:\/\/schema.org","@graph":[{"@type":"WebPage","@id":"https:\/\/hubsch-interior.com\/de\/produkt\/serene-hangelampe-o32-weis-2\/","url":"https:\/\/hubsch-interior.com\/de\/produkt\/serene-hangelampe-o32-weis-2\/","name":"Serene H\u00e4ngelampe \u00d832 Wei\u00df - H\u00fcbsch","isPartOf":{"@id":"https:\/\/hubsch-interior.com\/de\/#website"},"primaryImageOfPage":{"@id":"https:\/\/hubsch-interior.com\/de\/produkt\/serene-hangelampe-o32-weis-2\/#primaryimage"},"image":{"@id":"https:\/\/hubsch-interior.com\/de\/produkt\/serene-hangelampe-o32-weis-2\/#primaryimage"},"thumbnailUrl":"https:\/\/hubsch-interior.com\/wp-content\/uploads\/2026\/02\/serene-pendant-O32-white-ccb5345b7eeb1bf42ff20fcd2e3e06bc.jpg","datePublished":"2024-01-08T08:47:55+00:00","dateModified":"2026-04-26T03:11:52+00:00","description":"Die Serene H\u00e4ngelampe \u00d832 Wei\u00df ist ein stilvolles Beleuchtungselement, das jeden Raum erhellen und ein sch\u00f6nes Ambiente schaffen kann. Die Lampe besteht","breadcrumb":{"@id":"https:\/\/hubsch-interior.com\/de\/produkt\/serene-hangelampe-o32-weis-2\/#breadcrumb"},"inLanguage":"de","potentialAction":[{"@type":"ReadAction","target":["https:\/\/hubsch-interior.com\/de\/produkt\/serene-hangelampe-o32-weis-2\/"]}]},{"@type":"ImageObject","inLanguage":"de","@id":"https:\/\/hubsch-interior.com\/de\/produkt\/serene-hangelampe-o32-weis-2\/#primaryimage","url":"https:\/\/hubsch-interior.com\/wp-content\/uploads\/2026\/02\/serene-pendant-O32-white-ccb5345b7eeb1bf42ff20fcd2e3e06bc.jpg","contentUrl":"https:\/\/hubsch-interior.com\/wp-content\/uploads\/2026\/02\/serene-pendant-O32-white-ccb5345b7eeb1bf42ff20fcd2e3e06bc.jpg","width":1024,"height":1024},{"@type":"BreadcrumbList","@id":"https:\/\/hubsch-interior.com\/de\/produkt\/serene-hangelampe-o32-weis-2\/#breadcrumb","itemListElement":[{"@type":"ListItem","position":1,"name":"Startseite","item":"https:\/\/hubsch-interior.com\/de\/"},{"@type":"ListItem","position":2,"name":"Produkte","item":"https:\/\/hubsch-interior.com\/de\/shop-2\/"},{"@type":"ListItem","position":3,"name":"Beleuchtung","item":"https:\/\/hubsch-interior.com\/de\/produkt-kategorie\/beleuchtung\/"},{"@type":"ListItem","position":4,"name":"H&auml;ngelampen","item":"https:\/\/hubsch-interior.com\/de\/produkt-kategorie\/beleuchtung\/haengelampen-de\/"},{"@type":"ListItem","position":5,"name":"Serene H\u00e4ngelampe \u00d832 Wei\u00df"}]},{"@type":"WebSite","@id":"https:\/\/hubsch-interior.com\/de\/#website","url":"https:\/\/hubsch-interior.com\/de\/","name":"H\u00fcbsch","description":"Danish Home Interior and Design","publisher":{"@id":"https:\/\/hubsch-interior.com\/de\/#organization"},"potentialAction":[{"@type":"SearchAction","target":{"@type":"EntryPoint","urlTemplate":"https:\/\/hubsch-interior.com\/de\/?s={search_term_string}"},"query-input":{"@type":"PropertyValueSpecification","valueRequired":true,"valueName":"search_term_string"}}],"inLanguage":"de"},{"@type":"Organization","@id":"https:\/\/hubsch-interior.com\/de\/#organization","name":"H\u00fcbsch","url":"https:\/\/hubsch-interior.com\/de\/","logo":{"@type":"ImageObject","inLanguage":"de","@id":"https:\/\/hubsch-interior.com\/de\/#\/schema\/logo\/image\/","url":"https:\/\/hubsch-interior.com\/wp-content\/uploads\/2022\/12\/Hubsch_logo_black_one_line.svg","contentUrl":"https:\/\/hubsch-interior.com\/wp-content\/uploads\/2022\/12\/Hubsch_logo_black_one_line.svg","caption":"H\u00fcbsch"},"image":{"@id":"https:\/\/hubsch-interior.com\/de\/#\/schema\/logo\/image\/"}}]}},"_links":{"self":[{"href":"https:\/\/hubsch-interior.com\/de\/wp-json\/wp\/v2\/product\/962089","targetHints":{"allow":["GET"]}}],"collection":[{"href":"https:\/\/hubsch-interior.com\/de\/wp-json\/wp\/v2\/product"}],"about":[{"href":"https:\/\/hubsch-interior.com\/de\/wp-json\/wp\/v2\/types\/product"}],"wp:featuredmedia":[{"embeddable":true,"href":"https:\/\/hubsch-interior.com\/de\/wp-json\/wp\/v2\/media\/1107176"}],"wp:attachment":[{"href":"https:\/\/hubsch-interior.com\/de\/wp-json\/wp\/v2\/media?parent=962089"}],"wp:term":[{"taxonomy":"product_brand","embeddable":true,"href":"https:\/\/hubsch-interior.com\/de\/wp-json\/wp\/v2\/product_brand?post=962089"},{"taxonomy":"product_cat","embeddable":true,"href":"https:\/\/hubsch-interior.com\/de\/wp-json\/wp\/v2\/product_cat?post=962089"},{"taxonomy":"product_tag","embeddable":true,"href":"https:\/\/hubsch-interior.com\/de\/wp-json\/wp\/v2\/product_tag?post=962089"}],"curies":[{"name":"wp","href":"https:\/\/api.w.org\/{rel}","templated":true}]}}