{"id":973556,"date":"2024-01-22T13:54:44","date_gmt":"2024-01-22T12:54:44","guid":{"rendered":"https:\/\/hubsch-interior.com\/product\/product\/"},"modified":"2026-04-08T04:50:11","modified_gmt":"2026-04-08T02:50:11","slug":"panorama-wandschrank-naturfarben","status":"publish","type":"product","link":"https:\/\/hubsch-interior.com\/de\/produkt\/panorama-wandschrank-naturfarben\/","title":{"rendered":"Panorama Wandschrank Naturfarben"},"content":{"rendered":"<p>Wenn Sie einen besonderen Platz f\u00fcr Ihre Lieblingskaffee- oder -teetassen brauchen, ist diese sch\u00f6ne Holzvitrine genau das Richtige f\u00fcr Sie. Sie m\u00fcssen uns nicht \u00fcberzeugen, wir haben es verstanden! Wissen Sie, was das Beste an dieser Vitrine ist? Sie ist aus FSC\u00ae-zertifiziertem Holzfurnier gefertigt. Und warum? Weil es an der Zeit ist, mehr R\u00fccksicht auf Mutter Erde zu nehmen.<\/p>\n","protected":false},"excerpt":{"rendered":"<p>Wenn Sie einen besonderen Platz f\u00fcr Ihre Lieblingskaffee- oder -teetassen brauchen, ist diese sch\u00f6ne Holzvitrine genau das Richtige f\u00fcr Sie. Sie m\u00fcssen uns nicht \u00fcberzeugen, wir haben es verstanden! Wissen Sie, was das Beste an dieser Vitrine ist? Sie ist aus FSC\u00ae-zertifiziertem Holzfurnier gefertigt. Und warum? Weil es an der Zeit ist, mehr R\u00fccksicht auf [&hellip;]<\/p>\n","protected":false},"featured_media":1102624,"template":"","meta":{"_acf_changed":false,"inline_featured_image":false},"product_brand":[],"product_cat":[6944,7073,7074,4003,4024,5027],"product_tag":[],"class_list":{"0":"post-973556","1":"product","2":"type-product","3":"status-publish","4":"has-post-thumbnail","6":"product_cat-bestseller-2025-de","7":"product_cat-haken-regale-de","8":"product_cat-kuchen-regale-de","9":"product_cat-regale-aufbewahrung-de","10":"product_cat-ablagen-de","11":"product_cat-bestsellers-de","12":"product_shipping_class-p05","13":"pa_color-naturfarben-2","14":"pa_material-glas-de","15":"pa_material-mdf-de","16":"pa_material-eichenfurnier","17":"pa_material-eichenholz","19":"first","20":"instock","21":"featured","22":"taxable","23":"shipping-taxable","24":"purchasable","25":"product-type-simple"},"exclude_global_add_ons":[],"addons":[],"acf":[],"yoast_head":"<!-- This site is optimized with the Yoast SEO plugin v26.4 - https:\/\/yoast.com\/wordpress\/plugins\/seo\/ -->\n<title>Panorama Wandschrank Naturfarben - H\u00fcbsch<\/title>\n<meta name=\"description\" content=\"Wenn Sie einen besonderen Platz f\u00fcr Ihre Lieblingskaffee- oder -teetassen brauchen, ist diese sch\u00f6ne Holzvitrine genau das Richtige f\u00fcr Sie. Sie m\u00fcssen\" \/>\n<meta name=\"robots\" content=\"index, follow, max-snippet:-1, max-image-preview:large, max-video-preview:-1\" \/>\n<link rel=\"canonical\" href=\"https:\/\/hubsch-interior.com\/de\/wp-json\/wp\/v2\/product\/973556\" \/>\n<meta property=\"og:locale\" content=\"de_DE\" \/>\n<meta property=\"og:type\" content=\"article\" \/>\n<meta property=\"og:title\" content=\"Panorama Wandschrank Naturfarben - H\u00fcbsch\" \/>\n<meta property=\"og:description\" content=\"Wenn Sie einen besonderen Platz f\u00fcr Ihre Lieblingskaffee- oder -teetassen brauchen, ist diese sch\u00f6ne Holzvitrine genau das Richtige f\u00fcr Sie. Sie m\u00fcssen\" \/>\n<meta property=\"og:url\" content=\"https:\/\/hubsch-interior.com\/de\/produkt\/panorama-wandschrank-naturfarben\/\" \/>\n<meta property=\"og:site_name\" content=\"H\u00fcbsch\" \/>\n<meta property=\"article:modified_time\" content=\"2026-04-08T02:50:11+00:00\" \/>\n<meta property=\"og:image\" content=\"https:\/\/hubsch-interior.com\/wp-content\/uploads\/2024\/01\/panorama-wall-cupboard-natural-7daa7ec5141f80b0b3aba1ef7f7b8fd9.jpg\" \/>\n\t<meta property=\"og:image:width\" content=\"1200\" \/>\n\t<meta property=\"og:image:height\" content=\"1200\" \/>\n\t<meta property=\"og:image:type\" content=\"image\/jpeg\" \/>\n<meta name=\"twitter:card\" content=\"summary_large_image\" \/>\n<script type=\"application\/ld+json\" class=\"yoast-schema-graph\">{\"@context\":\"https:\/\/schema.org\",\"@graph\":[{\"@type\":\"WebPage\",\"@id\":\"https:\/\/hubsch-interior.com\/de\/produkt\/panorama-wandschrank-naturfarben\/\",\"url\":\"https:\/\/hubsch-interior.com\/de\/produkt\/panorama-wandschrank-naturfarben\/\",\"name\":\"Panorama Wandschrank Naturfarben - H\u00fcbsch\",\"isPartOf\":{\"@id\":\"https:\/\/hubsch-interior.com\/de\/#website\"},\"primaryImageOfPage\":{\"@id\":\"https:\/\/hubsch-interior.com\/de\/produkt\/panorama-wandschrank-naturfarben\/#primaryimage\"},\"image\":{\"@id\":\"https:\/\/hubsch-interior.com\/de\/produkt\/panorama-wandschrank-naturfarben\/#primaryimage\"},\"thumbnailUrl\":\"https:\/\/hubsch-interior.com\/wp-content\/uploads\/2026\/02\/panorama-wall-cupboard-natural-bf14d09bffce74bb83b0cfccbc7af1e4.jpg\",\"datePublished\":\"2024-01-22T12:54:44+00:00\",\"dateModified\":\"2026-04-08T02:50:11+00:00\",\"description\":\"Wenn Sie einen besonderen Platz f\u00fcr Ihre Lieblingskaffee- oder -teetassen brauchen, ist diese sch\u00f6ne Holzvitrine genau das Richtige f\u00fcr Sie. Sie m\u00fcssen\",\"breadcrumb\":{\"@id\":\"https:\/\/hubsch-interior.com\/de\/produkt\/panorama-wandschrank-naturfarben\/#breadcrumb\"},\"inLanguage\":\"de\",\"potentialAction\":[{\"@type\":\"ReadAction\",\"target\":[\"https:\/\/hubsch-interior.com\/de\/produkt\/panorama-wandschrank-naturfarben\/\"]}]},{\"@type\":\"ImageObject\",\"inLanguage\":\"de\",\"@id\":\"https:\/\/hubsch-interior.com\/de\/produkt\/panorama-wandschrank-naturfarben\/#primaryimage\",\"url\":\"https:\/\/hubsch-interior.com\/wp-content\/uploads\/2026\/02\/panorama-wall-cupboard-natural-bf14d09bffce74bb83b0cfccbc7af1e4.jpg\",\"contentUrl\":\"https:\/\/hubsch-interior.com\/wp-content\/uploads\/2026\/02\/panorama-wall-cupboard-natural-bf14d09bffce74bb83b0cfccbc7af1e4.jpg\",\"width\":1024,\"height\":1024},{\"@type\":\"BreadcrumbList\",\"@id\":\"https:\/\/hubsch-interior.com\/de\/produkt\/panorama-wandschrank-naturfarben\/#breadcrumb\",\"itemListElement\":[{\"@type\":\"ListItem\",\"position\":1,\"name\":\"Startseite\",\"item\":\"https:\/\/hubsch-interior.com\/de\/\"},{\"@type\":\"ListItem\",\"position\":2,\"name\":\"Produkte\",\"item\":\"https:\/\/hubsch-interior.com\/de\/shop-2\/\"},{\"@type\":\"ListItem\",\"position\":3,\"name\":\"M\u00f6bel\",\"item\":\"https:\/\/hubsch-interior.com\/de\/produkt-kategorie\/moebel\/\"},{\"@type\":\"ListItem\",\"position\":4,\"name\":\"Regale &amp; Aufbewahrung\",\"item\":\"https:\/\/hubsch-interior.com\/de\/produkt-kategorie\/moebel\/regale-aufbewahrung-de\/\"},{\"@type\":\"ListItem\",\"position\":5,\"name\":\"Ablagen\",\"item\":\"https:\/\/hubsch-interior.com\/de\/produkt-kategorie\/moebel\/regale-aufbewahrung-de\/ablagen-de\/\"},{\"@type\":\"ListItem\",\"position\":6,\"name\":\"Panorama Wandschrank Naturfarben\"}]},{\"@type\":\"WebSite\",\"@id\":\"https:\/\/hubsch-interior.com\/de\/#website\",\"url\":\"https:\/\/hubsch-interior.com\/de\/\",\"name\":\"H\u00fcbsch\",\"description\":\"Danish Home Interior and Design\",\"publisher\":{\"@id\":\"https:\/\/hubsch-interior.com\/de\/#organization\"},\"potentialAction\":[{\"@type\":\"SearchAction\",\"target\":{\"@type\":\"EntryPoint\",\"urlTemplate\":\"https:\/\/hubsch-interior.com\/de\/?s={search_term_string}\"},\"query-input\":{\"@type\":\"PropertyValueSpecification\",\"valueRequired\":true,\"valueName\":\"search_term_string\"}}],\"inLanguage\":\"de\"},{\"@type\":\"Organization\",\"@id\":\"https:\/\/hubsch-interior.com\/de\/#organization\",\"name\":\"H\u00fcbsch\",\"url\":\"https:\/\/hubsch-interior.com\/de\/\",\"logo\":{\"@type\":\"ImageObject\",\"inLanguage\":\"de\",\"@id\":\"https:\/\/hubsch-interior.com\/de\/#\/schema\/logo\/image\/\",\"url\":\"https:\/\/hubsch-interior.com\/wp-content\/uploads\/2022\/12\/Hubsch_logo_black_one_line.svg\",\"contentUrl\":\"https:\/\/hubsch-interior.com\/wp-content\/uploads\/2022\/12\/Hubsch_logo_black_one_line.svg\",\"caption\":\"H\u00fcbsch\"},\"image\":{\"@id\":\"https:\/\/hubsch-interior.com\/de\/#\/schema\/logo\/image\/\"}}]}<\/script>\n<!-- \/ Yoast SEO plugin. -->","yoast_head_json":{"title":"Panorama Wandschrank Naturfarben - H\u00fcbsch","description":"Wenn Sie einen besonderen Platz f\u00fcr Ihre Lieblingskaffee- oder -teetassen brauchen, ist diese sch\u00f6ne Holzvitrine genau das Richtige f\u00fcr Sie. Sie m\u00fcssen","robots":{"index":"index","follow":"follow","max-snippet":"max-snippet:-1","max-image-preview":"max-image-preview:large","max-video-preview":"max-video-preview:-1"},"canonical":"https:\/\/hubsch-interior.com\/de\/wp-json\/wp\/v2\/product\/973556","og_locale":"de_DE","og_type":"article","og_title":"Panorama Wandschrank Naturfarben - H\u00fcbsch","og_description":"Wenn Sie einen besonderen Platz f\u00fcr Ihre Lieblingskaffee- oder -teetassen brauchen, ist diese sch\u00f6ne Holzvitrine genau das Richtige f\u00fcr Sie. Sie m\u00fcssen","og_url":"https:\/\/hubsch-interior.com\/de\/produkt\/panorama-wandschrank-naturfarben\/","og_site_name":"H\u00fcbsch","article_modified_time":"2026-04-08T02:50:11+00:00","og_image":[{"width":1200,"height":1200,"url":"https:\/\/hubsch-interior.com\/wp-content\/uploads\/2024\/01\/panorama-wall-cupboard-natural-7daa7ec5141f80b0b3aba1ef7f7b8fd9.jpg","type":"image\/jpeg"}],"twitter_card":"summary_large_image","schema":{"@context":"https:\/\/schema.org","@graph":[{"@type":"WebPage","@id":"https:\/\/hubsch-interior.com\/de\/produkt\/panorama-wandschrank-naturfarben\/","url":"https:\/\/hubsch-interior.com\/de\/produkt\/panorama-wandschrank-naturfarben\/","name":"Panorama Wandschrank Naturfarben - H\u00fcbsch","isPartOf":{"@id":"https:\/\/hubsch-interior.com\/de\/#website"},"primaryImageOfPage":{"@id":"https:\/\/hubsch-interior.com\/de\/produkt\/panorama-wandschrank-naturfarben\/#primaryimage"},"image":{"@id":"https:\/\/hubsch-interior.com\/de\/produkt\/panorama-wandschrank-naturfarben\/#primaryimage"},"thumbnailUrl":"https:\/\/hubsch-interior.com\/wp-content\/uploads\/2026\/02\/panorama-wall-cupboard-natural-bf14d09bffce74bb83b0cfccbc7af1e4.jpg","datePublished":"2024-01-22T12:54:44+00:00","dateModified":"2026-04-08T02:50:11+00:00","description":"Wenn Sie einen besonderen Platz f\u00fcr Ihre Lieblingskaffee- oder -teetassen brauchen, ist diese sch\u00f6ne Holzvitrine genau das Richtige f\u00fcr Sie. Sie m\u00fcssen","breadcrumb":{"@id":"https:\/\/hubsch-interior.com\/de\/produkt\/panorama-wandschrank-naturfarben\/#breadcrumb"},"inLanguage":"de","potentialAction":[{"@type":"ReadAction","target":["https:\/\/hubsch-interior.com\/de\/produkt\/panorama-wandschrank-naturfarben\/"]}]},{"@type":"ImageObject","inLanguage":"de","@id":"https:\/\/hubsch-interior.com\/de\/produkt\/panorama-wandschrank-naturfarben\/#primaryimage","url":"https:\/\/hubsch-interior.com\/wp-content\/uploads\/2026\/02\/panorama-wall-cupboard-natural-bf14d09bffce74bb83b0cfccbc7af1e4.jpg","contentUrl":"https:\/\/hubsch-interior.com\/wp-content\/uploads\/2026\/02\/panorama-wall-cupboard-natural-bf14d09bffce74bb83b0cfccbc7af1e4.jpg","width":1024,"height":1024},{"@type":"BreadcrumbList","@id":"https:\/\/hubsch-interior.com\/de\/produkt\/panorama-wandschrank-naturfarben\/#breadcrumb","itemListElement":[{"@type":"ListItem","position":1,"name":"Startseite","item":"https:\/\/hubsch-interior.com\/de\/"},{"@type":"ListItem","position":2,"name":"Produkte","item":"https:\/\/hubsch-interior.com\/de\/shop-2\/"},{"@type":"ListItem","position":3,"name":"M\u00f6bel","item":"https:\/\/hubsch-interior.com\/de\/produkt-kategorie\/moebel\/"},{"@type":"ListItem","position":4,"name":"Regale &amp; Aufbewahrung","item":"https:\/\/hubsch-interior.com\/de\/produkt-kategorie\/moebel\/regale-aufbewahrung-de\/"},{"@type":"ListItem","position":5,"name":"Ablagen","item":"https:\/\/hubsch-interior.com\/de\/produkt-kategorie\/moebel\/regale-aufbewahrung-de\/ablagen-de\/"},{"@type":"ListItem","position":6,"name":"Panorama Wandschrank Naturfarben"}]},{"@type":"WebSite","@id":"https:\/\/hubsch-interior.com\/de\/#website","url":"https:\/\/hubsch-interior.com\/de\/","name":"H\u00fcbsch","description":"Danish Home Interior and Design","publisher":{"@id":"https:\/\/hubsch-interior.com\/de\/#organization"},"potentialAction":[{"@type":"SearchAction","target":{"@type":"EntryPoint","urlTemplate":"https:\/\/hubsch-interior.com\/de\/?s={search_term_string}"},"query-input":{"@type":"PropertyValueSpecification","valueRequired":true,"valueName":"search_term_string"}}],"inLanguage":"de"},{"@type":"Organization","@id":"https:\/\/hubsch-interior.com\/de\/#organization","name":"H\u00fcbsch","url":"https:\/\/hubsch-interior.com\/de\/","logo":{"@type":"ImageObject","inLanguage":"de","@id":"https:\/\/hubsch-interior.com\/de\/#\/schema\/logo\/image\/","url":"https:\/\/hubsch-interior.com\/wp-content\/uploads\/2022\/12\/Hubsch_logo_black_one_line.svg","contentUrl":"https:\/\/hubsch-interior.com\/wp-content\/uploads\/2022\/12\/Hubsch_logo_black_one_line.svg","caption":"H\u00fcbsch"},"image":{"@id":"https:\/\/hubsch-interior.com\/de\/#\/schema\/logo\/image\/"}}]}},"_links":{"self":[{"href":"https:\/\/hubsch-interior.com\/de\/wp-json\/wp\/v2\/product\/973556","targetHints":{"allow":["GET"]}}],"collection":[{"href":"https:\/\/hubsch-interior.com\/de\/wp-json\/wp\/v2\/product"}],"about":[{"href":"https:\/\/hubsch-interior.com\/de\/wp-json\/wp\/v2\/types\/product"}],"wp:featuredmedia":[{"embeddable":true,"href":"https:\/\/hubsch-interior.com\/de\/wp-json\/wp\/v2\/media\/1102624"}],"wp:attachment":[{"href":"https:\/\/hubsch-interior.com\/de\/wp-json\/wp\/v2\/media?parent=973556"}],"wp:term":[{"taxonomy":"product_brand","embeddable":true,"href":"https:\/\/hubsch-interior.com\/de\/wp-json\/wp\/v2\/product_brand?post=973556"},{"taxonomy":"product_cat","embeddable":true,"href":"https:\/\/hubsch-interior.com\/de\/wp-json\/wp\/v2\/product_cat?post=973556"},{"taxonomy":"product_tag","embeddable":true,"href":"https:\/\/hubsch-interior.com\/de\/wp-json\/wp\/v2\/product_tag?post=973556"}],"curies":[{"name":"wp","href":"https:\/\/api.w.org\/{rel}","templated":true}]}}