{"id":973618,"date":"2024-01-22T14:23:22","date_gmt":"2024-01-22T13:23:22","guid":{"rendered":"https:\/\/hubsch-interior.com\/product\/product\/"},"modified":"2026-04-10T04:47:18","modified_gmt":"2026-04-10T02:47:18","slug":"ground-esstisch-square-naturfarben","status":"publish","type":"product","link":"https:\/\/hubsch-interior.com\/de\/produkt\/ground-esstisch-square-naturfarben\/","title":{"rendered":"Ground Esstisch Square Naturfarben"},"content":{"rendered":"<p>Dieser FSC-zertifizierte Esstisch aus Eichenholz hat ein einfaches und minimalistisches Design, wodurch der Tisch f\u00fcr verschiedene Stile geeignet ist. Sie k\u00f6nnen den Esstisch mit einer Bank oder mit unseren sch\u00f6nen Esstischst\u00fchlen kombinieren.<\/p>\n","protected":false},"excerpt":{"rendered":"<p>Dieser FSC-zertifizierte Esstisch aus Eichenholz hat ein einfaches und minimalistisches Design, wodurch der Tisch f\u00fcr verschiedene Stile geeignet ist. Sie k\u00f6nnen den Esstisch mit einer Bank oder mit unseren sch\u00f6nen Esstischst\u00fchlen kombinieren.<\/p>\n","protected":false},"featured_media":1101572,"template":"","meta":{"_acf_changed":false,"inline_featured_image":false},"product_brand":[],"product_cat":[2861,4216,5027],"product_tag":[],"class_list":{"0":"post-973618","1":"product","2":"type-product","3":"status-publish","4":"has-post-thumbnail","6":"product_cat-tische-de","7":"product_cat-esstische-de","8":"product_cat-bestsellers-de","9":"product_shipping_class-p10","11":"pa_color-naturfarben-2","12":"pa_material-mdf-de","13":"pa_material-eichenfurnier","14":"pa_material-eichenholz","16":"first","17":"outofstock","18":"featured","19":"taxable","20":"shipping-taxable","21":"purchasable","22":"product-type-simple"},"exclude_global_add_ons":[],"addons":[],"acf":[],"yoast_head":"<!-- This site is optimized with the Yoast SEO plugin v26.4 - https:\/\/yoast.com\/wordpress\/plugins\/seo\/ -->\n<title>Ground Esstisch Square Naturfarben - H\u00fcbsch<\/title>\n<meta name=\"description\" content=\"Dieser FSC-zertifizierte Esstisch aus Eichenholz hat ein einfaches und minimalistisches Design, wodurch der Tisch f\u00fcr verschiedene Stile geeignet ist. Sie\" \/>\n<meta name=\"robots\" content=\"index, follow, max-snippet:-1, max-image-preview:large, max-video-preview:-1\" \/>\n<link rel=\"canonical\" href=\"https:\/\/hubsch-interior.com\/de\/wp-json\/wp\/v2\/product\/973618\" \/>\n<meta property=\"og:locale\" content=\"de_DE\" \/>\n<meta property=\"og:type\" content=\"article\" \/>\n<meta property=\"og:title\" content=\"Ground Esstisch Square Naturfarben - H\u00fcbsch\" \/>\n<meta property=\"og:description\" content=\"Dieser FSC-zertifizierte Esstisch aus Eichenholz hat ein einfaches und minimalistisches Design, wodurch der Tisch f\u00fcr verschiedene Stile geeignet ist. Sie\" \/>\n<meta property=\"og:url\" content=\"https:\/\/hubsch-interior.com\/de\/produkt\/ground-esstisch-square-naturfarben\/\" \/>\n<meta property=\"og:site_name\" content=\"H\u00fcbsch\" \/>\n<meta property=\"article:modified_time\" content=\"2026-04-10T02:47:18+00:00\" \/>\n<meta property=\"og:image\" content=\"https:\/\/hubsch-interior.com\/wp-content\/uploads\/2024\/01\/ground-dining-table-square-natural-4a881bb2ee2148aba114b5db9a699f26.jpg\" \/>\n\t<meta property=\"og:image:width\" content=\"1200\" \/>\n\t<meta property=\"og:image:height\" content=\"1200\" \/>\n\t<meta property=\"og:image:type\" content=\"image\/jpeg\" \/>\n<meta name=\"twitter:card\" content=\"summary_large_image\" \/>\n<script type=\"application\/ld+json\" class=\"yoast-schema-graph\">{\"@context\":\"https:\/\/schema.org\",\"@graph\":[{\"@type\":\"WebPage\",\"@id\":\"https:\/\/hubsch-interior.com\/de\/produkt\/ground-esstisch-square-naturfarben\/\",\"url\":\"https:\/\/hubsch-interior.com\/de\/produkt\/ground-esstisch-square-naturfarben\/\",\"name\":\"Ground Esstisch Square Naturfarben - H\u00fcbsch\",\"isPartOf\":{\"@id\":\"https:\/\/hubsch-interior.com\/de\/#website\"},\"primaryImageOfPage\":{\"@id\":\"https:\/\/hubsch-interior.com\/de\/produkt\/ground-esstisch-square-naturfarben\/#primaryimage\"},\"image\":{\"@id\":\"https:\/\/hubsch-interior.com\/de\/produkt\/ground-esstisch-square-naturfarben\/#primaryimage\"},\"thumbnailUrl\":\"https:\/\/hubsch-interior.com\/wp-content\/uploads\/2026\/02\/ground-dining-table-square-natural-9e0709f42bcce47a79d59d066342b096.jpg\",\"datePublished\":\"2024-01-22T13:23:22+00:00\",\"dateModified\":\"2026-04-10T02:47:18+00:00\",\"description\":\"Dieser FSC-zertifizierte Esstisch aus Eichenholz hat ein einfaches und minimalistisches Design, wodurch der Tisch f\u00fcr verschiedene Stile geeignet ist. Sie\",\"breadcrumb\":{\"@id\":\"https:\/\/hubsch-interior.com\/de\/produkt\/ground-esstisch-square-naturfarben\/#breadcrumb\"},\"inLanguage\":\"de\",\"potentialAction\":[{\"@type\":\"ReadAction\",\"target\":[\"https:\/\/hubsch-interior.com\/de\/produkt\/ground-esstisch-square-naturfarben\/\"]}]},{\"@type\":\"ImageObject\",\"inLanguage\":\"de\",\"@id\":\"https:\/\/hubsch-interior.com\/de\/produkt\/ground-esstisch-square-naturfarben\/#primaryimage\",\"url\":\"https:\/\/hubsch-interior.com\/wp-content\/uploads\/2026\/02\/ground-dining-table-square-natural-9e0709f42bcce47a79d59d066342b096.jpg\",\"contentUrl\":\"https:\/\/hubsch-interior.com\/wp-content\/uploads\/2026\/02\/ground-dining-table-square-natural-9e0709f42bcce47a79d59d066342b096.jpg\",\"width\":1024,\"height\":1024},{\"@type\":\"BreadcrumbList\",\"@id\":\"https:\/\/hubsch-interior.com\/de\/produkt\/ground-esstisch-square-naturfarben\/#breadcrumb\",\"itemListElement\":[{\"@type\":\"ListItem\",\"position\":1,\"name\":\"Startseite\",\"item\":\"https:\/\/hubsch-interior.com\/de\/\"},{\"@type\":\"ListItem\",\"position\":2,\"name\":\"Produkte\",\"item\":\"https:\/\/hubsch-interior.com\/de\/shop-2\/\"},{\"@type\":\"ListItem\",\"position\":3,\"name\":\"M\u00f6bel\",\"item\":\"https:\/\/hubsch-interior.com\/de\/produkt-kategorie\/moebel\/\"},{\"@type\":\"ListItem\",\"position\":4,\"name\":\"Tische\",\"item\":\"https:\/\/hubsch-interior.com\/de\/produkt-kategorie\/moebel\/tische-de\/\"},{\"@type\":\"ListItem\",\"position\":5,\"name\":\"Esstische\",\"item\":\"https:\/\/hubsch-interior.com\/de\/produkt-kategorie\/moebel\/tische-de\/esstische-de\/\"},{\"@type\":\"ListItem\",\"position\":6,\"name\":\"Ground Esstisch Square Naturfarben\"}]},{\"@type\":\"WebSite\",\"@id\":\"https:\/\/hubsch-interior.com\/de\/#website\",\"url\":\"https:\/\/hubsch-interior.com\/de\/\",\"name\":\"H\u00fcbsch\",\"description\":\"Danish Home Interior and Design\",\"publisher\":{\"@id\":\"https:\/\/hubsch-interior.com\/de\/#organization\"},\"potentialAction\":[{\"@type\":\"SearchAction\",\"target\":{\"@type\":\"EntryPoint\",\"urlTemplate\":\"https:\/\/hubsch-interior.com\/de\/?s={search_term_string}\"},\"query-input\":{\"@type\":\"PropertyValueSpecification\",\"valueRequired\":true,\"valueName\":\"search_term_string\"}}],\"inLanguage\":\"de\"},{\"@type\":\"Organization\",\"@id\":\"https:\/\/hubsch-interior.com\/de\/#organization\",\"name\":\"H\u00fcbsch\",\"url\":\"https:\/\/hubsch-interior.com\/de\/\",\"logo\":{\"@type\":\"ImageObject\",\"inLanguage\":\"de\",\"@id\":\"https:\/\/hubsch-interior.com\/de\/#\/schema\/logo\/image\/\",\"url\":\"https:\/\/hubsch-interior.com\/wp-content\/uploads\/2022\/12\/Hubsch_logo_black_one_line.svg\",\"contentUrl\":\"https:\/\/hubsch-interior.com\/wp-content\/uploads\/2022\/12\/Hubsch_logo_black_one_line.svg\",\"caption\":\"H\u00fcbsch\"},\"image\":{\"@id\":\"https:\/\/hubsch-interior.com\/de\/#\/schema\/logo\/image\/\"}}]}<\/script>\n<!-- \/ Yoast SEO plugin. -->","yoast_head_json":{"title":"Ground Esstisch Square Naturfarben - H\u00fcbsch","description":"Dieser FSC-zertifizierte Esstisch aus Eichenholz hat ein einfaches und minimalistisches Design, wodurch der Tisch f\u00fcr verschiedene Stile geeignet ist. Sie","robots":{"index":"index","follow":"follow","max-snippet":"max-snippet:-1","max-image-preview":"max-image-preview:large","max-video-preview":"max-video-preview:-1"},"canonical":"https:\/\/hubsch-interior.com\/de\/wp-json\/wp\/v2\/product\/973618","og_locale":"de_DE","og_type":"article","og_title":"Ground Esstisch Square Naturfarben - H\u00fcbsch","og_description":"Dieser FSC-zertifizierte Esstisch aus Eichenholz hat ein einfaches und minimalistisches Design, wodurch der Tisch f\u00fcr verschiedene Stile geeignet ist. Sie","og_url":"https:\/\/hubsch-interior.com\/de\/produkt\/ground-esstisch-square-naturfarben\/","og_site_name":"H\u00fcbsch","article_modified_time":"2026-04-10T02:47:18+00:00","og_image":[{"width":1200,"height":1200,"url":"https:\/\/hubsch-interior.com\/wp-content\/uploads\/2024\/01\/ground-dining-table-square-natural-4a881bb2ee2148aba114b5db9a699f26.jpg","type":"image\/jpeg"}],"twitter_card":"summary_large_image","schema":{"@context":"https:\/\/schema.org","@graph":[{"@type":"WebPage","@id":"https:\/\/hubsch-interior.com\/de\/produkt\/ground-esstisch-square-naturfarben\/","url":"https:\/\/hubsch-interior.com\/de\/produkt\/ground-esstisch-square-naturfarben\/","name":"Ground Esstisch Square Naturfarben - H\u00fcbsch","isPartOf":{"@id":"https:\/\/hubsch-interior.com\/de\/#website"},"primaryImageOfPage":{"@id":"https:\/\/hubsch-interior.com\/de\/produkt\/ground-esstisch-square-naturfarben\/#primaryimage"},"image":{"@id":"https:\/\/hubsch-interior.com\/de\/produkt\/ground-esstisch-square-naturfarben\/#primaryimage"},"thumbnailUrl":"https:\/\/hubsch-interior.com\/wp-content\/uploads\/2026\/02\/ground-dining-table-square-natural-9e0709f42bcce47a79d59d066342b096.jpg","datePublished":"2024-01-22T13:23:22+00:00","dateModified":"2026-04-10T02:47:18+00:00","description":"Dieser FSC-zertifizierte Esstisch aus Eichenholz hat ein einfaches und minimalistisches Design, wodurch der Tisch f\u00fcr verschiedene Stile geeignet ist. Sie","breadcrumb":{"@id":"https:\/\/hubsch-interior.com\/de\/produkt\/ground-esstisch-square-naturfarben\/#breadcrumb"},"inLanguage":"de","potentialAction":[{"@type":"ReadAction","target":["https:\/\/hubsch-interior.com\/de\/produkt\/ground-esstisch-square-naturfarben\/"]}]},{"@type":"ImageObject","inLanguage":"de","@id":"https:\/\/hubsch-interior.com\/de\/produkt\/ground-esstisch-square-naturfarben\/#primaryimage","url":"https:\/\/hubsch-interior.com\/wp-content\/uploads\/2026\/02\/ground-dining-table-square-natural-9e0709f42bcce47a79d59d066342b096.jpg","contentUrl":"https:\/\/hubsch-interior.com\/wp-content\/uploads\/2026\/02\/ground-dining-table-square-natural-9e0709f42bcce47a79d59d066342b096.jpg","width":1024,"height":1024},{"@type":"BreadcrumbList","@id":"https:\/\/hubsch-interior.com\/de\/produkt\/ground-esstisch-square-naturfarben\/#breadcrumb","itemListElement":[{"@type":"ListItem","position":1,"name":"Startseite","item":"https:\/\/hubsch-interior.com\/de\/"},{"@type":"ListItem","position":2,"name":"Produkte","item":"https:\/\/hubsch-interior.com\/de\/shop-2\/"},{"@type":"ListItem","position":3,"name":"M\u00f6bel","item":"https:\/\/hubsch-interior.com\/de\/produkt-kategorie\/moebel\/"},{"@type":"ListItem","position":4,"name":"Tische","item":"https:\/\/hubsch-interior.com\/de\/produkt-kategorie\/moebel\/tische-de\/"},{"@type":"ListItem","position":5,"name":"Esstische","item":"https:\/\/hubsch-interior.com\/de\/produkt-kategorie\/moebel\/tische-de\/esstische-de\/"},{"@type":"ListItem","position":6,"name":"Ground Esstisch Square Naturfarben"}]},{"@type":"WebSite","@id":"https:\/\/hubsch-interior.com\/de\/#website","url":"https:\/\/hubsch-interior.com\/de\/","name":"H\u00fcbsch","description":"Danish Home Interior and Design","publisher":{"@id":"https:\/\/hubsch-interior.com\/de\/#organization"},"potentialAction":[{"@type":"SearchAction","target":{"@type":"EntryPoint","urlTemplate":"https:\/\/hubsch-interior.com\/de\/?s={search_term_string}"},"query-input":{"@type":"PropertyValueSpecification","valueRequired":true,"valueName":"search_term_string"}}],"inLanguage":"de"},{"@type":"Organization","@id":"https:\/\/hubsch-interior.com\/de\/#organization","name":"H\u00fcbsch","url":"https:\/\/hubsch-interior.com\/de\/","logo":{"@type":"ImageObject","inLanguage":"de","@id":"https:\/\/hubsch-interior.com\/de\/#\/schema\/logo\/image\/","url":"https:\/\/hubsch-interior.com\/wp-content\/uploads\/2022\/12\/Hubsch_logo_black_one_line.svg","contentUrl":"https:\/\/hubsch-interior.com\/wp-content\/uploads\/2022\/12\/Hubsch_logo_black_one_line.svg","caption":"H\u00fcbsch"},"image":{"@id":"https:\/\/hubsch-interior.com\/de\/#\/schema\/logo\/image\/"}}]}},"_links":{"self":[{"href":"https:\/\/hubsch-interior.com\/de\/wp-json\/wp\/v2\/product\/973618","targetHints":{"allow":["GET"]}}],"collection":[{"href":"https:\/\/hubsch-interior.com\/de\/wp-json\/wp\/v2\/product"}],"about":[{"href":"https:\/\/hubsch-interior.com\/de\/wp-json\/wp\/v2\/types\/product"}],"wp:featuredmedia":[{"embeddable":true,"href":"https:\/\/hubsch-interior.com\/de\/wp-json\/wp\/v2\/media\/1101572"}],"wp:attachment":[{"href":"https:\/\/hubsch-interior.com\/de\/wp-json\/wp\/v2\/media?parent=973618"}],"wp:term":[{"taxonomy":"product_brand","embeddable":true,"href":"https:\/\/hubsch-interior.com\/de\/wp-json\/wp\/v2\/product_brand?post=973618"},{"taxonomy":"product_cat","embeddable":true,"href":"https:\/\/hubsch-interior.com\/de\/wp-json\/wp\/v2\/product_cat?post=973618"},{"taxonomy":"product_tag","embeddable":true,"href":"https:\/\/hubsch-interior.com\/de\/wp-json\/wp\/v2\/product_tag?post=973618"}],"curies":[{"name":"wp","href":"https:\/\/api.w.org\/{rel}","templated":true}]}}