{"id":973664,"date":"2024-01-23T08:00:48","date_gmt":"2024-01-23T07:00:48","guid":{"rendered":"https:\/\/hubsch-interior.com\/product\/product\/"},"modified":"2026-04-08T05:15:09","modified_gmt":"2026-04-08T03:15:09","slug":"crayon-hangelampe-blau","status":"publish","type":"product","link":"https:\/\/hubsch-interior.com\/de\/produkt\/crayon-hangelampe-blau\/","title":{"rendered":"Crayon H\u00e4ngelampe Blau"},"content":{"rendered":"<p>Hell, mutig und sch\u00f6n \u2013 das ist diese Deckenleuchte in lebendigen Farben. Eine verspielte Farbpalette in Sand, Blau, Mint und Burgunderrot gibt den Ton f\u00fcr diese Pendelleuchte im Vintage-Stil an, die ein brillantes Licht auf Ihren B\u00fcroschreibtisch, Ihre K\u00fcchenarbeitsplatte oder Ihren Esstisch wirft. In jedem Fall wird die H\u00e4ngeleuchte die Atmosph\u00e4re in jedem Raum mit einem L\u00e4cheln beeinflussen. Auch wenn sie sich nicht \u00fcber Ihre Witze lustig macht, wird sie Ihren Raum erhellen \u2013 und das ist ein Versprechen.<\/p>\n","protected":false},"excerpt":{"rendered":"<p>Hell, mutig und sch\u00f6n \u2013 das ist diese Deckenleuchte in lebendigen Farben. Eine verspielte Farbpalette in Sand, Blau, Mint und Burgunderrot gibt den Ton f\u00fcr diese Pendelleuchte im Vintage-Stil an, die ein brillantes Licht auf Ihren B\u00fcroschreibtisch, Ihre K\u00fcchenarbeitsplatte oder Ihren Esstisch wirft. In jedem Fall wird die H\u00e4ngeleuchte die Atmosph\u00e4re in jedem Raum mit [&hellip;]<\/p>\n","protected":false},"featured_media":1109795,"template":"","meta":{"_acf_changed":false,"inline_featured_image":false},"product_brand":[],"product_cat":[6944,3809,4148,5027,5031],"product_tag":[],"class_list":{"0":"post-973664","1":"product","2":"type-product","3":"status-publish","4":"has-post-thumbnail","6":"product_cat-bestseller-2025-de","7":"product_cat-beleuchtung","8":"product_cat-haengelampen-de","9":"product_cat-bestsellers-de","10":"product_cat-wieder-auf-lager-de","11":"product_shipping_class-pk","12":"pa_color-blau-2","13":"pa_material-eisen-de","15":"first","16":"instock","17":"featured","18":"taxable","19":"shipping-taxable","20":"purchasable","21":"product-type-simple"},"exclude_global_add_ons":[],"addons":[],"acf":[],"yoast_head":"<!-- This site is optimized with the Yoast SEO plugin v26.4 - https:\/\/yoast.com\/wordpress\/plugins\/seo\/ -->\n<title>Crayon H\u00e4ngelampe Blau - H\u00fcbsch<\/title>\n<meta name=\"description\" content=\"Hell, mutig und sch\u00f6n \u2013 das ist diese Deckenleuchte in lebendigen Farben. Eine verspielte Farbpalette in Sand, Blau, Mint und Burgunderrot gibt den Ton\" \/>\n<meta name=\"robots\" content=\"index, follow, max-snippet:-1, max-image-preview:large, max-video-preview:-1\" \/>\n<link rel=\"canonical\" href=\"https:\/\/hubsch-interior.com\/de\/wp-json\/wp\/v2\/product\/973664\" \/>\n<meta property=\"og:locale\" content=\"de_DE\" \/>\n<meta property=\"og:type\" content=\"article\" \/>\n<meta property=\"og:title\" content=\"Crayon H\u00e4ngelampe Blau - H\u00fcbsch\" \/>\n<meta property=\"og:description\" content=\"Hell, mutig und sch\u00f6n \u2013 das ist diese Deckenleuchte in lebendigen Farben. Eine verspielte Farbpalette in Sand, Blau, Mint und Burgunderrot gibt den Ton\" \/>\n<meta property=\"og:url\" content=\"https:\/\/hubsch-interior.com\/de\/produkt\/crayon-hangelampe-blau\/\" \/>\n<meta property=\"og:site_name\" content=\"H\u00fcbsch\" \/>\n<meta property=\"article:modified_time\" content=\"2026-04-08T03:15:09+00:00\" \/>\n<meta property=\"og:image\" content=\"https:\/\/hubsch-interior.com\/wp-content\/uploads\/2025\/05\/crayon-pendant-blue-900a45d4df0e87afc6420f293d2e4ea6.jpg\" \/>\n\t<meta property=\"og:image:width\" content=\"1200\" \/>\n\t<meta property=\"og:image:height\" content=\"1200\" \/>\n\t<meta property=\"og:image:type\" content=\"image\/jpeg\" \/>\n<meta name=\"twitter:card\" content=\"summary_large_image\" \/>\n<script type=\"application\/ld+json\" class=\"yoast-schema-graph\">{\"@context\":\"https:\/\/schema.org\",\"@graph\":[{\"@type\":\"WebPage\",\"@id\":\"https:\/\/hubsch-interior.com\/de\/produkt\/crayon-hangelampe-blau\/\",\"url\":\"https:\/\/hubsch-interior.com\/de\/produkt\/crayon-hangelampe-blau\/\",\"name\":\"Crayon H\u00e4ngelampe Blau - H\u00fcbsch\",\"isPartOf\":{\"@id\":\"https:\/\/hubsch-interior.com\/de\/#website\"},\"primaryImageOfPage\":{\"@id\":\"https:\/\/hubsch-interior.com\/de\/produkt\/crayon-hangelampe-blau\/#primaryimage\"},\"image\":{\"@id\":\"https:\/\/hubsch-interior.com\/de\/produkt\/crayon-hangelampe-blau\/#primaryimage\"},\"thumbnailUrl\":\"https:\/\/hubsch-interior.com\/wp-content\/uploads\/2026\/02\/crayon-pendant-blue-aec42d67ff6775575a76e3674c38f47c.jpg\",\"datePublished\":\"2024-01-23T07:00:48+00:00\",\"dateModified\":\"2026-04-08T03:15:09+00:00\",\"description\":\"Hell, mutig und sch\u00f6n \u2013 das ist diese Deckenleuchte in lebendigen Farben. Eine verspielte Farbpalette in Sand, Blau, Mint und Burgunderrot gibt den Ton\",\"breadcrumb\":{\"@id\":\"https:\/\/hubsch-interior.com\/de\/produkt\/crayon-hangelampe-blau\/#breadcrumb\"},\"inLanguage\":\"de\",\"potentialAction\":[{\"@type\":\"ReadAction\",\"target\":[\"https:\/\/hubsch-interior.com\/de\/produkt\/crayon-hangelampe-blau\/\"]}]},{\"@type\":\"ImageObject\",\"inLanguage\":\"de\",\"@id\":\"https:\/\/hubsch-interior.com\/de\/produkt\/crayon-hangelampe-blau\/#primaryimage\",\"url\":\"https:\/\/hubsch-interior.com\/wp-content\/uploads\/2026\/02\/crayon-pendant-blue-aec42d67ff6775575a76e3674c38f47c.jpg\",\"contentUrl\":\"https:\/\/hubsch-interior.com\/wp-content\/uploads\/2026\/02\/crayon-pendant-blue-aec42d67ff6775575a76e3674c38f47c.jpg\",\"width\":1024,\"height\":1024},{\"@type\":\"BreadcrumbList\",\"@id\":\"https:\/\/hubsch-interior.com\/de\/produkt\/crayon-hangelampe-blau\/#breadcrumb\",\"itemListElement\":[{\"@type\":\"ListItem\",\"position\":1,\"name\":\"Startseite\",\"item\":\"https:\/\/hubsch-interior.com\/de\/\"},{\"@type\":\"ListItem\",\"position\":2,\"name\":\"Produkte\",\"item\":\"https:\/\/hubsch-interior.com\/de\/shop-2\/\"},{\"@type\":\"ListItem\",\"position\":3,\"name\":\"Beleuchtung\",\"item\":\"https:\/\/hubsch-interior.com\/de\/produkt-kategorie\/beleuchtung\/\"},{\"@type\":\"ListItem\",\"position\":4,\"name\":\"H&auml;ngelampen\",\"item\":\"https:\/\/hubsch-interior.com\/de\/produkt-kategorie\/beleuchtung\/haengelampen-de\/\"},{\"@type\":\"ListItem\",\"position\":5,\"name\":\"Crayon H\u00e4ngelampe Blau\"}]},{\"@type\":\"WebSite\",\"@id\":\"https:\/\/hubsch-interior.com\/de\/#website\",\"url\":\"https:\/\/hubsch-interior.com\/de\/\",\"name\":\"H\u00fcbsch\",\"description\":\"Danish Home Interior and Design\",\"publisher\":{\"@id\":\"https:\/\/hubsch-interior.com\/de\/#organization\"},\"potentialAction\":[{\"@type\":\"SearchAction\",\"target\":{\"@type\":\"EntryPoint\",\"urlTemplate\":\"https:\/\/hubsch-interior.com\/de\/?s={search_term_string}\"},\"query-input\":{\"@type\":\"PropertyValueSpecification\",\"valueRequired\":true,\"valueName\":\"search_term_string\"}}],\"inLanguage\":\"de\"},{\"@type\":\"Organization\",\"@id\":\"https:\/\/hubsch-interior.com\/de\/#organization\",\"name\":\"H\u00fcbsch\",\"url\":\"https:\/\/hubsch-interior.com\/de\/\",\"logo\":{\"@type\":\"ImageObject\",\"inLanguage\":\"de\",\"@id\":\"https:\/\/hubsch-interior.com\/de\/#\/schema\/logo\/image\/\",\"url\":\"https:\/\/hubsch-interior.com\/wp-content\/uploads\/2022\/12\/Hubsch_logo_black_one_line.svg\",\"contentUrl\":\"https:\/\/hubsch-interior.com\/wp-content\/uploads\/2022\/12\/Hubsch_logo_black_one_line.svg\",\"caption\":\"H\u00fcbsch\"},\"image\":{\"@id\":\"https:\/\/hubsch-interior.com\/de\/#\/schema\/logo\/image\/\"}}]}<\/script>\n<!-- \/ Yoast SEO plugin. -->","yoast_head_json":{"title":"Crayon H\u00e4ngelampe Blau - H\u00fcbsch","description":"Hell, mutig und sch\u00f6n \u2013 das ist diese Deckenleuchte in lebendigen Farben. Eine verspielte Farbpalette in Sand, Blau, Mint und Burgunderrot gibt den Ton","robots":{"index":"index","follow":"follow","max-snippet":"max-snippet:-1","max-image-preview":"max-image-preview:large","max-video-preview":"max-video-preview:-1"},"canonical":"https:\/\/hubsch-interior.com\/de\/wp-json\/wp\/v2\/product\/973664","og_locale":"de_DE","og_type":"article","og_title":"Crayon H\u00e4ngelampe Blau - H\u00fcbsch","og_description":"Hell, mutig und sch\u00f6n \u2013 das ist diese Deckenleuchte in lebendigen Farben. Eine verspielte Farbpalette in Sand, Blau, Mint und Burgunderrot gibt den Ton","og_url":"https:\/\/hubsch-interior.com\/de\/produkt\/crayon-hangelampe-blau\/","og_site_name":"H\u00fcbsch","article_modified_time":"2026-04-08T03:15:09+00:00","og_image":[{"width":1200,"height":1200,"url":"https:\/\/hubsch-interior.com\/wp-content\/uploads\/2025\/05\/crayon-pendant-blue-900a45d4df0e87afc6420f293d2e4ea6.jpg","type":"image\/jpeg"}],"twitter_card":"summary_large_image","schema":{"@context":"https:\/\/schema.org","@graph":[{"@type":"WebPage","@id":"https:\/\/hubsch-interior.com\/de\/produkt\/crayon-hangelampe-blau\/","url":"https:\/\/hubsch-interior.com\/de\/produkt\/crayon-hangelampe-blau\/","name":"Crayon H\u00e4ngelampe Blau - H\u00fcbsch","isPartOf":{"@id":"https:\/\/hubsch-interior.com\/de\/#website"},"primaryImageOfPage":{"@id":"https:\/\/hubsch-interior.com\/de\/produkt\/crayon-hangelampe-blau\/#primaryimage"},"image":{"@id":"https:\/\/hubsch-interior.com\/de\/produkt\/crayon-hangelampe-blau\/#primaryimage"},"thumbnailUrl":"https:\/\/hubsch-interior.com\/wp-content\/uploads\/2026\/02\/crayon-pendant-blue-aec42d67ff6775575a76e3674c38f47c.jpg","datePublished":"2024-01-23T07:00:48+00:00","dateModified":"2026-04-08T03:15:09+00:00","description":"Hell, mutig und sch\u00f6n \u2013 das ist diese Deckenleuchte in lebendigen Farben. Eine verspielte Farbpalette in Sand, Blau, Mint und Burgunderrot gibt den Ton","breadcrumb":{"@id":"https:\/\/hubsch-interior.com\/de\/produkt\/crayon-hangelampe-blau\/#breadcrumb"},"inLanguage":"de","potentialAction":[{"@type":"ReadAction","target":["https:\/\/hubsch-interior.com\/de\/produkt\/crayon-hangelampe-blau\/"]}]},{"@type":"ImageObject","inLanguage":"de","@id":"https:\/\/hubsch-interior.com\/de\/produkt\/crayon-hangelampe-blau\/#primaryimage","url":"https:\/\/hubsch-interior.com\/wp-content\/uploads\/2026\/02\/crayon-pendant-blue-aec42d67ff6775575a76e3674c38f47c.jpg","contentUrl":"https:\/\/hubsch-interior.com\/wp-content\/uploads\/2026\/02\/crayon-pendant-blue-aec42d67ff6775575a76e3674c38f47c.jpg","width":1024,"height":1024},{"@type":"BreadcrumbList","@id":"https:\/\/hubsch-interior.com\/de\/produkt\/crayon-hangelampe-blau\/#breadcrumb","itemListElement":[{"@type":"ListItem","position":1,"name":"Startseite","item":"https:\/\/hubsch-interior.com\/de\/"},{"@type":"ListItem","position":2,"name":"Produkte","item":"https:\/\/hubsch-interior.com\/de\/shop-2\/"},{"@type":"ListItem","position":3,"name":"Beleuchtung","item":"https:\/\/hubsch-interior.com\/de\/produkt-kategorie\/beleuchtung\/"},{"@type":"ListItem","position":4,"name":"H&auml;ngelampen","item":"https:\/\/hubsch-interior.com\/de\/produkt-kategorie\/beleuchtung\/haengelampen-de\/"},{"@type":"ListItem","position":5,"name":"Crayon H\u00e4ngelampe Blau"}]},{"@type":"WebSite","@id":"https:\/\/hubsch-interior.com\/de\/#website","url":"https:\/\/hubsch-interior.com\/de\/","name":"H\u00fcbsch","description":"Danish Home Interior and Design","publisher":{"@id":"https:\/\/hubsch-interior.com\/de\/#organization"},"potentialAction":[{"@type":"SearchAction","target":{"@type":"EntryPoint","urlTemplate":"https:\/\/hubsch-interior.com\/de\/?s={search_term_string}"},"query-input":{"@type":"PropertyValueSpecification","valueRequired":true,"valueName":"search_term_string"}}],"inLanguage":"de"},{"@type":"Organization","@id":"https:\/\/hubsch-interior.com\/de\/#organization","name":"H\u00fcbsch","url":"https:\/\/hubsch-interior.com\/de\/","logo":{"@type":"ImageObject","inLanguage":"de","@id":"https:\/\/hubsch-interior.com\/de\/#\/schema\/logo\/image\/","url":"https:\/\/hubsch-interior.com\/wp-content\/uploads\/2022\/12\/Hubsch_logo_black_one_line.svg","contentUrl":"https:\/\/hubsch-interior.com\/wp-content\/uploads\/2022\/12\/Hubsch_logo_black_one_line.svg","caption":"H\u00fcbsch"},"image":{"@id":"https:\/\/hubsch-interior.com\/de\/#\/schema\/logo\/image\/"}}]}},"_links":{"self":[{"href":"https:\/\/hubsch-interior.com\/de\/wp-json\/wp\/v2\/product\/973664","targetHints":{"allow":["GET"]}}],"collection":[{"href":"https:\/\/hubsch-interior.com\/de\/wp-json\/wp\/v2\/product"}],"about":[{"href":"https:\/\/hubsch-interior.com\/de\/wp-json\/wp\/v2\/types\/product"}],"wp:featuredmedia":[{"embeddable":true,"href":"https:\/\/hubsch-interior.com\/de\/wp-json\/wp\/v2\/media\/1109795"}],"wp:attachment":[{"href":"https:\/\/hubsch-interior.com\/de\/wp-json\/wp\/v2\/media?parent=973664"}],"wp:term":[{"taxonomy":"product_brand","embeddable":true,"href":"https:\/\/hubsch-interior.com\/de\/wp-json\/wp\/v2\/product_brand?post=973664"},{"taxonomy":"product_cat","embeddable":true,"href":"https:\/\/hubsch-interior.com\/de\/wp-json\/wp\/v2\/product_cat?post=973664"},{"taxonomy":"product_tag","embeddable":true,"href":"https:\/\/hubsch-interior.com\/de\/wp-json\/wp\/v2\/product_tag?post=973664"}],"curies":[{"name":"wp","href":"https:\/\/api.w.org\/{rel}","templated":true}]}}