{"id":973801,"date":"2024-01-23T08:31:05","date_gmt":"2024-01-23T07:31:05","guid":{"rendered":"https:\/\/hubsch-interior.com\/product\/product\/"},"modified":"2026-04-12T04:49:43","modified_gmt":"2026-04-12T02:49:43","slug":"vertigo-magazinhalter-naturfarben","status":"publish","type":"product","link":"https:\/\/hubsch-interior.com\/de\/produkt\/vertigo-magazinhalter-naturfarben\/","title":{"rendered":"Vertigo Magazinhalter Naturfarben"},"content":{"rendered":"<p>Der Vertigo Magazinhalter Naturfarben ist aus Eichenfurnier und Eichenholz gefertigt und ist FSC-zertifiziert. Er ist ein praktischer und stilvoller Weg, Ihre Zeitschriften und B\u00fccher zu organisieren. Dieser Magazinhalter ist langlebig und robust, sodass Sie lange Freude daran haben werden. Mit seiner nat\u00fcrlichen Ausstrahlung ist er eine perfekte Erg\u00e4nzung f\u00fcr jeden Raum.<\/p>\n","protected":false},"excerpt":{"rendered":"<p>Der Vertigo Magazinhalter Naturfarben ist aus Eichenfurnier und Eichenholz gefertigt und ist FSC-zertifiziert. Er ist ein praktischer und stilvoller Weg, Ihre Zeitschriften und B\u00fccher zu organisieren. Dieser Magazinhalter ist langlebig und robust, sodass Sie lange Freude daran haben werden. Mit seiner nat\u00fcrlichen Ausstrahlung ist er eine perfekte Erg\u00e4nzung f\u00fcr jeden Raum.<\/p>\n","protected":false},"featured_media":1102209,"template":"","meta":{"_acf_changed":false,"inline_featured_image":false},"product_brand":[],"product_cat":[4003,4024,3111,4020,5027],"product_tag":[],"class_list":{"0":"post-973801","1":"product","2":"type-product","3":"status-publish","4":"has-post-thumbnail","6":"product_cat-regale-aufbewahrung-de","7":"product_cat-ablagen-de","8":"product_cat-aufbewahrung-de","9":"product_cat-magazinhalter-de","10":"product_cat-bestsellers-de","11":"product_shipping_class-pk","13":"pa_color-naturfarben-2","14":"pa_material-mdf-de","15":"pa_material-eichenfurnier","16":"pa_material-eichenholz","18":"first","19":"outofstock","20":"featured","21":"taxable","22":"shipping-taxable","23":"purchasable","24":"product-type-simple"},"exclude_global_add_ons":[],"addons":[],"acf":[],"yoast_head":"<!-- This site is optimized with the Yoast SEO plugin v26.4 - https:\/\/yoast.com\/wordpress\/plugins\/seo\/ -->\n<title>Vertigo Magazinhalter Naturfarben - H\u00fcbsch<\/title>\n<meta name=\"description\" content=\"Der Vertigo Magazinhalter Naturfarben ist aus Eichenfurnier und Eichenholz gefertigt und ist FSC-zertifiziert. Er ist ein praktischer und stilvoller Weg,\" \/>\n<meta name=\"robots\" content=\"index, follow, max-snippet:-1, max-image-preview:large, max-video-preview:-1\" \/>\n<link rel=\"canonical\" href=\"https:\/\/hubsch-interior.com\/de\/wp-json\/wp\/v2\/product\/973801\" \/>\n<meta property=\"og:locale\" content=\"de_DE\" \/>\n<meta property=\"og:type\" content=\"article\" \/>\n<meta property=\"og:title\" content=\"Vertigo Magazinhalter Naturfarben - H\u00fcbsch\" \/>\n<meta property=\"og:description\" content=\"Der Vertigo Magazinhalter Naturfarben ist aus Eichenfurnier und Eichenholz gefertigt und ist FSC-zertifiziert. Er ist ein praktischer und stilvoller Weg,\" \/>\n<meta property=\"og:url\" content=\"https:\/\/hubsch-interior.com\/de\/produkt\/vertigo-magazinhalter-naturfarben\/\" \/>\n<meta property=\"og:site_name\" content=\"H\u00fcbsch\" \/>\n<meta property=\"article:modified_time\" content=\"2026-04-12T02:49:43+00:00\" \/>\n<meta property=\"og:image\" content=\"https:\/\/hubsch-interior.com\/wp-content\/uploads\/2024\/03\/vertigo-magazine-holder-natural-b3aae202c831167d297062bf2c2aa11b.jpg\" \/>\n\t<meta property=\"og:image:width\" content=\"1200\" \/>\n\t<meta property=\"og:image:height\" content=\"1200\" \/>\n\t<meta property=\"og:image:type\" content=\"image\/jpeg\" \/>\n<meta name=\"twitter:card\" content=\"summary_large_image\" \/>\n<script type=\"application\/ld+json\" class=\"yoast-schema-graph\">{\"@context\":\"https:\/\/schema.org\",\"@graph\":[{\"@type\":\"WebPage\",\"@id\":\"https:\/\/hubsch-interior.com\/de\/produkt\/vertigo-magazinhalter-naturfarben\/\",\"url\":\"https:\/\/hubsch-interior.com\/de\/produkt\/vertigo-magazinhalter-naturfarben\/\",\"name\":\"Vertigo Magazinhalter Naturfarben - H\u00fcbsch\",\"isPartOf\":{\"@id\":\"https:\/\/hubsch-interior.com\/de\/#website\"},\"primaryImageOfPage\":{\"@id\":\"https:\/\/hubsch-interior.com\/de\/produkt\/vertigo-magazinhalter-naturfarben\/#primaryimage\"},\"image\":{\"@id\":\"https:\/\/hubsch-interior.com\/de\/produkt\/vertigo-magazinhalter-naturfarben\/#primaryimage\"},\"thumbnailUrl\":\"https:\/\/hubsch-interior.com\/wp-content\/uploads\/2026\/02\/vertigo-magazine-holder-natural-db2d4f493b38f1bccab4203a95b83ac2.jpg\",\"datePublished\":\"2024-01-23T07:31:05+00:00\",\"dateModified\":\"2026-04-12T02:49:43+00:00\",\"description\":\"Der Vertigo Magazinhalter Naturfarben ist aus Eichenfurnier und Eichenholz gefertigt und ist FSC-zertifiziert. Er ist ein praktischer und stilvoller Weg,\",\"breadcrumb\":{\"@id\":\"https:\/\/hubsch-interior.com\/de\/produkt\/vertigo-magazinhalter-naturfarben\/#breadcrumb\"},\"inLanguage\":\"de\",\"potentialAction\":[{\"@type\":\"ReadAction\",\"target\":[\"https:\/\/hubsch-interior.com\/de\/produkt\/vertigo-magazinhalter-naturfarben\/\"]}]},{\"@type\":\"ImageObject\",\"inLanguage\":\"de\",\"@id\":\"https:\/\/hubsch-interior.com\/de\/produkt\/vertigo-magazinhalter-naturfarben\/#primaryimage\",\"url\":\"https:\/\/hubsch-interior.com\/wp-content\/uploads\/2026\/02\/vertigo-magazine-holder-natural-db2d4f493b38f1bccab4203a95b83ac2.jpg\",\"contentUrl\":\"https:\/\/hubsch-interior.com\/wp-content\/uploads\/2026\/02\/vertigo-magazine-holder-natural-db2d4f493b38f1bccab4203a95b83ac2.jpg\",\"width\":1024,\"height\":1024},{\"@type\":\"BreadcrumbList\",\"@id\":\"https:\/\/hubsch-interior.com\/de\/produkt\/vertigo-magazinhalter-naturfarben\/#breadcrumb\",\"itemListElement\":[{\"@type\":\"ListItem\",\"position\":1,\"name\":\"Startseite\",\"item\":\"https:\/\/hubsch-interior.com\/de\/\"},{\"@type\":\"ListItem\",\"position\":2,\"name\":\"Produkte\",\"item\":\"https:\/\/hubsch-interior.com\/de\/shop-2\/\"},{\"@type\":\"ListItem\",\"position\":3,\"name\":\"M\u00f6bel\",\"item\":\"https:\/\/hubsch-interior.com\/de\/produkt-kategorie\/moebel\/\"},{\"@type\":\"ListItem\",\"position\":4,\"name\":\"Regale &amp; Aufbewahrung\",\"item\":\"https:\/\/hubsch-interior.com\/de\/produkt-kategorie\/moebel\/regale-aufbewahrung-de\/\"},{\"@type\":\"ListItem\",\"position\":5,\"name\":\"Ablagen\",\"item\":\"https:\/\/hubsch-interior.com\/de\/produkt-kategorie\/moebel\/regale-aufbewahrung-de\/ablagen-de\/\"},{\"@type\":\"ListItem\",\"position\":6,\"name\":\"Vertigo Magazinhalter Naturfarben\"}]},{\"@type\":\"WebSite\",\"@id\":\"https:\/\/hubsch-interior.com\/de\/#website\",\"url\":\"https:\/\/hubsch-interior.com\/de\/\",\"name\":\"H\u00fcbsch\",\"description\":\"Danish Home Interior and Design\",\"publisher\":{\"@id\":\"https:\/\/hubsch-interior.com\/de\/#organization\"},\"potentialAction\":[{\"@type\":\"SearchAction\",\"target\":{\"@type\":\"EntryPoint\",\"urlTemplate\":\"https:\/\/hubsch-interior.com\/de\/?s={search_term_string}\"},\"query-input\":{\"@type\":\"PropertyValueSpecification\",\"valueRequired\":true,\"valueName\":\"search_term_string\"}}],\"inLanguage\":\"de\"},{\"@type\":\"Organization\",\"@id\":\"https:\/\/hubsch-interior.com\/de\/#organization\",\"name\":\"H\u00fcbsch\",\"url\":\"https:\/\/hubsch-interior.com\/de\/\",\"logo\":{\"@type\":\"ImageObject\",\"inLanguage\":\"de\",\"@id\":\"https:\/\/hubsch-interior.com\/de\/#\/schema\/logo\/image\/\",\"url\":\"https:\/\/hubsch-interior.com\/wp-content\/uploads\/2022\/12\/Hubsch_logo_black_one_line.svg\",\"contentUrl\":\"https:\/\/hubsch-interior.com\/wp-content\/uploads\/2022\/12\/Hubsch_logo_black_one_line.svg\",\"caption\":\"H\u00fcbsch\"},\"image\":{\"@id\":\"https:\/\/hubsch-interior.com\/de\/#\/schema\/logo\/image\/\"}}]}<\/script>\n<!-- \/ Yoast SEO plugin. -->","yoast_head_json":{"title":"Vertigo Magazinhalter Naturfarben - H\u00fcbsch","description":"Der Vertigo Magazinhalter Naturfarben ist aus Eichenfurnier und Eichenholz gefertigt und ist FSC-zertifiziert. Er ist ein praktischer und stilvoller Weg,","robots":{"index":"index","follow":"follow","max-snippet":"max-snippet:-1","max-image-preview":"max-image-preview:large","max-video-preview":"max-video-preview:-1"},"canonical":"https:\/\/hubsch-interior.com\/de\/wp-json\/wp\/v2\/product\/973801","og_locale":"de_DE","og_type":"article","og_title":"Vertigo Magazinhalter Naturfarben - H\u00fcbsch","og_description":"Der Vertigo Magazinhalter Naturfarben ist aus Eichenfurnier und Eichenholz gefertigt und ist FSC-zertifiziert. Er ist ein praktischer und stilvoller Weg,","og_url":"https:\/\/hubsch-interior.com\/de\/produkt\/vertigo-magazinhalter-naturfarben\/","og_site_name":"H\u00fcbsch","article_modified_time":"2026-04-12T02:49:43+00:00","og_image":[{"width":1200,"height":1200,"url":"https:\/\/hubsch-interior.com\/wp-content\/uploads\/2024\/03\/vertigo-magazine-holder-natural-b3aae202c831167d297062bf2c2aa11b.jpg","type":"image\/jpeg"}],"twitter_card":"summary_large_image","schema":{"@context":"https:\/\/schema.org","@graph":[{"@type":"WebPage","@id":"https:\/\/hubsch-interior.com\/de\/produkt\/vertigo-magazinhalter-naturfarben\/","url":"https:\/\/hubsch-interior.com\/de\/produkt\/vertigo-magazinhalter-naturfarben\/","name":"Vertigo Magazinhalter Naturfarben - H\u00fcbsch","isPartOf":{"@id":"https:\/\/hubsch-interior.com\/de\/#website"},"primaryImageOfPage":{"@id":"https:\/\/hubsch-interior.com\/de\/produkt\/vertigo-magazinhalter-naturfarben\/#primaryimage"},"image":{"@id":"https:\/\/hubsch-interior.com\/de\/produkt\/vertigo-magazinhalter-naturfarben\/#primaryimage"},"thumbnailUrl":"https:\/\/hubsch-interior.com\/wp-content\/uploads\/2026\/02\/vertigo-magazine-holder-natural-db2d4f493b38f1bccab4203a95b83ac2.jpg","datePublished":"2024-01-23T07:31:05+00:00","dateModified":"2026-04-12T02:49:43+00:00","description":"Der Vertigo Magazinhalter Naturfarben ist aus Eichenfurnier und Eichenholz gefertigt und ist FSC-zertifiziert. Er ist ein praktischer und stilvoller Weg,","breadcrumb":{"@id":"https:\/\/hubsch-interior.com\/de\/produkt\/vertigo-magazinhalter-naturfarben\/#breadcrumb"},"inLanguage":"de","potentialAction":[{"@type":"ReadAction","target":["https:\/\/hubsch-interior.com\/de\/produkt\/vertigo-magazinhalter-naturfarben\/"]}]},{"@type":"ImageObject","inLanguage":"de","@id":"https:\/\/hubsch-interior.com\/de\/produkt\/vertigo-magazinhalter-naturfarben\/#primaryimage","url":"https:\/\/hubsch-interior.com\/wp-content\/uploads\/2026\/02\/vertigo-magazine-holder-natural-db2d4f493b38f1bccab4203a95b83ac2.jpg","contentUrl":"https:\/\/hubsch-interior.com\/wp-content\/uploads\/2026\/02\/vertigo-magazine-holder-natural-db2d4f493b38f1bccab4203a95b83ac2.jpg","width":1024,"height":1024},{"@type":"BreadcrumbList","@id":"https:\/\/hubsch-interior.com\/de\/produkt\/vertigo-magazinhalter-naturfarben\/#breadcrumb","itemListElement":[{"@type":"ListItem","position":1,"name":"Startseite","item":"https:\/\/hubsch-interior.com\/de\/"},{"@type":"ListItem","position":2,"name":"Produkte","item":"https:\/\/hubsch-interior.com\/de\/shop-2\/"},{"@type":"ListItem","position":3,"name":"M\u00f6bel","item":"https:\/\/hubsch-interior.com\/de\/produkt-kategorie\/moebel\/"},{"@type":"ListItem","position":4,"name":"Regale &amp; Aufbewahrung","item":"https:\/\/hubsch-interior.com\/de\/produkt-kategorie\/moebel\/regale-aufbewahrung-de\/"},{"@type":"ListItem","position":5,"name":"Ablagen","item":"https:\/\/hubsch-interior.com\/de\/produkt-kategorie\/moebel\/regale-aufbewahrung-de\/ablagen-de\/"},{"@type":"ListItem","position":6,"name":"Vertigo Magazinhalter Naturfarben"}]},{"@type":"WebSite","@id":"https:\/\/hubsch-interior.com\/de\/#website","url":"https:\/\/hubsch-interior.com\/de\/","name":"H\u00fcbsch","description":"Danish Home Interior and Design","publisher":{"@id":"https:\/\/hubsch-interior.com\/de\/#organization"},"potentialAction":[{"@type":"SearchAction","target":{"@type":"EntryPoint","urlTemplate":"https:\/\/hubsch-interior.com\/de\/?s={search_term_string}"},"query-input":{"@type":"PropertyValueSpecification","valueRequired":true,"valueName":"search_term_string"}}],"inLanguage":"de"},{"@type":"Organization","@id":"https:\/\/hubsch-interior.com\/de\/#organization","name":"H\u00fcbsch","url":"https:\/\/hubsch-interior.com\/de\/","logo":{"@type":"ImageObject","inLanguage":"de","@id":"https:\/\/hubsch-interior.com\/de\/#\/schema\/logo\/image\/","url":"https:\/\/hubsch-interior.com\/wp-content\/uploads\/2022\/12\/Hubsch_logo_black_one_line.svg","contentUrl":"https:\/\/hubsch-interior.com\/wp-content\/uploads\/2022\/12\/Hubsch_logo_black_one_line.svg","caption":"H\u00fcbsch"},"image":{"@id":"https:\/\/hubsch-interior.com\/de\/#\/schema\/logo\/image\/"}}]}},"_links":{"self":[{"href":"https:\/\/hubsch-interior.com\/de\/wp-json\/wp\/v2\/product\/973801","targetHints":{"allow":["GET"]}}],"collection":[{"href":"https:\/\/hubsch-interior.com\/de\/wp-json\/wp\/v2\/product"}],"about":[{"href":"https:\/\/hubsch-interior.com\/de\/wp-json\/wp\/v2\/types\/product"}],"wp:featuredmedia":[{"embeddable":true,"href":"https:\/\/hubsch-interior.com\/de\/wp-json\/wp\/v2\/media\/1102209"}],"wp:attachment":[{"href":"https:\/\/hubsch-interior.com\/de\/wp-json\/wp\/v2\/media?parent=973801"}],"wp:term":[{"taxonomy":"product_brand","embeddable":true,"href":"https:\/\/hubsch-interior.com\/de\/wp-json\/wp\/v2\/product_brand?post=973801"},{"taxonomy":"product_cat","embeddable":true,"href":"https:\/\/hubsch-interior.com\/de\/wp-json\/wp\/v2\/product_cat?post=973801"},{"taxonomy":"product_tag","embeddable":true,"href":"https:\/\/hubsch-interior.com\/de\/wp-json\/wp\/v2\/product_tag?post=973801"}],"curies":[{"name":"wp","href":"https:\/\/api.w.org\/{rel}","templated":true}]}}