{"id":974552,"date":"2024-01-29T08:21:42","date_gmt":"2024-01-29T07:21:42","guid":{"rendered":"https:\/\/hubsch-interior.com\/product\/product\/"},"modified":"2026-04-09T04:18:39","modified_gmt":"2026-04-09T02:18:39","slug":"sempre-kleiderstander-grau-olive","status":"publish","type":"product","link":"https:\/\/hubsch-interior.com\/de\/produkt\/sempre-kleiderstander-grau-olive\/","title":{"rendered":"Sempre Kleiderst\u00e4nder Grau\/Olive"},"content":{"rendered":"<p>Hier ist die ultimative platzsparende L\u00f6sung f\u00fcr Ihre Kleideraufbewahrungsbed\u00fcrfnisse &#8211; der Sempre Kleiderst\u00e4nder. Sein schlankes Design ist perfekt f\u00fcr diejenigen mit begrenztem Platzangebot und seine Kombination aus grau und olivfarben verleiht jedem Raum eine moderne Eleganz. Aus robustem Stahl gefertigt, ist dieser Kleiderst\u00e4nder nicht nur stilvoll, sondern auch langlebig. Er eignet sich perfekt zur Organisation Ihrer Kleidung und kann sogar in Hotelzimmern f\u00fcr zus\u00e4tzliche Bequemlichkeit verwendet werden. Verbessern Sie Ihr Aufbewahrungsspiel mit dem Sempre Kleiderst\u00e4nder.<\/p>\n","protected":false},"excerpt":{"rendered":"<p>Hier ist die ultimative platzsparende L\u00f6sung f\u00fcr Ihre Kleideraufbewahrungsbed\u00fcrfnisse &#8211; der Sempre Kleiderst\u00e4nder. Sein schlankes Design ist perfekt f\u00fcr diejenigen mit begrenztem Platzangebot und seine Kombination aus grau und olivfarben verleiht jedem Raum eine moderne Eleganz. Aus robustem Stahl gefertigt, ist dieser Kleiderst\u00e4nder nicht nur stilvoll, sondern auch langlebig. Er eignet sich perfekt zur Organisation [&hellip;]<\/p>\n","protected":false},"featured_media":1093520,"template":"","meta":{"_acf_changed":false,"inline_featured_image":false},"product_brand":[],"product_cat":[5027,6884,4035,5090,4003,5462,5031],"product_tag":[],"class_list":{"0":"post-974552","1":"product","2":"type-product","3":"status-publish","4":"has-post-thumbnail","6":"product_cat-bestsellers-de","7":"product_cat-elevating-nostalgia-de","8":"product_cat-garderoben-staender-de","9":"product_cat-kleiderstaender-de","10":"product_cat-regale-aufbewahrung-de","11":"product_cat-staender-de","12":"product_cat-wieder-auf-lager-de","13":"product_shipping_class-p05","15":"pa_color-grau-2","16":"pa_color-olive-3","17":"pa_material-stahl","19":"first","20":"instock","21":"featured","22":"taxable","23":"shipping-taxable","24":"purchasable","25":"product-type-simple"},"exclude_global_add_ons":[],"addons":[],"acf":[],"yoast_head":"<!-- This site is optimized with the Yoast SEO plugin v26.4 - https:\/\/yoast.com\/wordpress\/plugins\/seo\/ -->\n<title>Sempre Kleiderst\u00e4nder Grau\/Olive - H\u00fcbsch<\/title>\n<meta name=\"description\" content=\"Hier ist die ultimative platzsparende L\u00f6sung f\u00fcr Ihre Kleideraufbewahrungsbed\u00fcrfnisse - der Sempre Kleiderst\u00e4nder. Sein schlankes Design ist perfekt f\u00fcr\" \/>\n<meta name=\"robots\" content=\"index, follow, max-snippet:-1, max-image-preview:large, max-video-preview:-1\" \/>\n<link rel=\"canonical\" href=\"https:\/\/hubsch-interior.com\/de\/wp-json\/wp\/v2\/product\/974552\" \/>\n<meta property=\"og:locale\" content=\"de_DE\" \/>\n<meta property=\"og:type\" content=\"article\" \/>\n<meta property=\"og:title\" content=\"Sempre Kleiderst\u00e4nder Grau\/Olive - H\u00fcbsch\" \/>\n<meta property=\"og:description\" content=\"Hier ist die ultimative platzsparende L\u00f6sung f\u00fcr Ihre Kleideraufbewahrungsbed\u00fcrfnisse - der Sempre Kleiderst\u00e4nder. Sein schlankes Design ist perfekt f\u00fcr\" \/>\n<meta property=\"og:url\" content=\"https:\/\/hubsch-interior.com\/de\/produkt\/sempre-kleiderstander-grau-olive\/\" \/>\n<meta property=\"og:site_name\" content=\"H\u00fcbsch\" \/>\n<meta property=\"article:modified_time\" content=\"2026-04-09T02:18:39+00:00\" \/>\n<meta property=\"og:image\" content=\"https:\/\/hubsch-interior.com\/wp-content\/uploads\/2025\/04\/sempre-clothing-rack-greyolive-995fcf3ea6823816ca9ca83225a28cfd.jpg\" \/>\n\t<meta property=\"og:image:width\" content=\"1200\" \/>\n\t<meta property=\"og:image:height\" content=\"1200\" \/>\n\t<meta property=\"og:image:type\" content=\"image\/jpeg\" \/>\n<meta name=\"twitter:card\" content=\"summary_large_image\" \/>\n<script type=\"application\/ld+json\" class=\"yoast-schema-graph\">{\"@context\":\"https:\/\/schema.org\",\"@graph\":[{\"@type\":\"WebPage\",\"@id\":\"https:\/\/hubsch-interior.com\/de\/produkt\/sempre-kleiderstander-grau-olive\/\",\"url\":\"https:\/\/hubsch-interior.com\/de\/produkt\/sempre-kleiderstander-grau-olive\/\",\"name\":\"Sempre Kleiderst\u00e4nder Grau\/Olive - H\u00fcbsch\",\"isPartOf\":{\"@id\":\"https:\/\/hubsch-interior.com\/de\/#website\"},\"primaryImageOfPage\":{\"@id\":\"https:\/\/hubsch-interior.com\/de\/produkt\/sempre-kleiderstander-grau-olive\/#primaryimage\"},\"image\":{\"@id\":\"https:\/\/hubsch-interior.com\/de\/produkt\/sempre-kleiderstander-grau-olive\/#primaryimage\"},\"thumbnailUrl\":\"https:\/\/hubsch-interior.com\/wp-content\/uploads\/2026\/02\/sempre-clothing-rack-greyolive-0ec56159f6cd615f22bf9398097ee45a.jpg\",\"datePublished\":\"2024-01-29T07:21:42+00:00\",\"dateModified\":\"2026-04-09T02:18:39+00:00\",\"description\":\"Hier ist die ultimative platzsparende L\u00f6sung f\u00fcr Ihre Kleideraufbewahrungsbed\u00fcrfnisse - der Sempre Kleiderst\u00e4nder. Sein schlankes Design ist perfekt f\u00fcr\",\"breadcrumb\":{\"@id\":\"https:\/\/hubsch-interior.com\/de\/produkt\/sempre-kleiderstander-grau-olive\/#breadcrumb\"},\"inLanguage\":\"de\",\"potentialAction\":[{\"@type\":\"ReadAction\",\"target\":[\"https:\/\/hubsch-interior.com\/de\/produkt\/sempre-kleiderstander-grau-olive\/\"]}]},{\"@type\":\"ImageObject\",\"inLanguage\":\"de\",\"@id\":\"https:\/\/hubsch-interior.com\/de\/produkt\/sempre-kleiderstander-grau-olive\/#primaryimage\",\"url\":\"https:\/\/hubsch-interior.com\/wp-content\/uploads\/2026\/02\/sempre-clothing-rack-greyolive-0ec56159f6cd615f22bf9398097ee45a.jpg\",\"contentUrl\":\"https:\/\/hubsch-interior.com\/wp-content\/uploads\/2026\/02\/sempre-clothing-rack-greyolive-0ec56159f6cd615f22bf9398097ee45a.jpg\",\"width\":1024,\"height\":1024},{\"@type\":\"BreadcrumbList\",\"@id\":\"https:\/\/hubsch-interior.com\/de\/produkt\/sempre-kleiderstander-grau-olive\/#breadcrumb\",\"itemListElement\":[{\"@type\":\"ListItem\",\"position\":1,\"name\":\"Startseite\",\"item\":\"https:\/\/hubsch-interior.com\/de\/\"},{\"@type\":\"ListItem\",\"position\":2,\"name\":\"Produkte\",\"item\":\"https:\/\/hubsch-interior.com\/de\/shop-2\/\"},{\"@type\":\"ListItem\",\"position\":3,\"name\":\"M\u00f6bel\",\"item\":\"https:\/\/hubsch-interior.com\/de\/produkt-kategorie\/moebel\/\"},{\"@type\":\"ListItem\",\"position\":4,\"name\":\"Regale &amp; Aufbewahrung\",\"item\":\"https:\/\/hubsch-interior.com\/de\/produkt-kategorie\/moebel\/regale-aufbewahrung-de\/\"},{\"@type\":\"ListItem\",\"position\":5,\"name\":\"Kleiderst&auml;nder\",\"item\":\"https:\/\/hubsch-interior.com\/de\/produkt-kategorie\/moebel\/regale-aufbewahrung-de\/kleiderstaender-de\/\"},{\"@type\":\"ListItem\",\"position\":6,\"name\":\"Sempre Kleiderst\u00e4nder Grau\/Olive\"}]},{\"@type\":\"WebSite\",\"@id\":\"https:\/\/hubsch-interior.com\/de\/#website\",\"url\":\"https:\/\/hubsch-interior.com\/de\/\",\"name\":\"H\u00fcbsch\",\"description\":\"Danish Home Interior and Design\",\"publisher\":{\"@id\":\"https:\/\/hubsch-interior.com\/de\/#organization\"},\"potentialAction\":[{\"@type\":\"SearchAction\",\"target\":{\"@type\":\"EntryPoint\",\"urlTemplate\":\"https:\/\/hubsch-interior.com\/de\/?s={search_term_string}\"},\"query-input\":{\"@type\":\"PropertyValueSpecification\",\"valueRequired\":true,\"valueName\":\"search_term_string\"}}],\"inLanguage\":\"de\"},{\"@type\":\"Organization\",\"@id\":\"https:\/\/hubsch-interior.com\/de\/#organization\",\"name\":\"H\u00fcbsch\",\"url\":\"https:\/\/hubsch-interior.com\/de\/\",\"logo\":{\"@type\":\"ImageObject\",\"inLanguage\":\"de\",\"@id\":\"https:\/\/hubsch-interior.com\/de\/#\/schema\/logo\/image\/\",\"url\":\"https:\/\/hubsch-interior.com\/wp-content\/uploads\/2022\/12\/Hubsch_logo_black_one_line.svg\",\"contentUrl\":\"https:\/\/hubsch-interior.com\/wp-content\/uploads\/2022\/12\/Hubsch_logo_black_one_line.svg\",\"caption\":\"H\u00fcbsch\"},\"image\":{\"@id\":\"https:\/\/hubsch-interior.com\/de\/#\/schema\/logo\/image\/\"}}]}<\/script>\n<!-- \/ Yoast SEO plugin. -->","yoast_head_json":{"title":"Sempre Kleiderst\u00e4nder Grau\/Olive - H\u00fcbsch","description":"Hier ist die ultimative platzsparende L\u00f6sung f\u00fcr Ihre Kleideraufbewahrungsbed\u00fcrfnisse - der Sempre Kleiderst\u00e4nder. Sein schlankes Design ist perfekt f\u00fcr","robots":{"index":"index","follow":"follow","max-snippet":"max-snippet:-1","max-image-preview":"max-image-preview:large","max-video-preview":"max-video-preview:-1"},"canonical":"https:\/\/hubsch-interior.com\/de\/wp-json\/wp\/v2\/product\/974552","og_locale":"de_DE","og_type":"article","og_title":"Sempre Kleiderst\u00e4nder Grau\/Olive - H\u00fcbsch","og_description":"Hier ist die ultimative platzsparende L\u00f6sung f\u00fcr Ihre Kleideraufbewahrungsbed\u00fcrfnisse - der Sempre Kleiderst\u00e4nder. Sein schlankes Design ist perfekt f\u00fcr","og_url":"https:\/\/hubsch-interior.com\/de\/produkt\/sempre-kleiderstander-grau-olive\/","og_site_name":"H\u00fcbsch","article_modified_time":"2026-04-09T02:18:39+00:00","og_image":[{"width":1200,"height":1200,"url":"https:\/\/hubsch-interior.com\/wp-content\/uploads\/2025\/04\/sempre-clothing-rack-greyolive-995fcf3ea6823816ca9ca83225a28cfd.jpg","type":"image\/jpeg"}],"twitter_card":"summary_large_image","schema":{"@context":"https:\/\/schema.org","@graph":[{"@type":"WebPage","@id":"https:\/\/hubsch-interior.com\/de\/produkt\/sempre-kleiderstander-grau-olive\/","url":"https:\/\/hubsch-interior.com\/de\/produkt\/sempre-kleiderstander-grau-olive\/","name":"Sempre Kleiderst\u00e4nder Grau\/Olive - H\u00fcbsch","isPartOf":{"@id":"https:\/\/hubsch-interior.com\/de\/#website"},"primaryImageOfPage":{"@id":"https:\/\/hubsch-interior.com\/de\/produkt\/sempre-kleiderstander-grau-olive\/#primaryimage"},"image":{"@id":"https:\/\/hubsch-interior.com\/de\/produkt\/sempre-kleiderstander-grau-olive\/#primaryimage"},"thumbnailUrl":"https:\/\/hubsch-interior.com\/wp-content\/uploads\/2026\/02\/sempre-clothing-rack-greyolive-0ec56159f6cd615f22bf9398097ee45a.jpg","datePublished":"2024-01-29T07:21:42+00:00","dateModified":"2026-04-09T02:18:39+00:00","description":"Hier ist die ultimative platzsparende L\u00f6sung f\u00fcr Ihre Kleideraufbewahrungsbed\u00fcrfnisse - der Sempre Kleiderst\u00e4nder. Sein schlankes Design ist perfekt f\u00fcr","breadcrumb":{"@id":"https:\/\/hubsch-interior.com\/de\/produkt\/sempre-kleiderstander-grau-olive\/#breadcrumb"},"inLanguage":"de","potentialAction":[{"@type":"ReadAction","target":["https:\/\/hubsch-interior.com\/de\/produkt\/sempre-kleiderstander-grau-olive\/"]}]},{"@type":"ImageObject","inLanguage":"de","@id":"https:\/\/hubsch-interior.com\/de\/produkt\/sempre-kleiderstander-grau-olive\/#primaryimage","url":"https:\/\/hubsch-interior.com\/wp-content\/uploads\/2026\/02\/sempre-clothing-rack-greyolive-0ec56159f6cd615f22bf9398097ee45a.jpg","contentUrl":"https:\/\/hubsch-interior.com\/wp-content\/uploads\/2026\/02\/sempre-clothing-rack-greyolive-0ec56159f6cd615f22bf9398097ee45a.jpg","width":1024,"height":1024},{"@type":"BreadcrumbList","@id":"https:\/\/hubsch-interior.com\/de\/produkt\/sempre-kleiderstander-grau-olive\/#breadcrumb","itemListElement":[{"@type":"ListItem","position":1,"name":"Startseite","item":"https:\/\/hubsch-interior.com\/de\/"},{"@type":"ListItem","position":2,"name":"Produkte","item":"https:\/\/hubsch-interior.com\/de\/shop-2\/"},{"@type":"ListItem","position":3,"name":"M\u00f6bel","item":"https:\/\/hubsch-interior.com\/de\/produkt-kategorie\/moebel\/"},{"@type":"ListItem","position":4,"name":"Regale &amp; Aufbewahrung","item":"https:\/\/hubsch-interior.com\/de\/produkt-kategorie\/moebel\/regale-aufbewahrung-de\/"},{"@type":"ListItem","position":5,"name":"Kleiderst&auml;nder","item":"https:\/\/hubsch-interior.com\/de\/produkt-kategorie\/moebel\/regale-aufbewahrung-de\/kleiderstaender-de\/"},{"@type":"ListItem","position":6,"name":"Sempre Kleiderst\u00e4nder Grau\/Olive"}]},{"@type":"WebSite","@id":"https:\/\/hubsch-interior.com\/de\/#website","url":"https:\/\/hubsch-interior.com\/de\/","name":"H\u00fcbsch","description":"Danish Home Interior and Design","publisher":{"@id":"https:\/\/hubsch-interior.com\/de\/#organization"},"potentialAction":[{"@type":"SearchAction","target":{"@type":"EntryPoint","urlTemplate":"https:\/\/hubsch-interior.com\/de\/?s={search_term_string}"},"query-input":{"@type":"PropertyValueSpecification","valueRequired":true,"valueName":"search_term_string"}}],"inLanguage":"de"},{"@type":"Organization","@id":"https:\/\/hubsch-interior.com\/de\/#organization","name":"H\u00fcbsch","url":"https:\/\/hubsch-interior.com\/de\/","logo":{"@type":"ImageObject","inLanguage":"de","@id":"https:\/\/hubsch-interior.com\/de\/#\/schema\/logo\/image\/","url":"https:\/\/hubsch-interior.com\/wp-content\/uploads\/2022\/12\/Hubsch_logo_black_one_line.svg","contentUrl":"https:\/\/hubsch-interior.com\/wp-content\/uploads\/2022\/12\/Hubsch_logo_black_one_line.svg","caption":"H\u00fcbsch"},"image":{"@id":"https:\/\/hubsch-interior.com\/de\/#\/schema\/logo\/image\/"}}]}},"_links":{"self":[{"href":"https:\/\/hubsch-interior.com\/de\/wp-json\/wp\/v2\/product\/974552","targetHints":{"allow":["GET"]}}],"collection":[{"href":"https:\/\/hubsch-interior.com\/de\/wp-json\/wp\/v2\/product"}],"about":[{"href":"https:\/\/hubsch-interior.com\/de\/wp-json\/wp\/v2\/types\/product"}],"wp:featuredmedia":[{"embeddable":true,"href":"https:\/\/hubsch-interior.com\/de\/wp-json\/wp\/v2\/media\/1093520"}],"wp:attachment":[{"href":"https:\/\/hubsch-interior.com\/de\/wp-json\/wp\/v2\/media?parent=974552"}],"wp:term":[{"taxonomy":"product_brand","embeddable":true,"href":"https:\/\/hubsch-interior.com\/de\/wp-json\/wp\/v2\/product_brand?post=974552"},{"taxonomy":"product_cat","embeddable":true,"href":"https:\/\/hubsch-interior.com\/de\/wp-json\/wp\/v2\/product_cat?post=974552"},{"taxonomy":"product_tag","embeddable":true,"href":"https:\/\/hubsch-interior.com\/de\/wp-json\/wp\/v2\/product_tag?post=974552"}],"curies":[{"name":"wp","href":"https:\/\/api.w.org\/{rel}","templated":true}]}}